{"id":8230,"date":"2018-12-07T12:01:25","date_gmt":"2018-12-07T12:01:25","guid":{"rendered":"http:\/\/kilim-age.com\/?post_type=product&#038;p=8230"},"modified":"2019-05-18T16:12:06","modified_gmt":"2019-05-18T16:12:06","slug":"slip-kilim-zapatos-talla-37-2","status":"publish","type":"product","link":"https:\/\/kilim-age.com\/es\/producto\/slip-kilim-zapatos-talla-37-2\/","title":{"rendered":"SLIP ON KILIM ZAPATOS TALLA 37"},"content":{"rendered":"<h3><strong>ZAPATOS KILIM<\/strong><\/h3>\n<p>En Kilim Age somos expertos en las alfombras y kilims turcos. Es por ello por lo que desarrollamos esta artesan\u00eda en todas sus vertientes. Dando una segunda vida a los kilims, hemos dise\u00f1ado zapatos fabricados a partir de cuero y tela de los kilims. A partir de esta idea, hemos seleccionado las telas m\u00e1s combinables y representativas de la cultura turca y hemos creado patrones originales, \u00fanicos y coloridos. Con ello, hemos querido crear nuestra colecci\u00f3n de zapatos kilim, de origen turco y artesanales.<\/p>\n<p>Todos nuestros zapatos kilim son \u00fanicos porque est\u00e1n hechos a partir de kilims artesanales, los cuales no hay m\u00e1s que uno de cada producci\u00f3n. Son zapatos c\u00f3modos y resistentes. Hechos con los mejores materiales primarios. Adem\u00e1s, gracias a sus dise\u00f1os y colores, son muy combinables y perdurables en el tiempo. Hemos desarrollado diferentes modelos donde podremos encontrar zapatos de vestir, slippers e incluso botas y botines de tac\u00f3n.<br \/>","protected":false},"excerpt":{"rendered":"<p>100% tela Kilim, suela de goma, talla 37<\/p>\n","protected":false},"featured_media":9970,"comment_status":"open","ping_status":"closed","template":"","meta":[],"product_brand":[],"product_cat":[59,303,306],"product_tag":[76],"class_list":{"0":"post-8230","1":"product","2":"type-product","3":"status-publish","4":"has-post-thumbnail","6":"product_cat-kilim-shoes","7":"product_cat-modelos-unisex","8":"product_cat-talla-37-modelos-unisex","9":"product_tag-zapatos-kilim","10":"product_shipping_class-envio-zapatos","12":"first","13":"outofstock","14":"sale","15":"sold-individually","16":"taxable","17":"shipping-taxable","18":"purchasable","19":"product-type-simple"},"yoast_head":"<!-- This site is optimized with the Yoast SEO plugin v24.8.1 - https:\/\/yoast.com\/wordpress\/plugins\/seo\/ -->\n<title>SLIP ON KILIM ZAPATOS TALLA 37 | Kilim-Age<\/title>\n<meta name=\"robots\" content=\"index, follow, max-snippet:-1, max-image-preview:large, max-video-preview:-1\" \/>\n<link rel=\"canonical\" href=\"https:\/\/www.kilim-age.com\/es\/producto\/slip-kilim-zapatos-talla-37-2\/\" \/>\n<meta property=\"og:locale\" content=\"es_ES\" \/>\n<meta property=\"og:type\" content=\"article\" \/>\n<meta property=\"og:title\" content=\"SLIP ON KILIM ZAPATOS TALLA 37 | Kilim-Age\" \/>\n<meta property=\"og:description\" content=\"100% tela Kilim, suela de goma, talla 37\" \/>\n<meta property=\"og:url\" content=\"https:\/\/www.kilim-age.com\/es\/producto\/slip-kilim-zapatos-talla-37-2\/\" \/>\n<meta property=\"og:site_name\" content=\"Kilim-Age\" \/>\n<meta property=\"article:modified_time\" content=\"2019-05-18T16:12:06+00:00\" \/>\n<meta property=\"og:image\" content=\"https:\/\/www.kilim-age.com\/wp-content\/uploads\/2018\/12\/IMG_0196-1.jpg\" \/>\n\t<meta property=\"og:image:width\" content=\"1300\" \/>\n\t<meta property=\"og:image:height\" content=\"900\" \/>\n\t<meta property=\"og:image:type\" content=\"image\/jpeg\" \/>\n<meta name=\"twitter:card\" content=\"summary_large_image\" \/>\n<meta name=\"twitter:label1\" content=\"Tiempo de lectura\" \/>\n\t<meta name=\"twitter:data1\" content=\"1 minuto\" \/>\n<script type=\"application\/ld+json\" class=\"yoast-schema-graph\">{\"@context\":\"https:\/\/schema.org\",\"@graph\":[{\"@type\":\"WebPage\",\"@id\":\"https:\/\/www.kilim-age.com\/es\/producto\/slip-kilim-zapatos-talla-37-2\/\",\"url\":\"https:\/\/www.kilim-age.com\/es\/producto\/slip-kilim-zapatos-talla-37-2\/\",\"name\":\"SLIP ON KILIM ZAPATOS TALLA 37 | Kilim-Age\",\"isPartOf\":{\"@id\":\"https:\/\/kilim-age.com\/en\/#website\"},\"primaryImageOfPage\":{\"@id\":\"https:\/\/www.kilim-age.com\/es\/producto\/slip-kilim-zapatos-talla-37-2\/#primaryimage\"},\"image\":{\"@id\":\"https:\/\/www.kilim-age.com\/es\/producto\/slip-kilim-zapatos-talla-37-2\/#primaryimage\"},\"thumbnailUrl\":\"https:\/\/kilim-age.com\/wp-content\/uploads\/2018\/12\/IMG_0196-1.jpg\",\"datePublished\":\"2018-12-07T12:01:25+00:00\",\"dateModified\":\"2019-05-18T16:12:06+00:00\",\"breadcrumb\":{\"@id\":\"https:\/\/www.kilim-age.com\/es\/producto\/slip-kilim-zapatos-talla-37-2\/#breadcrumb\"},\"inLanguage\":\"es\",\"potentialAction\":[{\"@type\":\"ReadAction\",\"target\":[\"https:\/\/www.kilim-age.com\/es\/producto\/slip-kilim-zapatos-talla-37-2\/\"]}]},{\"@type\":\"ImageObject\",\"inLanguage\":\"es\",\"@id\":\"https:\/\/www.kilim-age.com\/es\/producto\/slip-kilim-zapatos-talla-37-2\/#primaryimage\",\"url\":\"https:\/\/kilim-age.com\/wp-content\/uploads\/2018\/12\/IMG_0196-1.jpg\",\"contentUrl\":\"https:\/\/kilim-age.com\/wp-content\/uploads\/2018\/12\/IMG_0196-1.jpg\",\"width\":1300,\"height\":900},{\"@type\":\"BreadcrumbList\",\"@id\":\"https:\/\/www.kilim-age.com\/es\/producto\/slip-kilim-zapatos-talla-37-2\/#breadcrumb\",\"itemListElement\":[{\"@type\":\"ListItem\",\"position\":1,\"name\":\"Home\",\"item\":\"https:\/\/kilim-age.com\/en\/\"},{\"@type\":\"ListItem\",\"position\":2,\"name\":\"Shop\",\"item\":\"https:\/\/kilim-age.com\/es\/shop\/\"},{\"@type\":\"ListItem\",\"position\":3,\"name\":\"SLIP ON KILIM ZAPATOS TALLA 37\"}]},{\"@type\":\"WebSite\",\"@id\":\"https:\/\/kilim-age.com\/en\/#website\",\"url\":\"https:\/\/kilim-age.com\/en\/\",\"name\":\"Kilim-Age\",\"description\":\"Somos especialistas en productos artesanales de Turqu\u00eda como Alfombras, y Kilims\",\"potentialAction\":[{\"@type\":\"SearchAction\",\"target\":{\"@type\":\"EntryPoint\",\"urlTemplate\":\"https:\/\/kilim-age.com\/en\/?s={search_term_string}\"},\"query-input\":{\"@type\":\"PropertyValueSpecification\",\"valueRequired\":true,\"valueName\":\"search_term_string\"}}],\"inLanguage\":\"es\"}]}<\/script>\n<!-- \/ Yoast SEO plugin. -->","yoast_head_json":{"title":"SLIP ON KILIM ZAPATOS TALLA 37 | Kilim-Age","robots":{"index":"index","follow":"follow","max-snippet":"max-snippet:-1","max-image-preview":"max-image-preview:large","max-video-preview":"max-video-preview:-1"},"canonical":"https:\/\/www.kilim-age.com\/es\/producto\/slip-kilim-zapatos-talla-37-2\/","og_locale":"es_ES","og_type":"article","og_title":"SLIP ON KILIM ZAPATOS TALLA 37 | Kilim-Age","og_description":"100% tela Kilim, suela de goma, talla 37","og_url":"https:\/\/www.kilim-age.com\/es\/producto\/slip-kilim-zapatos-talla-37-2\/","og_site_name":"Kilim-Age","article_modified_time":"2019-05-18T16:12:06+00:00","og_image":[{"width":1300,"height":900,"url":"https:\/\/www.kilim-age.com\/wp-content\/uploads\/2018\/12\/IMG_0196-1.jpg","type":"image\/jpeg"}],"twitter_card":"summary_large_image","twitter_misc":{"Tiempo de lectura":"1 minuto"},"schema":{"@context":"https:\/\/schema.org","@graph":[{"@type":"WebPage","@id":"https:\/\/www.kilim-age.com\/es\/producto\/slip-kilim-zapatos-talla-37-2\/","url":"https:\/\/www.kilim-age.com\/es\/producto\/slip-kilim-zapatos-talla-37-2\/","name":"SLIP ON KILIM ZAPATOS TALLA 37 | Kilim-Age","isPartOf":{"@id":"https:\/\/kilim-age.com\/en\/#website"},"primaryImageOfPage":{"@id":"https:\/\/www.kilim-age.com\/es\/producto\/slip-kilim-zapatos-talla-37-2\/#primaryimage"},"image":{"@id":"https:\/\/www.kilim-age.com\/es\/producto\/slip-kilim-zapatos-talla-37-2\/#primaryimage"},"thumbnailUrl":"https:\/\/kilim-age.com\/wp-content\/uploads\/2018\/12\/IMG_0196-1.jpg","datePublished":"2018-12-07T12:01:25+00:00","dateModified":"2019-05-18T16:12:06+00:00","breadcrumb":{"@id":"https:\/\/www.kilim-age.com\/es\/producto\/slip-kilim-zapatos-talla-37-2\/#breadcrumb"},"inLanguage":"es","potentialAction":[{"@type":"ReadAction","target":["https:\/\/www.kilim-age.com\/es\/producto\/slip-kilim-zapatos-talla-37-2\/"]}]},{"@type":"ImageObject","inLanguage":"es","@id":"https:\/\/www.kilim-age.com\/es\/producto\/slip-kilim-zapatos-talla-37-2\/#primaryimage","url":"https:\/\/kilim-age.com\/wp-content\/uploads\/2018\/12\/IMG_0196-1.jpg","contentUrl":"https:\/\/kilim-age.com\/wp-content\/uploads\/2018\/12\/IMG_0196-1.jpg","width":1300,"height":900},{"@type":"BreadcrumbList","@id":"https:\/\/www.kilim-age.com\/es\/producto\/slip-kilim-zapatos-talla-37-2\/#breadcrumb","itemListElement":[{"@type":"ListItem","position":1,"name":"Home","item":"https:\/\/kilim-age.com\/en\/"},{"@type":"ListItem","position":2,"name":"Shop","item":"https:\/\/kilim-age.com\/es\/shop\/"},{"@type":"ListItem","position":3,"name":"SLIP ON KILIM ZAPATOS TALLA 37"}]},{"@type":"WebSite","@id":"https:\/\/kilim-age.com\/en\/#website","url":"https:\/\/kilim-age.com\/en\/","name":"Kilim-Age","description":"Somos especialistas en productos artesanales de Turqu\u00eda como Alfombras, y Kilims","potentialAction":[{"@type":"SearchAction","target":{"@type":"EntryPoint","urlTemplate":"https:\/\/kilim-age.com\/en\/?s={search_term_string}"},"query-input":{"@type":"PropertyValueSpecification","valueRequired":true,"valueName":"search_term_string"}}],"inLanguage":"es"}]}},"_links":{"self":[{"href":"https:\/\/kilim-age.com\/es\/wp-json\/wp\/v2\/product\/8230","targetHints":{"allow":["GET"]}}],"collection":[{"href":"https:\/\/kilim-age.com\/es\/wp-json\/wp\/v2\/product"}],"about":[{"href":"https:\/\/kilim-age.com\/es\/wp-json\/wp\/v2\/types\/product"}],"replies":[{"embeddable":true,"href":"https:\/\/kilim-age.com\/es\/wp-json\/wp\/v2\/comments?post=8230"}],"wp:featuredmedia":[{"embeddable":true,"href":"https:\/\/kilim-age.com\/es\/wp-json\/wp\/v2\/media\/9970"}],"wp:attachment":[{"href":"https:\/\/kilim-age.com\/es\/wp-json\/wp\/v2\/media?parent=8230"}],"wp:term":[{"taxonomy":"product_brand","embeddable":true,"href":"https:\/\/kilim-age.com\/es\/wp-json\/wp\/v2\/product_brand?post=8230"},{"taxonomy":"product_cat","embeddable":true,"href":"https:\/\/kilim-age.com\/es\/wp-json\/wp\/v2\/product_cat?post=8230"},{"taxonomy":"product_tag","embeddable":true,"href":"https:\/\/kilim-age.com\/es\/wp-json\/wp\/v2\/product_tag?post=8230"}],"curies":[{"name":"wp","href":"https:\/\/api.w.org\/{rel}","templated":true}]}}