{"id":7193,"date":"2018-06-24T17:17:42","date_gmt":"2018-06-24T17:17:42","guid":{"rendered":"http:\/\/kilim-age.com\/?post_type=product&#038;p=7193"},"modified":"2023-03-02T17:57:57","modified_gmt":"2023-03-02T16:57:57","slug":"kilim-cojin-45-x-50-cm","status":"publish","type":"product","link":"https:\/\/kilim-age.com\/es\/producto\/kilim-cojin-45-x-50-cm\/","title":{"rendered":"KILIM COJIN 45 X 50 cm"},"content":{"rendered":"\u00bfQUE ES KILIM?<br \/>\nEl kilim es un tejido simple con un urdimbre y tramo. B\u00e1sicamente se distingue por no tener \u201cpelos\u201d como la alfombra.<br \/>\nNacieron hace unos 3500 a\u00f1os en Asia Central, desde donde se fueron extendiendo hacia Europa Oriental, \u00c1frica del Norte y m\u00e1s tarde Europa Occidental. Son consideradas, por tanto, las alfombras m\u00e1s antiguas del mundo. El origen n\u00f3mada de quienes lo usaban en la antig\u00fcedad, hicieron que tuviesen una caracter\u00edstica especial en la trama de urdimbre, plana y sin nudos, para evitar el paso de la arena del desierto, ya que acompa\u00f1aban a sus due\u00f1os como maletas o como divisorios en las tiendas que armaban en los viajes. Los dise\u00f1os estaban llenos de simbolismo, de deseos, de mensajes o de pedidos por ejemplo los motivos con forma de S anunciaban un feliz acontecimiento. En general se confeccionaban sin un patr\u00f3n previo que los daba espontaneidad y exclusividad a cada pieza, los actuales no respetan a estos tradiciones pero mantienen el esp\u00edritu \u00e1gil del tejido original.<br \/>\nUna de las principales ventajas del kilim es pesa muy poco, es liviana y nos transmite una imagen fresca y ligera.<\/p>\n<p><img decoding=\"async\" class=\"alignnone size-medium wp-image-8017\" src=\"http:\/\/kilim-age.com\/wp-content\/uploads\/2018\/06\/cojines-2-300x200.jpg\" alt=\"\" width=\"300\" height=\"200\" \/>\u00a0 <img decoding=\"async\" class=\"alignnone size-medium wp-image-8018\" src=\"http:\/\/kilim-age.com\/wp-content\/uploads\/2018\/06\/cojines-3-300x200.jpg\" alt=\"\" width=\"300\" height=\"200\" \/>\u00a0<img fetchpriority=\"high\" decoding=\"async\" class=\"alignnone size-medium wp-image-8019\" src=\"http:\/\/kilim-age.com\/wp-content\/uploads\/2018\/06\/cojines-4-300x200.jpg\" alt=\"\" width=\"300\" height=\"200\" \/><\/p>\n<p><img loading=\"lazy\" decoding=\"async\" class=\"alignnone size-medium wp-image-8020\" src=\"http:\/\/kilim-age.com\/wp-content\/uploads\/2018\/06\/cojines-200x300.jpg\" alt=\"\" width=\"200\" height=\"300\" \/>","protected":false},"excerpt":{"rendered":"<p>Funda de coj\u00edn kilim 45 X 50 cm<br \/>\nMaterial: Lana<br \/>\nNuestros cojines de kilim est\u00e1n hechos a partir de los kilims semi antiguas de Turqu\u00eda forro de algod\u00f3n liso con cremallera lateral o en la parte central.<br \/>\nLas medidas son aproximadas ya que trabajamos con productos artesanales (hechos a mano) y como tal pueden sufrir peque\u00f1as variaciones.<br \/>\nSe vende sin relleno<br \/>\nPlazo de entrega: 2-5 d\u00edas h\u00e1biles en Espa\u00f1a.<br \/>\nEuropa: 5-7 d\u00edas h\u00e1biles.<br \/>\nOtros continentes 7-10 d\u00edas.<\/p>\n","protected":false},"featured_media":7194,"comment_status":"open","ping_status":"closed","template":"","meta":[],"product_brand":[],"product_cat":[61,66],"product_tag":[72,147,148],"class_list":{"0":"post-7193","1":"product","2":"type-product","3":"status-publish","4":"has-post-thumbnail","6":"product_cat-kilims","7":"product_cat-cojines-kilim","8":"product_tag-kilim","9":"product_tag-kilim-cojin","10":"product_tag-kilim-cushion","11":"product_shipping_class-kilim-pequeno","13":"first","14":"outofstock","15":"sale","16":"sold-individually","17":"taxable","18":"shipping-taxable","19":"purchasable","20":"product-type-simple"},"yoast_head":"<!-- This site is optimized with the Yoast SEO plugin v24.8.1 - https:\/\/yoast.com\/wordpress\/plugins\/seo\/ -->\n<title>KILIM COJIN 45 X 50 cm | Kilim-Age<\/title>\n<meta name=\"robots\" content=\"index, follow, max-snippet:-1, max-image-preview:large, max-video-preview:-1\" \/>\n<link rel=\"canonical\" href=\"https:\/\/www.kilim-age.com\/en\/producto\/kilim-cojin-45-x-50-cm\/\" \/>\n<meta property=\"og:locale\" content=\"es_ES\" \/>\n<meta property=\"og:type\" content=\"article\" \/>\n<meta property=\"og:title\" content=\"KILIM COJIN 45 X 50 cm | Kilim-Age\" \/>\n<meta property=\"og:description\" content=\"Funda de coj\u00edn kilim 45 X 50 cm Material: Lana Nuestros cojines de kilim est\u00e1n hechos a partir de los kilims semi antiguas de Turqu\u00eda forro de algod\u00f3n liso con cremallera lateral o en la parte central. Las medidas son aproximadas ya que trabajamos con productos artesanales (hechos a mano) y como tal pueden sufrir peque\u00f1as variaciones. Se vende sin relleno Plazo de entrega: 2-5 d\u00edas h\u00e1biles en Espa\u00f1a. Europa: 5-7 d\u00edas h\u00e1biles. Otros continentes 7-10 d\u00edas.\" \/>\n<meta property=\"og:url\" content=\"https:\/\/www.kilim-age.com\/en\/producto\/kilim-cojin-45-x-50-cm\/\" \/>\n<meta property=\"og:site_name\" content=\"Kilim-Age\" \/>\n<meta property=\"article:modified_time\" content=\"2023-03-02T16:57:57+00:00\" \/>\n<meta property=\"og:image\" content=\"https:\/\/www.kilim-age.com\/wp-content\/uploads\/2018\/06\/IMG_7879-e1548602605894.jpg\" \/>\n\t<meta property=\"og:image:width\" content=\"500\" \/>\n\t<meta property=\"og:image:height\" content=\"500\" \/>\n\t<meta property=\"og:image:type\" content=\"image\/jpeg\" \/>\n<meta name=\"twitter:card\" content=\"summary_large_image\" \/>\n<meta name=\"twitter:label1\" content=\"Tiempo de lectura\" \/>\n\t<meta name=\"twitter:data1\" content=\"2 minutos\" \/>\n<script type=\"application\/ld+json\" class=\"yoast-schema-graph\">{\"@context\":\"https:\/\/schema.org\",\"@graph\":[{\"@type\":\"WebPage\",\"@id\":\"https:\/\/www.kilim-age.com\/en\/producto\/kilim-cojin-45-x-50-cm\/\",\"url\":\"https:\/\/www.kilim-age.com\/en\/producto\/kilim-cojin-45-x-50-cm\/\",\"name\":\"KILIM COJIN 45 X 50 cm | Kilim-Age\",\"isPartOf\":{\"@id\":\"https:\/\/kilim-age.com\/en\/#website\"},\"primaryImageOfPage\":{\"@id\":\"https:\/\/www.kilim-age.com\/en\/producto\/kilim-cojin-45-x-50-cm\/#primaryimage\"},\"image\":{\"@id\":\"https:\/\/www.kilim-age.com\/en\/producto\/kilim-cojin-45-x-50-cm\/#primaryimage\"},\"thumbnailUrl\":\"https:\/\/kilim-age.com\/wp-content\/uploads\/2018\/06\/IMG_7879-e1548602605894.jpg\",\"datePublished\":\"2018-06-24T17:17:42+00:00\",\"dateModified\":\"2023-03-02T16:57:57+00:00\",\"breadcrumb\":{\"@id\":\"https:\/\/www.kilim-age.com\/en\/producto\/kilim-cojin-45-x-50-cm\/#breadcrumb\"},\"inLanguage\":\"es\",\"potentialAction\":[{\"@type\":\"ReadAction\",\"target\":[\"https:\/\/www.kilim-age.com\/en\/producto\/kilim-cojin-45-x-50-cm\/\"]}]},{\"@type\":\"ImageObject\",\"inLanguage\":\"es\",\"@id\":\"https:\/\/www.kilim-age.com\/en\/producto\/kilim-cojin-45-x-50-cm\/#primaryimage\",\"url\":\"https:\/\/kilim-age.com\/wp-content\/uploads\/2018\/06\/IMG_7879-e1548602605894.jpg\",\"contentUrl\":\"https:\/\/kilim-age.com\/wp-content\/uploads\/2018\/06\/IMG_7879-e1548602605894.jpg\",\"width\":500,\"height\":500},{\"@type\":\"BreadcrumbList\",\"@id\":\"https:\/\/www.kilim-age.com\/en\/producto\/kilim-cojin-45-x-50-cm\/#breadcrumb\",\"itemListElement\":[{\"@type\":\"ListItem\",\"position\":1,\"name\":\"Home\",\"item\":\"https:\/\/kilim-age.com\/en\/\"},{\"@type\":\"ListItem\",\"position\":2,\"name\":\"Shop\",\"item\":\"https:\/\/kilim-age.com\/es\/shop\/\"},{\"@type\":\"ListItem\",\"position\":3,\"name\":\"KILIM CUSHION 45 X 50 cm\"}]},{\"@type\":\"WebSite\",\"@id\":\"https:\/\/kilim-age.com\/en\/#website\",\"url\":\"https:\/\/kilim-age.com\/en\/\",\"name\":\"Kilim-Age\",\"description\":\"Somos especialistas en productos artesanales de Turqu\u00eda como Alfombras, y Kilims\",\"potentialAction\":[{\"@type\":\"SearchAction\",\"target\":{\"@type\":\"EntryPoint\",\"urlTemplate\":\"https:\/\/kilim-age.com\/en\/?s={search_term_string}\"},\"query-input\":{\"@type\":\"PropertyValueSpecification\",\"valueRequired\":true,\"valueName\":\"search_term_string\"}}],\"inLanguage\":\"es\"}]}<\/script>\n<!-- \/ Yoast SEO plugin. -->","yoast_head_json":{"title":"KILIM COJIN 45 X 50 cm | Kilim-Age","robots":{"index":"index","follow":"follow","max-snippet":"max-snippet:-1","max-image-preview":"max-image-preview:large","max-video-preview":"max-video-preview:-1"},"canonical":"https:\/\/www.kilim-age.com\/en\/producto\/kilim-cojin-45-x-50-cm\/","og_locale":"es_ES","og_type":"article","og_title":"KILIM COJIN 45 X 50 cm | Kilim-Age","og_description":"Funda de coj\u00edn kilim 45 X 50 cm Material: Lana Nuestros cojines de kilim est\u00e1n hechos a partir de los kilims semi antiguas de Turqu\u00eda forro de algod\u00f3n liso con cremallera lateral o en la parte central. Las medidas son aproximadas ya que trabajamos con productos artesanales (hechos a mano) y como tal pueden sufrir peque\u00f1as variaciones. Se vende sin relleno Plazo de entrega: 2-5 d\u00edas h\u00e1biles en Espa\u00f1a. Europa: 5-7 d\u00edas h\u00e1biles. Otros continentes 7-10 d\u00edas.","og_url":"https:\/\/www.kilim-age.com\/en\/producto\/kilim-cojin-45-x-50-cm\/","og_site_name":"Kilim-Age","article_modified_time":"2023-03-02T16:57:57+00:00","og_image":[{"width":500,"height":500,"url":"https:\/\/www.kilim-age.com\/wp-content\/uploads\/2018\/06\/IMG_7879-e1548602605894.jpg","type":"image\/jpeg"}],"twitter_card":"summary_large_image","twitter_misc":{"Tiempo de lectura":"2 minutos"},"schema":{"@context":"https:\/\/schema.org","@graph":[{"@type":"WebPage","@id":"https:\/\/www.kilim-age.com\/en\/producto\/kilim-cojin-45-x-50-cm\/","url":"https:\/\/www.kilim-age.com\/en\/producto\/kilim-cojin-45-x-50-cm\/","name":"KILIM COJIN 45 X 50 cm | Kilim-Age","isPartOf":{"@id":"https:\/\/kilim-age.com\/en\/#website"},"primaryImageOfPage":{"@id":"https:\/\/www.kilim-age.com\/en\/producto\/kilim-cojin-45-x-50-cm\/#primaryimage"},"image":{"@id":"https:\/\/www.kilim-age.com\/en\/producto\/kilim-cojin-45-x-50-cm\/#primaryimage"},"thumbnailUrl":"https:\/\/kilim-age.com\/wp-content\/uploads\/2018\/06\/IMG_7879-e1548602605894.jpg","datePublished":"2018-06-24T17:17:42+00:00","dateModified":"2023-03-02T16:57:57+00:00","breadcrumb":{"@id":"https:\/\/www.kilim-age.com\/en\/producto\/kilim-cojin-45-x-50-cm\/#breadcrumb"},"inLanguage":"es","potentialAction":[{"@type":"ReadAction","target":["https:\/\/www.kilim-age.com\/en\/producto\/kilim-cojin-45-x-50-cm\/"]}]},{"@type":"ImageObject","inLanguage":"es","@id":"https:\/\/www.kilim-age.com\/en\/producto\/kilim-cojin-45-x-50-cm\/#primaryimage","url":"https:\/\/kilim-age.com\/wp-content\/uploads\/2018\/06\/IMG_7879-e1548602605894.jpg","contentUrl":"https:\/\/kilim-age.com\/wp-content\/uploads\/2018\/06\/IMG_7879-e1548602605894.jpg","width":500,"height":500},{"@type":"BreadcrumbList","@id":"https:\/\/www.kilim-age.com\/en\/producto\/kilim-cojin-45-x-50-cm\/#breadcrumb","itemListElement":[{"@type":"ListItem","position":1,"name":"Home","item":"https:\/\/kilim-age.com\/en\/"},{"@type":"ListItem","position":2,"name":"Shop","item":"https:\/\/kilim-age.com\/es\/shop\/"},{"@type":"ListItem","position":3,"name":"KILIM CUSHION 45 X 50 cm"}]},{"@type":"WebSite","@id":"https:\/\/kilim-age.com\/en\/#website","url":"https:\/\/kilim-age.com\/en\/","name":"Kilim-Age","description":"Somos especialistas en productos artesanales de Turqu\u00eda como Alfombras, y Kilims","potentialAction":[{"@type":"SearchAction","target":{"@type":"EntryPoint","urlTemplate":"https:\/\/kilim-age.com\/en\/?s={search_term_string}"},"query-input":{"@type":"PropertyValueSpecification","valueRequired":true,"valueName":"search_term_string"}}],"inLanguage":"es"}]}},"_links":{"self":[{"href":"https:\/\/kilim-age.com\/es\/wp-json\/wp\/v2\/product\/7193","targetHints":{"allow":["GET"]}}],"collection":[{"href":"https:\/\/kilim-age.com\/es\/wp-json\/wp\/v2\/product"}],"about":[{"href":"https:\/\/kilim-age.com\/es\/wp-json\/wp\/v2\/types\/product"}],"replies":[{"embeddable":true,"href":"https:\/\/kilim-age.com\/es\/wp-json\/wp\/v2\/comments?post=7193"}],"wp:featuredmedia":[{"embeddable":true,"href":"https:\/\/kilim-age.com\/es\/wp-json\/wp\/v2\/media\/7194"}],"wp:attachment":[{"href":"https:\/\/kilim-age.com\/es\/wp-json\/wp\/v2\/media?parent=7193"}],"wp:term":[{"taxonomy":"product_brand","embeddable":true,"href":"https:\/\/kilim-age.com\/es\/wp-json\/wp\/v2\/product_brand?post=7193"},{"taxonomy":"product_cat","embeddable":true,"href":"https:\/\/kilim-age.com\/es\/wp-json\/wp\/v2\/product_cat?post=7193"},{"taxonomy":"product_tag","embeddable":true,"href":"https:\/\/kilim-age.com\/es\/wp-json\/wp\/v2\/product_tag?post=7193"}],"curies":[{"name":"wp","href":"https:\/\/api.w.org\/{rel}","templated":true}]}}