{"id":7149,"date":"2018-06-23T12:51:42","date_gmt":"2018-06-23T12:51:42","guid":{"rendered":"http:\/\/kilim-age.com\/?post_type=product&#038;p=7149"},"modified":"2019-01-23T17:00:48","modified_gmt":"2019-01-23T17:00:48","slug":"kilim-cojin-45-x-45-cm-2","status":"publish","type":"product","link":"https:\/\/kilim-age.com\/es\/producto\/kilim-cojin-45-x-45-cm-2\/","title":{"rendered":"KILIM COJIN 45 X 45 cm"},"content":{"rendered":"<h3><strong>COJINES KILIM<\/strong><\/h3>\n<p style=\"text-align: justify;\"> El kilim es un material muy resistente y flexible, es por ello que se ha utilizado para el dise\u00f1o de zapatos kilim o cojines kilim. Estas propuestas se han ido desarrollando dentro del mundo de la moda y la decoraci\u00f3n. Los kilims es un tejido simple con un urdimbre y tramo. B\u00e1sicamente se distingue por no tener \u201cpelos\u201d como la alfombra. El origen n\u00f3mada de quienes lo usaban en la antig\u00fcedad, hicieron que tuviesen una caracter\u00edstica especial en la trama de urdimbre, plana y sin nudos. Esto evitaba el paso de la arena del desierto. Una de las principales ventajas del kilim es que pesa muy poco, es liviana y nos transmite una imagen fresca y ligera.<\/p>\n<p style=\"text-align: justify;\">Dentro de la decoraci\u00f3n, los kilims han supuesto un art\u00edculo novedoso, diferente y \u00fanico. Son piezas exclusivas, ya que al estar bordadas a mano no exiten dos iguales. Tambi\u00e9n ofrecen unos dise\u00f1os y motivos originales, \u00e9tnicos y diferentes a lo conocido. Por otro lado, su composici\u00f3n hace que sean piezas f\u00e1ciles para el mantenimiento y ofrecen agilidad y comfort.<\/p>","protected":false},"excerpt":{"rendered":"<p>Funda de coj\u00edn kilim 45 X 45 cm<br \/>\nMaterial: Lana<br \/>\nNuestros cojines de kilim est\u00e1n hechos a partir de los kilims semi antiguas de Turqu\u00eda forro de algod\u00f3n liso con cremallera lateral.<br \/>\nLas medidas son aproximadas ya que trabajamos con productos artesanales (hechos a mano) y como tal pueden sufrir peque\u00f1as variaciones.<br \/>\nSe vende sin relleno<br \/>\nPlazo de entrega: 2-5 d\u00edas h\u00e1biles en Espa\u00f1a.<br \/>\nEuropa: 5-7 d\u00edas h\u00e1biles.<br \/>\nOtros continentes 7-10 d\u00edas.<\/p>\n","protected":false},"featured_media":7150,"comment_status":"open","ping_status":"closed","template":"","meta":[],"product_brand":[],"product_cat":[66],"product_tag":[72,147,148],"class_list":{"0":"post-7149","1":"product","2":"type-product","3":"status-publish","4":"has-post-thumbnail","6":"product_cat-cojines-kilim","7":"product_tag-kilim","8":"product_tag-kilim-cojin","9":"product_tag-kilim-cushion","10":"product_shipping_class-cojines","12":"first","13":"instock","14":"sale","15":"sold-individually","16":"taxable","17":"shipping-taxable","18":"purchasable","19":"product-type-simple"},"yoast_head":"<!-- This site is optimized with the Yoast SEO plugin v24.8.1 - https:\/\/yoast.com\/wordpress\/plugins\/seo\/ -->\n<title>KILIM COJIN 45 X 45 cm | Kilim-Age<\/title>\n<meta name=\"robots\" content=\"index, follow, max-snippet:-1, max-image-preview:large, max-video-preview:-1\" \/>\n<link rel=\"canonical\" href=\"https:\/\/kilim-age.com\/es\/producto\/kilim-cojin-45-x-45-cm-2\/\" \/>\n<meta property=\"og:locale\" content=\"es_ES\" \/>\n<meta property=\"og:type\" content=\"article\" \/>\n<meta property=\"og:title\" content=\"KILIM COJIN 45 X 45 cm | Kilim-Age\" \/>\n<meta property=\"og:description\" content=\"Funda de coj\u00edn kilim 45 X 45 cm Material: Lana Nuestros cojines de kilim est\u00e1n hechos a partir de los kilims semi antiguas de Turqu\u00eda forro de algod\u00f3n liso con cremallera lateral.  Las medidas son aproximadas ya que trabajamos con productos artesanales (hechos a mano) y como tal pueden sufrir peque\u00f1as variaciones. Se vende sin relleno Plazo de entrega: 2-5 d\u00edas h\u00e1biles en Espa\u00f1a. Europa: 5-7 d\u00edas h\u00e1biles. Otros continentes 7-10 d\u00edas.\" \/>\n<meta property=\"og:url\" content=\"https:\/\/kilim-age.com\/es\/producto\/kilim-cojin-45-x-45-cm-2\/\" \/>\n<meta property=\"og:site_name\" content=\"Kilim-Age\" \/>\n<meta property=\"article:modified_time\" content=\"2019-01-23T17:00:48+00:00\" \/>\n<meta property=\"og:image\" content=\"https:\/\/kilim-age.com\/wp-content\/uploads\/2018\/06\/IMG_7841-e1548603036664.jpg\" \/>\n\t<meta property=\"og:image:width\" content=\"600\" \/>\n\t<meta property=\"og:image:height\" content=\"600\" \/>\n\t<meta property=\"og:image:type\" content=\"image\/jpeg\" \/>\n<meta name=\"twitter:card\" content=\"summary_large_image\" \/>\n<meta name=\"twitter:label1\" content=\"Tiempo de lectura\" \/>\n\t<meta name=\"twitter:data1\" content=\"2 minutos\" \/>\n<script type=\"application\/ld+json\" class=\"yoast-schema-graph\">{\"@context\":\"https:\/\/schema.org\",\"@graph\":[{\"@type\":\"WebPage\",\"@id\":\"https:\/\/kilim-age.com\/es\/producto\/kilim-cojin-45-x-45-cm-2\/\",\"url\":\"https:\/\/kilim-age.com\/es\/producto\/kilim-cojin-45-x-45-cm-2\/\",\"name\":\"KILIM COJIN 45 X 45 cm | Kilim-Age\",\"isPartOf\":{\"@id\":\"https:\/\/kilim-age.com\/en\/#website\"},\"primaryImageOfPage\":{\"@id\":\"https:\/\/kilim-age.com\/es\/producto\/kilim-cojin-45-x-45-cm-2\/#primaryimage\"},\"image\":{\"@id\":\"https:\/\/kilim-age.com\/es\/producto\/kilim-cojin-45-x-45-cm-2\/#primaryimage\"},\"thumbnailUrl\":\"https:\/\/kilim-age.com\/wp-content\/uploads\/2018\/06\/IMG_7841-e1548603036664.jpg\",\"datePublished\":\"2018-06-23T12:51:42+00:00\",\"dateModified\":\"2019-01-23T17:00:48+00:00\",\"breadcrumb\":{\"@id\":\"https:\/\/kilim-age.com\/es\/producto\/kilim-cojin-45-x-45-cm-2\/#breadcrumb\"},\"inLanguage\":\"es\",\"potentialAction\":[{\"@type\":\"ReadAction\",\"target\":[\"https:\/\/kilim-age.com\/es\/producto\/kilim-cojin-45-x-45-cm-2\/\"]}]},{\"@type\":\"ImageObject\",\"inLanguage\":\"es\",\"@id\":\"https:\/\/kilim-age.com\/es\/producto\/kilim-cojin-45-x-45-cm-2\/#primaryimage\",\"url\":\"https:\/\/kilim-age.com\/wp-content\/uploads\/2018\/06\/IMG_7841-e1548603036664.jpg\",\"contentUrl\":\"https:\/\/kilim-age.com\/wp-content\/uploads\/2018\/06\/IMG_7841-e1548603036664.jpg\",\"width\":600,\"height\":600},{\"@type\":\"BreadcrumbList\",\"@id\":\"https:\/\/kilim-age.com\/es\/producto\/kilim-cojin-45-x-45-cm-2\/#breadcrumb\",\"itemListElement\":[{\"@type\":\"ListItem\",\"position\":1,\"name\":\"Home\",\"item\":\"https:\/\/kilim-age.com\/en\/\"},{\"@type\":\"ListItem\",\"position\":2,\"name\":\"Shop\",\"item\":\"https:\/\/kilim-age.com\/es\/shop\/\"},{\"@type\":\"ListItem\",\"position\":3,\"name\":\"KILIM COJIN 45 X 45 cm\"}]},{\"@type\":\"WebSite\",\"@id\":\"https:\/\/kilim-age.com\/en\/#website\",\"url\":\"https:\/\/kilim-age.com\/en\/\",\"name\":\"Kilim-Age\",\"description\":\"Somos especialistas en productos artesanales de Turqu\u00eda como Alfombras, y Kilims\",\"potentialAction\":[{\"@type\":\"SearchAction\",\"target\":{\"@type\":\"EntryPoint\",\"urlTemplate\":\"https:\/\/kilim-age.com\/en\/?s={search_term_string}\"},\"query-input\":{\"@type\":\"PropertyValueSpecification\",\"valueRequired\":true,\"valueName\":\"search_term_string\"}}],\"inLanguage\":\"es\"}]}<\/script>\n<!-- \/ Yoast SEO plugin. -->","yoast_head_json":{"title":"KILIM COJIN 45 X 45 cm | Kilim-Age","robots":{"index":"index","follow":"follow","max-snippet":"max-snippet:-1","max-image-preview":"max-image-preview:large","max-video-preview":"max-video-preview:-1"},"canonical":"https:\/\/kilim-age.com\/es\/producto\/kilim-cojin-45-x-45-cm-2\/","og_locale":"es_ES","og_type":"article","og_title":"KILIM COJIN 45 X 45 cm | Kilim-Age","og_description":"Funda de coj\u00edn kilim 45 X 45 cm Material: Lana Nuestros cojines de kilim est\u00e1n hechos a partir de los kilims semi antiguas de Turqu\u00eda forro de algod\u00f3n liso con cremallera lateral.  Las medidas son aproximadas ya que trabajamos con productos artesanales (hechos a mano) y como tal pueden sufrir peque\u00f1as variaciones. Se vende sin relleno Plazo de entrega: 2-5 d\u00edas h\u00e1biles en Espa\u00f1a. Europa: 5-7 d\u00edas h\u00e1biles. Otros continentes 7-10 d\u00edas.","og_url":"https:\/\/kilim-age.com\/es\/producto\/kilim-cojin-45-x-45-cm-2\/","og_site_name":"Kilim-Age","article_modified_time":"2019-01-23T17:00:48+00:00","og_image":[{"width":600,"height":600,"url":"https:\/\/kilim-age.com\/wp-content\/uploads\/2018\/06\/IMG_7841-e1548603036664.jpg","type":"image\/jpeg"}],"twitter_card":"summary_large_image","twitter_misc":{"Tiempo de lectura":"2 minutos"},"schema":{"@context":"https:\/\/schema.org","@graph":[{"@type":"WebPage","@id":"https:\/\/kilim-age.com\/es\/producto\/kilim-cojin-45-x-45-cm-2\/","url":"https:\/\/kilim-age.com\/es\/producto\/kilim-cojin-45-x-45-cm-2\/","name":"KILIM COJIN 45 X 45 cm | Kilim-Age","isPartOf":{"@id":"https:\/\/kilim-age.com\/en\/#website"},"primaryImageOfPage":{"@id":"https:\/\/kilim-age.com\/es\/producto\/kilim-cojin-45-x-45-cm-2\/#primaryimage"},"image":{"@id":"https:\/\/kilim-age.com\/es\/producto\/kilim-cojin-45-x-45-cm-2\/#primaryimage"},"thumbnailUrl":"https:\/\/kilim-age.com\/wp-content\/uploads\/2018\/06\/IMG_7841-e1548603036664.jpg","datePublished":"2018-06-23T12:51:42+00:00","dateModified":"2019-01-23T17:00:48+00:00","breadcrumb":{"@id":"https:\/\/kilim-age.com\/es\/producto\/kilim-cojin-45-x-45-cm-2\/#breadcrumb"},"inLanguage":"es","potentialAction":[{"@type":"ReadAction","target":["https:\/\/kilim-age.com\/es\/producto\/kilim-cojin-45-x-45-cm-2\/"]}]},{"@type":"ImageObject","inLanguage":"es","@id":"https:\/\/kilim-age.com\/es\/producto\/kilim-cojin-45-x-45-cm-2\/#primaryimage","url":"https:\/\/kilim-age.com\/wp-content\/uploads\/2018\/06\/IMG_7841-e1548603036664.jpg","contentUrl":"https:\/\/kilim-age.com\/wp-content\/uploads\/2018\/06\/IMG_7841-e1548603036664.jpg","width":600,"height":600},{"@type":"BreadcrumbList","@id":"https:\/\/kilim-age.com\/es\/producto\/kilim-cojin-45-x-45-cm-2\/#breadcrumb","itemListElement":[{"@type":"ListItem","position":1,"name":"Home","item":"https:\/\/kilim-age.com\/en\/"},{"@type":"ListItem","position":2,"name":"Shop","item":"https:\/\/kilim-age.com\/es\/shop\/"},{"@type":"ListItem","position":3,"name":"KILIM COJIN 45 X 45 cm"}]},{"@type":"WebSite","@id":"https:\/\/kilim-age.com\/en\/#website","url":"https:\/\/kilim-age.com\/en\/","name":"Kilim-Age","description":"Somos especialistas en productos artesanales de Turqu\u00eda como Alfombras, y Kilims","potentialAction":[{"@type":"SearchAction","target":{"@type":"EntryPoint","urlTemplate":"https:\/\/kilim-age.com\/en\/?s={search_term_string}"},"query-input":{"@type":"PropertyValueSpecification","valueRequired":true,"valueName":"search_term_string"}}],"inLanguage":"es"}]}},"_links":{"self":[{"href":"https:\/\/kilim-age.com\/es\/wp-json\/wp\/v2\/product\/7149","targetHints":{"allow":["GET"]}}],"collection":[{"href":"https:\/\/kilim-age.com\/es\/wp-json\/wp\/v2\/product"}],"about":[{"href":"https:\/\/kilim-age.com\/es\/wp-json\/wp\/v2\/types\/product"}],"replies":[{"embeddable":true,"href":"https:\/\/kilim-age.com\/es\/wp-json\/wp\/v2\/comments?post=7149"}],"wp:featuredmedia":[{"embeddable":true,"href":"https:\/\/kilim-age.com\/es\/wp-json\/wp\/v2\/media\/7150"}],"wp:attachment":[{"href":"https:\/\/kilim-age.com\/es\/wp-json\/wp\/v2\/media?parent=7149"}],"wp:term":[{"taxonomy":"product_brand","embeddable":true,"href":"https:\/\/kilim-age.com\/es\/wp-json\/wp\/v2\/product_brand?post=7149"},{"taxonomy":"product_cat","embeddable":true,"href":"https:\/\/kilim-age.com\/es\/wp-json\/wp\/v2\/product_cat?post=7149"},{"taxonomy":"product_tag","embeddable":true,"href":"https:\/\/kilim-age.com\/es\/wp-json\/wp\/v2\/product_tag?post=7149"}],"curies":[{"name":"wp","href":"https:\/\/api.w.org\/{rel}","templated":true}]}}