{"id":7060,"date":"2018-06-20T18:12:56","date_gmt":"2018-06-20T18:12:56","guid":{"rendered":"http:\/\/kilim-age.com\/?post_type=product&#038;p=7060"},"modified":"2025-06-14T18:13:40","modified_gmt":"2025-06-14T16:13:40","slug":"vintage-carpet-280-x-65-cm","status":"publish","type":"product","link":"https:\/\/kilim-age.com\/es\/producto\/vintage-carpet-280-x-65-cm\/","title":{"rendered":"ALFOMBRA VINTAGE 280 X 65 cm"},"content":{"rendered":"<h3><strong>ALFOMBRAS VINTAGE<\/strong><\/h3>\n<p>Como ya comentamos en entradas anteriores del blog de <a href=\"http:\/\/kilim-age.com\/\"><b>Kilim-Age<\/b><\/a>, las alfombras eran originariamente tejidas por los n\u00f3madas en Turqu\u00eda, la regi\u00f3n del C\u00e1ucaso, Ir\u00e1n y Afganist\u00e1n. Estas alfombras planas serv\u00edan hace siglos como mantas o para adornar el suelo de las tiendas de los n\u00f3madas. Despu\u00e9s empezaron a popularizarse por todo el mundo y a dejarse ver en hogares y en todo tipo de ambientes.<\/p>\n<p>Nuestras alfombras vintage son alfombras cl\u00e1sicas turcas a las que se les da una segunda vida. Estas alfombras aproximadamente tienen una antig\u00fcedad entre 20 o 30 a\u00f1os. Cada alfombra esta seleccionada cuidadosamente y sometida un excepcional proceso de naturalizaci\u00f3n crom\u00e1tica antes de ser te\u00f1ida con el fin de revalorizarlas. Se les rapa el pelo y se arreglan las partes deterioradas. Esto crea el efecto desgastado, ya que el algod\u00f3n que respalda la lana queda expuesto. Por \u00faltimo, se ti\u00f1en en procesos de coloraci\u00f3n natural, con materiales naturales. Las alfombras vintage ofrecen tambi\u00e9n una seguridad de calidad y resistencia, ya que solamente pueden ser restauradas las alfombras artesanales m\u00e1s resistentes.<\/p>\n<p>En cuanto a la decoraci\u00f3n, las alfombras vintage han sido toda una revelaci\u00f3n. Han supuesto un art\u00edculo que viste a cualquier tipo de ambiente. El desgaste del dibujo, el cual pr\u00e1cticamente en muchas de estas alfombras es imperceptible ya, ayuda a poder encajar con estabilidad esta pieza clave de la decoraci\u00f3n. El efecto desgastado ofrece una perspectiva nueva, actualizada y contempor\u00e1nea. Por otro lado, ha supuesto la integraci\u00f3n de nuevos tonos y colores. Con proceso de naturalizaci\u00f3n crom\u00e1tica se han conseguido ampliar la gama de tonalidades. Las alfombras cl\u00e1sicas estaban limitadas a los colores y formas de la anudaci\u00f3n artesanal y de las lanas te\u00f1idas. Esto suaviza los contrastes y ayuda a los menos atrevidos a seleccionar con decisi\u00f3n la alfombra ideal para su ambiente.","protected":false},"excerpt":{"rendered":"<p>Fabricaci\u00f3n: Hecho a mano<br \/>\nTama\u00f1o: 280 X 65 cm.<br \/>\nN\u00famero de nudos: aprox 150000-300000 por m\u00b2<br \/>\nEstado: 20-30 a\u00f1os<br \/>\nOrigen: Turqu\u00eda<br \/>\nPelo: Lana<br \/>\nUrdimbre: Algod\u00f3n<br \/>\nGrosor aprox: 4-5 mm.<br \/>\nTe\u00f1ido natural.<br \/>\nLos colores de la alfombra se percibir\u00e1n de formas diferentes dependiendo del \u00e1ngulo de visi\u00f3n.<br \/>\nPlazo de entrega:2-5 d\u00edas h\u00e1biles en Espa\u00f1a peninsular.<br \/>\nEuropa: 5-7 d\u00edas h\u00e1biles, resto de continentes 7-10 d\u00edas.<\/p>\n","protected":false},"featured_media":7061,"comment_status":"open","ping_status":"closed","template":"","meta":[],"product_brand":[],"product_cat":[1054,62,183,231],"product_tag":[123,113],"class_list":{"0":"post-7060","1":"product","2":"type-product","3":"status-publish","4":"has-post-thumbnail","6":"product_cat-ofertas","7":"product_cat-alfombras-turcas","8":"product_cat-alfombras-vintage","9":"product_cat-pasilleros","10":"product_tag-alfombras-vintage","11":"product_tag-vintage-carpet","12":"product_shipping_class-alfombra-mediana","13":"pa_ancho-cm-1041","14":"pa_color-azul-marino","15":"pa_largo-cm-1011","16":"pa_medida-pasilleros","18":"first","19":"instock","20":"sale","21":"sold-individually","22":"taxable","23":"shipping-taxable","24":"purchasable","25":"product-type-simple"},"yoast_head":"<!-- This site is optimized with the Yoast SEO plugin v24.8.1 - https:\/\/yoast.com\/wordpress\/plugins\/seo\/ -->\n<title>ALFOMBRA VINTAGE 280 X 65 cm | Kilim-Age<\/title>\n<meta name=\"robots\" content=\"index, follow, max-snippet:-1, max-image-preview:large, max-video-preview:-1\" \/>\n<link rel=\"canonical\" href=\"https:\/\/www.kilim-age.com\/en\/producto\/vintage-carpet-280-x-65-cm\/\" \/>\n<meta property=\"og:locale\" content=\"es_ES\" \/>\n<meta property=\"og:type\" content=\"article\" \/>\n<meta property=\"og:title\" content=\"ALFOMBRA VINTAGE 280 X 65 cm | Kilim-Age\" \/>\n<meta property=\"og:description\" content=\"Fabricaci\u00f3n: Hecho a mano Tama\u00f1o: 280 X 65 cm. N\u00famero de nudos: aprox 150000-300000 por m\u00b2 Estado: 20-30 a\u00f1os Origen: Turqu\u00eda Pelo: Lana Urdimbre: Algod\u00f3n Grosor aprox: 4-5 mm. Te\u00f1ido natural. Los colores de la alfombra se percibir\u00e1n de formas diferentes dependiendo del \u00e1ngulo de visi\u00f3n. Plazo de entrega:2-5 d\u00edas h\u00e1biles en Espa\u00f1a peninsular. Europa: 5-7 d\u00edas h\u00e1biles, resto de continentes 7-10 d\u00edas.\" \/>\n<meta property=\"og:url\" content=\"https:\/\/www.kilim-age.com\/en\/producto\/vintage-carpet-280-x-65-cm\/\" \/>\n<meta property=\"og:site_name\" content=\"Kilim-Age\" \/>\n<meta property=\"article:modified_time\" content=\"2025-06-14T16:13:40+00:00\" \/>\n<meta property=\"og:image\" content=\"https:\/\/www.kilim-age.com\/wp-content\/uploads\/2018\/06\/IMG_7629-web-ka-961-280x65.jpg\" \/>\n\t<meta property=\"og:image:width\" content=\"1100\" \/>\n\t<meta property=\"og:image:height\" content=\"1400\" \/>\n\t<meta property=\"og:image:type\" content=\"image\/jpeg\" \/>\n<meta name=\"twitter:card\" content=\"summary_large_image\" \/>\n<meta name=\"twitter:label1\" content=\"Tiempo de lectura\" \/>\n\t<meta name=\"twitter:data1\" content=\"2 minutos\" \/>\n<script type=\"application\/ld+json\" class=\"yoast-schema-graph\">{\"@context\":\"https:\/\/schema.org\",\"@graph\":[{\"@type\":\"WebPage\",\"@id\":\"https:\/\/www.kilim-age.com\/en\/producto\/vintage-carpet-280-x-65-cm\/\",\"url\":\"https:\/\/www.kilim-age.com\/en\/producto\/vintage-carpet-280-x-65-cm\/\",\"name\":\"ALFOMBRA VINTAGE 280 X 65 cm | Kilim-Age\",\"isPartOf\":{\"@id\":\"https:\/\/kilim-age.com\/en\/#website\"},\"primaryImageOfPage\":{\"@id\":\"https:\/\/www.kilim-age.com\/en\/producto\/vintage-carpet-280-x-65-cm\/#primaryimage\"},\"image\":{\"@id\":\"https:\/\/www.kilim-age.com\/en\/producto\/vintage-carpet-280-x-65-cm\/#primaryimage\"},\"thumbnailUrl\":\"https:\/\/kilim-age.com\/wp-content\/uploads\/2018\/06\/IMG_7629-web-ka-961-280x65.jpg\",\"datePublished\":\"2018-06-20T18:12:56+00:00\",\"dateModified\":\"2025-06-14T16:13:40+00:00\",\"breadcrumb\":{\"@id\":\"https:\/\/www.kilim-age.com\/en\/producto\/vintage-carpet-280-x-65-cm\/#breadcrumb\"},\"inLanguage\":\"es\",\"potentialAction\":[{\"@type\":\"ReadAction\",\"target\":[\"https:\/\/www.kilim-age.com\/en\/producto\/vintage-carpet-280-x-65-cm\/\"]}]},{\"@type\":\"ImageObject\",\"inLanguage\":\"es\",\"@id\":\"https:\/\/www.kilim-age.com\/en\/producto\/vintage-carpet-280-x-65-cm\/#primaryimage\",\"url\":\"https:\/\/kilim-age.com\/wp-content\/uploads\/2018\/06\/IMG_7629-web-ka-961-280x65.jpg\",\"contentUrl\":\"https:\/\/kilim-age.com\/wp-content\/uploads\/2018\/06\/IMG_7629-web-ka-961-280x65.jpg\",\"width\":1100,\"height\":1400,\"caption\":\"Alfombra Pasillera\"},{\"@type\":\"BreadcrumbList\",\"@id\":\"https:\/\/www.kilim-age.com\/en\/producto\/vintage-carpet-280-x-65-cm\/#breadcrumb\",\"itemListElement\":[{\"@type\":\"ListItem\",\"position\":1,\"name\":\"Home\",\"item\":\"https:\/\/kilim-age.com\/en\/\"},{\"@type\":\"ListItem\",\"position\":2,\"name\":\"Shop\",\"item\":\"https:\/\/kilim-age.com\/es\/shop\/\"},{\"@type\":\"ListItem\",\"position\":3,\"name\":\"VINTAGE CARPET 280 X 65 cm\"}]},{\"@type\":\"WebSite\",\"@id\":\"https:\/\/kilim-age.com\/en\/#website\",\"url\":\"https:\/\/kilim-age.com\/en\/\",\"name\":\"Kilim-Age\",\"description\":\"Somos especialistas en productos artesanales de Turqu\u00eda como Alfombras, y Kilims\",\"potentialAction\":[{\"@type\":\"SearchAction\",\"target\":{\"@type\":\"EntryPoint\",\"urlTemplate\":\"https:\/\/kilim-age.com\/en\/?s={search_term_string}\"},\"query-input\":{\"@type\":\"PropertyValueSpecification\",\"valueRequired\":true,\"valueName\":\"search_term_string\"}}],\"inLanguage\":\"es\"}]}<\/script>\n<!-- \/ Yoast SEO plugin. -->","yoast_head_json":{"title":"ALFOMBRA VINTAGE 280 X 65 cm | Kilim-Age","robots":{"index":"index","follow":"follow","max-snippet":"max-snippet:-1","max-image-preview":"max-image-preview:large","max-video-preview":"max-video-preview:-1"},"canonical":"https:\/\/www.kilim-age.com\/en\/producto\/vintage-carpet-280-x-65-cm\/","og_locale":"es_ES","og_type":"article","og_title":"ALFOMBRA VINTAGE 280 X 65 cm | Kilim-Age","og_description":"Fabricaci\u00f3n: Hecho a mano Tama\u00f1o: 280 X 65 cm. N\u00famero de nudos: aprox 150000-300000 por m\u00b2 Estado: 20-30 a\u00f1os Origen: Turqu\u00eda Pelo: Lana Urdimbre: Algod\u00f3n Grosor aprox: 4-5 mm. Te\u00f1ido natural. Los colores de la alfombra se percibir\u00e1n de formas diferentes dependiendo del \u00e1ngulo de visi\u00f3n. Plazo de entrega:2-5 d\u00edas h\u00e1biles en Espa\u00f1a peninsular. Europa: 5-7 d\u00edas h\u00e1biles, resto de continentes 7-10 d\u00edas.","og_url":"https:\/\/www.kilim-age.com\/en\/producto\/vintage-carpet-280-x-65-cm\/","og_site_name":"Kilim-Age","article_modified_time":"2025-06-14T16:13:40+00:00","og_image":[{"width":1100,"height":1400,"url":"https:\/\/www.kilim-age.com\/wp-content\/uploads\/2018\/06\/IMG_7629-web-ka-961-280x65.jpg","type":"image\/jpeg"}],"twitter_card":"summary_large_image","twitter_misc":{"Tiempo de lectura":"2 minutos"},"schema":{"@context":"https:\/\/schema.org","@graph":[{"@type":"WebPage","@id":"https:\/\/www.kilim-age.com\/en\/producto\/vintage-carpet-280-x-65-cm\/","url":"https:\/\/www.kilim-age.com\/en\/producto\/vintage-carpet-280-x-65-cm\/","name":"ALFOMBRA VINTAGE 280 X 65 cm | Kilim-Age","isPartOf":{"@id":"https:\/\/kilim-age.com\/en\/#website"},"primaryImageOfPage":{"@id":"https:\/\/www.kilim-age.com\/en\/producto\/vintage-carpet-280-x-65-cm\/#primaryimage"},"image":{"@id":"https:\/\/www.kilim-age.com\/en\/producto\/vintage-carpet-280-x-65-cm\/#primaryimage"},"thumbnailUrl":"https:\/\/kilim-age.com\/wp-content\/uploads\/2018\/06\/IMG_7629-web-ka-961-280x65.jpg","datePublished":"2018-06-20T18:12:56+00:00","dateModified":"2025-06-14T16:13:40+00:00","breadcrumb":{"@id":"https:\/\/www.kilim-age.com\/en\/producto\/vintage-carpet-280-x-65-cm\/#breadcrumb"},"inLanguage":"es","potentialAction":[{"@type":"ReadAction","target":["https:\/\/www.kilim-age.com\/en\/producto\/vintage-carpet-280-x-65-cm\/"]}]},{"@type":"ImageObject","inLanguage":"es","@id":"https:\/\/www.kilim-age.com\/en\/producto\/vintage-carpet-280-x-65-cm\/#primaryimage","url":"https:\/\/kilim-age.com\/wp-content\/uploads\/2018\/06\/IMG_7629-web-ka-961-280x65.jpg","contentUrl":"https:\/\/kilim-age.com\/wp-content\/uploads\/2018\/06\/IMG_7629-web-ka-961-280x65.jpg","width":1100,"height":1400,"caption":"Alfombra Pasillera"},{"@type":"BreadcrumbList","@id":"https:\/\/www.kilim-age.com\/en\/producto\/vintage-carpet-280-x-65-cm\/#breadcrumb","itemListElement":[{"@type":"ListItem","position":1,"name":"Home","item":"https:\/\/kilim-age.com\/en\/"},{"@type":"ListItem","position":2,"name":"Shop","item":"https:\/\/kilim-age.com\/es\/shop\/"},{"@type":"ListItem","position":3,"name":"VINTAGE CARPET 280 X 65 cm"}]},{"@type":"WebSite","@id":"https:\/\/kilim-age.com\/en\/#website","url":"https:\/\/kilim-age.com\/en\/","name":"Kilim-Age","description":"Somos especialistas en productos artesanales de Turqu\u00eda como Alfombras, y Kilims","potentialAction":[{"@type":"SearchAction","target":{"@type":"EntryPoint","urlTemplate":"https:\/\/kilim-age.com\/en\/?s={search_term_string}"},"query-input":{"@type":"PropertyValueSpecification","valueRequired":true,"valueName":"search_term_string"}}],"inLanguage":"es"}]}},"_links":{"self":[{"href":"https:\/\/kilim-age.com\/es\/wp-json\/wp\/v2\/product\/7060","targetHints":{"allow":["GET"]}}],"collection":[{"href":"https:\/\/kilim-age.com\/es\/wp-json\/wp\/v2\/product"}],"about":[{"href":"https:\/\/kilim-age.com\/es\/wp-json\/wp\/v2\/types\/product"}],"replies":[{"embeddable":true,"href":"https:\/\/kilim-age.com\/es\/wp-json\/wp\/v2\/comments?post=7060"}],"wp:featuredmedia":[{"embeddable":true,"href":"https:\/\/kilim-age.com\/es\/wp-json\/wp\/v2\/media\/7061"}],"wp:attachment":[{"href":"https:\/\/kilim-age.com\/es\/wp-json\/wp\/v2\/media?parent=7060"}],"wp:term":[{"taxonomy":"product_brand","embeddable":true,"href":"https:\/\/kilim-age.com\/es\/wp-json\/wp\/v2\/product_brand?post=7060"},{"taxonomy":"product_cat","embeddable":true,"href":"https:\/\/kilim-age.com\/es\/wp-json\/wp\/v2\/product_cat?post=7060"},{"taxonomy":"product_tag","embeddable":true,"href":"https:\/\/kilim-age.com\/es\/wp-json\/wp\/v2\/product_tag?post=7060"}],"curies":[{"name":"wp","href":"https:\/\/api.w.org\/{rel}","templated":true}]}}