{"id":6094,"date":"2018-04-06T18:11:57","date_gmt":"2018-04-06T18:11:57","guid":{"rendered":"http:\/\/kilim-age.com\/?post_type=product&#038;p=6094"},"modified":"2019-01-22T17:12:34","modified_gmt":"2019-01-22T17:12:34","slug":"silver-pendant-lamp-m-heo-40","status":"publish","type":"product","link":"https:\/\/kilim-age.com\/es\/producto\/silver-pendant-lamp-m-heo-40\/","title":{"rendered":"LAMPARA DE COLGAR M-HEO 40"},"content":{"rendered":"<h3><strong>L\u00e1mparas turcas<\/strong><\/h3>\n<p>En <a href=\"http:\/\/kilim-age.com\/es\/\">Kilim-Age<\/a> somos expertos en los productos artesanales de Turqu\u00eda. Dentro del gremio milenario de la orfebrer\u00eda, que aduras penas sigue existiendo, encontramos las l\u00e1mparas turcas artesanales. Uno de los productos estrella y m\u00e1s representativos de la cultura turca son las l\u00e1mparas de esta\u00f1o martilleado. De esta forma, se crean esferas de esta\u00f1o con diferentes dise\u00f1os, patrones y s\u00edmbolos caracter\u00edsticos de Turqu\u00eda. Podemos encontrar patrones representando el ojo turco, motivos tribales o representaciones de figuras florales.<\/p>\n<p>Las l\u00e1mparas turcas dan color y calidez a los espacios, adem\u00e1s de un toque de personalidad y exotismo. D\u00e9jate envolver en la luz y el ambiente c\u00e1lido e ins\u00f3lito y sum\u00e9rgete en la cultura oriental de Anatolia. Por su color tan neutral, estas l\u00e1mparas se moldean bien dentro de cualquier espacio. Adem\u00e1s, suponen un art\u00edculo de decoraci\u00f3n de f\u00e1cil mantenimiento. El esta\u00f1o es un material resistente y perdurable. De hecho, el propio color se va matizando con el paso del tiempo.<br \/>","protected":false},"excerpt":{"rendered":"<p>Producto: L\u00e1mpara colgante<br \/>\nC\u00f3digo: MHEO 40<br \/>\nMaterial: Esta\u00f1o niquelado<br \/>\nColor: plata<br \/>\nDimensiones: 30 \u00d8 x 40 cm<br \/>\nAltura: 100 cm<\/p>\n","protected":false},"featured_media":6124,"comment_status":"open","ping_status":"closed","template":"","meta":[],"product_brand":[],"product_cat":[63],"product_tag":[271,272],"class_list":{"0":"post-6094","1":"product","2":"type-product","3":"status-publish","4":"has-post-thumbnail","6":"product_cat-lightings","7":"product_tag-lamparas-turcas","8":"product_tag-turkish","9":"product_shipping_class-lampara-pequna","11":"first","12":"instock","13":"sale","14":"sold-individually","15":"taxable","16":"shipping-taxable","17":"purchasable","18":"product-type-simple"},"yoast_head":"<!-- This site is optimized with the Yoast SEO plugin v24.8.1 - https:\/\/yoast.com\/wordpress\/plugins\/seo\/ -->\n<title>LAMPARA DE COLGAR M-HEO 40 | Kilim-Age<\/title>\n<meta name=\"robots\" content=\"index, follow, max-snippet:-1, max-image-preview:large, max-video-preview:-1\" \/>\n<link rel=\"canonical\" href=\"https:\/\/www.kilim-age.com\/en\/producto\/silver-pendant-lamp-m-heo-40\/\" \/>\n<meta property=\"og:locale\" content=\"es_ES\" \/>\n<meta property=\"og:type\" content=\"article\" \/>\n<meta property=\"og:title\" content=\"LAMPARA DE COLGAR M-HEO 40 | Kilim-Age\" \/>\n<meta property=\"og:description\" content=\"Producto: L\u00e1mpara colgante C\u00f3digo: MHEO 40 Material: Esta\u00f1o niquelado Color: plata Dimensiones: 30 \u00d8 x 40 cm Altura: 100 cm\" \/>\n<meta property=\"og:url\" content=\"https:\/\/www.kilim-age.com\/en\/producto\/silver-pendant-lamp-m-heo-40\/\" \/>\n<meta property=\"og:site_name\" content=\"Kilim-Age\" \/>\n<meta property=\"article:modified_time\" content=\"2019-01-22T17:12:34+00:00\" \/>\n<meta property=\"og:image\" content=\"https:\/\/www.kilim-age.com\/wp-content\/uploads\/2018\/04\/08E7CED5-C8A7-4B06-BAD3-726C438FDDB4-e1547837174655.jpg\" \/>\n\t<meta property=\"og:image:width\" content=\"1000\" \/>\n\t<meta property=\"og:image:height\" content=\"1000\" \/>\n\t<meta property=\"og:image:type\" content=\"image\/jpeg\" \/>\n<meta name=\"twitter:card\" content=\"summary_large_image\" \/>\n<meta name=\"twitter:label1\" content=\"Tiempo de lectura\" \/>\n\t<meta name=\"twitter:data1\" content=\"1 minuto\" \/>\n<script type=\"application\/ld+json\" class=\"yoast-schema-graph\">{\"@context\":\"https:\/\/schema.org\",\"@graph\":[{\"@type\":\"WebPage\",\"@id\":\"https:\/\/www.kilim-age.com\/en\/producto\/silver-pendant-lamp-m-heo-40\/\",\"url\":\"https:\/\/www.kilim-age.com\/en\/producto\/silver-pendant-lamp-m-heo-40\/\",\"name\":\"LAMPARA DE COLGAR M-HEO 40 | Kilim-Age\",\"isPartOf\":{\"@id\":\"https:\/\/kilim-age.com\/es\/#website\"},\"primaryImageOfPage\":{\"@id\":\"https:\/\/www.kilim-age.com\/en\/producto\/silver-pendant-lamp-m-heo-40\/#primaryimage\"},\"image\":{\"@id\":\"https:\/\/www.kilim-age.com\/en\/producto\/silver-pendant-lamp-m-heo-40\/#primaryimage\"},\"thumbnailUrl\":\"https:\/\/kilim-age.com\/wp-content\/uploads\/2018\/04\/08E7CED5-C8A7-4B06-BAD3-726C438FDDB4-e1547837174655.jpg\",\"datePublished\":\"2018-04-06T18:11:57+00:00\",\"dateModified\":\"2019-01-22T17:12:34+00:00\",\"breadcrumb\":{\"@id\":\"https:\/\/www.kilim-age.com\/en\/producto\/silver-pendant-lamp-m-heo-40\/#breadcrumb\"},\"inLanguage\":\"es\",\"potentialAction\":[{\"@type\":\"ReadAction\",\"target\":[\"https:\/\/www.kilim-age.com\/en\/producto\/silver-pendant-lamp-m-heo-40\/\"]}]},{\"@type\":\"ImageObject\",\"inLanguage\":\"es\",\"@id\":\"https:\/\/www.kilim-age.com\/en\/producto\/silver-pendant-lamp-m-heo-40\/#primaryimage\",\"url\":\"https:\/\/kilim-age.com\/wp-content\/uploads\/2018\/04\/08E7CED5-C8A7-4B06-BAD3-726C438FDDB4-e1547837174655.jpg\",\"contentUrl\":\"https:\/\/kilim-age.com\/wp-content\/uploads\/2018\/04\/08E7CED5-C8A7-4B06-BAD3-726C438FDDB4-e1547837174655.jpg\",\"width\":1000,\"height\":1000},{\"@type\":\"BreadcrumbList\",\"@id\":\"https:\/\/www.kilim-age.com\/en\/producto\/silver-pendant-lamp-m-heo-40\/#breadcrumb\",\"itemListElement\":[{\"@type\":\"ListItem\",\"position\":1,\"name\":\"Home\",\"item\":\"https:\/\/kilim-age.com\/es\/\"},{\"@type\":\"ListItem\",\"position\":2,\"name\":\"Shop\",\"item\":\"https:\/\/www.kilim-age.com\/es\/shop\/\"},{\"@type\":\"ListItem\",\"position\":3,\"name\":\"SILVER PENDANT LAMP M-HEO 40\"}]},{\"@type\":\"WebSite\",\"@id\":\"https:\/\/kilim-age.com\/es\/#website\",\"url\":\"https:\/\/kilim-age.com\/es\/\",\"name\":\"Kilim-Age\",\"description\":\"Somos especialistas en productos artesanales de Turqu\u00eda como Alfombras, y Kilims\",\"potentialAction\":[{\"@type\":\"SearchAction\",\"target\":{\"@type\":\"EntryPoint\",\"urlTemplate\":\"https:\/\/kilim-age.com\/es\/?s={search_term_string}\"},\"query-input\":{\"@type\":\"PropertyValueSpecification\",\"valueRequired\":true,\"valueName\":\"search_term_string\"}}],\"inLanguage\":\"es\"}]}<\/script>\n<!-- \/ Yoast SEO plugin. -->","yoast_head_json":{"title":"LAMPARA DE COLGAR M-HEO 40 | Kilim-Age","robots":{"index":"index","follow":"follow","max-snippet":"max-snippet:-1","max-image-preview":"max-image-preview:large","max-video-preview":"max-video-preview:-1"},"canonical":"https:\/\/www.kilim-age.com\/en\/producto\/silver-pendant-lamp-m-heo-40\/","og_locale":"es_ES","og_type":"article","og_title":"LAMPARA DE COLGAR M-HEO 40 | Kilim-Age","og_description":"Producto: L\u00e1mpara colgante C\u00f3digo: MHEO 40 Material: Esta\u00f1o niquelado Color: plata Dimensiones: 30 \u00d8 x 40 cm Altura: 100 cm","og_url":"https:\/\/www.kilim-age.com\/en\/producto\/silver-pendant-lamp-m-heo-40\/","og_site_name":"Kilim-Age","article_modified_time":"2019-01-22T17:12:34+00:00","og_image":[{"width":1000,"height":1000,"url":"https:\/\/www.kilim-age.com\/wp-content\/uploads\/2018\/04\/08E7CED5-C8A7-4B06-BAD3-726C438FDDB4-e1547837174655.jpg","type":"image\/jpeg"}],"twitter_card":"summary_large_image","twitter_misc":{"Tiempo de lectura":"1 minuto"},"schema":{"@context":"https:\/\/schema.org","@graph":[{"@type":"WebPage","@id":"https:\/\/www.kilim-age.com\/en\/producto\/silver-pendant-lamp-m-heo-40\/","url":"https:\/\/www.kilim-age.com\/en\/producto\/silver-pendant-lamp-m-heo-40\/","name":"LAMPARA DE COLGAR M-HEO 40 | Kilim-Age","isPartOf":{"@id":"https:\/\/kilim-age.com\/es\/#website"},"primaryImageOfPage":{"@id":"https:\/\/www.kilim-age.com\/en\/producto\/silver-pendant-lamp-m-heo-40\/#primaryimage"},"image":{"@id":"https:\/\/www.kilim-age.com\/en\/producto\/silver-pendant-lamp-m-heo-40\/#primaryimage"},"thumbnailUrl":"https:\/\/kilim-age.com\/wp-content\/uploads\/2018\/04\/08E7CED5-C8A7-4B06-BAD3-726C438FDDB4-e1547837174655.jpg","datePublished":"2018-04-06T18:11:57+00:00","dateModified":"2019-01-22T17:12:34+00:00","breadcrumb":{"@id":"https:\/\/www.kilim-age.com\/en\/producto\/silver-pendant-lamp-m-heo-40\/#breadcrumb"},"inLanguage":"es","potentialAction":[{"@type":"ReadAction","target":["https:\/\/www.kilim-age.com\/en\/producto\/silver-pendant-lamp-m-heo-40\/"]}]},{"@type":"ImageObject","inLanguage":"es","@id":"https:\/\/www.kilim-age.com\/en\/producto\/silver-pendant-lamp-m-heo-40\/#primaryimage","url":"https:\/\/kilim-age.com\/wp-content\/uploads\/2018\/04\/08E7CED5-C8A7-4B06-BAD3-726C438FDDB4-e1547837174655.jpg","contentUrl":"https:\/\/kilim-age.com\/wp-content\/uploads\/2018\/04\/08E7CED5-C8A7-4B06-BAD3-726C438FDDB4-e1547837174655.jpg","width":1000,"height":1000},{"@type":"BreadcrumbList","@id":"https:\/\/www.kilim-age.com\/en\/producto\/silver-pendant-lamp-m-heo-40\/#breadcrumb","itemListElement":[{"@type":"ListItem","position":1,"name":"Home","item":"https:\/\/kilim-age.com\/es\/"},{"@type":"ListItem","position":2,"name":"Shop","item":"https:\/\/www.kilim-age.com\/es\/shop\/"},{"@type":"ListItem","position":3,"name":"SILVER PENDANT LAMP M-HEO 40"}]},{"@type":"WebSite","@id":"https:\/\/kilim-age.com\/es\/#website","url":"https:\/\/kilim-age.com\/es\/","name":"Kilim-Age","description":"Somos especialistas en productos artesanales de Turqu\u00eda como Alfombras, y Kilims","potentialAction":[{"@type":"SearchAction","target":{"@type":"EntryPoint","urlTemplate":"https:\/\/kilim-age.com\/es\/?s={search_term_string}"},"query-input":{"@type":"PropertyValueSpecification","valueRequired":true,"valueName":"search_term_string"}}],"inLanguage":"es"}]}},"_links":{"self":[{"href":"https:\/\/kilim-age.com\/es\/wp-json\/wp\/v2\/product\/6094","targetHints":{"allow":["GET"]}}],"collection":[{"href":"https:\/\/kilim-age.com\/es\/wp-json\/wp\/v2\/product"}],"about":[{"href":"https:\/\/kilim-age.com\/es\/wp-json\/wp\/v2\/types\/product"}],"replies":[{"embeddable":true,"href":"https:\/\/kilim-age.com\/es\/wp-json\/wp\/v2\/comments?post=6094"}],"wp:featuredmedia":[{"embeddable":true,"href":"https:\/\/kilim-age.com\/es\/wp-json\/wp\/v2\/media\/6124"}],"wp:attachment":[{"href":"https:\/\/kilim-age.com\/es\/wp-json\/wp\/v2\/media?parent=6094"}],"wp:term":[{"taxonomy":"product_brand","embeddable":true,"href":"https:\/\/kilim-age.com\/es\/wp-json\/wp\/v2\/product_brand?post=6094"},{"taxonomy":"product_cat","embeddable":true,"href":"https:\/\/kilim-age.com\/es\/wp-json\/wp\/v2\/product_cat?post=6094"},{"taxonomy":"product_tag","embeddable":true,"href":"https:\/\/kilim-age.com\/es\/wp-json\/wp\/v2\/product_tag?post=6094"}],"curies":[{"name":"wp","href":"https:\/\/api.w.org\/{rel}","templated":true}]}}