{"id":6032,"date":"2018-03-30T18:58:13","date_gmt":"2018-03-30T18:58:13","guid":{"rendered":"http:\/\/kilim-age.com\/?post_type=product&#038;p=6032"},"modified":"2025-06-16T23:18:02","modified_gmt":"2025-06-16T21:18:02","slug":"anatolian-silk-kilim-122-x-118-cm","status":"publish","type":"product","link":"https:\/\/kilim-age.com\/es\/producto\/anatolian-silk-kilim-122-x-118-cm\/","title":{"rendered":"KILIM SEDA 122 X 118 cm"},"content":{"rendered":"Kilim seda anudado a mano en Turqu\u00eda. Pieza exclusiva y \u00fanica! Realizaci\u00f3n de un kilim de seda con estas caracter\u00edsticas, aproximadamente tardar\u00edan entre 7 o 8 meses de trabajo en hacerlo.<\/p>\n<p>\u00bfQUE ES KILIM?<\/p>\n<p>El kilim es un tejido simple con un urdimbre y tramo. B\u00e1sicamente se distingue por no tener \u201cpelos\u201d como la alfombra.<br \/>\nNacieron hace unos 3.500 a\u00f1os en Asia Central, desde donde se fueron extendiendo hacia Europa Oriental,<br \/>\n\u00c1frica del Norte y m\u00e1s tarde Europa Occidental. Son consideradas, por tanto, las alfombras m\u00e1s antiguas del mundo.<br \/>\nEl origen n\u00f3mada de quienes lo usaban en la antig\u00fcedad, hicieron que tuviesen una caracter\u00edstica especial en la trama de urdimbre, plana y sin nudos, para evitar el paso de la arena del desierto, ya que acompa\u00f1aban a sus due\u00f1os como maletas o como divisorios en las tiendas que armaban en los viajes. Los dise\u00f1os estaban llenos de simbolismo, de deseos, de mensajes o de pedidos por ejemplo los motivos con forma de (S) anunciaban un feliz acontecimiento. En general se confeccionaban sin un patr\u00f3n previo que los daba espontaneidad y exclusividad a cada pieza, los actuales no respetan a estos tradiciones pero mantienen el esp\u00edritu \u00e1gil del tejido original.<br \/>\nUna de las principales ventajas del kilim es pesa muy poco, es liviana y nos transmite una imagen fresca y ligera.","protected":false},"excerpt":{"rendered":"<p>Fabricaci\u00f3n: Hecho a mano<br \/>\nTama\u00f1o: 122 X 118 cm<br \/>\nEstado: Nuevo<br \/>\nOrigen: Turqu\u00eda, Usak<br \/>\nMaterial: Seda<br \/>\nGrosor aprox: 1-2 mm<br \/>\nTe\u00f1ido con colores naturales<br \/>\nLos colores de la alfombra se percibir\u00e1n de formas diferentes dependiendo del \u00e1ngulo de visi\u00f3n<br \/>\nPlazo de entrega: 2-5 d\u00edas h\u00e1biles en Espa\u00f1a peninsular.<br \/>\nEuropa: 5-7 d\u00edas h\u00e1biles, resto de continentes 7-10 d\u00edas.<\/p>\n","protected":false},"featured_media":6033,"comment_status":"open","ping_status":"closed","template":"","meta":[],"product_brand":[],"product_cat":[61,829],"product_tag":[72,88,89],"class_list":{"0":"post-6032","1":"product","2":"type-product","3":"status-publish","4":"has-post-thumbnail","6":"product_cat-kilims","7":"product_cat-toda-la-coleccion-kilim","8":"product_tag-kilim","9":"product_tag-kilim-seda","10":"product_tag-silk-kilim","11":"product_shipping_class-kilim-pequeno","12":"pa_ancho-cm-909","13":"pa_ancho-cm-1049","14":"pa_color-azul","15":"pa_color-beige","16":"pa_color-blanco","17":"pa_color-dorado","18":"pa_color-naranja","19":"pa_color-turquesa","20":"pa_largo-cm-967","21":"pa_medida-pequenos","23":"first","24":"instock","25":"sale","26":"sold-individually","27":"taxable","28":"shipping-taxable","29":"purchasable","30":"product-type-simple"},"yoast_head":"<!-- This site is optimized with the Yoast SEO plugin v24.8.1 - https:\/\/yoast.com\/wordpress\/plugins\/seo\/ -->\n<title>KILIM SEDA 122 X 118 cm | Kilim-Age<\/title>\n<meta name=\"robots\" content=\"index, follow, max-snippet:-1, max-image-preview:large, max-video-preview:-1\" \/>\n<link rel=\"canonical\" href=\"https:\/\/kilim-age.com\/es\/producto\/anatolian-silk-kilim-122-x-118-cm\/\" \/>\n<meta property=\"og:locale\" content=\"es_ES\" \/>\n<meta property=\"og:type\" content=\"article\" \/>\n<meta property=\"og:title\" content=\"KILIM SEDA 122 X 118 cm | Kilim-Age\" \/>\n<meta property=\"og:description\" content=\"Fabricaci\u00f3n: Hecho a mano Tama\u00f1o: 122 X 118 cm Estado: Nuevo Origen: Turqu\u00eda, Usak Material: Seda Grosor aprox: 1-2 mm Te\u00f1ido con colores naturales Los colores de la alfombra se percibir\u00e1n de formas diferentes dependiendo del \u00e1ngulo de visi\u00f3n Plazo de entrega: 2-5 d\u00edas h\u00e1biles en Espa\u00f1a peninsular. Europa: 5-7 d\u00edas h\u00e1biles, resto de continentes 7-10 d\u00edas.\" \/>\n<meta property=\"og:url\" content=\"https:\/\/kilim-age.com\/es\/producto\/anatolian-silk-kilim-122-x-118-cm\/\" \/>\n<meta property=\"og:site_name\" content=\"Kilim-Age\" \/>\n<meta property=\"article:modified_time\" content=\"2025-06-16T21:18:02+00:00\" \/>\n<meta property=\"og:image\" content=\"https:\/\/kilim-age.com\/wp-content\/uploads\/2018\/03\/IMG_1418-web-ka-367-122x118.jpg\" \/>\n\t<meta property=\"og:image:width\" content=\"1000\" \/>\n\t<meta property=\"og:image:height\" content=\"1300\" \/>\n\t<meta property=\"og:image:type\" content=\"image\/jpeg\" \/>\n<meta name=\"twitter:card\" content=\"summary_large_image\" \/>\n<meta name=\"twitter:label1\" content=\"Tiempo de lectura\" \/>\n\t<meta name=\"twitter:data1\" content=\"1 minuto\" \/>\n<script type=\"application\/ld+json\" class=\"yoast-schema-graph\">{\"@context\":\"https:\/\/schema.org\",\"@graph\":[{\"@type\":\"WebPage\",\"@id\":\"https:\/\/kilim-age.com\/es\/producto\/anatolian-silk-kilim-122-x-118-cm\/\",\"url\":\"https:\/\/kilim-age.com\/es\/producto\/anatolian-silk-kilim-122-x-118-cm\/\",\"name\":\"KILIM SEDA 122 X 118 cm | Kilim-Age\",\"isPartOf\":{\"@id\":\"https:\/\/kilim-age.com\/en\/#website\"},\"primaryImageOfPage\":{\"@id\":\"https:\/\/kilim-age.com\/es\/producto\/anatolian-silk-kilim-122-x-118-cm\/#primaryimage\"},\"image\":{\"@id\":\"https:\/\/kilim-age.com\/es\/producto\/anatolian-silk-kilim-122-x-118-cm\/#primaryimage\"},\"thumbnailUrl\":\"https:\/\/kilim-age.com\/wp-content\/uploads\/2018\/03\/IMG_1418-web-ka-367-122x118.jpg\",\"datePublished\":\"2018-03-30T18:58:13+00:00\",\"dateModified\":\"2025-06-16T21:18:02+00:00\",\"breadcrumb\":{\"@id\":\"https:\/\/kilim-age.com\/es\/producto\/anatolian-silk-kilim-122-x-118-cm\/#breadcrumb\"},\"inLanguage\":\"es\",\"potentialAction\":[{\"@type\":\"ReadAction\",\"target\":[\"https:\/\/kilim-age.com\/es\/producto\/anatolian-silk-kilim-122-x-118-cm\/\"]}]},{\"@type\":\"ImageObject\",\"inLanguage\":\"es\",\"@id\":\"https:\/\/kilim-age.com\/es\/producto\/anatolian-silk-kilim-122-x-118-cm\/#primaryimage\",\"url\":\"https:\/\/kilim-age.com\/wp-content\/uploads\/2018\/03\/IMG_1418-web-ka-367-122x118.jpg\",\"contentUrl\":\"https:\/\/kilim-age.com\/wp-content\/uploads\/2018\/03\/IMG_1418-web-ka-367-122x118.jpg\",\"width\":1000,\"height\":1300,\"caption\":\"Kilim seda\"},{\"@type\":\"BreadcrumbList\",\"@id\":\"https:\/\/kilim-age.com\/es\/producto\/anatolian-silk-kilim-122-x-118-cm\/#breadcrumb\",\"itemListElement\":[{\"@type\":\"ListItem\",\"position\":1,\"name\":\"Home\",\"item\":\"https:\/\/kilim-age.com\/en\/\"},{\"@type\":\"ListItem\",\"position\":2,\"name\":\"Shop\",\"item\":\"https:\/\/kilim-age.com\/es\/shop\/\"},{\"@type\":\"ListItem\",\"position\":3,\"name\":\"KILIM SEDA 122 X 118 cm\"}]},{\"@type\":\"WebSite\",\"@id\":\"https:\/\/kilim-age.com\/en\/#website\",\"url\":\"https:\/\/kilim-age.com\/en\/\",\"name\":\"Kilim-Age\",\"description\":\"Somos especialistas en productos artesanales de Turqu\u00eda como Alfombras, y Kilims\",\"potentialAction\":[{\"@type\":\"SearchAction\",\"target\":{\"@type\":\"EntryPoint\",\"urlTemplate\":\"https:\/\/kilim-age.com\/en\/?s={search_term_string}\"},\"query-input\":{\"@type\":\"PropertyValueSpecification\",\"valueRequired\":true,\"valueName\":\"search_term_string\"}}],\"inLanguage\":\"es\"}]}<\/script>\n<!-- \/ Yoast SEO plugin. -->","yoast_head_json":{"title":"KILIM SEDA 122 X 118 cm | Kilim-Age","robots":{"index":"index","follow":"follow","max-snippet":"max-snippet:-1","max-image-preview":"max-image-preview:large","max-video-preview":"max-video-preview:-1"},"canonical":"https:\/\/kilim-age.com\/es\/producto\/anatolian-silk-kilim-122-x-118-cm\/","og_locale":"es_ES","og_type":"article","og_title":"KILIM SEDA 122 X 118 cm | Kilim-Age","og_description":"Fabricaci\u00f3n: Hecho a mano Tama\u00f1o: 122 X 118 cm Estado: Nuevo Origen: Turqu\u00eda, Usak Material: Seda Grosor aprox: 1-2 mm Te\u00f1ido con colores naturales Los colores de la alfombra se percibir\u00e1n de formas diferentes dependiendo del \u00e1ngulo de visi\u00f3n Plazo de entrega: 2-5 d\u00edas h\u00e1biles en Espa\u00f1a peninsular. Europa: 5-7 d\u00edas h\u00e1biles, resto de continentes 7-10 d\u00edas.","og_url":"https:\/\/kilim-age.com\/es\/producto\/anatolian-silk-kilim-122-x-118-cm\/","og_site_name":"Kilim-Age","article_modified_time":"2025-06-16T21:18:02+00:00","og_image":[{"width":1000,"height":1300,"url":"https:\/\/kilim-age.com\/wp-content\/uploads\/2018\/03\/IMG_1418-web-ka-367-122x118.jpg","type":"image\/jpeg"}],"twitter_card":"summary_large_image","twitter_misc":{"Tiempo de lectura":"1 minuto"},"schema":{"@context":"https:\/\/schema.org","@graph":[{"@type":"WebPage","@id":"https:\/\/kilim-age.com\/es\/producto\/anatolian-silk-kilim-122-x-118-cm\/","url":"https:\/\/kilim-age.com\/es\/producto\/anatolian-silk-kilim-122-x-118-cm\/","name":"KILIM SEDA 122 X 118 cm | Kilim-Age","isPartOf":{"@id":"https:\/\/kilim-age.com\/en\/#website"},"primaryImageOfPage":{"@id":"https:\/\/kilim-age.com\/es\/producto\/anatolian-silk-kilim-122-x-118-cm\/#primaryimage"},"image":{"@id":"https:\/\/kilim-age.com\/es\/producto\/anatolian-silk-kilim-122-x-118-cm\/#primaryimage"},"thumbnailUrl":"https:\/\/kilim-age.com\/wp-content\/uploads\/2018\/03\/IMG_1418-web-ka-367-122x118.jpg","datePublished":"2018-03-30T18:58:13+00:00","dateModified":"2025-06-16T21:18:02+00:00","breadcrumb":{"@id":"https:\/\/kilim-age.com\/es\/producto\/anatolian-silk-kilim-122-x-118-cm\/#breadcrumb"},"inLanguage":"es","potentialAction":[{"@type":"ReadAction","target":["https:\/\/kilim-age.com\/es\/producto\/anatolian-silk-kilim-122-x-118-cm\/"]}]},{"@type":"ImageObject","inLanguage":"es","@id":"https:\/\/kilim-age.com\/es\/producto\/anatolian-silk-kilim-122-x-118-cm\/#primaryimage","url":"https:\/\/kilim-age.com\/wp-content\/uploads\/2018\/03\/IMG_1418-web-ka-367-122x118.jpg","contentUrl":"https:\/\/kilim-age.com\/wp-content\/uploads\/2018\/03\/IMG_1418-web-ka-367-122x118.jpg","width":1000,"height":1300,"caption":"Kilim seda"},{"@type":"BreadcrumbList","@id":"https:\/\/kilim-age.com\/es\/producto\/anatolian-silk-kilim-122-x-118-cm\/#breadcrumb","itemListElement":[{"@type":"ListItem","position":1,"name":"Home","item":"https:\/\/kilim-age.com\/en\/"},{"@type":"ListItem","position":2,"name":"Shop","item":"https:\/\/kilim-age.com\/es\/shop\/"},{"@type":"ListItem","position":3,"name":"KILIM SEDA 122 X 118 cm"}]},{"@type":"WebSite","@id":"https:\/\/kilim-age.com\/en\/#website","url":"https:\/\/kilim-age.com\/en\/","name":"Kilim-Age","description":"Somos especialistas en productos artesanales de Turqu\u00eda como Alfombras, y Kilims","potentialAction":[{"@type":"SearchAction","target":{"@type":"EntryPoint","urlTemplate":"https:\/\/kilim-age.com\/en\/?s={search_term_string}"},"query-input":{"@type":"PropertyValueSpecification","valueRequired":true,"valueName":"search_term_string"}}],"inLanguage":"es"}]}},"_links":{"self":[{"href":"https:\/\/kilim-age.com\/es\/wp-json\/wp\/v2\/product\/6032","targetHints":{"allow":["GET"]}}],"collection":[{"href":"https:\/\/kilim-age.com\/es\/wp-json\/wp\/v2\/product"}],"about":[{"href":"https:\/\/kilim-age.com\/es\/wp-json\/wp\/v2\/types\/product"}],"replies":[{"embeddable":true,"href":"https:\/\/kilim-age.com\/es\/wp-json\/wp\/v2\/comments?post=6032"}],"wp:featuredmedia":[{"embeddable":true,"href":"https:\/\/kilim-age.com\/es\/wp-json\/wp\/v2\/media\/6033"}],"wp:attachment":[{"href":"https:\/\/kilim-age.com\/es\/wp-json\/wp\/v2\/media?parent=6032"}],"wp:term":[{"taxonomy":"product_brand","embeddable":true,"href":"https:\/\/kilim-age.com\/es\/wp-json\/wp\/v2\/product_brand?post=6032"},{"taxonomy":"product_cat","embeddable":true,"href":"https:\/\/kilim-age.com\/es\/wp-json\/wp\/v2\/product_cat?post=6032"},{"taxonomy":"product_tag","embeddable":true,"href":"https:\/\/kilim-age.com\/es\/wp-json\/wp\/v2\/product_tag?post=6032"}],"curies":[{"name":"wp","href":"https:\/\/api.w.org\/{rel}","templated":true}]}}