{"id":5742,"date":"2018-03-06T16:49:26","date_gmt":"2018-03-06T16:49:26","guid":{"rendered":"http:\/\/kilim-age.com\/?post_type=product&#038;p=5742"},"modified":"2025-06-16T23:23:17","modified_gmt":"2025-06-16T21:23:17","slug":"anatolian-cicim-kilim-262-x-194-cm","status":"publish","type":"product","link":"https:\/\/kilim-age.com\/es\/producto\/anatolian-cicim-kilim-262-x-194-cm\/","title":{"rendered":"ANATOLIAN CICIM KILIM 262 X 194 cm"},"content":{"rendered":"El Kilim cicim es un tipo de t\u00e9cnica plana, bastante parecido, pero m\u00e1s fuerte y m\u00e1s grueso que el kilim, con una cara frontal lisa y una espalda desigual, a diferencia del kilim que es suave a ambos lados. El cicim carece de las rendijas caracter\u00edsticas del kilim, ya que usualmente se teje con hilos de trama suplementarios como soportes continuos.<br \/>\nLa t\u00e9cnica consiste en envolver hilos de trama de color sobre y debajo de los hilos de urdimbre, dando como resultado un fuerte tejido.","protected":false},"excerpt":{"rendered":"<p>Fabricaci\u00f3n: Hecho a mano<br \/>\nTama\u00f1o: 262 X 194 cm<br \/>\nEstado: 30-40 a\u00f1os<br \/>\nOrigen: Turqu\u00eda, centro de Anatolia<br \/>\nPelo: Lana<br \/>\nUrdimbre: Lana<br \/>\nGrosor aprox: 2-3 mm<br \/>\nTe\u00f1ido natural, la lana hilada a mano.<br \/>\nLos colores de la alfombra se percibir\u00e1n de formas diferentes dependiendo del \u00e1ngulo de visi\u00f3n<br \/>\nPlazo de entrega:2-5 d\u00edas h\u00e1biles en Espa\u00f1a.<br \/>\nEuropa: 5-7 d\u00edas h\u00e1biles, resto de continentes 7-10 d\u00edas.<\/p>\n","protected":false},"featured_media":5743,"comment_status":"open","ping_status":"closed","template":"","meta":[],"product_brand":[],"product_cat":[1054,61,829],"product_tag":[168,72,81,74,253],"class_list":{"0":"post-5742","1":"product","2":"type-product","3":"status-publish","4":"has-post-thumbnail","6":"product_cat-ofertas","7":"product_cat-kilims","8":"product_cat-toda-la-coleccion-kilim","9":"product_tag-cicim-kilim","10":"product_tag-kilim","11":"product_tag-kilim-cicim","12":"product_tag-kilim-turca","13":"product_tag-turkish-kilim","14":"product_shipping_class-kilim-pequeno","15":"pa_ancho-cm-1006","16":"pa_color-amarillo","17":"pa_color-azul","18":"pa_color-beige","19":"pa_color-multicolor","20":"pa_color-naranja","21":"pa_color-rojo","22":"pa_color-rosa","23":"pa_color-turquesa","24":"pa_largo-cm-961","25":"pa_medida-grandes","26":"pa_medida-medianos","28":"first","29":"instock","30":"sale","31":"sold-individually","32":"taxable","33":"shipping-taxable","34":"purchasable","35":"product-type-simple"},"yoast_head":"<!-- This site is optimized with the Yoast SEO plugin v24.8.1 - https:\/\/yoast.com\/wordpress\/plugins\/seo\/ -->\n<title>ANATOLIAN CICIM KILIM 262 X 194 cm | Kilim-Age<\/title>\n<meta name=\"robots\" content=\"index, follow, max-snippet:-1, max-image-preview:large, max-video-preview:-1\" \/>\n<link rel=\"canonical\" href=\"https:\/\/www.kilim-age.com\/es\/producto\/anatolian-cicim-kilim-262-x-194-cm\/\" \/>\n<meta property=\"og:locale\" content=\"es_ES\" \/>\n<meta property=\"og:type\" content=\"article\" \/>\n<meta property=\"og:title\" content=\"ANATOLIAN CICIM KILIM 262 X 194 cm | Kilim-Age\" \/>\n<meta property=\"og:description\" content=\"Fabricaci\u00f3n: Hecho a mano Tama\u00f1o: 262 X 194 cm Estado: 30-40 a\u00f1os Origen: Turqu\u00eda, centro de Anatolia Pelo: Lana Urdimbre: Lana Grosor aprox: 2-3 mm Te\u00f1ido natural, la lana hilada a mano. Los colores de la alfombra se percibir\u00e1n de formas diferentes dependiendo del \u00e1ngulo de visi\u00f3n Plazo de entrega:2-5 d\u00edas h\u00e1biles en Espa\u00f1a. Europa: 5-7 d\u00edas h\u00e1biles, resto de continentes 7-10 d\u00edas.\" \/>\n<meta property=\"og:url\" content=\"https:\/\/www.kilim-age.com\/es\/producto\/anatolian-cicim-kilim-262-x-194-cm\/\" \/>\n<meta property=\"og:site_name\" content=\"Kilim-Age\" \/>\n<meta property=\"article:modified_time\" content=\"2025-06-16T21:23:17+00:00\" \/>\n<meta property=\"og:image\" content=\"https:\/\/www.kilim-age.com\/wp-content\/uploads\/2018\/03\/IMG_1060-WEB-KA-152-262X194.jpg\" \/>\n\t<meta property=\"og:image:width\" content=\"1000\" \/>\n\t<meta property=\"og:image:height\" content=\"1300\" \/>\n\t<meta property=\"og:image:type\" content=\"image\/jpeg\" \/>\n<meta name=\"twitter:card\" content=\"summary_large_image\" \/>\n<meta name=\"twitter:label1\" content=\"Tiempo de lectura\" \/>\n\t<meta name=\"twitter:data1\" content=\"1 minuto\" \/>\n<script type=\"application\/ld+json\" class=\"yoast-schema-graph\">{\"@context\":\"https:\/\/schema.org\",\"@graph\":[{\"@type\":\"WebPage\",\"@id\":\"https:\/\/www.kilim-age.com\/es\/producto\/anatolian-cicim-kilim-262-x-194-cm\/\",\"url\":\"https:\/\/www.kilim-age.com\/es\/producto\/anatolian-cicim-kilim-262-x-194-cm\/\",\"name\":\"ANATOLIAN CICIM KILIM 262 X 194 cm | Kilim-Age\",\"isPartOf\":{\"@id\":\"https:\/\/kilim-age.com\/en\/#website\"},\"primaryImageOfPage\":{\"@id\":\"https:\/\/www.kilim-age.com\/es\/producto\/anatolian-cicim-kilim-262-x-194-cm\/#primaryimage\"},\"image\":{\"@id\":\"https:\/\/www.kilim-age.com\/es\/producto\/anatolian-cicim-kilim-262-x-194-cm\/#primaryimage\"},\"thumbnailUrl\":\"https:\/\/kilim-age.com\/wp-content\/uploads\/2018\/03\/IMG_1060-WEB-KA-152-262X194.jpg\",\"datePublished\":\"2018-03-06T16:49:26+00:00\",\"dateModified\":\"2025-06-16T21:23:17+00:00\",\"breadcrumb\":{\"@id\":\"https:\/\/www.kilim-age.com\/es\/producto\/anatolian-cicim-kilim-262-x-194-cm\/#breadcrumb\"},\"inLanguage\":\"es\",\"potentialAction\":[{\"@type\":\"ReadAction\",\"target\":[\"https:\/\/www.kilim-age.com\/es\/producto\/anatolian-cicim-kilim-262-x-194-cm\/\"]}]},{\"@type\":\"ImageObject\",\"inLanguage\":\"es\",\"@id\":\"https:\/\/www.kilim-age.com\/es\/producto\/anatolian-cicim-kilim-262-x-194-cm\/#primaryimage\",\"url\":\"https:\/\/kilim-age.com\/wp-content\/uploads\/2018\/03\/IMG_1060-WEB-KA-152-262X194.jpg\",\"contentUrl\":\"https:\/\/kilim-age.com\/wp-content\/uploads\/2018\/03\/IMG_1060-WEB-KA-152-262X194.jpg\",\"width\":1000,\"height\":1300},{\"@type\":\"BreadcrumbList\",\"@id\":\"https:\/\/www.kilim-age.com\/es\/producto\/anatolian-cicim-kilim-262-x-194-cm\/#breadcrumb\",\"itemListElement\":[{\"@type\":\"ListItem\",\"position\":1,\"name\":\"Home\",\"item\":\"https:\/\/kilim-age.com\/en\/\"},{\"@type\":\"ListItem\",\"position\":2,\"name\":\"Shop\",\"item\":\"https:\/\/kilim-age.com\/es\/shop\/\"},{\"@type\":\"ListItem\",\"position\":3,\"name\":\"ANATOLIAN CICIM KILIM 262 X 194 cm\"}]},{\"@type\":\"WebSite\",\"@id\":\"https:\/\/kilim-age.com\/en\/#website\",\"url\":\"https:\/\/kilim-age.com\/en\/\",\"name\":\"Kilim-Age\",\"description\":\"Somos especialistas en productos artesanales de Turqu\u00eda como Alfombras, y Kilims\",\"potentialAction\":[{\"@type\":\"SearchAction\",\"target\":{\"@type\":\"EntryPoint\",\"urlTemplate\":\"https:\/\/kilim-age.com\/en\/?s={search_term_string}\"},\"query-input\":{\"@type\":\"PropertyValueSpecification\",\"valueRequired\":true,\"valueName\":\"search_term_string\"}}],\"inLanguage\":\"es\"}]}<\/script>\n<!-- \/ Yoast SEO plugin. -->","yoast_head_json":{"title":"ANATOLIAN CICIM KILIM 262 X 194 cm | Kilim-Age","robots":{"index":"index","follow":"follow","max-snippet":"max-snippet:-1","max-image-preview":"max-image-preview:large","max-video-preview":"max-video-preview:-1"},"canonical":"https:\/\/www.kilim-age.com\/es\/producto\/anatolian-cicim-kilim-262-x-194-cm\/","og_locale":"es_ES","og_type":"article","og_title":"ANATOLIAN CICIM KILIM 262 X 194 cm | Kilim-Age","og_description":"Fabricaci\u00f3n: Hecho a mano Tama\u00f1o: 262 X 194 cm Estado: 30-40 a\u00f1os Origen: Turqu\u00eda, centro de Anatolia Pelo: Lana Urdimbre: Lana Grosor aprox: 2-3 mm Te\u00f1ido natural, la lana hilada a mano. Los colores de la alfombra se percibir\u00e1n de formas diferentes dependiendo del \u00e1ngulo de visi\u00f3n Plazo de entrega:2-5 d\u00edas h\u00e1biles en Espa\u00f1a. Europa: 5-7 d\u00edas h\u00e1biles, resto de continentes 7-10 d\u00edas.","og_url":"https:\/\/www.kilim-age.com\/es\/producto\/anatolian-cicim-kilim-262-x-194-cm\/","og_site_name":"Kilim-Age","article_modified_time":"2025-06-16T21:23:17+00:00","og_image":[{"width":1000,"height":1300,"url":"https:\/\/www.kilim-age.com\/wp-content\/uploads\/2018\/03\/IMG_1060-WEB-KA-152-262X194.jpg","type":"image\/jpeg"}],"twitter_card":"summary_large_image","twitter_misc":{"Tiempo de lectura":"1 minuto"},"schema":{"@context":"https:\/\/schema.org","@graph":[{"@type":"WebPage","@id":"https:\/\/www.kilim-age.com\/es\/producto\/anatolian-cicim-kilim-262-x-194-cm\/","url":"https:\/\/www.kilim-age.com\/es\/producto\/anatolian-cicim-kilim-262-x-194-cm\/","name":"ANATOLIAN CICIM KILIM 262 X 194 cm | Kilim-Age","isPartOf":{"@id":"https:\/\/kilim-age.com\/en\/#website"},"primaryImageOfPage":{"@id":"https:\/\/www.kilim-age.com\/es\/producto\/anatolian-cicim-kilim-262-x-194-cm\/#primaryimage"},"image":{"@id":"https:\/\/www.kilim-age.com\/es\/producto\/anatolian-cicim-kilim-262-x-194-cm\/#primaryimage"},"thumbnailUrl":"https:\/\/kilim-age.com\/wp-content\/uploads\/2018\/03\/IMG_1060-WEB-KA-152-262X194.jpg","datePublished":"2018-03-06T16:49:26+00:00","dateModified":"2025-06-16T21:23:17+00:00","breadcrumb":{"@id":"https:\/\/www.kilim-age.com\/es\/producto\/anatolian-cicim-kilim-262-x-194-cm\/#breadcrumb"},"inLanguage":"es","potentialAction":[{"@type":"ReadAction","target":["https:\/\/www.kilim-age.com\/es\/producto\/anatolian-cicim-kilim-262-x-194-cm\/"]}]},{"@type":"ImageObject","inLanguage":"es","@id":"https:\/\/www.kilim-age.com\/es\/producto\/anatolian-cicim-kilim-262-x-194-cm\/#primaryimage","url":"https:\/\/kilim-age.com\/wp-content\/uploads\/2018\/03\/IMG_1060-WEB-KA-152-262X194.jpg","contentUrl":"https:\/\/kilim-age.com\/wp-content\/uploads\/2018\/03\/IMG_1060-WEB-KA-152-262X194.jpg","width":1000,"height":1300},{"@type":"BreadcrumbList","@id":"https:\/\/www.kilim-age.com\/es\/producto\/anatolian-cicim-kilim-262-x-194-cm\/#breadcrumb","itemListElement":[{"@type":"ListItem","position":1,"name":"Home","item":"https:\/\/kilim-age.com\/en\/"},{"@type":"ListItem","position":2,"name":"Shop","item":"https:\/\/kilim-age.com\/es\/shop\/"},{"@type":"ListItem","position":3,"name":"ANATOLIAN CICIM KILIM 262 X 194 cm"}]},{"@type":"WebSite","@id":"https:\/\/kilim-age.com\/en\/#website","url":"https:\/\/kilim-age.com\/en\/","name":"Kilim-Age","description":"Somos especialistas en productos artesanales de Turqu\u00eda como Alfombras, y Kilims","potentialAction":[{"@type":"SearchAction","target":{"@type":"EntryPoint","urlTemplate":"https:\/\/kilim-age.com\/en\/?s={search_term_string}"},"query-input":{"@type":"PropertyValueSpecification","valueRequired":true,"valueName":"search_term_string"}}],"inLanguage":"es"}]}},"_links":{"self":[{"href":"https:\/\/kilim-age.com\/es\/wp-json\/wp\/v2\/product\/5742","targetHints":{"allow":["GET"]}}],"collection":[{"href":"https:\/\/kilim-age.com\/es\/wp-json\/wp\/v2\/product"}],"about":[{"href":"https:\/\/kilim-age.com\/es\/wp-json\/wp\/v2\/types\/product"}],"replies":[{"embeddable":true,"href":"https:\/\/kilim-age.com\/es\/wp-json\/wp\/v2\/comments?post=5742"}],"wp:featuredmedia":[{"embeddable":true,"href":"https:\/\/kilim-age.com\/es\/wp-json\/wp\/v2\/media\/5743"}],"wp:attachment":[{"href":"https:\/\/kilim-age.com\/es\/wp-json\/wp\/v2\/media?parent=5742"}],"wp:term":[{"taxonomy":"product_brand","embeddable":true,"href":"https:\/\/kilim-age.com\/es\/wp-json\/wp\/v2\/product_brand?post=5742"},{"taxonomy":"product_cat","embeddable":true,"href":"https:\/\/kilim-age.com\/es\/wp-json\/wp\/v2\/product_cat?post=5742"},{"taxonomy":"product_tag","embeddable":true,"href":"https:\/\/kilim-age.com\/es\/wp-json\/wp\/v2\/product_tag?post=5742"}],"curies":[{"name":"wp","href":"https:\/\/api.w.org\/{rel}","templated":true}]}}