{"id":5645,"date":"2018-03-06T12:08:26","date_gmt":"2018-03-06T12:08:26","guid":{"rendered":"http:\/\/kilim-age.com\/?post_type=product&#038;p=5645"},"modified":"2025-06-16T23:24:25","modified_gmt":"2025-06-16T21:24:25","slug":"alfombra-patchwork-160-x-80-cm","status":"publish","type":"product","link":"https:\/\/kilim-age.com\/es\/producto\/alfombra-patchwork-160-x-80-cm\/","title":{"rendered":"ALFOMBRA PATCHWORK 160 X 80 cm"},"content":{"rendered":"ALFOMBRAS PATCHWORK<br \/>\nLas alfombras Patchwork est\u00e1n hechos con retazos de alfombras de vintage hechos a mano que aproximadamente suelen tener entre 20-30 a\u00f1os de antig\u00fcedad.<br \/>\nEl tradicional m\u00e9todo mosaico de los patchwork permite que las alfombras sean elaboradas en los tama\u00f1os deseados por cada cliente.<br \/>\nTodas nuestras alfombras de patchwork est\u00e1n elaboradas artesanalmente con los materiales de muy alta calidad.","protected":false},"excerpt":{"rendered":"<p>Fabricaci\u00f3n: Hecho a mano<br \/>\nTama\u00f1o: 160 X 80 cm.<br \/>\nN\u00famero de nudos: aprox 150000-300000 por m\u00b2<br \/>\nEstado: Nuevo<br \/>\nOrigen: Turqu\u00eda<br \/>\nPelo: Lana<br \/>\nUrdimbre: Algod\u00f3n<br \/>\nGrosor aprox: 7-8 mm.<br \/>\nTe\u00f1ido natural.<br \/>\nLos colores de la alfombra se percibir\u00e1n de formas diferentes dependiendo del \u00e1ngulo de visi\u00f3n.<br \/>\nPlazo de entrega: 2-5 d\u00edas h\u00e1biles en Espa\u00f1a.<br \/>\nEuropa: 5-7 d\u00edas h\u00e1biles, resto de continentes 7-10 d\u00edas.<\/p>\n","protected":false},"featured_media":5646,"comment_status":"open","ping_status":"closed","template":"","meta":[],"product_brand":[],"product_cat":[62,224],"product_tag":[71,94],"class_list":{"0":"post-5645","1":"product","2":"type-product","3":"status-publish","4":"has-post-thumbnail","6":"product_cat-alfombras-turcas","7":"product_cat-alfombras-patchwork","8":"product_tag-alfombras-patchwork","9":"product_tag-patchwork-carpets","10":"product_shipping_class-kilim-pequeno","11":"pa_medida-pasilleros","12":"pa_medida-pequenos","14":"first","15":"instock","16":"sale","17":"sold-individually","18":"taxable","19":"shipping-taxable","20":"purchasable","21":"product-type-simple"},"yoast_head":"<!-- This site is optimized with the Yoast SEO plugin v24.8.1 - https:\/\/yoast.com\/wordpress\/plugins\/seo\/ -->\n<title>ALFOMBRA PATCHWORK 160 X 80 cm | Kilim-Age<\/title>\n<meta name=\"robots\" content=\"index, follow, max-snippet:-1, max-image-preview:large, max-video-preview:-1\" \/>\n<link rel=\"canonical\" href=\"https:\/\/kilim-age.com\/es\/producto\/alfombra-patchwork-160-x-80-cm\/\" \/>\n<meta property=\"og:locale\" content=\"es_ES\" \/>\n<meta property=\"og:type\" content=\"article\" \/>\n<meta property=\"og:title\" content=\"ALFOMBRA PATCHWORK 160 X 80 cm | Kilim-Age\" \/>\n<meta property=\"og:description\" content=\"Fabricaci\u00f3n: Hecho a mano Tama\u00f1o: 160 X 80 cm. N\u00famero de nudos: aprox 150000-300000 por m\u00b2 Estado: Nuevo Origen: Turqu\u00eda Pelo: Lana Urdimbre: Algod\u00f3n Grosor aprox: 7-8 mm. Te\u00f1ido natural. Los colores de la alfombra se percibir\u00e1n de formas diferentes dependiendo del \u00e1ngulo de visi\u00f3n. Plazo de entrega: 2-5 d\u00edas h\u00e1biles en Espa\u00f1a. Europa: 5-7 d\u00edas h\u00e1biles, resto de continentes 7-10 d\u00edas.\" \/>\n<meta property=\"og:url\" content=\"https:\/\/kilim-age.com\/es\/producto\/alfombra-patchwork-160-x-80-cm\/\" \/>\n<meta property=\"og:site_name\" content=\"Kilim-Age\" \/>\n<meta property=\"article:modified_time\" content=\"2025-06-16T21:24:25+00:00\" \/>\n<meta property=\"og:image\" content=\"https:\/\/kilim-age.com\/wp-content\/uploads\/2018\/03\/IMG_0937-web-ka-1404-160x80.jpg\" \/>\n\t<meta property=\"og:image:width\" content=\"1000\" \/>\n\t<meta property=\"og:image:height\" content=\"1300\" \/>\n\t<meta property=\"og:image:type\" content=\"image\/jpeg\" \/>\n<meta name=\"twitter:card\" content=\"summary_large_image\" \/>\n<meta name=\"twitter:label1\" content=\"Tiempo de lectura\" \/>\n\t<meta name=\"twitter:data1\" content=\"1 minuto\" \/>\n<script type=\"application\/ld+json\" class=\"yoast-schema-graph\">{\"@context\":\"https:\/\/schema.org\",\"@graph\":[{\"@type\":\"WebPage\",\"@id\":\"https:\/\/kilim-age.com\/es\/producto\/alfombra-patchwork-160-x-80-cm\/\",\"url\":\"https:\/\/kilim-age.com\/es\/producto\/alfombra-patchwork-160-x-80-cm\/\",\"name\":\"ALFOMBRA PATCHWORK 160 X 80 cm | Kilim-Age\",\"isPartOf\":{\"@id\":\"https:\/\/kilim-age.com\/en\/#website\"},\"primaryImageOfPage\":{\"@id\":\"https:\/\/kilim-age.com\/es\/producto\/alfombra-patchwork-160-x-80-cm\/#primaryimage\"},\"image\":{\"@id\":\"https:\/\/kilim-age.com\/es\/producto\/alfombra-patchwork-160-x-80-cm\/#primaryimage\"},\"thumbnailUrl\":\"https:\/\/kilim-age.com\/wp-content\/uploads\/2018\/03\/IMG_0937-web-ka-1404-160x80.jpg\",\"datePublished\":\"2018-03-06T12:08:26+00:00\",\"dateModified\":\"2025-06-16T21:24:25+00:00\",\"breadcrumb\":{\"@id\":\"https:\/\/kilim-age.com\/es\/producto\/alfombra-patchwork-160-x-80-cm\/#breadcrumb\"},\"inLanguage\":\"es\",\"potentialAction\":[{\"@type\":\"ReadAction\",\"target\":[\"https:\/\/kilim-age.com\/es\/producto\/alfombra-patchwork-160-x-80-cm\/\"]}]},{\"@type\":\"ImageObject\",\"inLanguage\":\"es\",\"@id\":\"https:\/\/kilim-age.com\/es\/producto\/alfombra-patchwork-160-x-80-cm\/#primaryimage\",\"url\":\"https:\/\/kilim-age.com\/wp-content\/uploads\/2018\/03\/IMG_0937-web-ka-1404-160x80.jpg\",\"contentUrl\":\"https:\/\/kilim-age.com\/wp-content\/uploads\/2018\/03\/IMG_0937-web-ka-1404-160x80.jpg\",\"width\":1000,\"height\":1300},{\"@type\":\"BreadcrumbList\",\"@id\":\"https:\/\/kilim-age.com\/es\/producto\/alfombra-patchwork-160-x-80-cm\/#breadcrumb\",\"itemListElement\":[{\"@type\":\"ListItem\",\"position\":1,\"name\":\"Home\",\"item\":\"https:\/\/kilim-age.com\/en\/\"},{\"@type\":\"ListItem\",\"position\":2,\"name\":\"Shop\",\"item\":\"https:\/\/kilim-age.com\/es\/shop\/\"},{\"@type\":\"ListItem\",\"position\":3,\"name\":\"ALFOMBRA PATCHWORK 160 X 80 cm\"}]},{\"@type\":\"WebSite\",\"@id\":\"https:\/\/kilim-age.com\/en\/#website\",\"url\":\"https:\/\/kilim-age.com\/en\/\",\"name\":\"Kilim-Age\",\"description\":\"Somos especialistas en productos artesanales de Turqu\u00eda como Alfombras, y Kilims\",\"potentialAction\":[{\"@type\":\"SearchAction\",\"target\":{\"@type\":\"EntryPoint\",\"urlTemplate\":\"https:\/\/kilim-age.com\/en\/?s={search_term_string}\"},\"query-input\":{\"@type\":\"PropertyValueSpecification\",\"valueRequired\":true,\"valueName\":\"search_term_string\"}}],\"inLanguage\":\"es\"}]}<\/script>\n<!-- \/ Yoast SEO plugin. -->","yoast_head_json":{"title":"ALFOMBRA PATCHWORK 160 X 80 cm | Kilim-Age","robots":{"index":"index","follow":"follow","max-snippet":"max-snippet:-1","max-image-preview":"max-image-preview:large","max-video-preview":"max-video-preview:-1"},"canonical":"https:\/\/kilim-age.com\/es\/producto\/alfombra-patchwork-160-x-80-cm\/","og_locale":"es_ES","og_type":"article","og_title":"ALFOMBRA PATCHWORK 160 X 80 cm | Kilim-Age","og_description":"Fabricaci\u00f3n: Hecho a mano Tama\u00f1o: 160 X 80 cm. N\u00famero de nudos: aprox 150000-300000 por m\u00b2 Estado: Nuevo Origen: Turqu\u00eda Pelo: Lana Urdimbre: Algod\u00f3n Grosor aprox: 7-8 mm. Te\u00f1ido natural. Los colores de la alfombra se percibir\u00e1n de formas diferentes dependiendo del \u00e1ngulo de visi\u00f3n. Plazo de entrega: 2-5 d\u00edas h\u00e1biles en Espa\u00f1a. Europa: 5-7 d\u00edas h\u00e1biles, resto de continentes 7-10 d\u00edas.","og_url":"https:\/\/kilim-age.com\/es\/producto\/alfombra-patchwork-160-x-80-cm\/","og_site_name":"Kilim-Age","article_modified_time":"2025-06-16T21:24:25+00:00","og_image":[{"width":1000,"height":1300,"url":"https:\/\/kilim-age.com\/wp-content\/uploads\/2018\/03\/IMG_0937-web-ka-1404-160x80.jpg","type":"image\/jpeg"}],"twitter_card":"summary_large_image","twitter_misc":{"Tiempo de lectura":"1 minuto"},"schema":{"@context":"https:\/\/schema.org","@graph":[{"@type":"WebPage","@id":"https:\/\/kilim-age.com\/es\/producto\/alfombra-patchwork-160-x-80-cm\/","url":"https:\/\/kilim-age.com\/es\/producto\/alfombra-patchwork-160-x-80-cm\/","name":"ALFOMBRA PATCHWORK 160 X 80 cm | Kilim-Age","isPartOf":{"@id":"https:\/\/kilim-age.com\/en\/#website"},"primaryImageOfPage":{"@id":"https:\/\/kilim-age.com\/es\/producto\/alfombra-patchwork-160-x-80-cm\/#primaryimage"},"image":{"@id":"https:\/\/kilim-age.com\/es\/producto\/alfombra-patchwork-160-x-80-cm\/#primaryimage"},"thumbnailUrl":"https:\/\/kilim-age.com\/wp-content\/uploads\/2018\/03\/IMG_0937-web-ka-1404-160x80.jpg","datePublished":"2018-03-06T12:08:26+00:00","dateModified":"2025-06-16T21:24:25+00:00","breadcrumb":{"@id":"https:\/\/kilim-age.com\/es\/producto\/alfombra-patchwork-160-x-80-cm\/#breadcrumb"},"inLanguage":"es","potentialAction":[{"@type":"ReadAction","target":["https:\/\/kilim-age.com\/es\/producto\/alfombra-patchwork-160-x-80-cm\/"]}]},{"@type":"ImageObject","inLanguage":"es","@id":"https:\/\/kilim-age.com\/es\/producto\/alfombra-patchwork-160-x-80-cm\/#primaryimage","url":"https:\/\/kilim-age.com\/wp-content\/uploads\/2018\/03\/IMG_0937-web-ka-1404-160x80.jpg","contentUrl":"https:\/\/kilim-age.com\/wp-content\/uploads\/2018\/03\/IMG_0937-web-ka-1404-160x80.jpg","width":1000,"height":1300},{"@type":"BreadcrumbList","@id":"https:\/\/kilim-age.com\/es\/producto\/alfombra-patchwork-160-x-80-cm\/#breadcrumb","itemListElement":[{"@type":"ListItem","position":1,"name":"Home","item":"https:\/\/kilim-age.com\/en\/"},{"@type":"ListItem","position":2,"name":"Shop","item":"https:\/\/kilim-age.com\/es\/shop\/"},{"@type":"ListItem","position":3,"name":"ALFOMBRA PATCHWORK 160 X 80 cm"}]},{"@type":"WebSite","@id":"https:\/\/kilim-age.com\/en\/#website","url":"https:\/\/kilim-age.com\/en\/","name":"Kilim-Age","description":"Somos especialistas en productos artesanales de Turqu\u00eda como Alfombras, y Kilims","potentialAction":[{"@type":"SearchAction","target":{"@type":"EntryPoint","urlTemplate":"https:\/\/kilim-age.com\/en\/?s={search_term_string}"},"query-input":{"@type":"PropertyValueSpecification","valueRequired":true,"valueName":"search_term_string"}}],"inLanguage":"es"}]}},"_links":{"self":[{"href":"https:\/\/kilim-age.com\/es\/wp-json\/wp\/v2\/product\/5645","targetHints":{"allow":["GET"]}}],"collection":[{"href":"https:\/\/kilim-age.com\/es\/wp-json\/wp\/v2\/product"}],"about":[{"href":"https:\/\/kilim-age.com\/es\/wp-json\/wp\/v2\/types\/product"}],"replies":[{"embeddable":true,"href":"https:\/\/kilim-age.com\/es\/wp-json\/wp\/v2\/comments?post=5645"}],"wp:featuredmedia":[{"embeddable":true,"href":"https:\/\/kilim-age.com\/es\/wp-json\/wp\/v2\/media\/5646"}],"wp:attachment":[{"href":"https:\/\/kilim-age.com\/es\/wp-json\/wp\/v2\/media?parent=5645"}],"wp:term":[{"taxonomy":"product_brand","embeddable":true,"href":"https:\/\/kilim-age.com\/es\/wp-json\/wp\/v2\/product_brand?post=5645"},{"taxonomy":"product_cat","embeddable":true,"href":"https:\/\/kilim-age.com\/es\/wp-json\/wp\/v2\/product_cat?post=5645"},{"taxonomy":"product_tag","embeddable":true,"href":"https:\/\/kilim-age.com\/es\/wp-json\/wp\/v2\/product_tag?post=5645"}],"curies":[{"name":"wp","href":"https:\/\/api.w.org\/{rel}","templated":true}]}}