{"id":4767,"date":"2017-12-23T13:07:51","date_gmt":"2017-12-23T13:07:51","guid":{"rendered":"http:\/\/kilim-age.com\/?post_type=product&#038;p=4767"},"modified":"2025-06-20T14:12:16","modified_gmt":"2025-06-20T12:12:16","slug":"suzani-bag-2","status":"publish","type":"product","link":"https:\/\/kilim-age.com\/es\/producto\/suzani-bag-2\/","title":{"rendered":"BOLSO SUZANI"},"content":{"rendered":"<h3><strong>SUZANI<\/strong><\/h3>\n<p style=\"text-align: justify;\"> La tela suzani de Uzbekist\u00e1n tienen or\u00edgenes tan legendarios como los motivos que cubren su superficie. Est\u00e1n llenos de simbolismo y generalmente contienen patrones geom\u00e9tricos como flores y otros elementos naturales. Todos tienen significados que est\u00e1n bordados en formas estilizadas que var\u00edan seg\u00fan la regi\u00f3n, tribu, familia y artesanos. Los Suzani de Nurata, Samarkand, Bukhara, Shahrisyabz, Tashkent y Fergana, son m\u00e1s conocidos con respecto a sus colores, material, patr\u00f3n y el tipo de puntadas utilizadas. Todos sus colores imparten un significado profundo. Los amarillos y las naranjas representan el conocimiento; el rojo significa fuego y sol, los azules encarnan el cielo, y los verdes representan la primavera y la juventud.<\/p>\n<p style=\"text-align: justify;\">\nSuzani es una de las artes folcl\u00f3ricas m\u00e1s populares de Uzbekist\u00e1n, una palabra que no solo significa bordado, sino que tambi\u00e9n se refiere a los grandes paneles cubiertos con este bordado decorativo. Los Suzanis bordados a mano est\u00e1n impregnados con el personaje que solo proviene del uso diario. Tal vez fue creada por una novia para mostrar su amor hacia su prometido. La historia de cada una de estas telas es tan rica como sus colores, y tan intrincados como los dise\u00f1os que cubren su superficie.","protected":false},"excerpt":{"rendered":"<p>Ancho: 9 cm<br \/>\nLongitud: 13 cm<br \/>\nAltura: 20 cm<br \/>\nDelante: Tejido de tela Suzani bordado con los hilos de seda<br \/>\nDetr\u00e1s: Cuero<br \/>\nAsa: Cuero<br \/>\nInterior: Cuero<\/p>\n","protected":false},"featured_media":4778,"comment_status":"open","ping_status":"closed","template":"","meta":[],"product_brand":[],"product_cat":[84,60],"product_tag":[152,153],"class_list":{"0":"post-4767","1":"product","2":"type-product","3":"status-publish","4":"has-post-thumbnail","6":"product_cat-suzani","7":"product_cat-bolsos-suzani","8":"product_tag-bolsos-suzanni","9":"product_tag-suzanni-handbags","10":"product_shipping_class-bolsos","12":"first","13":"instock","14":"sale","15":"sold-individually","16":"taxable","17":"shipping-taxable","18":"purchasable","19":"product-type-simple"},"yoast_head":"<!-- This site is optimized with the Yoast SEO plugin v24.8.1 - https:\/\/yoast.com\/wordpress\/plugins\/seo\/ -->\n<title>BOLSO SUZANI | Kilim-Age<\/title>\n<meta name=\"robots\" content=\"index, follow, max-snippet:-1, max-image-preview:large, max-video-preview:-1\" \/>\n<link rel=\"canonical\" href=\"https:\/\/www.kilim-age.com\/es\/producto\/suzani-bag-2\/\" \/>\n<meta property=\"og:locale\" content=\"es_ES\" \/>\n<meta property=\"og:type\" content=\"article\" \/>\n<meta property=\"og:title\" content=\"BOLSO SUZANI | Kilim-Age\" \/>\n<meta property=\"og:description\" content=\"Ancho: 9 cm Longitud: 13 cm Altura: 20 cm Delante: Tejido de tela Suzani bordado con los hilos de seda Detr\u00e1s: Cuero Asa: Cuero Interior: Cuero\" \/>\n<meta property=\"og:url\" content=\"https:\/\/www.kilim-age.com\/es\/producto\/suzani-bag-2\/\" \/>\n<meta property=\"og:site_name\" content=\"Kilim-Age\" \/>\n<meta property=\"article:modified_time\" content=\"2025-06-20T12:12:16+00:00\" \/>\n<meta property=\"og:image\" content=\"https:\/\/www.kilim-age.com\/wp-content\/uploads\/2017\/12\/IMG_9654-WEB-KA1-e1548603871689.jpg\" \/>\n\t<meta property=\"og:image:width\" content=\"600\" \/>\n\t<meta property=\"og:image:height\" content=\"600\" \/>\n\t<meta property=\"og:image:type\" content=\"image\/jpeg\" \/>\n<meta name=\"twitter:card\" content=\"summary_large_image\" \/>\n<meta name=\"twitter:label1\" content=\"Tiempo de lectura\" \/>\n\t<meta name=\"twitter:data1\" content=\"1 minuto\" \/>\n<script type=\"application\/ld+json\" class=\"yoast-schema-graph\">{\"@context\":\"https:\/\/schema.org\",\"@graph\":[{\"@type\":\"WebPage\",\"@id\":\"https:\/\/www.kilim-age.com\/es\/producto\/suzani-bag-2\/\",\"url\":\"https:\/\/www.kilim-age.com\/es\/producto\/suzani-bag-2\/\",\"name\":\"BOLSO SUZANI | Kilim-Age\",\"isPartOf\":{\"@id\":\"https:\/\/kilim-age.com\/en\/#website\"},\"primaryImageOfPage\":{\"@id\":\"https:\/\/www.kilim-age.com\/es\/producto\/suzani-bag-2\/#primaryimage\"},\"image\":{\"@id\":\"https:\/\/www.kilim-age.com\/es\/producto\/suzani-bag-2\/#primaryimage\"},\"thumbnailUrl\":\"https:\/\/kilim-age.com\/wp-content\/uploads\/2017\/12\/IMG_9654-WEB-KA1-e1548603871689.jpg\",\"datePublished\":\"2017-12-23T13:07:51+00:00\",\"dateModified\":\"2025-06-20T12:12:16+00:00\",\"breadcrumb\":{\"@id\":\"https:\/\/www.kilim-age.com\/es\/producto\/suzani-bag-2\/#breadcrumb\"},\"inLanguage\":\"es\",\"potentialAction\":[{\"@type\":\"ReadAction\",\"target\":[\"https:\/\/www.kilim-age.com\/es\/producto\/suzani-bag-2\/\"]}]},{\"@type\":\"ImageObject\",\"inLanguage\":\"es\",\"@id\":\"https:\/\/www.kilim-age.com\/es\/producto\/suzani-bag-2\/#primaryimage\",\"url\":\"https:\/\/kilim-age.com\/wp-content\/uploads\/2017\/12\/IMG_9654-WEB-KA1-e1548603871689.jpg\",\"contentUrl\":\"https:\/\/kilim-age.com\/wp-content\/uploads\/2017\/12\/IMG_9654-WEB-KA1-e1548603871689.jpg\",\"width\":600,\"height\":600,\"caption\":\"Bolsos Suzani con asa\"},{\"@type\":\"BreadcrumbList\",\"@id\":\"https:\/\/www.kilim-age.com\/es\/producto\/suzani-bag-2\/#breadcrumb\",\"itemListElement\":[{\"@type\":\"ListItem\",\"position\":1,\"name\":\"Home\",\"item\":\"https:\/\/kilim-age.com\/en\/\"},{\"@type\":\"ListItem\",\"position\":2,\"name\":\"Shop\",\"item\":\"https:\/\/kilim-age.com\/en\/shop\/\"},{\"@type\":\"ListItem\",\"position\":3,\"name\":\"BOLSO SUZANI\"}]},{\"@type\":\"WebSite\",\"@id\":\"https:\/\/kilim-age.com\/en\/#website\",\"url\":\"https:\/\/kilim-age.com\/en\/\",\"name\":\"Kilim-Age\",\"description\":\"Somos especialistas en productos artesanales de Turqu\u00eda como Alfombras, y Kilims\",\"potentialAction\":[{\"@type\":\"SearchAction\",\"target\":{\"@type\":\"EntryPoint\",\"urlTemplate\":\"https:\/\/kilim-age.com\/en\/?s={search_term_string}\"},\"query-input\":{\"@type\":\"PropertyValueSpecification\",\"valueRequired\":true,\"valueName\":\"search_term_string\"}}],\"inLanguage\":\"es\"}]}<\/script>\n<!-- \/ Yoast SEO plugin. -->","yoast_head_json":{"title":"BOLSO SUZANI | Kilim-Age","robots":{"index":"index","follow":"follow","max-snippet":"max-snippet:-1","max-image-preview":"max-image-preview:large","max-video-preview":"max-video-preview:-1"},"canonical":"https:\/\/www.kilim-age.com\/es\/producto\/suzani-bag-2\/","og_locale":"es_ES","og_type":"article","og_title":"BOLSO SUZANI | Kilim-Age","og_description":"Ancho: 9 cm Longitud: 13 cm Altura: 20 cm Delante: Tejido de tela Suzani bordado con los hilos de seda Detr\u00e1s: Cuero Asa: Cuero Interior: Cuero","og_url":"https:\/\/www.kilim-age.com\/es\/producto\/suzani-bag-2\/","og_site_name":"Kilim-Age","article_modified_time":"2025-06-20T12:12:16+00:00","og_image":[{"width":600,"height":600,"url":"https:\/\/www.kilim-age.com\/wp-content\/uploads\/2017\/12\/IMG_9654-WEB-KA1-e1548603871689.jpg","type":"image\/jpeg"}],"twitter_card":"summary_large_image","twitter_misc":{"Tiempo de lectura":"1 minuto"},"schema":{"@context":"https:\/\/schema.org","@graph":[{"@type":"WebPage","@id":"https:\/\/www.kilim-age.com\/es\/producto\/suzani-bag-2\/","url":"https:\/\/www.kilim-age.com\/es\/producto\/suzani-bag-2\/","name":"BOLSO SUZANI | Kilim-Age","isPartOf":{"@id":"https:\/\/kilim-age.com\/en\/#website"},"primaryImageOfPage":{"@id":"https:\/\/www.kilim-age.com\/es\/producto\/suzani-bag-2\/#primaryimage"},"image":{"@id":"https:\/\/www.kilim-age.com\/es\/producto\/suzani-bag-2\/#primaryimage"},"thumbnailUrl":"https:\/\/kilim-age.com\/wp-content\/uploads\/2017\/12\/IMG_9654-WEB-KA1-e1548603871689.jpg","datePublished":"2017-12-23T13:07:51+00:00","dateModified":"2025-06-20T12:12:16+00:00","breadcrumb":{"@id":"https:\/\/www.kilim-age.com\/es\/producto\/suzani-bag-2\/#breadcrumb"},"inLanguage":"es","potentialAction":[{"@type":"ReadAction","target":["https:\/\/www.kilim-age.com\/es\/producto\/suzani-bag-2\/"]}]},{"@type":"ImageObject","inLanguage":"es","@id":"https:\/\/www.kilim-age.com\/es\/producto\/suzani-bag-2\/#primaryimage","url":"https:\/\/kilim-age.com\/wp-content\/uploads\/2017\/12\/IMG_9654-WEB-KA1-e1548603871689.jpg","contentUrl":"https:\/\/kilim-age.com\/wp-content\/uploads\/2017\/12\/IMG_9654-WEB-KA1-e1548603871689.jpg","width":600,"height":600,"caption":"Bolsos Suzani con asa"},{"@type":"BreadcrumbList","@id":"https:\/\/www.kilim-age.com\/es\/producto\/suzani-bag-2\/#breadcrumb","itemListElement":[{"@type":"ListItem","position":1,"name":"Home","item":"https:\/\/kilim-age.com\/en\/"},{"@type":"ListItem","position":2,"name":"Shop","item":"https:\/\/kilim-age.com\/en\/shop\/"},{"@type":"ListItem","position":3,"name":"BOLSO SUZANI"}]},{"@type":"WebSite","@id":"https:\/\/kilim-age.com\/en\/#website","url":"https:\/\/kilim-age.com\/en\/","name":"Kilim-Age","description":"Somos especialistas en productos artesanales de Turqu\u00eda como Alfombras, y Kilims","potentialAction":[{"@type":"SearchAction","target":{"@type":"EntryPoint","urlTemplate":"https:\/\/kilim-age.com\/en\/?s={search_term_string}"},"query-input":{"@type":"PropertyValueSpecification","valueRequired":true,"valueName":"search_term_string"}}],"inLanguage":"es"}]}},"_links":{"self":[{"href":"https:\/\/kilim-age.com\/es\/wp-json\/wp\/v2\/product\/4767","targetHints":{"allow":["GET"]}}],"collection":[{"href":"https:\/\/kilim-age.com\/es\/wp-json\/wp\/v2\/product"}],"about":[{"href":"https:\/\/kilim-age.com\/es\/wp-json\/wp\/v2\/types\/product"}],"replies":[{"embeddable":true,"href":"https:\/\/kilim-age.com\/es\/wp-json\/wp\/v2\/comments?post=4767"}],"wp:featuredmedia":[{"embeddable":true,"href":"https:\/\/kilim-age.com\/es\/wp-json\/wp\/v2\/media\/4778"}],"wp:attachment":[{"href":"https:\/\/kilim-age.com\/es\/wp-json\/wp\/v2\/media?parent=4767"}],"wp:term":[{"taxonomy":"product_brand","embeddable":true,"href":"https:\/\/kilim-age.com\/es\/wp-json\/wp\/v2\/product_brand?post=4767"},{"taxonomy":"product_cat","embeddable":true,"href":"https:\/\/kilim-age.com\/es\/wp-json\/wp\/v2\/product_cat?post=4767"},{"taxonomy":"product_tag","embeddable":true,"href":"https:\/\/kilim-age.com\/es\/wp-json\/wp\/v2\/product_tag?post=4767"}],"curies":[{"name":"wp","href":"https:\/\/api.w.org\/{rel}","templated":true}]}}