{"id":4587,"date":"2017-12-13T17:27:52","date_gmt":"2017-12-13T17:27:52","guid":{"rendered":"http:\/\/kilim-age.com\/?post_type=product&#038;p=4587"},"modified":"2018-10-23T09:32:53","modified_gmt":"2018-10-23T09:32:53","slug":"silver-pendant-lamp-5","status":"publish","type":"product","link":"https:\/\/kilim-age.com\/es\/producto\/silver-pendant-lamp-5\/","title":{"rendered":"L\u00e1mpara de colgar XHEO 70"},"content":{"rendered":"L\u00e1mpara artesanal de esta\u00f1o chapado en plata con un patr\u00f3n de orificios que crea un patr\u00f3n de sombras en la pared cuando se utiliza una bombilla transparente.","protected":false},"excerpt":{"rendered":"<p>Producto: L\u00e1mpara colgante<br \/>\nC\u00f3digo XHEO 70<br \/>\nMaterial: Esta\u00f1o niquelado<br \/>\nColor plata<br \/>\nDimensiones 60 \u00d8 x 75 cm<\/p>\n","protected":false},"featured_media":4588,"comment_status":"open","ping_status":"closed","template":"","meta":[],"product_brand":[],"product_cat":[63],"product_tag":[239,137],"class_list":{"0":"post-4587","1":"product","2":"type-product","3":"status-publish","4":"has-post-thumbnail","6":"product_cat-lightings","7":"product_tag-lamparas-de-colgar","8":"product_tag-pendant-lamp","9":"product_shipping_class-lampara-grande","11":"first","12":"outofstock","13":"sold-individually","14":"taxable","15":"shipping-taxable","16":"purchasable","17":"product-type-simple"},"yoast_head":"<!-- This site is optimized with the Yoast SEO plugin v24.8.1 - https:\/\/yoast.com\/wordpress\/plugins\/seo\/ -->\n<title>L\u00e1mpara de colgar XHEO 70 | Kilim-Age<\/title>\n<meta name=\"robots\" content=\"index, follow, max-snippet:-1, max-image-preview:large, max-video-preview:-1\" \/>\n<link rel=\"canonical\" href=\"https:\/\/www.kilim-age.com\/en\/producto\/silver-pendant-lamp-5\/\" \/>\n<meta property=\"og:locale\" content=\"es_ES\" \/>\n<meta property=\"og:type\" content=\"article\" \/>\n<meta property=\"og:title\" content=\"L\u00e1mpara de colgar XHEO 70 | Kilim-Age\" \/>\n<meta property=\"og:description\" content=\"Producto: L\u00e1mpara colgante C\u00f3digo XHEO 70 Material: Esta\u00f1o niquelado Color plata Dimensiones 60 \u00d8 x 75 cm\" \/>\n<meta property=\"og:url\" content=\"https:\/\/www.kilim-age.com\/en\/producto\/silver-pendant-lamp-5\/\" \/>\n<meta property=\"og:site_name\" content=\"Kilim-Age\" \/>\n<meta property=\"article:modified_time\" content=\"2018-10-23T09:32:53+00:00\" \/>\n<meta property=\"og:image\" content=\"https:\/\/www.kilim-age.com\/wp-content\/uploads\/2017\/12\/IMG_5568.jpg\" \/>\n\t<meta property=\"og:image:width\" content=\"835\" \/>\n\t<meta property=\"og:image:height\" content=\"835\" \/>\n\t<meta property=\"og:image:type\" content=\"image\/jpeg\" \/>\n<meta name=\"twitter:card\" content=\"summary_large_image\" \/>\n<script type=\"application\/ld+json\" class=\"yoast-schema-graph\">{\"@context\":\"https:\/\/schema.org\",\"@graph\":[{\"@type\":\"WebPage\",\"@id\":\"https:\/\/www.kilim-age.com\/en\/producto\/silver-pendant-lamp-5\/\",\"url\":\"https:\/\/www.kilim-age.com\/en\/producto\/silver-pendant-lamp-5\/\",\"name\":\"L\u00e1mpara de colgar XHEO 70 | Kilim-Age\",\"isPartOf\":{\"@id\":\"https:\/\/kilim-age.com\/es\/#website\"},\"primaryImageOfPage\":{\"@id\":\"https:\/\/www.kilim-age.com\/en\/producto\/silver-pendant-lamp-5\/#primaryimage\"},\"image\":{\"@id\":\"https:\/\/www.kilim-age.com\/en\/producto\/silver-pendant-lamp-5\/#primaryimage\"},\"thumbnailUrl\":\"https:\/\/kilim-age.com\/wp-content\/uploads\/2017\/12\/IMG_5568.jpg\",\"datePublished\":\"2017-12-13T17:27:52+00:00\",\"dateModified\":\"2018-10-23T09:32:53+00:00\",\"breadcrumb\":{\"@id\":\"https:\/\/www.kilim-age.com\/en\/producto\/silver-pendant-lamp-5\/#breadcrumb\"},\"inLanguage\":\"es\",\"potentialAction\":[{\"@type\":\"ReadAction\",\"target\":[\"https:\/\/www.kilim-age.com\/en\/producto\/silver-pendant-lamp-5\/\"]}]},{\"@type\":\"ImageObject\",\"inLanguage\":\"es\",\"@id\":\"https:\/\/www.kilim-age.com\/en\/producto\/silver-pendant-lamp-5\/#primaryimage\",\"url\":\"https:\/\/kilim-age.com\/wp-content\/uploads\/2017\/12\/IMG_5568.jpg\",\"contentUrl\":\"https:\/\/kilim-age.com\/wp-content\/uploads\/2017\/12\/IMG_5568.jpg\",\"width\":835,\"height\":835},{\"@type\":\"BreadcrumbList\",\"@id\":\"https:\/\/www.kilim-age.com\/en\/producto\/silver-pendant-lamp-5\/#breadcrumb\",\"itemListElement\":[{\"@type\":\"ListItem\",\"position\":1,\"name\":\"Home\",\"item\":\"https:\/\/kilim-age.com\/es\/\"},{\"@type\":\"ListItem\",\"position\":2,\"name\":\"Shop\",\"item\":\"https:\/\/www.kilim-age.com\/es\/shop\/\"},{\"@type\":\"ListItem\",\"position\":3,\"name\":\"Silver Pendant lamp XHEO 70\"}]},{\"@type\":\"WebSite\",\"@id\":\"https:\/\/kilim-age.com\/es\/#website\",\"url\":\"https:\/\/kilim-age.com\/es\/\",\"name\":\"Kilim-Age\",\"description\":\"Somos especialistas en productos artesanales de Turqu\u00eda como Alfombras, y Kilims\",\"potentialAction\":[{\"@type\":\"SearchAction\",\"target\":{\"@type\":\"EntryPoint\",\"urlTemplate\":\"https:\/\/kilim-age.com\/es\/?s={search_term_string}\"},\"query-input\":{\"@type\":\"PropertyValueSpecification\",\"valueRequired\":true,\"valueName\":\"search_term_string\"}}],\"inLanguage\":\"es\"}]}<\/script>\n<!-- \/ Yoast SEO plugin. -->","yoast_head_json":{"title":"L\u00e1mpara de colgar XHEO 70 | Kilim-Age","robots":{"index":"index","follow":"follow","max-snippet":"max-snippet:-1","max-image-preview":"max-image-preview:large","max-video-preview":"max-video-preview:-1"},"canonical":"https:\/\/www.kilim-age.com\/en\/producto\/silver-pendant-lamp-5\/","og_locale":"es_ES","og_type":"article","og_title":"L\u00e1mpara de colgar XHEO 70 | Kilim-Age","og_description":"Producto: L\u00e1mpara colgante C\u00f3digo XHEO 70 Material: Esta\u00f1o niquelado Color plata Dimensiones 60 \u00d8 x 75 cm","og_url":"https:\/\/www.kilim-age.com\/en\/producto\/silver-pendant-lamp-5\/","og_site_name":"Kilim-Age","article_modified_time":"2018-10-23T09:32:53+00:00","og_image":[{"width":835,"height":835,"url":"https:\/\/www.kilim-age.com\/wp-content\/uploads\/2017\/12\/IMG_5568.jpg","type":"image\/jpeg"}],"twitter_card":"summary_large_image","schema":{"@context":"https:\/\/schema.org","@graph":[{"@type":"WebPage","@id":"https:\/\/www.kilim-age.com\/en\/producto\/silver-pendant-lamp-5\/","url":"https:\/\/www.kilim-age.com\/en\/producto\/silver-pendant-lamp-5\/","name":"L\u00e1mpara de colgar XHEO 70 | Kilim-Age","isPartOf":{"@id":"https:\/\/kilim-age.com\/es\/#website"},"primaryImageOfPage":{"@id":"https:\/\/www.kilim-age.com\/en\/producto\/silver-pendant-lamp-5\/#primaryimage"},"image":{"@id":"https:\/\/www.kilim-age.com\/en\/producto\/silver-pendant-lamp-5\/#primaryimage"},"thumbnailUrl":"https:\/\/kilim-age.com\/wp-content\/uploads\/2017\/12\/IMG_5568.jpg","datePublished":"2017-12-13T17:27:52+00:00","dateModified":"2018-10-23T09:32:53+00:00","breadcrumb":{"@id":"https:\/\/www.kilim-age.com\/en\/producto\/silver-pendant-lamp-5\/#breadcrumb"},"inLanguage":"es","potentialAction":[{"@type":"ReadAction","target":["https:\/\/www.kilim-age.com\/en\/producto\/silver-pendant-lamp-5\/"]}]},{"@type":"ImageObject","inLanguage":"es","@id":"https:\/\/www.kilim-age.com\/en\/producto\/silver-pendant-lamp-5\/#primaryimage","url":"https:\/\/kilim-age.com\/wp-content\/uploads\/2017\/12\/IMG_5568.jpg","contentUrl":"https:\/\/kilim-age.com\/wp-content\/uploads\/2017\/12\/IMG_5568.jpg","width":835,"height":835},{"@type":"BreadcrumbList","@id":"https:\/\/www.kilim-age.com\/en\/producto\/silver-pendant-lamp-5\/#breadcrumb","itemListElement":[{"@type":"ListItem","position":1,"name":"Home","item":"https:\/\/kilim-age.com\/es\/"},{"@type":"ListItem","position":2,"name":"Shop","item":"https:\/\/www.kilim-age.com\/es\/shop\/"},{"@type":"ListItem","position":3,"name":"Silver Pendant lamp XHEO 70"}]},{"@type":"WebSite","@id":"https:\/\/kilim-age.com\/es\/#website","url":"https:\/\/kilim-age.com\/es\/","name":"Kilim-Age","description":"Somos especialistas en productos artesanales de Turqu\u00eda como Alfombras, y Kilims","potentialAction":[{"@type":"SearchAction","target":{"@type":"EntryPoint","urlTemplate":"https:\/\/kilim-age.com\/es\/?s={search_term_string}"},"query-input":{"@type":"PropertyValueSpecification","valueRequired":true,"valueName":"search_term_string"}}],"inLanguage":"es"}]}},"_links":{"self":[{"href":"https:\/\/kilim-age.com\/es\/wp-json\/wp\/v2\/product\/4587","targetHints":{"allow":["GET"]}}],"collection":[{"href":"https:\/\/kilim-age.com\/es\/wp-json\/wp\/v2\/product"}],"about":[{"href":"https:\/\/kilim-age.com\/es\/wp-json\/wp\/v2\/types\/product"}],"replies":[{"embeddable":true,"href":"https:\/\/kilim-age.com\/es\/wp-json\/wp\/v2\/comments?post=4587"}],"wp:featuredmedia":[{"embeddable":true,"href":"https:\/\/kilim-age.com\/es\/wp-json\/wp\/v2\/media\/4588"}],"wp:attachment":[{"href":"https:\/\/kilim-age.com\/es\/wp-json\/wp\/v2\/media?parent=4587"}],"wp:term":[{"taxonomy":"product_brand","embeddable":true,"href":"https:\/\/kilim-age.com\/es\/wp-json\/wp\/v2\/product_brand?post=4587"},{"taxonomy":"product_cat","embeddable":true,"href":"https:\/\/kilim-age.com\/es\/wp-json\/wp\/v2\/product_cat?post=4587"},{"taxonomy":"product_tag","embeddable":true,"href":"https:\/\/kilim-age.com\/es\/wp-json\/wp\/v2\/product_tag?post=4587"}],"curies":[{"name":"wp","href":"https:\/\/api.w.org\/{rel}","templated":true}]}}