{"id":41510,"date":"2025-07-11T19:49:08","date_gmt":"2025-07-11T17:49:08","guid":{"rendered":"https:\/\/kilim-age.com\/?post_type=product&#038;p=41510"},"modified":"2025-07-11T20:01:56","modified_gmt":"2025-07-11T18:01:56","slug":"kilim-corredor-turco","status":"publish","type":"product","link":"https:\/\/kilim-age.com\/es\/producto\/kilim-corredor-turco\/","title":{"rendered":"Kilim turco 60&#215;145 cm"},"content":{"rendered":"<h1 data-start=\"0\" data-end=\"580\"><span style=\"font-size: 80%;\"><strong>Kilim Corredor turco<\/strong><\/span><\/h1>\n<p data-start=\"0\" data-end=\"580\">Descubre el encanto de la artesan\u00eda anatolia con este kilim de tama\u00f1o alargado (60 \u00d7 145 cm). Cada hebra de lana 100 % natural ha sido tejida a mano por expertos artesanos turcos, empleando tintes vegetales que dan lugar a una paleta de colores suaves y equilibrados: ocres, azules p\u00e1lidos, verdes musgo y toques sutiles de granate. Su patr\u00f3n de rombos alargados y motivos geom\u00e9tricos zig-zag crea un efecto r\u00edtmico y acogedor, perfecto para corredores de pasillo, cabeceros de cama o rincones de lectura donde quieras aportar car\u00e1cter y calidez.<\/p>\n<p data-start=\"582\" data-end=\"917\">Con un grosor aproximado de 4 mm, este kilim combina la ligereza necesaria para enrollarlo y guardarlo con la resistencia que exige el uso diario. Su versatilidad y dimensiones lo convierten en la pieza ideal para incorporar un punto de autenticidad y tradici\u00f3n milenaria a tu hogar, adapt\u00e1ndose tanto a estilos modernos como bohemios.<\/p>","protected":false},"excerpt":{"rendered":"<p style=\"text-align: left;\">Fabricaci\u00f3n: Hecho a mano<br \/>\nTama\u00f1o: 60&#215;145 cm<br \/>\nEstado: Nuevo<br \/>\nOrigen: Kilim turca<br \/>\nMaterial: Lana<br \/>\nGrosor aprox: 1-2 mm<br \/>\nTe\u00f1ido colores naturales.<br \/>\nPlazo de entrega: 2-5 d\u00edas h\u00e1biles en Espa\u00f1a.<br \/>\nEuropa: 5-7 d\u00edas h\u00e1biles, resto de continentes 7-10 d\u00edas.<\/p>\n","protected":false},"featured_media":41511,"comment_status":"open","ping_status":"closed","template":"","meta":[],"product_brand":[],"product_cat":[61,829,783],"product_tag":[72],"class_list":{"0":"post-41510","1":"product","2":"type-product","3":"status-publish","4":"has-post-thumbnail","6":"product_cat-kilims","7":"product_cat-toda-la-coleccion-kilim","8":"product_cat-kilim-pasilleros","9":"product_tag-kilim","10":"product_shipping_class-kilim-pequeno","11":"pa_ancho-cm-1041","12":"pa_ancho-cm-985","13":"pa_color-naranja","14":"pa_color-verde","15":"pa_largo-cm-904","16":"pa_largo-cm-1050","17":"pa_largo-cm-1017","19":"first","20":"instock","21":"sale","22":"sold-individually","23":"taxable","24":"shipping-taxable","25":"purchasable","26":"product-type-simple"},"yoast_head":"<!-- This site is optimized with the Yoast SEO plugin v24.8.1 - https:\/\/yoast.com\/wordpress\/plugins\/seo\/ -->\n<title>Kilim Afgano | Kilim-Age | Tienda Online Rebajas hasta 50%<\/title>\n<meta name=\"description\" content=\"Kilim corredor turco de hecho a mano con lana 100 % natural y tintes vegetales. Patr\u00f3n geom\u00e9trico alargado, env\u00edo expr\u00e9s y devoluciones gratis.\" \/>\n<meta name=\"robots\" content=\"index, follow, max-snippet:-1, max-image-preview:large, max-video-preview:-1\" \/>\n<link rel=\"canonical\" href=\"https:\/\/kilim-age.com\/es\/producto\/kilim-corredor-turco\/\" \/>\n<meta property=\"og:locale\" content=\"es_ES\" \/>\n<meta property=\"og:type\" content=\"article\" \/>\n<meta property=\"og:title\" content=\"Kilim Afgano | Kilim-Age | Tienda Online Rebajas hasta 50%\" \/>\n<meta property=\"og:description\" content=\"Kilim corredor turco de hecho a mano con lana 100 % natural y tintes vegetales. Patr\u00f3n geom\u00e9trico alargado, env\u00edo expr\u00e9s y devoluciones gratis.\" \/>\n<meta property=\"og:url\" content=\"https:\/\/kilim-age.com\/en\/producto\/kilim-corredor-turco\/\" \/>\n<meta property=\"og:site_name\" content=\"Kilim-Age\" \/>\n<meta property=\"article:modified_time\" content=\"2025-07-11T18:01:56+00:00\" \/>\n<meta property=\"og:image\" content=\"https:\/\/kilim-age.com\/wp-content\/uploads\/2025\/07\/KA9414.jpg\" \/>\n\t<meta property=\"og:image:width\" content=\"1000\" \/>\n\t<meta property=\"og:image:height\" content=\"1300\" \/>\n\t<meta property=\"og:image:type\" content=\"image\/jpeg\" \/>\n<meta name=\"twitter:card\" content=\"summary_large_image\" \/>\n<meta name=\"twitter:label1\" content=\"Tiempo de lectura\" \/>\n\t<meta name=\"twitter:data1\" content=\"2 minutos\" \/>\n<script type=\"application\/ld+json\" class=\"yoast-schema-graph\">{\"@context\":\"https:\/\/schema.org\",\"@graph\":[{\"@type\":\"WebPage\",\"@id\":\"https:\/\/kilim-age.com\/en\/producto\/kilim-corredor-turco\/\",\"url\":\"https:\/\/kilim-age.com\/en\/producto\/kilim-corredor-turco\/\",\"name\":\"Kilim Afgano | Kilim-Age | Tienda Online Rebajas hasta 50%\",\"isPartOf\":{\"@id\":\"https:\/\/kilim-age.com\/en\/#website\"},\"primaryImageOfPage\":{\"@id\":\"https:\/\/kilim-age.com\/en\/producto\/kilim-corredor-turco\/#primaryimage\"},\"image\":{\"@id\":\"https:\/\/kilim-age.com\/en\/producto\/kilim-corredor-turco\/#primaryimage\"},\"thumbnailUrl\":\"https:\/\/kilim-age.com\/wp-content\/uploads\/2025\/07\/KA9414.jpg\",\"datePublished\":\"2025-07-11T17:49:08+00:00\",\"dateModified\":\"2025-07-11T18:01:56+00:00\",\"description\":\"Kilim corredor turco de hecho a mano con lana 100 % natural y tintes vegetales. Patr\u00f3n geom\u00e9trico alargado, env\u00edo expr\u00e9s y devoluciones gratis.\",\"breadcrumb\":{\"@id\":\"https:\/\/kilim-age.com\/en\/producto\/kilim-corredor-turco\/#breadcrumb\"},\"inLanguage\":\"es\",\"potentialAction\":[{\"@type\":\"ReadAction\",\"target\":[\"https:\/\/kilim-age.com\/en\/producto\/kilim-corredor-turco\/\"]}]},{\"@type\":\"ImageObject\",\"inLanguage\":\"es\",\"@id\":\"https:\/\/kilim-age.com\/en\/producto\/kilim-corredor-turco\/#primaryimage\",\"url\":\"https:\/\/kilim-age.com\/wp-content\/uploads\/2025\/07\/KA9414.jpg\",\"contentUrl\":\"https:\/\/kilim-age.com\/wp-content\/uploads\/2025\/07\/KA9414.jpg\",\"width\":1000,\"height\":1300,\"caption\":\"kilim corredor turco\"},{\"@type\":\"BreadcrumbList\",\"@id\":\"https:\/\/kilim-age.com\/en\/producto\/kilim-corredor-turco\/#breadcrumb\",\"itemListElement\":[{\"@type\":\"ListItem\",\"position\":1,\"name\":\"Home\",\"item\":\"https:\/\/kilim-age.com\/en\/\"},{\"@type\":\"ListItem\",\"position\":2,\"name\":\"Shop\",\"item\":\"https:\/\/kilim-age.com\/en\/shop\/\"},{\"@type\":\"ListItem\",\"position\":3,\"name\":\"Turkish Kilim 60&#215;145 cm\"}]},{\"@type\":\"WebSite\",\"@id\":\"https:\/\/kilim-age.com\/en\/#website\",\"url\":\"https:\/\/kilim-age.com\/en\/\",\"name\":\"Kilim-Age\",\"description\":\"Somos especialistas en productos artesanales de Turqu\u00eda como Alfombras, y Kilims\",\"potentialAction\":[{\"@type\":\"SearchAction\",\"target\":{\"@type\":\"EntryPoint\",\"urlTemplate\":\"https:\/\/kilim-age.com\/en\/?s={search_term_string}\"},\"query-input\":{\"@type\":\"PropertyValueSpecification\",\"valueRequired\":true,\"valueName\":\"search_term_string\"}}],\"inLanguage\":\"es\"}]}<\/script>\n<!-- \/ Yoast SEO plugin. -->","yoast_head_json":{"title":"Kilim Afgano | Kilim-Age | Tienda Online Rebajas hasta 50%","description":"Kilim corredor turco de hecho a mano con lana 100 % natural y tintes vegetales. Patr\u00f3n geom\u00e9trico alargado, env\u00edo expr\u00e9s y devoluciones gratis.","robots":{"index":"index","follow":"follow","max-snippet":"max-snippet:-1","max-image-preview":"max-image-preview:large","max-video-preview":"max-video-preview:-1"},"canonical":"https:\/\/kilim-age.com\/es\/producto\/kilim-corredor-turco\/","og_locale":"es_ES","og_type":"article","og_title":"Kilim Afgano | Kilim-Age | Tienda Online Rebajas hasta 50%","og_description":"Kilim corredor turco de hecho a mano con lana 100 % natural y tintes vegetales. Patr\u00f3n geom\u00e9trico alargado, env\u00edo expr\u00e9s y devoluciones gratis.","og_url":"https:\/\/kilim-age.com\/en\/producto\/kilim-corredor-turco\/","og_site_name":"Kilim-Age","article_modified_time":"2025-07-11T18:01:56+00:00","og_image":[{"width":1000,"height":1300,"url":"https:\/\/kilim-age.com\/wp-content\/uploads\/2025\/07\/KA9414.jpg","type":"image\/jpeg"}],"twitter_card":"summary_large_image","twitter_misc":{"Tiempo de lectura":"2 minutos"},"schema":{"@context":"https:\/\/schema.org","@graph":[{"@type":"WebPage","@id":"https:\/\/kilim-age.com\/en\/producto\/kilim-corredor-turco\/","url":"https:\/\/kilim-age.com\/en\/producto\/kilim-corredor-turco\/","name":"Kilim Afgano | Kilim-Age | Tienda Online Rebajas hasta 50%","isPartOf":{"@id":"https:\/\/kilim-age.com\/en\/#website"},"primaryImageOfPage":{"@id":"https:\/\/kilim-age.com\/en\/producto\/kilim-corredor-turco\/#primaryimage"},"image":{"@id":"https:\/\/kilim-age.com\/en\/producto\/kilim-corredor-turco\/#primaryimage"},"thumbnailUrl":"https:\/\/kilim-age.com\/wp-content\/uploads\/2025\/07\/KA9414.jpg","datePublished":"2025-07-11T17:49:08+00:00","dateModified":"2025-07-11T18:01:56+00:00","description":"Kilim corredor turco de hecho a mano con lana 100 % natural y tintes vegetales. Patr\u00f3n geom\u00e9trico alargado, env\u00edo expr\u00e9s y devoluciones gratis.","breadcrumb":{"@id":"https:\/\/kilim-age.com\/en\/producto\/kilim-corredor-turco\/#breadcrumb"},"inLanguage":"es","potentialAction":[{"@type":"ReadAction","target":["https:\/\/kilim-age.com\/en\/producto\/kilim-corredor-turco\/"]}]},{"@type":"ImageObject","inLanguage":"es","@id":"https:\/\/kilim-age.com\/en\/producto\/kilim-corredor-turco\/#primaryimage","url":"https:\/\/kilim-age.com\/wp-content\/uploads\/2025\/07\/KA9414.jpg","contentUrl":"https:\/\/kilim-age.com\/wp-content\/uploads\/2025\/07\/KA9414.jpg","width":1000,"height":1300,"caption":"kilim corredor turco"},{"@type":"BreadcrumbList","@id":"https:\/\/kilim-age.com\/en\/producto\/kilim-corredor-turco\/#breadcrumb","itemListElement":[{"@type":"ListItem","position":1,"name":"Home","item":"https:\/\/kilim-age.com\/en\/"},{"@type":"ListItem","position":2,"name":"Shop","item":"https:\/\/kilim-age.com\/en\/shop\/"},{"@type":"ListItem","position":3,"name":"Turkish Kilim 60&#215;145 cm"}]},{"@type":"WebSite","@id":"https:\/\/kilim-age.com\/en\/#website","url":"https:\/\/kilim-age.com\/en\/","name":"Kilim-Age","description":"Somos especialistas en productos artesanales de Turqu\u00eda como Alfombras, y Kilims","potentialAction":[{"@type":"SearchAction","target":{"@type":"EntryPoint","urlTemplate":"https:\/\/kilim-age.com\/en\/?s={search_term_string}"},"query-input":{"@type":"PropertyValueSpecification","valueRequired":true,"valueName":"search_term_string"}}],"inLanguage":"es"}]}},"_links":{"self":[{"href":"https:\/\/kilim-age.com\/es\/wp-json\/wp\/v2\/product\/41510","targetHints":{"allow":["GET"]}}],"collection":[{"href":"https:\/\/kilim-age.com\/es\/wp-json\/wp\/v2\/product"}],"about":[{"href":"https:\/\/kilim-age.com\/es\/wp-json\/wp\/v2\/types\/product"}],"replies":[{"embeddable":true,"href":"https:\/\/kilim-age.com\/es\/wp-json\/wp\/v2\/comments?post=41510"}],"wp:featuredmedia":[{"embeddable":true,"href":"https:\/\/kilim-age.com\/es\/wp-json\/wp\/v2\/media\/41511"}],"wp:attachment":[{"href":"https:\/\/kilim-age.com\/es\/wp-json\/wp\/v2\/media?parent=41510"}],"wp:term":[{"taxonomy":"product_brand","embeddable":true,"href":"https:\/\/kilim-age.com\/es\/wp-json\/wp\/v2\/product_brand?post=41510"},{"taxonomy":"product_cat","embeddable":true,"href":"https:\/\/kilim-age.com\/es\/wp-json\/wp\/v2\/product_cat?post=41510"},{"taxonomy":"product_tag","embeddable":true,"href":"https:\/\/kilim-age.com\/es\/wp-json\/wp\/v2\/product_tag?post=41510"}],"curies":[{"name":"wp","href":"https:\/\/api.w.org\/{rel}","templated":true}]}}