{"id":41433,"date":"2025-07-06T19:17:28","date_gmt":"2025-07-06T17:17:28","guid":{"rendered":"https:\/\/kilim-age.com\/?post_type=product&#038;p=41433"},"modified":"2025-10-01T13:39:16","modified_gmt":"2025-10-01T11:39:16","slug":"kilim-turco-artesanal-colorido","status":"publish","type":"product","link":"https:\/\/kilim-age.com\/es\/producto\/kilim-turco-artesanal-colorido\/","title":{"rendered":"Kilim Turco Artesanal 83&#215;126 cm"},"content":{"rendered":"<h3 data-start=\"209\" data-end=\"275\"><strong data-start=\"213\" data-end=\"275\">Kilim Turco Artesanal &#8211; Patr\u00f3n Tribal Colorido &#8211; 83&#215;126 cm<\/strong><\/h3>\n<p data-start=\"277\" data-end=\"738\">Este kilim turco artesanal de 83&#215;126 cm es una pieza vibrante y aut\u00e9ntica que llenar\u00e1 tu hogar de color y car\u00e1cter. Tejido a mano por artesanos experimentados, este kilim presenta un dise\u00f1o tribal tradicional con motivos geom\u00e9tricos en una amplia gama de colores vivos: rojo, azul, amarillo, verde, naranja y tonos tierra. Su est\u00e9tica alegre y su confecci\u00f3n artesanal lo convierten en una pieza decorativa \u00fanica que aporta calidez y estilo a cualquier estancia.<\/p>\n<p data-start=\"740\" data-end=\"1064\">Perfecto para entradas, pasillos, zonas de lectura o junto al sof\u00e1, este kilim ha sido elaborado con lana de alta calidad sobre una base de algod\u00f3n, lo que garantiza durabilidad, suavidad y resistencia. Su tama\u00f1o compacto lo hace vers\u00e1til para distintos rincones del hogar o incluso para espacios de estilo bohemio o \u00e9tnico.<\/p>\n<p data-start=\"1635\" data-end=\"1650\"><strong data-start=\"1635\" data-end=\"1650\">Beneficios:<\/strong><\/p>\n<ul data-start=\"1652\" data-end=\"2058\">\n<li data-start=\"1652\" data-end=\"1764\">\n<p data-start=\"1654\" data-end=\"1764\"><strong data-start=\"1654\" data-end=\"1671\">Estilo \u00fanico:<\/strong> Cada kilim es irrepetible, con ligeras variaciones que lo convierten en una pieza exclusiva.<\/p>\n<\/li>\n<li data-start=\"1765\" data-end=\"1868\">\n<p data-start=\"1767\" data-end=\"1868\"><strong data-start=\"1767\" data-end=\"1791\">Decoraci\u00f3n con alma:<\/strong> A\u00f1ade calidez, historia y artesan\u00eda aut\u00e9ntica a cualquier rinc\u00f3n de tu casa.<\/p>\n<\/li>\n<li data-start=\"1869\" data-end=\"1963\">\n<p data-start=\"1871\" data-end=\"1963\"><strong data-start=\"1871\" data-end=\"1892\">Alta durabilidad:<\/strong> Resistente al paso del tiempo y al uso diario con el cuidado adecuado.<\/p>\n<\/li>\n<li data-start=\"1964\" data-end=\"2058\">\n<p data-start=\"1966\" data-end=\"2058\"><strong data-start=\"1966\" data-end=\"1990\">F\u00e1cil mantenimiento:<\/strong> Requiere solo aspirado ocasional y limpieza profesional espor\u00e1dica.<\/p>\n<\/li>\n<\/ul>\n<p data-start=\"2060\" data-end=\"2300\">Este kilim turco artesanal es una obra textil que va m\u00e1s all\u00e1 de la decoraci\u00f3n: es un reflejo de la tradici\u00f3n y la creatividad de los pueblos n\u00f3madas. Una elecci\u00f3n ideal para quienes buscan originalidad, historia y dise\u00f1o en una sola pieza.<\/p>","protected":false},"excerpt":{"rendered":"<p style=\"text-align: left;\">Fabricaci\u00f3n: Hecho a mano<br \/>\nTama\u00f1o: 83\u00d7126 cm<br \/>\nEstado: Producci\u00f3n nuevo<br \/>\nOrigen: Kilim turco<br \/>\nMaterial: Lana<br \/>\nGrosor aprox: 2-3 mm<br \/>\nTe\u00f1ido con colores naturales<br \/>\nLos colores de la alfombra se percibir\u00e1n de formas diferentes dependiendo del \u00e1ngulo de visi\u00f3n<br \/>\nPlazo de entrega: 2-5 d\u00edas h\u00e1biles en Espa\u00f1a peninsular.<br \/>\nEuropa: 5-7 d\u00edas h\u00e1biles, resto de continentes 7-10 d\u00edas.<\/p>\n","protected":false},"featured_media":41434,"comment_status":"open","ping_status":"closed","template":"","meta":[],"product_brand":[],"product_cat":[61,829],"product_tag":[72],"class_list":{"0":"post-41433","1":"product","2":"type-product","3":"status-publish","4":"has-post-thumbnail","6":"product_cat-kilims","7":"product_cat-toda-la-coleccion-kilim","8":"product_tag-kilim","9":"product_shipping_class-kilim-pequeno","10":"pa_ancho-cm-960","11":"pa_ancho-cm-940","12":"pa_color-azul","13":"pa_color-verde","14":"pa_largo-cm-1025","15":"pa_largo-cm-882","16":"pa_largo-cm-980","17":"pa_medida-pequenos","19":"first","20":"outofstock","21":"sale","22":"sold-individually","23":"taxable","24":"shipping-taxable","25":"purchasable","26":"product-type-simple"},"yoast_head":"<!-- This site is optimized with the Yoast SEO plugin v24.8.1 - https:\/\/yoast.com\/wordpress\/plugins\/seo\/ -->\n<title>Kilim turco Peque\u00f1o | Kilim-Age | Comprar Kilim turco Online<\/title>\n<meta name=\"description\" content=\"Kilim turco artesanal con patr\u00f3n tribal en tonos vibrantes. Tejido a mano en lana de calidad. Ideal para decoraci\u00f3n bohemia o \u00e9tnica.\" \/>\n<meta name=\"robots\" content=\"index, follow, max-snippet:-1, max-image-preview:large, max-video-preview:-1\" \/>\n<link rel=\"canonical\" href=\"https:\/\/kilim-age.com\/es\/producto\/kilim-turco-artesanal-colorido\/\" \/>\n<meta property=\"og:locale\" content=\"es_ES\" \/>\n<meta property=\"og:type\" content=\"article\" \/>\n<meta property=\"og:title\" content=\"Kilim turco Peque\u00f1o | Kilim-Age | Comprar Kilim turco Online\" \/>\n<meta property=\"og:description\" content=\"Kilim turco artesanal con patr\u00f3n tribal en tonos vibrantes. Tejido a mano en lana de calidad. Ideal para decoraci\u00f3n bohemia o \u00e9tnica.\" \/>\n<meta property=\"og:url\" content=\"https:\/\/kilim-age.com\/en\/producto\/kilim-turco-artesanal-colorido\/\" \/>\n<meta property=\"og:site_name\" content=\"Kilim-Age\" \/>\n<meta property=\"article:modified_time\" content=\"2025-10-01T11:39:16+00:00\" \/>\n<meta property=\"og:image\" content=\"https:\/\/kilim-age.com\/wp-content\/uploads\/2025\/07\/IMG_KA9342.jpg\" \/>\n\t<meta property=\"og:image:width\" content=\"1000\" \/>\n\t<meta property=\"og:image:height\" content=\"1300\" \/>\n\t<meta property=\"og:image:type\" content=\"image\/jpeg\" \/>\n<meta name=\"twitter:card\" content=\"summary_large_image\" \/>\n<meta name=\"twitter:label1\" content=\"Tiempo de lectura\" \/>\n\t<meta name=\"twitter:data1\" content=\"1 minuto\" \/>\n<script type=\"application\/ld+json\" class=\"yoast-schema-graph\">{\"@context\":\"https:\/\/schema.org\",\"@graph\":[{\"@type\":\"WebPage\",\"@id\":\"https:\/\/kilim-age.com\/en\/producto\/kilim-turco-artesanal-colorido\/\",\"url\":\"https:\/\/kilim-age.com\/en\/producto\/kilim-turco-artesanal-colorido\/\",\"name\":\"Kilim turco Peque\u00f1o | Kilim-Age | Comprar Kilim turco Online\",\"isPartOf\":{\"@id\":\"https:\/\/kilim-age.com\/en\/#website\"},\"primaryImageOfPage\":{\"@id\":\"https:\/\/kilim-age.com\/en\/producto\/kilim-turco-artesanal-colorido\/#primaryimage\"},\"image\":{\"@id\":\"https:\/\/kilim-age.com\/en\/producto\/kilim-turco-artesanal-colorido\/#primaryimage\"},\"thumbnailUrl\":\"https:\/\/kilim-age.com\/wp-content\/uploads\/2025\/07\/IMG_KA9342.jpg\",\"datePublished\":\"2025-07-06T17:17:28+00:00\",\"dateModified\":\"2025-10-01T11:39:16+00:00\",\"description\":\"Kilim turco artesanal con patr\u00f3n tribal en tonos vibrantes. Tejido a mano en lana de calidad. Ideal para decoraci\u00f3n bohemia o \u00e9tnica.\",\"breadcrumb\":{\"@id\":\"https:\/\/kilim-age.com\/en\/producto\/kilim-turco-artesanal-colorido\/#breadcrumb\"},\"inLanguage\":\"es\",\"potentialAction\":[{\"@type\":\"ReadAction\",\"target\":[\"https:\/\/kilim-age.com\/en\/producto\/kilim-turco-artesanal-colorido\/\"]}]},{\"@type\":\"ImageObject\",\"inLanguage\":\"es\",\"@id\":\"https:\/\/kilim-age.com\/en\/producto\/kilim-turco-artesanal-colorido\/#primaryimage\",\"url\":\"https:\/\/kilim-age.com\/wp-content\/uploads\/2025\/07\/IMG_KA9342.jpg\",\"contentUrl\":\"https:\/\/kilim-age.com\/wp-content\/uploads\/2025\/07\/IMG_KA9342.jpg\",\"width\":1000,\"height\":1300,\"caption\":\"kilim turco artesanal colorido\"},{\"@type\":\"BreadcrumbList\",\"@id\":\"https:\/\/kilim-age.com\/en\/producto\/kilim-turco-artesanal-colorido\/#breadcrumb\",\"itemListElement\":[{\"@type\":\"ListItem\",\"position\":1,\"name\":\"Home\",\"item\":\"https:\/\/kilim-age.com\/en\/\"},{\"@type\":\"ListItem\",\"position\":2,\"name\":\"Shop\",\"item\":\"https:\/\/kilim-age.com\/es\/shop\/\"},{\"@type\":\"ListItem\",\"position\":3,\"name\":\"Turkish kilim 83&#215;126 cm\"}]},{\"@type\":\"WebSite\",\"@id\":\"https:\/\/kilim-age.com\/en\/#website\",\"url\":\"https:\/\/kilim-age.com\/en\/\",\"name\":\"Kilim-Age\",\"description\":\"Somos especialistas en productos artesanales de Turqu\u00eda como Alfombras, y Kilims\",\"potentialAction\":[{\"@type\":\"SearchAction\",\"target\":{\"@type\":\"EntryPoint\",\"urlTemplate\":\"https:\/\/kilim-age.com\/en\/?s={search_term_string}\"},\"query-input\":{\"@type\":\"PropertyValueSpecification\",\"valueRequired\":true,\"valueName\":\"search_term_string\"}}],\"inLanguage\":\"es\"}]}<\/script>\n<!-- \/ Yoast SEO plugin. -->","yoast_head_json":{"title":"Kilim turco Peque\u00f1o | Kilim-Age | Comprar Kilim turco Online","description":"Kilim turco artesanal con patr\u00f3n tribal en tonos vibrantes. Tejido a mano en lana de calidad. Ideal para decoraci\u00f3n bohemia o \u00e9tnica.","robots":{"index":"index","follow":"follow","max-snippet":"max-snippet:-1","max-image-preview":"max-image-preview:large","max-video-preview":"max-video-preview:-1"},"canonical":"https:\/\/kilim-age.com\/es\/producto\/kilim-turco-artesanal-colorido\/","og_locale":"es_ES","og_type":"article","og_title":"Kilim turco Peque\u00f1o | Kilim-Age | Comprar Kilim turco Online","og_description":"Kilim turco artesanal con patr\u00f3n tribal en tonos vibrantes. Tejido a mano en lana de calidad. Ideal para decoraci\u00f3n bohemia o \u00e9tnica.","og_url":"https:\/\/kilim-age.com\/en\/producto\/kilim-turco-artesanal-colorido\/","og_site_name":"Kilim-Age","article_modified_time":"2025-10-01T11:39:16+00:00","og_image":[{"width":1000,"height":1300,"url":"https:\/\/kilim-age.com\/wp-content\/uploads\/2025\/07\/IMG_KA9342.jpg","type":"image\/jpeg"}],"twitter_card":"summary_large_image","twitter_misc":{"Tiempo de lectura":"1 minuto"},"schema":{"@context":"https:\/\/schema.org","@graph":[{"@type":"WebPage","@id":"https:\/\/kilim-age.com\/en\/producto\/kilim-turco-artesanal-colorido\/","url":"https:\/\/kilim-age.com\/en\/producto\/kilim-turco-artesanal-colorido\/","name":"Kilim turco Peque\u00f1o | Kilim-Age | Comprar Kilim turco Online","isPartOf":{"@id":"https:\/\/kilim-age.com\/en\/#website"},"primaryImageOfPage":{"@id":"https:\/\/kilim-age.com\/en\/producto\/kilim-turco-artesanal-colorido\/#primaryimage"},"image":{"@id":"https:\/\/kilim-age.com\/en\/producto\/kilim-turco-artesanal-colorido\/#primaryimage"},"thumbnailUrl":"https:\/\/kilim-age.com\/wp-content\/uploads\/2025\/07\/IMG_KA9342.jpg","datePublished":"2025-07-06T17:17:28+00:00","dateModified":"2025-10-01T11:39:16+00:00","description":"Kilim turco artesanal con patr\u00f3n tribal en tonos vibrantes. Tejido a mano en lana de calidad. Ideal para decoraci\u00f3n bohemia o \u00e9tnica.","breadcrumb":{"@id":"https:\/\/kilim-age.com\/en\/producto\/kilim-turco-artesanal-colorido\/#breadcrumb"},"inLanguage":"es","potentialAction":[{"@type":"ReadAction","target":["https:\/\/kilim-age.com\/en\/producto\/kilim-turco-artesanal-colorido\/"]}]},{"@type":"ImageObject","inLanguage":"es","@id":"https:\/\/kilim-age.com\/en\/producto\/kilim-turco-artesanal-colorido\/#primaryimage","url":"https:\/\/kilim-age.com\/wp-content\/uploads\/2025\/07\/IMG_KA9342.jpg","contentUrl":"https:\/\/kilim-age.com\/wp-content\/uploads\/2025\/07\/IMG_KA9342.jpg","width":1000,"height":1300,"caption":"kilim turco artesanal colorido"},{"@type":"BreadcrumbList","@id":"https:\/\/kilim-age.com\/en\/producto\/kilim-turco-artesanal-colorido\/#breadcrumb","itemListElement":[{"@type":"ListItem","position":1,"name":"Home","item":"https:\/\/kilim-age.com\/en\/"},{"@type":"ListItem","position":2,"name":"Shop","item":"https:\/\/kilim-age.com\/es\/shop\/"},{"@type":"ListItem","position":3,"name":"Turkish kilim 83&#215;126 cm"}]},{"@type":"WebSite","@id":"https:\/\/kilim-age.com\/en\/#website","url":"https:\/\/kilim-age.com\/en\/","name":"Kilim-Age","description":"Somos especialistas en productos artesanales de Turqu\u00eda como Alfombras, y Kilims","potentialAction":[{"@type":"SearchAction","target":{"@type":"EntryPoint","urlTemplate":"https:\/\/kilim-age.com\/en\/?s={search_term_string}"},"query-input":{"@type":"PropertyValueSpecification","valueRequired":true,"valueName":"search_term_string"}}],"inLanguage":"es"}]}},"_links":{"self":[{"href":"https:\/\/kilim-age.com\/es\/wp-json\/wp\/v2\/product\/41433","targetHints":{"allow":["GET"]}}],"collection":[{"href":"https:\/\/kilim-age.com\/es\/wp-json\/wp\/v2\/product"}],"about":[{"href":"https:\/\/kilim-age.com\/es\/wp-json\/wp\/v2\/types\/product"}],"replies":[{"embeddable":true,"href":"https:\/\/kilim-age.com\/es\/wp-json\/wp\/v2\/comments?post=41433"}],"wp:featuredmedia":[{"embeddable":true,"href":"https:\/\/kilim-age.com\/es\/wp-json\/wp\/v2\/media\/41434"}],"wp:attachment":[{"href":"https:\/\/kilim-age.com\/es\/wp-json\/wp\/v2\/media?parent=41433"}],"wp:term":[{"taxonomy":"product_brand","embeddable":true,"href":"https:\/\/kilim-age.com\/es\/wp-json\/wp\/v2\/product_brand?post=41433"},{"taxonomy":"product_cat","embeddable":true,"href":"https:\/\/kilim-age.com\/es\/wp-json\/wp\/v2\/product_cat?post=41433"},{"taxonomy":"product_tag","embeddable":true,"href":"https:\/\/kilim-age.com\/es\/wp-json\/wp\/v2\/product_tag?post=41433"}],"curies":[{"name":"wp","href":"https:\/\/api.w.org\/{rel}","templated":true}]}}