{"id":41398,"date":"2025-06-26T17:58:52","date_gmt":"2025-06-26T15:58:52","guid":{"rendered":"https:\/\/kilim-age.com\/?post_type=product&#038;p=41398"},"modified":"2025-09-22T12:02:24","modified_gmt":"2025-09-22T10:02:24","slug":"kilim-turco-multicolor","status":"publish","type":"product","link":"https:\/\/kilim-age.com\/es\/producto\/kilim-turco-multicolor\/","title":{"rendered":"Kilim turco 126&#215;182 cm"},"content":{"rendered":"<p data-start=\"426\" data-end=\"881\">Este kilim turco multicolor de 126&#215;182 cm es una aut\u00e9ntica joya textil, tejida a mano en Turqu\u00eda con t\u00e9cnicas tradicionales que han pasado de generaci\u00f3n en generaci\u00f3n. Cada pieza es \u00fanica, y este dise\u00f1o vibrante no es la excepci\u00f3n: su patr\u00f3n de diamantes y zigzags, combinando tonos c\u00e1lidos como el rojo, naranja y mostaza con matices fr\u00edos como el azul y verde, aporta energ\u00eda, car\u00e1cter y autenticidad a cualquier espacio.<\/p>\n<p data-start=\"883\" data-end=\"1203\">Elaborado con lana 100% natural sobre urdimbre de lana, este kilim es ligero pero resistente, ideal tanto para colocarlo en el suelo como para usarlo como elemento decorativo en pared. Su tama\u00f1o de 126&#215;182 cm lo convierte en una opci\u00f3n vers\u00e1til, perfecta para recibidores, pasillos, dormitorios o espacios de lectura.<\/p>\n<p data-start=\"1205\" data-end=\"1519\">Gracias a sus colores naturales y su composici\u00f3n org\u00e1nica, es una elecci\u00f3n respetuosa con el medio ambiente y saludable para el hogar. Su est\u00e9tica encaja a la perfecci\u00f3n en estilos de decoraci\u00f3n bohemios, \u00e9tnicos, r\u00fasticos o incluso escandinavos, aportando un toque artesanal y aut\u00e9ntico que no pasa desapercibido.<\/p>\n<p data-start=\"1521\" data-end=\"1552\"><strong data-start=\"1521\" data-end=\"1552\">Caracter\u00edsticas destacadas:<\/strong><\/p>\n<ul data-start=\"1553\" data-end=\"1825\">\n<li data-start=\"1553\" data-end=\"1602\">\n<p data-start=\"1555\" data-end=\"1602\">Kilim 100% artesanal, hecho a mano en Turqu\u00eda<\/p>\n<\/li>\n<li data-start=\"1603\" data-end=\"1625\">\n<p data-start=\"1605\" data-end=\"1625\">Tama\u00f1o: 126&#215;182 cm<\/p>\n<\/li>\n<li data-start=\"1626\" data-end=\"1678\">\n<p data-start=\"1628\" data-end=\"1678\">Material: lana natural sobre urdimbre de lana<\/p>\n<\/li>\n<li data-start=\"1679\" data-end=\"1741\">\n<p data-start=\"1681\" data-end=\"1741\">Dise\u00f1o tradicional con motivos geom\u00e9tricos y colores vivos<\/p>\n<\/li>\n<li data-start=\"1742\" data-end=\"1794\">\n<p data-start=\"1744\" data-end=\"1794\">Ideal para espacios bohemios, r\u00fasticos o \u00e9tnicos<\/p>\n<\/li>\n<li data-start=\"1795\" data-end=\"1825\">\n<p data-start=\"1797\" data-end=\"1825\">Producto \u00fanico e irrepetible<\/p>\n<\/li>\n<\/ul>","protected":false},"excerpt":{"rendered":"<div class=\"product-short-description\">\n<p style=\"text-align: left;\">Fabricaci\u00f3n: Hecho a mano<br \/>\nTama\u00f1o: 126&#215;182 cm<br \/>\nEstado: Nuevo<br \/>\nOrigen: Kilim turca<br \/>\nMaterial: Lana<br \/>\nGrosor aprox: 1-2 mm<br \/>\nTe\u00f1ido colores naturales.<br \/>\nPlazo de entrega: 2-5 d\u00edas h\u00e1biles en Espa\u00f1a.<br \/>\nEuropa: 5-7 d\u00edas h\u00e1biles, resto de continentes 7-10 d\u00edas.<\/p>\n<\/div>\n","protected":false},"featured_media":41399,"comment_status":"open","ping_status":"closed","template":"","meta":[],"product_brand":[],"product_cat":[61,829],"product_tag":[73],"class_list":{"0":"post-41398","1":"product","2":"type-product","3":"status-publish","4":"has-post-thumbnail","6":"product_cat-kilims","7":"product_cat-toda-la-coleccion-kilim","8":"product_tag-anatolian-kilim","9":"product_shipping_class-kilim-pequeno","10":"pa_ancho-cm-907","11":"pa_ancho-cm-1012","12":"pa_color-amarillo","13":"pa_color-azul","14":"pa_color-verde","15":"pa_largo-cm-1045","16":"pa_largo-cm-885","18":"first","19":"outofstock","20":"sale","21":"sold-individually","22":"taxable","23":"shipping-taxable","24":"purchasable","25":"product-type-simple"},"yoast_head":"<!-- This site is optimized with the Yoast SEO plugin v24.8.1 - https:\/\/yoast.com\/wordpress\/plugins\/seo\/ -->\n<title>Kilim turco Grande | Kilim-Age | Alfombras Kilim Online<\/title>\n<meta name=\"description\" content=\"Descubre este kilim turco multicolor de 126x182 cm, hecho a mano con lana natural. Perfecto para decoraci\u00f3n bohemia o \u00e9tnica. Compra online en Kilim Age.\" \/>\n<meta name=\"robots\" content=\"index, follow, max-snippet:-1, max-image-preview:large, max-video-preview:-1\" \/>\n<link rel=\"canonical\" href=\"https:\/\/www.kilim-age.com\/es\/producto\/kilim-turco-multicolor\/\" \/>\n<meta property=\"og:locale\" content=\"es_ES\" \/>\n<meta property=\"og:type\" content=\"article\" \/>\n<meta property=\"og:title\" content=\"Kilim turco Grande | Kilim-Age | Alfombras Kilim Online\" \/>\n<meta property=\"og:description\" content=\"Descubre este kilim turco multicolor de 126x182 cm, hecho a mano con lana natural. Perfecto para decoraci\u00f3n bohemia o \u00e9tnica. Compra online en Kilim Age.\" \/>\n<meta property=\"og:url\" content=\"https:\/\/www.kilim-age.com\/es\/producto\/kilim-turco-multicolor\/\" \/>\n<meta property=\"og:site_name\" content=\"Kilim-Age\" \/>\n<meta property=\"article:modified_time\" content=\"2025-09-22T10:02:24+00:00\" \/>\n<meta property=\"og:image\" content=\"https:\/\/www.kilim-age.com\/wp-content\/uploads\/2025\/06\/kilim-turco-multi-ka.jpg\" \/>\n\t<meta property=\"og:image:width\" content=\"1000\" \/>\n\t<meta property=\"og:image:height\" content=\"1300\" \/>\n\t<meta property=\"og:image:type\" content=\"image\/jpeg\" \/>\n<meta name=\"twitter:card\" content=\"summary_large_image\" \/>\n<meta name=\"twitter:label1\" content=\"Tiempo de lectura\" \/>\n\t<meta name=\"twitter:data1\" content=\"2 minutos\" \/>\n<script type=\"application\/ld+json\" class=\"yoast-schema-graph\">{\"@context\":\"https:\/\/schema.org\",\"@graph\":[{\"@type\":\"WebPage\",\"@id\":\"https:\/\/www.kilim-age.com\/es\/producto\/kilim-turco-multicolor\/\",\"url\":\"https:\/\/www.kilim-age.com\/es\/producto\/kilim-turco-multicolor\/\",\"name\":\"Kilim turco Grande | Kilim-Age | Alfombras Kilim Online\",\"isPartOf\":{\"@id\":\"https:\/\/kilim-age.com\/en\/#website\"},\"primaryImageOfPage\":{\"@id\":\"https:\/\/www.kilim-age.com\/es\/producto\/kilim-turco-multicolor\/#primaryimage\"},\"image\":{\"@id\":\"https:\/\/www.kilim-age.com\/es\/producto\/kilim-turco-multicolor\/#primaryimage\"},\"thumbnailUrl\":\"https:\/\/kilim-age.com\/wp-content\/uploads\/2025\/06\/kilim-turco-multi-ka.jpg\",\"datePublished\":\"2025-06-26T15:58:52+00:00\",\"dateModified\":\"2025-09-22T10:02:24+00:00\",\"description\":\"Descubre este kilim turco multicolor de 126x182 cm, hecho a mano con lana natural. Perfecto para decoraci\u00f3n bohemia o \u00e9tnica. Compra online en Kilim Age.\",\"breadcrumb\":{\"@id\":\"https:\/\/www.kilim-age.com\/es\/producto\/kilim-turco-multicolor\/#breadcrumb\"},\"inLanguage\":\"es\",\"potentialAction\":[{\"@type\":\"ReadAction\",\"target\":[\"https:\/\/www.kilim-age.com\/es\/producto\/kilim-turco-multicolor\/\"]}]},{\"@type\":\"ImageObject\",\"inLanguage\":\"es\",\"@id\":\"https:\/\/www.kilim-age.com\/es\/producto\/kilim-turco-multicolor\/#primaryimage\",\"url\":\"https:\/\/kilim-age.com\/wp-content\/uploads\/2025\/06\/kilim-turco-multi-ka.jpg\",\"contentUrl\":\"https:\/\/kilim-age.com\/wp-content\/uploads\/2025\/06\/kilim-turco-multi-ka.jpg\",\"width\":1000,\"height\":1300,\"caption\":\"kilim-turco-multicolor\"},{\"@type\":\"BreadcrumbList\",\"@id\":\"https:\/\/www.kilim-age.com\/es\/producto\/kilim-turco-multicolor\/#breadcrumb\",\"itemListElement\":[{\"@type\":\"ListItem\",\"position\":1,\"name\":\"Home\",\"item\":\"https:\/\/kilim-age.com\/en\/\"},{\"@type\":\"ListItem\",\"position\":2,\"name\":\"Shop\",\"item\":\"https:\/\/kilim-age.com\/es\/shop\/\"},{\"@type\":\"ListItem\",\"position\":3,\"name\":\"Kilim turco 126&#215;182 cm\"}]},{\"@type\":\"WebSite\",\"@id\":\"https:\/\/kilim-age.com\/en\/#website\",\"url\":\"https:\/\/kilim-age.com\/en\/\",\"name\":\"Kilim-Age\",\"description\":\"Somos especialistas en productos artesanales de Turqu\u00eda como Alfombras, y Kilims\",\"potentialAction\":[{\"@type\":\"SearchAction\",\"target\":{\"@type\":\"EntryPoint\",\"urlTemplate\":\"https:\/\/kilim-age.com\/en\/?s={search_term_string}\"},\"query-input\":{\"@type\":\"PropertyValueSpecification\",\"valueRequired\":true,\"valueName\":\"search_term_string\"}}],\"inLanguage\":\"es\"}]}<\/script>\n<!-- \/ Yoast SEO plugin. -->","yoast_head_json":{"title":"Kilim turco Grande | Kilim-Age | Alfombras Kilim Online","description":"Descubre este kilim turco multicolor de 126x182 cm, hecho a mano con lana natural. Perfecto para decoraci\u00f3n bohemia o \u00e9tnica. Compra online en Kilim Age.","robots":{"index":"index","follow":"follow","max-snippet":"max-snippet:-1","max-image-preview":"max-image-preview:large","max-video-preview":"max-video-preview:-1"},"canonical":"https:\/\/www.kilim-age.com\/es\/producto\/kilim-turco-multicolor\/","og_locale":"es_ES","og_type":"article","og_title":"Kilim turco Grande | Kilim-Age | Alfombras Kilim Online","og_description":"Descubre este kilim turco multicolor de 126x182 cm, hecho a mano con lana natural. Perfecto para decoraci\u00f3n bohemia o \u00e9tnica. Compra online en Kilim Age.","og_url":"https:\/\/www.kilim-age.com\/es\/producto\/kilim-turco-multicolor\/","og_site_name":"Kilim-Age","article_modified_time":"2025-09-22T10:02:24+00:00","og_image":[{"width":1000,"height":1300,"url":"https:\/\/www.kilim-age.com\/wp-content\/uploads\/2025\/06\/kilim-turco-multi-ka.jpg","type":"image\/jpeg"}],"twitter_card":"summary_large_image","twitter_misc":{"Tiempo de lectura":"2 minutos"},"schema":{"@context":"https:\/\/schema.org","@graph":[{"@type":"WebPage","@id":"https:\/\/www.kilim-age.com\/es\/producto\/kilim-turco-multicolor\/","url":"https:\/\/www.kilim-age.com\/es\/producto\/kilim-turco-multicolor\/","name":"Kilim turco Grande | Kilim-Age | Alfombras Kilim Online","isPartOf":{"@id":"https:\/\/kilim-age.com\/en\/#website"},"primaryImageOfPage":{"@id":"https:\/\/www.kilim-age.com\/es\/producto\/kilim-turco-multicolor\/#primaryimage"},"image":{"@id":"https:\/\/www.kilim-age.com\/es\/producto\/kilim-turco-multicolor\/#primaryimage"},"thumbnailUrl":"https:\/\/kilim-age.com\/wp-content\/uploads\/2025\/06\/kilim-turco-multi-ka.jpg","datePublished":"2025-06-26T15:58:52+00:00","dateModified":"2025-09-22T10:02:24+00:00","description":"Descubre este kilim turco multicolor de 126x182 cm, hecho a mano con lana natural. Perfecto para decoraci\u00f3n bohemia o \u00e9tnica. Compra online en Kilim Age.","breadcrumb":{"@id":"https:\/\/www.kilim-age.com\/es\/producto\/kilim-turco-multicolor\/#breadcrumb"},"inLanguage":"es","potentialAction":[{"@type":"ReadAction","target":["https:\/\/www.kilim-age.com\/es\/producto\/kilim-turco-multicolor\/"]}]},{"@type":"ImageObject","inLanguage":"es","@id":"https:\/\/www.kilim-age.com\/es\/producto\/kilim-turco-multicolor\/#primaryimage","url":"https:\/\/kilim-age.com\/wp-content\/uploads\/2025\/06\/kilim-turco-multi-ka.jpg","contentUrl":"https:\/\/kilim-age.com\/wp-content\/uploads\/2025\/06\/kilim-turco-multi-ka.jpg","width":1000,"height":1300,"caption":"kilim-turco-multicolor"},{"@type":"BreadcrumbList","@id":"https:\/\/www.kilim-age.com\/es\/producto\/kilim-turco-multicolor\/#breadcrumb","itemListElement":[{"@type":"ListItem","position":1,"name":"Home","item":"https:\/\/kilim-age.com\/en\/"},{"@type":"ListItem","position":2,"name":"Shop","item":"https:\/\/kilim-age.com\/es\/shop\/"},{"@type":"ListItem","position":3,"name":"Kilim turco 126&#215;182 cm"}]},{"@type":"WebSite","@id":"https:\/\/kilim-age.com\/en\/#website","url":"https:\/\/kilim-age.com\/en\/","name":"Kilim-Age","description":"Somos especialistas en productos artesanales de Turqu\u00eda como Alfombras, y Kilims","potentialAction":[{"@type":"SearchAction","target":{"@type":"EntryPoint","urlTemplate":"https:\/\/kilim-age.com\/en\/?s={search_term_string}"},"query-input":{"@type":"PropertyValueSpecification","valueRequired":true,"valueName":"search_term_string"}}],"inLanguage":"es"}]}},"_links":{"self":[{"href":"https:\/\/kilim-age.com\/es\/wp-json\/wp\/v2\/product\/41398","targetHints":{"allow":["GET"]}}],"collection":[{"href":"https:\/\/kilim-age.com\/es\/wp-json\/wp\/v2\/product"}],"about":[{"href":"https:\/\/kilim-age.com\/es\/wp-json\/wp\/v2\/types\/product"}],"replies":[{"embeddable":true,"href":"https:\/\/kilim-age.com\/es\/wp-json\/wp\/v2\/comments?post=41398"}],"wp:featuredmedia":[{"embeddable":true,"href":"https:\/\/kilim-age.com\/es\/wp-json\/wp\/v2\/media\/41399"}],"wp:attachment":[{"href":"https:\/\/kilim-age.com\/es\/wp-json\/wp\/v2\/media?parent=41398"}],"wp:term":[{"taxonomy":"product_brand","embeddable":true,"href":"https:\/\/kilim-age.com\/es\/wp-json\/wp\/v2\/product_brand?post=41398"},{"taxonomy":"product_cat","embeddable":true,"href":"https:\/\/kilim-age.com\/es\/wp-json\/wp\/v2\/product_cat?post=41398"},{"taxonomy":"product_tag","embeddable":true,"href":"https:\/\/kilim-age.com\/es\/wp-json\/wp\/v2\/product_tag?post=41398"}],"curies":[{"name":"wp","href":"https:\/\/api.w.org\/{rel}","templated":true}]}}