{"id":41193,"date":"2024-05-16T12:36:48","date_gmt":"2024-05-16T10:36:48","guid":{"rendered":"https:\/\/kilim-age.com\/?post_type=product&#038;p=41193"},"modified":"2024-12-20T12:31:58","modified_gmt":"2024-12-20T11:31:58","slug":"kilim-turco-artesanal-colores-vibrantes","status":"publish","type":"product","link":"https:\/\/kilim-age.com\/es\/producto\/kilim-turco-artesanal-colores-vibrantes\/","title":{"rendered":"Kilim turco 201&#215;302"},"content":{"rendered":"<strong>Embellece tu hogar con este impresionante kilim turco artesanal. Con unas dimensiones de 201&#215;302 cm, este kilim es una muestra exquisita de la rica herencia cultural de Turqu\u00eda.<\/strong><\/p>\n<p><strong>Caracter\u00edsticas del Producto<\/strong>:<\/p>\n<ul>\n<li><strong>Colores vibrantes<\/strong>: La paleta de colores incluye tonos de rojo, azul, verde, amarillo y naranja, entrelazados en un patr\u00f3n geom\u00e9trico que aporta energ\u00eda y estilo a cualquier espacio.<\/li>\n<li><strong>Dise\u00f1o \u00fanico<\/strong>: Cada kilim es tejido a mano por artesanos expertos, lo que garantiza que cada pieza sea \u00fanica y de alta calidad.<\/li>\n<li><strong>Materiales de calidad<\/strong>: Confeccionado con lana de primera calidad, este kilim es tanto duradero como suave al tacto, ideal para cualquier habitaci\u00f3n del hogar.<\/li>\n<\/ul>\n<p><strong>Beneficios<\/strong>:<\/p>\n<ul>\n<li><strong>Aporte est\u00e9tico<\/strong>: A\u00f1ade un toque de color y dise\u00f1o tradicional a tu sala de estar, comedor o dormitorio.<\/li>\n<li><strong>Durabilidad<\/strong>: La lana es un material resistente que soporta el uso diario y se mantiene en excelente estado con el cuidado adecuado.<\/li>\n<li><strong>F\u00e1cil mantenimiento<\/strong>: Aspira regularmente para mantenerlo limpio y opta por limpieza profesional para una conservaci\u00f3n \u00f3ptima.<\/li>\n<\/ul>","protected":false},"excerpt":{"rendered":"<div class=\"product-short-description\">\n<p>Fabricaci\u00f3n: Hecho a mano<br \/>\nTama\u00f1o: 201&#215;302 cm<br \/>\nEstado: Nuevo<br \/>\nOrigen: Kilim turca<br \/>\nMaterial: Lana<br \/>\nGrosor aprox: 1-2 mm<br \/>\nTe\u00f1ido colores naturales.<br \/>\nPlazo de entrega: 2-5 d\u00edas h\u00e1biles en Espa\u00f1a.<br \/>\nEuropa: 5-7 d\u00edas h\u00e1biles, resto de continentes 7-10 d\u00edas.<\/p>\n<\/div>\n","protected":false},"featured_media":41177,"comment_status":"open","ping_status":"closed","template":"","meta":[],"product_brand":[],"product_cat":[61,829],"product_tag":[73],"class_list":{"0":"post-41193","1":"product","2":"type-product","3":"status-publish","4":"has-post-thumbnail","6":"product_cat-kilims","7":"product_cat-toda-la-coleccion-kilim","8":"product_tag-anatolian-kilim","9":"product_shipping_class-kilim-grande","10":"pa_ancho-cm-1006","11":"pa_ancho-cm-995","12":"pa_color-amarillo","13":"pa_color-azul","14":"pa_color-verde","15":"pa_largo-cm-991","16":"pa_largo-cm-1007","18":"first","19":"outofstock","20":"sale","21":"sold-individually","22":"taxable","23":"shipping-taxable","24":"purchasable","25":"product-type-simple"},"yoast_head":"<!-- This site is optimized with the Yoast SEO plugin v24.8.1 - https:\/\/yoast.com\/wordpress\/plugins\/seo\/ -->\n<title>Kilim de Lana | Kilim-Age | Alfombras Kilim Online<\/title>\n<meta name=\"description\" content=\"Kilim de Lana. Explora nuestro kilim turco artesanal de colores vibrantes, tejido a mano y confeccionado con lana de alta calidad.\" \/>\n<meta name=\"robots\" content=\"index, follow, max-snippet:-1, max-image-preview:large, max-video-preview:-1\" \/>\n<link rel=\"canonical\" href=\"https:\/\/kilim-age.com\/es\/producto\/kilim-turco-artesanal-colores-vibrantes\/\" \/>\n<meta property=\"og:locale\" content=\"es_ES\" \/>\n<meta property=\"og:type\" content=\"article\" \/>\n<meta property=\"og:title\" content=\"Kilim de Lana | Kilim-Age | Alfombras Kilim Online\" \/>\n<meta property=\"og:description\" content=\"Kilim de Lana. Explora nuestro kilim turco artesanal de colores vibrantes, tejido a mano y confeccionado con lana de alta calidad.\" \/>\n<meta property=\"og:url\" content=\"https:\/\/kilim-age.com\/es\/producto\/kilim-turco-artesanal-colores-vibrantes\/\" \/>\n<meta property=\"og:site_name\" content=\"Kilim-Age\" \/>\n<meta property=\"article:modified_time\" content=\"2024-12-20T11:31:58+00:00\" \/>\n<meta property=\"og:image\" content=\"https:\/\/kilim-age.com\/wp-content\/uploads\/2024\/05\/IMG_KA3192.jpg\" \/>\n\t<meta property=\"og:image:width\" content=\"1000\" \/>\n\t<meta property=\"og:image:height\" content=\"1300\" \/>\n\t<meta property=\"og:image:type\" content=\"image\/jpeg\" \/>\n<meta name=\"twitter:card\" content=\"summary_large_image\" \/>\n<meta name=\"twitter:label1\" content=\"Tiempo de lectura\" \/>\n\t<meta name=\"twitter:data1\" content=\"2 minutos\" \/>\n<script type=\"application\/ld+json\" class=\"yoast-schema-graph\">{\"@context\":\"https:\/\/schema.org\",\"@graph\":[{\"@type\":\"WebPage\",\"@id\":\"https:\/\/kilim-age.com\/es\/producto\/kilim-turco-artesanal-colores-vibrantes\/\",\"url\":\"https:\/\/kilim-age.com\/es\/producto\/kilim-turco-artesanal-colores-vibrantes\/\",\"name\":\"Kilim de Lana | Kilim-Age | Alfombras Kilim Online\",\"isPartOf\":{\"@id\":\"https:\/\/kilim-age.com\/en\/#website\"},\"primaryImageOfPage\":{\"@id\":\"https:\/\/kilim-age.com\/es\/producto\/kilim-turco-artesanal-colores-vibrantes\/#primaryimage\"},\"image\":{\"@id\":\"https:\/\/kilim-age.com\/es\/producto\/kilim-turco-artesanal-colores-vibrantes\/#primaryimage\"},\"thumbnailUrl\":\"https:\/\/kilim-age.com\/wp-content\/uploads\/2024\/05\/IMG_KA3192.jpg\",\"datePublished\":\"2024-05-16T10:36:48+00:00\",\"dateModified\":\"2024-12-20T11:31:58+00:00\",\"description\":\"Kilim de Lana. Explora nuestro kilim turco artesanal de colores vibrantes, tejido a mano y confeccionado con lana de alta calidad.\",\"breadcrumb\":{\"@id\":\"https:\/\/kilim-age.com\/es\/producto\/kilim-turco-artesanal-colores-vibrantes\/#breadcrumb\"},\"inLanguage\":\"es\",\"potentialAction\":[{\"@type\":\"ReadAction\",\"target\":[\"https:\/\/kilim-age.com\/es\/producto\/kilim-turco-artesanal-colores-vibrantes\/\"]}]},{\"@type\":\"ImageObject\",\"inLanguage\":\"es\",\"@id\":\"https:\/\/kilim-age.com\/es\/producto\/kilim-turco-artesanal-colores-vibrantes\/#primaryimage\",\"url\":\"https:\/\/kilim-age.com\/wp-content\/uploads\/2024\/05\/IMG_KA3192.jpg\",\"contentUrl\":\"https:\/\/kilim-age.com\/wp-content\/uploads\/2024\/05\/IMG_KA3192.jpg\",\"width\":1000,\"height\":1300},{\"@type\":\"BreadcrumbList\",\"@id\":\"https:\/\/kilim-age.com\/es\/producto\/kilim-turco-artesanal-colores-vibrantes\/#breadcrumb\",\"itemListElement\":[{\"@type\":\"ListItem\",\"position\":1,\"name\":\"Home\",\"item\":\"https:\/\/kilim-age.com\/en\/\"},{\"@type\":\"ListItem\",\"position\":2,\"name\":\"Shop\",\"item\":\"https:\/\/kilim-age.com\/es\/shop\/\"},{\"@type\":\"ListItem\",\"position\":3,\"name\":\"Kilim turco 201&#215;302\"}]},{\"@type\":\"WebSite\",\"@id\":\"https:\/\/kilim-age.com\/en\/#website\",\"url\":\"https:\/\/kilim-age.com\/en\/\",\"name\":\"Kilim-Age\",\"description\":\"Somos especialistas en productos artesanales de Turqu\u00eda como Alfombras, y Kilims\",\"potentialAction\":[{\"@type\":\"SearchAction\",\"target\":{\"@type\":\"EntryPoint\",\"urlTemplate\":\"https:\/\/kilim-age.com\/en\/?s={search_term_string}\"},\"query-input\":{\"@type\":\"PropertyValueSpecification\",\"valueRequired\":true,\"valueName\":\"search_term_string\"}}],\"inLanguage\":\"es\"}]}<\/script>\n<!-- \/ Yoast SEO plugin. -->","yoast_head_json":{"title":"Kilim de Lana | Kilim-Age | Alfombras Kilim Online","description":"Kilim de Lana. Explora nuestro kilim turco artesanal de colores vibrantes, tejido a mano y confeccionado con lana de alta calidad.","robots":{"index":"index","follow":"follow","max-snippet":"max-snippet:-1","max-image-preview":"max-image-preview:large","max-video-preview":"max-video-preview:-1"},"canonical":"https:\/\/kilim-age.com\/es\/producto\/kilim-turco-artesanal-colores-vibrantes\/","og_locale":"es_ES","og_type":"article","og_title":"Kilim de Lana | Kilim-Age | Alfombras Kilim Online","og_description":"Kilim de Lana. Explora nuestro kilim turco artesanal de colores vibrantes, tejido a mano y confeccionado con lana de alta calidad.","og_url":"https:\/\/kilim-age.com\/es\/producto\/kilim-turco-artesanal-colores-vibrantes\/","og_site_name":"Kilim-Age","article_modified_time":"2024-12-20T11:31:58+00:00","og_image":[{"width":1000,"height":1300,"url":"https:\/\/kilim-age.com\/wp-content\/uploads\/2024\/05\/IMG_KA3192.jpg","type":"image\/jpeg"}],"twitter_card":"summary_large_image","twitter_misc":{"Tiempo de lectura":"2 minutos"},"schema":{"@context":"https:\/\/schema.org","@graph":[{"@type":"WebPage","@id":"https:\/\/kilim-age.com\/es\/producto\/kilim-turco-artesanal-colores-vibrantes\/","url":"https:\/\/kilim-age.com\/es\/producto\/kilim-turco-artesanal-colores-vibrantes\/","name":"Kilim de Lana | Kilim-Age | Alfombras Kilim Online","isPartOf":{"@id":"https:\/\/kilim-age.com\/en\/#website"},"primaryImageOfPage":{"@id":"https:\/\/kilim-age.com\/es\/producto\/kilim-turco-artesanal-colores-vibrantes\/#primaryimage"},"image":{"@id":"https:\/\/kilim-age.com\/es\/producto\/kilim-turco-artesanal-colores-vibrantes\/#primaryimage"},"thumbnailUrl":"https:\/\/kilim-age.com\/wp-content\/uploads\/2024\/05\/IMG_KA3192.jpg","datePublished":"2024-05-16T10:36:48+00:00","dateModified":"2024-12-20T11:31:58+00:00","description":"Kilim de Lana. Explora nuestro kilim turco artesanal de colores vibrantes, tejido a mano y confeccionado con lana de alta calidad.","breadcrumb":{"@id":"https:\/\/kilim-age.com\/es\/producto\/kilim-turco-artesanal-colores-vibrantes\/#breadcrumb"},"inLanguage":"es","potentialAction":[{"@type":"ReadAction","target":["https:\/\/kilim-age.com\/es\/producto\/kilim-turco-artesanal-colores-vibrantes\/"]}]},{"@type":"ImageObject","inLanguage":"es","@id":"https:\/\/kilim-age.com\/es\/producto\/kilim-turco-artesanal-colores-vibrantes\/#primaryimage","url":"https:\/\/kilim-age.com\/wp-content\/uploads\/2024\/05\/IMG_KA3192.jpg","contentUrl":"https:\/\/kilim-age.com\/wp-content\/uploads\/2024\/05\/IMG_KA3192.jpg","width":1000,"height":1300},{"@type":"BreadcrumbList","@id":"https:\/\/kilim-age.com\/es\/producto\/kilim-turco-artesanal-colores-vibrantes\/#breadcrumb","itemListElement":[{"@type":"ListItem","position":1,"name":"Home","item":"https:\/\/kilim-age.com\/en\/"},{"@type":"ListItem","position":2,"name":"Shop","item":"https:\/\/kilim-age.com\/es\/shop\/"},{"@type":"ListItem","position":3,"name":"Kilim turco 201&#215;302"}]},{"@type":"WebSite","@id":"https:\/\/kilim-age.com\/en\/#website","url":"https:\/\/kilim-age.com\/en\/","name":"Kilim-Age","description":"Somos especialistas en productos artesanales de Turqu\u00eda como Alfombras, y Kilims","potentialAction":[{"@type":"SearchAction","target":{"@type":"EntryPoint","urlTemplate":"https:\/\/kilim-age.com\/en\/?s={search_term_string}"},"query-input":{"@type":"PropertyValueSpecification","valueRequired":true,"valueName":"search_term_string"}}],"inLanguage":"es"}]}},"_links":{"self":[{"href":"https:\/\/kilim-age.com\/es\/wp-json\/wp\/v2\/product\/41193","targetHints":{"allow":["GET"]}}],"collection":[{"href":"https:\/\/kilim-age.com\/es\/wp-json\/wp\/v2\/product"}],"about":[{"href":"https:\/\/kilim-age.com\/es\/wp-json\/wp\/v2\/types\/product"}],"replies":[{"embeddable":true,"href":"https:\/\/kilim-age.com\/es\/wp-json\/wp\/v2\/comments?post=41193"}],"wp:featuredmedia":[{"embeddable":true,"href":"https:\/\/kilim-age.com\/es\/wp-json\/wp\/v2\/media\/41177"}],"wp:attachment":[{"href":"https:\/\/kilim-age.com\/es\/wp-json\/wp\/v2\/media?parent=41193"}],"wp:term":[{"taxonomy":"product_brand","embeddable":true,"href":"https:\/\/kilim-age.com\/es\/wp-json\/wp\/v2\/product_brand?post=41193"},{"taxonomy":"product_cat","embeddable":true,"href":"https:\/\/kilim-age.com\/es\/wp-json\/wp\/v2\/product_cat?post=41193"},{"taxonomy":"product_tag","embeddable":true,"href":"https:\/\/kilim-age.com\/es\/wp-json\/wp\/v2\/product_tag?post=41193"}],"curies":[{"name":"wp","href":"https:\/\/api.w.org\/{rel}","templated":true}]}}