{"id":41043,"date":"2024-05-11T13:49:13","date_gmt":"2024-05-11T11:49:13","guid":{"rendered":"https:\/\/kilim-age.com\/?post_type=product&#038;p=41043"},"modified":"2025-06-28T12:36:05","modified_gmt":"2025-06-28T10:36:05","slug":"alfombra-kilim-de-diseno","status":"publish","type":"product","link":"https:\/\/kilim-age.com\/es\/producto\/alfombra-kilim-de-diseno\/","title":{"rendered":"Kilim turco 80&#215;119 cm"},"content":{"rendered":"<strong>Alfombra Kilim de Dise\u00f1o: Artesan\u00eda y Color en 80&#215;119 cm<\/strong><\/p>\n<p>Introduce un elemento vibrante y lleno de historia en tu decoraci\u00f3n con nuestra alfombra kilim de dise\u00f1o. Este kilim artesanal, que mide 80&#215;119 cm, es un claro ejemplo del arte textil tradicional, adaptado para complementar interiores modernos o cl\u00e1sicos.<\/p>\n<p><strong>Paleta de Colores y Dise\u00f1o:<\/strong><\/p>\n<ul>\n<li><strong>Vibrantes y C\u00e1lidos<\/strong>: El kilim presenta una base encantadora de naranja y turquesa, inyectando energ\u00eda y frescura a cualquier espacio.<\/li>\n<li><strong>Detalles Harmoniosos<\/strong>: Acentos en tonos suaves de verde, coral y gris completan el dise\u00f1o, ofreciendo una combinaci\u00f3n de colores que se adapta f\u00e1cilmente a diferentes estilos de decoraci\u00f3n.<\/li>\n<\/ul>\n<p><strong>Caracter\u00edsticas Especiales:<\/strong><\/p>\n<ul>\n<li><strong>Elaboraci\u00f3n Artesanal<\/strong>: Cada kilim es tejido a mano por artesanos que emplean t\u00e9cnicas tradicionales, garantizando que cada pieza sea \u00fanica y de alta calidad.<\/li>\n<li><strong>Durabilidad Comprobada<\/strong>: Fabricado para resistir el paso del tiempo, este kilim combina belleza con practicidad, asegurando que se mantendr\u00e1 como nuevo incluso bajo uso frecuente.<\/li>\n<\/ul>\n<p><strong>Ideal para Espacios Vers\u00e1tiles:<\/strong> Gracias a su tama\u00f1o manejable, esta alfombra kilim de dise\u00f1o es perfecta para ser colocada en espacios como recibidores, pasillos o al lado de la cama. Es una opci\u00f3n excelente para quienes buscan agregar un punto focal art\u00edstico sin ocupar demasiado espacio.","protected":false},"excerpt":{"rendered":"<p>Fabricaci\u00f3n: Hecho a mano<br \/>\nTama\u00f1o: 80\u00d7119 cm<br \/>\nEstado: Producci\u00f3n nuevo<br \/>\nOrigen: Kilim turco<br \/>\nMaterial: Lana<br \/>\nGrosor aprox: 2-3 mm<br \/>\nTe\u00f1ido con colores naturales<br \/>\nLos colores de la alfombra se percibir\u00e1n de formas diferentes dependiendo del \u00e1ngulo de visi\u00f3n<br \/>\nPlazo de entrega: 2-5 d\u00edas h\u00e1biles en Espa\u00f1a peninsular.<br \/>\nEuropa: 5-7 d\u00edas h\u00e1biles, resto de continentes 7-10 d\u00edas.<\/p>\n","protected":false},"featured_media":41044,"comment_status":"open","ping_status":"closed","template":"","meta":[],"product_brand":[],"product_cat":[61,829],"product_tag":[72],"class_list":{"0":"post-41043","1":"product","2":"type-product","3":"status-publish","4":"has-post-thumbnail","6":"product_cat-kilims","7":"product_cat-toda-la-coleccion-kilim","8":"product_tag-kilim","9":"product_shipping_class-kilim-pequeno","10":"pa_ancho-cm-960","11":"pa_ancho-cm-940","12":"pa_largo-cm-1025","13":"pa_largo-cm-882","14":"pa_medida-pequenos","16":"first","17":"outofstock","18":"sale","19":"sold-individually","20":"taxable","21":"shipping-taxable","22":"purchasable","23":"product-type-simple"},"yoast_head":"<!-- This site is optimized with the Yoast SEO plugin v24.8.1 - https:\/\/yoast.com\/wordpress\/plugins\/seo\/ -->\n<title>Alfombra Kilim de Dise\u00f1o | Kilim-Age<\/title>\n<meta name=\"description\" content=\"Alfombra Kilim de Dise\u00f1o. Introduce un elemento vibrante y lleno de historia en tu decoraci\u00f3n con nuestra alfombra kilim de dise\u00f1o.\" \/>\n<meta name=\"robots\" content=\"index, follow, max-snippet:-1, max-image-preview:large, max-video-preview:-1\" \/>\n<link rel=\"canonical\" href=\"https:\/\/www.kilim-age.com\/es\/producto\/alfombra-kilim-de-diseno\/\" \/>\n<meta property=\"og:locale\" content=\"es_ES\" \/>\n<meta property=\"og:type\" content=\"article\" \/>\n<meta property=\"og:title\" content=\"Alfombra Kilim de Dise\u00f1o | Kilim-Age\" \/>\n<meta property=\"og:description\" content=\"Alfombra Kilim de Dise\u00f1o. Introduce un elemento vibrante y lleno de historia en tu decoraci\u00f3n con nuestra alfombra kilim de dise\u00f1o.\" \/>\n<meta property=\"og:url\" content=\"https:\/\/www.kilim-age.com\/es\/producto\/alfombra-kilim-de-diseno\/\" \/>\n<meta property=\"og:site_name\" content=\"Kilim-Age\" \/>\n<meta property=\"article:modified_time\" content=\"2025-06-28T10:36:05+00:00\" \/>\n<meta property=\"og:image\" content=\"https:\/\/www.kilim-age.com\/wp-content\/uploads\/2024\/05\/IMG_KA3117.jpg\" \/>\n\t<meta property=\"og:image:width\" content=\"1000\" \/>\n\t<meta property=\"og:image:height\" content=\"1300\" \/>\n\t<meta property=\"og:image:type\" content=\"image\/jpeg\" \/>\n<meta name=\"twitter:card\" content=\"summary_large_image\" \/>\n<meta name=\"twitter:label1\" content=\"Tiempo de lectura\" \/>\n\t<meta name=\"twitter:data1\" content=\"1 minuto\" \/>\n<script type=\"application\/ld+json\" class=\"yoast-schema-graph\">{\"@context\":\"https:\/\/schema.org\",\"@graph\":[{\"@type\":\"WebPage\",\"@id\":\"https:\/\/www.kilim-age.com\/es\/producto\/alfombra-kilim-de-diseno\/\",\"url\":\"https:\/\/www.kilim-age.com\/es\/producto\/alfombra-kilim-de-diseno\/\",\"name\":\"Alfombra Kilim de Dise\u00f1o | Kilim-Age\",\"isPartOf\":{\"@id\":\"https:\/\/kilim-age.com\/es\/#website\"},\"primaryImageOfPage\":{\"@id\":\"https:\/\/www.kilim-age.com\/es\/producto\/alfombra-kilim-de-diseno\/#primaryimage\"},\"image\":{\"@id\":\"https:\/\/www.kilim-age.com\/es\/producto\/alfombra-kilim-de-diseno\/#primaryimage\"},\"thumbnailUrl\":\"https:\/\/kilim-age.com\/wp-content\/uploads\/2024\/05\/IMG_KA3117.jpg\",\"datePublished\":\"2024-05-11T11:49:13+00:00\",\"dateModified\":\"2025-06-28T10:36:05+00:00\",\"description\":\"Alfombra Kilim de Dise\u00f1o. Introduce un elemento vibrante y lleno de historia en tu decoraci\u00f3n con nuestra alfombra kilim de dise\u00f1o.\",\"breadcrumb\":{\"@id\":\"https:\/\/www.kilim-age.com\/es\/producto\/alfombra-kilim-de-diseno\/#breadcrumb\"},\"inLanguage\":\"es\",\"potentialAction\":[{\"@type\":\"ReadAction\",\"target\":[\"https:\/\/www.kilim-age.com\/es\/producto\/alfombra-kilim-de-diseno\/\"]}]},{\"@type\":\"ImageObject\",\"inLanguage\":\"es\",\"@id\":\"https:\/\/www.kilim-age.com\/es\/producto\/alfombra-kilim-de-diseno\/#primaryimage\",\"url\":\"https:\/\/kilim-age.com\/wp-content\/uploads\/2024\/05\/IMG_KA3117.jpg\",\"contentUrl\":\"https:\/\/kilim-age.com\/wp-content\/uploads\/2024\/05\/IMG_KA3117.jpg\",\"width\":1000,\"height\":1300,\"caption\":\"Alfombra Kilim de Dise\u00f1o\"},{\"@type\":\"BreadcrumbList\",\"@id\":\"https:\/\/www.kilim-age.com\/es\/producto\/alfombra-kilim-de-diseno\/#breadcrumb\",\"itemListElement\":[{\"@type\":\"ListItem\",\"position\":1,\"name\":\"Home\",\"item\":\"https:\/\/kilim-age.com\/es\/\"},{\"@type\":\"ListItem\",\"position\":2,\"name\":\"Shop\",\"item\":\"https:\/\/kilim-age.com\/en\/shop\/\"},{\"@type\":\"ListItem\",\"position\":3,\"name\":\"Kilim turco 80&#215;119 cm\"}]},{\"@type\":\"WebSite\",\"@id\":\"https:\/\/kilim-age.com\/es\/#website\",\"url\":\"https:\/\/kilim-age.com\/es\/\",\"name\":\"Kilim-Age\",\"description\":\"Somos especialistas en productos artesanales de Turqu\u00eda como Alfombras, y Kilims\",\"potentialAction\":[{\"@type\":\"SearchAction\",\"target\":{\"@type\":\"EntryPoint\",\"urlTemplate\":\"https:\/\/kilim-age.com\/es\/?s={search_term_string}\"},\"query-input\":{\"@type\":\"PropertyValueSpecification\",\"valueRequired\":true,\"valueName\":\"search_term_string\"}}],\"inLanguage\":\"es\"}]}<\/script>\n<!-- \/ Yoast SEO plugin. -->","yoast_head_json":{"title":"Alfombra Kilim de Dise\u00f1o | Kilim-Age","description":"Alfombra Kilim de Dise\u00f1o. Introduce un elemento vibrante y lleno de historia en tu decoraci\u00f3n con nuestra alfombra kilim de dise\u00f1o.","robots":{"index":"index","follow":"follow","max-snippet":"max-snippet:-1","max-image-preview":"max-image-preview:large","max-video-preview":"max-video-preview:-1"},"canonical":"https:\/\/www.kilim-age.com\/es\/producto\/alfombra-kilim-de-diseno\/","og_locale":"es_ES","og_type":"article","og_title":"Alfombra Kilim de Dise\u00f1o | Kilim-Age","og_description":"Alfombra Kilim de Dise\u00f1o. Introduce un elemento vibrante y lleno de historia en tu decoraci\u00f3n con nuestra alfombra kilim de dise\u00f1o.","og_url":"https:\/\/www.kilim-age.com\/es\/producto\/alfombra-kilim-de-diseno\/","og_site_name":"Kilim-Age","article_modified_time":"2025-06-28T10:36:05+00:00","og_image":[{"width":1000,"height":1300,"url":"https:\/\/www.kilim-age.com\/wp-content\/uploads\/2024\/05\/IMG_KA3117.jpg","type":"image\/jpeg"}],"twitter_card":"summary_large_image","twitter_misc":{"Tiempo de lectura":"1 minuto"},"schema":{"@context":"https:\/\/schema.org","@graph":[{"@type":"WebPage","@id":"https:\/\/www.kilim-age.com\/es\/producto\/alfombra-kilim-de-diseno\/","url":"https:\/\/www.kilim-age.com\/es\/producto\/alfombra-kilim-de-diseno\/","name":"Alfombra Kilim de Dise\u00f1o | Kilim-Age","isPartOf":{"@id":"https:\/\/kilim-age.com\/es\/#website"},"primaryImageOfPage":{"@id":"https:\/\/www.kilim-age.com\/es\/producto\/alfombra-kilim-de-diseno\/#primaryimage"},"image":{"@id":"https:\/\/www.kilim-age.com\/es\/producto\/alfombra-kilim-de-diseno\/#primaryimage"},"thumbnailUrl":"https:\/\/kilim-age.com\/wp-content\/uploads\/2024\/05\/IMG_KA3117.jpg","datePublished":"2024-05-11T11:49:13+00:00","dateModified":"2025-06-28T10:36:05+00:00","description":"Alfombra Kilim de Dise\u00f1o. Introduce un elemento vibrante y lleno de historia en tu decoraci\u00f3n con nuestra alfombra kilim de dise\u00f1o.","breadcrumb":{"@id":"https:\/\/www.kilim-age.com\/es\/producto\/alfombra-kilim-de-diseno\/#breadcrumb"},"inLanguage":"es","potentialAction":[{"@type":"ReadAction","target":["https:\/\/www.kilim-age.com\/es\/producto\/alfombra-kilim-de-diseno\/"]}]},{"@type":"ImageObject","inLanguage":"es","@id":"https:\/\/www.kilim-age.com\/es\/producto\/alfombra-kilim-de-diseno\/#primaryimage","url":"https:\/\/kilim-age.com\/wp-content\/uploads\/2024\/05\/IMG_KA3117.jpg","contentUrl":"https:\/\/kilim-age.com\/wp-content\/uploads\/2024\/05\/IMG_KA3117.jpg","width":1000,"height":1300,"caption":"Alfombra Kilim de Dise\u00f1o"},{"@type":"BreadcrumbList","@id":"https:\/\/www.kilim-age.com\/es\/producto\/alfombra-kilim-de-diseno\/#breadcrumb","itemListElement":[{"@type":"ListItem","position":1,"name":"Home","item":"https:\/\/kilim-age.com\/es\/"},{"@type":"ListItem","position":2,"name":"Shop","item":"https:\/\/kilim-age.com\/en\/shop\/"},{"@type":"ListItem","position":3,"name":"Kilim turco 80&#215;119 cm"}]},{"@type":"WebSite","@id":"https:\/\/kilim-age.com\/es\/#website","url":"https:\/\/kilim-age.com\/es\/","name":"Kilim-Age","description":"Somos especialistas en productos artesanales de Turqu\u00eda como Alfombras, y Kilims","potentialAction":[{"@type":"SearchAction","target":{"@type":"EntryPoint","urlTemplate":"https:\/\/kilim-age.com\/es\/?s={search_term_string}"},"query-input":{"@type":"PropertyValueSpecification","valueRequired":true,"valueName":"search_term_string"}}],"inLanguage":"es"}]}},"_links":{"self":[{"href":"https:\/\/kilim-age.com\/es\/wp-json\/wp\/v2\/product\/41043","targetHints":{"allow":["GET"]}}],"collection":[{"href":"https:\/\/kilim-age.com\/es\/wp-json\/wp\/v2\/product"}],"about":[{"href":"https:\/\/kilim-age.com\/es\/wp-json\/wp\/v2\/types\/product"}],"replies":[{"embeddable":true,"href":"https:\/\/kilim-age.com\/es\/wp-json\/wp\/v2\/comments?post=41043"}],"wp:featuredmedia":[{"embeddable":true,"href":"https:\/\/kilim-age.com\/es\/wp-json\/wp\/v2\/media\/41044"}],"wp:attachment":[{"href":"https:\/\/kilim-age.com\/es\/wp-json\/wp\/v2\/media?parent=41043"}],"wp:term":[{"taxonomy":"product_brand","embeddable":true,"href":"https:\/\/kilim-age.com\/es\/wp-json\/wp\/v2\/product_brand?post=41043"},{"taxonomy":"product_cat","embeddable":true,"href":"https:\/\/kilim-age.com\/es\/wp-json\/wp\/v2\/product_cat?post=41043"},{"taxonomy":"product_tag","embeddable":true,"href":"https:\/\/kilim-age.com\/es\/wp-json\/wp\/v2\/product_tag?post=41043"}],"curies":[{"name":"wp","href":"https:\/\/api.w.org\/{rel}","templated":true}]}}