{"id":40879,"date":"2024-05-07T13:42:59","date_gmt":"2024-05-07T11:42:59","guid":{"rendered":"https:\/\/kilim-age.com\/?post_type=product&#038;p=40879"},"modified":"2024-12-20T12:38:36","modified_gmt":"2024-12-20T11:38:36","slug":"kilim-hecho-a-mano-turco","status":"publish","type":"product","link":"https:\/\/kilim-age.com\/es\/producto\/kilim-hecho-a-mano-turco\/","title":{"rendered":"Kilim turco 79&#215;131 cm"},"content":{"rendered":"<strong>Kilim Turco Hecho a Mano: Un Tesoro Artesanal en Colores Vibrantes<\/strong><\/p>\n<p>Descubre la exquisitez y el detalle en cada tejido de nuestro <strong>Kilim Turco Hecho a Mano<\/strong>, una pieza peque\u00f1a que encapsula la rica tradici\u00f3n artesanal de Turqu\u00eda. Con medidas ideales para espacios acogedores, este kilim transforma cualquier rinc\u00f3n en un testimonio de arte y cultura.<\/p>\n<p><strong>Caracter\u00edsticas del Producto:<\/strong><\/p>\n<ul>\n<li><strong>Dimensiones<\/strong>: 79 x131cm, perfecto para a\u00f1adir un toque de elegancia y color en \u00e1reas como recibidores, pasillos o como un punto focal en tu sala de estar.<\/li>\n<li><strong>Paleta de Colores<\/strong>: Dise\u00f1ado con una paleta vibrante que incluye tonos de naranja, azul, verde y crema, este kilim a\u00f1ade vida y alegr\u00eda a cualquier decoraci\u00f3n.<\/li>\n<li><strong>Dise\u00f1o Intricado<\/strong>: Cada pieza cuenta con patrones geom\u00e9tricos que son s\u00edmbolos de la iconograf\u00eda tradicional turca, ofreciendo no solo belleza sino tambi\u00e9n una historia en cada dise\u00f1o.<\/li>\n<\/ul>\n<p><strong>Autenticidad y Calidad Garantizadas:<\/strong> Fabricado con t\u00e9cnicas pasadas de generaci\u00f3n en generaci\u00f3n, este kilim no solo es duradero sino tambi\u00e9n una obra de arte sostenible. Cada kilim es una pieza \u00fanica, tejida completamente a mano por artesanos expertos en Turqu\u00eda, garantizando que recibes no solo un producto, sino una pieza de la herencia cultural turca.<\/p>\n<p><strong>Adquiere tu Kilim Turco Hecho a Mano hoy<\/strong> y convierte tu hogar en una galer\u00eda de arte mundial.","protected":false},"excerpt":{"rendered":"<p>Hecho a mano<br \/>\nTama\u00f1o: 79\u00d7131 cm<br \/>\nEstado: Nuevo<br \/>\nOrigen: Turqu\u00eda<br \/>\nMaterial: Lana natural<br \/>\nGrosor aprox: 1-2 mm<br \/>\nColores: Naturales<br \/>\nLos colores de la alfombra se percibir\u00e1n de formas diferentes dependiendo del \u00e1ngulo de visi\u00f3n<br \/>\nPlazo de entrega: 2-5 d\u00edas h\u00e1biles en Espa\u00f1a.<br \/>\nEuropa: 5-7 d\u00edas h\u00e1biles, resto de continentes 7-10 d\u00edas.<\/p>\n","protected":false},"featured_media":40880,"comment_status":"open","ping_status":"closed","template":"","meta":[],"product_brand":[],"product_cat":[61,829],"product_tag":[73],"class_list":{"0":"post-40879","1":"product","2":"type-product","3":"status-publish","4":"has-post-thumbnail","6":"product_cat-kilims","7":"product_cat-toda-la-coleccion-kilim","8":"product_tag-anatolian-kilim","9":"product_shipping_class-kilim-pequeno","10":"pa_ancho-cm-985","11":"pa_ancho-cm-942","12":"pa_color-azul-clarito","13":"pa_color-naranja","14":"pa_color-verde-agua","15":"pa_color-verde-claro","16":"pa_largo-cm-882","17":"pa_largo-cm-1043","19":"first","20":"outofstock","21":"sale","22":"sold-individually","23":"taxable","24":"shipping-taxable","25":"purchasable","26":"product-type-simple"},"yoast_head":"<!-- This site is optimized with the Yoast SEO plugin v24.8.1 - https:\/\/yoast.com\/wordpress\/plugins\/seo\/ -->\n<title>Kilim Hecho a Mano Turco | Kilim-Age | Comprar Kilim Online<\/title>\n<meta name=\"description\" content=\"Kilim Hecho a Mano Turco. Descubre la exquisitez y el detalle en cada tejido de nuestro Kilim, una pieza que encapsula la tradici\u00f3n artesanal de Turqu\u00eda.\" \/>\n<meta name=\"robots\" content=\"index, follow, max-snippet:-1, max-image-preview:large, max-video-preview:-1\" \/>\n<link rel=\"canonical\" href=\"https:\/\/kilim-age.com\/es\/producto\/kilim-hecho-a-mano-turco\/\" \/>\n<meta property=\"og:locale\" content=\"es_ES\" \/>\n<meta property=\"og:type\" content=\"article\" \/>\n<meta property=\"og:title\" content=\"Kilim Hecho a Mano Turco | Kilim-Age | Comprar Kilim Online\" \/>\n<meta property=\"og:description\" content=\"Kilim Hecho a Mano Turco. Descubre la exquisitez y el detalle en cada tejido de nuestro Kilim, una pieza que encapsula la tradici\u00f3n artesanal de Turqu\u00eda.\" \/>\n<meta property=\"og:url\" content=\"https:\/\/kilim-age.com\/es\/producto\/kilim-hecho-a-mano-turco\/\" \/>\n<meta property=\"og:site_name\" content=\"Kilim-Age\" \/>\n<meta property=\"article:modified_time\" content=\"2024-12-20T11:38:36+00:00\" \/>\n<meta property=\"og:image\" content=\"https:\/\/kilim-age.com\/wp-content\/uploads\/2024\/05\/IMG_3038.jpg\" \/>\n\t<meta property=\"og:image:width\" content=\"1000\" \/>\n\t<meta property=\"og:image:height\" content=\"1300\" \/>\n\t<meta property=\"og:image:type\" content=\"image\/jpeg\" \/>\n<meta name=\"twitter:card\" content=\"summary_large_image\" \/>\n<meta name=\"twitter:label1\" content=\"Tiempo de lectura\" \/>\n\t<meta name=\"twitter:data1\" content=\"1 minuto\" \/>\n<script type=\"application\/ld+json\" class=\"yoast-schema-graph\">{\"@context\":\"https:\/\/schema.org\",\"@graph\":[{\"@type\":\"WebPage\",\"@id\":\"https:\/\/kilim-age.com\/es\/producto\/kilim-hecho-a-mano-turco\/\",\"url\":\"https:\/\/kilim-age.com\/es\/producto\/kilim-hecho-a-mano-turco\/\",\"name\":\"Kilim Hecho a Mano Turco | Kilim-Age | Comprar Kilim Online\",\"isPartOf\":{\"@id\":\"https:\/\/kilim-age.com\/en\/#website\"},\"primaryImageOfPage\":{\"@id\":\"https:\/\/kilim-age.com\/es\/producto\/kilim-hecho-a-mano-turco\/#primaryimage\"},\"image\":{\"@id\":\"https:\/\/kilim-age.com\/es\/producto\/kilim-hecho-a-mano-turco\/#primaryimage\"},\"thumbnailUrl\":\"https:\/\/kilim-age.com\/wp-content\/uploads\/2024\/05\/IMG_3038.jpg\",\"datePublished\":\"2024-05-07T11:42:59+00:00\",\"dateModified\":\"2024-12-20T11:38:36+00:00\",\"description\":\"Kilim Hecho a Mano Turco. Descubre la exquisitez y el detalle en cada tejido de nuestro Kilim, una pieza que encapsula la tradici\u00f3n artesanal de Turqu\u00eda.\",\"breadcrumb\":{\"@id\":\"https:\/\/kilim-age.com\/es\/producto\/kilim-hecho-a-mano-turco\/#breadcrumb\"},\"inLanguage\":\"es\",\"potentialAction\":[{\"@type\":\"ReadAction\",\"target\":[\"https:\/\/kilim-age.com\/es\/producto\/kilim-hecho-a-mano-turco\/\"]}]},{\"@type\":\"ImageObject\",\"inLanguage\":\"es\",\"@id\":\"https:\/\/kilim-age.com\/es\/producto\/kilim-hecho-a-mano-turco\/#primaryimage\",\"url\":\"https:\/\/kilim-age.com\/wp-content\/uploads\/2024\/05\/IMG_3038.jpg\",\"contentUrl\":\"https:\/\/kilim-age.com\/wp-content\/uploads\/2024\/05\/IMG_3038.jpg\",\"width\":1000,\"height\":1300},{\"@type\":\"BreadcrumbList\",\"@id\":\"https:\/\/kilim-age.com\/es\/producto\/kilim-hecho-a-mano-turco\/#breadcrumb\",\"itemListElement\":[{\"@type\":\"ListItem\",\"position\":1,\"name\":\"Home\",\"item\":\"https:\/\/kilim-age.com\/en\/\"},{\"@type\":\"ListItem\",\"position\":2,\"name\":\"Shop\",\"item\":\"https:\/\/kilim-age.com\/es\/shop\/\"},{\"@type\":\"ListItem\",\"position\":3,\"name\":\"Kilim turco 79&#215;131 cm\"}]},{\"@type\":\"WebSite\",\"@id\":\"https:\/\/kilim-age.com\/en\/#website\",\"url\":\"https:\/\/kilim-age.com\/en\/\",\"name\":\"Kilim-Age\",\"description\":\"Somos especialistas en productos artesanales de Turqu\u00eda como Alfombras, y Kilims\",\"potentialAction\":[{\"@type\":\"SearchAction\",\"target\":{\"@type\":\"EntryPoint\",\"urlTemplate\":\"https:\/\/kilim-age.com\/en\/?s={search_term_string}\"},\"query-input\":{\"@type\":\"PropertyValueSpecification\",\"valueRequired\":true,\"valueName\":\"search_term_string\"}}],\"inLanguage\":\"es\"}]}<\/script>\n<!-- \/ Yoast SEO plugin. -->","yoast_head_json":{"title":"Kilim Hecho a Mano Turco | Kilim-Age | Comprar Kilim Online","description":"Kilim Hecho a Mano Turco. Descubre la exquisitez y el detalle en cada tejido de nuestro Kilim, una pieza que encapsula la tradici\u00f3n artesanal de Turqu\u00eda.","robots":{"index":"index","follow":"follow","max-snippet":"max-snippet:-1","max-image-preview":"max-image-preview:large","max-video-preview":"max-video-preview:-1"},"canonical":"https:\/\/kilim-age.com\/es\/producto\/kilim-hecho-a-mano-turco\/","og_locale":"es_ES","og_type":"article","og_title":"Kilim Hecho a Mano Turco | Kilim-Age | Comprar Kilim Online","og_description":"Kilim Hecho a Mano Turco. Descubre la exquisitez y el detalle en cada tejido de nuestro Kilim, una pieza que encapsula la tradici\u00f3n artesanal de Turqu\u00eda.","og_url":"https:\/\/kilim-age.com\/es\/producto\/kilim-hecho-a-mano-turco\/","og_site_name":"Kilim-Age","article_modified_time":"2024-12-20T11:38:36+00:00","og_image":[{"width":1000,"height":1300,"url":"https:\/\/kilim-age.com\/wp-content\/uploads\/2024\/05\/IMG_3038.jpg","type":"image\/jpeg"}],"twitter_card":"summary_large_image","twitter_misc":{"Tiempo de lectura":"1 minuto"},"schema":{"@context":"https:\/\/schema.org","@graph":[{"@type":"WebPage","@id":"https:\/\/kilim-age.com\/es\/producto\/kilim-hecho-a-mano-turco\/","url":"https:\/\/kilim-age.com\/es\/producto\/kilim-hecho-a-mano-turco\/","name":"Kilim Hecho a Mano Turco | Kilim-Age | Comprar Kilim Online","isPartOf":{"@id":"https:\/\/kilim-age.com\/en\/#website"},"primaryImageOfPage":{"@id":"https:\/\/kilim-age.com\/es\/producto\/kilim-hecho-a-mano-turco\/#primaryimage"},"image":{"@id":"https:\/\/kilim-age.com\/es\/producto\/kilim-hecho-a-mano-turco\/#primaryimage"},"thumbnailUrl":"https:\/\/kilim-age.com\/wp-content\/uploads\/2024\/05\/IMG_3038.jpg","datePublished":"2024-05-07T11:42:59+00:00","dateModified":"2024-12-20T11:38:36+00:00","description":"Kilim Hecho a Mano Turco. Descubre la exquisitez y el detalle en cada tejido de nuestro Kilim, una pieza que encapsula la tradici\u00f3n artesanal de Turqu\u00eda.","breadcrumb":{"@id":"https:\/\/kilim-age.com\/es\/producto\/kilim-hecho-a-mano-turco\/#breadcrumb"},"inLanguage":"es","potentialAction":[{"@type":"ReadAction","target":["https:\/\/kilim-age.com\/es\/producto\/kilim-hecho-a-mano-turco\/"]}]},{"@type":"ImageObject","inLanguage":"es","@id":"https:\/\/kilim-age.com\/es\/producto\/kilim-hecho-a-mano-turco\/#primaryimage","url":"https:\/\/kilim-age.com\/wp-content\/uploads\/2024\/05\/IMG_3038.jpg","contentUrl":"https:\/\/kilim-age.com\/wp-content\/uploads\/2024\/05\/IMG_3038.jpg","width":1000,"height":1300},{"@type":"BreadcrumbList","@id":"https:\/\/kilim-age.com\/es\/producto\/kilim-hecho-a-mano-turco\/#breadcrumb","itemListElement":[{"@type":"ListItem","position":1,"name":"Home","item":"https:\/\/kilim-age.com\/en\/"},{"@type":"ListItem","position":2,"name":"Shop","item":"https:\/\/kilim-age.com\/es\/shop\/"},{"@type":"ListItem","position":3,"name":"Kilim turco 79&#215;131 cm"}]},{"@type":"WebSite","@id":"https:\/\/kilim-age.com\/en\/#website","url":"https:\/\/kilim-age.com\/en\/","name":"Kilim-Age","description":"Somos especialistas en productos artesanales de Turqu\u00eda como Alfombras, y Kilims","potentialAction":[{"@type":"SearchAction","target":{"@type":"EntryPoint","urlTemplate":"https:\/\/kilim-age.com\/en\/?s={search_term_string}"},"query-input":{"@type":"PropertyValueSpecification","valueRequired":true,"valueName":"search_term_string"}}],"inLanguage":"es"}]}},"_links":{"self":[{"href":"https:\/\/kilim-age.com\/es\/wp-json\/wp\/v2\/product\/40879","targetHints":{"allow":["GET"]}}],"collection":[{"href":"https:\/\/kilim-age.com\/es\/wp-json\/wp\/v2\/product"}],"about":[{"href":"https:\/\/kilim-age.com\/es\/wp-json\/wp\/v2\/types\/product"}],"replies":[{"embeddable":true,"href":"https:\/\/kilim-age.com\/es\/wp-json\/wp\/v2\/comments?post=40879"}],"wp:featuredmedia":[{"embeddable":true,"href":"https:\/\/kilim-age.com\/es\/wp-json\/wp\/v2\/media\/40880"}],"wp:attachment":[{"href":"https:\/\/kilim-age.com\/es\/wp-json\/wp\/v2\/media?parent=40879"}],"wp:term":[{"taxonomy":"product_brand","embeddable":true,"href":"https:\/\/kilim-age.com\/es\/wp-json\/wp\/v2\/product_brand?post=40879"},{"taxonomy":"product_cat","embeddable":true,"href":"https:\/\/kilim-age.com\/es\/wp-json\/wp\/v2\/product_cat?post=40879"},{"taxonomy":"product_tag","embeddable":true,"href":"https:\/\/kilim-age.com\/es\/wp-json\/wp\/v2\/product_tag?post=40879"}],"curies":[{"name":"wp","href":"https:\/\/api.w.org\/{rel}","templated":true}]}}