{"id":40867,"date":"2024-05-07T13:11:36","date_gmt":"2024-05-07T11:11:36","guid":{"rendered":"https:\/\/kilim-age.com\/?post_type=product&#038;p=40867"},"modified":"2025-06-14T13:46:30","modified_gmt":"2025-06-14T11:46:30","slug":"kilim-artesanal-colorido-pasillos","status":"publish","type":"product","link":"https:\/\/kilim-age.com\/es\/producto\/kilim-artesanal-colorido-pasillos\/","title":{"rendered":"Kilim para pasillo 88&#215;293 cm"},"content":{"rendered":"<strong>Colorido Kilim Artesanal para Pasillos<\/strong><\/p>\n<p>Realza tu hogar con el encanto vibrante de nuestro Kilim Artesanal para Pasillos, perfecto para a\u00f1adir un toque de color y dise\u00f1o a tu pasillo. Este kilim, bellamente elaborado, presenta una rica mosaico de colores, incluyendo turquesa, naranja, p\u00farpura y verde, dispuestos en un impresionante patr\u00f3n geom\u00e9trico que capta la esencia de la artesan\u00eda tradicional.<\/p>\n<p><strong>Caracter\u00edsticas Clave:<\/strong><\/p>\n<ul>\n<li><strong>Dise\u00f1o Vibrante:<\/strong> El kilim presume de una compleja disposici\u00f3n de formas geom\u00e9tricas que aportan vida y car\u00e1cter a cualquier espacio. Su llamativa paleta de colores incluye azules intensos, naranjas vibrantes, verdes terrosos y toques de p\u00farpura, convirti\u00e9ndolo en el punto focal de cualquier ambiente.<\/li>\n<li><strong>Artesan\u00eda Duradera:<\/strong> Tejido a mano por artesanos h\u00e1biles utilizando t\u00e9cnicas tradicionales, este kilim no solo es hermoso, sino tambi\u00e9n duradero. Sus materiales de alta calidad garantizan su durabilidad, haci\u00e9ndolo adecuado para \u00e1reas de alto tr\u00e1fico como los pasillos.<\/li>\n<li><strong>Tama\u00f1o Perfecto para Pasillos:<\/strong> Con medidas de 75&#215;266 cm, este corredor tiene el tama\u00f1o ideal para pasillos, aportando calidez y estilo a los espacios a menudo olvidados de tu hogar.<\/li>\n<\/ul>\n<p>Este Kilim para Pasillos es m\u00e1s que un elemento decorativo; es una pieza de arte que ofrece funcionalidad y estilo. Su dise\u00f1o atemporal y su excepcional artesan\u00eda lo convierten en una valiosa adici\u00f3n a cualquier colecci\u00f3n de decoraci\u00f3n del hogar.","protected":false},"excerpt":{"rendered":"<p>Hecho a mano<br \/>\nTama\u00f1o: 88\u00d7293 cm<br \/>\nEstado: Nuevo<br \/>\nOrigen: Turqu\u00eda<br \/>\nMaterial: Lana natural<br \/>\nGrosor aprox: 1-2 mm<br \/>\nColores: Naturales<br \/>\nLos colores de la alfombra se percibir\u00e1n de formas diferentes dependiendo del \u00e1ngulo de visi\u00f3n<br \/>\nPlazo de entrega: 2-5 d\u00edas h\u00e1biles en Espa\u00f1a.<br \/>\nEuropa: 5-7 d\u00edas h\u00e1biles, resto de continentes 7-10 d\u00edas.<\/p>\n","protected":false},"featured_media":40868,"comment_status":"open","ping_status":"closed","template":"","meta":[],"product_brand":[],"product_cat":[61,829,783],"product_tag":[1079],"class_list":{"0":"post-40867","1":"product","2":"type-product","3":"status-publish","4":"has-post-thumbnail","6":"product_cat-kilims","7":"product_cat-toda-la-coleccion-kilim","8":"product_cat-kilim-pasilleros","9":"product_tag-kilim-de-pasillo","10":"product_shipping_class-kilim-mediano","11":"pa_ancho-cm-960","12":"pa_ancho-cm-1002","13":"pa_color-azul","14":"pa_color-naranja","15":"pa_color-verde","16":"pa_largo-cm-1011","17":"pa_largo-cm-888","19":"first","20":"instock","21":"sale","22":"sold-individually","23":"taxable","24":"shipping-taxable","25":"purchasable","26":"product-type-simple"},"yoast_head":"<!-- This site is optimized with the Yoast SEO plugin v24.8.1 - https:\/\/yoast.com\/wordpress\/plugins\/seo\/ -->\n<title>Kilim Artesanal Colorido para Pasillos | Kilim-Age | Comprar Kilim Online<\/title>\n<meta name=\"description\" content=\"Realza tu hogar con el encanto vibrante de nuestro Kilim Artesanal para Pasillos, perfecto para a\u00f1adir un toque de color y dise\u00f1o a tu pasillo.\" \/>\n<meta name=\"robots\" content=\"index, follow, max-snippet:-1, max-image-preview:large, max-video-preview:-1\" \/>\n<link rel=\"canonical\" href=\"https:\/\/kilim-age.com\/es\/producto\/kilim-artesanal-colorido-pasillos\/\" \/>\n<meta property=\"og:locale\" content=\"es_ES\" \/>\n<meta property=\"og:type\" content=\"article\" \/>\n<meta property=\"og:title\" content=\"Kilim Artesanal Colorido para Pasillos | Kilim-Age | Comprar Kilim Online\" \/>\n<meta property=\"og:description\" content=\"Realza tu hogar con el encanto vibrante de nuestro Kilim Artesanal para Pasillos, perfecto para a\u00f1adir un toque de color y dise\u00f1o a tu pasillo.\" \/>\n<meta property=\"og:url\" content=\"https:\/\/kilim-age.com\/es\/producto\/kilim-artesanal-colorido-pasillos\/\" \/>\n<meta property=\"og:site_name\" content=\"Kilim-Age\" \/>\n<meta property=\"article:modified_time\" content=\"2025-06-14T11:46:30+00:00\" \/>\n<meta property=\"og:image\" content=\"https:\/\/kilim-age.com\/wp-content\/uploads\/2024\/05\/IMG_KA2931.jpg\" \/>\n\t<meta property=\"og:image:width\" content=\"1000\" \/>\n\t<meta property=\"og:image:height\" content=\"1300\" \/>\n\t<meta property=\"og:image:type\" content=\"image\/jpeg\" \/>\n<meta name=\"twitter:card\" content=\"summary_large_image\" \/>\n<meta name=\"twitter:label1\" content=\"Tiempo de lectura\" \/>\n\t<meta name=\"twitter:data1\" content=\"1 minuto\" \/>\n<script type=\"application\/ld+json\" class=\"yoast-schema-graph\">{\"@context\":\"https:\/\/schema.org\",\"@graph\":[{\"@type\":\"WebPage\",\"@id\":\"https:\/\/kilim-age.com\/es\/producto\/kilim-artesanal-colorido-pasillos\/\",\"url\":\"https:\/\/kilim-age.com\/es\/producto\/kilim-artesanal-colorido-pasillos\/\",\"name\":\"Kilim Artesanal Colorido para Pasillos | Kilim-Age | Comprar Kilim Online\",\"isPartOf\":{\"@id\":\"https:\/\/kilim-age.com\/en\/#website\"},\"primaryImageOfPage\":{\"@id\":\"https:\/\/kilim-age.com\/es\/producto\/kilim-artesanal-colorido-pasillos\/#primaryimage\"},\"image\":{\"@id\":\"https:\/\/kilim-age.com\/es\/producto\/kilim-artesanal-colorido-pasillos\/#primaryimage\"},\"thumbnailUrl\":\"https:\/\/kilim-age.com\/wp-content\/uploads\/2024\/05\/IMG_KA2931.jpg\",\"datePublished\":\"2024-05-07T11:11:36+00:00\",\"dateModified\":\"2025-06-14T11:46:30+00:00\",\"description\":\"Realza tu hogar con el encanto vibrante de nuestro Kilim Artesanal para Pasillos, perfecto para a\u00f1adir un toque de color y dise\u00f1o a tu pasillo.\",\"breadcrumb\":{\"@id\":\"https:\/\/kilim-age.com\/es\/producto\/kilim-artesanal-colorido-pasillos\/#breadcrumb\"},\"inLanguage\":\"es\",\"potentialAction\":[{\"@type\":\"ReadAction\",\"target\":[\"https:\/\/kilim-age.com\/es\/producto\/kilim-artesanal-colorido-pasillos\/\"]}]},{\"@type\":\"ImageObject\",\"inLanguage\":\"es\",\"@id\":\"https:\/\/kilim-age.com\/es\/producto\/kilim-artesanal-colorido-pasillos\/#primaryimage\",\"url\":\"https:\/\/kilim-age.com\/wp-content\/uploads\/2024\/05\/IMG_KA2931.jpg\",\"contentUrl\":\"https:\/\/kilim-age.com\/wp-content\/uploads\/2024\/05\/IMG_KA2931.jpg\",\"width\":1000,\"height\":1300,\"caption\":\"Kilim Artesanal Colorido para Pasillos\"},{\"@type\":\"BreadcrumbList\",\"@id\":\"https:\/\/kilim-age.com\/es\/producto\/kilim-artesanal-colorido-pasillos\/#breadcrumb\",\"itemListElement\":[{\"@type\":\"ListItem\",\"position\":1,\"name\":\"Home\",\"item\":\"https:\/\/kilim-age.com\/en\/\"},{\"@type\":\"ListItem\",\"position\":2,\"name\":\"Shop\",\"item\":\"https:\/\/kilim-age.com\/en\/shop\/\"},{\"@type\":\"ListItem\",\"position\":3,\"name\":\"Kilim para pasillo 88&#215;293 cm\"}]},{\"@type\":\"WebSite\",\"@id\":\"https:\/\/kilim-age.com\/en\/#website\",\"url\":\"https:\/\/kilim-age.com\/en\/\",\"name\":\"Kilim-Age\",\"description\":\"Somos especialistas en productos artesanales de Turqu\u00eda como Alfombras, y Kilims\",\"potentialAction\":[{\"@type\":\"SearchAction\",\"target\":{\"@type\":\"EntryPoint\",\"urlTemplate\":\"https:\/\/kilim-age.com\/en\/?s={search_term_string}\"},\"query-input\":{\"@type\":\"PropertyValueSpecification\",\"valueRequired\":true,\"valueName\":\"search_term_string\"}}],\"inLanguage\":\"es\"}]}<\/script>\n<!-- \/ Yoast SEO plugin. -->","yoast_head_json":{"title":"Kilim Artesanal Colorido para Pasillos | Kilim-Age | Comprar Kilim Online","description":"Realza tu hogar con el encanto vibrante de nuestro Kilim Artesanal para Pasillos, perfecto para a\u00f1adir un toque de color y dise\u00f1o a tu pasillo.","robots":{"index":"index","follow":"follow","max-snippet":"max-snippet:-1","max-image-preview":"max-image-preview:large","max-video-preview":"max-video-preview:-1"},"canonical":"https:\/\/kilim-age.com\/es\/producto\/kilim-artesanal-colorido-pasillos\/","og_locale":"es_ES","og_type":"article","og_title":"Kilim Artesanal Colorido para Pasillos | Kilim-Age | Comprar Kilim Online","og_description":"Realza tu hogar con el encanto vibrante de nuestro Kilim Artesanal para Pasillos, perfecto para a\u00f1adir un toque de color y dise\u00f1o a tu pasillo.","og_url":"https:\/\/kilim-age.com\/es\/producto\/kilim-artesanal-colorido-pasillos\/","og_site_name":"Kilim-Age","article_modified_time":"2025-06-14T11:46:30+00:00","og_image":[{"width":1000,"height":1300,"url":"https:\/\/kilim-age.com\/wp-content\/uploads\/2024\/05\/IMG_KA2931.jpg","type":"image\/jpeg"}],"twitter_card":"summary_large_image","twitter_misc":{"Tiempo de lectura":"1 minuto"},"schema":{"@context":"https:\/\/schema.org","@graph":[{"@type":"WebPage","@id":"https:\/\/kilim-age.com\/es\/producto\/kilim-artesanal-colorido-pasillos\/","url":"https:\/\/kilim-age.com\/es\/producto\/kilim-artesanal-colorido-pasillos\/","name":"Kilim Artesanal Colorido para Pasillos | Kilim-Age | Comprar Kilim Online","isPartOf":{"@id":"https:\/\/kilim-age.com\/en\/#website"},"primaryImageOfPage":{"@id":"https:\/\/kilim-age.com\/es\/producto\/kilim-artesanal-colorido-pasillos\/#primaryimage"},"image":{"@id":"https:\/\/kilim-age.com\/es\/producto\/kilim-artesanal-colorido-pasillos\/#primaryimage"},"thumbnailUrl":"https:\/\/kilim-age.com\/wp-content\/uploads\/2024\/05\/IMG_KA2931.jpg","datePublished":"2024-05-07T11:11:36+00:00","dateModified":"2025-06-14T11:46:30+00:00","description":"Realza tu hogar con el encanto vibrante de nuestro Kilim Artesanal para Pasillos, perfecto para a\u00f1adir un toque de color y dise\u00f1o a tu pasillo.","breadcrumb":{"@id":"https:\/\/kilim-age.com\/es\/producto\/kilim-artesanal-colorido-pasillos\/#breadcrumb"},"inLanguage":"es","potentialAction":[{"@type":"ReadAction","target":["https:\/\/kilim-age.com\/es\/producto\/kilim-artesanal-colorido-pasillos\/"]}]},{"@type":"ImageObject","inLanguage":"es","@id":"https:\/\/kilim-age.com\/es\/producto\/kilim-artesanal-colorido-pasillos\/#primaryimage","url":"https:\/\/kilim-age.com\/wp-content\/uploads\/2024\/05\/IMG_KA2931.jpg","contentUrl":"https:\/\/kilim-age.com\/wp-content\/uploads\/2024\/05\/IMG_KA2931.jpg","width":1000,"height":1300,"caption":"Kilim Artesanal Colorido para Pasillos"},{"@type":"BreadcrumbList","@id":"https:\/\/kilim-age.com\/es\/producto\/kilim-artesanal-colorido-pasillos\/#breadcrumb","itemListElement":[{"@type":"ListItem","position":1,"name":"Home","item":"https:\/\/kilim-age.com\/en\/"},{"@type":"ListItem","position":2,"name":"Shop","item":"https:\/\/kilim-age.com\/en\/shop\/"},{"@type":"ListItem","position":3,"name":"Kilim para pasillo 88&#215;293 cm"}]},{"@type":"WebSite","@id":"https:\/\/kilim-age.com\/en\/#website","url":"https:\/\/kilim-age.com\/en\/","name":"Kilim-Age","description":"Somos especialistas en productos artesanales de Turqu\u00eda como Alfombras, y Kilims","potentialAction":[{"@type":"SearchAction","target":{"@type":"EntryPoint","urlTemplate":"https:\/\/kilim-age.com\/en\/?s={search_term_string}"},"query-input":{"@type":"PropertyValueSpecification","valueRequired":true,"valueName":"search_term_string"}}],"inLanguage":"es"}]}},"_links":{"self":[{"href":"https:\/\/kilim-age.com\/es\/wp-json\/wp\/v2\/product\/40867","targetHints":{"allow":["GET"]}}],"collection":[{"href":"https:\/\/kilim-age.com\/es\/wp-json\/wp\/v2\/product"}],"about":[{"href":"https:\/\/kilim-age.com\/es\/wp-json\/wp\/v2\/types\/product"}],"replies":[{"embeddable":true,"href":"https:\/\/kilim-age.com\/es\/wp-json\/wp\/v2\/comments?post=40867"}],"wp:featuredmedia":[{"embeddable":true,"href":"https:\/\/kilim-age.com\/es\/wp-json\/wp\/v2\/media\/40868"}],"wp:attachment":[{"href":"https:\/\/kilim-age.com\/es\/wp-json\/wp\/v2\/media?parent=40867"}],"wp:term":[{"taxonomy":"product_brand","embeddable":true,"href":"https:\/\/kilim-age.com\/es\/wp-json\/wp\/v2\/product_brand?post=40867"},{"taxonomy":"product_cat","embeddable":true,"href":"https:\/\/kilim-age.com\/es\/wp-json\/wp\/v2\/product_cat?post=40867"},{"taxonomy":"product_tag","embeddable":true,"href":"https:\/\/kilim-age.com\/es\/wp-json\/wp\/v2\/product_tag?post=40867"}],"curies":[{"name":"wp","href":"https:\/\/api.w.org\/{rel}","templated":true}]}}