{"id":40844,"date":"2024-05-06T20:04:36","date_gmt":"2024-05-06T18:04:36","guid":{"rendered":"https:\/\/kilim-age.com\/?post_type=product&#038;p=40844"},"modified":"2025-06-14T13:47:04","modified_gmt":"2025-06-14T11:47:04","slug":"kilim-moldavo-artesanal-grande","status":"publish","type":"product","link":"https:\/\/kilim-age.com\/es\/producto\/kilim-moldavo-artesanal-grande\/","title":{"rendered":"Kilim de Moldavia 179X285 cm"},"content":{"rendered":"<strong>Kilim Artesanal Grande de Moldavia<\/strong><\/p>\n<p>Descubre la belleza y el arte en cada detalle con nuestro Kilim Grande Artesanal de Moldavia, perfecto para a\u00f1adir un toque de historia y cultura a cualquier espacio de tu hogar. Este kilim, con sus vibrantes colores y complejos patrones, no solo es una pieza decorativa, sino tambi\u00e9n una obra de arte que cuenta con una rica tradici\u00f3n.<\/p>\n<p><strong>Caracter\u00edsticas del producto:<\/strong><\/p>\n<ul>\n<li><strong>Colores Vivos y Dise\u00f1o Intrincado:<\/strong> Este kilim destaca por su fondo amarillo mostaza, adornado con motivos florales en tonos de rojo, verde, y toques de blanco y azul, enmarcados por una compleja bordura negra y blanca.<\/li>\n<li><strong>Calidad y Artesan\u00eda:<\/strong> Tejido a mano por expertos artesanos en Moldavia, cada kilim es \u00fanico, hecho con t\u00e9cnicas que han sido transmitidas de generaci\u00f3n en generaci\u00f3n.<\/li>\n<li><strong>Dimensiones Generosas:<\/strong> Con un tama\u00f1o de 78&#215;288 cm, este kilim es ideal para grandes salas, comedores, o como una magn\u00edfica pieza central en un vest\u00edbulo.<\/li>\n<\/ul>\n<p>Este kilim no solo embellece el espacio, sino que tambi\u00e9n sirve como un punto focal impresionante, reflejando el gusto por lo artesanal y lo aut\u00e9ntico. Su dise\u00f1o eterno y su calidad excepcional garantizan que ser\u00e1 una parte valiosa de tu decoraci\u00f3n durante a\u00f1os.","protected":false},"excerpt":{"rendered":"<p>Fabricaci\u00f3n: Hecho a mano<br \/>\nTama\u00f1o: 179&#215;285 cm<br \/>\nEstado: Nuevo \/ Kilim semi antigua<br \/>\nOrigen: Moldavia<br \/>\nMaterial: Lana natural\u00a0 \/ flecos algod\u00f3n<br \/>\nGrosor aprox: 1-2 mm<br \/>\nColores: Naturales<br \/>\nLos colores de la alfombra se percibir\u00e1n de formas diferentes dependiendo del \u00e1ngulo de visi\u00f3n<br \/>\nPlazo de entrega: 2-5 d\u00edas h\u00e1biles en Espa\u00f1a.<br \/>\nEuropa: 5-7 d\u00edas h\u00e1biles, resto de continentes 7-10 d\u00edas.<\/p>\n","protected":false},"featured_media":40845,"comment_status":"open","ping_status":"closed","template":"","meta":[],"product_brand":[],"product_cat":[61,829],"product_tag":[1075],"class_list":{"0":"post-40844","1":"product","2":"type-product","3":"status-publish","4":"has-post-thumbnail","6":"product_cat-kilims","7":"product_cat-toda-la-coleccion-kilim","8":"product_tag-kilim-moldavia","9":"product_shipping_class-kilim-grande","10":"pa_ancho-cm-1033","11":"pa_ancho-cm-916","12":"pa_color-amarillo","13":"pa_color-marron","14":"pa_largo-cm-1048","15":"pa_largo-cm-1007","17":"first","18":"instock","19":"sale","20":"sold-individually","21":"taxable","22":"shipping-taxable","23":"purchasable","24":"product-type-simple"},"yoast_head":"<!-- This site is optimized with the Yoast SEO plugin v24.8.1 - https:\/\/yoast.com\/wordpress\/plugins\/seo\/ -->\n<title>kilim moldavo artesanal grande | Kilim-Age | Tienda de Kilim Online<\/title>\n<meta name=\"description\" content=\"Descubre la belleza y el arte con nuestro Kilim Grande Artesanal de Moldavia, perfecto para a\u00f1adir un toque de historia y cultura.\" \/>\n<meta name=\"robots\" content=\"index, follow, max-snippet:-1, max-image-preview:large, max-video-preview:-1\" \/>\n<link rel=\"canonical\" href=\"https:\/\/kilim-age.com\/es\/producto\/kilim-moldavo-artesanal-grande\/\" \/>\n<meta property=\"og:locale\" content=\"es_ES\" \/>\n<meta property=\"og:type\" content=\"article\" \/>\n<meta property=\"og:title\" content=\"kilim moldavo artesanal grande | Kilim-Age | Tienda de Kilim Online\" \/>\n<meta property=\"og:description\" content=\"Descubre la belleza y el arte con nuestro Kilim Grande Artesanal de Moldavia, perfecto para a\u00f1adir un toque de historia y cultura.\" \/>\n<meta property=\"og:url\" content=\"https:\/\/kilim-age.com\/es\/producto\/kilim-moldavo-artesanal-grande\/\" \/>\n<meta property=\"og:site_name\" content=\"Kilim-Age\" \/>\n<meta property=\"article:modified_time\" content=\"2025-06-14T11:47:04+00:00\" \/>\n<meta property=\"og:image\" content=\"https:\/\/kilim-age.com\/wp-content\/uploads\/2024\/05\/IMG_KA2962.jpg\" \/>\n\t<meta property=\"og:image:width\" content=\"1000\" \/>\n\t<meta property=\"og:image:height\" content=\"1300\" \/>\n\t<meta property=\"og:image:type\" content=\"image\/jpeg\" \/>\n<meta name=\"twitter:card\" content=\"summary_large_image\" \/>\n<meta name=\"twitter:label1\" content=\"Tiempo de lectura\" \/>\n\t<meta name=\"twitter:data1\" content=\"1 minuto\" \/>\n<script type=\"application\/ld+json\" class=\"yoast-schema-graph\">{\"@context\":\"https:\/\/schema.org\",\"@graph\":[{\"@type\":\"WebPage\",\"@id\":\"https:\/\/kilim-age.com\/es\/producto\/kilim-moldavo-artesanal-grande\/\",\"url\":\"https:\/\/kilim-age.com\/es\/producto\/kilim-moldavo-artesanal-grande\/\",\"name\":\"kilim moldavo artesanal grande | Kilim-Age | Tienda de Kilim Online\",\"isPartOf\":{\"@id\":\"https:\/\/kilim-age.com\/es\/#website\"},\"primaryImageOfPage\":{\"@id\":\"https:\/\/kilim-age.com\/es\/producto\/kilim-moldavo-artesanal-grande\/#primaryimage\"},\"image\":{\"@id\":\"https:\/\/kilim-age.com\/es\/producto\/kilim-moldavo-artesanal-grande\/#primaryimage\"},\"thumbnailUrl\":\"https:\/\/kilim-age.com\/wp-content\/uploads\/2024\/05\/IMG_KA2962.jpg\",\"datePublished\":\"2024-05-06T18:04:36+00:00\",\"dateModified\":\"2025-06-14T11:47:04+00:00\",\"description\":\"Descubre la belleza y el arte con nuestro Kilim Grande Artesanal de Moldavia, perfecto para a\u00f1adir un toque de historia y cultura.\",\"breadcrumb\":{\"@id\":\"https:\/\/kilim-age.com\/es\/producto\/kilim-moldavo-artesanal-grande\/#breadcrumb\"},\"inLanguage\":\"es\",\"potentialAction\":[{\"@type\":\"ReadAction\",\"target\":[\"https:\/\/kilim-age.com\/es\/producto\/kilim-moldavo-artesanal-grande\/\"]}]},{\"@type\":\"ImageObject\",\"inLanguage\":\"es\",\"@id\":\"https:\/\/kilim-age.com\/es\/producto\/kilim-moldavo-artesanal-grande\/#primaryimage\",\"url\":\"https:\/\/kilim-age.com\/wp-content\/uploads\/2024\/05\/IMG_KA2962.jpg\",\"contentUrl\":\"https:\/\/kilim-age.com\/wp-content\/uploads\/2024\/05\/IMG_KA2962.jpg\",\"width\":1000,\"height\":1300},{\"@type\":\"BreadcrumbList\",\"@id\":\"https:\/\/kilim-age.com\/es\/producto\/kilim-moldavo-artesanal-grande\/#breadcrumb\",\"itemListElement\":[{\"@type\":\"ListItem\",\"position\":1,\"name\":\"Home\",\"item\":\"https:\/\/kilim-age.com\/es\/\"},{\"@type\":\"ListItem\",\"position\":2,\"name\":\"Shop\",\"item\":\"https:\/\/www.kilim-age.com\/es\/shop\/\"},{\"@type\":\"ListItem\",\"position\":3,\"name\":\"Kilim de Moldavia 179X285 cm\"}]},{\"@type\":\"WebSite\",\"@id\":\"https:\/\/kilim-age.com\/es\/#website\",\"url\":\"https:\/\/kilim-age.com\/es\/\",\"name\":\"Kilim-Age\",\"description\":\"Somos especialistas en productos artesanales de Turqu\u00eda como Alfombras, y Kilims\",\"potentialAction\":[{\"@type\":\"SearchAction\",\"target\":{\"@type\":\"EntryPoint\",\"urlTemplate\":\"https:\/\/kilim-age.com\/es\/?s={search_term_string}\"},\"query-input\":{\"@type\":\"PropertyValueSpecification\",\"valueRequired\":true,\"valueName\":\"search_term_string\"}}],\"inLanguage\":\"es\"}]}<\/script>\n<!-- \/ Yoast SEO plugin. -->","yoast_head_json":{"title":"kilim moldavo artesanal grande | Kilim-Age | Tienda de Kilim Online","description":"Descubre la belleza y el arte con nuestro Kilim Grande Artesanal de Moldavia, perfecto para a\u00f1adir un toque de historia y cultura.","robots":{"index":"index","follow":"follow","max-snippet":"max-snippet:-1","max-image-preview":"max-image-preview:large","max-video-preview":"max-video-preview:-1"},"canonical":"https:\/\/kilim-age.com\/es\/producto\/kilim-moldavo-artesanal-grande\/","og_locale":"es_ES","og_type":"article","og_title":"kilim moldavo artesanal grande | Kilim-Age | Tienda de Kilim Online","og_description":"Descubre la belleza y el arte con nuestro Kilim Grande Artesanal de Moldavia, perfecto para a\u00f1adir un toque de historia y cultura.","og_url":"https:\/\/kilim-age.com\/es\/producto\/kilim-moldavo-artesanal-grande\/","og_site_name":"Kilim-Age","article_modified_time":"2025-06-14T11:47:04+00:00","og_image":[{"width":1000,"height":1300,"url":"https:\/\/kilim-age.com\/wp-content\/uploads\/2024\/05\/IMG_KA2962.jpg","type":"image\/jpeg"}],"twitter_card":"summary_large_image","twitter_misc":{"Tiempo de lectura":"1 minuto"},"schema":{"@context":"https:\/\/schema.org","@graph":[{"@type":"WebPage","@id":"https:\/\/kilim-age.com\/es\/producto\/kilim-moldavo-artesanal-grande\/","url":"https:\/\/kilim-age.com\/es\/producto\/kilim-moldavo-artesanal-grande\/","name":"kilim moldavo artesanal grande | Kilim-Age | Tienda de Kilim Online","isPartOf":{"@id":"https:\/\/kilim-age.com\/es\/#website"},"primaryImageOfPage":{"@id":"https:\/\/kilim-age.com\/es\/producto\/kilim-moldavo-artesanal-grande\/#primaryimage"},"image":{"@id":"https:\/\/kilim-age.com\/es\/producto\/kilim-moldavo-artesanal-grande\/#primaryimage"},"thumbnailUrl":"https:\/\/kilim-age.com\/wp-content\/uploads\/2024\/05\/IMG_KA2962.jpg","datePublished":"2024-05-06T18:04:36+00:00","dateModified":"2025-06-14T11:47:04+00:00","description":"Descubre la belleza y el arte con nuestro Kilim Grande Artesanal de Moldavia, perfecto para a\u00f1adir un toque de historia y cultura.","breadcrumb":{"@id":"https:\/\/kilim-age.com\/es\/producto\/kilim-moldavo-artesanal-grande\/#breadcrumb"},"inLanguage":"es","potentialAction":[{"@type":"ReadAction","target":["https:\/\/kilim-age.com\/es\/producto\/kilim-moldavo-artesanal-grande\/"]}]},{"@type":"ImageObject","inLanguage":"es","@id":"https:\/\/kilim-age.com\/es\/producto\/kilim-moldavo-artesanal-grande\/#primaryimage","url":"https:\/\/kilim-age.com\/wp-content\/uploads\/2024\/05\/IMG_KA2962.jpg","contentUrl":"https:\/\/kilim-age.com\/wp-content\/uploads\/2024\/05\/IMG_KA2962.jpg","width":1000,"height":1300},{"@type":"BreadcrumbList","@id":"https:\/\/kilim-age.com\/es\/producto\/kilim-moldavo-artesanal-grande\/#breadcrumb","itemListElement":[{"@type":"ListItem","position":1,"name":"Home","item":"https:\/\/kilim-age.com\/es\/"},{"@type":"ListItem","position":2,"name":"Shop","item":"https:\/\/www.kilim-age.com\/es\/shop\/"},{"@type":"ListItem","position":3,"name":"Kilim de Moldavia 179X285 cm"}]},{"@type":"WebSite","@id":"https:\/\/kilim-age.com\/es\/#website","url":"https:\/\/kilim-age.com\/es\/","name":"Kilim-Age","description":"Somos especialistas en productos artesanales de Turqu\u00eda como Alfombras, y Kilims","potentialAction":[{"@type":"SearchAction","target":{"@type":"EntryPoint","urlTemplate":"https:\/\/kilim-age.com\/es\/?s={search_term_string}"},"query-input":{"@type":"PropertyValueSpecification","valueRequired":true,"valueName":"search_term_string"}}],"inLanguage":"es"}]}},"_links":{"self":[{"href":"https:\/\/kilim-age.com\/es\/wp-json\/wp\/v2\/product\/40844","targetHints":{"allow":["GET"]}}],"collection":[{"href":"https:\/\/kilim-age.com\/es\/wp-json\/wp\/v2\/product"}],"about":[{"href":"https:\/\/kilim-age.com\/es\/wp-json\/wp\/v2\/types\/product"}],"replies":[{"embeddable":true,"href":"https:\/\/kilim-age.com\/es\/wp-json\/wp\/v2\/comments?post=40844"}],"wp:featuredmedia":[{"embeddable":true,"href":"https:\/\/kilim-age.com\/es\/wp-json\/wp\/v2\/media\/40845"}],"wp:attachment":[{"href":"https:\/\/kilim-age.com\/es\/wp-json\/wp\/v2\/media?parent=40844"}],"wp:term":[{"taxonomy":"product_brand","embeddable":true,"href":"https:\/\/kilim-age.com\/es\/wp-json\/wp\/v2\/product_brand?post=40844"},{"taxonomy":"product_cat","embeddable":true,"href":"https:\/\/kilim-age.com\/es\/wp-json\/wp\/v2\/product_cat?post=40844"},{"taxonomy":"product_tag","embeddable":true,"href":"https:\/\/kilim-age.com\/es\/wp-json\/wp\/v2\/product_tag?post=40844"}],"curies":[{"name":"wp","href":"https:\/\/api.w.org\/{rel}","templated":true}]}}