{"id":40822,"date":"2024-05-05T23:10:09","date_gmt":"2024-05-05T21:10:09","guid":{"rendered":"https:\/\/kilim-age.com\/?post_type=product&#038;p=40822"},"modified":"2025-06-14T13:47:39","modified_gmt":"2025-06-14T11:47:39","slug":"kilim-semi-antiguo-tejido-a-mano","status":"publish","type":"product","link":"https:\/\/kilim-age.com\/es\/producto\/kilim-semi-antiguo-tejido-a-mano\/","title":{"rendered":"Kilim turco semi-antiguo 120&#215;200 cm"},"content":{"rendered":"<strong>Kilim Turco Semi-Antiguo Artesanal de Lana 120&#215;200 cm &#8211; Tesoro Tejido a Mano<\/strong><\/p>\n<p>Descubre la belleza y el car\u00e1cter \u00fanico de nuestro <strong>Kilim Turco Semi-Antiguo Artesanal de Lana<\/strong>, una pieza excepcional de 120&#215;200 cm, tejida a mano por un artesano experto de Turqu\u00eda. Este kilim no solo es un elemento decorativo, sino tambi\u00e9n un testimonio de la rica herencia y habilidad artesanal turca.<\/p>\n<p><strong>Caracter\u00edsticas Principales: Kilim Semi Antiguo Tejido a Mano\u00a0<\/strong><\/p>\n<ul>\n<li><strong>Colores Atractivos<\/strong>: Este kilim presenta una paleta de colores vibrante que incluye tonos de marr\u00f3n, rojo, azul, verde y blanco, dispuestos en bandas horizontales que crean un efecto visual cautivador. Los toques de negro y naranja a\u00f1aden profundidad y contraste al dise\u00f1o.<\/li>\n<li><strong>Dise\u00f1o Tradicional<\/strong>: Con un patr\u00f3n de rayas que es tanto cl\u00e1sico como atemporal, este kilim incorpora peque\u00f1os detalles geom\u00e9tricos que a\u00f1aden inter\u00e9s y complejidad visual a la pieza.<\/li>\n<li><strong>Calidad y Durabilidad Superior<\/strong>: Tejido con lana de alta calidad, este kilim semi-antiguo es notablemente duradero y est\u00e1 preparado para resistir el paso del tiempo, manteniendo su belleza y estructura incluso en \u00e1reas de alto tr\u00e1fico.<\/li>\n<\/ul>","protected":false},"excerpt":{"rendered":"<p>Hecho a mano<br \/>\nTama\u00f1o: 120\u00d7200 cm<br \/>\nEstado: Nueva \/ Semi antigua Kilim<br \/>\nOrigen: Turqu\u00eda<br \/>\nMaterial: Lana natural<br \/>\nGrosor aprox: 1-2 mm<br \/>\nColores: Naturales<br \/>\nLos colores de la alfombra se percibir\u00e1n de formas diferentes dependiendo del \u00e1ngulo de visi\u00f3n<br \/>\nPlazo de entrega: 2-5 d\u00edas h\u00e1biles en Espa\u00f1a.<br \/>\nEuropa: 5-7 d\u00edas h\u00e1biles, resto de continentes 7-10 d\u00edas.<\/p>\n","protected":false},"featured_media":40824,"comment_status":"open","ping_status":"closed","template":"","meta":[],"product_brand":[],"product_cat":[61,829],"product_tag":[81],"class_list":{"0":"post-40822","1":"product","2":"type-product","3":"status-publish","4":"has-post-thumbnail","6":"product_cat-kilims","7":"product_cat-toda-la-coleccion-kilim","8":"product_tag-kilim-cicim","9":"product_shipping_class-kilim-mediano","10":"pa_ancho-cm-992","11":"pa_ancho-cm-1049","12":"pa_ancho-cm-971","13":"pa_color-cafe-con-leche","14":"pa_color-marron","15":"pa_largo-cm-926","16":"pa_largo-cm-1017","18":"first","19":"instock","20":"sale","21":"sold-individually","22":"taxable","23":"shipping-taxable","24":"purchasable","25":"product-type-simple"},"yoast_head":"<!-- This site is optimized with the Yoast SEO plugin v24.8.1 - https:\/\/yoast.com\/wordpress\/plugins\/seo\/ -->\n<title>Kilim Semi Antiguo Tejido a Mano | Kilim-Age | -40%<\/title>\n<meta name=\"description\" content=\"Integra este Kilim Turco Semi-Antiguo Artesanal de Lana en tu decoraci\u00f3n para a\u00f1adir un toque de historia y arte tradicional en tu hogar.\" \/>\n<meta name=\"robots\" content=\"index, follow, max-snippet:-1, max-image-preview:large, max-video-preview:-1\" \/>\n<link rel=\"canonical\" href=\"https:\/\/kilim-age.com\/es\/producto\/kilim-semi-antiguo-tejido-a-mano\/\" \/>\n<meta property=\"og:locale\" content=\"es_ES\" \/>\n<meta property=\"og:type\" content=\"article\" \/>\n<meta property=\"og:title\" content=\"Kilim Semi Antiguo Tejido a Mano | Kilim-Age | -40%\" \/>\n<meta property=\"og:description\" content=\"Integra este Kilim Turco Semi-Antiguo Artesanal de Lana en tu decoraci\u00f3n para a\u00f1adir un toque de historia y arte tradicional en tu hogar.\" \/>\n<meta property=\"og:url\" content=\"https:\/\/kilim-age.com\/es\/producto\/kilim-semi-antiguo-tejido-a-mano\/\" \/>\n<meta property=\"og:site_name\" content=\"Kilim-Age\" \/>\n<meta property=\"article:modified_time\" content=\"2025-06-14T11:47:39+00:00\" \/>\n<meta property=\"og:image\" content=\"https:\/\/kilim-age.com\/wp-content\/uploads\/2024\/05\/IMG_KA2896.jpg\" \/>\n\t<meta property=\"og:image:width\" content=\"1000\" \/>\n\t<meta property=\"og:image:height\" content=\"1300\" \/>\n\t<meta property=\"og:image:type\" content=\"image\/jpeg\" \/>\n<meta name=\"twitter:card\" content=\"summary_large_image\" \/>\n<meta name=\"twitter:label1\" content=\"Tiempo de lectura\" \/>\n\t<meta name=\"twitter:data1\" content=\"1 minuto\" \/>\n<script type=\"application\/ld+json\" class=\"yoast-schema-graph\">{\"@context\":\"https:\/\/schema.org\",\"@graph\":[{\"@type\":\"WebPage\",\"@id\":\"https:\/\/kilim-age.com\/es\/producto\/kilim-semi-antiguo-tejido-a-mano\/\",\"url\":\"https:\/\/kilim-age.com\/es\/producto\/kilim-semi-antiguo-tejido-a-mano\/\",\"name\":\"Kilim Semi Antiguo Tejido a Mano | Kilim-Age | -40%\",\"isPartOf\":{\"@id\":\"https:\/\/kilim-age.com\/en\/#website\"},\"primaryImageOfPage\":{\"@id\":\"https:\/\/kilim-age.com\/es\/producto\/kilim-semi-antiguo-tejido-a-mano\/#primaryimage\"},\"image\":{\"@id\":\"https:\/\/kilim-age.com\/es\/producto\/kilim-semi-antiguo-tejido-a-mano\/#primaryimage\"},\"thumbnailUrl\":\"https:\/\/kilim-age.com\/wp-content\/uploads\/2024\/05\/IMG_KA2896.jpg\",\"datePublished\":\"2024-05-05T21:10:09+00:00\",\"dateModified\":\"2025-06-14T11:47:39+00:00\",\"description\":\"Integra este Kilim Turco Semi-Antiguo Artesanal de Lana en tu decoraci\u00f3n para a\u00f1adir un toque de historia y arte tradicional en tu hogar.\",\"breadcrumb\":{\"@id\":\"https:\/\/kilim-age.com\/es\/producto\/kilim-semi-antiguo-tejido-a-mano\/#breadcrumb\"},\"inLanguage\":\"es\",\"potentialAction\":[{\"@type\":\"ReadAction\",\"target\":[\"https:\/\/kilim-age.com\/es\/producto\/kilim-semi-antiguo-tejido-a-mano\/\"]}]},{\"@type\":\"ImageObject\",\"inLanguage\":\"es\",\"@id\":\"https:\/\/kilim-age.com\/es\/producto\/kilim-semi-antiguo-tejido-a-mano\/#primaryimage\",\"url\":\"https:\/\/kilim-age.com\/wp-content\/uploads\/2024\/05\/IMG_KA2896.jpg\",\"contentUrl\":\"https:\/\/kilim-age.com\/wp-content\/uploads\/2024\/05\/IMG_KA2896.jpg\",\"width\":1000,\"height\":1300},{\"@type\":\"BreadcrumbList\",\"@id\":\"https:\/\/kilim-age.com\/es\/producto\/kilim-semi-antiguo-tejido-a-mano\/#breadcrumb\",\"itemListElement\":[{\"@type\":\"ListItem\",\"position\":1,\"name\":\"Home\",\"item\":\"https:\/\/kilim-age.com\/en\/\"},{\"@type\":\"ListItem\",\"position\":2,\"name\":\"Shop\",\"item\":\"https:\/\/kilim-age.com\/es\/shop\/\"},{\"@type\":\"ListItem\",\"position\":3,\"name\":\"Kilim turco semi-antiguo 120&#215;200 cm\"}]},{\"@type\":\"WebSite\",\"@id\":\"https:\/\/kilim-age.com\/en\/#website\",\"url\":\"https:\/\/kilim-age.com\/en\/\",\"name\":\"Kilim-Age\",\"description\":\"Somos especialistas en productos artesanales de Turqu\u00eda como Alfombras, y Kilims\",\"potentialAction\":[{\"@type\":\"SearchAction\",\"target\":{\"@type\":\"EntryPoint\",\"urlTemplate\":\"https:\/\/kilim-age.com\/en\/?s={search_term_string}\"},\"query-input\":{\"@type\":\"PropertyValueSpecification\",\"valueRequired\":true,\"valueName\":\"search_term_string\"}}],\"inLanguage\":\"es\"}]}<\/script>\n<!-- \/ Yoast SEO plugin. -->","yoast_head_json":{"title":"Kilim Semi Antiguo Tejido a Mano | Kilim-Age | -40%","description":"Integra este Kilim Turco Semi-Antiguo Artesanal de Lana en tu decoraci\u00f3n para a\u00f1adir un toque de historia y arte tradicional en tu hogar.","robots":{"index":"index","follow":"follow","max-snippet":"max-snippet:-1","max-image-preview":"max-image-preview:large","max-video-preview":"max-video-preview:-1"},"canonical":"https:\/\/kilim-age.com\/es\/producto\/kilim-semi-antiguo-tejido-a-mano\/","og_locale":"es_ES","og_type":"article","og_title":"Kilim Semi Antiguo Tejido a Mano | Kilim-Age | -40%","og_description":"Integra este Kilim Turco Semi-Antiguo Artesanal de Lana en tu decoraci\u00f3n para a\u00f1adir un toque de historia y arte tradicional en tu hogar.","og_url":"https:\/\/kilim-age.com\/es\/producto\/kilim-semi-antiguo-tejido-a-mano\/","og_site_name":"Kilim-Age","article_modified_time":"2025-06-14T11:47:39+00:00","og_image":[{"width":1000,"height":1300,"url":"https:\/\/kilim-age.com\/wp-content\/uploads\/2024\/05\/IMG_KA2896.jpg","type":"image\/jpeg"}],"twitter_card":"summary_large_image","twitter_misc":{"Tiempo de lectura":"1 minuto"},"schema":{"@context":"https:\/\/schema.org","@graph":[{"@type":"WebPage","@id":"https:\/\/kilim-age.com\/es\/producto\/kilim-semi-antiguo-tejido-a-mano\/","url":"https:\/\/kilim-age.com\/es\/producto\/kilim-semi-antiguo-tejido-a-mano\/","name":"Kilim Semi Antiguo Tejido a Mano | Kilim-Age | -40%","isPartOf":{"@id":"https:\/\/kilim-age.com\/en\/#website"},"primaryImageOfPage":{"@id":"https:\/\/kilim-age.com\/es\/producto\/kilim-semi-antiguo-tejido-a-mano\/#primaryimage"},"image":{"@id":"https:\/\/kilim-age.com\/es\/producto\/kilim-semi-antiguo-tejido-a-mano\/#primaryimage"},"thumbnailUrl":"https:\/\/kilim-age.com\/wp-content\/uploads\/2024\/05\/IMG_KA2896.jpg","datePublished":"2024-05-05T21:10:09+00:00","dateModified":"2025-06-14T11:47:39+00:00","description":"Integra este Kilim Turco Semi-Antiguo Artesanal de Lana en tu decoraci\u00f3n para a\u00f1adir un toque de historia y arte tradicional en tu hogar.","breadcrumb":{"@id":"https:\/\/kilim-age.com\/es\/producto\/kilim-semi-antiguo-tejido-a-mano\/#breadcrumb"},"inLanguage":"es","potentialAction":[{"@type":"ReadAction","target":["https:\/\/kilim-age.com\/es\/producto\/kilim-semi-antiguo-tejido-a-mano\/"]}]},{"@type":"ImageObject","inLanguage":"es","@id":"https:\/\/kilim-age.com\/es\/producto\/kilim-semi-antiguo-tejido-a-mano\/#primaryimage","url":"https:\/\/kilim-age.com\/wp-content\/uploads\/2024\/05\/IMG_KA2896.jpg","contentUrl":"https:\/\/kilim-age.com\/wp-content\/uploads\/2024\/05\/IMG_KA2896.jpg","width":1000,"height":1300},{"@type":"BreadcrumbList","@id":"https:\/\/kilim-age.com\/es\/producto\/kilim-semi-antiguo-tejido-a-mano\/#breadcrumb","itemListElement":[{"@type":"ListItem","position":1,"name":"Home","item":"https:\/\/kilim-age.com\/en\/"},{"@type":"ListItem","position":2,"name":"Shop","item":"https:\/\/kilim-age.com\/es\/shop\/"},{"@type":"ListItem","position":3,"name":"Kilim turco semi-antiguo 120&#215;200 cm"}]},{"@type":"WebSite","@id":"https:\/\/kilim-age.com\/en\/#website","url":"https:\/\/kilim-age.com\/en\/","name":"Kilim-Age","description":"Somos especialistas en productos artesanales de Turqu\u00eda como Alfombras, y Kilims","potentialAction":[{"@type":"SearchAction","target":{"@type":"EntryPoint","urlTemplate":"https:\/\/kilim-age.com\/en\/?s={search_term_string}"},"query-input":{"@type":"PropertyValueSpecification","valueRequired":true,"valueName":"search_term_string"}}],"inLanguage":"es"}]}},"_links":{"self":[{"href":"https:\/\/kilim-age.com\/es\/wp-json\/wp\/v2\/product\/40822","targetHints":{"allow":["GET"]}}],"collection":[{"href":"https:\/\/kilim-age.com\/es\/wp-json\/wp\/v2\/product"}],"about":[{"href":"https:\/\/kilim-age.com\/es\/wp-json\/wp\/v2\/types\/product"}],"replies":[{"embeddable":true,"href":"https:\/\/kilim-age.com\/es\/wp-json\/wp\/v2\/comments?post=40822"}],"wp:featuredmedia":[{"embeddable":true,"href":"https:\/\/kilim-age.com\/es\/wp-json\/wp\/v2\/media\/40824"}],"wp:attachment":[{"href":"https:\/\/kilim-age.com\/es\/wp-json\/wp\/v2\/media?parent=40822"}],"wp:term":[{"taxonomy":"product_brand","embeddable":true,"href":"https:\/\/kilim-age.com\/es\/wp-json\/wp\/v2\/product_brand?post=40822"},{"taxonomy":"product_cat","embeddable":true,"href":"https:\/\/kilim-age.com\/es\/wp-json\/wp\/v2\/product_cat?post=40822"},{"taxonomy":"product_tag","embeddable":true,"href":"https:\/\/kilim-age.com\/es\/wp-json\/wp\/v2\/product_tag?post=40822"}],"curies":[{"name":"wp","href":"https:\/\/api.w.org\/{rel}","templated":true}]}}