{"id":40768,"date":"2024-05-05T19:46:57","date_gmt":"2024-05-05T17:46:57","guid":{"rendered":"https:\/\/kilim-age.com\/?post_type=product&#038;p=40768"},"modified":"2025-07-19T18:44:02","modified_gmt":"2025-07-19T16:44:02","slug":"kilim-afgano-decorativo-pequeno","status":"publish","type":"product","link":"https:\/\/kilim-age.com\/es\/producto\/kilim-afgano-decorativo-pequeno\/","title":{"rendered":"Kilim afgano 82&#215;119 cm"},"content":{"rendered":"<strong>Kilim Afgano Peque\u00f1o 82&#215;119 cm &#8211; Exuberancia de Color y Patr\u00f3n<\/strong><\/p>\n<p>Kilim Afgano Decorativo Peque\u00f1o. Enam\u00f3rate del encanto vibrante y la artesan\u00eda excepcional de nuestro <strong>Kilim Afgano Peque\u00f1o<\/strong>. Cada detalle de este kilim, medido perfectamente en 82&#215;119 cm, refleja la rica tradici\u00f3n tejedora de Afganist\u00e1n. Este tama\u00f1o es ideal para a\u00f1adir un punto focal colorido en espacios reducidos o como complemento decorativo en cualquier habitaci\u00f3n.<\/p>\n<p><strong>Caracter\u00edsticas Principales:<\/strong><\/p>\n<ul>\n<li><strong>Origen Aut\u00e9ntico<\/strong>: Tejido a mano por artesanos afganos, este kilim encapsula la habilidad y la dedicaci\u00f3n de su tradici\u00f3n textil.<\/li>\n<li><strong>Dise\u00f1o Rico y Detallado<\/strong>: Con un motivo geom\u00e9trico llamativo, utilizando una paleta de colores que incluye tonos vibrantes de rojo, naranja, verde y azul, este kilim es una pieza de conversaci\u00f3n garantizada.<\/li>\n<li><strong>Vers\u00e1til y Decorativo<\/strong>: Adem\u00e1s de ser una obra de arte excepcional, este kilim es pr\u00e1ctico para uso en entradas, como alfombra de cocina, o incluso colgado en la pared como tapiz.<\/li>\n<\/ul>","protected":false},"excerpt":{"rendered":"<p>Fabricaci\u00f3n: Hecho a mano<br \/>\nTama\u00f1o: 82&#215;119 cm<br \/>\nEstado: Nuevo<br \/>\nOrigen: Kilim afgano<br \/>\nMaterial: Lana natural<br \/>\nGrosor aprox: 1-2 mm<br \/>\nColores: Naturales<br \/>\nLos colores de la alfombra se percibir\u00e1n de formas diferentes dependiendo del \u00e1ngulo de visi\u00f3n<br \/>\nPlazo de entrega: 2-5 d\u00edas h\u00e1biles en Espa\u00f1a.<br \/>\nEuropa: 5-7 d\u00edas h\u00e1biles, resto de continentes 7-10 d\u00edas.<\/p>\n","protected":false},"featured_media":40776,"comment_status":"open","ping_status":"closed","template":"","meta":[],"product_brand":[],"product_cat":[61,829],"product_tag":[],"class_list":{"0":"post-40768","1":"product","2":"type-product","3":"status-publish","4":"has-post-thumbnail","6":"product_cat-kilims","7":"product_cat-toda-la-coleccion-kilim","8":"product_shipping_class-kilim-pequeno","9":"pa_ancho-cm-960","10":"pa_ancho-cm-931","11":"pa_color-naranja","12":"pa_color-rojo","13":"pa_largo-cm-989","14":"pa_largo-cm-990","16":"first","17":"outofstock","18":"sale","19":"sold-individually","20":"taxable","21":"shipping-taxable","22":"purchasable","23":"product-type-simple"},"yoast_head":"<!-- This site is optimized with the Yoast SEO plugin v24.8.1 - https:\/\/yoast.com\/wordpress\/plugins\/seo\/ -->\n<title>Kilim Afgano Decorativo Peque\u00f1o | Kilim-Age | -30% Descuento<\/title>\n<meta name=\"description\" content=\"Kilim Afgano Decorativo Peque\u00f1o. Enam\u00f3rate del encanto vibrante y la artesan\u00eda excepcional de nuestro Kilim Afgano\" \/>\n<meta name=\"robots\" content=\"index, follow, max-snippet:-1, max-image-preview:large, max-video-preview:-1\" \/>\n<link rel=\"canonical\" href=\"https:\/\/kilim-age.com\/es\/producto\/kilim-afgano-decorativo-pequeno\/\" \/>\n<meta property=\"og:locale\" content=\"es_ES\" \/>\n<meta property=\"og:type\" content=\"article\" \/>\n<meta property=\"og:title\" content=\"Kilim Afgano Decorativo Peque\u00f1o | Kilim-Age | -30% Descuento\" \/>\n<meta property=\"og:description\" content=\"Kilim Afgano Decorativo Peque\u00f1o. Enam\u00f3rate del encanto vibrante y la artesan\u00eda excepcional de nuestro Kilim Afgano\" \/>\n<meta property=\"og:url\" content=\"https:\/\/kilim-age.com\/es\/producto\/kilim-afgano-decorativo-pequeno\/\" \/>\n<meta property=\"og:site_name\" content=\"Kilim-Age\" \/>\n<meta property=\"article:modified_time\" content=\"2025-07-19T16:44:02+00:00\" \/>\n<meta property=\"og:image\" content=\"https:\/\/kilim-age.com\/wp-content\/uploads\/2024\/05\/IMG_KA3051.jpg\" \/>\n\t<meta property=\"og:image:width\" content=\"1000\" \/>\n\t<meta property=\"og:image:height\" content=\"1300\" \/>\n\t<meta property=\"og:image:type\" content=\"image\/jpeg\" \/>\n<meta name=\"twitter:card\" content=\"summary_large_image\" \/>\n<meta name=\"twitter:label1\" content=\"Tiempo de lectura\" \/>\n\t<meta name=\"twitter:data1\" content=\"1 minuto\" \/>\n<script type=\"application\/ld+json\" class=\"yoast-schema-graph\">{\"@context\":\"https:\/\/schema.org\",\"@graph\":[{\"@type\":\"WebPage\",\"@id\":\"https:\/\/kilim-age.com\/es\/producto\/kilim-afgano-decorativo-pequeno\/\",\"url\":\"https:\/\/kilim-age.com\/es\/producto\/kilim-afgano-decorativo-pequeno\/\",\"name\":\"Kilim Afgano Decorativo Peque\u00f1o | Kilim-Age | -30% Descuento\",\"isPartOf\":{\"@id\":\"https:\/\/www.kilim-age.com\/es\/#website\"},\"primaryImageOfPage\":{\"@id\":\"https:\/\/kilim-age.com\/es\/producto\/kilim-afgano-decorativo-pequeno\/#primaryimage\"},\"image\":{\"@id\":\"https:\/\/kilim-age.com\/es\/producto\/kilim-afgano-decorativo-pequeno\/#primaryimage\"},\"thumbnailUrl\":\"https:\/\/kilim-age.com\/wp-content\/uploads\/2024\/05\/IMG_KA3051.jpg\",\"datePublished\":\"2024-05-05T17:46:57+00:00\",\"dateModified\":\"2025-07-19T16:44:02+00:00\",\"description\":\"Kilim Afgano Decorativo Peque\u00f1o. Enam\u00f3rate del encanto vibrante y la artesan\u00eda excepcional de nuestro Kilim Afgano\",\"breadcrumb\":{\"@id\":\"https:\/\/kilim-age.com\/es\/producto\/kilim-afgano-decorativo-pequeno\/#breadcrumb\"},\"inLanguage\":\"es\",\"potentialAction\":[{\"@type\":\"ReadAction\",\"target\":[\"https:\/\/kilim-age.com\/es\/producto\/kilim-afgano-decorativo-pequeno\/\"]}]},{\"@type\":\"ImageObject\",\"inLanguage\":\"es\",\"@id\":\"https:\/\/kilim-age.com\/es\/producto\/kilim-afgano-decorativo-pequeno\/#primaryimage\",\"url\":\"https:\/\/kilim-age.com\/wp-content\/uploads\/2024\/05\/IMG_KA3051.jpg\",\"contentUrl\":\"https:\/\/kilim-age.com\/wp-content\/uploads\/2024\/05\/IMG_KA3051.jpg\",\"width\":1000,\"height\":1300,\"caption\":\"Kilim Afgano Decorativo Peque\u00f1o\"},{\"@type\":\"BreadcrumbList\",\"@id\":\"https:\/\/kilim-age.com\/es\/producto\/kilim-afgano-decorativo-pequeno\/#breadcrumb\",\"itemListElement\":[{\"@type\":\"ListItem\",\"position\":1,\"name\":\"Home\",\"item\":\"https:\/\/www.kilim-age.com\/es\/\"},{\"@type\":\"ListItem\",\"position\":2,\"name\":\"Shop\",\"item\":\"https:\/\/www.kilim-age.com\/es\/shop\/\"},{\"@type\":\"ListItem\",\"position\":3,\"name\":\"Kilim afgano 82&#215;119 cm\"}]},{\"@type\":\"WebSite\",\"@id\":\"https:\/\/www.kilim-age.com\/es\/#website\",\"url\":\"https:\/\/www.kilim-age.com\/es\/\",\"name\":\"Kilim-Age\",\"description\":\"Somos especialistas en productos artesanales de Turqu\u00eda como Alfombras, y Kilims\",\"potentialAction\":[{\"@type\":\"SearchAction\",\"target\":{\"@type\":\"EntryPoint\",\"urlTemplate\":\"https:\/\/www.kilim-age.com\/es\/?s={search_term_string}\"},\"query-input\":{\"@type\":\"PropertyValueSpecification\",\"valueRequired\":true,\"valueName\":\"search_term_string\"}}],\"inLanguage\":\"es\"}]}<\/script>\n<!-- \/ Yoast SEO plugin. -->","yoast_head_json":{"title":"Kilim Afgano Decorativo Peque\u00f1o | Kilim-Age | -30% Descuento","description":"Kilim Afgano Decorativo Peque\u00f1o. Enam\u00f3rate del encanto vibrante y la artesan\u00eda excepcional de nuestro Kilim Afgano","robots":{"index":"index","follow":"follow","max-snippet":"max-snippet:-1","max-image-preview":"max-image-preview:large","max-video-preview":"max-video-preview:-1"},"canonical":"https:\/\/kilim-age.com\/es\/producto\/kilim-afgano-decorativo-pequeno\/","og_locale":"es_ES","og_type":"article","og_title":"Kilim Afgano Decorativo Peque\u00f1o | Kilim-Age | -30% Descuento","og_description":"Kilim Afgano Decorativo Peque\u00f1o. Enam\u00f3rate del encanto vibrante y la artesan\u00eda excepcional de nuestro Kilim Afgano","og_url":"https:\/\/kilim-age.com\/es\/producto\/kilim-afgano-decorativo-pequeno\/","og_site_name":"Kilim-Age","article_modified_time":"2025-07-19T16:44:02+00:00","og_image":[{"width":1000,"height":1300,"url":"https:\/\/kilim-age.com\/wp-content\/uploads\/2024\/05\/IMG_KA3051.jpg","type":"image\/jpeg"}],"twitter_card":"summary_large_image","twitter_misc":{"Tiempo de lectura":"1 minuto"},"schema":{"@context":"https:\/\/schema.org","@graph":[{"@type":"WebPage","@id":"https:\/\/kilim-age.com\/es\/producto\/kilim-afgano-decorativo-pequeno\/","url":"https:\/\/kilim-age.com\/es\/producto\/kilim-afgano-decorativo-pequeno\/","name":"Kilim Afgano Decorativo Peque\u00f1o | Kilim-Age | -30% Descuento","isPartOf":{"@id":"https:\/\/www.kilim-age.com\/es\/#website"},"primaryImageOfPage":{"@id":"https:\/\/kilim-age.com\/es\/producto\/kilim-afgano-decorativo-pequeno\/#primaryimage"},"image":{"@id":"https:\/\/kilim-age.com\/es\/producto\/kilim-afgano-decorativo-pequeno\/#primaryimage"},"thumbnailUrl":"https:\/\/kilim-age.com\/wp-content\/uploads\/2024\/05\/IMG_KA3051.jpg","datePublished":"2024-05-05T17:46:57+00:00","dateModified":"2025-07-19T16:44:02+00:00","description":"Kilim Afgano Decorativo Peque\u00f1o. Enam\u00f3rate del encanto vibrante y la artesan\u00eda excepcional de nuestro Kilim Afgano","breadcrumb":{"@id":"https:\/\/kilim-age.com\/es\/producto\/kilim-afgano-decorativo-pequeno\/#breadcrumb"},"inLanguage":"es","potentialAction":[{"@type":"ReadAction","target":["https:\/\/kilim-age.com\/es\/producto\/kilim-afgano-decorativo-pequeno\/"]}]},{"@type":"ImageObject","inLanguage":"es","@id":"https:\/\/kilim-age.com\/es\/producto\/kilim-afgano-decorativo-pequeno\/#primaryimage","url":"https:\/\/kilim-age.com\/wp-content\/uploads\/2024\/05\/IMG_KA3051.jpg","contentUrl":"https:\/\/kilim-age.com\/wp-content\/uploads\/2024\/05\/IMG_KA3051.jpg","width":1000,"height":1300,"caption":"Kilim Afgano Decorativo Peque\u00f1o"},{"@type":"BreadcrumbList","@id":"https:\/\/kilim-age.com\/es\/producto\/kilim-afgano-decorativo-pequeno\/#breadcrumb","itemListElement":[{"@type":"ListItem","position":1,"name":"Home","item":"https:\/\/www.kilim-age.com\/es\/"},{"@type":"ListItem","position":2,"name":"Shop","item":"https:\/\/www.kilim-age.com\/es\/shop\/"},{"@type":"ListItem","position":3,"name":"Kilim afgano 82&#215;119 cm"}]},{"@type":"WebSite","@id":"https:\/\/www.kilim-age.com\/es\/#website","url":"https:\/\/www.kilim-age.com\/es\/","name":"Kilim-Age","description":"Somos especialistas en productos artesanales de Turqu\u00eda como Alfombras, y Kilims","potentialAction":[{"@type":"SearchAction","target":{"@type":"EntryPoint","urlTemplate":"https:\/\/www.kilim-age.com\/es\/?s={search_term_string}"},"query-input":{"@type":"PropertyValueSpecification","valueRequired":true,"valueName":"search_term_string"}}],"inLanguage":"es"}]}},"_links":{"self":[{"href":"https:\/\/kilim-age.com\/es\/wp-json\/wp\/v2\/product\/40768","targetHints":{"allow":["GET"]}}],"collection":[{"href":"https:\/\/kilim-age.com\/es\/wp-json\/wp\/v2\/product"}],"about":[{"href":"https:\/\/kilim-age.com\/es\/wp-json\/wp\/v2\/types\/product"}],"replies":[{"embeddable":true,"href":"https:\/\/kilim-age.com\/es\/wp-json\/wp\/v2\/comments?post=40768"}],"wp:featuredmedia":[{"embeddable":true,"href":"https:\/\/kilim-age.com\/es\/wp-json\/wp\/v2\/media\/40776"}],"wp:attachment":[{"href":"https:\/\/kilim-age.com\/es\/wp-json\/wp\/v2\/media?parent=40768"}],"wp:term":[{"taxonomy":"product_brand","embeddable":true,"href":"https:\/\/kilim-age.com\/es\/wp-json\/wp\/v2\/product_brand?post=40768"},{"taxonomy":"product_cat","embeddable":true,"href":"https:\/\/kilim-age.com\/es\/wp-json\/wp\/v2\/product_cat?post=40768"},{"taxonomy":"product_tag","embeddable":true,"href":"https:\/\/kilim-age.com\/es\/wp-json\/wp\/v2\/product_tag?post=40768"}],"curies":[{"name":"wp","href":"https:\/\/api.w.org\/{rel}","templated":true}]}}