{"id":40725,"date":"2024-04-23T19:31:27","date_gmt":"2024-04-23T17:31:27","guid":{"rendered":"https:\/\/kilim-age.com\/?post_type=product&#038;p=40725"},"modified":"2025-05-22T19:59:36","modified_gmt":"2025-05-22T17:59:36","slug":"kilims-con-precios-bajos","status":"publish","type":"product","link":"https:\/\/kilim-age.com\/es\/producto\/kilims-con-precios-bajos\/","title":{"rendered":"Kilim turco 78&#215;185 cm"},"content":{"rendered":"<strong>\u00a0Kilims con Precios Bajos: La Elegancia y la Asequibilidad\u00a0<\/strong><\/p>\n<p>\u00bfEst\u00e1s buscando una forma de a\u00f1adir un toque de encanto y distinci\u00f3n a tu hogar sin gastar una fortuna? \u00a1No busques m\u00e1s! Nuestro kilim con precios bajos es la soluci\u00f3n perfecta. Con sus medidas de 78&#215;185 cm y una combinaci\u00f3n de colores que incluye diferentes tonalidades de rojo y toques de azul claro y oscuro, este tapiz es la elecci\u00f3n ideal para cualquier espacio.<\/p>\n<p><a href=\"https:\/\/kilim-age.com\/es\/about\/\">Nuestro kilim<\/a> no solo es una opci\u00f3n asequible, sino tambi\u00e9n una declaraci\u00f3n de estilo. Su dise\u00f1o \u00fanico y sus vibrantes colores a\u00f1adir\u00e1n un toque de elegancia a cualquier habitaci\u00f3n, ya sea una sala de estar, un dormitorio o incluso un pasillo estrecho.<\/p>\n<p>A pesar de su precio bajo, nuestro kilim est\u00e1 hecho con materiales de alta calidad y con una artesan\u00eda excepcional. Cada hilo est\u00e1 cuidadosamente tejido a mano por expertos artesanos, garantizando una durabilidad y una belleza duraderas que resistir\u00e1n el paso del tiempo.<\/p>\n<p>Adem\u00e1s de ser una opci\u00f3n econ\u00f3mica para decorar tu hogar, nuestro kilim tambi\u00e9n es vers\u00e1til en su uso. \u00dasalo como pieza central en tu sala de estar para crear un punto focal interesante, col\u00f3calo al lado de tu cama para a\u00f1adir un toque de color a tu dormitorio o util\u00edzalo como una forma \u00fanica de decorar tu pasillo.<\/p>\n<p>No dejes pasar esta oportunidad de <a href=\"https:\/\/www.elmueble.com\/\">embellecer tu hogar<\/a> con nuestro kilim con precios bajos. \u00a1Compra ahora y descubre c\u00f3mo la elegancia y la asequibilidad pueden ir de la mano!","protected":false},"excerpt":{"rendered":"<p>Fabricaci\u00f3n: Hecho a mano<br \/>\nTama\u00f1o: 78 X 185 cm<br \/>\nEstado: Nuevo<br \/>\nOrigen: Kilim turca, centro de Anatolia\/Kayseri<br \/>\nMaterial: 100% Lana natural<br \/>\nGrosor aprox: 1-2 mm<br \/>\nColores: Todos los colores de este Kilim son naturales<br \/>\nLos colores de la alfombra se percibir\u00e1n de formas diferentes dependiendo del \u00e1ngulo de visi\u00f3n<br \/>\nPlazo de entrega: 2-5 d\u00edas h\u00e1biles en Espa\u00f1a.<br \/>\nEuropa: 5-7 d\u00edas h\u00e1biles, resto de continentes 7-10 d\u00edas.<\/p>\n","protected":false},"featured_media":40727,"comment_status":"open","ping_status":"closed","template":"","meta":[],"product_brand":[],"product_cat":[61,829,783],"product_tag":[1078],"class_list":{"0":"post-40725","1":"product","2":"type-product","3":"status-publish","4":"has-post-thumbnail","6":"product_cat-kilims","7":"product_cat-toda-la-coleccion-kilim","8":"product_cat-kilim-pasilleros","9":"product_tag-kilim-afgano","10":"product_shipping_class-kilim-mediano","11":"pa_ancho-cm-985","12":"pa_ancho-cm-908","13":"pa_color-azul","14":"pa_color-rojo","15":"pa_largo-cm-993","16":"pa_largo-cm-884","18":"first","19":"outofstock","20":"sale","21":"sold-individually","22":"taxable","23":"shipping-taxable","24":"purchasable","25":"product-type-simple"},"yoast_head":"<!-- This site is optimized with the Yoast SEO plugin v24.8.1 - https:\/\/yoast.com\/wordpress\/plugins\/seo\/ -->\n<title>Kilims con precios bajos | Kilim-Age | Tienda de Alfombras Kilim<\/title>\n<meta name=\"description\" content=\"Kilims con Precios Bajos \u00bfEst\u00e1s buscando una forma de a\u00f1adir un toque de encanto y distinci\u00f3n a tu hogar sin gastar una fortuna?\" \/>\n<meta name=\"robots\" content=\"index, follow, max-snippet:-1, max-image-preview:large, max-video-preview:-1\" \/>\n<link rel=\"canonical\" href=\"https:\/\/kilim-age.com\/es\/producto\/kilims-con-precios-bajos\/\" \/>\n<meta property=\"og:locale\" content=\"es_ES\" \/>\n<meta property=\"og:type\" content=\"article\" \/>\n<meta property=\"og:title\" content=\"Kilims con precios bajos | Kilim-Age | Tienda de Alfombras Kilim\" \/>\n<meta property=\"og:description\" content=\"Kilims con Precios Bajos \u00bfEst\u00e1s buscando una forma de a\u00f1adir un toque de encanto y distinci\u00f3n a tu hogar sin gastar una fortuna?\" \/>\n<meta property=\"og:url\" content=\"https:\/\/kilim-age.com\/es\/producto\/kilims-con-precios-bajos\/\" \/>\n<meta property=\"og:site_name\" content=\"Kilim-Age\" \/>\n<meta property=\"article:modified_time\" content=\"2025-05-22T17:59:36+00:00\" \/>\n<meta property=\"og:image\" content=\"https:\/\/kilim-age.com\/wp-content\/uploads\/2024\/04\/IMG_2033.jpg\" \/>\n\t<meta property=\"og:image:width\" content=\"1000\" \/>\n\t<meta property=\"og:image:height\" content=\"1300\" \/>\n\t<meta property=\"og:image:type\" content=\"image\/jpeg\" \/>\n<meta name=\"twitter:card\" content=\"summary_large_image\" \/>\n<meta name=\"twitter:label1\" content=\"Tiempo de lectura\" \/>\n\t<meta name=\"twitter:data1\" content=\"2 minutos\" \/>\n<script type=\"application\/ld+json\" class=\"yoast-schema-graph\">{\"@context\":\"https:\/\/schema.org\",\"@graph\":[{\"@type\":\"WebPage\",\"@id\":\"https:\/\/kilim-age.com\/es\/producto\/kilims-con-precios-bajos\/\",\"url\":\"https:\/\/kilim-age.com\/es\/producto\/kilims-con-precios-bajos\/\",\"name\":\"Kilims con precios bajos | Kilim-Age | Tienda de Alfombras Kilim\",\"isPartOf\":{\"@id\":\"https:\/\/kilim-age.com\/en\/#website\"},\"primaryImageOfPage\":{\"@id\":\"https:\/\/kilim-age.com\/es\/producto\/kilims-con-precios-bajos\/#primaryimage\"},\"image\":{\"@id\":\"https:\/\/kilim-age.com\/es\/producto\/kilims-con-precios-bajos\/#primaryimage\"},\"thumbnailUrl\":\"https:\/\/kilim-age.com\/wp-content\/uploads\/2024\/04\/IMG_2033.jpg\",\"datePublished\":\"2024-04-23T17:31:27+00:00\",\"dateModified\":\"2025-05-22T17:59:36+00:00\",\"description\":\"Kilims con Precios Bajos \u00bfEst\u00e1s buscando una forma de a\u00f1adir un toque de encanto y distinci\u00f3n a tu hogar sin gastar una fortuna?\",\"breadcrumb\":{\"@id\":\"https:\/\/kilim-age.com\/es\/producto\/kilims-con-precios-bajos\/#breadcrumb\"},\"inLanguage\":\"es\",\"potentialAction\":[{\"@type\":\"ReadAction\",\"target\":[\"https:\/\/kilim-age.com\/es\/producto\/kilims-con-precios-bajos\/\"]}]},{\"@type\":\"ImageObject\",\"inLanguage\":\"es\",\"@id\":\"https:\/\/kilim-age.com\/es\/producto\/kilims-con-precios-bajos\/#primaryimage\",\"url\":\"https:\/\/kilim-age.com\/wp-content\/uploads\/2024\/04\/IMG_2033.jpg\",\"contentUrl\":\"https:\/\/kilim-age.com\/wp-content\/uploads\/2024\/04\/IMG_2033.jpg\",\"width\":1000,\"height\":1300,\"caption\":\"Kilim con precios bajos\"},{\"@type\":\"BreadcrumbList\",\"@id\":\"https:\/\/kilim-age.com\/es\/producto\/kilims-con-precios-bajos\/#breadcrumb\",\"itemListElement\":[{\"@type\":\"ListItem\",\"position\":1,\"name\":\"Home\",\"item\":\"https:\/\/kilim-age.com\/en\/\"},{\"@type\":\"ListItem\",\"position\":2,\"name\":\"Shop\",\"item\":\"https:\/\/kilim-age.com\/es\/shop\/\"},{\"@type\":\"ListItem\",\"position\":3,\"name\":\"Kilim turco 78&#215;185 cm\"}]},{\"@type\":\"WebSite\",\"@id\":\"https:\/\/kilim-age.com\/en\/#website\",\"url\":\"https:\/\/kilim-age.com\/en\/\",\"name\":\"Kilim-Age\",\"description\":\"Somos especialistas en productos artesanales de Turqu\u00eda como Alfombras, y Kilims\",\"potentialAction\":[{\"@type\":\"SearchAction\",\"target\":{\"@type\":\"EntryPoint\",\"urlTemplate\":\"https:\/\/kilim-age.com\/en\/?s={search_term_string}\"},\"query-input\":{\"@type\":\"PropertyValueSpecification\",\"valueRequired\":true,\"valueName\":\"search_term_string\"}}],\"inLanguage\":\"es\"}]}<\/script>\n<!-- \/ Yoast SEO plugin. -->","yoast_head_json":{"title":"Kilims con precios bajos | Kilim-Age | Tienda de Alfombras Kilim","description":"Kilims con Precios Bajos \u00bfEst\u00e1s buscando una forma de a\u00f1adir un toque de encanto y distinci\u00f3n a tu hogar sin gastar una fortuna?","robots":{"index":"index","follow":"follow","max-snippet":"max-snippet:-1","max-image-preview":"max-image-preview:large","max-video-preview":"max-video-preview:-1"},"canonical":"https:\/\/kilim-age.com\/es\/producto\/kilims-con-precios-bajos\/","og_locale":"es_ES","og_type":"article","og_title":"Kilims con precios bajos | Kilim-Age | Tienda de Alfombras Kilim","og_description":"Kilims con Precios Bajos \u00bfEst\u00e1s buscando una forma de a\u00f1adir un toque de encanto y distinci\u00f3n a tu hogar sin gastar una fortuna?","og_url":"https:\/\/kilim-age.com\/es\/producto\/kilims-con-precios-bajos\/","og_site_name":"Kilim-Age","article_modified_time":"2025-05-22T17:59:36+00:00","og_image":[{"width":1000,"height":1300,"url":"https:\/\/kilim-age.com\/wp-content\/uploads\/2024\/04\/IMG_2033.jpg","type":"image\/jpeg"}],"twitter_card":"summary_large_image","twitter_misc":{"Tiempo de lectura":"2 minutos"},"schema":{"@context":"https:\/\/schema.org","@graph":[{"@type":"WebPage","@id":"https:\/\/kilim-age.com\/es\/producto\/kilims-con-precios-bajos\/","url":"https:\/\/kilim-age.com\/es\/producto\/kilims-con-precios-bajos\/","name":"Kilims con precios bajos | Kilim-Age | Tienda de Alfombras Kilim","isPartOf":{"@id":"https:\/\/kilim-age.com\/en\/#website"},"primaryImageOfPage":{"@id":"https:\/\/kilim-age.com\/es\/producto\/kilims-con-precios-bajos\/#primaryimage"},"image":{"@id":"https:\/\/kilim-age.com\/es\/producto\/kilims-con-precios-bajos\/#primaryimage"},"thumbnailUrl":"https:\/\/kilim-age.com\/wp-content\/uploads\/2024\/04\/IMG_2033.jpg","datePublished":"2024-04-23T17:31:27+00:00","dateModified":"2025-05-22T17:59:36+00:00","description":"Kilims con Precios Bajos \u00bfEst\u00e1s buscando una forma de a\u00f1adir un toque de encanto y distinci\u00f3n a tu hogar sin gastar una fortuna?","breadcrumb":{"@id":"https:\/\/kilim-age.com\/es\/producto\/kilims-con-precios-bajos\/#breadcrumb"},"inLanguage":"es","potentialAction":[{"@type":"ReadAction","target":["https:\/\/kilim-age.com\/es\/producto\/kilims-con-precios-bajos\/"]}]},{"@type":"ImageObject","inLanguage":"es","@id":"https:\/\/kilim-age.com\/es\/producto\/kilims-con-precios-bajos\/#primaryimage","url":"https:\/\/kilim-age.com\/wp-content\/uploads\/2024\/04\/IMG_2033.jpg","contentUrl":"https:\/\/kilim-age.com\/wp-content\/uploads\/2024\/04\/IMG_2033.jpg","width":1000,"height":1300,"caption":"Kilim con precios bajos"},{"@type":"BreadcrumbList","@id":"https:\/\/kilim-age.com\/es\/producto\/kilims-con-precios-bajos\/#breadcrumb","itemListElement":[{"@type":"ListItem","position":1,"name":"Home","item":"https:\/\/kilim-age.com\/en\/"},{"@type":"ListItem","position":2,"name":"Shop","item":"https:\/\/kilim-age.com\/es\/shop\/"},{"@type":"ListItem","position":3,"name":"Kilim turco 78&#215;185 cm"}]},{"@type":"WebSite","@id":"https:\/\/kilim-age.com\/en\/#website","url":"https:\/\/kilim-age.com\/en\/","name":"Kilim-Age","description":"Somos especialistas en productos artesanales de Turqu\u00eda como Alfombras, y Kilims","potentialAction":[{"@type":"SearchAction","target":{"@type":"EntryPoint","urlTemplate":"https:\/\/kilim-age.com\/en\/?s={search_term_string}"},"query-input":{"@type":"PropertyValueSpecification","valueRequired":true,"valueName":"search_term_string"}}],"inLanguage":"es"}]}},"_links":{"self":[{"href":"https:\/\/kilim-age.com\/es\/wp-json\/wp\/v2\/product\/40725","targetHints":{"allow":["GET"]}}],"collection":[{"href":"https:\/\/kilim-age.com\/es\/wp-json\/wp\/v2\/product"}],"about":[{"href":"https:\/\/kilim-age.com\/es\/wp-json\/wp\/v2\/types\/product"}],"replies":[{"embeddable":true,"href":"https:\/\/kilim-age.com\/es\/wp-json\/wp\/v2\/comments?post=40725"}],"wp:featuredmedia":[{"embeddable":true,"href":"https:\/\/kilim-age.com\/es\/wp-json\/wp\/v2\/media\/40727"}],"wp:attachment":[{"href":"https:\/\/kilim-age.com\/es\/wp-json\/wp\/v2\/media?parent=40725"}],"wp:term":[{"taxonomy":"product_brand","embeddable":true,"href":"https:\/\/kilim-age.com\/es\/wp-json\/wp\/v2\/product_brand?post=40725"},{"taxonomy":"product_cat","embeddable":true,"href":"https:\/\/kilim-age.com\/es\/wp-json\/wp\/v2\/product_cat?post=40725"},{"taxonomy":"product_tag","embeddable":true,"href":"https:\/\/kilim-age.com\/es\/wp-json\/wp\/v2\/product_tag?post=40725"}],"curies":[{"name":"wp","href":"https:\/\/api.w.org\/{rel}","templated":true}]}}