{"id":40655,"date":"2024-04-22T13:39:08","date_gmt":"2024-04-22T11:39:08","guid":{"rendered":"https:\/\/kilim-age.com\/?post_type=product&#038;p=40655"},"modified":"2025-06-14T13:51:32","modified_gmt":"2025-06-14T11:51:32","slug":"kilim-en-oferta","status":"publish","type":"product","link":"https:\/\/kilim-age.com\/es\/producto\/kilim-en-oferta\/","title":{"rendered":"Kilim para pasillo 82&#215;294 cm"},"content":{"rendered":"<strong>Transforma tu Pasillo con Elegancia: Kilim Artesanal en Oferta<\/strong><\/p>\n<p>Embellece tu pasillo con la belleza y la artesan\u00eda de nuestro kilim artesanal hecho a mano, ahora disponible en oferta por tiempo limitado. Con su dise\u00f1o \u00e9tnico o geom\u00e9trico y su meticulosa elaboraci\u00f3n artesanal, este kilim no solo agregar\u00e1 estilo, sino tambi\u00e9n un toque de calidez a tu hogar.<\/p>\n<p>Cada detalle de nuestro kilim refleja la pasi\u00f3n y la destreza de los <a href=\"https:\/\/kilim-age.com\/es\/que-son-los-suzani\/\">expertos artesanos<\/a> que lo crearon. Tejido con cuidado y atenci\u00f3n al detalle, este tapiz es una verdadera obra de arte que evoca la rica tradici\u00f3n cultural de su origen.<\/p>\n<p>El dise\u00f1o \u00e9tnico o geom\u00e9trico de nuestro kilim a\u00f1ade un toque de car\u00e1cter y distinci\u00f3n a cualquier pasillo. Ya sea que prefieras patrones tradicionales o modernos, encontrar\u00e1s el kilim perfecto para complementar tu estilo \u00fanico.<\/p>\n<p>Adem\u00e1s de su excepcional belleza, nuestro kilim tambi\u00e9n es una inversi\u00f3n en calidad y durabilidad. Hecho con los mejores materiales y t\u00e9cnicas de tejido, este tapiz est\u00e1 dise\u00f1ado para resistir el paso del tiempo y seguir luciendo su mejor aspecto durante a\u00f1os.<\/p>\n<p>Aprovecha nuestra oferta especial y transforma tu pasillo con la elegancia y el encanto de nuestro kilim artesanal. Descubre c\u00f3mo esta hermosa pieza puede mejorar la decoraci\u00f3n de tu hogar y convertir tu pasillo en un espacio acogedor y lleno de estilo que disfrutar\u00e1s durante mucho tiempo.<\/p>\n<p>\u00a1No dejes pasar esta oportunidad y compra ahora tu kilim en oferta para darle un toque de distinci\u00f3n a tu hogar!","protected":false},"excerpt":{"rendered":"<p>Fabricaci\u00f3n: Hecho a mano<br \/>\nTama\u00f1o: 82 X 294 cm<br \/>\nEstado: Nuevo<br \/>\nOrigen: Kilim Afgano<br \/>\nMaterial: Lana<br \/>\nGrosor aprox: 1-2 mm<br \/>\nTe\u00f1ido colores naturales.<br \/>\nPlazo de entrega: 2-5 d\u00edas h\u00e1biles en Espa\u00f1a.<br \/>\nEuropa: 5-7 d\u00edas h\u00e1biles, resto de continentes 7-10 d\u00edas.<\/p>\n","protected":false},"featured_media":40656,"comment_status":"open","ping_status":"closed","template":"","meta":[],"product_brand":[],"product_cat":[61,829,783],"product_tag":[1076],"class_list":{"0":"post-40655","1":"product","2":"type-product","3":"status-publish","4":"has-post-thumbnail","6":"product_cat-kilims","7":"product_cat-toda-la-coleccion-kilim","8":"product_cat-kilim-pasilleros","9":"product_tag-kilim-pasillo","10":"product_shipping_class-kilim-mediano","11":"pa_ancho-cm-985","12":"pa_ancho-cm-940","13":"pa_color-amarillo","14":"pa_color-azul","15":"pa_color-verde","16":"pa_largo-cm-1011","17":"pa_largo-cm-959","19":"first","20":"instock","21":"sale","22":"sold-individually","23":"taxable","24":"shipping-taxable","25":"purchasable","26":"product-type-simple"},"yoast_head":"<!-- This site is optimized with the Yoast SEO plugin v24.8.1 - https:\/\/yoast.com\/wordpress\/plugins\/seo\/ -->\n<title>Kilim en Oferta | Kilim-Age | Tienda de Alfombras Kilims precios Outlet<\/title>\n<meta name=\"description\" content=\"Embellece tu pasillo con la belleza y la artesan\u00eda de nuestro kilim artesanal hecho a mano, ahora disponible en oferta por tiempo limitado.\" \/>\n<meta name=\"robots\" content=\"index, follow, max-snippet:-1, max-image-preview:large, max-video-preview:-1\" \/>\n<link rel=\"canonical\" href=\"https:\/\/kilim-age.com\/es\/producto\/kilim-en-oferta\/\" \/>\n<meta property=\"og:locale\" content=\"es_ES\" \/>\n<meta property=\"og:type\" content=\"article\" \/>\n<meta property=\"og:title\" content=\"Kilim en Oferta | Kilim-Age | Tienda de Alfombras Kilims precios Outlet\" \/>\n<meta property=\"og:description\" content=\"Embellece tu pasillo con la belleza y la artesan\u00eda de nuestro kilim artesanal hecho a mano, ahora disponible en oferta por tiempo limitado.\" \/>\n<meta property=\"og:url\" content=\"https:\/\/kilim-age.com\/es\/producto\/kilim-en-oferta\/\" \/>\n<meta property=\"og:site_name\" content=\"Kilim-Age\" \/>\n<meta property=\"article:modified_time\" content=\"2025-06-14T11:51:32+00:00\" \/>\n<meta property=\"og:image\" content=\"https:\/\/kilim-age.com\/wp-content\/uploads\/2024\/04\/IMG_2861.jpg\" \/>\n\t<meta property=\"og:image:width\" content=\"1000\" \/>\n\t<meta property=\"og:image:height\" content=\"1300\" \/>\n\t<meta property=\"og:image:type\" content=\"image\/jpeg\" \/>\n<meta name=\"twitter:card\" content=\"summary_large_image\" \/>\n<meta name=\"twitter:label1\" content=\"Tiempo de lectura\" \/>\n\t<meta name=\"twitter:data1\" content=\"2 minutos\" \/>\n<script type=\"application\/ld+json\" class=\"yoast-schema-graph\">{\"@context\":\"https:\/\/schema.org\",\"@graph\":[{\"@type\":\"WebPage\",\"@id\":\"https:\/\/kilim-age.com\/es\/producto\/kilim-en-oferta\/\",\"url\":\"https:\/\/kilim-age.com\/es\/producto\/kilim-en-oferta\/\",\"name\":\"Kilim en Oferta | Kilim-Age | Tienda de Alfombras Kilims precios Outlet\",\"isPartOf\":{\"@id\":\"https:\/\/kilim-age.com\/en\/#website\"},\"primaryImageOfPage\":{\"@id\":\"https:\/\/kilim-age.com\/es\/producto\/kilim-en-oferta\/#primaryimage\"},\"image\":{\"@id\":\"https:\/\/kilim-age.com\/es\/producto\/kilim-en-oferta\/#primaryimage\"},\"thumbnailUrl\":\"https:\/\/kilim-age.com\/wp-content\/uploads\/2024\/04\/IMG_2861.jpg\",\"datePublished\":\"2024-04-22T11:39:08+00:00\",\"dateModified\":\"2025-06-14T11:51:32+00:00\",\"description\":\"Embellece tu pasillo con la belleza y la artesan\u00eda de nuestro kilim artesanal hecho a mano, ahora disponible en oferta por tiempo limitado.\",\"breadcrumb\":{\"@id\":\"https:\/\/kilim-age.com\/es\/producto\/kilim-en-oferta\/#breadcrumb\"},\"inLanguage\":\"es\",\"potentialAction\":[{\"@type\":\"ReadAction\",\"target\":[\"https:\/\/kilim-age.com\/es\/producto\/kilim-en-oferta\/\"]}]},{\"@type\":\"ImageObject\",\"inLanguage\":\"es\",\"@id\":\"https:\/\/kilim-age.com\/es\/producto\/kilim-en-oferta\/#primaryimage\",\"url\":\"https:\/\/kilim-age.com\/wp-content\/uploads\/2024\/04\/IMG_2861.jpg\",\"contentUrl\":\"https:\/\/kilim-age.com\/wp-content\/uploads\/2024\/04\/IMG_2861.jpg\",\"width\":1000,\"height\":1300,\"caption\":\"kilim en oferta\"},{\"@type\":\"BreadcrumbList\",\"@id\":\"https:\/\/kilim-age.com\/es\/producto\/kilim-en-oferta\/#breadcrumb\",\"itemListElement\":[{\"@type\":\"ListItem\",\"position\":1,\"name\":\"Home\",\"item\":\"https:\/\/kilim-age.com\/en\/\"},{\"@type\":\"ListItem\",\"position\":2,\"name\":\"Shop\",\"item\":\"https:\/\/kilim-age.com\/es\/shop\/\"},{\"@type\":\"ListItem\",\"position\":3,\"name\":\"Kilim para pasillo 82&#215;294 cm\"}]},{\"@type\":\"WebSite\",\"@id\":\"https:\/\/kilim-age.com\/en\/#website\",\"url\":\"https:\/\/kilim-age.com\/en\/\",\"name\":\"Kilim-Age\",\"description\":\"Somos especialistas en productos artesanales de Turqu\u00eda como Alfombras, y Kilims\",\"potentialAction\":[{\"@type\":\"SearchAction\",\"target\":{\"@type\":\"EntryPoint\",\"urlTemplate\":\"https:\/\/kilim-age.com\/en\/?s={search_term_string}\"},\"query-input\":{\"@type\":\"PropertyValueSpecification\",\"valueRequired\":true,\"valueName\":\"search_term_string\"}}],\"inLanguage\":\"es\"}]}<\/script>\n<!-- \/ Yoast SEO plugin. -->","yoast_head_json":{"title":"Kilim en Oferta | Kilim-Age | Tienda de Alfombras Kilims precios Outlet","description":"Embellece tu pasillo con la belleza y la artesan\u00eda de nuestro kilim artesanal hecho a mano, ahora disponible en oferta por tiempo limitado.","robots":{"index":"index","follow":"follow","max-snippet":"max-snippet:-1","max-image-preview":"max-image-preview:large","max-video-preview":"max-video-preview:-1"},"canonical":"https:\/\/kilim-age.com\/es\/producto\/kilim-en-oferta\/","og_locale":"es_ES","og_type":"article","og_title":"Kilim en Oferta | Kilim-Age | Tienda de Alfombras Kilims precios Outlet","og_description":"Embellece tu pasillo con la belleza y la artesan\u00eda de nuestro kilim artesanal hecho a mano, ahora disponible en oferta por tiempo limitado.","og_url":"https:\/\/kilim-age.com\/es\/producto\/kilim-en-oferta\/","og_site_name":"Kilim-Age","article_modified_time":"2025-06-14T11:51:32+00:00","og_image":[{"width":1000,"height":1300,"url":"https:\/\/kilim-age.com\/wp-content\/uploads\/2024\/04\/IMG_2861.jpg","type":"image\/jpeg"}],"twitter_card":"summary_large_image","twitter_misc":{"Tiempo de lectura":"2 minutos"},"schema":{"@context":"https:\/\/schema.org","@graph":[{"@type":"WebPage","@id":"https:\/\/kilim-age.com\/es\/producto\/kilim-en-oferta\/","url":"https:\/\/kilim-age.com\/es\/producto\/kilim-en-oferta\/","name":"Kilim en Oferta | Kilim-Age | Tienda de Alfombras Kilims precios Outlet","isPartOf":{"@id":"https:\/\/kilim-age.com\/en\/#website"},"primaryImageOfPage":{"@id":"https:\/\/kilim-age.com\/es\/producto\/kilim-en-oferta\/#primaryimage"},"image":{"@id":"https:\/\/kilim-age.com\/es\/producto\/kilim-en-oferta\/#primaryimage"},"thumbnailUrl":"https:\/\/kilim-age.com\/wp-content\/uploads\/2024\/04\/IMG_2861.jpg","datePublished":"2024-04-22T11:39:08+00:00","dateModified":"2025-06-14T11:51:32+00:00","description":"Embellece tu pasillo con la belleza y la artesan\u00eda de nuestro kilim artesanal hecho a mano, ahora disponible en oferta por tiempo limitado.","breadcrumb":{"@id":"https:\/\/kilim-age.com\/es\/producto\/kilim-en-oferta\/#breadcrumb"},"inLanguage":"es","potentialAction":[{"@type":"ReadAction","target":["https:\/\/kilim-age.com\/es\/producto\/kilim-en-oferta\/"]}]},{"@type":"ImageObject","inLanguage":"es","@id":"https:\/\/kilim-age.com\/es\/producto\/kilim-en-oferta\/#primaryimage","url":"https:\/\/kilim-age.com\/wp-content\/uploads\/2024\/04\/IMG_2861.jpg","contentUrl":"https:\/\/kilim-age.com\/wp-content\/uploads\/2024\/04\/IMG_2861.jpg","width":1000,"height":1300,"caption":"kilim en oferta"},{"@type":"BreadcrumbList","@id":"https:\/\/kilim-age.com\/es\/producto\/kilim-en-oferta\/#breadcrumb","itemListElement":[{"@type":"ListItem","position":1,"name":"Home","item":"https:\/\/kilim-age.com\/en\/"},{"@type":"ListItem","position":2,"name":"Shop","item":"https:\/\/kilim-age.com\/es\/shop\/"},{"@type":"ListItem","position":3,"name":"Kilim para pasillo 82&#215;294 cm"}]},{"@type":"WebSite","@id":"https:\/\/kilim-age.com\/en\/#website","url":"https:\/\/kilim-age.com\/en\/","name":"Kilim-Age","description":"Somos especialistas en productos artesanales de Turqu\u00eda como Alfombras, y Kilims","potentialAction":[{"@type":"SearchAction","target":{"@type":"EntryPoint","urlTemplate":"https:\/\/kilim-age.com\/en\/?s={search_term_string}"},"query-input":{"@type":"PropertyValueSpecification","valueRequired":true,"valueName":"search_term_string"}}],"inLanguage":"es"}]}},"_links":{"self":[{"href":"https:\/\/kilim-age.com\/es\/wp-json\/wp\/v2\/product\/40655","targetHints":{"allow":["GET"]}}],"collection":[{"href":"https:\/\/kilim-age.com\/es\/wp-json\/wp\/v2\/product"}],"about":[{"href":"https:\/\/kilim-age.com\/es\/wp-json\/wp\/v2\/types\/product"}],"replies":[{"embeddable":true,"href":"https:\/\/kilim-age.com\/es\/wp-json\/wp\/v2\/comments?post=40655"}],"wp:featuredmedia":[{"embeddable":true,"href":"https:\/\/kilim-age.com\/es\/wp-json\/wp\/v2\/media\/40656"}],"wp:attachment":[{"href":"https:\/\/kilim-age.com\/es\/wp-json\/wp\/v2\/media?parent=40655"}],"wp:term":[{"taxonomy":"product_brand","embeddable":true,"href":"https:\/\/kilim-age.com\/es\/wp-json\/wp\/v2\/product_brand?post=40655"},{"taxonomy":"product_cat","embeddable":true,"href":"https:\/\/kilim-age.com\/es\/wp-json\/wp\/v2\/product_cat?post=40655"},{"taxonomy":"product_tag","embeddable":true,"href":"https:\/\/kilim-age.com\/es\/wp-json\/wp\/v2\/product_tag?post=40655"}],"curies":[{"name":"wp","href":"https:\/\/api.w.org\/{rel}","templated":true}]}}