{"id":40636,"date":"2024-04-18T19:59:57","date_gmt":"2024-04-18T17:59:57","guid":{"rendered":"https:\/\/kilim-age.com\/?post_type=product&#038;p=40636"},"modified":"2024-05-09T12:52:55","modified_gmt":"2024-05-09T10:52:55","slug":"comprar-kilim-para-salon","status":"publish","type":"product","link":"https:\/\/kilim-age.com\/es\/producto\/comprar-kilim-para-salon\/","title":{"rendered":"KILIM TURCA 212&#215;298 cm"},"content":{"rendered":"<strong>Agrega Color y Calidez a tu Sal\u00f3n con nuestro Kilim Artesanal<\/strong><\/p>\n<p>Transforma tu sal\u00f3n en un espacio acogedor y lleno de estilo con nuestro magn\u00edfico kilim artesanal. Con unas generosas dimensiones de 212&#215;298 cm, este impresionante tapiz es la pieza perfecta para a\u00f1adir un toque de color y personalidad a tu hogar.<\/p>\n<p>El kilim presenta una vibrante combinaci\u00f3n de colores que incluye tonos naranja, azul y amarillo. Estos colores brillantes y llamativos agregan energ\u00eda y vitalidad a tu sal\u00f3n, creando un ambiente alegre y acogedor que invita a la relajaci\u00f3n y la reuni\u00f3n.<\/p>\n<p>Adem\u00e1s de su impactante paleta de colores, este kilim artesanal tambi\u00e9n destaca por su exquisito dise\u00f1o y calidad de fabricaci\u00f3n. Tejido a mano por expertos artesanos utilizando t\u00e9cnicas tradicionales, cada detalle de este tapiz ha sido cuidadosamente elaborado para ofrecerte una pieza \u00fanica y duradera que ser\u00e1 el centro de atenci\u00f3n en tu sal\u00f3n durante a\u00f1os.<\/p>\n<p>Ya sea que lo coloques en el suelo como una elegante alfombra o lo utilices como un impresionante tapiz de pared, este kilim artesanal a\u00f1adir\u00e1 un toque de distinci\u00f3n y estilo a cualquier espacio. Su versatilidad te permite experimentar con diferentes disposiciones y decoraciones para crear el ambiente perfecto en tu hogar.<\/p>\n<p>Transforma tu sal\u00f3n con la calidez y el encanto de nuestro kilim artesanal. Descubre c\u00f3mo esta magn\u00edfica pieza puede convertir tu espacio en un oasis de estilo y comodidad que disfrutar\u00e1s junto a familiares y amigos.","protected":false},"excerpt":{"rendered":"<p>Fabricaci\u00f3n: Hecho a mano<br \/>\nTama\u00f1o: 212 X 298 cm<br \/>\nEstado: Nuevo<br \/>\nOrigen: Kilim turca<br \/>\nMaterial: Lana<br \/>\nGrosor aprox: 1-2 mm<br \/>\nTe\u00f1ido colores naturales.<br \/>\nPlazo de entrega: 2-5 d\u00edas h\u00e1biles en Espa\u00f1a.<br \/>\nEuropa: 5-7 d\u00edas h\u00e1biles, resto de continentes 7-10 d\u00edas.<\/p>\n","protected":false},"featured_media":40637,"comment_status":"open","ping_status":"closed","template":"","meta":[],"product_brand":[],"product_cat":[61,829],"product_tag":[72],"class_list":{"0":"post-40636","1":"product","2":"type-product","3":"status-publish","4":"has-post-thumbnail","6":"product_cat-kilims","7":"product_cat-toda-la-coleccion-kilim","8":"product_tag-kilim","9":"product_shipping_class-kilim-grande","10":"pa_ancho-cm-1006","11":"pa_ancho-cm-1063","12":"pa_color-amarillo","13":"pa_color-azul-clarito","14":"pa_color-naranja","15":"pa_largo-cm-970","16":"pa_largo-cm-952","18":"first","19":"outofstock","20":"sale","21":"sold-individually","22":"taxable","23":"shipping-taxable","24":"purchasable","25":"product-type-simple"},"yoast_head":"<!-- This site is optimized with the Yoast SEO plugin v24.8.1 - https:\/\/yoast.com\/wordpress\/plugins\/seo\/ -->\n<title>Comprar Kilim Para Sal\u00f3n | Kilim-Age | Tienda de Kilim Online Outlet<\/title>\n<meta name=\"description\" content=\"Transforma tu sal\u00f3n en un espacio acogedor y lleno de estilo con nuestro magn\u00edfico kilim artesanal.\" \/>\n<meta name=\"robots\" content=\"index, follow, max-snippet:-1, max-image-preview:large, max-video-preview:-1\" \/>\n<link rel=\"canonical\" href=\"https:\/\/kilim-age.com\/es\/producto\/comprar-kilim-para-salon\/\" \/>\n<meta property=\"og:locale\" content=\"es_ES\" \/>\n<meta property=\"og:type\" content=\"article\" \/>\n<meta property=\"og:title\" content=\"Comprar Kilim Para Sal\u00f3n | Kilim-Age | Tienda de Kilim Online Outlet\" \/>\n<meta property=\"og:description\" content=\"Transforma tu sal\u00f3n en un espacio acogedor y lleno de estilo con nuestro magn\u00edfico kilim artesanal.\" \/>\n<meta property=\"og:url\" content=\"https:\/\/kilim-age.com\/es\/producto\/comprar-kilim-para-salon\/\" \/>\n<meta property=\"og:site_name\" content=\"Kilim-Age\" \/>\n<meta property=\"article:modified_time\" content=\"2024-05-09T10:52:55+00:00\" \/>\n<meta property=\"og:image\" content=\"https:\/\/kilim-age.com\/wp-content\/uploads\/2024\/04\/IMG_21214.jpg\" \/>\n\t<meta property=\"og:image:width\" content=\"1000\" \/>\n\t<meta property=\"og:image:height\" content=\"1300\" \/>\n\t<meta property=\"og:image:type\" content=\"image\/jpeg\" \/>\n<meta name=\"twitter:card\" content=\"summary_large_image\" \/>\n<meta name=\"twitter:label1\" content=\"Tiempo de lectura\" \/>\n\t<meta name=\"twitter:data1\" content=\"2 minutos\" \/>\n<script type=\"application\/ld+json\" class=\"yoast-schema-graph\">{\"@context\":\"https:\/\/schema.org\",\"@graph\":[{\"@type\":\"WebPage\",\"@id\":\"https:\/\/kilim-age.com\/es\/producto\/comprar-kilim-para-salon\/\",\"url\":\"https:\/\/kilim-age.com\/es\/producto\/comprar-kilim-para-salon\/\",\"name\":\"Comprar Kilim Para Sal\u00f3n | Kilim-Age | Tienda de Kilim Online Outlet\",\"isPartOf\":{\"@id\":\"https:\/\/kilim-age.com\/en\/#website\"},\"primaryImageOfPage\":{\"@id\":\"https:\/\/kilim-age.com\/es\/producto\/comprar-kilim-para-salon\/#primaryimage\"},\"image\":{\"@id\":\"https:\/\/kilim-age.com\/es\/producto\/comprar-kilim-para-salon\/#primaryimage\"},\"thumbnailUrl\":\"https:\/\/kilim-age.com\/wp-content\/uploads\/2024\/04\/IMG_21214.jpg\",\"datePublished\":\"2024-04-18T17:59:57+00:00\",\"dateModified\":\"2024-05-09T10:52:55+00:00\",\"description\":\"Transforma tu sal\u00f3n en un espacio acogedor y lleno de estilo con nuestro magn\u00edfico kilim artesanal.\",\"breadcrumb\":{\"@id\":\"https:\/\/kilim-age.com\/es\/producto\/comprar-kilim-para-salon\/#breadcrumb\"},\"inLanguage\":\"es\",\"potentialAction\":[{\"@type\":\"ReadAction\",\"target\":[\"https:\/\/kilim-age.com\/es\/producto\/comprar-kilim-para-salon\/\"]}]},{\"@type\":\"ImageObject\",\"inLanguage\":\"es\",\"@id\":\"https:\/\/kilim-age.com\/es\/producto\/comprar-kilim-para-salon\/#primaryimage\",\"url\":\"https:\/\/kilim-age.com\/wp-content\/uploads\/2024\/04\/IMG_21214.jpg\",\"contentUrl\":\"https:\/\/kilim-age.com\/wp-content\/uploads\/2024\/04\/IMG_21214.jpg\",\"width\":1000,\"height\":1300,\"caption\":\"Comprar Kilim para sal\u00f3n\"},{\"@type\":\"BreadcrumbList\",\"@id\":\"https:\/\/kilim-age.com\/es\/producto\/comprar-kilim-para-salon\/#breadcrumb\",\"itemListElement\":[{\"@type\":\"ListItem\",\"position\":1,\"name\":\"Home\",\"item\":\"https:\/\/kilim-age.com\/en\/\"},{\"@type\":\"ListItem\",\"position\":2,\"name\":\"Shop\",\"item\":\"https:\/\/kilim-age.com\/en\/shop\/\"},{\"@type\":\"ListItem\",\"position\":3,\"name\":\"KILIM TURCA 212&#215;298 cm\"}]},{\"@type\":\"WebSite\",\"@id\":\"https:\/\/kilim-age.com\/en\/#website\",\"url\":\"https:\/\/kilim-age.com\/en\/\",\"name\":\"Kilim-Age\",\"description\":\"Somos especialistas en productos artesanales de Turqu\u00eda como Alfombras, y Kilims\",\"potentialAction\":[{\"@type\":\"SearchAction\",\"target\":{\"@type\":\"EntryPoint\",\"urlTemplate\":\"https:\/\/kilim-age.com\/en\/?s={search_term_string}\"},\"query-input\":{\"@type\":\"PropertyValueSpecification\",\"valueRequired\":true,\"valueName\":\"search_term_string\"}}],\"inLanguage\":\"es\"}]}<\/script>\n<!-- \/ Yoast SEO plugin. -->","yoast_head_json":{"title":"Comprar Kilim Para Sal\u00f3n | Kilim-Age | Tienda de Kilim Online Outlet","description":"Transforma tu sal\u00f3n en un espacio acogedor y lleno de estilo con nuestro magn\u00edfico kilim artesanal.","robots":{"index":"index","follow":"follow","max-snippet":"max-snippet:-1","max-image-preview":"max-image-preview:large","max-video-preview":"max-video-preview:-1"},"canonical":"https:\/\/kilim-age.com\/es\/producto\/comprar-kilim-para-salon\/","og_locale":"es_ES","og_type":"article","og_title":"Comprar Kilim Para Sal\u00f3n | Kilim-Age | Tienda de Kilim Online Outlet","og_description":"Transforma tu sal\u00f3n en un espacio acogedor y lleno de estilo con nuestro magn\u00edfico kilim artesanal.","og_url":"https:\/\/kilim-age.com\/es\/producto\/comprar-kilim-para-salon\/","og_site_name":"Kilim-Age","article_modified_time":"2024-05-09T10:52:55+00:00","og_image":[{"width":1000,"height":1300,"url":"https:\/\/kilim-age.com\/wp-content\/uploads\/2024\/04\/IMG_21214.jpg","type":"image\/jpeg"}],"twitter_card":"summary_large_image","twitter_misc":{"Tiempo de lectura":"2 minutos"},"schema":{"@context":"https:\/\/schema.org","@graph":[{"@type":"WebPage","@id":"https:\/\/kilim-age.com\/es\/producto\/comprar-kilim-para-salon\/","url":"https:\/\/kilim-age.com\/es\/producto\/comprar-kilim-para-salon\/","name":"Comprar Kilim Para Sal\u00f3n | Kilim-Age | Tienda de Kilim Online Outlet","isPartOf":{"@id":"https:\/\/kilim-age.com\/en\/#website"},"primaryImageOfPage":{"@id":"https:\/\/kilim-age.com\/es\/producto\/comprar-kilim-para-salon\/#primaryimage"},"image":{"@id":"https:\/\/kilim-age.com\/es\/producto\/comprar-kilim-para-salon\/#primaryimage"},"thumbnailUrl":"https:\/\/kilim-age.com\/wp-content\/uploads\/2024\/04\/IMG_21214.jpg","datePublished":"2024-04-18T17:59:57+00:00","dateModified":"2024-05-09T10:52:55+00:00","description":"Transforma tu sal\u00f3n en un espacio acogedor y lleno de estilo con nuestro magn\u00edfico kilim artesanal.","breadcrumb":{"@id":"https:\/\/kilim-age.com\/es\/producto\/comprar-kilim-para-salon\/#breadcrumb"},"inLanguage":"es","potentialAction":[{"@type":"ReadAction","target":["https:\/\/kilim-age.com\/es\/producto\/comprar-kilim-para-salon\/"]}]},{"@type":"ImageObject","inLanguage":"es","@id":"https:\/\/kilim-age.com\/es\/producto\/comprar-kilim-para-salon\/#primaryimage","url":"https:\/\/kilim-age.com\/wp-content\/uploads\/2024\/04\/IMG_21214.jpg","contentUrl":"https:\/\/kilim-age.com\/wp-content\/uploads\/2024\/04\/IMG_21214.jpg","width":1000,"height":1300,"caption":"Comprar Kilim para sal\u00f3n"},{"@type":"BreadcrumbList","@id":"https:\/\/kilim-age.com\/es\/producto\/comprar-kilim-para-salon\/#breadcrumb","itemListElement":[{"@type":"ListItem","position":1,"name":"Home","item":"https:\/\/kilim-age.com\/en\/"},{"@type":"ListItem","position":2,"name":"Shop","item":"https:\/\/kilim-age.com\/en\/shop\/"},{"@type":"ListItem","position":3,"name":"KILIM TURCA 212&#215;298 cm"}]},{"@type":"WebSite","@id":"https:\/\/kilim-age.com\/en\/#website","url":"https:\/\/kilim-age.com\/en\/","name":"Kilim-Age","description":"Somos especialistas en productos artesanales de Turqu\u00eda como Alfombras, y Kilims","potentialAction":[{"@type":"SearchAction","target":{"@type":"EntryPoint","urlTemplate":"https:\/\/kilim-age.com\/en\/?s={search_term_string}"},"query-input":{"@type":"PropertyValueSpecification","valueRequired":true,"valueName":"search_term_string"}}],"inLanguage":"es"}]}},"_links":{"self":[{"href":"https:\/\/kilim-age.com\/es\/wp-json\/wp\/v2\/product\/40636","targetHints":{"allow":["GET"]}}],"collection":[{"href":"https:\/\/kilim-age.com\/es\/wp-json\/wp\/v2\/product"}],"about":[{"href":"https:\/\/kilim-age.com\/es\/wp-json\/wp\/v2\/types\/product"}],"replies":[{"embeddable":true,"href":"https:\/\/kilim-age.com\/es\/wp-json\/wp\/v2\/comments?post=40636"}],"wp:featuredmedia":[{"embeddable":true,"href":"https:\/\/kilim-age.com\/es\/wp-json\/wp\/v2\/media\/40637"}],"wp:attachment":[{"href":"https:\/\/kilim-age.com\/es\/wp-json\/wp\/v2\/media?parent=40636"}],"wp:term":[{"taxonomy":"product_brand","embeddable":true,"href":"https:\/\/kilim-age.com\/es\/wp-json\/wp\/v2\/product_brand?post=40636"},{"taxonomy":"product_cat","embeddable":true,"href":"https:\/\/kilim-age.com\/es\/wp-json\/wp\/v2\/product_cat?post=40636"},{"taxonomy":"product_tag","embeddable":true,"href":"https:\/\/kilim-age.com\/es\/wp-json\/wp\/v2\/product_tag?post=40636"}],"curies":[{"name":"wp","href":"https:\/\/api.w.org\/{rel}","templated":true}]}}