{"id":40626,"date":"2024-04-18T18:31:34","date_gmt":"2024-04-18T16:31:34","guid":{"rendered":"https:\/\/kilim-age.com\/?post_type=product&#038;p=40626"},"modified":"2025-07-02T18:22:35","modified_gmt":"2025-07-02T16:22:35","slug":"kilim-moldavia","status":"publish","type":"product","link":"https:\/\/kilim-age.com\/es\/producto\/kilim-moldavia\/","title":{"rendered":"KILIM ROSE MOLDAVIA 176&#215;260 cm"},"content":{"rendered":"<strong>Descubre la Tradici\u00f3n y la Belleza del Kilim de Moldavia<\/strong><\/p>\n<p>Sum\u00e9rgete en la rica historia y tradici\u00f3n artesanal de Moldavia con nuestro impresionante kilim hecho a mano. Originario de esta regi\u00f3n de Europa Oriental, el kilim moldavo es una obra de arte \u00fanica que refleja la rica herencia cultural y el ingenio creativo de sus artesanos.<\/p>\n<p>El kilim moldavo se distingue por sus dise\u00f1os geom\u00e9tricos intrincados y sus vibrantes colores, que a menudo incluyen tonos de negro, rojo y verde claro. Estos colores son una representaci\u00f3n de la rica paleta de la naturaleza moldava y evocan la pasi\u00f3n, la vitalidad y la conexi\u00f3n con la tierra que son caracter\u00edsticas de la cultura local.<\/p>\n<p>Adem\u00e1s de su impresionante est\u00e9tica, el kilim moldavo tambi\u00e9n cuenta una historia. A lo largo de los siglos, estos tapices han sido utilizados como piezas funcionales y decorativas en los hogares moldavos, transmitiendo historias, tradiciones y valores de generaci\u00f3n en generaci\u00f3n.<\/p>\n<p>Cada kilim moldavo es una obra de arte \u00fanica, tejida a mano con habilidad y cuidado por artesanos expertos. Utilizando t\u00e9cnicas tradicionales que han sido perfeccionadas a lo largo del tiempo, estos tapices son verdaderamente un tesoro cultural que merece ser apreciado y preservado.<\/p>\n<p>Agrega un toque de autenticidad y elegancia a tu hogar con nuestro kilim moldavo. Descubre la belleza y la tradici\u00f3n de esta obra de arte \u00fanica mientras transformas tu espacio en un reflejo de la rica cultura y herencia de Moldavia.","protected":false},"excerpt":{"rendered":"<p style=\"text-align: left;\">Fabricaci\u00f3n: Hecho a mano<br \/>\nTama\u00f1o: 176 x 260 cm<br \/>\nEstado: Nuevo<br \/>\nOrigen: Moldavia, la regi\u00f3n de Balcanes<br \/>\nMaterial: Lana y los flecos algod\u00f3n<br \/>\nGrosor aprox: 2-3 mm<br \/>\nLos colores de la alfombra se percibir\u00e1n de formas diferentes dependiendo del \u00e1ngulo de visi\u00f3n<br \/>\nPlazo de entrega:2-5 d\u00edas h\u00e1biles en Espa\u00f1a.<br \/>\nEuropa: 5-7 d\u00edas h\u00e1biles, resto de continentes 7-10 d\u00edas.<\/p>\n","protected":false},"featured_media":40627,"comment_status":"open","ping_status":"closed","template":"","meta":[],"product_brand":[],"product_cat":[61,829],"product_tag":[1075],"class_list":{"0":"post-40626","1":"product","2":"type-product","3":"status-publish","4":"has-post-thumbnail","6":"product_cat-kilims","7":"product_cat-toda-la-coleccion-kilim","8":"product_tag-kilim-moldavia","9":"product_shipping_class-kilim-mediano","10":"pa_ancho-cm-932","11":"pa_ancho-cm-916","12":"pa_color-negro","13":"pa_color-rojo","14":"pa_color-verde-claro","15":"pa_largo-cm-935","16":"pa_largo-cm-961","18":"first","19":"outofstock","20":"sale","21":"sold-individually","22":"taxable","23":"shipping-taxable","24":"purchasable","25":"product-type-simple"},"yoast_head":"<!-- This site is optimized with the Yoast SEO plugin v24.8.1 - https:\/\/yoast.com\/wordpress\/plugins\/seo\/ -->\n<title>Kilim Moldavia Rose | Kilim-Age | Tienda de Kilims Precios Outlet<\/title>\n<meta name=\"description\" content=\"Sum\u00e9rgete en la rica historia y tradici\u00f3n artesanal de Moldavia con nuestro impresionante kilim hecho a mano.\" \/>\n<meta name=\"robots\" content=\"index, follow, max-snippet:-1, max-image-preview:large, max-video-preview:-1\" \/>\n<link rel=\"canonical\" href=\"https:\/\/kilim-age.com\/es\/producto\/kilim-moldavia\/\" \/>\n<meta property=\"og:locale\" content=\"es_ES\" \/>\n<meta property=\"og:type\" content=\"article\" \/>\n<meta property=\"og:title\" content=\"Kilim Moldavia Rose | Kilim-Age | Tienda de Kilims Precios Outlet\" \/>\n<meta property=\"og:description\" content=\"Sum\u00e9rgete en la rica historia y tradici\u00f3n artesanal de Moldavia con nuestro impresionante kilim hecho a mano.\" \/>\n<meta property=\"og:url\" content=\"https:\/\/kilim-age.com\/es\/producto\/kilim-moldavia\/\" \/>\n<meta property=\"og:site_name\" content=\"Kilim-Age\" \/>\n<meta property=\"article:modified_time\" content=\"2025-07-02T16:22:35+00:00\" \/>\n<meta property=\"og:image\" content=\"https:\/\/kilim-age.com\/wp-content\/uploads\/2024\/04\/159.jpg\" \/>\n\t<meta property=\"og:image:width\" content=\"1000\" \/>\n\t<meta property=\"og:image:height\" content=\"1300\" \/>\n\t<meta property=\"og:image:type\" content=\"image\/jpeg\" \/>\n<meta name=\"twitter:card\" content=\"summary_large_image\" \/>\n<meta name=\"twitter:label1\" content=\"Tiempo de lectura\" \/>\n\t<meta name=\"twitter:data1\" content=\"1 minuto\" \/>\n<script type=\"application\/ld+json\" class=\"yoast-schema-graph\">{\"@context\":\"https:\/\/schema.org\",\"@graph\":[{\"@type\":\"WebPage\",\"@id\":\"https:\/\/kilim-age.com\/es\/producto\/kilim-moldavia\/\",\"url\":\"https:\/\/kilim-age.com\/es\/producto\/kilim-moldavia\/\",\"name\":\"Kilim Moldavia Rose | Kilim-Age | Tienda de Kilims Precios Outlet\",\"isPartOf\":{\"@id\":\"https:\/\/kilim-age.com\/en\/#website\"},\"primaryImageOfPage\":{\"@id\":\"https:\/\/kilim-age.com\/es\/producto\/kilim-moldavia\/#primaryimage\"},\"image\":{\"@id\":\"https:\/\/kilim-age.com\/es\/producto\/kilim-moldavia\/#primaryimage\"},\"thumbnailUrl\":\"https:\/\/kilim-age.com\/wp-content\/uploads\/2024\/04\/159.jpg\",\"datePublished\":\"2024-04-18T16:31:34+00:00\",\"dateModified\":\"2025-07-02T16:22:35+00:00\",\"description\":\"Sum\u00e9rgete en la rica historia y tradici\u00f3n artesanal de Moldavia con nuestro impresionante kilim hecho a mano.\",\"breadcrumb\":{\"@id\":\"https:\/\/kilim-age.com\/es\/producto\/kilim-moldavia\/#breadcrumb\"},\"inLanguage\":\"es\",\"potentialAction\":[{\"@type\":\"ReadAction\",\"target\":[\"https:\/\/kilim-age.com\/es\/producto\/kilim-moldavia\/\"]}]},{\"@type\":\"ImageObject\",\"inLanguage\":\"es\",\"@id\":\"https:\/\/kilim-age.com\/es\/producto\/kilim-moldavia\/#primaryimage\",\"url\":\"https:\/\/kilim-age.com\/wp-content\/uploads\/2024\/04\/159.jpg\",\"contentUrl\":\"https:\/\/kilim-age.com\/wp-content\/uploads\/2024\/04\/159.jpg\",\"width\":1000,\"height\":1300,\"caption\":\"Kilim moldavia\"},{\"@type\":\"BreadcrumbList\",\"@id\":\"https:\/\/kilim-age.com\/es\/producto\/kilim-moldavia\/#breadcrumb\",\"itemListElement\":[{\"@type\":\"ListItem\",\"position\":1,\"name\":\"Home\",\"item\":\"https:\/\/kilim-age.com\/en\/\"},{\"@type\":\"ListItem\",\"position\":2,\"name\":\"Shop\",\"item\":\"https:\/\/kilim-age.com\/es\/shop\/\"},{\"@type\":\"ListItem\",\"position\":3,\"name\":\"KILIM ROSE MOLDAVIA 176&#215;260 cm\"}]},{\"@type\":\"WebSite\",\"@id\":\"https:\/\/kilim-age.com\/en\/#website\",\"url\":\"https:\/\/kilim-age.com\/en\/\",\"name\":\"Kilim-Age\",\"description\":\"Somos especialistas en productos artesanales de Turqu\u00eda como Alfombras, y Kilims\",\"potentialAction\":[{\"@type\":\"SearchAction\",\"target\":{\"@type\":\"EntryPoint\",\"urlTemplate\":\"https:\/\/kilim-age.com\/en\/?s={search_term_string}\"},\"query-input\":{\"@type\":\"PropertyValueSpecification\",\"valueRequired\":true,\"valueName\":\"search_term_string\"}}],\"inLanguage\":\"es\"}]}<\/script>\n<!-- \/ Yoast SEO plugin. -->","yoast_head_json":{"title":"Kilim Moldavia Rose | Kilim-Age | Tienda de Kilims Precios Outlet","description":"Sum\u00e9rgete en la rica historia y tradici\u00f3n artesanal de Moldavia con nuestro impresionante kilim hecho a mano.","robots":{"index":"index","follow":"follow","max-snippet":"max-snippet:-1","max-image-preview":"max-image-preview:large","max-video-preview":"max-video-preview:-1"},"canonical":"https:\/\/kilim-age.com\/es\/producto\/kilim-moldavia\/","og_locale":"es_ES","og_type":"article","og_title":"Kilim Moldavia Rose | Kilim-Age | Tienda de Kilims Precios Outlet","og_description":"Sum\u00e9rgete en la rica historia y tradici\u00f3n artesanal de Moldavia con nuestro impresionante kilim hecho a mano.","og_url":"https:\/\/kilim-age.com\/es\/producto\/kilim-moldavia\/","og_site_name":"Kilim-Age","article_modified_time":"2025-07-02T16:22:35+00:00","og_image":[{"width":1000,"height":1300,"url":"https:\/\/kilim-age.com\/wp-content\/uploads\/2024\/04\/159.jpg","type":"image\/jpeg"}],"twitter_card":"summary_large_image","twitter_misc":{"Tiempo de lectura":"1 minuto"},"schema":{"@context":"https:\/\/schema.org","@graph":[{"@type":"WebPage","@id":"https:\/\/kilim-age.com\/es\/producto\/kilim-moldavia\/","url":"https:\/\/kilim-age.com\/es\/producto\/kilim-moldavia\/","name":"Kilim Moldavia Rose | Kilim-Age | Tienda de Kilims Precios Outlet","isPartOf":{"@id":"https:\/\/kilim-age.com\/en\/#website"},"primaryImageOfPage":{"@id":"https:\/\/kilim-age.com\/es\/producto\/kilim-moldavia\/#primaryimage"},"image":{"@id":"https:\/\/kilim-age.com\/es\/producto\/kilim-moldavia\/#primaryimage"},"thumbnailUrl":"https:\/\/kilim-age.com\/wp-content\/uploads\/2024\/04\/159.jpg","datePublished":"2024-04-18T16:31:34+00:00","dateModified":"2025-07-02T16:22:35+00:00","description":"Sum\u00e9rgete en la rica historia y tradici\u00f3n artesanal de Moldavia con nuestro impresionante kilim hecho a mano.","breadcrumb":{"@id":"https:\/\/kilim-age.com\/es\/producto\/kilim-moldavia\/#breadcrumb"},"inLanguage":"es","potentialAction":[{"@type":"ReadAction","target":["https:\/\/kilim-age.com\/es\/producto\/kilim-moldavia\/"]}]},{"@type":"ImageObject","inLanguage":"es","@id":"https:\/\/kilim-age.com\/es\/producto\/kilim-moldavia\/#primaryimage","url":"https:\/\/kilim-age.com\/wp-content\/uploads\/2024\/04\/159.jpg","contentUrl":"https:\/\/kilim-age.com\/wp-content\/uploads\/2024\/04\/159.jpg","width":1000,"height":1300,"caption":"Kilim moldavia"},{"@type":"BreadcrumbList","@id":"https:\/\/kilim-age.com\/es\/producto\/kilim-moldavia\/#breadcrumb","itemListElement":[{"@type":"ListItem","position":1,"name":"Home","item":"https:\/\/kilim-age.com\/en\/"},{"@type":"ListItem","position":2,"name":"Shop","item":"https:\/\/kilim-age.com\/es\/shop\/"},{"@type":"ListItem","position":3,"name":"KILIM ROSE MOLDAVIA 176&#215;260 cm"}]},{"@type":"WebSite","@id":"https:\/\/kilim-age.com\/en\/#website","url":"https:\/\/kilim-age.com\/en\/","name":"Kilim-Age","description":"Somos especialistas en productos artesanales de Turqu\u00eda como Alfombras, y Kilims","potentialAction":[{"@type":"SearchAction","target":{"@type":"EntryPoint","urlTemplate":"https:\/\/kilim-age.com\/en\/?s={search_term_string}"},"query-input":{"@type":"PropertyValueSpecification","valueRequired":true,"valueName":"search_term_string"}}],"inLanguage":"es"}]}},"_links":{"self":[{"href":"https:\/\/kilim-age.com\/es\/wp-json\/wp\/v2\/product\/40626","targetHints":{"allow":["GET"]}}],"collection":[{"href":"https:\/\/kilim-age.com\/es\/wp-json\/wp\/v2\/product"}],"about":[{"href":"https:\/\/kilim-age.com\/es\/wp-json\/wp\/v2\/types\/product"}],"replies":[{"embeddable":true,"href":"https:\/\/kilim-age.com\/es\/wp-json\/wp\/v2\/comments?post=40626"}],"wp:featuredmedia":[{"embeddable":true,"href":"https:\/\/kilim-age.com\/es\/wp-json\/wp\/v2\/media\/40627"}],"wp:attachment":[{"href":"https:\/\/kilim-age.com\/es\/wp-json\/wp\/v2\/media?parent=40626"}],"wp:term":[{"taxonomy":"product_brand","embeddable":true,"href":"https:\/\/kilim-age.com\/es\/wp-json\/wp\/v2\/product_brand?post=40626"},{"taxonomy":"product_cat","embeddable":true,"href":"https:\/\/kilim-age.com\/es\/wp-json\/wp\/v2\/product_cat?post=40626"},{"taxonomy":"product_tag","embeddable":true,"href":"https:\/\/kilim-age.com\/es\/wp-json\/wp\/v2\/product_tag?post=40626"}],"curies":[{"name":"wp","href":"https:\/\/api.w.org\/{rel}","templated":true}]}}