{"id":40592,"date":"2024-04-18T12:56:37","date_gmt":"2024-04-18T10:56:37","guid":{"rendered":"https:\/\/kilim-age.com\/?post_type=product&#038;p=40592"},"modified":"2025-07-11T18:12:56","modified_gmt":"2025-07-11T16:12:56","slug":"kilim-artesanal","status":"publish","type":"product","link":"https:\/\/kilim-age.com\/es\/producto\/kilim-artesanal\/","title":{"rendered":"KILIM 146&#215;186 cm"},"content":{"rendered":"<strong>Embellece tu Hogar con la Elegancia Cl\u00e1sica de un Kilim Artesanal<\/strong><\/p>\n<p>Sum\u00e9rgete en la tradici\u00f3n y la artesan\u00eda con nuestro impresionante Kilim artesanal, una pieza \u00fanica que fusiona la belleza del dise\u00f1o cl\u00e1sico con la autenticidad del trabajo manual. Este kilim, con su dise\u00f1o geom\u00e9trico atemporal, es una obra de arte que agregar\u00e1 car\u00e1cter y estilo a cualquier espacio en tu hogar.<\/p>\n<p>Confeccionado con cuidado y precisi\u00f3n por h\u00e1biles artesanos, este kilim presenta una cenefa exterior en tonos azules que a\u00f1ade un toque de serenidad y frescura. En su interior, el vibrante contraste entre los tonos naranja, crema y azul clarito crea un efecto cautivador que aporta calidez y vitalidad a tu ambiente.<\/p>\n<p>Con unas dimensiones de 146 x186 cm, este kilim es ideal para una variedad de usos en tu hogar. Col\u00f3calo en tu sala de estar como una elegante alfombra que se convierta en el centro de atenci\u00f3n, o \u00fasalo como una llamativa pieza decorativa en tu dormitorio o estudio. Su versatilidad te permite explorar diferentes formas de incorporar esta obra de arte en tu decoraci\u00f3n.<\/p>\n<p>Adem\u00e1s de su belleza est\u00e9tica, este kilim artesanal tambi\u00e9n refleja la <a href=\"https:\/\/kilim-age.com\/es\/historia-patchwork\/\">calidad y la artesan\u00eda<\/a> de su fabricaci\u00f3n. Cada hilo tejido a mano cuenta una historia de dedicaci\u00f3n y maestr\u00eda, lo que garantiza que esta pieza se convierta en un tesoro apreciado en tu hogar durante muchos a\u00f1os.<\/p>\n<p>Embellece tu hogar con la elegancia cl\u00e1sica de nuestro Kilim artesanal. Descubre la magia de su dise\u00f1o geom\u00e9trico y la calidez de sus colores mientras transformas tu espacio en un oasis de estilo y autenticidad.","protected":false},"excerpt":{"rendered":"<p style=\"text-align: left;\">Fabricaci\u00f3n: Hecho a mano<br \/>\nTama\u00f1o: 146 x186 cm<br \/>\nEstado: Nuevo<br \/>\nOrigen: Kilim turca<br \/>\nMaterial: Lana<br \/>\nGrosor aprox: 1-2 mm<br \/>\nTe\u00f1ido colores naturales.<br \/>\nPlazo de entrega: 2-5 d\u00edas h\u00e1biles en Espa\u00f1a.<br \/>\nEuropa: 5-7 d\u00edas h\u00e1biles, resto de continentes 7-10 d\u00edas.<\/p>\n","protected":false},"featured_media":41497,"comment_status":"open","ping_status":"closed","template":"","meta":[],"product_brand":[],"product_cat":[61,829],"product_tag":[73],"class_list":{"0":"post-40592","1":"product","2":"type-product","3":"status-publish","4":"has-post-thumbnail","6":"product_cat-kilims","7":"product_cat-toda-la-coleccion-kilim","8":"product_tag-anatolian-kilim","9":"product_shipping_class-kilim-mediano","10":"pa_ancho-cm-1049","11":"pa_ancho-cm-1012","12":"pa_color-azul","13":"pa_color-beige","14":"pa_color-naranja","15":"pa_largo-cm-977","16":"pa_largo-cm-885","18":"first","19":"instock","20":"sale","21":"sold-individually","22":"taxable","23":"shipping-taxable","24":"purchasable","25":"product-type-simple"},"yoast_head":"<!-- This site is optimized with the Yoast SEO plugin v24.8.1 - https:\/\/yoast.com\/wordpress\/plugins\/seo\/ -->\n<title>Kilim Artesanal | Kilim-Age | Tienda de alfombras y Kilim Online<\/title>\n<meta name=\"description\" content=\"Sum\u00e9rgete en la tradici\u00f3n y la artesan\u00eda con nuestro impresionante Kilim artesanal, una pieza \u00fanica que fusiona la belleza del dise\u00f1o cl\u00e1sico\" \/>\n<meta name=\"robots\" content=\"index, follow, max-snippet:-1, max-image-preview:large, max-video-preview:-1\" \/>\n<link rel=\"canonical\" href=\"https:\/\/kilim-age.com\/es\/producto\/kilim-artesanal\/\" \/>\n<meta property=\"og:locale\" content=\"es_ES\" \/>\n<meta property=\"og:type\" content=\"article\" \/>\n<meta property=\"og:title\" content=\"Kilim Artesanal | Kilim-Age | Tienda de alfombras y Kilim Online\" \/>\n<meta property=\"og:description\" content=\"Sum\u00e9rgete en la tradici\u00f3n y la artesan\u00eda con nuestro impresionante Kilim artesanal, una pieza \u00fanica que fusiona la belleza del dise\u00f1o cl\u00e1sico\" \/>\n<meta property=\"og:url\" content=\"https:\/\/kilim-age.com\/en\/producto\/kilim-artesanal\/\" \/>\n<meta property=\"og:site_name\" content=\"Kilim-Age\" \/>\n<meta property=\"article:modified_time\" content=\"2025-07-11T16:12:56+00:00\" \/>\n<meta property=\"og:image\" content=\"https:\/\/kilim-age.com\/wp-content\/uploads\/2024\/04\/KA3207.jpg\" \/>\n\t<meta property=\"og:image:width\" content=\"1000\" \/>\n\t<meta property=\"og:image:height\" content=\"1300\" \/>\n\t<meta property=\"og:image:type\" content=\"image\/jpeg\" \/>\n<meta name=\"twitter:card\" content=\"summary_large_image\" \/>\n<meta name=\"twitter:label1\" content=\"Tiempo de lectura\" \/>\n\t<meta name=\"twitter:data1\" content=\"2 minutos\" \/>\n<script type=\"application\/ld+json\" class=\"yoast-schema-graph\">{\"@context\":\"https:\/\/schema.org\",\"@graph\":[{\"@type\":\"WebPage\",\"@id\":\"https:\/\/kilim-age.com\/en\/producto\/kilim-artesanal\/\",\"url\":\"https:\/\/kilim-age.com\/en\/producto\/kilim-artesanal\/\",\"name\":\"Kilim Artesanal | Kilim-Age | Tienda de alfombras y Kilim Online\",\"isPartOf\":{\"@id\":\"https:\/\/kilim-age.com\/en\/#website\"},\"primaryImageOfPage\":{\"@id\":\"https:\/\/kilim-age.com\/en\/producto\/kilim-artesanal\/#primaryimage\"},\"image\":{\"@id\":\"https:\/\/kilim-age.com\/en\/producto\/kilim-artesanal\/#primaryimage\"},\"thumbnailUrl\":\"https:\/\/kilim-age.com\/wp-content\/uploads\/2024\/04\/KA3207.jpg\",\"datePublished\":\"2024-04-18T10:56:37+00:00\",\"dateModified\":\"2025-07-11T16:12:56+00:00\",\"description\":\"Sum\u00e9rgete en la tradici\u00f3n y la artesan\u00eda con nuestro impresionante Kilim artesanal, una pieza \u00fanica que fusiona la belleza del dise\u00f1o cl\u00e1sico\",\"breadcrumb\":{\"@id\":\"https:\/\/kilim-age.com\/en\/producto\/kilim-artesanal\/#breadcrumb\"},\"inLanguage\":\"es\",\"potentialAction\":[{\"@type\":\"ReadAction\",\"target\":[\"https:\/\/kilim-age.com\/en\/producto\/kilim-artesanal\/\"]}]},{\"@type\":\"ImageObject\",\"inLanguage\":\"es\",\"@id\":\"https:\/\/kilim-age.com\/en\/producto\/kilim-artesanal\/#primaryimage\",\"url\":\"https:\/\/kilim-age.com\/wp-content\/uploads\/2024\/04\/KA3207.jpg\",\"contentUrl\":\"https:\/\/kilim-age.com\/wp-content\/uploads\/2024\/04\/KA3207.jpg\",\"width\":1000,\"height\":1300},{\"@type\":\"BreadcrumbList\",\"@id\":\"https:\/\/kilim-age.com\/en\/producto\/kilim-artesanal\/#breadcrumb\",\"itemListElement\":[{\"@type\":\"ListItem\",\"position\":1,\"name\":\"Home\",\"item\":\"https:\/\/kilim-age.com\/en\/\"},{\"@type\":\"ListItem\",\"position\":2,\"name\":\"Shop\",\"item\":\"https:\/\/kilim-age.com\/es\/shop\/\"},{\"@type\":\"ListItem\",\"position\":3,\"name\":\"KILIM 146&#215;186 cm\"}]},{\"@type\":\"WebSite\",\"@id\":\"https:\/\/kilim-age.com\/en\/#website\",\"url\":\"https:\/\/kilim-age.com\/en\/\",\"name\":\"Kilim-Age\",\"description\":\"Somos especialistas en productos artesanales de Turqu\u00eda como Alfombras, y Kilims\",\"potentialAction\":[{\"@type\":\"SearchAction\",\"target\":{\"@type\":\"EntryPoint\",\"urlTemplate\":\"https:\/\/kilim-age.com\/en\/?s={search_term_string}\"},\"query-input\":{\"@type\":\"PropertyValueSpecification\",\"valueRequired\":true,\"valueName\":\"search_term_string\"}}],\"inLanguage\":\"es\"}]}<\/script>\n<!-- \/ Yoast SEO plugin. -->","yoast_head_json":{"title":"Kilim Artesanal | Kilim-Age | Tienda de alfombras y Kilim Online","description":"Sum\u00e9rgete en la tradici\u00f3n y la artesan\u00eda con nuestro impresionante Kilim artesanal, una pieza \u00fanica que fusiona la belleza del dise\u00f1o cl\u00e1sico","robots":{"index":"index","follow":"follow","max-snippet":"max-snippet:-1","max-image-preview":"max-image-preview:large","max-video-preview":"max-video-preview:-1"},"canonical":"https:\/\/kilim-age.com\/es\/producto\/kilim-artesanal\/","og_locale":"es_ES","og_type":"article","og_title":"Kilim Artesanal | Kilim-Age | Tienda de alfombras y Kilim Online","og_description":"Sum\u00e9rgete en la tradici\u00f3n y la artesan\u00eda con nuestro impresionante Kilim artesanal, una pieza \u00fanica que fusiona la belleza del dise\u00f1o cl\u00e1sico","og_url":"https:\/\/kilim-age.com\/en\/producto\/kilim-artesanal\/","og_site_name":"Kilim-Age","article_modified_time":"2025-07-11T16:12:56+00:00","og_image":[{"width":1000,"height":1300,"url":"https:\/\/kilim-age.com\/wp-content\/uploads\/2024\/04\/KA3207.jpg","type":"image\/jpeg"}],"twitter_card":"summary_large_image","twitter_misc":{"Tiempo de lectura":"2 minutos"},"schema":{"@context":"https:\/\/schema.org","@graph":[{"@type":"WebPage","@id":"https:\/\/kilim-age.com\/en\/producto\/kilim-artesanal\/","url":"https:\/\/kilim-age.com\/en\/producto\/kilim-artesanal\/","name":"Kilim Artesanal | Kilim-Age | Tienda de alfombras y Kilim Online","isPartOf":{"@id":"https:\/\/kilim-age.com\/en\/#website"},"primaryImageOfPage":{"@id":"https:\/\/kilim-age.com\/en\/producto\/kilim-artesanal\/#primaryimage"},"image":{"@id":"https:\/\/kilim-age.com\/en\/producto\/kilim-artesanal\/#primaryimage"},"thumbnailUrl":"https:\/\/kilim-age.com\/wp-content\/uploads\/2024\/04\/KA3207.jpg","datePublished":"2024-04-18T10:56:37+00:00","dateModified":"2025-07-11T16:12:56+00:00","description":"Sum\u00e9rgete en la tradici\u00f3n y la artesan\u00eda con nuestro impresionante Kilim artesanal, una pieza \u00fanica que fusiona la belleza del dise\u00f1o cl\u00e1sico","breadcrumb":{"@id":"https:\/\/kilim-age.com\/en\/producto\/kilim-artesanal\/#breadcrumb"},"inLanguage":"es","potentialAction":[{"@type":"ReadAction","target":["https:\/\/kilim-age.com\/en\/producto\/kilim-artesanal\/"]}]},{"@type":"ImageObject","inLanguage":"es","@id":"https:\/\/kilim-age.com\/en\/producto\/kilim-artesanal\/#primaryimage","url":"https:\/\/kilim-age.com\/wp-content\/uploads\/2024\/04\/KA3207.jpg","contentUrl":"https:\/\/kilim-age.com\/wp-content\/uploads\/2024\/04\/KA3207.jpg","width":1000,"height":1300},{"@type":"BreadcrumbList","@id":"https:\/\/kilim-age.com\/en\/producto\/kilim-artesanal\/#breadcrumb","itemListElement":[{"@type":"ListItem","position":1,"name":"Home","item":"https:\/\/kilim-age.com\/en\/"},{"@type":"ListItem","position":2,"name":"Shop","item":"https:\/\/kilim-age.com\/es\/shop\/"},{"@type":"ListItem","position":3,"name":"KILIM 146&#215;186 cm"}]},{"@type":"WebSite","@id":"https:\/\/kilim-age.com\/en\/#website","url":"https:\/\/kilim-age.com\/en\/","name":"Kilim-Age","description":"Somos especialistas en productos artesanales de Turqu\u00eda como Alfombras, y Kilims","potentialAction":[{"@type":"SearchAction","target":{"@type":"EntryPoint","urlTemplate":"https:\/\/kilim-age.com\/en\/?s={search_term_string}"},"query-input":{"@type":"PropertyValueSpecification","valueRequired":true,"valueName":"search_term_string"}}],"inLanguage":"es"}]}},"_links":{"self":[{"href":"https:\/\/kilim-age.com\/es\/wp-json\/wp\/v2\/product\/40592","targetHints":{"allow":["GET"]}}],"collection":[{"href":"https:\/\/kilim-age.com\/es\/wp-json\/wp\/v2\/product"}],"about":[{"href":"https:\/\/kilim-age.com\/es\/wp-json\/wp\/v2\/types\/product"}],"replies":[{"embeddable":true,"href":"https:\/\/kilim-age.com\/es\/wp-json\/wp\/v2\/comments?post=40592"}],"wp:featuredmedia":[{"embeddable":true,"href":"https:\/\/kilim-age.com\/es\/wp-json\/wp\/v2\/media\/41497"}],"wp:attachment":[{"href":"https:\/\/kilim-age.com\/es\/wp-json\/wp\/v2\/media?parent=40592"}],"wp:term":[{"taxonomy":"product_brand","embeddable":true,"href":"https:\/\/kilim-age.com\/es\/wp-json\/wp\/v2\/product_brand?post=40592"},{"taxonomy":"product_cat","embeddable":true,"href":"https:\/\/kilim-age.com\/es\/wp-json\/wp\/v2\/product_cat?post=40592"},{"taxonomy":"product_tag","embeddable":true,"href":"https:\/\/kilim-age.com\/es\/wp-json\/wp\/v2\/product_tag?post=40592"}],"curies":[{"name":"wp","href":"https:\/\/api.w.org\/{rel}","templated":true}]}}