{"id":40563,"date":"2024-04-17T18:23:10","date_gmt":"2024-04-17T16:23:10","guid":{"rendered":"https:\/\/kilim-age.com\/?post_type=product&#038;p=40563"},"modified":"2025-08-27T12:18:21","modified_gmt":"2025-08-27T10:18:21","slug":"kilim-afgano","status":"publish","type":"product","link":"https:\/\/kilim-age.com\/es\/producto\/kilim-afgano\/","title":{"rendered":"KILIM 64&#215;194 cm"},"content":{"rendered":"<strong>Descubre la Autenticidad del Kilim turco: Arte y Tradici\u00f3n en tu Hogar<\/strong><\/p>\n<p>Sum\u00e9rgete en la rica cultura y tradici\u00f3n de Turqu\u00eda con nuestros impresionantes Kilims Afganos. Cada uno de estos magn\u00edficos tapices cuenta una historia de habilidad artesanal y belleza atemporal, transmitida a trav\u00e9s de generaciones.<\/p>\n<p>El Kilim turco es m\u00e1s que una simple pieza de decoraci\u00f3n; es un v\u00ednculo con la rica historia y el patrimonio cultural de Turqu\u00eda. Hechos a mano por expertos artesanos utilizando t\u00e9cnicas tradicionales transmitidas de padres a hijos, cada Kilim Afgano es una obra maestra \u00fanica que refleja la creatividad y el ingenio de su pueblo.<\/p>\n<p>Con una variedad de dise\u00f1os geom\u00e9tricos y coloridos, los Kilims turcos son una forma maravillosa de agregar un toque de autenticidad y elegancia a cualquier espacio en tu hogar. Ya sea que los coloques en el suelo como una elegante alfombra o los cuelgues en la pared como un impresionante tapiz, estos kilims seguramente ser\u00e1n el centro de atenci\u00f3n en cualquier habitaci\u00f3n.<\/p>\n<p>Nuestra colecci\u00f3n de Kilims turcos presenta una amplia variedad de tama\u00f1os, <a href=\"https:\/\/kilim-age.com\/es\/colocar-alfombra-vintage-en-tu-salon\/\">dise\u00f1os y colores<\/a> para que puedas encontrar el que mejor se adapte a tus gustos y necesidades. Desde los vibrantes rojos y azules hasta los suaves tonos tierra, cada Kilim turco cuenta una historia \u00fanica que seguramente a\u00f1adir\u00e1 calidez y car\u00e1cter a tu hogar.<\/p>\n<p>Descubre la belleza y la autenticidad del Kilim turco y lleva un pedazo de la historia de Turquia a tu hogar hoy mismo. Explora nuestra colecci\u00f3n y encuentra el Kilim perfecto para ti.","protected":false},"excerpt":{"rendered":"<p>Fabricaci\u00f3n: Hecho a mano<br \/>\nTama\u00f1o: 64 X 194 cm<br \/>\nEstado: Nuevo<br \/>\nOrigen: Kilim turca<br \/>\nMaterial: Lana<br \/>\nGrosor aprox: 1-2 mm<br \/>\nTe\u00f1ido colores naturales.<br \/>\nPlazo de entrega: 2-5 d\u00edas h\u00e1biles en Espa\u00f1a.<br \/>\nEuropa: 5-7 d\u00edas h\u00e1biles, resto de continentes 7-10 d\u00edas.<\/p>\n","protected":false},"featured_media":40564,"comment_status":"open","ping_status":"closed","template":"","meta":[],"product_brand":[],"product_cat":[61,829,783],"product_tag":[72],"class_list":{"0":"post-40563","1":"product","2":"type-product","3":"status-publish","4":"has-post-thumbnail","6":"product_cat-kilims","7":"product_cat-toda-la-coleccion-kilim","8":"product_cat-kilim-pasilleros","9":"product_tag-kilim","10":"pa_ancho-cm-1041","11":"pa_ancho-cm-985","12":"pa_color-naranja","13":"pa_color-verde","14":"pa_largo-cm-1050","15":"pa_largo-cm-1017","17":"first","18":"outofstock","19":"sold-individually","20":"taxable","21":"shipping-taxable","22":"purchasable","23":"product-type-simple"},"yoast_head":"<!-- This site is optimized with the Yoast SEO plugin v24.8.1 - https:\/\/yoast.com\/wordpress\/plugins\/seo\/ -->\n<title>Kilim turco | Kilim-Age | Tienda Online Rebajas hasta 50%<\/title>\n<meta name=\"description\" content=\"El Kilim turco es m\u00e1s que una simple pieza de decoraci\u00f3n; es un v\u00ednculo con la rica historia y el patrimonio cultural de Afganist\u00e1n.\" \/>\n<meta name=\"robots\" content=\"index, follow, max-snippet:-1, max-image-preview:large, max-video-preview:-1\" \/>\n<link rel=\"canonical\" href=\"https:\/\/kilim-age.com\/es\/producto\/kilim-afgano\/\" \/>\n<meta property=\"og:locale\" content=\"es_ES\" \/>\n<meta property=\"og:type\" content=\"article\" \/>\n<meta property=\"og:title\" content=\"Kilim turco | Kilim-Age | Tienda Online Rebajas hasta 50%\" \/>\n<meta property=\"og:description\" content=\"El Kilim turco es m\u00e1s que una simple pieza de decoraci\u00f3n; es un v\u00ednculo con la rica historia y el patrimonio cultural de Afganist\u00e1n.\" \/>\n<meta property=\"og:url\" content=\"https:\/\/kilim-age.com\/es\/producto\/kilim-afgano\/\" \/>\n<meta property=\"og:site_name\" content=\"Kilim-Age\" \/>\n<meta property=\"article:modified_time\" content=\"2025-08-27T10:18:21+00:00\" \/>\n<meta property=\"og:image\" content=\"https:\/\/kilim-age.com\/wp-content\/uploads\/2024\/04\/IMG_20177.jpg\" \/>\n\t<meta property=\"og:image:width\" content=\"1000\" \/>\n\t<meta property=\"og:image:height\" content=\"1300\" \/>\n\t<meta property=\"og:image:type\" content=\"image\/jpeg\" \/>\n<meta name=\"twitter:card\" content=\"summary_large_image\" \/>\n<meta name=\"twitter:label1\" content=\"Tiempo de lectura\" \/>\n\t<meta name=\"twitter:data1\" content=\"2 minutos\" \/>\n<script type=\"application\/ld+json\" class=\"yoast-schema-graph\">{\"@context\":\"https:\/\/schema.org\",\"@graph\":[{\"@type\":\"WebPage\",\"@id\":\"https:\/\/kilim-age.com\/es\/producto\/kilim-afgano\/\",\"url\":\"https:\/\/kilim-age.com\/es\/producto\/kilim-afgano\/\",\"name\":\"Kilim turco | Kilim-Age | Tienda Online Rebajas hasta 50%\",\"isPartOf\":{\"@id\":\"https:\/\/kilim-age.com\/en\/#website\"},\"primaryImageOfPage\":{\"@id\":\"https:\/\/kilim-age.com\/es\/producto\/kilim-afgano\/#primaryimage\"},\"image\":{\"@id\":\"https:\/\/kilim-age.com\/es\/producto\/kilim-afgano\/#primaryimage\"},\"thumbnailUrl\":\"https:\/\/kilim-age.com\/wp-content\/uploads\/2024\/04\/IMG_20177.jpg\",\"datePublished\":\"2024-04-17T16:23:10+00:00\",\"dateModified\":\"2025-08-27T10:18:21+00:00\",\"description\":\"El Kilim turco es m\u00e1s que una simple pieza de decoraci\u00f3n; es un v\u00ednculo con la rica historia y el patrimonio cultural de Afganist\u00e1n.\",\"breadcrumb\":{\"@id\":\"https:\/\/kilim-age.com\/es\/producto\/kilim-afgano\/#breadcrumb\"},\"inLanguage\":\"es\",\"potentialAction\":[{\"@type\":\"ReadAction\",\"target\":[\"https:\/\/kilim-age.com\/es\/producto\/kilim-afgano\/\"]}]},{\"@type\":\"ImageObject\",\"inLanguage\":\"es\",\"@id\":\"https:\/\/kilim-age.com\/es\/producto\/kilim-afgano\/#primaryimage\",\"url\":\"https:\/\/kilim-age.com\/wp-content\/uploads\/2024\/04\/IMG_20177.jpg\",\"contentUrl\":\"https:\/\/kilim-age.com\/wp-content\/uploads\/2024\/04\/IMG_20177.jpg\",\"width\":1000,\"height\":1300,\"caption\":\"kilim afgano\"},{\"@type\":\"BreadcrumbList\",\"@id\":\"https:\/\/kilim-age.com\/es\/producto\/kilim-afgano\/#breadcrumb\",\"itemListElement\":[{\"@type\":\"ListItem\",\"position\":1,\"name\":\"Home\",\"item\":\"https:\/\/kilim-age.com\/en\/\"},{\"@type\":\"ListItem\",\"position\":2,\"name\":\"Shop\",\"item\":\"https:\/\/kilim-age.com\/es\/shop\/\"},{\"@type\":\"ListItem\",\"position\":3,\"name\":\"KILIM 64&#215;194 cm\"}]},{\"@type\":\"WebSite\",\"@id\":\"https:\/\/kilim-age.com\/en\/#website\",\"url\":\"https:\/\/kilim-age.com\/en\/\",\"name\":\"Kilim-Age\",\"description\":\"Somos especialistas en productos artesanales de Turqu\u00eda como Alfombras, y Kilims\",\"potentialAction\":[{\"@type\":\"SearchAction\",\"target\":{\"@type\":\"EntryPoint\",\"urlTemplate\":\"https:\/\/kilim-age.com\/en\/?s={search_term_string}\"},\"query-input\":{\"@type\":\"PropertyValueSpecification\",\"valueRequired\":true,\"valueName\":\"search_term_string\"}}],\"inLanguage\":\"es\"}]}<\/script>\n<!-- \/ Yoast SEO plugin. -->","yoast_head_json":{"title":"Kilim turco | Kilim-Age | Tienda Online Rebajas hasta 50%","description":"El Kilim turco es m\u00e1s que una simple pieza de decoraci\u00f3n; es un v\u00ednculo con la rica historia y el patrimonio cultural de Afganist\u00e1n.","robots":{"index":"index","follow":"follow","max-snippet":"max-snippet:-1","max-image-preview":"max-image-preview:large","max-video-preview":"max-video-preview:-1"},"canonical":"https:\/\/kilim-age.com\/es\/producto\/kilim-afgano\/","og_locale":"es_ES","og_type":"article","og_title":"Kilim turco | Kilim-Age | Tienda Online Rebajas hasta 50%","og_description":"El Kilim turco es m\u00e1s que una simple pieza de decoraci\u00f3n; es un v\u00ednculo con la rica historia y el patrimonio cultural de Afganist\u00e1n.","og_url":"https:\/\/kilim-age.com\/es\/producto\/kilim-afgano\/","og_site_name":"Kilim-Age","article_modified_time":"2025-08-27T10:18:21+00:00","og_image":[{"width":1000,"height":1300,"url":"https:\/\/kilim-age.com\/wp-content\/uploads\/2024\/04\/IMG_20177.jpg","type":"image\/jpeg"}],"twitter_card":"summary_large_image","twitter_misc":{"Tiempo de lectura":"2 minutos"},"schema":{"@context":"https:\/\/schema.org","@graph":[{"@type":"WebPage","@id":"https:\/\/kilim-age.com\/es\/producto\/kilim-afgano\/","url":"https:\/\/kilim-age.com\/es\/producto\/kilim-afgano\/","name":"Kilim turco | Kilim-Age | Tienda Online Rebajas hasta 50%","isPartOf":{"@id":"https:\/\/kilim-age.com\/en\/#website"},"primaryImageOfPage":{"@id":"https:\/\/kilim-age.com\/es\/producto\/kilim-afgano\/#primaryimage"},"image":{"@id":"https:\/\/kilim-age.com\/es\/producto\/kilim-afgano\/#primaryimage"},"thumbnailUrl":"https:\/\/kilim-age.com\/wp-content\/uploads\/2024\/04\/IMG_20177.jpg","datePublished":"2024-04-17T16:23:10+00:00","dateModified":"2025-08-27T10:18:21+00:00","description":"El Kilim turco es m\u00e1s que una simple pieza de decoraci\u00f3n; es un v\u00ednculo con la rica historia y el patrimonio cultural de Afganist\u00e1n.","breadcrumb":{"@id":"https:\/\/kilim-age.com\/es\/producto\/kilim-afgano\/#breadcrumb"},"inLanguage":"es","potentialAction":[{"@type":"ReadAction","target":["https:\/\/kilim-age.com\/es\/producto\/kilim-afgano\/"]}]},{"@type":"ImageObject","inLanguage":"es","@id":"https:\/\/kilim-age.com\/es\/producto\/kilim-afgano\/#primaryimage","url":"https:\/\/kilim-age.com\/wp-content\/uploads\/2024\/04\/IMG_20177.jpg","contentUrl":"https:\/\/kilim-age.com\/wp-content\/uploads\/2024\/04\/IMG_20177.jpg","width":1000,"height":1300,"caption":"kilim afgano"},{"@type":"BreadcrumbList","@id":"https:\/\/kilim-age.com\/es\/producto\/kilim-afgano\/#breadcrumb","itemListElement":[{"@type":"ListItem","position":1,"name":"Home","item":"https:\/\/kilim-age.com\/en\/"},{"@type":"ListItem","position":2,"name":"Shop","item":"https:\/\/kilim-age.com\/es\/shop\/"},{"@type":"ListItem","position":3,"name":"KILIM 64&#215;194 cm"}]},{"@type":"WebSite","@id":"https:\/\/kilim-age.com\/en\/#website","url":"https:\/\/kilim-age.com\/en\/","name":"Kilim-Age","description":"Somos especialistas en productos artesanales de Turqu\u00eda como Alfombras, y Kilims","potentialAction":[{"@type":"SearchAction","target":{"@type":"EntryPoint","urlTemplate":"https:\/\/kilim-age.com\/en\/?s={search_term_string}"},"query-input":{"@type":"PropertyValueSpecification","valueRequired":true,"valueName":"search_term_string"}}],"inLanguage":"es"}]}},"_links":{"self":[{"href":"https:\/\/kilim-age.com\/es\/wp-json\/wp\/v2\/product\/40563","targetHints":{"allow":["GET"]}}],"collection":[{"href":"https:\/\/kilim-age.com\/es\/wp-json\/wp\/v2\/product"}],"about":[{"href":"https:\/\/kilim-age.com\/es\/wp-json\/wp\/v2\/types\/product"}],"replies":[{"embeddable":true,"href":"https:\/\/kilim-age.com\/es\/wp-json\/wp\/v2\/comments?post=40563"}],"wp:featuredmedia":[{"embeddable":true,"href":"https:\/\/kilim-age.com\/es\/wp-json\/wp\/v2\/media\/40564"}],"wp:attachment":[{"href":"https:\/\/kilim-age.com\/es\/wp-json\/wp\/v2\/media?parent=40563"}],"wp:term":[{"taxonomy":"product_brand","embeddable":true,"href":"https:\/\/kilim-age.com\/es\/wp-json\/wp\/v2\/product_brand?post=40563"},{"taxonomy":"product_cat","embeddable":true,"href":"https:\/\/kilim-age.com\/es\/wp-json\/wp\/v2\/product_cat?post=40563"},{"taxonomy":"product_tag","embeddable":true,"href":"https:\/\/kilim-age.com\/es\/wp-json\/wp\/v2\/product_tag?post=40563"}],"curies":[{"name":"wp","href":"https:\/\/api.w.org\/{rel}","templated":true}]}}