{"id":33798,"date":"2023-03-21T13:27:41","date_gmt":"2023-03-21T12:27:41","guid":{"rendered":"http:\/\/kilim-age.com\/?post_type=product&#038;p=33798"},"modified":"2023-11-13T18:00:14","modified_gmt":"2023-11-13T17:00:14","slug":"tienda-de-kilim","status":"publish","type":"product","link":"https:\/\/kilim-age.com\/es\/producto\/tienda-de-kilim\/","title":{"rendered":"KILIM TURCA 197 x 201 cm"},"content":{"rendered":"<h1><span style=\"font-size: 75%;\">TIENDA DE KILIM<\/span><\/h1>\n<p>\u00bfEstas buscando una tienda de KILIM? En Kilim-Age disponemos los mejores kilims de Turqu\u00eda.<\/p>\n<p>Este nuevo kilim turca con colores vivos con las medidas de 197 x 201cm es ideal para crear un ambiente fresco y agradable en tu hogar.<\/p>\n<h2><span style=\"font-size: 80%;\">\u00bfQUE ES KILIM?<\/span><\/h2>\n<p>Se les denomina as\u00ed a los tapetes o alfombras planas, sin pelo ni nudos, tejidas a mano con lana. Nacieron hace unos 3.500 a\u00f1os en Asia Central, desde donde se fueron extendiendo hacia Europa Oriental, \u00c1frica del Norte y m\u00e1s tarde Europa Occidental. Son consideradas, por tanto, las alfombras m\u00e1s antiguas del mundo.<\/p>\n<p>Se caracterizan por sus dibujos geom\u00e9tricos con colores vivos obtenidos gracias a tinturas naturales. El kilim es, b\u00e1sicamente, el esqueleto de la alfombra, pero sin los nudos, los hilos verticales (urdimbre) cruzados con los hilos horizontales (trama) pero sin poner nudos y por lo tanto no tiene pelo, sino que se trata \u00fanicamente de un tejido con dibujos. Este hecho es, al mismo tiempo, su principal ventaja por un lado pesa poco, es liviana y nos transmite una imagen fresca y ligera.<\/p>\n<h3><span style=\"font-size: 85%;\">SOBRE LOS COLORES<\/span><\/h3>\n<p>Los kilims de\u00a0<a href=\"https:\/\/elpais.com\/planeta-futuro\/2022-01-15\/los-ultimos-nomadas-de-la-anatolia.html\">Anatolia<\/a>\u00a0(una regi\u00f3n turca) son bien conocidos por su calidad, belleza y la diversidad de sus colores. Los diferentes colores naturales provienen de diferentes plantas o minerales.<\/p>\n<p>Estos colores fueron producidos con m\u00e9todos tradicionales, por decocci\u00f3n, maceraci\u00f3n y otros procesos.<\/p>\n<p>LOS MOTIVOS<\/p>\n<p>Cada motivo proviene de un s\u00edmbolo con numerosas formas. Casi siempre son figuras abstractas, geom\u00e9tricas o animales estilizados como motivos primitivos. Estos s\u00edmbolos de origen n\u00f3mada son la expresi\u00f3n de creencias y supersticiones. Los motivos cambian seg\u00fan las tribus y los pueblos. Esto permite determinar el origen geogr\u00e1fico o el grupo \u00e9tnico en el origen de cada kilim.<\/p>\n<p>Cada composici\u00f3n es obra de un tejedor particular cuyo estilo e inspiraci\u00f3n proviene de su familia y de las tradiciones del pueblo.","protected":false},"excerpt":{"rendered":"<p>Fabricaci\u00f3n: Hecho a mano<br \/>\nTama\u00f1o: 197 X 201cm<br \/>\nEstado: Nuevo<br \/>\nOrigen: Kilim turca, centro de Anatolia<br \/>\nMaterial: Lana<br \/>\nGrosor aprox: 1-2 mm<br \/>\nTe\u00f1ido colores naturales.<br \/>\nPlazo de entrega: 2-5 d\u00edas h\u00e1biles en Espa\u00f1a.<br \/>\nEuropa: 5-7 d\u00edas h\u00e1biles, resto de continentes 7-10 d\u00edas.<\/p>\n","protected":false},"featured_media":33799,"comment_status":"open","ping_status":"closed","template":"","meta":[],"product_brand":[],"product_cat":[61,829],"product_tag":[74],"class_list":{"0":"post-33798","1":"product","2":"type-product","3":"status-publish","4":"has-post-thumbnail","6":"product_cat-kilims","7":"product_cat-toda-la-coleccion-kilim","8":"product_tag-kilim-turca","9":"product_shipping_class-kilim-grande","10":"pa_ancho-cm-875","11":"pa_color-rojo","12":"pa_color-turquesa","13":"pa_color-verde","14":"pa_largo-cm-888","15":"pa_medida-grandes","17":"first","18":"outofstock","19":"sold-individually","20":"taxable","21":"shipping-taxable","22":"purchasable","23":"product-type-simple"},"yoast_head":"<!-- This site is optimized with the Yoast SEO plugin v24.8.1 - https:\/\/yoast.com\/wordpress\/plugins\/seo\/ -->\n<title>Tienda de Kilim | Kilim-Age | Kilims de Turqu\u00eda<\/title>\n<meta name=\"description\" content=\"\u00bfEstas buscando una tienda de KILIM? En Kilim-Age disponemos los mejores kilims de Turqu\u00eda.\" \/>\n<meta name=\"robots\" content=\"index, follow, max-snippet:-1, max-image-preview:large, max-video-preview:-1\" \/>\n<link rel=\"canonical\" href=\"https:\/\/www.kilim-age.com\/es\/producto\/tienda-de-kilim\/\" \/>\n<meta property=\"og:locale\" content=\"es_ES\" \/>\n<meta property=\"og:type\" content=\"article\" \/>\n<meta property=\"og:title\" content=\"Tienda de Kilim | Kilim-Age | Kilims de Turqu\u00eda\" \/>\n<meta property=\"og:description\" content=\"\u00bfEstas buscando una tienda de KILIM? En Kilim-Age disponemos los mejores kilims de Turqu\u00eda.\" \/>\n<meta property=\"og:url\" content=\"https:\/\/www.kilim-age.com\/es\/producto\/tienda-de-kilim\/\" \/>\n<meta property=\"og:site_name\" content=\"Kilim-Age\" \/>\n<meta property=\"article:modified_time\" content=\"2023-11-13T17:00:14+00:00\" \/>\n<meta property=\"og:image\" content=\"https:\/\/www.kilim-age.com\/wp-content\/uploads\/2023\/03\/0313.jpg\" \/>\n\t<meta property=\"og:image:width\" content=\"1000\" \/>\n\t<meta property=\"og:image:height\" content=\"1300\" \/>\n\t<meta property=\"og:image:type\" content=\"image\/jpeg\" \/>\n<meta name=\"twitter:card\" content=\"summary_large_image\" \/>\n<meta name=\"twitter:label1\" content=\"Tiempo de lectura\" \/>\n\t<meta name=\"twitter:data1\" content=\"1 minuto\" \/>\n<script type=\"application\/ld+json\" class=\"yoast-schema-graph\">{\"@context\":\"https:\/\/schema.org\",\"@graph\":[{\"@type\":\"WebPage\",\"@id\":\"https:\/\/www.kilim-age.com\/es\/producto\/tienda-de-kilim\/\",\"url\":\"https:\/\/www.kilim-age.com\/es\/producto\/tienda-de-kilim\/\",\"name\":\"Tienda de Kilim | Kilim-Age | Kilims de Turqu\u00eda\",\"isPartOf\":{\"@id\":\"https:\/\/kilim-age.com\/en\/#website\"},\"primaryImageOfPage\":{\"@id\":\"https:\/\/www.kilim-age.com\/es\/producto\/tienda-de-kilim\/#primaryimage\"},\"image\":{\"@id\":\"https:\/\/www.kilim-age.com\/es\/producto\/tienda-de-kilim\/#primaryimage\"},\"thumbnailUrl\":\"https:\/\/kilim-age.com\/wp-content\/uploads\/2023\/03\/0313.jpg\",\"datePublished\":\"2023-03-21T12:27:41+00:00\",\"dateModified\":\"2023-11-13T17:00:14+00:00\",\"description\":\"\u00bfEstas buscando una tienda de KILIM? En Kilim-Age disponemos los mejores kilims de Turqu\u00eda.\",\"breadcrumb\":{\"@id\":\"https:\/\/www.kilim-age.com\/es\/producto\/tienda-de-kilim\/#breadcrumb\"},\"inLanguage\":\"es\",\"potentialAction\":[{\"@type\":\"ReadAction\",\"target\":[\"https:\/\/www.kilim-age.com\/es\/producto\/tienda-de-kilim\/\"]}]},{\"@type\":\"ImageObject\",\"inLanguage\":\"es\",\"@id\":\"https:\/\/www.kilim-age.com\/es\/producto\/tienda-de-kilim\/#primaryimage\",\"url\":\"https:\/\/kilim-age.com\/wp-content\/uploads\/2023\/03\/0313.jpg\",\"contentUrl\":\"https:\/\/kilim-age.com\/wp-content\/uploads\/2023\/03\/0313.jpg\",\"width\":1000,\"height\":1300},{\"@type\":\"BreadcrumbList\",\"@id\":\"https:\/\/www.kilim-age.com\/es\/producto\/tienda-de-kilim\/#breadcrumb\",\"itemListElement\":[{\"@type\":\"ListItem\",\"position\":1,\"name\":\"Home\",\"item\":\"https:\/\/kilim-age.com\/en\/\"},{\"@type\":\"ListItem\",\"position\":2,\"name\":\"Shop\",\"item\":\"https:\/\/kilim-age.com\/es\/shop\/\"},{\"@type\":\"ListItem\",\"position\":3,\"name\":\"KILIM TURCA 197 x 201 cm\"}]},{\"@type\":\"WebSite\",\"@id\":\"https:\/\/kilim-age.com\/en\/#website\",\"url\":\"https:\/\/kilim-age.com\/en\/\",\"name\":\"Kilim-Age\",\"description\":\"Somos especialistas en productos artesanales de Turqu\u00eda como Alfombras, y Kilims\",\"potentialAction\":[{\"@type\":\"SearchAction\",\"target\":{\"@type\":\"EntryPoint\",\"urlTemplate\":\"https:\/\/kilim-age.com\/en\/?s={search_term_string}\"},\"query-input\":{\"@type\":\"PropertyValueSpecification\",\"valueRequired\":true,\"valueName\":\"search_term_string\"}}],\"inLanguage\":\"es\"}]}<\/script>\n<!-- \/ Yoast SEO plugin. -->","yoast_head_json":{"title":"Tienda de Kilim | Kilim-Age | Kilims de Turqu\u00eda","description":"\u00bfEstas buscando una tienda de KILIM? En Kilim-Age disponemos los mejores kilims de Turqu\u00eda.","robots":{"index":"index","follow":"follow","max-snippet":"max-snippet:-1","max-image-preview":"max-image-preview:large","max-video-preview":"max-video-preview:-1"},"canonical":"https:\/\/www.kilim-age.com\/es\/producto\/tienda-de-kilim\/","og_locale":"es_ES","og_type":"article","og_title":"Tienda de Kilim | Kilim-Age | Kilims de Turqu\u00eda","og_description":"\u00bfEstas buscando una tienda de KILIM? En Kilim-Age disponemos los mejores kilims de Turqu\u00eda.","og_url":"https:\/\/www.kilim-age.com\/es\/producto\/tienda-de-kilim\/","og_site_name":"Kilim-Age","article_modified_time":"2023-11-13T17:00:14+00:00","og_image":[{"width":1000,"height":1300,"url":"https:\/\/www.kilim-age.com\/wp-content\/uploads\/2023\/03\/0313.jpg","type":"image\/jpeg"}],"twitter_card":"summary_large_image","twitter_misc":{"Tiempo de lectura":"1 minuto"},"schema":{"@context":"https:\/\/schema.org","@graph":[{"@type":"WebPage","@id":"https:\/\/www.kilim-age.com\/es\/producto\/tienda-de-kilim\/","url":"https:\/\/www.kilim-age.com\/es\/producto\/tienda-de-kilim\/","name":"Tienda de Kilim | Kilim-Age | Kilims de Turqu\u00eda","isPartOf":{"@id":"https:\/\/kilim-age.com\/en\/#website"},"primaryImageOfPage":{"@id":"https:\/\/www.kilim-age.com\/es\/producto\/tienda-de-kilim\/#primaryimage"},"image":{"@id":"https:\/\/www.kilim-age.com\/es\/producto\/tienda-de-kilim\/#primaryimage"},"thumbnailUrl":"https:\/\/kilim-age.com\/wp-content\/uploads\/2023\/03\/0313.jpg","datePublished":"2023-03-21T12:27:41+00:00","dateModified":"2023-11-13T17:00:14+00:00","description":"\u00bfEstas buscando una tienda de KILIM? En Kilim-Age disponemos los mejores kilims de Turqu\u00eda.","breadcrumb":{"@id":"https:\/\/www.kilim-age.com\/es\/producto\/tienda-de-kilim\/#breadcrumb"},"inLanguage":"es","potentialAction":[{"@type":"ReadAction","target":["https:\/\/www.kilim-age.com\/es\/producto\/tienda-de-kilim\/"]}]},{"@type":"ImageObject","inLanguage":"es","@id":"https:\/\/www.kilim-age.com\/es\/producto\/tienda-de-kilim\/#primaryimage","url":"https:\/\/kilim-age.com\/wp-content\/uploads\/2023\/03\/0313.jpg","contentUrl":"https:\/\/kilim-age.com\/wp-content\/uploads\/2023\/03\/0313.jpg","width":1000,"height":1300},{"@type":"BreadcrumbList","@id":"https:\/\/www.kilim-age.com\/es\/producto\/tienda-de-kilim\/#breadcrumb","itemListElement":[{"@type":"ListItem","position":1,"name":"Home","item":"https:\/\/kilim-age.com\/en\/"},{"@type":"ListItem","position":2,"name":"Shop","item":"https:\/\/kilim-age.com\/es\/shop\/"},{"@type":"ListItem","position":3,"name":"KILIM TURCA 197 x 201 cm"}]},{"@type":"WebSite","@id":"https:\/\/kilim-age.com\/en\/#website","url":"https:\/\/kilim-age.com\/en\/","name":"Kilim-Age","description":"Somos especialistas en productos artesanales de Turqu\u00eda como Alfombras, y Kilims","potentialAction":[{"@type":"SearchAction","target":{"@type":"EntryPoint","urlTemplate":"https:\/\/kilim-age.com\/en\/?s={search_term_string}"},"query-input":{"@type":"PropertyValueSpecification","valueRequired":true,"valueName":"search_term_string"}}],"inLanguage":"es"}]}},"_links":{"self":[{"href":"https:\/\/kilim-age.com\/es\/wp-json\/wp\/v2\/product\/33798","targetHints":{"allow":["GET"]}}],"collection":[{"href":"https:\/\/kilim-age.com\/es\/wp-json\/wp\/v2\/product"}],"about":[{"href":"https:\/\/kilim-age.com\/es\/wp-json\/wp\/v2\/types\/product"}],"replies":[{"embeddable":true,"href":"https:\/\/kilim-age.com\/es\/wp-json\/wp\/v2\/comments?post=33798"}],"wp:featuredmedia":[{"embeddable":true,"href":"https:\/\/kilim-age.com\/es\/wp-json\/wp\/v2\/media\/33799"}],"wp:attachment":[{"href":"https:\/\/kilim-age.com\/es\/wp-json\/wp\/v2\/media?parent=33798"}],"wp:term":[{"taxonomy":"product_brand","embeddable":true,"href":"https:\/\/kilim-age.com\/es\/wp-json\/wp\/v2\/product_brand?post=33798"},{"taxonomy":"product_cat","embeddable":true,"href":"https:\/\/kilim-age.com\/es\/wp-json\/wp\/v2\/product_cat?post=33798"},{"taxonomy":"product_tag","embeddable":true,"href":"https:\/\/kilim-age.com\/es\/wp-json\/wp\/v2\/product_tag?post=33798"}],"curies":[{"name":"wp","href":"https:\/\/api.w.org\/{rel}","templated":true}]}}