{"id":33607,"date":"2023-03-08T17:46:28","date_gmt":"2023-03-08T16:46:28","guid":{"rendered":"http:\/\/kilim-age.com\/?post_type=product&#038;p=33607"},"modified":"2024-04-15T12:02:46","modified_gmt":"2024-04-15T10:02:46","slug":"patchwork-rugs","status":"publish","type":"product","link":"https:\/\/kilim-age.com\/es\/producto\/patchwork-rugs\/","title":{"rendered":"ALFOMBRA PATCHWORK GRIS 102"},"content":{"rendered":"Esta alfombra Patchwork combina formas cuadradas de tonos grises. Es una alfombra grande de 250 x 300 cms. totalmente tejido a mano en lana. Su base es color gris. Combina un tacto suave con un tejido plano ideal para salones o habitaciones modernas y actuales.<\/p>\n<h3><strong>COMPRAR ALFOMBRAS PATCHWORK\u00a0\u00a0<\/strong><\/h3>\n<p>Comprar\u00a0<a href=\"http:\/\/kilim-age.com\/es\/colocar-alfombra-vintage-en-tu-salon\/\">Alfombras<\/a>\u00a0Patchwork Online! La palabra patchwork viene del ingl\u00e9s \u201cpatch\u201d (parche) y \u201cwork\u201d (trabajo). Conocido tambi\u00e9n como \u201cpieced work\u201d, se trata de la uni\u00f3n de muchas piezas diferentes, alternando incluso colores y tejidos. Literalmente significa trabajo con parches o remiendos. Esta t\u00e9cnica textil permite confeccionar piezas uniendo fragmentos de telas de diferentes tipos y colores. Dicho de otro modo, es una forma de costura que consiste en coser o ensamblar distintas trozos de tela formando otra tela o un dise\u00f1o m\u00e1s grande.<\/p>\n<p>La\u00a0alfombra\u00a0<a href=\"https:\/\/mistutossecretos.es\/historia-del-patchwork\/\">Patchwork<\/a>\u00a0est\u00e1 hecha con retazos de alfombras de vintage hechos a mano que aproximadamente suelen tener entre 20-30 a\u00f1os de antig\u00fcedad. Se trata de crear una alfombra a partir de parches de diferentes alfombras. Gracias a las t\u00e9cnicas utilizadas para las alfombras vintage, podemos conseguir una gama muy amplia de colores naturales. Suponen una segunda vida para las alfombras y una manera novedosa y original de utilizarlas.\u00a0El tradicional\u00a0<u>m\u00e9todo mosaico de los patchwork<\/u>\u00a0permite que las alfombras sean elaboradas en los tama\u00f1os deseados por cada cliente. Pueden personalizarse y hacer a medida tanto las medidas de la alfombra, como la de los parches que la componen. Todas nuestras alfombras de patchwork est\u00e1n elaboradas artesanalmente con los materiales de alta calidad y originarios de Turqu\u00eda.<\/p>\n<p>Como objeto de decoraci\u00f3n supone un elemento \u00fanico y especial, adem\u00e1s de personalizado. Tambi\u00e9n ofrece una variedad de colores y combinaciones mucho m\u00e1s amplia de la que ten\u00edamos con las alfombras cl\u00e1sicas. Suelen utilizarse en todo tipo de ambientes y actualmente son las alfombras por excelencia de todos los estilos en tendencia.","protected":false},"excerpt":{"rendered":"<p>Fabricaci\u00f3n: Hecho a mano<br \/>\nTama\u00f1o: 250 X 300 cm.<br \/>\nN\u00famero de nudos: aprox 150000-300000 por m\u00b2<br \/>\nEstado: Nuevo<br \/>\nOrigen: Turqu\u00eda<br \/>\nPelo: Lana<br \/>\nUrdimbre: Algod\u00f3n<br \/>\nGrosor aprox: 5-6 mm.<br \/>\nTe\u00f1ido natural.<br \/>\nLos colores de la alfombra se percibir\u00e1n de formas diferentes dependiendo del \u00e1ngulo de visi\u00f3n.<br \/>\nPlazo de entrega: 2-5 d\u00edas h\u00e1biles en Espa\u00f1a.<br \/>\nEuropa: 5-7 d\u00edas h\u00e1biles, resto de continentes 7-10 d\u00edas.<\/p>\n","protected":false},"featured_media":40533,"comment_status":"open","ping_status":"closed","template":"","meta":[],"product_brand":[],"product_cat":[1054,62,224],"product_tag":[71,68],"class_list":{"0":"post-33607","1":"product","2":"type-product","3":"status-publish","4":"has-post-thumbnail","6":"product_cat-ofertas","7":"product_cat-alfombras-turcas","8":"product_cat-alfombras-patchwork","9":"product_tag-alfombras-patchwork","10":"product_tag-patchwork-carpet","11":"product_shipping_class-alfombra-grande","12":"pa_ancho-cm-927","13":"pa_color-gris","14":"pa_largo-cm-1037","15":"pa_medida-grandes","17":"first","18":"outofstock","19":"sale","20":"sold-individually","21":"taxable","22":"shipping-taxable","23":"purchasable","24":"product-type-simple"},"yoast_head":"<!-- This site is optimized with the Yoast SEO plugin v24.8.1 - https:\/\/yoast.com\/wordpress\/plugins\/seo\/ -->\n<title>ALFOMBRA PATCHWORK GRIS 102 | Kilim-Age<\/title>\n<meta name=\"description\" content=\"Patchwork Rugs. All of our patchwork carpets are handcrafted with very high quality materials.\" \/>\n<meta name=\"robots\" content=\"index, follow, max-snippet:-1, max-image-preview:large, max-video-preview:-1\" \/>\n<link rel=\"canonical\" href=\"https:\/\/kilim-age.com\/es\/producto\/patchwork-rugs\/\" \/>\n<meta property=\"og:locale\" content=\"es_ES\" \/>\n<meta property=\"og:type\" content=\"article\" \/>\n<meta property=\"og:title\" content=\"ALFOMBRA PATCHWORK GRIS 102 | Kilim-Age\" \/>\n<meta property=\"og:description\" content=\"Patchwork Rugs. All of our patchwork carpets are handcrafted with very high quality materials.\" \/>\n<meta property=\"og:url\" content=\"https:\/\/kilim-age.com\/es\/producto\/patchwork-rugs\/\" \/>\n<meta property=\"og:site_name\" content=\"Kilim-Age\" \/>\n<meta property=\"article:modified_time\" content=\"2024-04-15T10:02:46+00:00\" \/>\n<meta property=\"og:image\" content=\"https:\/\/kilim-age.com\/wp-content\/uploads\/2023\/03\/Patchwork-gris.jpg\" \/>\n\t<meta property=\"og:image:width\" content=\"1000\" \/>\n\t<meta property=\"og:image:height\" content=\"1300\" \/>\n\t<meta property=\"og:image:type\" content=\"image\/jpeg\" \/>\n<meta name=\"twitter:card\" content=\"summary_large_image\" \/>\n<meta name=\"twitter:label1\" content=\"Tiempo de lectura\" \/>\n\t<meta name=\"twitter:data1\" content=\"2 minutos\" \/>\n<script type=\"application\/ld+json\" class=\"yoast-schema-graph\">{\"@context\":\"https:\/\/schema.org\",\"@graph\":[{\"@type\":\"WebPage\",\"@id\":\"https:\/\/kilim-age.com\/es\/producto\/patchwork-rugs\/\",\"url\":\"https:\/\/kilim-age.com\/es\/producto\/patchwork-rugs\/\",\"name\":\"ALFOMBRA PATCHWORK GRIS 102 | Kilim-Age\",\"isPartOf\":{\"@id\":\"https:\/\/kilim-age.com\/en\/#website\"},\"primaryImageOfPage\":{\"@id\":\"https:\/\/kilim-age.com\/es\/producto\/patchwork-rugs\/#primaryimage\"},\"image\":{\"@id\":\"https:\/\/kilim-age.com\/es\/producto\/patchwork-rugs\/#primaryimage\"},\"thumbnailUrl\":\"https:\/\/kilim-age.com\/wp-content\/uploads\/2023\/03\/Patchwork-gris.jpg\",\"datePublished\":\"2023-03-08T16:46:28+00:00\",\"dateModified\":\"2024-04-15T10:02:46+00:00\",\"description\":\"Patchwork Rugs. All of our patchwork carpets are handcrafted with very high quality materials.\",\"breadcrumb\":{\"@id\":\"https:\/\/kilim-age.com\/es\/producto\/patchwork-rugs\/#breadcrumb\"},\"inLanguage\":\"es\",\"potentialAction\":[{\"@type\":\"ReadAction\",\"target\":[\"https:\/\/kilim-age.com\/es\/producto\/patchwork-rugs\/\"]}]},{\"@type\":\"ImageObject\",\"inLanguage\":\"es\",\"@id\":\"https:\/\/kilim-age.com\/es\/producto\/patchwork-rugs\/#primaryimage\",\"url\":\"https:\/\/kilim-age.com\/wp-content\/uploads\/2023\/03\/Patchwork-gris.jpg\",\"contentUrl\":\"https:\/\/kilim-age.com\/wp-content\/uploads\/2023\/03\/Patchwork-gris.jpg\",\"width\":1000,\"height\":1300},{\"@type\":\"BreadcrumbList\",\"@id\":\"https:\/\/kilim-age.com\/es\/producto\/patchwork-rugs\/#breadcrumb\",\"itemListElement\":[{\"@type\":\"ListItem\",\"position\":1,\"name\":\"Home\",\"item\":\"https:\/\/kilim-age.com\/en\/\"},{\"@type\":\"ListItem\",\"position\":2,\"name\":\"Shop\",\"item\":\"https:\/\/kilim-age.com\/es\/shop\/\"},{\"@type\":\"ListItem\",\"position\":3,\"name\":\"ALFOMBRA PATCHWORK GRIS 102\"}]},{\"@type\":\"WebSite\",\"@id\":\"https:\/\/kilim-age.com\/en\/#website\",\"url\":\"https:\/\/kilim-age.com\/en\/\",\"name\":\"Kilim-Age\",\"description\":\"Somos especialistas en productos artesanales de Turqu\u00eda como Alfombras, y Kilims\",\"potentialAction\":[{\"@type\":\"SearchAction\",\"target\":{\"@type\":\"EntryPoint\",\"urlTemplate\":\"https:\/\/kilim-age.com\/en\/?s={search_term_string}\"},\"query-input\":{\"@type\":\"PropertyValueSpecification\",\"valueRequired\":true,\"valueName\":\"search_term_string\"}}],\"inLanguage\":\"es\"}]}<\/script>\n<!-- \/ Yoast SEO plugin. -->","yoast_head_json":{"title":"ALFOMBRA PATCHWORK GRIS 102 | Kilim-Age","description":"Patchwork Rugs. All of our patchwork carpets are handcrafted with very high quality materials.","robots":{"index":"index","follow":"follow","max-snippet":"max-snippet:-1","max-image-preview":"max-image-preview:large","max-video-preview":"max-video-preview:-1"},"canonical":"https:\/\/kilim-age.com\/es\/producto\/patchwork-rugs\/","og_locale":"es_ES","og_type":"article","og_title":"ALFOMBRA PATCHWORK GRIS 102 | Kilim-Age","og_description":"Patchwork Rugs. All of our patchwork carpets are handcrafted with very high quality materials.","og_url":"https:\/\/kilim-age.com\/es\/producto\/patchwork-rugs\/","og_site_name":"Kilim-Age","article_modified_time":"2024-04-15T10:02:46+00:00","og_image":[{"width":1000,"height":1300,"url":"https:\/\/kilim-age.com\/wp-content\/uploads\/2023\/03\/Patchwork-gris.jpg","type":"image\/jpeg"}],"twitter_card":"summary_large_image","twitter_misc":{"Tiempo de lectura":"2 minutos"},"schema":{"@context":"https:\/\/schema.org","@graph":[{"@type":"WebPage","@id":"https:\/\/kilim-age.com\/es\/producto\/patchwork-rugs\/","url":"https:\/\/kilim-age.com\/es\/producto\/patchwork-rugs\/","name":"ALFOMBRA PATCHWORK GRIS 102 | Kilim-Age","isPartOf":{"@id":"https:\/\/kilim-age.com\/en\/#website"},"primaryImageOfPage":{"@id":"https:\/\/kilim-age.com\/es\/producto\/patchwork-rugs\/#primaryimage"},"image":{"@id":"https:\/\/kilim-age.com\/es\/producto\/patchwork-rugs\/#primaryimage"},"thumbnailUrl":"https:\/\/kilim-age.com\/wp-content\/uploads\/2023\/03\/Patchwork-gris.jpg","datePublished":"2023-03-08T16:46:28+00:00","dateModified":"2024-04-15T10:02:46+00:00","description":"Patchwork Rugs. All of our patchwork carpets are handcrafted with very high quality materials.","breadcrumb":{"@id":"https:\/\/kilim-age.com\/es\/producto\/patchwork-rugs\/#breadcrumb"},"inLanguage":"es","potentialAction":[{"@type":"ReadAction","target":["https:\/\/kilim-age.com\/es\/producto\/patchwork-rugs\/"]}]},{"@type":"ImageObject","inLanguage":"es","@id":"https:\/\/kilim-age.com\/es\/producto\/patchwork-rugs\/#primaryimage","url":"https:\/\/kilim-age.com\/wp-content\/uploads\/2023\/03\/Patchwork-gris.jpg","contentUrl":"https:\/\/kilim-age.com\/wp-content\/uploads\/2023\/03\/Patchwork-gris.jpg","width":1000,"height":1300},{"@type":"BreadcrumbList","@id":"https:\/\/kilim-age.com\/es\/producto\/patchwork-rugs\/#breadcrumb","itemListElement":[{"@type":"ListItem","position":1,"name":"Home","item":"https:\/\/kilim-age.com\/en\/"},{"@type":"ListItem","position":2,"name":"Shop","item":"https:\/\/kilim-age.com\/es\/shop\/"},{"@type":"ListItem","position":3,"name":"ALFOMBRA PATCHWORK GRIS 102"}]},{"@type":"WebSite","@id":"https:\/\/kilim-age.com\/en\/#website","url":"https:\/\/kilim-age.com\/en\/","name":"Kilim-Age","description":"Somos especialistas en productos artesanales de Turqu\u00eda como Alfombras, y Kilims","potentialAction":[{"@type":"SearchAction","target":{"@type":"EntryPoint","urlTemplate":"https:\/\/kilim-age.com\/en\/?s={search_term_string}"},"query-input":{"@type":"PropertyValueSpecification","valueRequired":true,"valueName":"search_term_string"}}],"inLanguage":"es"}]}},"_links":{"self":[{"href":"https:\/\/kilim-age.com\/es\/wp-json\/wp\/v2\/product\/33607","targetHints":{"allow":["GET"]}}],"collection":[{"href":"https:\/\/kilim-age.com\/es\/wp-json\/wp\/v2\/product"}],"about":[{"href":"https:\/\/kilim-age.com\/es\/wp-json\/wp\/v2\/types\/product"}],"replies":[{"embeddable":true,"href":"https:\/\/kilim-age.com\/es\/wp-json\/wp\/v2\/comments?post=33607"}],"wp:featuredmedia":[{"embeddable":true,"href":"https:\/\/kilim-age.com\/es\/wp-json\/wp\/v2\/media\/40533"}],"wp:attachment":[{"href":"https:\/\/kilim-age.com\/es\/wp-json\/wp\/v2\/media?parent=33607"}],"wp:term":[{"taxonomy":"product_brand","embeddable":true,"href":"https:\/\/kilim-age.com\/es\/wp-json\/wp\/v2\/product_brand?post=33607"},{"taxonomy":"product_cat","embeddable":true,"href":"https:\/\/kilim-age.com\/es\/wp-json\/wp\/v2\/product_cat?post=33607"},{"taxonomy":"product_tag","embeddable":true,"href":"https:\/\/kilim-age.com\/es\/wp-json\/wp\/v2\/product_tag?post=33607"}],"curies":[{"name":"wp","href":"https:\/\/api.w.org\/{rel}","templated":true}]}}