{"id":3099,"date":"2017-06-15T11:56:40","date_gmt":"2017-06-15T11:56:40","guid":{"rendered":"http:\/\/kilim-age.com\/?post_type=product&#038;p=3099"},"modified":"2021-06-22T18:49:16","modified_gmt":"2021-06-22T16:49:16","slug":"usak-carpet-294-x-201-cm","status":"publish","type":"product","link":"https:\/\/kilim-age.com\/es\/producto\/usak-carpet-294-x-201-cm\/","title":{"rendered":"ALFOMBRA USAK 294 X 201 cm"},"content":{"rendered":"Alfombra U\u015fak, anudado 100% a mano, muy resistente de pelo corto y r\u00edgido.<\/p>\n<p>U\u015fak es una ciudad situada en el centro de Turqu\u00eda (Anatolia). Durante la \u00e9poca preindustrial, U\u015fak ya era un centro importante de producci\u00f3n y exportaci\u00f3n, especialmente de alfombras. Las alfombras de U\u015fak tambi\u00e9n se llamaba alfombras de Holbein en referencia al pintor del siglo XVI Hans Holbein el Joven, quien las plasm\u00f3 de forma detallada en sus cuadros, reflejando su popularidad en el mercado europeo. Aunque los dise\u00f1os de las alfombras han cambiado desde entonces, sigue siendo una industria importante que hace que el nombre de la ciudad tenga relevancia en el mercado de las alfombras artesanales.","protected":false},"excerpt":{"rendered":"<p>Fabricaci\u00f3n: Hecho a mano<br \/>\nTama\u00f1o:294 X 201 cm.<br \/>\nN\u00famero de nudos: aprox 200000-240000 por m\u00b2<br \/>\nEstado: Semi antigua 15-20 a\u00f1os<br \/>\nOrigen: Turqu\u00eda<br \/>\nPelo: Lana<br \/>\nUrdimbre: Algod\u00f3n<br \/>\nGrosor aprox: 3-4 mm<br \/>\nTe\u00f1ido natural.<br \/>\nLos colores de la alfombra se percibir\u00e1n de formas diferentes dependiendo del \u00e1ngulo de visi\u00f3n<br \/>\nPlazo de entrega:3-6 d\u00edas h\u00e1biles en Espa\u00f1a.<br \/>\nEuropa: 7-10 d\u00edas h\u00e1biles, resto de continentes 15-20 d\u00edas.<\/p>\n","protected":false},"featured_media":3100,"comment_status":"open","ping_status":"closed","template":"","meta":[],"product_brand":[],"product_cat":[62,230],"product_tag":[79,80],"class_list":{"0":"post-3099","1":"product","2":"type-product","3":"status-publish","4":"has-post-thumbnail","6":"product_cat-alfombras-turcas","7":"product_cat-alfombras-clasicas","8":"product_tag-alfombras-clasicas","9":"product_tag-classic-carpets","10":"product_shipping_class-alfombra-grande","11":"pa_ancho-cm-957","12":"pa_color-beige","13":"pa_color-gris","14":"pa_largo-cm-1014","15":"pa_medida-grandes","17":"first","18":"outofstock","19":"sale","20":"sold-individually","21":"taxable","22":"shipping-taxable","23":"purchasable","24":"product-type-simple"},"yoast_head":"<!-- This site is optimized with the Yoast SEO plugin v24.8.1 - https:\/\/yoast.com\/wordpress\/plugins\/seo\/ -->\n<title>ALFOMBRA USAK 294 X 201 cm | Kilim-Age<\/title>\n<meta name=\"robots\" content=\"index, follow, max-snippet:-1, max-image-preview:large, max-video-preview:-1\" \/>\n<link rel=\"canonical\" href=\"https:\/\/www.kilim-age.com\/en\/producto\/usak-carpet-294-x-201-cm\/\" \/>\n<meta property=\"og:locale\" content=\"es_ES\" \/>\n<meta property=\"og:type\" content=\"article\" \/>\n<meta property=\"og:title\" content=\"ALFOMBRA USAK 294 X 201 cm | Kilim-Age\" \/>\n<meta property=\"og:description\" content=\"Fabricaci\u00f3n: Hecho a mano Tama\u00f1o:294 X 201 cm. N\u00famero de nudos: aprox 200000-240000 por m\u00b2 Estado: Semi antigua 15-20 a\u00f1os Origen: Turqu\u00eda Pelo: Lana Urdimbre: Algod\u00f3n Grosor aprox: 3-4 mm Te\u00f1ido natural. Los colores de la alfombra se percibir\u00e1n de formas diferentes dependiendo del \u00e1ngulo de visi\u00f3n Plazo de entrega:3-6 d\u00edas h\u00e1biles en Espa\u00f1a. Europa: 7-10 d\u00edas h\u00e1biles, resto de continentes 15-20 d\u00edas.\" \/>\n<meta property=\"og:url\" content=\"https:\/\/www.kilim-age.com\/en\/producto\/usak-carpet-294-x-201-cm\/\" \/>\n<meta property=\"og:site_name\" content=\"Kilim-Age\" \/>\n<meta property=\"article:modified_time\" content=\"2021-06-22T16:49:16+00:00\" \/>\n<meta property=\"og:image\" content=\"https:\/\/www.kilim-age.com\/wp-content\/uploads\/2017\/06\/WEB-KA_6272.jpg\" \/>\n\t<meta property=\"og:image:width\" content=\"1000\" \/>\n\t<meta property=\"og:image:height\" content=\"1300\" \/>\n\t<meta property=\"og:image:type\" content=\"image\/jpeg\" \/>\n<meta name=\"twitter:card\" content=\"summary_large_image\" \/>\n<meta name=\"twitter:label1\" content=\"Tiempo de lectura\" \/>\n\t<meta name=\"twitter:data1\" content=\"1 minuto\" \/>\n<script type=\"application\/ld+json\" class=\"yoast-schema-graph\">{\"@context\":\"https:\/\/schema.org\",\"@graph\":[{\"@type\":\"WebPage\",\"@id\":\"https:\/\/www.kilim-age.com\/en\/producto\/usak-carpet-294-x-201-cm\/\",\"url\":\"https:\/\/www.kilim-age.com\/en\/producto\/usak-carpet-294-x-201-cm\/\",\"name\":\"ALFOMBRA USAK 294 X 201 cm | Kilim-Age\",\"isPartOf\":{\"@id\":\"https:\/\/www.kilim-age.com\/es\/#website\"},\"primaryImageOfPage\":{\"@id\":\"https:\/\/www.kilim-age.com\/en\/producto\/usak-carpet-294-x-201-cm\/#primaryimage\"},\"image\":{\"@id\":\"https:\/\/www.kilim-age.com\/en\/producto\/usak-carpet-294-x-201-cm\/#primaryimage\"},\"thumbnailUrl\":\"https:\/\/kilim-age.com\/wp-content\/uploads\/2017\/06\/WEB-KA_6272.jpg\",\"datePublished\":\"2017-06-15T11:56:40+00:00\",\"dateModified\":\"2021-06-22T16:49:16+00:00\",\"breadcrumb\":{\"@id\":\"https:\/\/www.kilim-age.com\/en\/producto\/usak-carpet-294-x-201-cm\/#breadcrumb\"},\"inLanguage\":\"es\",\"potentialAction\":[{\"@type\":\"ReadAction\",\"target\":[\"https:\/\/www.kilim-age.com\/en\/producto\/usak-carpet-294-x-201-cm\/\"]}]},{\"@type\":\"ImageObject\",\"inLanguage\":\"es\",\"@id\":\"https:\/\/www.kilim-age.com\/en\/producto\/usak-carpet-294-x-201-cm\/#primaryimage\",\"url\":\"https:\/\/kilim-age.com\/wp-content\/uploads\/2017\/06\/WEB-KA_6272.jpg\",\"contentUrl\":\"https:\/\/kilim-age.com\/wp-content\/uploads\/2017\/06\/WEB-KA_6272.jpg\",\"width\":1000,\"height\":1300},{\"@type\":\"BreadcrumbList\",\"@id\":\"https:\/\/www.kilim-age.com\/en\/producto\/usak-carpet-294-x-201-cm\/#breadcrumb\",\"itemListElement\":[{\"@type\":\"ListItem\",\"position\":1,\"name\":\"Home\",\"item\":\"https:\/\/www.kilim-age.com\/es\/\"},{\"@type\":\"ListItem\",\"position\":2,\"name\":\"Shop\",\"item\":\"https:\/\/www.kilim-age.com\/es\/shop\/\"},{\"@type\":\"ListItem\",\"position\":3,\"name\":\"USAK CARPET 294 X 201 cm\"}]},{\"@type\":\"WebSite\",\"@id\":\"https:\/\/www.kilim-age.com\/es\/#website\",\"url\":\"https:\/\/www.kilim-age.com\/es\/\",\"name\":\"Kilim-Age\",\"description\":\"Somos especialistas en productos artesanales de Turqu\u00eda como Alfombras, y Kilims\",\"potentialAction\":[{\"@type\":\"SearchAction\",\"target\":{\"@type\":\"EntryPoint\",\"urlTemplate\":\"https:\/\/www.kilim-age.com\/es\/?s={search_term_string}\"},\"query-input\":{\"@type\":\"PropertyValueSpecification\",\"valueRequired\":true,\"valueName\":\"search_term_string\"}}],\"inLanguage\":\"es\"}]}<\/script>\n<!-- \/ Yoast SEO plugin. -->","yoast_head_json":{"title":"ALFOMBRA USAK 294 X 201 cm | Kilim-Age","robots":{"index":"index","follow":"follow","max-snippet":"max-snippet:-1","max-image-preview":"max-image-preview:large","max-video-preview":"max-video-preview:-1"},"canonical":"https:\/\/www.kilim-age.com\/en\/producto\/usak-carpet-294-x-201-cm\/","og_locale":"es_ES","og_type":"article","og_title":"ALFOMBRA USAK 294 X 201 cm | Kilim-Age","og_description":"Fabricaci\u00f3n: Hecho a mano Tama\u00f1o:294 X 201 cm. N\u00famero de nudos: aprox 200000-240000 por m\u00b2 Estado: Semi antigua 15-20 a\u00f1os Origen: Turqu\u00eda Pelo: Lana Urdimbre: Algod\u00f3n Grosor aprox: 3-4 mm Te\u00f1ido natural. Los colores de la alfombra se percibir\u00e1n de formas diferentes dependiendo del \u00e1ngulo de visi\u00f3n Plazo de entrega:3-6 d\u00edas h\u00e1biles en Espa\u00f1a. Europa: 7-10 d\u00edas h\u00e1biles, resto de continentes 15-20 d\u00edas.","og_url":"https:\/\/www.kilim-age.com\/en\/producto\/usak-carpet-294-x-201-cm\/","og_site_name":"Kilim-Age","article_modified_time":"2021-06-22T16:49:16+00:00","og_image":[{"width":1000,"height":1300,"url":"https:\/\/www.kilim-age.com\/wp-content\/uploads\/2017\/06\/WEB-KA_6272.jpg","type":"image\/jpeg"}],"twitter_card":"summary_large_image","twitter_misc":{"Tiempo de lectura":"1 minuto"},"schema":{"@context":"https:\/\/schema.org","@graph":[{"@type":"WebPage","@id":"https:\/\/www.kilim-age.com\/en\/producto\/usak-carpet-294-x-201-cm\/","url":"https:\/\/www.kilim-age.com\/en\/producto\/usak-carpet-294-x-201-cm\/","name":"ALFOMBRA USAK 294 X 201 cm | Kilim-Age","isPartOf":{"@id":"https:\/\/www.kilim-age.com\/es\/#website"},"primaryImageOfPage":{"@id":"https:\/\/www.kilim-age.com\/en\/producto\/usak-carpet-294-x-201-cm\/#primaryimage"},"image":{"@id":"https:\/\/www.kilim-age.com\/en\/producto\/usak-carpet-294-x-201-cm\/#primaryimage"},"thumbnailUrl":"https:\/\/kilim-age.com\/wp-content\/uploads\/2017\/06\/WEB-KA_6272.jpg","datePublished":"2017-06-15T11:56:40+00:00","dateModified":"2021-06-22T16:49:16+00:00","breadcrumb":{"@id":"https:\/\/www.kilim-age.com\/en\/producto\/usak-carpet-294-x-201-cm\/#breadcrumb"},"inLanguage":"es","potentialAction":[{"@type":"ReadAction","target":["https:\/\/www.kilim-age.com\/en\/producto\/usak-carpet-294-x-201-cm\/"]}]},{"@type":"ImageObject","inLanguage":"es","@id":"https:\/\/www.kilim-age.com\/en\/producto\/usak-carpet-294-x-201-cm\/#primaryimage","url":"https:\/\/kilim-age.com\/wp-content\/uploads\/2017\/06\/WEB-KA_6272.jpg","contentUrl":"https:\/\/kilim-age.com\/wp-content\/uploads\/2017\/06\/WEB-KA_6272.jpg","width":1000,"height":1300},{"@type":"BreadcrumbList","@id":"https:\/\/www.kilim-age.com\/en\/producto\/usak-carpet-294-x-201-cm\/#breadcrumb","itemListElement":[{"@type":"ListItem","position":1,"name":"Home","item":"https:\/\/www.kilim-age.com\/es\/"},{"@type":"ListItem","position":2,"name":"Shop","item":"https:\/\/www.kilim-age.com\/es\/shop\/"},{"@type":"ListItem","position":3,"name":"USAK CARPET 294 X 201 cm"}]},{"@type":"WebSite","@id":"https:\/\/www.kilim-age.com\/es\/#website","url":"https:\/\/www.kilim-age.com\/es\/","name":"Kilim-Age","description":"Somos especialistas en productos artesanales de Turqu\u00eda como Alfombras, y Kilims","potentialAction":[{"@type":"SearchAction","target":{"@type":"EntryPoint","urlTemplate":"https:\/\/www.kilim-age.com\/es\/?s={search_term_string}"},"query-input":{"@type":"PropertyValueSpecification","valueRequired":true,"valueName":"search_term_string"}}],"inLanguage":"es"}]}},"_links":{"self":[{"href":"https:\/\/kilim-age.com\/es\/wp-json\/wp\/v2\/product\/3099","targetHints":{"allow":["GET"]}}],"collection":[{"href":"https:\/\/kilim-age.com\/es\/wp-json\/wp\/v2\/product"}],"about":[{"href":"https:\/\/kilim-age.com\/es\/wp-json\/wp\/v2\/types\/product"}],"replies":[{"embeddable":true,"href":"https:\/\/kilim-age.com\/es\/wp-json\/wp\/v2\/comments?post=3099"}],"wp:featuredmedia":[{"embeddable":true,"href":"https:\/\/kilim-age.com\/es\/wp-json\/wp\/v2\/media\/3100"}],"wp:attachment":[{"href":"https:\/\/kilim-age.com\/es\/wp-json\/wp\/v2\/media?parent=3099"}],"wp:term":[{"taxonomy":"product_brand","embeddable":true,"href":"https:\/\/kilim-age.com\/es\/wp-json\/wp\/v2\/product_brand?post=3099"},{"taxonomy":"product_cat","embeddable":true,"href":"https:\/\/kilim-age.com\/es\/wp-json\/wp\/v2\/product_cat?post=3099"},{"taxonomy":"product_tag","embeddable":true,"href":"https:\/\/kilim-age.com\/es\/wp-json\/wp\/v2\/product_tag?post=3099"}],"curies":[{"name":"wp","href":"https:\/\/api.w.org\/{rel}","templated":true}]}}