{"id":27226,"date":"2022-12-19T19:46:30","date_gmt":"2022-12-19T18:46:30","guid":{"rendered":"http:\/\/kilim-age.com\/?post_type=product&#038;p=27226"},"modified":"2024-12-19T18:22:08","modified_gmt":"2024-12-19T17:22:08","slug":"modern-abstract-carpet","status":"publish","type":"product","link":"https:\/\/kilim-age.com\/es\/producto\/modern-abstract-carpet\/","title":{"rendered":"ANTRASIT BLUE"},"content":{"rendered":"<h1>COMPRAR ALFOMBRAS MODERNAS ONLINE<\/h1>\n<p>\u00bfQuieres comprar alfombras modernas online para tu hogar? Esta alfombra moderna de l\u00edneas abstractas con multicolor fabricada en Turqu\u00eda y tejida mec\u00e1nica con estampado difuminado y original es ideal para ti. Est\u00e1 disponible en varias medidas a elegir en el desplegable. Con dise\u00f1o abstracto y original pero moderno realizado en fondo gris y azul y preciosas vetas de colores amarillas y azules. De pelo corto, suave al tacto y f\u00e1cil mantenimiento. Una alfombra \u00fanica capaz de adaptarse a cualquier espacio en tu casa, en tu despacho u oficina comercial.<\/p>\n<p>ALFOMBRAS MODERNAS<\/p>\n<p>Comprar Alfombras grandes para sal\u00f3n. Las alfombras modernas son una adaptaci\u00f3n de las\u00a0<a href=\"http:\/\/kilim-age.com\/es\/categoria-producto\/alfombras-turcas\/alfombras-clasicas\/\">alfombras\u00a0cl\u00e1sicas<\/a>\u00a0a las nuevas tendencias y necesidades de dise\u00f1os actuales. \u00a0En el proceso de fabricaci\u00f3n siempre utilizamos materiales naturales de alta calidad.\u00a0Las alfombras modernas, se caracterizan por tener contraste de colores y formas m\u00e1s\u00a0<a href=\"https:\/\/es.wikipedia.org\/wiki\/Abstracci%C3%B3n_(filosof%C3%ADa)\">abstractas<\/a>. Tienen el pelo m\u00e1s corto que las alfombras cl\u00e1sicas de toda la vida, por ello, el tacto es muy suave y agradable.<\/p>\n<p>En su composici\u00f3n combinan materiales como algod\u00f3n, lana, seda y viscosa te\u00f1idos en tintes de minerales naturales. As\u00ed mismo, ofrecen un nivel de mantenimiento muy f\u00e1cil y tienen una calidad y resistencia inmejorable.<\/p>\n<p>\u00bfPOR QUE RECOMENDAMOS COMPRAR ALFOMBRAS MODERNAS ?<\/p>\n<p>Esta nueva tendencia de alfombras suponen una alternativa para aquellos ambientes m\u00e1s homog\u00e9neos. Una alfombra moderna fabricada en Turqu\u00eda se adapta a espacios de cualquier estilo y da un toque moderno y original, as\u00ed como una nota art\u00edstica al ambiente que queremos crear. Ofrece calidez y viste los espacios para darles consistencia y robustez.","protected":false},"excerpt":{"rendered":"<p style=\"text-align: left;\">Origen: Hecha en Turqu\u00eda<br \/>\nMaterial: Viscosa y algod\u00f3n<br \/>\nGrosor aproximadamente: 7 mm<br \/>\n1.600.000 points\/m<sup>2<\/sup><br \/>\nEstado: Nuevo<br \/>\nTejido de alta precisi\u00f3n<br \/>\nTodas nuestras alfombras modernas est\u00e1n hechas con fibras naturales.<br \/>\nLos colores de la alfombra se percibir\u00e1n de formas diferentes dependiendo del \u00e1ngulo de visi\u00f3n<br \/>\nPlazo de entrega: 2-5 d\u00edas h\u00e1biles en Espa\u00f1a.<br \/>\nEuropa: 5-7 d\u00edas h\u00e1biles, resto de continentes 7-10 d\u00edas.<\/p>\n","protected":false},"featured_media":40973,"comment_status":"open","ping_status":"closed","template":"","meta":[],"product_brand":[],"product_cat":[62,232],"product_tag":[826,92],"class_list":{"0":"post-27226","1":"product","2":"type-product","3":"status-publish","4":"has-post-thumbnail","6":"product_cat-alfombras-turcas","7":"product_cat-alfombras-modernas","8":"product_tag-alfombra-abstracta","9":"product_tag-alfombra-moderna","10":"pa_color-amarillo","11":"pa_color-azul","12":"pa_color-beige","13":"pa_color-gris","14":"pa_seleccionar-medidas-120x180-cm","15":"pa_seleccionar-medidas-160x230-cm","16":"pa_seleccionar-medidas-200x300-cm","17":"pa_seleccionar-medidas-240x340-cm","18":"pa_seleccionar-medidas-300x400-cm","19":"pa_seleccionar-medidas-80x150cm","20":"pa_seleccionar-medidas-80x300-cm","22":"first","23":"instock","24":"sale","25":"taxable","26":"shipping-taxable","27":"purchasable","28":"product-type-variable"},"yoast_head":"<!-- This site is optimized with the Yoast SEO plugin v24.8.1 - https:\/\/yoast.com\/wordpress\/plugins\/seo\/ -->\n<title>Modern Abstract Carpet | Kilim-Age<\/title>\n<meta name=\"description\" content=\"Modern style rugs from Turkey. The fabric is somewhat thicker compared to a classic carpet but when you touch it feels a very soft and pleasant touch\" \/>\n<meta name=\"robots\" content=\"index, follow, max-snippet:-1, max-image-preview:large, max-video-preview:-1\" \/>\n<link rel=\"canonical\" href=\"https:\/\/kilim-age.com\/es\/producto\/modern-abstract-carpet\/\" \/>\n<meta property=\"og:locale\" content=\"es_ES\" \/>\n<meta property=\"og:type\" content=\"article\" \/>\n<meta property=\"og:title\" content=\"Modern Abstract Carpet | Kilim-Age\" \/>\n<meta property=\"og:description\" content=\"Modern style rugs from Turkey. The fabric is somewhat thicker compared to a classic carpet but when you touch it feels a very soft and pleasant touch\" \/>\n<meta property=\"og:url\" content=\"https:\/\/kilim-age.com\/es\/producto\/modern-abstract-carpet\/\" \/>\n<meta property=\"og:site_name\" content=\"Kilim-Age\" \/>\n<meta property=\"article:modified_time\" content=\"2024-12-19T17:22:08+00:00\" \/>\n<meta property=\"og:image\" content=\"https:\/\/kilim-age.com\/wp-content\/uploads\/2022\/12\/KAMAXELL-A803A-ANTRASIT_MAVI.jpg\" \/>\n\t<meta property=\"og:image:width\" content=\"1000\" \/>\n\t<meta property=\"og:image:height\" content=\"1300\" \/>\n\t<meta property=\"og:image:type\" content=\"image\/jpeg\" \/>\n<meta name=\"twitter:card\" content=\"summary_large_image\" \/>\n<meta name=\"twitter:label1\" content=\"Tiempo de lectura\" \/>\n\t<meta name=\"twitter:data1\" content=\"1 minuto\" \/>\n<script type=\"application\/ld+json\" class=\"yoast-schema-graph\">{\"@context\":\"https:\/\/schema.org\",\"@graph\":[{\"@type\":\"WebPage\",\"@id\":\"https:\/\/kilim-age.com\/es\/producto\/modern-abstract-carpet\/\",\"url\":\"https:\/\/kilim-age.com\/es\/producto\/modern-abstract-carpet\/\",\"name\":\"Modern Abstract Carpet | Kilim-Age\",\"isPartOf\":{\"@id\":\"https:\/\/kilim-age.com\/en\/#website\"},\"primaryImageOfPage\":{\"@id\":\"https:\/\/kilim-age.com\/es\/producto\/modern-abstract-carpet\/#primaryimage\"},\"image\":{\"@id\":\"https:\/\/kilim-age.com\/es\/producto\/modern-abstract-carpet\/#primaryimage\"},\"thumbnailUrl\":\"https:\/\/kilim-age.com\/wp-content\/uploads\/2022\/12\/KAMAXELL-A803A-ANTRASIT_MAVI.jpg\",\"datePublished\":\"2022-12-19T18:46:30+00:00\",\"dateModified\":\"2024-12-19T17:22:08+00:00\",\"description\":\"Modern style rugs from Turkey. The fabric is somewhat thicker compared to a classic carpet but when you touch it feels a very soft and pleasant touch\",\"breadcrumb\":{\"@id\":\"https:\/\/kilim-age.com\/es\/producto\/modern-abstract-carpet\/#breadcrumb\"},\"inLanguage\":\"es\",\"potentialAction\":[{\"@type\":\"ReadAction\",\"target\":[\"https:\/\/kilim-age.com\/es\/producto\/modern-abstract-carpet\/\"]}]},{\"@type\":\"ImageObject\",\"inLanguage\":\"es\",\"@id\":\"https:\/\/kilim-age.com\/es\/producto\/modern-abstract-carpet\/#primaryimage\",\"url\":\"https:\/\/kilim-age.com\/wp-content\/uploads\/2022\/12\/KAMAXELL-A803A-ANTRASIT_MAVI.jpg\",\"contentUrl\":\"https:\/\/kilim-age.com\/wp-content\/uploads\/2022\/12\/KAMAXELL-A803A-ANTRASIT_MAVI.jpg\",\"width\":1000,\"height\":1300,\"caption\":\"modern abstract carpet\"},{\"@type\":\"BreadcrumbList\",\"@id\":\"https:\/\/kilim-age.com\/es\/producto\/modern-abstract-carpet\/#breadcrumb\",\"itemListElement\":[{\"@type\":\"ListItem\",\"position\":1,\"name\":\"Home\",\"item\":\"https:\/\/kilim-age.com\/en\/\"},{\"@type\":\"ListItem\",\"position\":2,\"name\":\"Shop\",\"item\":\"https:\/\/kilim-age.com\/es\/shop\/\"},{\"@type\":\"ListItem\",\"position\":3,\"name\":\"ANTRASIT BLUE\"}]},{\"@type\":\"WebSite\",\"@id\":\"https:\/\/kilim-age.com\/en\/#website\",\"url\":\"https:\/\/kilim-age.com\/en\/\",\"name\":\"Kilim-Age\",\"description\":\"Somos especialistas en productos artesanales de Turqu\u00eda como Alfombras, y Kilims\",\"potentialAction\":[{\"@type\":\"SearchAction\",\"target\":{\"@type\":\"EntryPoint\",\"urlTemplate\":\"https:\/\/kilim-age.com\/en\/?s={search_term_string}\"},\"query-input\":{\"@type\":\"PropertyValueSpecification\",\"valueRequired\":true,\"valueName\":\"search_term_string\"}}],\"inLanguage\":\"es\"}]}<\/script>\n<!-- \/ Yoast SEO plugin. -->","yoast_head_json":{"title":"Modern Abstract Carpet | Kilim-Age","description":"Modern style rugs from Turkey. The fabric is somewhat thicker compared to a classic carpet but when you touch it feels a very soft and pleasant touch","robots":{"index":"index","follow":"follow","max-snippet":"max-snippet:-1","max-image-preview":"max-image-preview:large","max-video-preview":"max-video-preview:-1"},"canonical":"https:\/\/kilim-age.com\/es\/producto\/modern-abstract-carpet\/","og_locale":"es_ES","og_type":"article","og_title":"Modern Abstract Carpet | Kilim-Age","og_description":"Modern style rugs from Turkey. The fabric is somewhat thicker compared to a classic carpet but when you touch it feels a very soft and pleasant touch","og_url":"https:\/\/kilim-age.com\/es\/producto\/modern-abstract-carpet\/","og_site_name":"Kilim-Age","article_modified_time":"2024-12-19T17:22:08+00:00","og_image":[{"width":1000,"height":1300,"url":"https:\/\/kilim-age.com\/wp-content\/uploads\/2022\/12\/KAMAXELL-A803A-ANTRASIT_MAVI.jpg","type":"image\/jpeg"}],"twitter_card":"summary_large_image","twitter_misc":{"Tiempo de lectura":"1 minuto"},"schema":{"@context":"https:\/\/schema.org","@graph":[{"@type":"WebPage","@id":"https:\/\/kilim-age.com\/es\/producto\/modern-abstract-carpet\/","url":"https:\/\/kilim-age.com\/es\/producto\/modern-abstract-carpet\/","name":"Modern Abstract Carpet | Kilim-Age","isPartOf":{"@id":"https:\/\/kilim-age.com\/en\/#website"},"primaryImageOfPage":{"@id":"https:\/\/kilim-age.com\/es\/producto\/modern-abstract-carpet\/#primaryimage"},"image":{"@id":"https:\/\/kilim-age.com\/es\/producto\/modern-abstract-carpet\/#primaryimage"},"thumbnailUrl":"https:\/\/kilim-age.com\/wp-content\/uploads\/2022\/12\/KAMAXELL-A803A-ANTRASIT_MAVI.jpg","datePublished":"2022-12-19T18:46:30+00:00","dateModified":"2024-12-19T17:22:08+00:00","description":"Modern style rugs from Turkey. The fabric is somewhat thicker compared to a classic carpet but when you touch it feels a very soft and pleasant touch","breadcrumb":{"@id":"https:\/\/kilim-age.com\/es\/producto\/modern-abstract-carpet\/#breadcrumb"},"inLanguage":"es","potentialAction":[{"@type":"ReadAction","target":["https:\/\/kilim-age.com\/es\/producto\/modern-abstract-carpet\/"]}]},{"@type":"ImageObject","inLanguage":"es","@id":"https:\/\/kilim-age.com\/es\/producto\/modern-abstract-carpet\/#primaryimage","url":"https:\/\/kilim-age.com\/wp-content\/uploads\/2022\/12\/KAMAXELL-A803A-ANTRASIT_MAVI.jpg","contentUrl":"https:\/\/kilim-age.com\/wp-content\/uploads\/2022\/12\/KAMAXELL-A803A-ANTRASIT_MAVI.jpg","width":1000,"height":1300,"caption":"modern abstract carpet"},{"@type":"BreadcrumbList","@id":"https:\/\/kilim-age.com\/es\/producto\/modern-abstract-carpet\/#breadcrumb","itemListElement":[{"@type":"ListItem","position":1,"name":"Home","item":"https:\/\/kilim-age.com\/en\/"},{"@type":"ListItem","position":2,"name":"Shop","item":"https:\/\/kilim-age.com\/es\/shop\/"},{"@type":"ListItem","position":3,"name":"ANTRASIT BLUE"}]},{"@type":"WebSite","@id":"https:\/\/kilim-age.com\/en\/#website","url":"https:\/\/kilim-age.com\/en\/","name":"Kilim-Age","description":"Somos especialistas en productos artesanales de Turqu\u00eda como Alfombras, y Kilims","potentialAction":[{"@type":"SearchAction","target":{"@type":"EntryPoint","urlTemplate":"https:\/\/kilim-age.com\/en\/?s={search_term_string}"},"query-input":{"@type":"PropertyValueSpecification","valueRequired":true,"valueName":"search_term_string"}}],"inLanguage":"es"}]}},"_links":{"self":[{"href":"https:\/\/kilim-age.com\/es\/wp-json\/wp\/v2\/product\/27226","targetHints":{"allow":["GET"]}}],"collection":[{"href":"https:\/\/kilim-age.com\/es\/wp-json\/wp\/v2\/product"}],"about":[{"href":"https:\/\/kilim-age.com\/es\/wp-json\/wp\/v2\/types\/product"}],"replies":[{"embeddable":true,"href":"https:\/\/kilim-age.com\/es\/wp-json\/wp\/v2\/comments?post=27226"}],"wp:featuredmedia":[{"embeddable":true,"href":"https:\/\/kilim-age.com\/es\/wp-json\/wp\/v2\/media\/40973"}],"wp:attachment":[{"href":"https:\/\/kilim-age.com\/es\/wp-json\/wp\/v2\/media?parent=27226"}],"wp:term":[{"taxonomy":"product_brand","embeddable":true,"href":"https:\/\/kilim-age.com\/es\/wp-json\/wp\/v2\/product_brand?post=27226"},{"taxonomy":"product_cat","embeddable":true,"href":"https:\/\/kilim-age.com\/es\/wp-json\/wp\/v2\/product_cat?post=27226"},{"taxonomy":"product_tag","embeddable":true,"href":"https:\/\/kilim-age.com\/es\/wp-json\/wp\/v2\/product_tag?post=27226"}],"curies":[{"name":"wp","href":"https:\/\/api.w.org\/{rel}","templated":true}]}}