{"id":25092,"date":"2022-11-24T18:51:19","date_gmt":"2022-11-24T17:51:19","guid":{"rendered":"http:\/\/kilim-age.com\/?post_type=product&#038;p=25092"},"modified":"2025-12-09T11:38:53","modified_gmt":"2025-12-09T10:38:53","slug":"alfombras-grandes-para-salon-3","status":"publish","type":"product","link":"https:\/\/kilim-age.com\/es\/producto\/alfombras-grandes-para-salon-3\/","title":{"rendered":"Abstract Cream Blue"},"content":{"rendered":"<h1><span style=\"font-size: 75%;\">ALFOMBRAS GRANDES PARA SAL\u00d3N<\/span><\/h1>\n<p>\u00bfQuieres comprar una alfombra grande para tu sal\u00f3n? Esta alfombra moderna de l\u00edneas abstractas con medall\u00f3n fabricada en Turqu\u00eda y tejida mec\u00e1nica con estampado difuminado y original es ideal para ti. Est\u00e1 disponible en varias medidas a elegir en el desplegable. Con dise\u00f1o abstracto y original pero moderno realizado en fondo gris y azul y preciosas vetas de colores amarillas y azules. De pelo corto, suave al tacto y f\u00e1cil mantenimiento. Una alfombra \u00fanica capaz de adaptarse a cualquier espacio en tu casa, en tu despacho u oficina comercial.<\/p>\n<p>ALFOMBRAS MODERNAS<\/p>\n<p>Comprar Alfombras grandes para sal\u00f3n. Las alfombras modernas son una adaptaci\u00f3n de las <a href=\"http:\/\/kilim-age.com\/es\/categoria-producto\/alfombras-turcas\/alfombras-clasicas\/\">alfombras\u00a0cl\u00e1sicas<\/a>\u00a0a las nuevas tendencias y necesidades de dise\u00f1os actuales. \u00a0En el proceso de fabricaci\u00f3n siempre utilizamos materiales naturales de alta calidad.\u00a0Las alfombras modernas, se caracterizan por tener contraste de colores y formas m\u00e1s\u00a0<a href=\"https:\/\/es.wikipedia.org\/wiki\/Abstracci%C3%B3n_(filosof%C3%ADa)\">abstractas<\/a>. Tienen el pelo m\u00e1s corto que las alfombras cl\u00e1sicas de toda la vida, por ello, el tacto es muy suave y agradable.<\/p>\n<p>En su composici\u00f3n combinan materiales como algod\u00f3n, lana, seda y viscosa te\u00f1idos en tintes de minerales naturales. As\u00ed mismo, ofrecen un nivel de mantenimiento muy f\u00e1cil y tienen una calidad y resistencia inmejorable.<\/p>\n<p>\u00bfPOR QUE RECOMENDAMOS COMPRAR ALFOMBRAS MODERNAS ?<\/p>\n<p>Esta nueva tendencia de alfombras suponen una alternativa para aquellos ambientes m\u00e1s homog\u00e9neos. Una alfombra moderna fabricada en Turqu\u00eda se adapta a espacios de cualquier estilo y da un toque moderno y original, as\u00ed como una nota art\u00edstica al ambiente que queremos crear. Ofrece calidez y viste los espacios para darles consistencia y robustez.","protected":false},"excerpt":{"rendered":"<p style=\"text-align: left;\">Origen: Hecha en Turqu\u00eda<br \/>\nMaterial: Seda Bamb\u00fa y algod\u00f3n<br \/>\nGrosor aproximadamente: 7 mm<br \/>\n1.600.000 points\/m<sup>2<\/sup><br \/>\nEstado: Nuevo<br \/>\nTejido de alta precisi\u00f3n<br \/>\nTodas nuestras alfombras modernas est\u00e1n hechas con fibras naturales.<br \/>\nLos colores de la alfombra se percibir\u00e1n de formas diferentes dependiendo del \u00e1ngulo de visi\u00f3n<br \/>\nPlazo de entrega: 2-5 d\u00edas h\u00e1biles en Espa\u00f1a.<br \/>\nEuropa: 5-7 d\u00edas h\u00e1biles, resto de continentes 7-10 d\u00edas.<\/p>\n","protected":false},"featured_media":25093,"comment_status":"open","ping_status":"closed","template":"","meta":[],"product_brand":[],"product_cat":[62,232],"product_tag":[92,1071,1072],"class_list":{"0":"post-25092","1":"product","2":"type-product","3":"status-publish","4":"has-post-thumbnail","6":"product_cat-alfombras-turcas","7":"product_cat-alfombras-modernas","8":"product_tag-alfombra-moderna","9":"product_tag-alfombra-moderna-grande","10":"product_tag-alfombras-para-salon","11":"pa_color-beige","12":"pa_seleccionar-medidas-120x180-cm","13":"pa_seleccionar-medidas-160x230-cm","14":"pa_seleccionar-medidas-200x300-cm","15":"pa_seleccionar-medidas-240x340-cm","16":"pa_seleccionar-medidas-300x400-cm","17":"pa_seleccionar-medidas-80x150-cm","19":"first","20":"instock","21":"sale","22":"taxable","23":"shipping-taxable","24":"purchasable","25":"product-type-variable"},"yoast_head":"<!-- This site is optimized with the Yoast SEO plugin v24.8.1 - https:\/\/yoast.com\/wordpress\/plugins\/seo\/ -->\n<title>Alfombras Grandes Para Sal\u00f3n | Kilim-Age | Gran Variedad<\/title>\n<meta name=\"description\" content=\"Alfombras Grandes Para Sal\u00f3n en Kilim-Age. Alfombras modernas contempor\u00e1neas y Cl\u00e1sicas. Env\u00edos y devoluci\u00f3nes gratis.\" \/>\n<meta name=\"robots\" content=\"index, follow, max-snippet:-1, max-image-preview:large, max-video-preview:-1\" \/>\n<link rel=\"canonical\" href=\"https:\/\/www.kilim-age.com\/en\/producto\/alfombras-grandes-para-salon-3\/\" \/>\n<meta property=\"og:locale\" content=\"es_ES\" \/>\n<meta property=\"og:type\" content=\"article\" \/>\n<meta property=\"og:title\" content=\"Alfombras Grandes Para Sal\u00f3n | Kilim-Age | Gran Variedad\" \/>\n<meta property=\"og:description\" content=\"Alfombras Grandes Para Sal\u00f3n en Kilim-Age. Alfombras modernas contempor\u00e1neas y Cl\u00e1sicas. Env\u00edos y devoluci\u00f3nes gratis.\" \/>\n<meta property=\"og:url\" content=\"https:\/\/www.kilim-age.com\/en\/producto\/alfombras-grandes-para-salon-3\/\" \/>\n<meta property=\"og:site_name\" content=\"Kilim-Age\" \/>\n<meta property=\"article:modified_time\" content=\"2025-12-09T10:38:53+00:00\" \/>\n<meta property=\"og:image\" content=\"https:\/\/www.kilim-age.com\/wp-content\/uploads\/2022\/11\/MAXELL-B316I-CREAM-SH_D_BLUE-11.jpg\" \/>\n\t<meta property=\"og:image:width\" content=\"1000\" \/>\n\t<meta property=\"og:image:height\" content=\"1300\" \/>\n\t<meta property=\"og:image:type\" content=\"image\/jpeg\" \/>\n<meta name=\"twitter:card\" content=\"summary_large_image\" \/>\n<meta name=\"twitter:label1\" content=\"Tiempo de lectura\" \/>\n\t<meta name=\"twitter:data1\" content=\"2 minutos\" \/>\n<script type=\"application\/ld+json\" class=\"yoast-schema-graph\">{\"@context\":\"https:\/\/schema.org\",\"@graph\":[{\"@type\":\"WebPage\",\"@id\":\"https:\/\/www.kilim-age.com\/en\/producto\/alfombras-grandes-para-salon-3\/\",\"url\":\"https:\/\/www.kilim-age.com\/en\/producto\/alfombras-grandes-para-salon-3\/\",\"name\":\"Alfombras Grandes Para Sal\u00f3n | Kilim-Age | Gran Variedad\",\"isPartOf\":{\"@id\":\"https:\/\/kilim-age.com\/en\/#website\"},\"primaryImageOfPage\":{\"@id\":\"https:\/\/www.kilim-age.com\/en\/producto\/alfombras-grandes-para-salon-3\/#primaryimage\"},\"image\":{\"@id\":\"https:\/\/www.kilim-age.com\/en\/producto\/alfombras-grandes-para-salon-3\/#primaryimage\"},\"thumbnailUrl\":\"https:\/\/kilim-age.com\/wp-content\/uploads\/2022\/11\/MAXELL-B316I-CREAM-SH_D_BLUE-11.jpg\",\"datePublished\":\"2022-11-24T17:51:19+00:00\",\"dateModified\":\"2025-12-09T10:38:53+00:00\",\"description\":\"Alfombras Grandes Para Sal\u00f3n en Kilim-Age. Alfombras modernas contempor\u00e1neas y Cl\u00e1sicas. Env\u00edos y devoluci\u00f3nes gratis.\",\"breadcrumb\":{\"@id\":\"https:\/\/www.kilim-age.com\/en\/producto\/alfombras-grandes-para-salon-3\/#breadcrumb\"},\"inLanguage\":\"es\",\"potentialAction\":[{\"@type\":\"ReadAction\",\"target\":[\"https:\/\/www.kilim-age.com\/en\/producto\/alfombras-grandes-para-salon-3\/\"]}]},{\"@type\":\"ImageObject\",\"inLanguage\":\"es\",\"@id\":\"https:\/\/www.kilim-age.com\/en\/producto\/alfombras-grandes-para-salon-3\/#primaryimage\",\"url\":\"https:\/\/kilim-age.com\/wp-content\/uploads\/2022\/11\/MAXELL-B316I-CREAM-SH_D_BLUE-11.jpg\",\"contentUrl\":\"https:\/\/kilim-age.com\/wp-content\/uploads\/2022\/11\/MAXELL-B316I-CREAM-SH_D_BLUE-11.jpg\",\"width\":1000,\"height\":1300,\"caption\":\"Alfombras Grandes Para Sal\u00f3n\"},{\"@type\":\"BreadcrumbList\",\"@id\":\"https:\/\/www.kilim-age.com\/en\/producto\/alfombras-grandes-para-salon-3\/#breadcrumb\",\"itemListElement\":[{\"@type\":\"ListItem\",\"position\":1,\"name\":\"Home\",\"item\":\"https:\/\/kilim-age.com\/en\/\"},{\"@type\":\"ListItem\",\"position\":2,\"name\":\"Shop\",\"item\":\"https:\/\/kilim-age.com\/en\/shop\/\"},{\"@type\":\"ListItem\",\"position\":3,\"name\":\"ABSTRACT CREAM BLUE\"}]},{\"@type\":\"WebSite\",\"@id\":\"https:\/\/kilim-age.com\/en\/#website\",\"url\":\"https:\/\/kilim-age.com\/en\/\",\"name\":\"Kilim-Age\",\"description\":\"Somos especialistas en productos artesanales de Turqu\u00eda como Alfombras, y Kilims\",\"potentialAction\":[{\"@type\":\"SearchAction\",\"target\":{\"@type\":\"EntryPoint\",\"urlTemplate\":\"https:\/\/kilim-age.com\/en\/?s={search_term_string}\"},\"query-input\":{\"@type\":\"PropertyValueSpecification\",\"valueRequired\":true,\"valueName\":\"search_term_string\"}}],\"inLanguage\":\"es\"}]}<\/script>\n<!-- \/ Yoast SEO plugin. -->","yoast_head_json":{"title":"Alfombras Grandes Para Sal\u00f3n | Kilim-Age | Gran Variedad","description":"Alfombras Grandes Para Sal\u00f3n en Kilim-Age. Alfombras modernas contempor\u00e1neas y Cl\u00e1sicas. Env\u00edos y devoluci\u00f3nes gratis.","robots":{"index":"index","follow":"follow","max-snippet":"max-snippet:-1","max-image-preview":"max-image-preview:large","max-video-preview":"max-video-preview:-1"},"canonical":"https:\/\/www.kilim-age.com\/en\/producto\/alfombras-grandes-para-salon-3\/","og_locale":"es_ES","og_type":"article","og_title":"Alfombras Grandes Para Sal\u00f3n | Kilim-Age | Gran Variedad","og_description":"Alfombras Grandes Para Sal\u00f3n en Kilim-Age. Alfombras modernas contempor\u00e1neas y Cl\u00e1sicas. Env\u00edos y devoluci\u00f3nes gratis.","og_url":"https:\/\/www.kilim-age.com\/en\/producto\/alfombras-grandes-para-salon-3\/","og_site_name":"Kilim-Age","article_modified_time":"2025-12-09T10:38:53+00:00","og_image":[{"width":1000,"height":1300,"url":"https:\/\/www.kilim-age.com\/wp-content\/uploads\/2022\/11\/MAXELL-B316I-CREAM-SH_D_BLUE-11.jpg","type":"image\/jpeg"}],"twitter_card":"summary_large_image","twitter_misc":{"Tiempo de lectura":"2 minutos"},"schema":{"@context":"https:\/\/schema.org","@graph":[{"@type":"WebPage","@id":"https:\/\/www.kilim-age.com\/en\/producto\/alfombras-grandes-para-salon-3\/","url":"https:\/\/www.kilim-age.com\/en\/producto\/alfombras-grandes-para-salon-3\/","name":"Alfombras Grandes Para Sal\u00f3n | Kilim-Age | Gran Variedad","isPartOf":{"@id":"https:\/\/kilim-age.com\/en\/#website"},"primaryImageOfPage":{"@id":"https:\/\/www.kilim-age.com\/en\/producto\/alfombras-grandes-para-salon-3\/#primaryimage"},"image":{"@id":"https:\/\/www.kilim-age.com\/en\/producto\/alfombras-grandes-para-salon-3\/#primaryimage"},"thumbnailUrl":"https:\/\/kilim-age.com\/wp-content\/uploads\/2022\/11\/MAXELL-B316I-CREAM-SH_D_BLUE-11.jpg","datePublished":"2022-11-24T17:51:19+00:00","dateModified":"2025-12-09T10:38:53+00:00","description":"Alfombras Grandes Para Sal\u00f3n en Kilim-Age. Alfombras modernas contempor\u00e1neas y Cl\u00e1sicas. Env\u00edos y devoluci\u00f3nes gratis.","breadcrumb":{"@id":"https:\/\/www.kilim-age.com\/en\/producto\/alfombras-grandes-para-salon-3\/#breadcrumb"},"inLanguage":"es","potentialAction":[{"@type":"ReadAction","target":["https:\/\/www.kilim-age.com\/en\/producto\/alfombras-grandes-para-salon-3\/"]}]},{"@type":"ImageObject","inLanguage":"es","@id":"https:\/\/www.kilim-age.com\/en\/producto\/alfombras-grandes-para-salon-3\/#primaryimage","url":"https:\/\/kilim-age.com\/wp-content\/uploads\/2022\/11\/MAXELL-B316I-CREAM-SH_D_BLUE-11.jpg","contentUrl":"https:\/\/kilim-age.com\/wp-content\/uploads\/2022\/11\/MAXELL-B316I-CREAM-SH_D_BLUE-11.jpg","width":1000,"height":1300,"caption":"Alfombras Grandes Para Sal\u00f3n"},{"@type":"BreadcrumbList","@id":"https:\/\/www.kilim-age.com\/en\/producto\/alfombras-grandes-para-salon-3\/#breadcrumb","itemListElement":[{"@type":"ListItem","position":1,"name":"Home","item":"https:\/\/kilim-age.com\/en\/"},{"@type":"ListItem","position":2,"name":"Shop","item":"https:\/\/kilim-age.com\/en\/shop\/"},{"@type":"ListItem","position":3,"name":"ABSTRACT CREAM BLUE"}]},{"@type":"WebSite","@id":"https:\/\/kilim-age.com\/en\/#website","url":"https:\/\/kilim-age.com\/en\/","name":"Kilim-Age","description":"Somos especialistas en productos artesanales de Turqu\u00eda como Alfombras, y Kilims","potentialAction":[{"@type":"SearchAction","target":{"@type":"EntryPoint","urlTemplate":"https:\/\/kilim-age.com\/en\/?s={search_term_string}"},"query-input":{"@type":"PropertyValueSpecification","valueRequired":true,"valueName":"search_term_string"}}],"inLanguage":"es"}]}},"_links":{"self":[{"href":"https:\/\/kilim-age.com\/es\/wp-json\/wp\/v2\/product\/25092","targetHints":{"allow":["GET"]}}],"collection":[{"href":"https:\/\/kilim-age.com\/es\/wp-json\/wp\/v2\/product"}],"about":[{"href":"https:\/\/kilim-age.com\/es\/wp-json\/wp\/v2\/types\/product"}],"replies":[{"embeddable":true,"href":"https:\/\/kilim-age.com\/es\/wp-json\/wp\/v2\/comments?post=25092"}],"wp:featuredmedia":[{"embeddable":true,"href":"https:\/\/kilim-age.com\/es\/wp-json\/wp\/v2\/media\/25093"}],"wp:attachment":[{"href":"https:\/\/kilim-age.com\/es\/wp-json\/wp\/v2\/media?parent=25092"}],"wp:term":[{"taxonomy":"product_brand","embeddable":true,"href":"https:\/\/kilim-age.com\/es\/wp-json\/wp\/v2\/product_brand?post=25092"},{"taxonomy":"product_cat","embeddable":true,"href":"https:\/\/kilim-age.com\/es\/wp-json\/wp\/v2\/product_cat?post=25092"},{"taxonomy":"product_tag","embeddable":true,"href":"https:\/\/kilim-age.com\/es\/wp-json\/wp\/v2\/product_tag?post=25092"}],"curies":[{"name":"wp","href":"https:\/\/api.w.org\/{rel}","templated":true}]}}