{"id":2340,"date":"2017-05-23T12:00:30","date_gmt":"2017-05-23T12:00:30","guid":{"rendered":"http:\/\/kilim-age.com\/?post_type=product&#038;p=2340"},"modified":"2025-06-20T14:29:36","modified_gmt":"2025-06-20T12:29:36","slug":"kilim-sumak-bordado-146-x-100-cm","status":"publish","type":"product","link":"https:\/\/kilim-age.com\/es\/producto\/kilim-sumak-bordado-146-x-100-cm\/","title":{"rendered":"KILIM SUMAK BORDADO 146 X 100 cm"},"content":{"rendered":"El sumak es un tipo de t\u00e9cnica plana, bastante parecido, pero m\u00e1s fuerte y m\u00e1s grueso que el kilim, con una cara frontal lisa y una espalda desigual, a diferencia del kilim que es suave a ambos lados. En esta t\u00e9cnica la urdimbre es estirada hacia un lado y el hilo de trama es pasado por debajo de cuatro hilos de urdimbre que luego se hacen volver en el reverso bajo 2 hilos para luego avanzar de nuevo sobre 4 hilos, y as\u00ed sucesivamente. El sumak carece de las rendijas caracter\u00edsticas del kilim, ya que usualmente se teje con hilos de trama suplementarios como soportes continuos.<br \/>\nLos mejores ejemplares de esta alfombra llamado sumak provienen del C\u00e1ucaso, del noroeste de Ir\u00e1n, y de algunos otros regiones de as\u00eda central. Tambi\u00e9n Los tejedores kurdos en el este de Turqu\u00eda han producido a veces algunas ejemplares de soumak sin trama.<br \/>\nLas variaciones en las estructuras de soumak ocurren cuando la direcci\u00f3n de la envoltura se altera, o cuando el tejedor describe su dise\u00f1o en direcciones diagonales. A veces los segmentos de hilo est\u00e1n desplazados; Otras veces la estructura se invierte, de modo que la parte posterior usual sirve en su lugar como el frente. Hay pocas restricciones de dise\u00f1o con estas t\u00e9cnicas, por lo que los motivos han sido a menudo prestados de otras tradiciones de tejido.","protected":false},"excerpt":{"rendered":"<p>Fabricaci\u00f3n: Hecho a mano<br \/>\nTama\u00f1o:146 X 100 cm<br \/>\nEstado: Nuevo<br \/>\nOrigen: PERSA<br \/>\nMaterial: Algod\u00f3n y seda<br \/>\nGrosor aprox: 2-3 mm<br \/>\nTe\u00f1ido natural<br \/>\nLos colores de la alfombra se percibir\u00e1n de formas diferentes dependiendo del \u00e1ngulo de visi\u00f3n<\/p>\n","protected":false},"featured_media":2341,"comment_status":"open","ping_status":"closed","template":"","meta":[],"product_brand":[],"product_cat":[1054,61,829],"product_tag":[85,121],"class_list":{"0":"post-2340","1":"product","2":"type-product","3":"status-publish","4":"has-post-thumbnail","6":"product_cat-ofertas","7":"product_cat-kilims","8":"product_cat-toda-la-coleccion-kilim","9":"product_tag-kilim-sumak","10":"product_tag-sumak-kilim","11":"product_shipping_class-kilim-pequeno","12":"pa_ancho-cm-907","13":"pa_color-amarillo","14":"pa_color-beige","15":"pa_largo-cm-904","16":"pa_medida-pequenos","18":"first","19":"instock","20":"sale","21":"sold-individually","22":"taxable","23":"shipping-taxable","24":"purchasable","25":"product-type-simple"},"yoast_head":"<!-- This site is optimized with the Yoast SEO plugin v24.8.1 - https:\/\/yoast.com\/wordpress\/plugins\/seo\/ -->\n<title>KILIM SUMAK BORDADO 146 X 100 cm | Kilim-Age<\/title>\n<meta name=\"robots\" content=\"index, follow, max-snippet:-1, max-image-preview:large, max-video-preview:-1\" \/>\n<link rel=\"canonical\" href=\"https:\/\/kilim-age.com\/es\/producto\/kilim-sumak-bordado-146-x-100-cm\/\" \/>\n<meta property=\"og:locale\" content=\"es_ES\" \/>\n<meta property=\"og:type\" content=\"article\" \/>\n<meta property=\"og:title\" content=\"KILIM SUMAK BORDADO 146 X 100 cm | Kilim-Age\" \/>\n<meta property=\"og:description\" content=\"Fabricaci\u00f3n: Hecho a mano Tama\u00f1o:146 X 100 cm Estado: Nuevo Origen: PERSA Material: Algod\u00f3n y seda Grosor aprox: 2-3 mm Te\u00f1ido natural Los colores de la alfombra se percibir\u00e1n de formas diferentes dependiendo del \u00e1ngulo de visi\u00f3n\" \/>\n<meta property=\"og:url\" content=\"https:\/\/kilim-age.com\/es\/producto\/kilim-sumak-bordado-146-x-100-cm\/\" \/>\n<meta property=\"og:site_name\" content=\"Kilim-Age\" \/>\n<meta property=\"article:modified_time\" content=\"2025-06-20T12:29:36+00:00\" \/>\n<meta property=\"og:image\" content=\"https:\/\/kilim-age.com\/wp-content\/uploads\/2017\/05\/WEB-KA-1520-146X100.jpg\" \/>\n\t<meta property=\"og:image:width\" content=\"1000\" \/>\n\t<meta property=\"og:image:height\" content=\"1300\" \/>\n\t<meta property=\"og:image:type\" content=\"image\/jpeg\" \/>\n<meta name=\"twitter:card\" content=\"summary_large_image\" \/>\n<meta name=\"twitter:label1\" content=\"Tiempo de lectura\" \/>\n\t<meta name=\"twitter:data1\" content=\"2 minutos\" \/>\n<script type=\"application\/ld+json\" class=\"yoast-schema-graph\">{\"@context\":\"https:\/\/schema.org\",\"@graph\":[{\"@type\":\"WebPage\",\"@id\":\"https:\/\/kilim-age.com\/es\/producto\/kilim-sumak-bordado-146-x-100-cm\/\",\"url\":\"https:\/\/kilim-age.com\/es\/producto\/kilim-sumak-bordado-146-x-100-cm\/\",\"name\":\"KILIM SUMAK BORDADO 146 X 100 cm | Kilim-Age\",\"isPartOf\":{\"@id\":\"https:\/\/kilim-age.com\/en\/#website\"},\"primaryImageOfPage\":{\"@id\":\"https:\/\/kilim-age.com\/es\/producto\/kilim-sumak-bordado-146-x-100-cm\/#primaryimage\"},\"image\":{\"@id\":\"https:\/\/kilim-age.com\/es\/producto\/kilim-sumak-bordado-146-x-100-cm\/#primaryimage\"},\"thumbnailUrl\":\"https:\/\/kilim-age.com\/wp-content\/uploads\/2017\/05\/WEB-KA-1520-146X100.jpg\",\"datePublished\":\"2017-05-23T12:00:30+00:00\",\"dateModified\":\"2025-06-20T12:29:36+00:00\",\"breadcrumb\":{\"@id\":\"https:\/\/kilim-age.com\/es\/producto\/kilim-sumak-bordado-146-x-100-cm\/#breadcrumb\"},\"inLanguage\":\"es\",\"potentialAction\":[{\"@type\":\"ReadAction\",\"target\":[\"https:\/\/kilim-age.com\/es\/producto\/kilim-sumak-bordado-146-x-100-cm\/\"]}]},{\"@type\":\"ImageObject\",\"inLanguage\":\"es\",\"@id\":\"https:\/\/kilim-age.com\/es\/producto\/kilim-sumak-bordado-146-x-100-cm\/#primaryimage\",\"url\":\"https:\/\/kilim-age.com\/wp-content\/uploads\/2017\/05\/WEB-KA-1520-146X100.jpg\",\"contentUrl\":\"https:\/\/kilim-age.com\/wp-content\/uploads\/2017\/05\/WEB-KA-1520-146X100.jpg\",\"width\":1000,\"height\":1300,\"caption\":\"Kilim persa\"},{\"@type\":\"BreadcrumbList\",\"@id\":\"https:\/\/kilim-age.com\/es\/producto\/kilim-sumak-bordado-146-x-100-cm\/#breadcrumb\",\"itemListElement\":[{\"@type\":\"ListItem\",\"position\":1,\"name\":\"Home\",\"item\":\"https:\/\/kilim-age.com\/en\/\"},{\"@type\":\"ListItem\",\"position\":2,\"name\":\"Shop\",\"item\":\"https:\/\/kilim-age.com\/es\/shop\/\"},{\"@type\":\"ListItem\",\"position\":3,\"name\":\"KILIM SUMAK BORDADO 146 X 100 cm\"}]},{\"@type\":\"WebSite\",\"@id\":\"https:\/\/kilim-age.com\/en\/#website\",\"url\":\"https:\/\/kilim-age.com\/en\/\",\"name\":\"Kilim-Age\",\"description\":\"Somos especialistas en productos artesanales de Turqu\u00eda como Alfombras, y Kilims\",\"potentialAction\":[{\"@type\":\"SearchAction\",\"target\":{\"@type\":\"EntryPoint\",\"urlTemplate\":\"https:\/\/kilim-age.com\/en\/?s={search_term_string}\"},\"query-input\":{\"@type\":\"PropertyValueSpecification\",\"valueRequired\":true,\"valueName\":\"search_term_string\"}}],\"inLanguage\":\"es\"}]}<\/script>\n<!-- \/ Yoast SEO plugin. -->","yoast_head_json":{"title":"KILIM SUMAK BORDADO 146 X 100 cm | Kilim-Age","robots":{"index":"index","follow":"follow","max-snippet":"max-snippet:-1","max-image-preview":"max-image-preview:large","max-video-preview":"max-video-preview:-1"},"canonical":"https:\/\/kilim-age.com\/es\/producto\/kilim-sumak-bordado-146-x-100-cm\/","og_locale":"es_ES","og_type":"article","og_title":"KILIM SUMAK BORDADO 146 X 100 cm | Kilim-Age","og_description":"Fabricaci\u00f3n: Hecho a mano Tama\u00f1o:146 X 100 cm Estado: Nuevo Origen: PERSA Material: Algod\u00f3n y seda Grosor aprox: 2-3 mm Te\u00f1ido natural Los colores de la alfombra se percibir\u00e1n de formas diferentes dependiendo del \u00e1ngulo de visi\u00f3n","og_url":"https:\/\/kilim-age.com\/es\/producto\/kilim-sumak-bordado-146-x-100-cm\/","og_site_name":"Kilim-Age","article_modified_time":"2025-06-20T12:29:36+00:00","og_image":[{"width":1000,"height":1300,"url":"https:\/\/kilim-age.com\/wp-content\/uploads\/2017\/05\/WEB-KA-1520-146X100.jpg","type":"image\/jpeg"}],"twitter_card":"summary_large_image","twitter_misc":{"Tiempo de lectura":"2 minutos"},"schema":{"@context":"https:\/\/schema.org","@graph":[{"@type":"WebPage","@id":"https:\/\/kilim-age.com\/es\/producto\/kilim-sumak-bordado-146-x-100-cm\/","url":"https:\/\/kilim-age.com\/es\/producto\/kilim-sumak-bordado-146-x-100-cm\/","name":"KILIM SUMAK BORDADO 146 X 100 cm | Kilim-Age","isPartOf":{"@id":"https:\/\/kilim-age.com\/en\/#website"},"primaryImageOfPage":{"@id":"https:\/\/kilim-age.com\/es\/producto\/kilim-sumak-bordado-146-x-100-cm\/#primaryimage"},"image":{"@id":"https:\/\/kilim-age.com\/es\/producto\/kilim-sumak-bordado-146-x-100-cm\/#primaryimage"},"thumbnailUrl":"https:\/\/kilim-age.com\/wp-content\/uploads\/2017\/05\/WEB-KA-1520-146X100.jpg","datePublished":"2017-05-23T12:00:30+00:00","dateModified":"2025-06-20T12:29:36+00:00","breadcrumb":{"@id":"https:\/\/kilim-age.com\/es\/producto\/kilim-sumak-bordado-146-x-100-cm\/#breadcrumb"},"inLanguage":"es","potentialAction":[{"@type":"ReadAction","target":["https:\/\/kilim-age.com\/es\/producto\/kilim-sumak-bordado-146-x-100-cm\/"]}]},{"@type":"ImageObject","inLanguage":"es","@id":"https:\/\/kilim-age.com\/es\/producto\/kilim-sumak-bordado-146-x-100-cm\/#primaryimage","url":"https:\/\/kilim-age.com\/wp-content\/uploads\/2017\/05\/WEB-KA-1520-146X100.jpg","contentUrl":"https:\/\/kilim-age.com\/wp-content\/uploads\/2017\/05\/WEB-KA-1520-146X100.jpg","width":1000,"height":1300,"caption":"Kilim persa"},{"@type":"BreadcrumbList","@id":"https:\/\/kilim-age.com\/es\/producto\/kilim-sumak-bordado-146-x-100-cm\/#breadcrumb","itemListElement":[{"@type":"ListItem","position":1,"name":"Home","item":"https:\/\/kilim-age.com\/en\/"},{"@type":"ListItem","position":2,"name":"Shop","item":"https:\/\/kilim-age.com\/es\/shop\/"},{"@type":"ListItem","position":3,"name":"KILIM SUMAK BORDADO 146 X 100 cm"}]},{"@type":"WebSite","@id":"https:\/\/kilim-age.com\/en\/#website","url":"https:\/\/kilim-age.com\/en\/","name":"Kilim-Age","description":"Somos especialistas en productos artesanales de Turqu\u00eda como Alfombras, y Kilims","potentialAction":[{"@type":"SearchAction","target":{"@type":"EntryPoint","urlTemplate":"https:\/\/kilim-age.com\/en\/?s={search_term_string}"},"query-input":{"@type":"PropertyValueSpecification","valueRequired":true,"valueName":"search_term_string"}}],"inLanguage":"es"}]}},"_links":{"self":[{"href":"https:\/\/kilim-age.com\/es\/wp-json\/wp\/v2\/product\/2340","targetHints":{"allow":["GET"]}}],"collection":[{"href":"https:\/\/kilim-age.com\/es\/wp-json\/wp\/v2\/product"}],"about":[{"href":"https:\/\/kilim-age.com\/es\/wp-json\/wp\/v2\/types\/product"}],"replies":[{"embeddable":true,"href":"https:\/\/kilim-age.com\/es\/wp-json\/wp\/v2\/comments?post=2340"}],"wp:featuredmedia":[{"embeddable":true,"href":"https:\/\/kilim-age.com\/es\/wp-json\/wp\/v2\/media\/2341"}],"wp:attachment":[{"href":"https:\/\/kilim-age.com\/es\/wp-json\/wp\/v2\/media?parent=2340"}],"wp:term":[{"taxonomy":"product_brand","embeddable":true,"href":"https:\/\/kilim-age.com\/es\/wp-json\/wp\/v2\/product_brand?post=2340"},{"taxonomy":"product_cat","embeddable":true,"href":"https:\/\/kilim-age.com\/es\/wp-json\/wp\/v2\/product_cat?post=2340"},{"taxonomy":"product_tag","embeddable":true,"href":"https:\/\/kilim-age.com\/es\/wp-json\/wp\/v2\/product_tag?post=2340"}],"curies":[{"name":"wp","href":"https:\/\/api.w.org\/{rel}","templated":true}]}}