{"id":2157,"date":"2017-05-12T17:57:08","date_gmt":"2017-05-12T17:57:08","guid":{"rendered":"http:\/\/kilim-age.com\/?post_type=product&#038;p=2157"},"modified":"2025-06-20T14:31:31","modified_gmt":"2025-06-20T12:31:31","slug":"kilim-rahrah-141-x-104-cm","status":"publish","type":"product","link":"https:\/\/kilim-age.com\/es\/producto\/kilim-rahrah-141-x-104-cm\/","title":{"rendered":"KILIM RAHRAH 141 X 104 cm"},"content":{"rendered":"El Rahrah kilim es un tipo de t\u00e9cnica plana, bastante parecido, pero m\u00e1s fuerte y m\u00e1s grueso que un kilim, con una cara frontal lisa y una espalda desigual, a diferencia del kilim que es suave a ambos lados.<br \/>\nEn su elaboraci\u00f3n el urdimbre es estirada hacia un lado y el hilo de trama es pasado por debajo de cuatro hilos de urdimbre que luego se hacen volver en el reverso bajo 2 hilos, despu\u00e9s avanzar de nuevo sobre 4 hilos y as\u00ed repitiendo los mismos pasos. El kilim rahrah carece de las mismas caracter\u00edsticas del kilim, ya que usualmente se teje con hilos de trama suplementarios como soportes continuos.<br \/>\nLos mejores ejemplares de esta alfombra llamado rahrah, igual que los sumaks provienen originalmente de la regi\u00f3n de C\u00e1ucaso, el noroeste de Ir\u00e1n y otros regiones de as\u00eda central. Tambi\u00e9n Los tejedores kurdos en el este de Turqu\u00eda han producido a veces algunas ejemplares de soumak o rahrak kilim sin trama.","protected":false},"excerpt":{"rendered":"<p>Fabricaci\u00f3n: Hecho a mano<br \/>\nTama\u00f1o:141 X 104 cm<br \/>\nEstado: Nuevo<br \/>\nOrigen: Turqu\u00eda<br \/>\nMaterial: Lana<br \/>\nGrosor aprox: 3-4 mm<br \/>\nTe\u00f1ido colores naturales.<br \/>\nLos colores de la alfombra se percibir\u00e1n de formas diferentes dependiendo del \u00e1ngulo de visi\u00f3n<br \/>\nPlazo de entrega:3-6 d\u00edas h\u00e1biles en Espa\u00f1a peninsular.<br \/>\nEuropa: 7-10 d\u00edas h\u00e1biles, resto de continentes 15-20 d\u00edas.<\/p>\n","protected":false},"featured_media":2158,"comment_status":"open","ping_status":"closed","template":"","meta":[],"product_brand":[],"product_cat":[1054,61,829],"product_tag":[97,95],"class_list":{"0":"post-2157","1":"product","2":"type-product","3":"status-publish","4":"has-post-thumbnail","6":"product_cat-ofertas","7":"product_cat-kilims","8":"product_cat-toda-la-coleccion-kilim","9":"product_tag-kilim-rahrah","10":"product_tag-rahrah-kilim","11":"product_shipping_class-kilim-pequeno","12":"pa_ancho-cm-1024","13":"pa_color-terracota","14":"pa_largo-cm-915","15":"pa_medida-pequenos","17":"first","18":"instock","19":"sale","20":"sold-individually","21":"taxable","22":"shipping-taxable","23":"purchasable","24":"product-type-simple"},"yoast_head":"<!-- This site is optimized with the Yoast SEO plugin v24.8.1 - https:\/\/yoast.com\/wordpress\/plugins\/seo\/ -->\n<title>KILIM RAHRAH 141 X 104 cm | Kilim-Age<\/title>\n<meta name=\"robots\" content=\"index, follow, max-snippet:-1, max-image-preview:large, max-video-preview:-1\" \/>\n<link rel=\"canonical\" href=\"https:\/\/www.kilim-age.com\/es\/producto\/kilim-rahrah-141-x-104-cm\/\" \/>\n<meta property=\"og:locale\" content=\"es_ES\" \/>\n<meta property=\"og:type\" content=\"article\" \/>\n<meta property=\"og:title\" content=\"KILIM RAHRAH 141 X 104 cm | Kilim-Age\" \/>\n<meta property=\"og:description\" content=\"Fabricaci\u00f3n: Hecho a mano Tama\u00f1o:141 X 104 cm Estado: Nuevo Origen: Turqu\u00eda Material: Lana Grosor aprox: 3-4 mm Te\u00f1ido colores naturales. Los colores de la alfombra se percibir\u00e1n de formas diferentes dependiendo del \u00e1ngulo de visi\u00f3n Plazo de entrega:3-6 d\u00edas h\u00e1biles en Espa\u00f1a peninsular. Europa: 7-10 d\u00edas h\u00e1biles, resto de continentes 15-20 d\u00edas.\" \/>\n<meta property=\"og:url\" content=\"https:\/\/www.kilim-age.com\/es\/producto\/kilim-rahrah-141-x-104-cm\/\" \/>\n<meta property=\"og:site_name\" content=\"Kilim-Age\" \/>\n<meta property=\"article:modified_time\" content=\"2025-06-20T12:31:31+00:00\" \/>\n<meta property=\"og:image\" content=\"https:\/\/www.kilim-age.com\/wp-content\/uploads\/2017\/05\/RAHRAH-WEB-KA-141X104.jpg\" \/>\n\t<meta property=\"og:image:width\" content=\"1000\" \/>\n\t<meta property=\"og:image:height\" content=\"1300\" \/>\n\t<meta property=\"og:image:type\" content=\"image\/jpeg\" \/>\n<meta name=\"twitter:card\" content=\"summary_large_image\" \/>\n<meta name=\"twitter:label1\" content=\"Tiempo de lectura\" \/>\n\t<meta name=\"twitter:data1\" content=\"2 minutos\" \/>\n<script type=\"application\/ld+json\" class=\"yoast-schema-graph\">{\"@context\":\"https:\/\/schema.org\",\"@graph\":[{\"@type\":\"WebPage\",\"@id\":\"https:\/\/www.kilim-age.com\/es\/producto\/kilim-rahrah-141-x-104-cm\/\",\"url\":\"https:\/\/www.kilim-age.com\/es\/producto\/kilim-rahrah-141-x-104-cm\/\",\"name\":\"KILIM RAHRAH 141 X 104 cm | Kilim-Age\",\"isPartOf\":{\"@id\":\"https:\/\/kilim-age.com\/en\/#website\"},\"primaryImageOfPage\":{\"@id\":\"https:\/\/www.kilim-age.com\/es\/producto\/kilim-rahrah-141-x-104-cm\/#primaryimage\"},\"image\":{\"@id\":\"https:\/\/www.kilim-age.com\/es\/producto\/kilim-rahrah-141-x-104-cm\/#primaryimage\"},\"thumbnailUrl\":\"https:\/\/kilim-age.com\/wp-content\/uploads\/2017\/05\/RAHRAH-WEB-KA-141X104.jpg\",\"datePublished\":\"2017-05-12T17:57:08+00:00\",\"dateModified\":\"2025-06-20T12:31:31+00:00\",\"breadcrumb\":{\"@id\":\"https:\/\/www.kilim-age.com\/es\/producto\/kilim-rahrah-141-x-104-cm\/#breadcrumb\"},\"inLanguage\":\"es\",\"potentialAction\":[{\"@type\":\"ReadAction\",\"target\":[\"https:\/\/www.kilim-age.com\/es\/producto\/kilim-rahrah-141-x-104-cm\/\"]}]},{\"@type\":\"ImageObject\",\"inLanguage\":\"es\",\"@id\":\"https:\/\/www.kilim-age.com\/es\/producto\/kilim-rahrah-141-x-104-cm\/#primaryimage\",\"url\":\"https:\/\/kilim-age.com\/wp-content\/uploads\/2017\/05\/RAHRAH-WEB-KA-141X104.jpg\",\"contentUrl\":\"https:\/\/kilim-age.com\/wp-content\/uploads\/2017\/05\/RAHRAH-WEB-KA-141X104.jpg\",\"width\":1000,\"height\":1300,\"caption\":\"Kilim\"},{\"@type\":\"BreadcrumbList\",\"@id\":\"https:\/\/www.kilim-age.com\/es\/producto\/kilim-rahrah-141-x-104-cm\/#breadcrumb\",\"itemListElement\":[{\"@type\":\"ListItem\",\"position\":1,\"name\":\"Home\",\"item\":\"https:\/\/kilim-age.com\/en\/\"},{\"@type\":\"ListItem\",\"position\":2,\"name\":\"Shop\",\"item\":\"https:\/\/kilim-age.com\/es\/shop\/\"},{\"@type\":\"ListItem\",\"position\":3,\"name\":\"KILIM RAHRAH 141 X 104 cm\"}]},{\"@type\":\"WebSite\",\"@id\":\"https:\/\/kilim-age.com\/en\/#website\",\"url\":\"https:\/\/kilim-age.com\/en\/\",\"name\":\"Kilim-Age\",\"description\":\"Somos especialistas en productos artesanales de Turqu\u00eda como Alfombras, y Kilims\",\"potentialAction\":[{\"@type\":\"SearchAction\",\"target\":{\"@type\":\"EntryPoint\",\"urlTemplate\":\"https:\/\/kilim-age.com\/en\/?s={search_term_string}\"},\"query-input\":{\"@type\":\"PropertyValueSpecification\",\"valueRequired\":true,\"valueName\":\"search_term_string\"}}],\"inLanguage\":\"es\"}]}<\/script>\n<!-- \/ Yoast SEO plugin. -->","yoast_head_json":{"title":"KILIM RAHRAH 141 X 104 cm | Kilim-Age","robots":{"index":"index","follow":"follow","max-snippet":"max-snippet:-1","max-image-preview":"max-image-preview:large","max-video-preview":"max-video-preview:-1"},"canonical":"https:\/\/www.kilim-age.com\/es\/producto\/kilim-rahrah-141-x-104-cm\/","og_locale":"es_ES","og_type":"article","og_title":"KILIM RAHRAH 141 X 104 cm | Kilim-Age","og_description":"Fabricaci\u00f3n: Hecho a mano Tama\u00f1o:141 X 104 cm Estado: Nuevo Origen: Turqu\u00eda Material: Lana Grosor aprox: 3-4 mm Te\u00f1ido colores naturales. Los colores de la alfombra se percibir\u00e1n de formas diferentes dependiendo del \u00e1ngulo de visi\u00f3n Plazo de entrega:3-6 d\u00edas h\u00e1biles en Espa\u00f1a peninsular. Europa: 7-10 d\u00edas h\u00e1biles, resto de continentes 15-20 d\u00edas.","og_url":"https:\/\/www.kilim-age.com\/es\/producto\/kilim-rahrah-141-x-104-cm\/","og_site_name":"Kilim-Age","article_modified_time":"2025-06-20T12:31:31+00:00","og_image":[{"width":1000,"height":1300,"url":"https:\/\/www.kilim-age.com\/wp-content\/uploads\/2017\/05\/RAHRAH-WEB-KA-141X104.jpg","type":"image\/jpeg"}],"twitter_card":"summary_large_image","twitter_misc":{"Tiempo de lectura":"2 minutos"},"schema":{"@context":"https:\/\/schema.org","@graph":[{"@type":"WebPage","@id":"https:\/\/www.kilim-age.com\/es\/producto\/kilim-rahrah-141-x-104-cm\/","url":"https:\/\/www.kilim-age.com\/es\/producto\/kilim-rahrah-141-x-104-cm\/","name":"KILIM RAHRAH 141 X 104 cm | Kilim-Age","isPartOf":{"@id":"https:\/\/kilim-age.com\/en\/#website"},"primaryImageOfPage":{"@id":"https:\/\/www.kilim-age.com\/es\/producto\/kilim-rahrah-141-x-104-cm\/#primaryimage"},"image":{"@id":"https:\/\/www.kilim-age.com\/es\/producto\/kilim-rahrah-141-x-104-cm\/#primaryimage"},"thumbnailUrl":"https:\/\/kilim-age.com\/wp-content\/uploads\/2017\/05\/RAHRAH-WEB-KA-141X104.jpg","datePublished":"2017-05-12T17:57:08+00:00","dateModified":"2025-06-20T12:31:31+00:00","breadcrumb":{"@id":"https:\/\/www.kilim-age.com\/es\/producto\/kilim-rahrah-141-x-104-cm\/#breadcrumb"},"inLanguage":"es","potentialAction":[{"@type":"ReadAction","target":["https:\/\/www.kilim-age.com\/es\/producto\/kilim-rahrah-141-x-104-cm\/"]}]},{"@type":"ImageObject","inLanguage":"es","@id":"https:\/\/www.kilim-age.com\/es\/producto\/kilim-rahrah-141-x-104-cm\/#primaryimage","url":"https:\/\/kilim-age.com\/wp-content\/uploads\/2017\/05\/RAHRAH-WEB-KA-141X104.jpg","contentUrl":"https:\/\/kilim-age.com\/wp-content\/uploads\/2017\/05\/RAHRAH-WEB-KA-141X104.jpg","width":1000,"height":1300,"caption":"Kilim"},{"@type":"BreadcrumbList","@id":"https:\/\/www.kilim-age.com\/es\/producto\/kilim-rahrah-141-x-104-cm\/#breadcrumb","itemListElement":[{"@type":"ListItem","position":1,"name":"Home","item":"https:\/\/kilim-age.com\/en\/"},{"@type":"ListItem","position":2,"name":"Shop","item":"https:\/\/kilim-age.com\/es\/shop\/"},{"@type":"ListItem","position":3,"name":"KILIM RAHRAH 141 X 104 cm"}]},{"@type":"WebSite","@id":"https:\/\/kilim-age.com\/en\/#website","url":"https:\/\/kilim-age.com\/en\/","name":"Kilim-Age","description":"Somos especialistas en productos artesanales de Turqu\u00eda como Alfombras, y Kilims","potentialAction":[{"@type":"SearchAction","target":{"@type":"EntryPoint","urlTemplate":"https:\/\/kilim-age.com\/en\/?s={search_term_string}"},"query-input":{"@type":"PropertyValueSpecification","valueRequired":true,"valueName":"search_term_string"}}],"inLanguage":"es"}]}},"_links":{"self":[{"href":"https:\/\/kilim-age.com\/es\/wp-json\/wp\/v2\/product\/2157","targetHints":{"allow":["GET"]}}],"collection":[{"href":"https:\/\/kilim-age.com\/es\/wp-json\/wp\/v2\/product"}],"about":[{"href":"https:\/\/kilim-age.com\/es\/wp-json\/wp\/v2\/types\/product"}],"replies":[{"embeddable":true,"href":"https:\/\/kilim-age.com\/es\/wp-json\/wp\/v2\/comments?post=2157"}],"wp:featuredmedia":[{"embeddable":true,"href":"https:\/\/kilim-age.com\/es\/wp-json\/wp\/v2\/media\/2158"}],"wp:attachment":[{"href":"https:\/\/kilim-age.com\/es\/wp-json\/wp\/v2\/media?parent=2157"}],"wp:term":[{"taxonomy":"product_brand","embeddable":true,"href":"https:\/\/kilim-age.com\/es\/wp-json\/wp\/v2\/product_brand?post=2157"},{"taxonomy":"product_cat","embeddable":true,"href":"https:\/\/kilim-age.com\/es\/wp-json\/wp\/v2\/product_cat?post=2157"},{"taxonomy":"product_tag","embeddable":true,"href":"https:\/\/kilim-age.com\/es\/wp-json\/wp\/v2\/product_tag?post=2157"}],"curies":[{"name":"wp","href":"https:\/\/api.w.org\/{rel}","templated":true}]}}