{"id":2054,"date":"2017-05-12T10:24:12","date_gmt":"2017-05-12T10:24:12","guid":{"rendered":"http:\/\/kilim-age.com\/?post_type=product&#038;p=2054"},"modified":"2021-02-17T11:06:53","modified_gmt":"2021-02-17T11:06:53","slug":"kilim-sumak-embroidered-190-x-75-cm","status":"publish","type":"product","link":"https:\/\/kilim-age.com\/es\/producto\/kilim-sumak-embroidered-190-x-75-cm\/","title":{"rendered":"KILIM SUMAK 190 X 75 cm"},"content":{"rendered":"El Sumak es un tipo de t\u00e9cnica plana, bastante parecido, pero m\u00e1s fuerte y m\u00e1s grueso que un kilim, con una cara frontal lisa y una espalda desigual, a diferencia del kilim que es suave a ambos lados.<br \/>\nEn su elaboraci\u00f3n el urdimbre es estirada hacia un lado y el hilo de trama es pasado por debajo de cuatro hilos de urdimbre que luego se hacen volver en el reverso bajo 2 hilos, despu\u00e9s avanzar de nuevo sobre 4 hilos y as\u00ed repitiendo los mismos pasos. El Kilim Sumak carece de las mismas caracter\u00edsticas del kilim, ya que usualmente se teje con hilos de trama suplementarios como soportes continuos.<br \/>\nLos mejores ejemplares de esta alfombra llamado SUMAK (Soumak), provienen originalmente de la regi\u00f3n de C\u00e1ucaso, el noroeste de Ir\u00e1n y otros regiones de as\u00eda central. Tambi\u00e9n Los tejedores kurdos en el este de Turqu\u00eda han producido a veces algunas ejemplares de soumak o kilim sin trama.","protected":false},"excerpt":{"rendered":"<p>Fabricaci\u00f3n: Hecho a mano<br \/>\nTama\u00f1o:190 X 75 cm<br \/>\nEstado: Nuevo<br \/>\nOrigen: PERSA<br \/>\nMaterial: Algod\u00f3n y seda<br \/>\nGrosor aprox: 2-3 mm<br \/>\nTe\u00f1ido natural<br \/>\nLos colores de la alfombra se percibir\u00e1n de formas diferentes dependiendo del \u00e1ngulo de visi\u00f3n<br \/>\nPlazo de entrega:3-6 d\u00edas h\u00e1biles en Espa\u00f1a peninsular.<br \/>\nEuropa: 7-10 d\u00edas h\u00e1biles, resto de continentes 15-20 d\u00edas.<\/p>\n","protected":false},"featured_media":2061,"comment_status":"open","ping_status":"closed","template":"","meta":[],"product_brand":[],"product_cat":[61,829],"product_tag":[73,85,121],"class_list":{"0":"post-2054","1":"product","2":"type-product","3":"status-publish","4":"has-post-thumbnail","6":"product_cat-kilims","7":"product_cat-toda-la-coleccion-kilim","8":"product_tag-anatolian-kilim","9":"product_tag-kilim-sumak","10":"product_tag-sumak-kilim","11":"product_shipping_class-kilim-mediano","12":"pa_medida-pasilleros","13":"pa_medida-pequenos","15":"first","16":"outofstock","17":"sale","18":"taxable","19":"shipping-taxable","20":"purchasable","21":"product-type-simple"},"yoast_head":"<!-- This site is optimized with the Yoast SEO plugin v24.8.1 - https:\/\/yoast.com\/wordpress\/plugins\/seo\/ -->\n<title>KILIM SUMAK 190 X 75 cm | Kilim-Age<\/title>\n<meta name=\"robots\" content=\"index, follow, max-snippet:-1, max-image-preview:large, max-video-preview:-1\" \/>\n<link rel=\"canonical\" href=\"https:\/\/www.kilim-age.com\/es\/producto\/kilim-sumak-embroidered-190-x-75-cm\/\" \/>\n<meta property=\"og:locale\" content=\"es_ES\" \/>\n<meta property=\"og:type\" content=\"article\" \/>\n<meta property=\"og:title\" content=\"KILIM SUMAK 190 X 75 cm | Kilim-Age\" \/>\n<meta property=\"og:description\" content=\"Fabricaci\u00f3n: Hecho a mano Tama\u00f1o:190 X 75 cm Estado: Nuevo Origen: PERSA Material: Algod\u00f3n y seda Grosor aprox: 2-3 mm Te\u00f1ido natural Los colores de la alfombra se percibir\u00e1n de formas diferentes dependiendo del \u00e1ngulo de visi\u00f3n Plazo de entrega:3-6 d\u00edas h\u00e1biles en Espa\u00f1a peninsular. Europa: 7-10 d\u00edas h\u00e1biles, resto de continentes 15-20 d\u00edas.\" \/>\n<meta property=\"og:url\" content=\"https:\/\/www.kilim-age.com\/es\/producto\/kilim-sumak-embroidered-190-x-75-cm\/\" \/>\n<meta property=\"og:site_name\" content=\"Kilim-Age\" \/>\n<meta property=\"article:modified_time\" content=\"2021-02-17T11:06:53+00:00\" \/>\n<meta property=\"og:image\" content=\"https:\/\/www.kilim-age.com\/wp-content\/uploads\/2017\/05\/WEB-KA-1516-190X075.jpg\" \/>\n\t<meta property=\"og:image:width\" content=\"1000\" \/>\n\t<meta property=\"og:image:height\" content=\"1500\" \/>\n\t<meta property=\"og:image:type\" content=\"image\/jpeg\" \/>\n<meta name=\"twitter:card\" content=\"summary_large_image\" \/>\n<meta name=\"twitter:label1\" content=\"Tiempo de lectura\" \/>\n\t<meta name=\"twitter:data1\" content=\"2 minutos\" \/>\n<script type=\"application\/ld+json\" class=\"yoast-schema-graph\">{\"@context\":\"https:\/\/schema.org\",\"@graph\":[{\"@type\":\"WebPage\",\"@id\":\"https:\/\/www.kilim-age.com\/es\/producto\/kilim-sumak-embroidered-190-x-75-cm\/\",\"url\":\"https:\/\/www.kilim-age.com\/es\/producto\/kilim-sumak-embroidered-190-x-75-cm\/\",\"name\":\"KILIM SUMAK 190 X 75 cm | Kilim-Age\",\"isPartOf\":{\"@id\":\"https:\/\/kilim-age.com\/en\/#website\"},\"primaryImageOfPage\":{\"@id\":\"https:\/\/www.kilim-age.com\/es\/producto\/kilim-sumak-embroidered-190-x-75-cm\/#primaryimage\"},\"image\":{\"@id\":\"https:\/\/www.kilim-age.com\/es\/producto\/kilim-sumak-embroidered-190-x-75-cm\/#primaryimage\"},\"thumbnailUrl\":\"https:\/\/kilim-age.com\/wp-content\/uploads\/2017\/05\/WEB-KA-1516-190X075.jpg\",\"datePublished\":\"2017-05-12T10:24:12+00:00\",\"dateModified\":\"2021-02-17T11:06:53+00:00\",\"breadcrumb\":{\"@id\":\"https:\/\/www.kilim-age.com\/es\/producto\/kilim-sumak-embroidered-190-x-75-cm\/#breadcrumb\"},\"inLanguage\":\"es\",\"potentialAction\":[{\"@type\":\"ReadAction\",\"target\":[\"https:\/\/www.kilim-age.com\/es\/producto\/kilim-sumak-embroidered-190-x-75-cm\/\"]}]},{\"@type\":\"ImageObject\",\"inLanguage\":\"es\",\"@id\":\"https:\/\/www.kilim-age.com\/es\/producto\/kilim-sumak-embroidered-190-x-75-cm\/#primaryimage\",\"url\":\"https:\/\/kilim-age.com\/wp-content\/uploads\/2017\/05\/WEB-KA-1516-190X075.jpg\",\"contentUrl\":\"https:\/\/kilim-age.com\/wp-content\/uploads\/2017\/05\/WEB-KA-1516-190X075.jpg\",\"width\":1000,\"height\":1500},{\"@type\":\"BreadcrumbList\",\"@id\":\"https:\/\/www.kilim-age.com\/es\/producto\/kilim-sumak-embroidered-190-x-75-cm\/#breadcrumb\",\"itemListElement\":[{\"@type\":\"ListItem\",\"position\":1,\"name\":\"Home\",\"item\":\"https:\/\/kilim-age.com\/en\/\"},{\"@type\":\"ListItem\",\"position\":2,\"name\":\"Shop\",\"item\":\"https:\/\/kilim-age.com\/es\/shop\/\"},{\"@type\":\"ListItem\",\"position\":3,\"name\":\"KILIM SUMAK 190 X 75 cm\"}]},{\"@type\":\"WebSite\",\"@id\":\"https:\/\/kilim-age.com\/en\/#website\",\"url\":\"https:\/\/kilim-age.com\/en\/\",\"name\":\"Kilim-Age\",\"description\":\"Somos especialistas en productos artesanales de Turqu\u00eda como Alfombras, y Kilims\",\"potentialAction\":[{\"@type\":\"SearchAction\",\"target\":{\"@type\":\"EntryPoint\",\"urlTemplate\":\"https:\/\/kilim-age.com\/en\/?s={search_term_string}\"},\"query-input\":{\"@type\":\"PropertyValueSpecification\",\"valueRequired\":true,\"valueName\":\"search_term_string\"}}],\"inLanguage\":\"es\"}]}<\/script>\n<!-- \/ Yoast SEO plugin. -->","yoast_head_json":{"title":"KILIM SUMAK 190 X 75 cm | Kilim-Age","robots":{"index":"index","follow":"follow","max-snippet":"max-snippet:-1","max-image-preview":"max-image-preview:large","max-video-preview":"max-video-preview:-1"},"canonical":"https:\/\/www.kilim-age.com\/es\/producto\/kilim-sumak-embroidered-190-x-75-cm\/","og_locale":"es_ES","og_type":"article","og_title":"KILIM SUMAK 190 X 75 cm | Kilim-Age","og_description":"Fabricaci\u00f3n: Hecho a mano Tama\u00f1o:190 X 75 cm Estado: Nuevo Origen: PERSA Material: Algod\u00f3n y seda Grosor aprox: 2-3 mm Te\u00f1ido natural Los colores de la alfombra se percibir\u00e1n de formas diferentes dependiendo del \u00e1ngulo de visi\u00f3n Plazo de entrega:3-6 d\u00edas h\u00e1biles en Espa\u00f1a peninsular. Europa: 7-10 d\u00edas h\u00e1biles, resto de continentes 15-20 d\u00edas.","og_url":"https:\/\/www.kilim-age.com\/es\/producto\/kilim-sumak-embroidered-190-x-75-cm\/","og_site_name":"Kilim-Age","article_modified_time":"2021-02-17T11:06:53+00:00","og_image":[{"width":1000,"height":1500,"url":"https:\/\/www.kilim-age.com\/wp-content\/uploads\/2017\/05\/WEB-KA-1516-190X075.jpg","type":"image\/jpeg"}],"twitter_card":"summary_large_image","twitter_misc":{"Tiempo de lectura":"2 minutos"},"schema":{"@context":"https:\/\/schema.org","@graph":[{"@type":"WebPage","@id":"https:\/\/www.kilim-age.com\/es\/producto\/kilim-sumak-embroidered-190-x-75-cm\/","url":"https:\/\/www.kilim-age.com\/es\/producto\/kilim-sumak-embroidered-190-x-75-cm\/","name":"KILIM SUMAK 190 X 75 cm | Kilim-Age","isPartOf":{"@id":"https:\/\/kilim-age.com\/en\/#website"},"primaryImageOfPage":{"@id":"https:\/\/www.kilim-age.com\/es\/producto\/kilim-sumak-embroidered-190-x-75-cm\/#primaryimage"},"image":{"@id":"https:\/\/www.kilim-age.com\/es\/producto\/kilim-sumak-embroidered-190-x-75-cm\/#primaryimage"},"thumbnailUrl":"https:\/\/kilim-age.com\/wp-content\/uploads\/2017\/05\/WEB-KA-1516-190X075.jpg","datePublished":"2017-05-12T10:24:12+00:00","dateModified":"2021-02-17T11:06:53+00:00","breadcrumb":{"@id":"https:\/\/www.kilim-age.com\/es\/producto\/kilim-sumak-embroidered-190-x-75-cm\/#breadcrumb"},"inLanguage":"es","potentialAction":[{"@type":"ReadAction","target":["https:\/\/www.kilim-age.com\/es\/producto\/kilim-sumak-embroidered-190-x-75-cm\/"]}]},{"@type":"ImageObject","inLanguage":"es","@id":"https:\/\/www.kilim-age.com\/es\/producto\/kilim-sumak-embroidered-190-x-75-cm\/#primaryimage","url":"https:\/\/kilim-age.com\/wp-content\/uploads\/2017\/05\/WEB-KA-1516-190X075.jpg","contentUrl":"https:\/\/kilim-age.com\/wp-content\/uploads\/2017\/05\/WEB-KA-1516-190X075.jpg","width":1000,"height":1500},{"@type":"BreadcrumbList","@id":"https:\/\/www.kilim-age.com\/es\/producto\/kilim-sumak-embroidered-190-x-75-cm\/#breadcrumb","itemListElement":[{"@type":"ListItem","position":1,"name":"Home","item":"https:\/\/kilim-age.com\/en\/"},{"@type":"ListItem","position":2,"name":"Shop","item":"https:\/\/kilim-age.com\/es\/shop\/"},{"@type":"ListItem","position":3,"name":"KILIM SUMAK 190 X 75 cm"}]},{"@type":"WebSite","@id":"https:\/\/kilim-age.com\/en\/#website","url":"https:\/\/kilim-age.com\/en\/","name":"Kilim-Age","description":"Somos especialistas en productos artesanales de Turqu\u00eda como Alfombras, y Kilims","potentialAction":[{"@type":"SearchAction","target":{"@type":"EntryPoint","urlTemplate":"https:\/\/kilim-age.com\/en\/?s={search_term_string}"},"query-input":{"@type":"PropertyValueSpecification","valueRequired":true,"valueName":"search_term_string"}}],"inLanguage":"es"}]}},"_links":{"self":[{"href":"https:\/\/kilim-age.com\/es\/wp-json\/wp\/v2\/product\/2054","targetHints":{"allow":["GET"]}}],"collection":[{"href":"https:\/\/kilim-age.com\/es\/wp-json\/wp\/v2\/product"}],"about":[{"href":"https:\/\/kilim-age.com\/es\/wp-json\/wp\/v2\/types\/product"}],"replies":[{"embeddable":true,"href":"https:\/\/kilim-age.com\/es\/wp-json\/wp\/v2\/comments?post=2054"}],"wp:featuredmedia":[{"embeddable":true,"href":"https:\/\/kilim-age.com\/es\/wp-json\/wp\/v2\/media\/2061"}],"wp:attachment":[{"href":"https:\/\/kilim-age.com\/es\/wp-json\/wp\/v2\/media?parent=2054"}],"wp:term":[{"taxonomy":"product_brand","embeddable":true,"href":"https:\/\/kilim-age.com\/es\/wp-json\/wp\/v2\/product_brand?post=2054"},{"taxonomy":"product_cat","embeddable":true,"href":"https:\/\/kilim-age.com\/es\/wp-json\/wp\/v2\/product_cat?post=2054"},{"taxonomy":"product_tag","embeddable":true,"href":"https:\/\/kilim-age.com\/es\/wp-json\/wp\/v2\/product_tag?post=2054"}],"curies":[{"name":"wp","href":"https:\/\/api.w.org\/{rel}","templated":true}]}}