{"id":19724,"date":"2021-07-24T19:49:50","date_gmt":"2021-07-24T17:49:50","guid":{"rendered":"http:\/\/kilim-age.com\/?post_type=product&#038;p=19724"},"modified":"2025-06-14T17:25:39","modified_gmt":"2025-06-14T15:25:39","slug":"kilim-pasillero-rahrah-tierra","status":"publish","type":"product","link":"https:\/\/kilim-age.com\/es\/producto\/kilim-pasillero-rahrah-tierra\/","title":{"rendered":"KILIM BORDADO RAHRAH PARA PASILLO 85 x 290 cm"},"content":{"rendered":"<h1><span style=\"font-size: 75%;\">KILIMS PASILLERO RAHRAH TIERRA<\/span><\/h1>\n<p>\u00a1Kilims para pasillo! Kilim tipo bordado tejido artesanalmente en <a href=\"https:\/\/www.lonelyplanet.es\/asia\/turquia\">Turqu\u00eda<\/a> en la regi\u00f3n de Anatolia. Su lana totalmente hilado a mano, todos los colores de este kilim son 100% naturales.<\/p>\n<p>Kilim Rahrah es un tipo de t\u00e9cnica plana, bastante parecido, pero m\u00e1s fuerte y mas grueso que el kilim, con una cara frontal lisa y una espalda desigual, a diferencia del kilim que es suave a ambos lados. Rahrah kilim carece de las rendijas caracter\u00edsticas del kilim, ya que usualmente se teje con hilos de trama suplementarios como soportes continuos.<br \/>\nLa t\u00e9cnica consiste en envolver hilos de trama de color sobre y debajo de los hilos de urdimbre, dando como resultado un fuerte tejido.<\/p>\n<h2><span style=\"font-size: 75%;\">\u00bfQUE ES KILIM?<\/span><\/h2>\n<p>El kilim es un tejido simple con un urdimbre y tramo. B\u00e1sicamente se distingue por no tener \u201cpelos\u201d como la <a href=\"http:\/\/kilim-age.com\/es\/alfombras-modernas-entre-lo-clasico-y-lo-actual\/\">alfombra<\/a>.<br \/>\nNacieron hace unos 3.500 a\u00f1os en Asia Central, desde donde se fueron extendiendo hacia Europa Oriental, \u00c1frica del Norte y m\u00e1s tarde Europa Occidental. Son consideradas, por tanto, las alfombras m\u00e1s antiguas del mundo. El origen n\u00f3mada de quienes lo usaban en la antig\u00fcedad, hicieron que tuviesen una caracter\u00edstica especial en la trama de urdimbre, plana y sin nudos, para evitar el paso de la arena del desierto, ya que acompa\u00f1aban a sus due\u00f1os como maletas o como divisorios en las tiendas que armaban en los viajes. Los dise\u00f1os estaban llenos de simbolismo, de deseos, de mensajes o de pedidos por ejemplo los motivos con forma de S anunciaban un feliz acontecimiento. En general se confeccionaban sin un patr\u00f3n previo que los daba espontaneidad y exclusividad a cada pieza, los actuales no respetan a estos tradiciones pero mantienen el esp\u00edritu \u00e1gil del tejido original.<br \/>\nUna de las principales ventajas del kilim es pesa muy poco, es liviana y nos transmite una imagen fresca y ligera.","protected":false},"excerpt":{"rendered":"<p>Fabricaci\u00f3n: Hecho a mano<br \/>\nTama\u00f1o: 85 X 290 cm<br \/>\nEstado: 15-20 a\u00f1os<br \/>\nOrigen: Turqu\u00eda<br \/>\nMaterial: Lana<br \/>\nGrosor aprox: 2-3 mm<br \/>\nTe\u00f1ido con colores naturales<br \/>\nPlazo de entrega: 2-5 d\u00edas h\u00e1biles en Espa\u00f1a peninsular.<br \/>\nEuropa: 5-7 d\u00edas h\u00e1biles, resto de continentes 7-10 d\u00edas.<\/p>\n","protected":false},"featured_media":19725,"comment_status":"open","ping_status":"closed","template":"","meta":[],"product_brand":[],"product_cat":[61,829,783],"product_tag":[73,168,90],"class_list":{"0":"post-19724","1":"product","2":"type-product","3":"status-publish","4":"has-post-thumbnail","6":"product_cat-kilims","7":"product_cat-toda-la-coleccion-kilim","8":"product_cat-kilim-pasilleros","9":"product_tag-anatolian-kilim","10":"product_tag-cicim-kilim","11":"product_tag-kilim-pasillero","12":"product_shipping_class-kilim-mediano","13":"pa_ancho-cm-940","14":"pa_color-teja","15":"pa_color-terracota","16":"pa_largo-cm-986","18":"first","19":"instock","20":"sale","21":"sold-individually","22":"purchasable","23":"product-type-simple"},"yoast_head":"<!-- This site is optimized with the Yoast SEO plugin v24.8.1 - https:\/\/yoast.com\/wordpress\/plugins\/seo\/ -->\n<title>KILIM BORDADO RAHRAH PARA PASILLO 85 x 290 cm | Kilim-Age<\/title>\n<meta name=\"description\" content=\"Kilim Pasillero turca. Kilim bordado tejido a mano 100% hacha con fibras naturales. Ofertas dese -40%\" \/>\n<meta name=\"robots\" content=\"index, follow, max-snippet:-1, max-image-preview:large, max-video-preview:-1\" \/>\n<link rel=\"canonical\" href=\"https:\/\/kilim-age.com\/es\/producto\/kilim-pasillero-rahrah-tierra\/\" \/>\n<meta property=\"og:locale\" content=\"es_ES\" \/>\n<meta property=\"og:type\" content=\"article\" \/>\n<meta property=\"og:title\" content=\"KILIM BORDADO RAHRAH PARA PASILLO 85 x 290 cm | Kilim-Age\" \/>\n<meta property=\"og:description\" content=\"Kilim Pasillero turca. Kilim bordado tejido a mano 100% hacha con fibras naturales. Ofertas dese -40%\" \/>\n<meta property=\"og:url\" content=\"https:\/\/kilim-age.com\/en\/producto\/kilim-pasillero-rahrah-tierra\/\" \/>\n<meta property=\"og:site_name\" content=\"Kilim-Age\" \/>\n<meta property=\"article:modified_time\" content=\"2025-06-14T15:25:39+00:00\" \/>\n<meta property=\"og:image\" content=\"https:\/\/kilim-age.com\/wp-content\/uploads\/2021\/07\/226.jpg\" \/>\n\t<meta property=\"og:image:width\" content=\"1000\" \/>\n\t<meta property=\"og:image:height\" content=\"1300\" \/>\n\t<meta property=\"og:image:type\" content=\"image\/jpeg\" \/>\n<meta name=\"twitter:card\" content=\"summary_large_image\" \/>\n<meta name=\"twitter:label1\" content=\"Tiempo de lectura\" \/>\n\t<meta name=\"twitter:data1\" content=\"2 minutos\" \/>\n<script type=\"application\/ld+json\" class=\"yoast-schema-graph\">{\"@context\":\"https:\/\/schema.org\",\"@graph\":[{\"@type\":\"WebPage\",\"@id\":\"https:\/\/kilim-age.com\/en\/producto\/kilim-pasillero-rahrah-tierra\/\",\"url\":\"https:\/\/kilim-age.com\/en\/producto\/kilim-pasillero-rahrah-tierra\/\",\"name\":\"KILIM BORDADO RAHRAH PARA PASILLO 85 x 290 cm | Kilim-Age\",\"isPartOf\":{\"@id\":\"https:\/\/kilim-age.com\/en\/#website\"},\"primaryImageOfPage\":{\"@id\":\"https:\/\/kilim-age.com\/en\/producto\/kilim-pasillero-rahrah-tierra\/#primaryimage\"},\"image\":{\"@id\":\"https:\/\/kilim-age.com\/en\/producto\/kilim-pasillero-rahrah-tierra\/#primaryimage\"},\"thumbnailUrl\":\"https:\/\/kilim-age.com\/wp-content\/uploads\/2021\/07\/226.jpg\",\"datePublished\":\"2021-07-24T17:49:50+00:00\",\"dateModified\":\"2025-06-14T15:25:39+00:00\",\"description\":\"Kilim Pasillero turca. Kilim bordado tejido a mano 100% hacha con fibras naturales. Ofertas dese -40%\",\"breadcrumb\":{\"@id\":\"https:\/\/kilim-age.com\/en\/producto\/kilim-pasillero-rahrah-tierra\/#breadcrumb\"},\"inLanguage\":\"es\",\"potentialAction\":[{\"@type\":\"ReadAction\",\"target\":[\"https:\/\/kilim-age.com\/en\/producto\/kilim-pasillero-rahrah-tierra\/\"]}]},{\"@type\":\"ImageObject\",\"inLanguage\":\"es\",\"@id\":\"https:\/\/kilim-age.com\/en\/producto\/kilim-pasillero-rahrah-tierra\/#primaryimage\",\"url\":\"https:\/\/kilim-age.com\/wp-content\/uploads\/2021\/07\/226.jpg\",\"contentUrl\":\"https:\/\/kilim-age.com\/wp-content\/uploads\/2021\/07\/226.jpg\",\"width\":1000,\"height\":1300,\"caption\":\"Kilim Pasillero\"},{\"@type\":\"BreadcrumbList\",\"@id\":\"https:\/\/kilim-age.com\/en\/producto\/kilim-pasillero-rahrah-tierra\/#breadcrumb\",\"itemListElement\":[{\"@type\":\"ListItem\",\"position\":1,\"name\":\"Home\",\"item\":\"https:\/\/kilim-age.com\/en\/\"},{\"@type\":\"ListItem\",\"position\":2,\"name\":\"Shop\",\"item\":\"https:\/\/kilim-age.com\/es\/shop\/\"},{\"@type\":\"ListItem\",\"position\":3,\"name\":\"HALLWAY KILIM RUNNER RAHRAH 85 x 290 cm\"}]},{\"@type\":\"WebSite\",\"@id\":\"https:\/\/kilim-age.com\/en\/#website\",\"url\":\"https:\/\/kilim-age.com\/en\/\",\"name\":\"Kilim-Age\",\"description\":\"Somos especialistas en productos artesanales de Turqu\u00eda como Alfombras, y Kilims\",\"potentialAction\":[{\"@type\":\"SearchAction\",\"target\":{\"@type\":\"EntryPoint\",\"urlTemplate\":\"https:\/\/kilim-age.com\/en\/?s={search_term_string}\"},\"query-input\":{\"@type\":\"PropertyValueSpecification\",\"valueRequired\":true,\"valueName\":\"search_term_string\"}}],\"inLanguage\":\"es\"}]}<\/script>\n<!-- \/ Yoast SEO plugin. -->","yoast_head_json":{"title":"KILIM BORDADO RAHRAH PARA PASILLO 85 x 290 cm | Kilim-Age","description":"Kilim Pasillero turca. Kilim bordado tejido a mano 100% hacha con fibras naturales. Ofertas dese -40%","robots":{"index":"index","follow":"follow","max-snippet":"max-snippet:-1","max-image-preview":"max-image-preview:large","max-video-preview":"max-video-preview:-1"},"canonical":"https:\/\/kilim-age.com\/es\/producto\/kilim-pasillero-rahrah-tierra\/","og_locale":"es_ES","og_type":"article","og_title":"KILIM BORDADO RAHRAH PARA PASILLO 85 x 290 cm | Kilim-Age","og_description":"Kilim Pasillero turca. Kilim bordado tejido a mano 100% hacha con fibras naturales. Ofertas dese -40%","og_url":"https:\/\/kilim-age.com\/en\/producto\/kilim-pasillero-rahrah-tierra\/","og_site_name":"Kilim-Age","article_modified_time":"2025-06-14T15:25:39+00:00","og_image":[{"width":1000,"height":1300,"url":"https:\/\/kilim-age.com\/wp-content\/uploads\/2021\/07\/226.jpg","type":"image\/jpeg"}],"twitter_card":"summary_large_image","twitter_misc":{"Tiempo de lectura":"2 minutos"},"schema":{"@context":"https:\/\/schema.org","@graph":[{"@type":"WebPage","@id":"https:\/\/kilim-age.com\/en\/producto\/kilim-pasillero-rahrah-tierra\/","url":"https:\/\/kilim-age.com\/en\/producto\/kilim-pasillero-rahrah-tierra\/","name":"KILIM BORDADO RAHRAH PARA PASILLO 85 x 290 cm | Kilim-Age","isPartOf":{"@id":"https:\/\/kilim-age.com\/en\/#website"},"primaryImageOfPage":{"@id":"https:\/\/kilim-age.com\/en\/producto\/kilim-pasillero-rahrah-tierra\/#primaryimage"},"image":{"@id":"https:\/\/kilim-age.com\/en\/producto\/kilim-pasillero-rahrah-tierra\/#primaryimage"},"thumbnailUrl":"https:\/\/kilim-age.com\/wp-content\/uploads\/2021\/07\/226.jpg","datePublished":"2021-07-24T17:49:50+00:00","dateModified":"2025-06-14T15:25:39+00:00","description":"Kilim Pasillero turca. Kilim bordado tejido a mano 100% hacha con fibras naturales. Ofertas dese -40%","breadcrumb":{"@id":"https:\/\/kilim-age.com\/en\/producto\/kilim-pasillero-rahrah-tierra\/#breadcrumb"},"inLanguage":"es","potentialAction":[{"@type":"ReadAction","target":["https:\/\/kilim-age.com\/en\/producto\/kilim-pasillero-rahrah-tierra\/"]}]},{"@type":"ImageObject","inLanguage":"es","@id":"https:\/\/kilim-age.com\/en\/producto\/kilim-pasillero-rahrah-tierra\/#primaryimage","url":"https:\/\/kilim-age.com\/wp-content\/uploads\/2021\/07\/226.jpg","contentUrl":"https:\/\/kilim-age.com\/wp-content\/uploads\/2021\/07\/226.jpg","width":1000,"height":1300,"caption":"Kilim Pasillero"},{"@type":"BreadcrumbList","@id":"https:\/\/kilim-age.com\/en\/producto\/kilim-pasillero-rahrah-tierra\/#breadcrumb","itemListElement":[{"@type":"ListItem","position":1,"name":"Home","item":"https:\/\/kilim-age.com\/en\/"},{"@type":"ListItem","position":2,"name":"Shop","item":"https:\/\/kilim-age.com\/es\/shop\/"},{"@type":"ListItem","position":3,"name":"HALLWAY KILIM RUNNER RAHRAH 85 x 290 cm"}]},{"@type":"WebSite","@id":"https:\/\/kilim-age.com\/en\/#website","url":"https:\/\/kilim-age.com\/en\/","name":"Kilim-Age","description":"Somos especialistas en productos artesanales de Turqu\u00eda como Alfombras, y Kilims","potentialAction":[{"@type":"SearchAction","target":{"@type":"EntryPoint","urlTemplate":"https:\/\/kilim-age.com\/en\/?s={search_term_string}"},"query-input":{"@type":"PropertyValueSpecification","valueRequired":true,"valueName":"search_term_string"}}],"inLanguage":"es"}]}},"_links":{"self":[{"href":"https:\/\/kilim-age.com\/es\/wp-json\/wp\/v2\/product\/19724","targetHints":{"allow":["GET"]}}],"collection":[{"href":"https:\/\/kilim-age.com\/es\/wp-json\/wp\/v2\/product"}],"about":[{"href":"https:\/\/kilim-age.com\/es\/wp-json\/wp\/v2\/types\/product"}],"replies":[{"embeddable":true,"href":"https:\/\/kilim-age.com\/es\/wp-json\/wp\/v2\/comments?post=19724"}],"wp:featuredmedia":[{"embeddable":true,"href":"https:\/\/kilim-age.com\/es\/wp-json\/wp\/v2\/media\/19725"}],"wp:attachment":[{"href":"https:\/\/kilim-age.com\/es\/wp-json\/wp\/v2\/media?parent=19724"}],"wp:term":[{"taxonomy":"product_brand","embeddable":true,"href":"https:\/\/kilim-age.com\/es\/wp-json\/wp\/v2\/product_brand?post=19724"},{"taxonomy":"product_cat","embeddable":true,"href":"https:\/\/kilim-age.com\/es\/wp-json\/wp\/v2\/product_cat?post=19724"},{"taxonomy":"product_tag","embeddable":true,"href":"https:\/\/kilim-age.com\/es\/wp-json\/wp\/v2\/product_tag?post=19724"}],"curies":[{"name":"wp","href":"https:\/\/api.w.org\/{rel}","templated":true}]}}