{"id":18906,"date":"2021-05-26T16:36:53","date_gmt":"2021-05-26T14:36:53","guid":{"rendered":"http:\/\/kilim-age.com\/?post_type=product&#038;p=18906"},"modified":"2025-06-27T12:49:54","modified_gmt":"2025-06-27T10:49:54","slug":"suzani-naranja-205-136","status":"publish","type":"product","link":"https:\/\/kilim-age.com\/es\/producto\/suzani-naranja-205-136\/","title":{"rendered":"Suzani rojo 136&#215;205 cm"},"content":{"rendered":"<h3><strong>COMPRAR SUZANI ONLINE<\/strong><\/h3>\n<p>Los Suzanis son tipos de telas bordados con seda en Asia central, tienen or\u00edgenes tan legendarios como los motivos que cubren su hermosa superficie. Son fascinantes por su simbolismo tanto en el uso del color (rojo significa fuego y sol, los azules encarnan el cielo, y los verdes representan la primavera y la juventud) as\u00ed como, por sus dise\u00f1os como flores y otros elementos naturales.<\/p>\n<p>Los Suzanis de Nurata, Samarkand, Bukhara, Shahrisyabz, Tashkent y Fergana son m\u00e1s conocidos con respecto a sus colores, material, patr\u00f3n y el tipo de puntadas utilizadas. Los bordados var\u00edan seg\u00fan la regi\u00f3n, tribu, familia y artesanos que los realizan.<\/p>\n<p>En cuanto a los colores, todos sus colores imparten un significado profundo: los amarillos y las naranjas representan el conocimiento. Las telas Suzani son utilizadas tambi\u00e9n en <a href=\"http:\/\/kilim-age.com\/es\/categoria-producto\/suzani\/bolsos-suzani\/\">bolsos<\/a> y <a href=\"http:\/\/kilim-age.com\/es\/categoria-producto\/suzani\/suzani-cojines\/\">cojines<\/a>. \u00a1Prueba a combinarlos!","protected":false},"excerpt":{"rendered":"<p>Precioso Suzani bordado con seda de colores planos rojos con acabados brillantes sobre una base de tela de algod\u00f3n lisa color blanca. Una pieza \u00fanica llena de simbolismo con motivos florales como tulipanes, hojas y claveles para decorar paredes, sof\u00e1s o incluso las camas del dormitorio.<\/p>\n<p>Con esta maravillosa pieza dar\u00e1s un toque \u00e9tnico y colorido a ese espacio favorito.<\/p>\n<p>Fabricaci\u00f3n: Hecho a mano<br \/>\nTama\u00f1o: 136&#215;205 cm<br \/>\nEstado: Nuevo<br \/>\nOrigen: Uzbekist\u00e1n \/ Tela Suzani<br \/>\nMaterial: Seda<br \/>\nGrosor aprox: 1-2 mm<br \/>\nPlazo de entrega: 2-5 d\u00edas h\u00e1biles en Espa\u00f1a peninsular.<br \/>\nEuropa: 5-7 d\u00edas h\u00e1biles, resto de continentes 7-10 d\u00edas.<\/p>\n","protected":false},"featured_media":18983,"comment_status":"open","ping_status":"closed","template":"","meta":[],"product_brand":[],"product_cat":[84,828],"product_tag":[868,867,281,282,866],"class_list":{"0":"post-18906","1":"product","2":"type-product","3":"status-publish","4":"has-post-thumbnail","6":"product_cat-suzani","7":"product_cat-telas-suzani","8":"product_tag-comprar-suzani-online","9":"product_tag-decoracion-etnica","10":"product_tag-suzani-cloth","11":"product_tag-tela-suzani","12":"product_tag-telas-etnicas","13":"product_shipping_class-suzanni","15":"first","16":"outofstock","17":"sale","18":"sold-individually","19":"taxable","20":"shipping-taxable","21":"purchasable","22":"product-type-simple"},"yoast_head":"<!-- This site is optimized with the Yoast SEO plugin v24.8.1 - https:\/\/yoast.com\/wordpress\/plugins\/seo\/ -->\n<title>Tela Suzani de seda bordada sobre algod\u00f3n de 205 X 136 cm<\/title>\n<meta name=\"description\" content=\"Suzani bordado con seda de colores planos rojos con acabados brillantes sobre una base de tela de algod\u00f3n lisa color blanca.\" \/>\n<meta name=\"robots\" content=\"index, follow, max-snippet:-1, max-image-preview:large, max-video-preview:-1\" \/>\n<link rel=\"canonical\" href=\"https:\/\/www.kilim-age.com\/en\/producto\/suzani-naranja-205-136\/\" \/>\n<meta property=\"og:locale\" content=\"es_ES\" \/>\n<meta property=\"og:type\" content=\"article\" \/>\n<meta property=\"og:title\" content=\"Tela Suzani de seda bordada sobre algod\u00f3n de 205 X 136 cm\" \/>\n<meta property=\"og:description\" content=\"Suzani bordado con seda de colores planos rojos con acabados brillantes sobre una base de tela de algod\u00f3n lisa color blanca.\" \/>\n<meta property=\"og:url\" content=\"https:\/\/www.kilim-age.com\/en\/producto\/suzani-naranja-205-136\/\" \/>\n<meta property=\"og:site_name\" content=\"Kilim-Age\" \/>\n<meta property=\"article:modified_time\" content=\"2025-06-27T10:49:54+00:00\" \/>\n<meta property=\"og:image\" content=\"https:\/\/www.kilim-age.com\/wp-content\/uploads\/2021\/05\/Suzani-Rojo.jpg\" \/>\n\t<meta property=\"og:image:width\" content=\"1000\" \/>\n\t<meta property=\"og:image:height\" content=\"1300\" \/>\n\t<meta property=\"og:image:type\" content=\"image\/jpeg\" \/>\n<meta name=\"twitter:card\" content=\"summary_large_image\" \/>\n<meta name=\"twitter:label1\" content=\"Tiempo de lectura\" \/>\n\t<meta name=\"twitter:data1\" content=\"1 minuto\" \/>\n<script type=\"application\/ld+json\" class=\"yoast-schema-graph\">{\"@context\":\"https:\/\/schema.org\",\"@graph\":[{\"@type\":\"WebPage\",\"@id\":\"https:\/\/www.kilim-age.com\/en\/producto\/suzani-naranja-205-136\/\",\"url\":\"https:\/\/www.kilim-age.com\/en\/producto\/suzani-naranja-205-136\/\",\"name\":\"Tela Suzani de seda bordada sobre algod\u00f3n de 205 X 136 cm\",\"isPartOf\":{\"@id\":\"https:\/\/kilim-age.com\/en\/#website\"},\"primaryImageOfPage\":{\"@id\":\"https:\/\/www.kilim-age.com\/en\/producto\/suzani-naranja-205-136\/#primaryimage\"},\"image\":{\"@id\":\"https:\/\/www.kilim-age.com\/en\/producto\/suzani-naranja-205-136\/#primaryimage\"},\"thumbnailUrl\":\"https:\/\/kilim-age.com\/wp-content\/uploads\/2021\/05\/Suzani-Rojo.jpg\",\"datePublished\":\"2021-05-26T14:36:53+00:00\",\"dateModified\":\"2025-06-27T10:49:54+00:00\",\"description\":\"Suzani bordado con seda de colores planos rojos con acabados brillantes sobre una base de tela de algod\u00f3n lisa color blanca.\",\"breadcrumb\":{\"@id\":\"https:\/\/www.kilim-age.com\/en\/producto\/suzani-naranja-205-136\/#breadcrumb\"},\"inLanguage\":\"es\",\"potentialAction\":[{\"@type\":\"ReadAction\",\"target\":[\"https:\/\/www.kilim-age.com\/en\/producto\/suzani-naranja-205-136\/\"]}]},{\"@type\":\"ImageObject\",\"inLanguage\":\"es\",\"@id\":\"https:\/\/www.kilim-age.com\/en\/producto\/suzani-naranja-205-136\/#primaryimage\",\"url\":\"https:\/\/kilim-age.com\/wp-content\/uploads\/2021\/05\/Suzani-Rojo.jpg\",\"contentUrl\":\"https:\/\/kilim-age.com\/wp-content\/uploads\/2021\/05\/Suzani-Rojo.jpg\",\"width\":1000,\"height\":1300},{\"@type\":\"BreadcrumbList\",\"@id\":\"https:\/\/www.kilim-age.com\/en\/producto\/suzani-naranja-205-136\/#breadcrumb\",\"itemListElement\":[{\"@type\":\"ListItem\",\"position\":1,\"name\":\"Home\",\"item\":\"https:\/\/kilim-age.com\/en\/\"},{\"@type\":\"ListItem\",\"position\":2,\"name\":\"Shop\",\"item\":\"https:\/\/kilim-age.com\/en\/shop\/\"},{\"@type\":\"ListItem\",\"position\":3,\"name\":\"Red Suzani 136&#215;205 cm\"}]},{\"@type\":\"WebSite\",\"@id\":\"https:\/\/kilim-age.com\/en\/#website\",\"url\":\"https:\/\/kilim-age.com\/en\/\",\"name\":\"Kilim-Age\",\"description\":\"Somos especialistas en productos artesanales de Turqu\u00eda como Alfombras, y Kilims\",\"potentialAction\":[{\"@type\":\"SearchAction\",\"target\":{\"@type\":\"EntryPoint\",\"urlTemplate\":\"https:\/\/kilim-age.com\/en\/?s={search_term_string}\"},\"query-input\":{\"@type\":\"PropertyValueSpecification\",\"valueRequired\":true,\"valueName\":\"search_term_string\"}}],\"inLanguage\":\"es\"}]}<\/script>\n<!-- \/ Yoast SEO plugin. -->","yoast_head_json":{"title":"Tela Suzani de seda bordada sobre algod\u00f3n de 205 X 136 cm","description":"Suzani bordado con seda de colores planos rojos con acabados brillantes sobre una base de tela de algod\u00f3n lisa color blanca.","robots":{"index":"index","follow":"follow","max-snippet":"max-snippet:-1","max-image-preview":"max-image-preview:large","max-video-preview":"max-video-preview:-1"},"canonical":"https:\/\/www.kilim-age.com\/en\/producto\/suzani-naranja-205-136\/","og_locale":"es_ES","og_type":"article","og_title":"Tela Suzani de seda bordada sobre algod\u00f3n de 205 X 136 cm","og_description":"Suzani bordado con seda de colores planos rojos con acabados brillantes sobre una base de tela de algod\u00f3n lisa color blanca.","og_url":"https:\/\/www.kilim-age.com\/en\/producto\/suzani-naranja-205-136\/","og_site_name":"Kilim-Age","article_modified_time":"2025-06-27T10:49:54+00:00","og_image":[{"width":1000,"height":1300,"url":"https:\/\/www.kilim-age.com\/wp-content\/uploads\/2021\/05\/Suzani-Rojo.jpg","type":"image\/jpeg"}],"twitter_card":"summary_large_image","twitter_misc":{"Tiempo de lectura":"1 minuto"},"schema":{"@context":"https:\/\/schema.org","@graph":[{"@type":"WebPage","@id":"https:\/\/www.kilim-age.com\/en\/producto\/suzani-naranja-205-136\/","url":"https:\/\/www.kilim-age.com\/en\/producto\/suzani-naranja-205-136\/","name":"Tela Suzani de seda bordada sobre algod\u00f3n de 205 X 136 cm","isPartOf":{"@id":"https:\/\/kilim-age.com\/en\/#website"},"primaryImageOfPage":{"@id":"https:\/\/www.kilim-age.com\/en\/producto\/suzani-naranja-205-136\/#primaryimage"},"image":{"@id":"https:\/\/www.kilim-age.com\/en\/producto\/suzani-naranja-205-136\/#primaryimage"},"thumbnailUrl":"https:\/\/kilim-age.com\/wp-content\/uploads\/2021\/05\/Suzani-Rojo.jpg","datePublished":"2021-05-26T14:36:53+00:00","dateModified":"2025-06-27T10:49:54+00:00","description":"Suzani bordado con seda de colores planos rojos con acabados brillantes sobre una base de tela de algod\u00f3n lisa color blanca.","breadcrumb":{"@id":"https:\/\/www.kilim-age.com\/en\/producto\/suzani-naranja-205-136\/#breadcrumb"},"inLanguage":"es","potentialAction":[{"@type":"ReadAction","target":["https:\/\/www.kilim-age.com\/en\/producto\/suzani-naranja-205-136\/"]}]},{"@type":"ImageObject","inLanguage":"es","@id":"https:\/\/www.kilim-age.com\/en\/producto\/suzani-naranja-205-136\/#primaryimage","url":"https:\/\/kilim-age.com\/wp-content\/uploads\/2021\/05\/Suzani-Rojo.jpg","contentUrl":"https:\/\/kilim-age.com\/wp-content\/uploads\/2021\/05\/Suzani-Rojo.jpg","width":1000,"height":1300},{"@type":"BreadcrumbList","@id":"https:\/\/www.kilim-age.com\/en\/producto\/suzani-naranja-205-136\/#breadcrumb","itemListElement":[{"@type":"ListItem","position":1,"name":"Home","item":"https:\/\/kilim-age.com\/en\/"},{"@type":"ListItem","position":2,"name":"Shop","item":"https:\/\/kilim-age.com\/en\/shop\/"},{"@type":"ListItem","position":3,"name":"Red Suzani 136&#215;205 cm"}]},{"@type":"WebSite","@id":"https:\/\/kilim-age.com\/en\/#website","url":"https:\/\/kilim-age.com\/en\/","name":"Kilim-Age","description":"Somos especialistas en productos artesanales de Turqu\u00eda como Alfombras, y Kilims","potentialAction":[{"@type":"SearchAction","target":{"@type":"EntryPoint","urlTemplate":"https:\/\/kilim-age.com\/en\/?s={search_term_string}"},"query-input":{"@type":"PropertyValueSpecification","valueRequired":true,"valueName":"search_term_string"}}],"inLanguage":"es"}]}},"_links":{"self":[{"href":"https:\/\/kilim-age.com\/es\/wp-json\/wp\/v2\/product\/18906","targetHints":{"allow":["GET"]}}],"collection":[{"href":"https:\/\/kilim-age.com\/es\/wp-json\/wp\/v2\/product"}],"about":[{"href":"https:\/\/kilim-age.com\/es\/wp-json\/wp\/v2\/types\/product"}],"replies":[{"embeddable":true,"href":"https:\/\/kilim-age.com\/es\/wp-json\/wp\/v2\/comments?post=18906"}],"wp:featuredmedia":[{"embeddable":true,"href":"https:\/\/kilim-age.com\/es\/wp-json\/wp\/v2\/media\/18983"}],"wp:attachment":[{"href":"https:\/\/kilim-age.com\/es\/wp-json\/wp\/v2\/media?parent=18906"}],"wp:term":[{"taxonomy":"product_brand","embeddable":true,"href":"https:\/\/kilim-age.com\/es\/wp-json\/wp\/v2\/product_brand?post=18906"},{"taxonomy":"product_cat","embeddable":true,"href":"https:\/\/kilim-age.com\/es\/wp-json\/wp\/v2\/product_cat?post=18906"},{"taxonomy":"product_tag","embeddable":true,"href":"https:\/\/kilim-age.com\/es\/wp-json\/wp\/v2\/product_tag?post=18906"}],"curies":[{"name":"wp","href":"https:\/\/api.w.org\/{rel}","templated":true}]}}