{"id":18873,"date":"2021-05-21T13:12:14","date_gmt":"2021-05-21T11:12:14","guid":{"rendered":"http:\/\/kilim-age.com\/?post_type=product&#038;p=18873"},"modified":"2024-08-04T17:58:41","modified_gmt":"2024-08-04T15:58:41","slug":"alfombra-clasica-sal-kromatik","status":"publish","type":"product","link":"https:\/\/kilim-age.com\/es\/producto\/alfombra-clasica-sal-kromatik\/","title":{"rendered":"ALFOMBRA CL\u00c1SICA \u015eAL KROMAT\u0130K"},"content":{"rendered":"Alfombra cl\u00e1sica colorida de lana hilada a mano. Destacan su amplia gama crom\u00e1tica en tonos naranjas, rojos y azules con fondo gris y cenefa en color beige y sus preciosos flecos llenos de colores Es una alfombra muy agradable al tacto y un producto artesanal por los mejores tejedores de alfombras artesanales turcas. Medidas 204&#215;155 cm.<\/p>\n<h1><strong>Alfombras cl\u00e1sicas \u015eal<\/strong><\/h1>\n<p>Las alfombras cl\u00e1sicas son aquellas m\u00e1s antiguas o que siguen los patrones tradicionales. Eran originariamente tejidas por los n\u00f3madas en Turqu\u00eda, la regi\u00f3n del C\u00e1ucaso, Ir\u00e1n y Afganist\u00e1n. Se trata un arte milenario que consiste en la anudaci\u00f3n de la lana, el algod\u00f3n o la seda para realizar las alfombras. Estas alfombras serv\u00edan hace siglos como mantas y camas de los n\u00f3madas. Tambi\u00e9n empezaron a utilizarse como objeto de decoraci\u00f3n en las tiendas de estos n\u00f3madas y m\u00e1s tardes en los hogares. Despu\u00e9s empezaron a popularizarse por todo el mundo y a dejarse ver en todo tipo de ambientes.<\/p>\n<p>En Kilim-Age estamos especializados en las alfombras cl\u00e1sicas de origen turco. Las alfombras cl\u00e1sicas est\u00e1n anudadas de manera artesanal a manos de los mejores tejedores de alfombras. Sus dise\u00f1os se inspiran en los cl\u00e1sicos motivos geom\u00e9tricos y tribales. Su lana esta totalmente hilada a mano y despu\u00e9s te\u00f1ido con colores de minerales naturales. Son alfombras muy resistentes de pelo corto y r\u00edgido. Desde las entra\u00f1as Estambul os acercamos a la tradici\u00f3n artesanal del arte de anudar, seleccionando las m\u00e1s representativas alfombras de la cultura turca.<\/p>\n<p>Dentro de la decoraci\u00f3n, las alfombras siempre han supuesto una parte muy importante. Cargan con el papel de revestir un ambiente, de darle uniformidad y personalidad. Las alfombras cl\u00e1sicas llenan los espacios de historia y etnicidad, as\u00ed que ofrecen un detalle \u00fanico y exclusivo de cada alfombra. Al estar hechas de manera artesanal no existe una igual, y dependiendo de la regi\u00f3n o zona, existen diferentes colores y motivos representativos.","protected":false},"excerpt":{"rendered":"<p>Fabricaci\u00f3n: Hecho a mano<br \/>\nTama\u00f1o: 204 X 155 cm<br \/>\nN\u00famero de nudos: aprox. 360000 por m\u00b2<br \/>\nEstado: Nuevo<br \/>\nOrigen: Turqu\u00eda<br \/>\nPelo: Lana<br \/>\nUrdimbre: algod\u00f3n<br \/>\nGrosor aprox.: 4-5 mm<br \/>\nTe\u00f1ido natural, la lana hilada a mano<br \/>\nLos colores de la alfombra se percibir\u00e1n de formas diferentes dependiendo del \u00e1ngulo de visi\u00f3n<br \/>\nPlazo de entrega: 2-5 d\u00edas h\u00e1biles en Espa\u00f1a.<br \/>\nEuropa: 5-7 d\u00edas h\u00e1biles, resto de continentes 7-10 d\u00edas.<\/p>\n","protected":false},"featured_media":24880,"comment_status":"open","ping_status":"closed","template":"","meta":[],"product_brand":[],"product_cat":[62,230],"product_tag":[852,865,79,80],"class_list":{"0":"post-18873","1":"product","2":"type-product","3":"status-publish","4":"has-post-thumbnail","6":"product_cat-alfombras-turcas","7":"product_cat-alfombras-clasicas","8":"product_tag-alfombra-de-lana","9":"product_tag-alfombra-multicolor","10":"product_tag-alfombras-clasicas","11":"product_tag-classic-carpets","12":"product_shipping_class-alfombra-mediana","13":"pa_ancho-cm-918","14":"pa_color-multicolor","15":"pa_color-naranja","16":"pa_largo-cm-917","17":"pa_medida-grandes","19":"first","20":"outofstock","21":"sale","22":"sold-individually","23":"taxable","24":"shipping-taxable","25":"purchasable","26":"product-type-simple"},"yoast_head":"<!-- This site is optimized with the Yoast SEO plugin v24.8.1 - https:\/\/yoast.com\/wordpress\/plugins\/seo\/ -->\n<title>ALFOMBRA CL\u00c1SICA \u015eAL KROMAT\u0130K | Kilim-Age<\/title>\n<meta name=\"description\" content=\"Alfombra turca cl\u00e1sica crom\u00e1tica de lana totalmente hilada a mano y te\u00f1ida de forma natural con colores de minerales naturales 204 x 155 cms\" \/>\n<meta name=\"robots\" content=\"index, follow, max-snippet:-1, max-image-preview:large, max-video-preview:-1\" \/>\n<link rel=\"canonical\" href=\"https:\/\/kilim-age.com\/es\/producto\/alfombra-clasica-sal-kromatik\/\" \/>\n<meta property=\"og:locale\" content=\"es_ES\" \/>\n<meta property=\"og:type\" content=\"article\" \/>\n<meta property=\"og:title\" content=\"ALFOMBRA CL\u00c1SICA \u015eAL KROMAT\u0130K | Kilim-Age\" \/>\n<meta property=\"og:description\" content=\"Alfombra turca cl\u00e1sica crom\u00e1tica de lana totalmente hilada a mano y te\u00f1ida de forma natural con colores de minerales naturales 204 x 155 cms\" \/>\n<meta property=\"og:url\" content=\"https:\/\/kilim-age.com\/en\/producto\/alfombra-clasica-sal-kromatik\/\" \/>\n<meta property=\"og:site_name\" content=\"Kilim-Age\" \/>\n<meta property=\"article:modified_time\" content=\"2024-08-04T15:58:41+00:00\" \/>\n<meta property=\"og:image\" content=\"https:\/\/kilim-age.com\/wp-content\/uploads\/2021\/05\/IMG_2983.jpg\" \/>\n\t<meta property=\"og:image:width\" content=\"1000\" \/>\n\t<meta property=\"og:image:height\" content=\"1300\" \/>\n\t<meta property=\"og:image:type\" content=\"image\/jpeg\" \/>\n<meta name=\"twitter:card\" content=\"summary_large_image\" \/>\n<meta name=\"twitter:label1\" content=\"Tiempo de lectura\" \/>\n\t<meta name=\"twitter:data1\" content=\"1 minuto\" \/>\n<script type=\"application\/ld+json\" class=\"yoast-schema-graph\">{\"@context\":\"https:\/\/schema.org\",\"@graph\":[{\"@type\":\"WebPage\",\"@id\":\"https:\/\/kilim-age.com\/en\/producto\/alfombra-clasica-sal-kromatik\/\",\"url\":\"https:\/\/kilim-age.com\/en\/producto\/alfombra-clasica-sal-kromatik\/\",\"name\":\"ALFOMBRA CL\u00c1SICA \u015eAL KROMAT\u0130K | Kilim-Age\",\"isPartOf\":{\"@id\":\"https:\/\/kilim-age.com\/en\/#website\"},\"primaryImageOfPage\":{\"@id\":\"https:\/\/kilim-age.com\/en\/producto\/alfombra-clasica-sal-kromatik\/#primaryimage\"},\"image\":{\"@id\":\"https:\/\/kilim-age.com\/en\/producto\/alfombra-clasica-sal-kromatik\/#primaryimage\"},\"thumbnailUrl\":\"https:\/\/kilim-age.com\/wp-content\/uploads\/2021\/05\/IMG_2983.jpg\",\"datePublished\":\"2021-05-21T11:12:14+00:00\",\"dateModified\":\"2024-08-04T15:58:41+00:00\",\"description\":\"Alfombra turca cl\u00e1sica crom\u00e1tica de lana totalmente hilada a mano y te\u00f1ida de forma natural con colores de minerales naturales 204 x 155 cms\",\"breadcrumb\":{\"@id\":\"https:\/\/kilim-age.com\/en\/producto\/alfombra-clasica-sal-kromatik\/#breadcrumb\"},\"inLanguage\":\"es\",\"potentialAction\":[{\"@type\":\"ReadAction\",\"target\":[\"https:\/\/kilim-age.com\/en\/producto\/alfombra-clasica-sal-kromatik\/\"]}]},{\"@type\":\"ImageObject\",\"inLanguage\":\"es\",\"@id\":\"https:\/\/kilim-age.com\/en\/producto\/alfombra-clasica-sal-kromatik\/#primaryimage\",\"url\":\"https:\/\/kilim-age.com\/wp-content\/uploads\/2021\/05\/IMG_2983.jpg\",\"contentUrl\":\"https:\/\/kilim-age.com\/wp-content\/uploads\/2021\/05\/IMG_2983.jpg\",\"width\":1000,\"height\":1300},{\"@type\":\"BreadcrumbList\",\"@id\":\"https:\/\/kilim-age.com\/en\/producto\/alfombra-clasica-sal-kromatik\/#breadcrumb\",\"itemListElement\":[{\"@type\":\"ListItem\",\"position\":1,\"name\":\"Home\",\"item\":\"https:\/\/kilim-age.com\/en\/\"},{\"@type\":\"ListItem\",\"position\":2,\"name\":\"Shop\",\"item\":\"https:\/\/kilim-age.com\/es\/shop\/\"},{\"@type\":\"ListItem\",\"position\":3,\"name\":\"CLASSIC SAL CARPET KROMAT\u0130K\"}]},{\"@type\":\"WebSite\",\"@id\":\"https:\/\/kilim-age.com\/en\/#website\",\"url\":\"https:\/\/kilim-age.com\/en\/\",\"name\":\"Kilim-Age\",\"description\":\"Somos especialistas en productos artesanales de Turqu\u00eda como Alfombras, y Kilims\",\"potentialAction\":[{\"@type\":\"SearchAction\",\"target\":{\"@type\":\"EntryPoint\",\"urlTemplate\":\"https:\/\/kilim-age.com\/en\/?s={search_term_string}\"},\"query-input\":{\"@type\":\"PropertyValueSpecification\",\"valueRequired\":true,\"valueName\":\"search_term_string\"}}],\"inLanguage\":\"es\"}]}<\/script>\n<!-- \/ Yoast SEO plugin. -->","yoast_head_json":{"title":"ALFOMBRA CL\u00c1SICA \u015eAL KROMAT\u0130K | Kilim-Age","description":"Alfombra turca cl\u00e1sica crom\u00e1tica de lana totalmente hilada a mano y te\u00f1ida de forma natural con colores de minerales naturales 204 x 155 cms","robots":{"index":"index","follow":"follow","max-snippet":"max-snippet:-1","max-image-preview":"max-image-preview:large","max-video-preview":"max-video-preview:-1"},"canonical":"https:\/\/kilim-age.com\/es\/producto\/alfombra-clasica-sal-kromatik\/","og_locale":"es_ES","og_type":"article","og_title":"ALFOMBRA CL\u00c1SICA \u015eAL KROMAT\u0130K | Kilim-Age","og_description":"Alfombra turca cl\u00e1sica crom\u00e1tica de lana totalmente hilada a mano y te\u00f1ida de forma natural con colores de minerales naturales 204 x 155 cms","og_url":"https:\/\/kilim-age.com\/en\/producto\/alfombra-clasica-sal-kromatik\/","og_site_name":"Kilim-Age","article_modified_time":"2024-08-04T15:58:41+00:00","og_image":[{"width":1000,"height":1300,"url":"https:\/\/kilim-age.com\/wp-content\/uploads\/2021\/05\/IMG_2983.jpg","type":"image\/jpeg"}],"twitter_card":"summary_large_image","twitter_misc":{"Tiempo de lectura":"1 minuto"},"schema":{"@context":"https:\/\/schema.org","@graph":[{"@type":"WebPage","@id":"https:\/\/kilim-age.com\/en\/producto\/alfombra-clasica-sal-kromatik\/","url":"https:\/\/kilim-age.com\/en\/producto\/alfombra-clasica-sal-kromatik\/","name":"ALFOMBRA CL\u00c1SICA \u015eAL KROMAT\u0130K | Kilim-Age","isPartOf":{"@id":"https:\/\/kilim-age.com\/en\/#website"},"primaryImageOfPage":{"@id":"https:\/\/kilim-age.com\/en\/producto\/alfombra-clasica-sal-kromatik\/#primaryimage"},"image":{"@id":"https:\/\/kilim-age.com\/en\/producto\/alfombra-clasica-sal-kromatik\/#primaryimage"},"thumbnailUrl":"https:\/\/kilim-age.com\/wp-content\/uploads\/2021\/05\/IMG_2983.jpg","datePublished":"2021-05-21T11:12:14+00:00","dateModified":"2024-08-04T15:58:41+00:00","description":"Alfombra turca cl\u00e1sica crom\u00e1tica de lana totalmente hilada a mano y te\u00f1ida de forma natural con colores de minerales naturales 204 x 155 cms","breadcrumb":{"@id":"https:\/\/kilim-age.com\/en\/producto\/alfombra-clasica-sal-kromatik\/#breadcrumb"},"inLanguage":"es","potentialAction":[{"@type":"ReadAction","target":["https:\/\/kilim-age.com\/en\/producto\/alfombra-clasica-sal-kromatik\/"]}]},{"@type":"ImageObject","inLanguage":"es","@id":"https:\/\/kilim-age.com\/en\/producto\/alfombra-clasica-sal-kromatik\/#primaryimage","url":"https:\/\/kilim-age.com\/wp-content\/uploads\/2021\/05\/IMG_2983.jpg","contentUrl":"https:\/\/kilim-age.com\/wp-content\/uploads\/2021\/05\/IMG_2983.jpg","width":1000,"height":1300},{"@type":"BreadcrumbList","@id":"https:\/\/kilim-age.com\/en\/producto\/alfombra-clasica-sal-kromatik\/#breadcrumb","itemListElement":[{"@type":"ListItem","position":1,"name":"Home","item":"https:\/\/kilim-age.com\/en\/"},{"@type":"ListItem","position":2,"name":"Shop","item":"https:\/\/kilim-age.com\/es\/shop\/"},{"@type":"ListItem","position":3,"name":"CLASSIC SAL CARPET KROMAT\u0130K"}]},{"@type":"WebSite","@id":"https:\/\/kilim-age.com\/en\/#website","url":"https:\/\/kilim-age.com\/en\/","name":"Kilim-Age","description":"Somos especialistas en productos artesanales de Turqu\u00eda como Alfombras, y Kilims","potentialAction":[{"@type":"SearchAction","target":{"@type":"EntryPoint","urlTemplate":"https:\/\/kilim-age.com\/en\/?s={search_term_string}"},"query-input":{"@type":"PropertyValueSpecification","valueRequired":true,"valueName":"search_term_string"}}],"inLanguage":"es"}]}},"_links":{"self":[{"href":"https:\/\/kilim-age.com\/es\/wp-json\/wp\/v2\/product\/18873","targetHints":{"allow":["GET"]}}],"collection":[{"href":"https:\/\/kilim-age.com\/es\/wp-json\/wp\/v2\/product"}],"about":[{"href":"https:\/\/kilim-age.com\/es\/wp-json\/wp\/v2\/types\/product"}],"replies":[{"embeddable":true,"href":"https:\/\/kilim-age.com\/es\/wp-json\/wp\/v2\/comments?post=18873"}],"wp:featuredmedia":[{"embeddable":true,"href":"https:\/\/kilim-age.com\/es\/wp-json\/wp\/v2\/media\/24880"}],"wp:attachment":[{"href":"https:\/\/kilim-age.com\/es\/wp-json\/wp\/v2\/media?parent=18873"}],"wp:term":[{"taxonomy":"product_brand","embeddable":true,"href":"https:\/\/kilim-age.com\/es\/wp-json\/wp\/v2\/product_brand?post=18873"},{"taxonomy":"product_cat","embeddable":true,"href":"https:\/\/kilim-age.com\/es\/wp-json\/wp\/v2\/product_cat?post=18873"},{"taxonomy":"product_tag","embeddable":true,"href":"https:\/\/kilim-age.com\/es\/wp-json\/wp\/v2\/product_tag?post=18873"}],"curies":[{"name":"wp","href":"https:\/\/api.w.org\/{rel}","templated":true}]}}