{"id":17899,"date":"2021-03-02T12:12:10","date_gmt":"2021-03-02T12:12:10","guid":{"rendered":"http:\/\/kilim-age.com\/?post_type=product&#038;p=17899"},"modified":"2025-07-11T13:30:55","modified_gmt":"2025-07-11T11:30:55","slug":"apatchwork-rug-multicolor-400-x-300-cm","status":"publish","type":"product","link":"https:\/\/kilim-age.com\/es\/producto\/apatchwork-rug-multicolor-400-x-300-cm\/","title":{"rendered":"Kilim Patchwork 300&#215;400 cm"},"content":{"rendered":"Kilim patchwork bordado a mano con retazos coloridos de lana, una fibra textil natural duradera y capaz de resistir el desgaste del paso del tiempo y repeler la suciedad.<\/p>\n<p>Las alfombras patchwork son muy duraderas y resistente al fuego. Adem\u00e1s mantiene su forma gracias a su pelo corto.<\/p>\n<p>Para la fabricaci\u00f3n de esta alfombra se han seleccionados peque\u00f1os retazos de otras alfombras escogidos especialmente por la belleza y armon\u00eda de sus colores y formas; estos retazos se cortan y cosen a un reverso que le ofrece m\u00e1s consistencia y robustez a la alfombra.<\/p>\n<p>Este kilim Patchwork es parte de nuestro variado stock de colores, tama\u00f1os y dise\u00f1os de <a href=\"http:\/\/kilim-age.com\/es\/categoria-producto\/alfombras-turcas\/alfombras-patchwork\/\">alfombras patchwork<\/a> que puedes comprar online o f\u00edsicamente en nuestra tienda en las Rozas de Madrid.<\/p>\n<h2><strong>KILIM PATCHWORK<\/strong><\/h2>\n<p>Las\u00a0<a href=\"http:\/\/kilim-age.com\/es\/categoria-producto\/alfombras-turcas\/alfombras-patchwork\/\">alfombras Patchwork<\/a> pueden dise\u00f1arse totalmente a medida, tanto los colores, como el decapado, as\u00ed como el numero de parches e incluso la forma de los mismos y est\u00e1n elaboradas con parches de restos de otras alfombras, ya sean cl\u00e1sicas o vintage. Son bordadas a mano y se componen de colores vegetales naturales y materiales naturales como la lana, el algod\u00f3n y la seda con hilos de alta calidad.<\/p>\n<p>A diferencia de otro tipo de alfombras, podemos conseguir las medidas exactas deseadas. La ventaja de las alfombras patchwork es que en su fabricaci\u00f3n se evita el desperdicio de valiosas alfombras de diversas \u00e9pocas. Es una manera de recuperar y dar una segunda vida a las alfombras m\u00e1s antiguas. Por todo ello, se consideran alfombras \u00fanicas y llenas de personalidad<\/p>\n<h2><strong>\u00bfPOR QUE RECOMENDAMOS COMPRAR UN KILIM PATCHWORK?<\/strong><\/h2>\n<p>Porque son una tendencia de moda que ofrecen color y alegr\u00eda a tus espacios, Son alfombras que se adaptan a espacios de cualquier estilo y dan un toque moderno y original. Dan una nota art\u00edstica al ambiente que queremos crear.","protected":false},"excerpt":{"rendered":"<p style=\"text-align: left;\">Fabricaci\u00f3n: Tejido a mano<br \/>\nTama\u00f1o: 300&#215;400 cm<br \/>\nEstado: Semi antigua 30 \/ 40 a\u00f1os<br \/>\nOrigen: Hecha en Turqu\u00eda<br \/>\nPelo: Lana<br \/>\nUrdimbre: algod\u00f3n<br \/>\nGrosor aprox: 5-6mm<br \/>\nPlazo de entrega: 2-5 d\u00edas h\u00e1biles en Espa\u00f1a.<br \/>\nEuropa: 5-7 d\u00edas h\u00e1biles, resto de continentes 7-10 d\u00edas.<\/p>\n","protected":false},"featured_media":30163,"comment_status":"open","ping_status":"closed","template":"","meta":[],"product_brand":[],"product_cat":[61,829],"product_tag":[72,195,146,296],"class_list":{"0":"post-17899","1":"product","2":"type-product","3":"status-publish","4":"has-post-thumbnail","6":"product_cat-kilims","7":"product_cat-toda-la-coleccion-kilim","8":"product_tag-kilim","9":"product_tag-kilim-anaotolia","10":"product_tag-kilim-moderno","11":"product_tag-kilim-patchwork","12":"product_shipping_class-kilim-mediano","13":"pa_ancho-cm-878","14":"pa_color-multicolor","15":"pa_largo-cm-889","17":"first","18":"instock","19":"sale","20":"sold-individually","21":"taxable","22":"shipping-taxable","23":"purchasable","24":"product-type-simple"},"yoast_head":"<!-- This site is optimized with the Yoast SEO plugin v24.8.1 - https:\/\/yoast.com\/wordpress\/plugins\/seo\/ -->\n<title>High quality woven blue lines abstract Turkish modern carpet.<\/title>\n<meta name=\"description\" content=\"Modern abstract Turkish rug woven semi-manually with the ancient art of knotting. Made with high quality. Shipments to Spain and the rest of Europe\" \/>\n<meta name=\"robots\" content=\"index, follow, max-snippet:-1, max-image-preview:large, max-video-preview:-1\" \/>\n<link rel=\"canonical\" href=\"https:\/\/www.kilim-age.com\/en\/producto\/apatchwork-rug-multicolor-400-x-300-cm\/\" \/>\n<meta property=\"og:locale\" content=\"es_ES\" \/>\n<meta property=\"og:type\" content=\"article\" \/>\n<meta property=\"og:title\" content=\"High quality woven blue lines abstract Turkish modern carpet.\" \/>\n<meta property=\"og:description\" content=\"Modern abstract Turkish rug woven semi-manually with the ancient art of knotting. Made with high quality. Shipments to Spain and the rest of Europe\" \/>\n<meta property=\"og:url\" content=\"https:\/\/www.kilim-age.com\/en\/producto\/apatchwork-rug-multicolor-400-x-300-cm\/\" \/>\n<meta property=\"og:site_name\" content=\"Kilim-Age\" \/>\n<meta property=\"article:modified_time\" content=\"2025-07-11T11:30:55+00:00\" \/>\n<meta property=\"og:image\" content=\"https:\/\/www.kilim-age.com\/wp-content\/uploads\/2021\/03\/IMG_9991-1.jpg\" \/>\n\t<meta property=\"og:image:width\" content=\"1000\" \/>\n\t<meta property=\"og:image:height\" content=\"1300\" \/>\n\t<meta property=\"og:image:type\" content=\"image\/jpeg\" \/>\n<meta name=\"twitter:card\" content=\"summary_large_image\" \/>\n<meta name=\"twitter:label1\" content=\"Tiempo de lectura\" \/>\n\t<meta name=\"twitter:data1\" content=\"2 minutos\" \/>\n<script type=\"application\/ld+json\" class=\"yoast-schema-graph\">{\"@context\":\"https:\/\/schema.org\",\"@graph\":[{\"@type\":\"WebPage\",\"@id\":\"https:\/\/www.kilim-age.com\/en\/producto\/apatchwork-rug-multicolor-400-x-300-cm\/\",\"url\":\"https:\/\/www.kilim-age.com\/en\/producto\/apatchwork-rug-multicolor-400-x-300-cm\/\",\"name\":\"High quality woven blue lines abstract Turkish modern carpet.\",\"isPartOf\":{\"@id\":\"https:\/\/www.kilim-age.com\/es\/#website\"},\"primaryImageOfPage\":{\"@id\":\"https:\/\/www.kilim-age.com\/en\/producto\/apatchwork-rug-multicolor-400-x-300-cm\/#primaryimage\"},\"image\":{\"@id\":\"https:\/\/www.kilim-age.com\/en\/producto\/apatchwork-rug-multicolor-400-x-300-cm\/#primaryimage\"},\"thumbnailUrl\":\"https:\/\/kilim-age.com\/wp-content\/uploads\/2021\/03\/IMG_9991-1.jpg\",\"datePublished\":\"2021-03-02T12:12:10+00:00\",\"dateModified\":\"2025-07-11T11:30:55+00:00\",\"description\":\"Modern abstract Turkish rug woven semi-manually with the ancient art of knotting. Made with high quality. Shipments to Spain and the rest of Europe\",\"breadcrumb\":{\"@id\":\"https:\/\/www.kilim-age.com\/en\/producto\/apatchwork-rug-multicolor-400-x-300-cm\/#breadcrumb\"},\"inLanguage\":\"es\",\"potentialAction\":[{\"@type\":\"ReadAction\",\"target\":[\"https:\/\/www.kilim-age.com\/en\/producto\/apatchwork-rug-multicolor-400-x-300-cm\/\"]}]},{\"@type\":\"ImageObject\",\"inLanguage\":\"es\",\"@id\":\"https:\/\/www.kilim-age.com\/en\/producto\/apatchwork-rug-multicolor-400-x-300-cm\/#primaryimage\",\"url\":\"https:\/\/kilim-age.com\/wp-content\/uploads\/2021\/03\/IMG_9991-1.jpg\",\"contentUrl\":\"https:\/\/kilim-age.com\/wp-content\/uploads\/2021\/03\/IMG_9991-1.jpg\",\"width\":1000,\"height\":1300},{\"@type\":\"BreadcrumbList\",\"@id\":\"https:\/\/www.kilim-age.com\/en\/producto\/apatchwork-rug-multicolor-400-x-300-cm\/#breadcrumb\",\"itemListElement\":[{\"@type\":\"ListItem\",\"position\":1,\"name\":\"Home\",\"item\":\"https:\/\/www.kilim-age.com\/es\/\"},{\"@type\":\"ListItem\",\"position\":2,\"name\":\"Shop\",\"item\":\"https:\/\/www.kilim-age.com\/es\/shop\/\"},{\"@type\":\"ListItem\",\"position\":3,\"name\":\"PATCHWORK KILIM 400 x 300 CM\"}]},{\"@type\":\"WebSite\",\"@id\":\"https:\/\/www.kilim-age.com\/es\/#website\",\"url\":\"https:\/\/www.kilim-age.com\/es\/\",\"name\":\"Kilim-Age\",\"description\":\"Somos especialistas en productos artesanales de Turqu\u00eda como Alfombras, y Kilims\",\"potentialAction\":[{\"@type\":\"SearchAction\",\"target\":{\"@type\":\"EntryPoint\",\"urlTemplate\":\"https:\/\/www.kilim-age.com\/es\/?s={search_term_string}\"},\"query-input\":{\"@type\":\"PropertyValueSpecification\",\"valueRequired\":true,\"valueName\":\"search_term_string\"}}],\"inLanguage\":\"es\"}]}<\/script>\n<!-- \/ Yoast SEO plugin. -->","yoast_head_json":{"title":"High quality woven blue lines abstract Turkish modern carpet.","description":"Modern abstract Turkish rug woven semi-manually with the ancient art of knotting. Made with high quality. Shipments to Spain and the rest of Europe","robots":{"index":"index","follow":"follow","max-snippet":"max-snippet:-1","max-image-preview":"max-image-preview:large","max-video-preview":"max-video-preview:-1"},"canonical":"https:\/\/www.kilim-age.com\/en\/producto\/apatchwork-rug-multicolor-400-x-300-cm\/","og_locale":"es_ES","og_type":"article","og_title":"High quality woven blue lines abstract Turkish modern carpet.","og_description":"Modern abstract Turkish rug woven semi-manually with the ancient art of knotting. Made with high quality. Shipments to Spain and the rest of Europe","og_url":"https:\/\/www.kilim-age.com\/en\/producto\/apatchwork-rug-multicolor-400-x-300-cm\/","og_site_name":"Kilim-Age","article_modified_time":"2025-07-11T11:30:55+00:00","og_image":[{"width":1000,"height":1300,"url":"https:\/\/www.kilim-age.com\/wp-content\/uploads\/2021\/03\/IMG_9991-1.jpg","type":"image\/jpeg"}],"twitter_card":"summary_large_image","twitter_misc":{"Tiempo de lectura":"2 minutos"},"schema":{"@context":"https:\/\/schema.org","@graph":[{"@type":"WebPage","@id":"https:\/\/www.kilim-age.com\/en\/producto\/apatchwork-rug-multicolor-400-x-300-cm\/","url":"https:\/\/www.kilim-age.com\/en\/producto\/apatchwork-rug-multicolor-400-x-300-cm\/","name":"High quality woven blue lines abstract Turkish modern carpet.","isPartOf":{"@id":"https:\/\/www.kilim-age.com\/es\/#website"},"primaryImageOfPage":{"@id":"https:\/\/www.kilim-age.com\/en\/producto\/apatchwork-rug-multicolor-400-x-300-cm\/#primaryimage"},"image":{"@id":"https:\/\/www.kilim-age.com\/en\/producto\/apatchwork-rug-multicolor-400-x-300-cm\/#primaryimage"},"thumbnailUrl":"https:\/\/kilim-age.com\/wp-content\/uploads\/2021\/03\/IMG_9991-1.jpg","datePublished":"2021-03-02T12:12:10+00:00","dateModified":"2025-07-11T11:30:55+00:00","description":"Modern abstract Turkish rug woven semi-manually with the ancient art of knotting. Made with high quality. Shipments to Spain and the rest of Europe","breadcrumb":{"@id":"https:\/\/www.kilim-age.com\/en\/producto\/apatchwork-rug-multicolor-400-x-300-cm\/#breadcrumb"},"inLanguage":"es","potentialAction":[{"@type":"ReadAction","target":["https:\/\/www.kilim-age.com\/en\/producto\/apatchwork-rug-multicolor-400-x-300-cm\/"]}]},{"@type":"ImageObject","inLanguage":"es","@id":"https:\/\/www.kilim-age.com\/en\/producto\/apatchwork-rug-multicolor-400-x-300-cm\/#primaryimage","url":"https:\/\/kilim-age.com\/wp-content\/uploads\/2021\/03\/IMG_9991-1.jpg","contentUrl":"https:\/\/kilim-age.com\/wp-content\/uploads\/2021\/03\/IMG_9991-1.jpg","width":1000,"height":1300},{"@type":"BreadcrumbList","@id":"https:\/\/www.kilim-age.com\/en\/producto\/apatchwork-rug-multicolor-400-x-300-cm\/#breadcrumb","itemListElement":[{"@type":"ListItem","position":1,"name":"Home","item":"https:\/\/www.kilim-age.com\/es\/"},{"@type":"ListItem","position":2,"name":"Shop","item":"https:\/\/www.kilim-age.com\/es\/shop\/"},{"@type":"ListItem","position":3,"name":"PATCHWORK KILIM 400 x 300 CM"}]},{"@type":"WebSite","@id":"https:\/\/www.kilim-age.com\/es\/#website","url":"https:\/\/www.kilim-age.com\/es\/","name":"Kilim-Age","description":"Somos especialistas en productos artesanales de Turqu\u00eda como Alfombras, y Kilims","potentialAction":[{"@type":"SearchAction","target":{"@type":"EntryPoint","urlTemplate":"https:\/\/www.kilim-age.com\/es\/?s={search_term_string}"},"query-input":{"@type":"PropertyValueSpecification","valueRequired":true,"valueName":"search_term_string"}}],"inLanguage":"es"}]}},"_links":{"self":[{"href":"https:\/\/kilim-age.com\/es\/wp-json\/wp\/v2\/product\/17899","targetHints":{"allow":["GET"]}}],"collection":[{"href":"https:\/\/kilim-age.com\/es\/wp-json\/wp\/v2\/product"}],"about":[{"href":"https:\/\/kilim-age.com\/es\/wp-json\/wp\/v2\/types\/product"}],"replies":[{"embeddable":true,"href":"https:\/\/kilim-age.com\/es\/wp-json\/wp\/v2\/comments?post=17899"}],"wp:featuredmedia":[{"embeddable":true,"href":"https:\/\/kilim-age.com\/es\/wp-json\/wp\/v2\/media\/30163"}],"wp:attachment":[{"href":"https:\/\/kilim-age.com\/es\/wp-json\/wp\/v2\/media?parent=17899"}],"wp:term":[{"taxonomy":"product_brand","embeddable":true,"href":"https:\/\/kilim-age.com\/es\/wp-json\/wp\/v2\/product_brand?post=17899"},{"taxonomy":"product_cat","embeddable":true,"href":"https:\/\/kilim-age.com\/es\/wp-json\/wp\/v2\/product_cat?post=17899"},{"taxonomy":"product_tag","embeddable":true,"href":"https:\/\/kilim-age.com\/es\/wp-json\/wp\/v2\/product_tag?post=17899"}],"curies":[{"name":"wp","href":"https:\/\/api.w.org\/{rel}","templated":true}]}}