{"id":16719,"date":"2021-02-05T09:48:46","date_gmt":"2021-02-05T09:48:46","guid":{"rendered":"http:\/\/kilim-age.com\/?post_type=product&#038;p=16719"},"modified":"2025-06-14T17:34:05","modified_gmt":"2025-06-14T15:34:05","slug":"alfombra-moderna-abstracta-lineas-azules","status":"publish","type":"product","link":"https:\/\/kilim-age.com\/es\/producto\/alfombra-moderna-abstracta-lineas-azules\/","title":{"rendered":"Alfombra Moderna Abstracta Lineas Azules 160&#215;230 cm"},"content":{"rendered":"Alfombra moderna turca con suaves l\u00edneas horizontales de color azul sobre fondo de color gris, tejida de forma semi-manual con el antiguo arte de anudaci\u00f3n. Est\u00e1 disponible en varias medidas a elegir en el desplegable.\u00a0Posee un dise\u00f1o abstracto simulando suaves l\u00edneas horizontales en tonos azules que, combinados con diferentes degradados de tonos grises,\u00a0 dan sensaci\u00f3n de tranquilidad y paz, as\u00ed como,\u00a0 un tacto suave y agradable que te encantar\u00e1.<\/p>\n<p>Ofrece calidez y viste cualquier espacio para darles consistencia y robustez.\u00a0L\u00facela en tu sal\u00f3n o habitaci\u00f3n en incluso en tu despacho u oficina comercial y embellecer\u00e1s con gran elegancia ese espacio tan importante para ti y tu negocio, de forma moderna y actual.<\/p>\n<p>Esta alfombra turca moderna es parte de nuestro variado stock de colores, tama\u00f1os y dise\u00f1os de <a href=\"http:\/\/kilim-age.com\/es\/categoria-producto\/alfombras-turcas\/alfombras-modernas\/\">alfombras modernas<\/a> que puedes comprar online o f\u00edsicamente en nuestra tienda en las Rozas de Madrid.<\/p>\n<h2><strong>ALFOMBRAS MODERNAS \u00a0<\/strong><\/h2>\n<p>Una alfombra moderna turca tejida de forma semi-manual es una adaptaci\u00f3n de las <a href=\"http:\/\/kilim-age.com\/es\/categoria-producto\/alfombras-turcas\/alfombras-clasicas\/\">alfombras\u00a0cl\u00e1sicas<\/a>\u00a0a las nuevas tendencias y necesidades de dise\u00f1os actuales. \u00a0En el proceso de fabricaci\u00f3n siempre utilizamos materiales naturales de alta calidad.\u00a0Las alfombras modernas, se caracterizan por tener contraste de colores y formas m\u00e1s\u00a0<a href=\"https:\/\/es.wikipedia.org\/wiki\/Abstracci%C3%B3n_(filosof%C3%ADa)\">abstractas<\/a>. Tienen el pelo m\u00e1s corto que las alfombras cl\u00e1sicas de toda la vida, por ello, el tacto es muy suave y agradable. Suponen una nueva corriente para este arte milenario de anudar.<\/p>\n<p>En su composici\u00f3n combinan materiales como algod\u00f3n, lana, seda y viscosa te\u00f1idos en tintes de minerales naturales. As\u00ed mismo, ofrecen un nivel de mantenimiento muy f\u00e1cil y tienen una calidad y resistencia inmejorable.<\/p>\n<h2><strong>\u00bfPOR QUE RECOMENDAMOS COMPRAR UNA ALFOMBRA TURCA MODERNA?<\/strong><\/h2>\n<p>Esta nueva tendencia de alfombras suponen una alternativa para aquellos ambientes m\u00e1s homog\u00e9neos. Son alfombras que se adaptan a espacios de cualquier estilo y dan un toque moderno y original. Dan una nota art\u00edstica al ambiente que queremos crear. Ofrecen calidez y visten los espacios para darles consistencia y robustez.","protected":false},"excerpt":{"rendered":"<p style=\"text-align: left;\">Origen: Hecha en Turqu\u00eda<br \/>\nMaterial: Seda Bamb\u00fa y algod\u00f3n<br \/>\nGrosor aproximadamente: 7 mm<br \/>\n2.000.000 points\/m<sup>2<\/sup><br \/>\nEstado: Nuevo<br \/>\nTejido de alta precisi\u00f3n<br \/>\nTodas nuestras alfombras modernas est\u00e1n hechas con fibras naturales.<br \/>\nLos colores de la alfombra se percibir\u00e1n de formas diferentes dependiendo del \u00e1ngulo de visi\u00f3n<br \/>\nPlazo de entrega: 2-5 d\u00edas h\u00e1biles en Espa\u00f1a.<br \/>\nEuropa: 5-7 d\u00edas h\u00e1biles, resto de continentes 7-10 d\u00edas.<\/p>\n","protected":false},"featured_media":40974,"comment_status":"open","ping_status":"closed","template":"","meta":[],"product_brand":[],"product_cat":[62,232],"product_tag":[813,294,803],"class_list":{"0":"post-16719","1":"product","2":"type-product","3":"status-publish","4":"has-post-thumbnail","6":"product_cat-alfombras-turcas","7":"product_cat-alfombras-modernas","8":"product_tag-alfombra-turca","9":"product_tag-alfombras-modernas","10":"product_tag-modern-carpets","11":"product_shipping_class-alfombra-grande","12":"pa_color-azul","13":"pa_color-beige","14":"pa_color-gris","15":"pa_seleccionar-medidas-120x180-cm","16":"pa_seleccionar-medidas-160x230-cm","17":"pa_seleccionar-medidas-200x300-cm","18":"pa_seleccionar-medidas-240x340-cm","19":"pa_seleccionar-medidas-400x300-cm","20":"pa_seleccionar-medidas-80x150-cm","22":"first","23":"instock","24":"taxable","25":"shipping-taxable","26":"product-type-variable"},"yoast_head":"<!-- This site is optimized with the Yoast SEO plugin v24.8.1 - https:\/\/yoast.com\/wordpress\/plugins\/seo\/ -->\n<title>Alfombra moderna turca abstracta l\u00edneas azules tejida de alta calidad.<\/title>\n<meta name=\"description\" content=\"Alfombra moderna turca abstracta tejida de forma semi-manual con el antiguo arte de anudaci\u00f3n. Fabricada con alta calidad. Env\u00edos a Espa\u00f1a y resto de Europa\" \/>\n<meta name=\"robots\" content=\"index, follow, max-snippet:-1, max-image-preview:large, max-video-preview:-1\" \/>\n<link rel=\"canonical\" href=\"https:\/\/kilim-age.com\/es\/producto\/alfombra-moderna-abstracta-lineas-azules\/\" \/>\n<meta property=\"og:locale\" content=\"es_ES\" \/>\n<meta property=\"og:type\" content=\"article\" \/>\n<meta property=\"og:title\" content=\"Alfombra moderna turca abstracta l\u00edneas azules tejida de alta calidad.\" \/>\n<meta property=\"og:description\" content=\"Alfombra moderna turca abstracta tejida de forma semi-manual con el antiguo arte de anudaci\u00f3n. Fabricada con alta calidad. Env\u00edos a Espa\u00f1a y resto de Europa\" \/>\n<meta property=\"og:url\" content=\"https:\/\/kilim-age.com\/es\/producto\/alfombra-moderna-abstracta-lineas-azules\/\" \/>\n<meta property=\"og:site_name\" content=\"Kilim-Age\" \/>\n<meta property=\"article:modified_time\" content=\"2025-06-14T15:34:05+00:00\" \/>\n<meta property=\"og:image\" content=\"https:\/\/kilim-age.com\/wp-content\/uploads\/2021\/02\/KA17.jpg\" \/>\n\t<meta property=\"og:image:width\" content=\"1000\" \/>\n\t<meta property=\"og:image:height\" content=\"1300\" \/>\n\t<meta property=\"og:image:type\" content=\"image\/jpeg\" \/>\n<meta name=\"twitter:card\" content=\"summary_large_image\" \/>\n<meta name=\"twitter:label1\" content=\"Tiempo de lectura\" \/>\n\t<meta name=\"twitter:data1\" content=\"1 minuto\" \/>\n<script type=\"application\/ld+json\" class=\"yoast-schema-graph\">{\"@context\":\"https:\/\/schema.org\",\"@graph\":[{\"@type\":\"WebPage\",\"@id\":\"https:\/\/kilim-age.com\/es\/producto\/alfombra-moderna-abstracta-lineas-azules\/\",\"url\":\"https:\/\/kilim-age.com\/es\/producto\/alfombra-moderna-abstracta-lineas-azules\/\",\"name\":\"Alfombra moderna turca abstracta l\u00edneas azules tejida de alta calidad.\",\"isPartOf\":{\"@id\":\"https:\/\/kilim-age.com\/es\/#website\"},\"primaryImageOfPage\":{\"@id\":\"https:\/\/kilim-age.com\/es\/producto\/alfombra-moderna-abstracta-lineas-azules\/#primaryimage\"},\"image\":{\"@id\":\"https:\/\/kilim-age.com\/es\/producto\/alfombra-moderna-abstracta-lineas-azules\/#primaryimage\"},\"thumbnailUrl\":\"https:\/\/kilim-age.com\/wp-content\/uploads\/2021\/02\/KA17.jpg\",\"datePublished\":\"2021-02-05T09:48:46+00:00\",\"dateModified\":\"2025-06-14T15:34:05+00:00\",\"description\":\"Alfombra moderna turca abstracta tejida de forma semi-manual con el antiguo arte de anudaci\u00f3n. Fabricada con alta calidad. Env\u00edos a Espa\u00f1a y resto de Europa\",\"breadcrumb\":{\"@id\":\"https:\/\/kilim-age.com\/es\/producto\/alfombra-moderna-abstracta-lineas-azules\/#breadcrumb\"},\"inLanguage\":\"es\",\"potentialAction\":[{\"@type\":\"ReadAction\",\"target\":[\"https:\/\/kilim-age.com\/es\/producto\/alfombra-moderna-abstracta-lineas-azules\/\"]}]},{\"@type\":\"ImageObject\",\"inLanguage\":\"es\",\"@id\":\"https:\/\/kilim-age.com\/es\/producto\/alfombra-moderna-abstracta-lineas-azules\/#primaryimage\",\"url\":\"https:\/\/kilim-age.com\/wp-content\/uploads\/2021\/02\/KA17.jpg\",\"contentUrl\":\"https:\/\/kilim-age.com\/wp-content\/uploads\/2021\/02\/KA17.jpg\",\"width\":1000,\"height\":1300},{\"@type\":\"BreadcrumbList\",\"@id\":\"https:\/\/kilim-age.com\/es\/producto\/alfombra-moderna-abstracta-lineas-azules\/#breadcrumb\",\"itemListElement\":[{\"@type\":\"ListItem\",\"position\":1,\"name\":\"Home\",\"item\":\"https:\/\/kilim-age.com\/es\/\"},{\"@type\":\"ListItem\",\"position\":2,\"name\":\"Shop\",\"item\":\"https:\/\/www.kilim-age.com\/es\/shop\/\"},{\"@type\":\"ListItem\",\"position\":3,\"name\":\"Alfombra Moderna Abstracta Lineas Azules 160&#215;230 cm\"}]},{\"@type\":\"WebSite\",\"@id\":\"https:\/\/kilim-age.com\/es\/#website\",\"url\":\"https:\/\/kilim-age.com\/es\/\",\"name\":\"Kilim-Age\",\"description\":\"Somos especialistas en productos artesanales de Turqu\u00eda como Alfombras, y Kilims\",\"potentialAction\":[{\"@type\":\"SearchAction\",\"target\":{\"@type\":\"EntryPoint\",\"urlTemplate\":\"https:\/\/kilim-age.com\/es\/?s={search_term_string}\"},\"query-input\":{\"@type\":\"PropertyValueSpecification\",\"valueRequired\":true,\"valueName\":\"search_term_string\"}}],\"inLanguage\":\"es\"}]}<\/script>\n<!-- \/ Yoast SEO plugin. -->","yoast_head_json":{"title":"Alfombra moderna turca abstracta l\u00edneas azules tejida de alta calidad.","description":"Alfombra moderna turca abstracta tejida de forma semi-manual con el antiguo arte de anudaci\u00f3n. Fabricada con alta calidad. Env\u00edos a Espa\u00f1a y resto de Europa","robots":{"index":"index","follow":"follow","max-snippet":"max-snippet:-1","max-image-preview":"max-image-preview:large","max-video-preview":"max-video-preview:-1"},"canonical":"https:\/\/kilim-age.com\/es\/producto\/alfombra-moderna-abstracta-lineas-azules\/","og_locale":"es_ES","og_type":"article","og_title":"Alfombra moderna turca abstracta l\u00edneas azules tejida de alta calidad.","og_description":"Alfombra moderna turca abstracta tejida de forma semi-manual con el antiguo arte de anudaci\u00f3n. Fabricada con alta calidad. Env\u00edos a Espa\u00f1a y resto de Europa","og_url":"https:\/\/kilim-age.com\/es\/producto\/alfombra-moderna-abstracta-lineas-azules\/","og_site_name":"Kilim-Age","article_modified_time":"2025-06-14T15:34:05+00:00","og_image":[{"width":1000,"height":1300,"url":"https:\/\/kilim-age.com\/wp-content\/uploads\/2021\/02\/KA17.jpg","type":"image\/jpeg"}],"twitter_card":"summary_large_image","twitter_misc":{"Tiempo de lectura":"1 minuto"},"schema":{"@context":"https:\/\/schema.org","@graph":[{"@type":"WebPage","@id":"https:\/\/kilim-age.com\/es\/producto\/alfombra-moderna-abstracta-lineas-azules\/","url":"https:\/\/kilim-age.com\/es\/producto\/alfombra-moderna-abstracta-lineas-azules\/","name":"Alfombra moderna turca abstracta l\u00edneas azules tejida de alta calidad.","isPartOf":{"@id":"https:\/\/kilim-age.com\/es\/#website"},"primaryImageOfPage":{"@id":"https:\/\/kilim-age.com\/es\/producto\/alfombra-moderna-abstracta-lineas-azules\/#primaryimage"},"image":{"@id":"https:\/\/kilim-age.com\/es\/producto\/alfombra-moderna-abstracta-lineas-azules\/#primaryimage"},"thumbnailUrl":"https:\/\/kilim-age.com\/wp-content\/uploads\/2021\/02\/KA17.jpg","datePublished":"2021-02-05T09:48:46+00:00","dateModified":"2025-06-14T15:34:05+00:00","description":"Alfombra moderna turca abstracta tejida de forma semi-manual con el antiguo arte de anudaci\u00f3n. Fabricada con alta calidad. Env\u00edos a Espa\u00f1a y resto de Europa","breadcrumb":{"@id":"https:\/\/kilim-age.com\/es\/producto\/alfombra-moderna-abstracta-lineas-azules\/#breadcrumb"},"inLanguage":"es","potentialAction":[{"@type":"ReadAction","target":["https:\/\/kilim-age.com\/es\/producto\/alfombra-moderna-abstracta-lineas-azules\/"]}]},{"@type":"ImageObject","inLanguage":"es","@id":"https:\/\/kilim-age.com\/es\/producto\/alfombra-moderna-abstracta-lineas-azules\/#primaryimage","url":"https:\/\/kilim-age.com\/wp-content\/uploads\/2021\/02\/KA17.jpg","contentUrl":"https:\/\/kilim-age.com\/wp-content\/uploads\/2021\/02\/KA17.jpg","width":1000,"height":1300},{"@type":"BreadcrumbList","@id":"https:\/\/kilim-age.com\/es\/producto\/alfombra-moderna-abstracta-lineas-azules\/#breadcrumb","itemListElement":[{"@type":"ListItem","position":1,"name":"Home","item":"https:\/\/kilim-age.com\/es\/"},{"@type":"ListItem","position":2,"name":"Shop","item":"https:\/\/www.kilim-age.com\/es\/shop\/"},{"@type":"ListItem","position":3,"name":"Alfombra Moderna Abstracta Lineas Azules 160&#215;230 cm"}]},{"@type":"WebSite","@id":"https:\/\/kilim-age.com\/es\/#website","url":"https:\/\/kilim-age.com\/es\/","name":"Kilim-Age","description":"Somos especialistas en productos artesanales de Turqu\u00eda como Alfombras, y Kilims","potentialAction":[{"@type":"SearchAction","target":{"@type":"EntryPoint","urlTemplate":"https:\/\/kilim-age.com\/es\/?s={search_term_string}"},"query-input":{"@type":"PropertyValueSpecification","valueRequired":true,"valueName":"search_term_string"}}],"inLanguage":"es"}]}},"_links":{"self":[{"href":"https:\/\/kilim-age.com\/es\/wp-json\/wp\/v2\/product\/16719","targetHints":{"allow":["GET"]}}],"collection":[{"href":"https:\/\/kilim-age.com\/es\/wp-json\/wp\/v2\/product"}],"about":[{"href":"https:\/\/kilim-age.com\/es\/wp-json\/wp\/v2\/types\/product"}],"replies":[{"embeddable":true,"href":"https:\/\/kilim-age.com\/es\/wp-json\/wp\/v2\/comments?post=16719"}],"wp:featuredmedia":[{"embeddable":true,"href":"https:\/\/kilim-age.com\/es\/wp-json\/wp\/v2\/media\/40974"}],"wp:attachment":[{"href":"https:\/\/kilim-age.com\/es\/wp-json\/wp\/v2\/media?parent=16719"}],"wp:term":[{"taxonomy":"product_brand","embeddable":true,"href":"https:\/\/kilim-age.com\/es\/wp-json\/wp\/v2\/product_brand?post=16719"},{"taxonomy":"product_cat","embeddable":true,"href":"https:\/\/kilim-age.com\/es\/wp-json\/wp\/v2\/product_cat?post=16719"},{"taxonomy":"product_tag","embeddable":true,"href":"https:\/\/kilim-age.com\/es\/wp-json\/wp\/v2\/product_tag?post=16719"}],"curies":[{"name":"wp","href":"https:\/\/api.w.org\/{rel}","templated":true}]}}