{"id":16240,"date":"2021-01-30T11:20:28","date_gmt":"2021-01-30T11:20:28","guid":{"rendered":"http:\/\/kilim-age.com\/?post_type=product&#038;p=16240"},"modified":"2025-12-09T11:52:01","modified_gmt":"2025-12-09T10:52:01","slug":"alfombra-moderna-turca-estilo-bujara","status":"publish","type":"product","link":"https:\/\/kilim-age.com\/es\/producto\/alfombra-moderna-turca-estilo-bujara\/","title":{"rendered":"New Fragment Bujar\u00e1 240&#215;340 cm"},"content":{"rendered":"<h1><span style=\"font-size: 75%;\">ALFOMBRA MODERNA TURCA BUJAR\u00c1<\/span><\/h1>\n<p>Alfombra moderna turca bujar\u00e1 con rombos y c\u00edrculos tejida de forma semi-manual con el antiguo arte de anudaci\u00f3n de alta calidad. Est\u00e1 disponible en dos medidas a elegir en el desplegable: 340 x 240 cm y en 300&#215;200 cm. Ambas poseen dise\u00f1o abstracto simulando peque\u00f1os rombos y c\u00edrculos inspirados en los motivos de las alfombras de bujar\u00e1 combinando diferentes degradados de tonos grises, beiges y azules turquesas. Las alfombras de Bujar\u00e1 \/ Bhkhara son reconocidas mundialmente por su tacto suave y mullido y por sus originales motivos inspirados en paisajes, rombos y figuras geom\u00e9tricas como las que se presentan en esta alfombra de dise\u00f1o cl\u00e1sico moderno.<\/p>\n<p><span style=\"font-size: 14.4px;\">Prueba a colocarla en tu sal\u00f3n y ver\u00e1 c\u00f3mo embelleces ese espacio con un toque de elegancia y sobriedad de una joya hecha con el antiguo arte milenario de anudaci\u00f3n que se realiza en Turqu\u00eda al estilo bujar\u00e1.<\/span><\/p>\n<p><strong>ALFOMBRAS MODERNAS \u00a0<\/strong><\/p>\n<p>Una alfombra moderna turca bujar\u00e1 tejida de forma semi-manual es una adaptaci\u00f3n de las <a href=\"http:\/\/kilim-age.com\/es\/categoria-producto\/alfombras-turcas\/alfombras-clasicas\/\">alfombras\u00a0cl\u00e1sicas<\/a>\u00a0a las nuevas tendencias y necesidades de dise\u00f1os actuales. \u00a0En el proceso de fabricaci\u00f3n siempre utilizamos materiales naturales de alta calidad.\u00a0Las alfombras modernas, se caracterizan por tener contraste de colores y formas m\u00e1s\u00a0<a href=\"https:\/\/es.wikipedia.org\/wiki\/Abstracci%C3%B3n_(filosof%C3%ADa)\">abstractas<\/a>. Tienen el pelo m\u00e1s corto que las alfombras cl\u00e1sicas de toda la vida, por ello, el tacto es muy suave y agradable.<\/p>\n<p>En su composici\u00f3n combinan materiales como algod\u00f3n, lana, seda y viscosa te\u00f1idos en tintes de minerales naturales. As\u00ed mismo, ofrecen un nivel de mantenimiento muy f\u00e1cil y tienen una calidad y resistencia inmejorable.<\/p>\n<p><strong>\u00bfPOR QUE RECOMENDAMOS COMPRAR UNA ALFOMBRA TURCA MODERNA?<\/strong><\/p>\n<p>Esta nueva tendencia de alfombras suponen una alternativa para aquellos ambientes m\u00e1s homog\u00e9neos. Son alfombras que se adaptan a espacios de cualquier estilo y dan un toque moderno y original. Dan una nota art\u00edstica al ambiente que queremos crear. Ofrecen calidez y visten los espacios para darles consistencia y robustez.","protected":false},"excerpt":{"rendered":"<p style=\"text-align: left;\">Origen: Hecha en Turqu\u00eda<br \/>\nMaterial: Seda Bamb\u00fa y algod\u00f3n<br \/>\nGrosor aproximadamente: 7 mm<br \/>\n2.000.000 points\/m<sup>2<\/sup><br \/>\nEstado: Nuevo<br \/>\nTejido de alta precisi\u00f3n<br \/>\nTodas nuestras alfombras modernas est\u00e1n hechas con fibras naturales.<br \/>\nLos colores de la alfombra se percibir\u00e1n de formas diferentes dependiendo del \u00e1ngulo de visi\u00f3n<br \/>\nPlazo de entrega: 2-5 d\u00edas h\u00e1biles en Espa\u00f1a.<br \/>\nEuropa: 5-7 d\u00edas h\u00e1biles, resto de continentes 7-10 d\u00edas.<\/p>\n","protected":false},"featured_media":40976,"comment_status":"open","ping_status":"closed","template":"","meta":[],"product_brand":[],"product_cat":[62,232],"product_tag":[816,294,803],"class_list":{"0":"post-16240","1":"product","2":"type-product","3":"status-publish","4":"has-post-thumbnail","6":"product_cat-alfombras-turcas","7":"product_cat-alfombras-modernas","8":"product_tag-alfombra-bujara","9":"product_tag-alfombras-modernas","10":"product_tag-modern-carpets","11":"product_shipping_class-alfombra-grande","12":"pa_ancho-cm-1029","13":"pa_color-azul","14":"pa_color-beige","15":"pa_color-turquesa","16":"pa_largo-cm-1030","17":"pa_seleccionar-medidas-120x180-cm","18":"pa_seleccionar-medidas-160x230-cm","19":"pa_seleccionar-medidas-200x300-cm","20":"pa_seleccionar-medidas-240x340-cm","21":"pa_seleccionar-medidas-400x300-cm","22":"pa_seleccionar-medidas-80x150-cm","23":"pa_seleccionar-medidas-80x150cm","25":"first","26":"instock","27":"sale","28":"sold-individually","29":"taxable","30":"shipping-taxable","31":"purchasable","32":"product-type-variable"},"yoast_head":"<!-- This site is optimized with the Yoast SEO plugin v24.8.1 - https:\/\/yoast.com\/wordpress\/plugins\/seo\/ -->\n<title>Alfombra Moderna | Kilim-Age | Alfombras Modernas turcas<\/title>\n<meta name=\"description\" content=\"Alfombra moderna turca bujar\u00e1 tejida de forma semi-manual con el antiguo arte de anudaci\u00f3n. Fabricada con alta calidad. Env\u00edos a Espa\u00f1a y resto de Europa\" \/>\n<meta name=\"robots\" content=\"index, follow, max-snippet:-1, max-image-preview:large, max-video-preview:-1\" \/>\n<link rel=\"canonical\" href=\"https:\/\/kilim-age.com\/es\/producto\/alfombra-moderna-turca-estilo-bujara\/\" \/>\n<meta property=\"og:locale\" content=\"es_ES\" \/>\n<meta property=\"og:type\" content=\"article\" \/>\n<meta property=\"og:title\" content=\"Alfombra Moderna | Kilim-Age | Alfombras Modernas turcas\" \/>\n<meta property=\"og:description\" content=\"Alfombra moderna turca bujar\u00e1 tejida de forma semi-manual con el antiguo arte de anudaci\u00f3n. Fabricada con alta calidad. Env\u00edos a Espa\u00f1a y resto de Europa\" \/>\n<meta property=\"og:url\" content=\"https:\/\/kilim-age.com\/es\/producto\/alfombra-moderna-turca-estilo-bujara\/\" \/>\n<meta property=\"og:site_name\" content=\"Kilim-Age\" \/>\n<meta property=\"article:modified_time\" content=\"2025-12-09T10:52:01+00:00\" \/>\n<meta property=\"og:image\" content=\"https:\/\/kilim-age.com\/wp-content\/uploads\/2021\/01\/KA51.jpg\" \/>\n\t<meta property=\"og:image:width\" content=\"1000\" \/>\n\t<meta property=\"og:image:height\" content=\"1300\" \/>\n\t<meta property=\"og:image:type\" content=\"image\/jpeg\" \/>\n<meta name=\"twitter:card\" content=\"summary_large_image\" \/>\n<meta name=\"twitter:label1\" content=\"Tiempo de lectura\" \/>\n\t<meta name=\"twitter:data1\" content=\"1 minuto\" \/>\n<script type=\"application\/ld+json\" class=\"yoast-schema-graph\">{\"@context\":\"https:\/\/schema.org\",\"@graph\":[{\"@type\":\"WebPage\",\"@id\":\"https:\/\/kilim-age.com\/es\/producto\/alfombra-moderna-turca-estilo-bujara\/\",\"url\":\"https:\/\/kilim-age.com\/es\/producto\/alfombra-moderna-turca-estilo-bujara\/\",\"name\":\"Alfombra Moderna | Kilim-Age | Alfombras Modernas turcas\",\"isPartOf\":{\"@id\":\"https:\/\/www.kilim-age.com\/en\/#website\"},\"primaryImageOfPage\":{\"@id\":\"https:\/\/kilim-age.com\/es\/producto\/alfombra-moderna-turca-estilo-bujara\/#primaryimage\"},\"image\":{\"@id\":\"https:\/\/kilim-age.com\/es\/producto\/alfombra-moderna-turca-estilo-bujara\/#primaryimage\"},\"thumbnailUrl\":\"https:\/\/kilim-age.com\/wp-content\/uploads\/2021\/01\/KA51.jpg\",\"datePublished\":\"2021-01-30T11:20:28+00:00\",\"dateModified\":\"2025-12-09T10:52:01+00:00\",\"description\":\"Alfombra moderna turca bujar\u00e1 tejida de forma semi-manual con el antiguo arte de anudaci\u00f3n. Fabricada con alta calidad. Env\u00edos a Espa\u00f1a y resto de Europa\",\"breadcrumb\":{\"@id\":\"https:\/\/kilim-age.com\/es\/producto\/alfombra-moderna-turca-estilo-bujara\/#breadcrumb\"},\"inLanguage\":\"es\",\"potentialAction\":[{\"@type\":\"ReadAction\",\"target\":[\"https:\/\/kilim-age.com\/es\/producto\/alfombra-moderna-turca-estilo-bujara\/\"]}]},{\"@type\":\"ImageObject\",\"inLanguage\":\"es\",\"@id\":\"https:\/\/kilim-age.com\/es\/producto\/alfombra-moderna-turca-estilo-bujara\/#primaryimage\",\"url\":\"https:\/\/kilim-age.com\/wp-content\/uploads\/2021\/01\/KA51.jpg\",\"contentUrl\":\"https:\/\/kilim-age.com\/wp-content\/uploads\/2021\/01\/KA51.jpg\",\"width\":1000,\"height\":1300},{\"@type\":\"BreadcrumbList\",\"@id\":\"https:\/\/kilim-age.com\/es\/producto\/alfombra-moderna-turca-estilo-bujara\/#breadcrumb\",\"itemListElement\":[{\"@type\":\"ListItem\",\"position\":1,\"name\":\"Home\",\"item\":\"https:\/\/www.kilim-age.com\/en\/\"},{\"@type\":\"ListItem\",\"position\":2,\"name\":\"Shop\",\"item\":\"https:\/\/www.kilim-age.com\/en\/shop\/\"},{\"@type\":\"ListItem\",\"position\":3,\"name\":\"New Fragment Bujar\u00e1 240&#215;340 cm\"}]},{\"@type\":\"WebSite\",\"@id\":\"https:\/\/www.kilim-age.com\/en\/#website\",\"url\":\"https:\/\/www.kilim-age.com\/en\/\",\"name\":\"Kilim-Age\",\"description\":\"Somos especialistas en productos artesanales de Turqu\u00eda como Alfombras, y Kilims\",\"potentialAction\":[{\"@type\":\"SearchAction\",\"target\":{\"@type\":\"EntryPoint\",\"urlTemplate\":\"https:\/\/www.kilim-age.com\/en\/?s={search_term_string}\"},\"query-input\":{\"@type\":\"PropertyValueSpecification\",\"valueRequired\":true,\"valueName\":\"search_term_string\"}}],\"inLanguage\":\"es\"}]}<\/script>\n<!-- \/ Yoast SEO plugin. -->","yoast_head_json":{"title":"Alfombra Moderna | Kilim-Age | Alfombras Modernas turcas","description":"Alfombra moderna turca bujar\u00e1 tejida de forma semi-manual con el antiguo arte de anudaci\u00f3n. Fabricada con alta calidad. Env\u00edos a Espa\u00f1a y resto de Europa","robots":{"index":"index","follow":"follow","max-snippet":"max-snippet:-1","max-image-preview":"max-image-preview:large","max-video-preview":"max-video-preview:-1"},"canonical":"https:\/\/kilim-age.com\/es\/producto\/alfombra-moderna-turca-estilo-bujara\/","og_locale":"es_ES","og_type":"article","og_title":"Alfombra Moderna | Kilim-Age | Alfombras Modernas turcas","og_description":"Alfombra moderna turca bujar\u00e1 tejida de forma semi-manual con el antiguo arte de anudaci\u00f3n. Fabricada con alta calidad. Env\u00edos a Espa\u00f1a y resto de Europa","og_url":"https:\/\/kilim-age.com\/es\/producto\/alfombra-moderna-turca-estilo-bujara\/","og_site_name":"Kilim-Age","article_modified_time":"2025-12-09T10:52:01+00:00","og_image":[{"width":1000,"height":1300,"url":"https:\/\/kilim-age.com\/wp-content\/uploads\/2021\/01\/KA51.jpg","type":"image\/jpeg"}],"twitter_card":"summary_large_image","twitter_misc":{"Tiempo de lectura":"1 minuto"},"schema":{"@context":"https:\/\/schema.org","@graph":[{"@type":"WebPage","@id":"https:\/\/kilim-age.com\/es\/producto\/alfombra-moderna-turca-estilo-bujara\/","url":"https:\/\/kilim-age.com\/es\/producto\/alfombra-moderna-turca-estilo-bujara\/","name":"Alfombra Moderna | Kilim-Age | Alfombras Modernas turcas","isPartOf":{"@id":"https:\/\/www.kilim-age.com\/en\/#website"},"primaryImageOfPage":{"@id":"https:\/\/kilim-age.com\/es\/producto\/alfombra-moderna-turca-estilo-bujara\/#primaryimage"},"image":{"@id":"https:\/\/kilim-age.com\/es\/producto\/alfombra-moderna-turca-estilo-bujara\/#primaryimage"},"thumbnailUrl":"https:\/\/kilim-age.com\/wp-content\/uploads\/2021\/01\/KA51.jpg","datePublished":"2021-01-30T11:20:28+00:00","dateModified":"2025-12-09T10:52:01+00:00","description":"Alfombra moderna turca bujar\u00e1 tejida de forma semi-manual con el antiguo arte de anudaci\u00f3n. Fabricada con alta calidad. Env\u00edos a Espa\u00f1a y resto de Europa","breadcrumb":{"@id":"https:\/\/kilim-age.com\/es\/producto\/alfombra-moderna-turca-estilo-bujara\/#breadcrumb"},"inLanguage":"es","potentialAction":[{"@type":"ReadAction","target":["https:\/\/kilim-age.com\/es\/producto\/alfombra-moderna-turca-estilo-bujara\/"]}]},{"@type":"ImageObject","inLanguage":"es","@id":"https:\/\/kilim-age.com\/es\/producto\/alfombra-moderna-turca-estilo-bujara\/#primaryimage","url":"https:\/\/kilim-age.com\/wp-content\/uploads\/2021\/01\/KA51.jpg","contentUrl":"https:\/\/kilim-age.com\/wp-content\/uploads\/2021\/01\/KA51.jpg","width":1000,"height":1300},{"@type":"BreadcrumbList","@id":"https:\/\/kilim-age.com\/es\/producto\/alfombra-moderna-turca-estilo-bujara\/#breadcrumb","itemListElement":[{"@type":"ListItem","position":1,"name":"Home","item":"https:\/\/www.kilim-age.com\/en\/"},{"@type":"ListItem","position":2,"name":"Shop","item":"https:\/\/www.kilim-age.com\/en\/shop\/"},{"@type":"ListItem","position":3,"name":"New Fragment Bujar\u00e1 240&#215;340 cm"}]},{"@type":"WebSite","@id":"https:\/\/www.kilim-age.com\/en\/#website","url":"https:\/\/www.kilim-age.com\/en\/","name":"Kilim-Age","description":"Somos especialistas en productos artesanales de Turqu\u00eda como Alfombras, y Kilims","potentialAction":[{"@type":"SearchAction","target":{"@type":"EntryPoint","urlTemplate":"https:\/\/www.kilim-age.com\/en\/?s={search_term_string}"},"query-input":{"@type":"PropertyValueSpecification","valueRequired":true,"valueName":"search_term_string"}}],"inLanguage":"es"}]}},"_links":{"self":[{"href":"https:\/\/kilim-age.com\/es\/wp-json\/wp\/v2\/product\/16240","targetHints":{"allow":["GET"]}}],"collection":[{"href":"https:\/\/kilim-age.com\/es\/wp-json\/wp\/v2\/product"}],"about":[{"href":"https:\/\/kilim-age.com\/es\/wp-json\/wp\/v2\/types\/product"}],"replies":[{"embeddable":true,"href":"https:\/\/kilim-age.com\/es\/wp-json\/wp\/v2\/comments?post=16240"}],"wp:featuredmedia":[{"embeddable":true,"href":"https:\/\/kilim-age.com\/es\/wp-json\/wp\/v2\/media\/40976"}],"wp:attachment":[{"href":"https:\/\/kilim-age.com\/es\/wp-json\/wp\/v2\/media?parent=16240"}],"wp:term":[{"taxonomy":"product_brand","embeddable":true,"href":"https:\/\/kilim-age.com\/es\/wp-json\/wp\/v2\/product_brand?post=16240"},{"taxonomy":"product_cat","embeddable":true,"href":"https:\/\/kilim-age.com\/es\/wp-json\/wp\/v2\/product_cat?post=16240"},{"taxonomy":"product_tag","embeddable":true,"href":"https:\/\/kilim-age.com\/es\/wp-json\/wp\/v2\/product_tag?post=16240"}],"curies":[{"name":"wp","href":"https:\/\/api.w.org\/{rel}","templated":true}]}}