{"id":1464,"date":"2017-04-09T22:13:00","date_gmt":"2017-04-09T22:13:00","guid":{"rendered":"http:\/\/kilim-age.com\/?post_type=product&#038;p=1464"},"modified":"2021-06-25T17:42:17","modified_gmt":"2021-06-25T15:42:17","slug":"alfombra-kazak-197-x-138-cm","status":"publish","type":"product","link":"https:\/\/kilim-age.com\/es\/producto\/alfombra-kazak-197-x-138-cm\/","title":{"rendered":"ALFOMBRA KAZAK 197 X 138 cm"},"content":{"rendered":"Alfombra cl\u00e1sica n\u00f3mada Kazak.<br \/>\nEstas alfombras est\u00e1n anudados de manera artesanal a manos de mejores tejedores de alfombras. Sus dise\u00f1os se inspiran en los cl\u00e1sicos motivos geom\u00e9tricos de caucasia, su lana esta totalmente hilada a mano y despu\u00e9s te\u00f1ido con colores naturales. Son alfombras muy resistentes y buena calidad.","protected":false},"excerpt":{"rendered":"<p>Fabricaci\u00f3n: Hecho a mano<br \/>\nTama\u00f1o: 197 X 138 cm<br \/>\nN\u00famero de nudos: aprox 160000 por m\u00b2<br \/>\nEstado: Nuevo<br \/>\nOrigen: Turqu\u00eda<br \/>\nPelo: Lana<br \/>\nUrdimbre: algod\u00f3n<br \/>\nGrosor aprox: 5-6 mm<br \/>\nTe\u00f1ido natural, la lana hilada a mano<br \/>\nLos colores de la alfombra se percibir\u00e1n de formas diferentes dependiendo del \u00e1ngulo de visi\u00f3n<\/p>\n","protected":false},"featured_media":1466,"comment_status":"open","ping_status":"closed","template":"","meta":[],"product_brand":[],"product_cat":[62,230],"product_tag":[101,99],"class_list":{"0":"post-1464","1":"product","2":"type-product","3":"status-publish","4":"has-post-thumbnail","6":"product_cat-alfombras-turcas","7":"product_cat-alfombras-clasicas","8":"product_tag-alfombras-kazak","9":"product_tag-kazak-carpets","10":"product_shipping_class-alfombra-mediana","11":"pa_ancho-cm-974","12":"pa_color-beige","13":"pa_color-rojo","14":"pa_color-verde","15":"pa_largo-cm-1016","16":"pa_medida-medianos","18":"first","19":"outofstock","20":"sold-individually","21":"taxable","22":"shipping-taxable","23":"purchasable","24":"product-type-simple"},"yoast_head":"<!-- This site is optimized with the Yoast SEO plugin v24.8.1 - https:\/\/yoast.com\/wordpress\/plugins\/seo\/ -->\n<title>ALFOMBRA KAZAK 197 X 138 cm | Kilim-Age<\/title>\n<meta name=\"robots\" content=\"index, follow, max-snippet:-1, max-image-preview:large, max-video-preview:-1\" \/>\n<link rel=\"canonical\" href=\"https:\/\/kilim-age.com\/es\/producto\/alfombra-kazak-197-x-138-cm\/\" \/>\n<meta property=\"og:locale\" content=\"es_ES\" \/>\n<meta property=\"og:type\" content=\"article\" \/>\n<meta property=\"og:title\" content=\"ALFOMBRA KAZAK 197 X 138 cm | Kilim-Age\" \/>\n<meta property=\"og:description\" content=\"Fabricaci\u00f3n: Hecho a mano Tama\u00f1o: 197 X 138 cm N\u00famero de nudos: aprox 160000 por m\u00b2 Estado: Nuevo Origen: Turqu\u00eda Pelo: Lana Urdimbre: algod\u00f3n Grosor aprox: 5-6 mm Te\u00f1ido natural, la lana hilada a mano Los colores de la alfombra se percibir\u00e1n de formas diferentes dependiendo del \u00e1ngulo de visi\u00f3n\" \/>\n<meta property=\"og:url\" content=\"https:\/\/kilim-age.com\/es\/producto\/alfombra-kazak-197-x-138-cm\/\" \/>\n<meta property=\"og:site_name\" content=\"Kilim-Age\" \/>\n<meta property=\"article:modified_time\" content=\"2021-06-25T15:42:17+00:00\" \/>\n<meta property=\"og:image\" content=\"https:\/\/kilim-age.com\/wp-content\/uploads\/2017\/04\/WEB-KA-597-197X138-copia.jpg\" \/>\n\t<meta property=\"og:image:width\" content=\"560\" \/>\n\t<meta property=\"og:image:height\" content=\"700\" \/>\n\t<meta property=\"og:image:type\" content=\"image\/jpeg\" \/>\n<meta name=\"twitter:card\" content=\"summary_large_image\" \/>\n<meta name=\"twitter:label1\" content=\"Tiempo de lectura\" \/>\n\t<meta name=\"twitter:data1\" content=\"1 minuto\" \/>\n<script type=\"application\/ld+json\" class=\"yoast-schema-graph\">{\"@context\":\"https:\/\/schema.org\",\"@graph\":[{\"@type\":\"WebPage\",\"@id\":\"https:\/\/kilim-age.com\/es\/producto\/alfombra-kazak-197-x-138-cm\/\",\"url\":\"https:\/\/kilim-age.com\/es\/producto\/alfombra-kazak-197-x-138-cm\/\",\"name\":\"ALFOMBRA KAZAK 197 X 138 cm | Kilim-Age\",\"isPartOf\":{\"@id\":\"https:\/\/www.kilim-age.com\/es\/#website\"},\"primaryImageOfPage\":{\"@id\":\"https:\/\/kilim-age.com\/es\/producto\/alfombra-kazak-197-x-138-cm\/#primaryimage\"},\"image\":{\"@id\":\"https:\/\/kilim-age.com\/es\/producto\/alfombra-kazak-197-x-138-cm\/#primaryimage\"},\"thumbnailUrl\":\"https:\/\/kilim-age.com\/wp-content\/uploads\/2017\/04\/WEB-KA-597-197X138-copia.jpg\",\"datePublished\":\"2017-04-09T22:13:00+00:00\",\"dateModified\":\"2021-06-25T15:42:17+00:00\",\"breadcrumb\":{\"@id\":\"https:\/\/kilim-age.com\/es\/producto\/alfombra-kazak-197-x-138-cm\/#breadcrumb\"},\"inLanguage\":\"es\",\"potentialAction\":[{\"@type\":\"ReadAction\",\"target\":[\"https:\/\/kilim-age.com\/es\/producto\/alfombra-kazak-197-x-138-cm\/\"]}]},{\"@type\":\"ImageObject\",\"inLanguage\":\"es\",\"@id\":\"https:\/\/kilim-age.com\/es\/producto\/alfombra-kazak-197-x-138-cm\/#primaryimage\",\"url\":\"https:\/\/kilim-age.com\/wp-content\/uploads\/2017\/04\/WEB-KA-597-197X138-copia.jpg\",\"contentUrl\":\"https:\/\/kilim-age.com\/wp-content\/uploads\/2017\/04\/WEB-KA-597-197X138-copia.jpg\",\"width\":560,\"height\":700,\"caption\":\"Alfombra Cl\u00e1sica turca\"},{\"@type\":\"BreadcrumbList\",\"@id\":\"https:\/\/kilim-age.com\/es\/producto\/alfombra-kazak-197-x-138-cm\/#breadcrumb\",\"itemListElement\":[{\"@type\":\"ListItem\",\"position\":1,\"name\":\"Home\",\"item\":\"https:\/\/www.kilim-age.com\/es\/\"},{\"@type\":\"ListItem\",\"position\":2,\"name\":\"Shop\",\"item\":\"https:\/\/www.kilim-age.com\/es\/shop\/\"},{\"@type\":\"ListItem\",\"position\":3,\"name\":\"ALFOMBRA KAZAK 197 X 138 cm\"}]},{\"@type\":\"WebSite\",\"@id\":\"https:\/\/www.kilim-age.com\/es\/#website\",\"url\":\"https:\/\/www.kilim-age.com\/es\/\",\"name\":\"Kilim-Age\",\"description\":\"Somos especialistas en productos artesanales de Turqu\u00eda como Alfombras, y Kilims\",\"potentialAction\":[{\"@type\":\"SearchAction\",\"target\":{\"@type\":\"EntryPoint\",\"urlTemplate\":\"https:\/\/www.kilim-age.com\/es\/?s={search_term_string}\"},\"query-input\":{\"@type\":\"PropertyValueSpecification\",\"valueRequired\":true,\"valueName\":\"search_term_string\"}}],\"inLanguage\":\"es\"}]}<\/script>\n<!-- \/ Yoast SEO plugin. -->","yoast_head_json":{"title":"ALFOMBRA KAZAK 197 X 138 cm | Kilim-Age","robots":{"index":"index","follow":"follow","max-snippet":"max-snippet:-1","max-image-preview":"max-image-preview:large","max-video-preview":"max-video-preview:-1"},"canonical":"https:\/\/kilim-age.com\/es\/producto\/alfombra-kazak-197-x-138-cm\/","og_locale":"es_ES","og_type":"article","og_title":"ALFOMBRA KAZAK 197 X 138 cm | Kilim-Age","og_description":"Fabricaci\u00f3n: Hecho a mano Tama\u00f1o: 197 X 138 cm N\u00famero de nudos: aprox 160000 por m\u00b2 Estado: Nuevo Origen: Turqu\u00eda Pelo: Lana Urdimbre: algod\u00f3n Grosor aprox: 5-6 mm Te\u00f1ido natural, la lana hilada a mano Los colores de la alfombra se percibir\u00e1n de formas diferentes dependiendo del \u00e1ngulo de visi\u00f3n","og_url":"https:\/\/kilim-age.com\/es\/producto\/alfombra-kazak-197-x-138-cm\/","og_site_name":"Kilim-Age","article_modified_time":"2021-06-25T15:42:17+00:00","og_image":[{"width":560,"height":700,"url":"https:\/\/kilim-age.com\/wp-content\/uploads\/2017\/04\/WEB-KA-597-197X138-copia.jpg","type":"image\/jpeg"}],"twitter_card":"summary_large_image","twitter_misc":{"Tiempo de lectura":"1 minuto"},"schema":{"@context":"https:\/\/schema.org","@graph":[{"@type":"WebPage","@id":"https:\/\/kilim-age.com\/es\/producto\/alfombra-kazak-197-x-138-cm\/","url":"https:\/\/kilim-age.com\/es\/producto\/alfombra-kazak-197-x-138-cm\/","name":"ALFOMBRA KAZAK 197 X 138 cm | Kilim-Age","isPartOf":{"@id":"https:\/\/www.kilim-age.com\/es\/#website"},"primaryImageOfPage":{"@id":"https:\/\/kilim-age.com\/es\/producto\/alfombra-kazak-197-x-138-cm\/#primaryimage"},"image":{"@id":"https:\/\/kilim-age.com\/es\/producto\/alfombra-kazak-197-x-138-cm\/#primaryimage"},"thumbnailUrl":"https:\/\/kilim-age.com\/wp-content\/uploads\/2017\/04\/WEB-KA-597-197X138-copia.jpg","datePublished":"2017-04-09T22:13:00+00:00","dateModified":"2021-06-25T15:42:17+00:00","breadcrumb":{"@id":"https:\/\/kilim-age.com\/es\/producto\/alfombra-kazak-197-x-138-cm\/#breadcrumb"},"inLanguage":"es","potentialAction":[{"@type":"ReadAction","target":["https:\/\/kilim-age.com\/es\/producto\/alfombra-kazak-197-x-138-cm\/"]}]},{"@type":"ImageObject","inLanguage":"es","@id":"https:\/\/kilim-age.com\/es\/producto\/alfombra-kazak-197-x-138-cm\/#primaryimage","url":"https:\/\/kilim-age.com\/wp-content\/uploads\/2017\/04\/WEB-KA-597-197X138-copia.jpg","contentUrl":"https:\/\/kilim-age.com\/wp-content\/uploads\/2017\/04\/WEB-KA-597-197X138-copia.jpg","width":560,"height":700,"caption":"Alfombra Cl\u00e1sica turca"},{"@type":"BreadcrumbList","@id":"https:\/\/kilim-age.com\/es\/producto\/alfombra-kazak-197-x-138-cm\/#breadcrumb","itemListElement":[{"@type":"ListItem","position":1,"name":"Home","item":"https:\/\/www.kilim-age.com\/es\/"},{"@type":"ListItem","position":2,"name":"Shop","item":"https:\/\/www.kilim-age.com\/es\/shop\/"},{"@type":"ListItem","position":3,"name":"ALFOMBRA KAZAK 197 X 138 cm"}]},{"@type":"WebSite","@id":"https:\/\/www.kilim-age.com\/es\/#website","url":"https:\/\/www.kilim-age.com\/es\/","name":"Kilim-Age","description":"Somos especialistas en productos artesanales de Turqu\u00eda como Alfombras, y Kilims","potentialAction":[{"@type":"SearchAction","target":{"@type":"EntryPoint","urlTemplate":"https:\/\/www.kilim-age.com\/es\/?s={search_term_string}"},"query-input":{"@type":"PropertyValueSpecification","valueRequired":true,"valueName":"search_term_string"}}],"inLanguage":"es"}]}},"_links":{"self":[{"href":"https:\/\/kilim-age.com\/es\/wp-json\/wp\/v2\/product\/1464","targetHints":{"allow":["GET"]}}],"collection":[{"href":"https:\/\/kilim-age.com\/es\/wp-json\/wp\/v2\/product"}],"about":[{"href":"https:\/\/kilim-age.com\/es\/wp-json\/wp\/v2\/types\/product"}],"replies":[{"embeddable":true,"href":"https:\/\/kilim-age.com\/es\/wp-json\/wp\/v2\/comments?post=1464"}],"wp:featuredmedia":[{"embeddable":true,"href":"https:\/\/kilim-age.com\/es\/wp-json\/wp\/v2\/media\/1466"}],"wp:attachment":[{"href":"https:\/\/kilim-age.com\/es\/wp-json\/wp\/v2\/media?parent=1464"}],"wp:term":[{"taxonomy":"product_brand","embeddable":true,"href":"https:\/\/kilim-age.com\/es\/wp-json\/wp\/v2\/product_brand?post=1464"},{"taxonomy":"product_cat","embeddable":true,"href":"https:\/\/kilim-age.com\/es\/wp-json\/wp\/v2\/product_cat?post=1464"},{"taxonomy":"product_tag","embeddable":true,"href":"https:\/\/kilim-age.com\/es\/wp-json\/wp\/v2\/product_tag?post=1464"}],"curies":[{"name":"wp","href":"https:\/\/api.w.org\/{rel}","templated":true}]}}