{"id":14396,"date":"2020-10-27T12:47:08","date_gmt":"2020-10-27T12:47:08","guid":{"rendered":"http:\/\/kilim-age.com\/?post_type=product&#038;p=14396"},"modified":"2025-10-01T19:49:09","modified_gmt":"2025-10-01T17:49:09","slug":"classic-turkish-carpets","status":"publish","type":"product","link":"https:\/\/kilim-age.com\/es\/producto\/classic-turkish-carpets\/","title":{"rendered":"ALFOMBRA CL\u00c1SICA 215 x 140 cm"},"content":{"rendered":"<h3 style=\"text-align: justify;\"><strong>ALFOMBRAS CL\u00c1SICAS<\/strong><\/h3>\n<p style=\"text-align: justify;\">Alfombras Persas Econ\u00f3micas! Las alfombras cl\u00e1sicas son aquellas m\u00e1s antiguas o que siguen los patrones tradicionales. Eran originariamente tejidas por los n\u00f3madas en <a href=\"http:\/\/www.turismodeturquia.org\/\">Turqu\u00eda<\/a>, la regi\u00f3n del C\u00e1ucaso, Ir\u00e1n y Afganist\u00e1n. Se trata un arte milenario que consiste en la anudaci\u00f3n de la lana, el algod\u00f3n o la seda para realizar las alfombras. Estas alfombras serv\u00edan hace siglos como mantas y camas de los n\u00f3madas. Tambi\u00e9n empezaron a utilizarse como objeto de decoraci\u00f3n en las tiendas de estos n\u00f3madas y m\u00e1s tardes en los hogares. Despu\u00e9s empezaron a popularizarse por todo el mundo y a dejarse ver en todo tipo de ambientes.<\/p>\n<p style=\"text-align: justify;\">En <a href=\"http:\/\/kilim-age.com\/es\/\">Kilim-Age<\/a> estamos especializados en las alfombras cl\u00e1sicas de origen turco. Las alfombras cl\u00e1sicas est\u00e1n anudadas de manera artesanal a manos de los mejores tejedores de alfombras. Sus dise\u00f1os se inspiran en los cl\u00e1sicos motivos geom\u00e9tricos y tribales. Su lana esta totalmente hilada a mano y despu\u00e9s te\u00f1ido con colores de minerales naturales. Son alfombras muy resistentes de pelo corto y r\u00edgido. Desde las entra\u00f1as Estambul os acercamos a la tradici\u00f3n artesanal del arte de anudar, seleccionando las m\u00e1s representativas alfombras de la cultura turca.<\/p>\n<p style=\"text-align: justify;\">Dentro de la decoraci\u00f3n, las alfombras siempre han supuesto una parte muy importante. Cargan con el papel de revestir un ambiente, de darle uniformidad y personalidad. Las alfombras cl\u00e1sicas llenan los espacios de historia y etnicidad, as\u00ed que ofrecen un detalle \u00fanico y exclusivo de cada alfombra. Al estar hechas de manera artesanal no existe una igual, y dependiendo de la regi\u00f3n o zona, existen diferentes colores y motivos representativos.<\/p>","protected":false},"excerpt":{"rendered":"<p style=\"text-align: left;\">Fabricaci\u00f3n: Hecho a mano<br \/>\nTama\u00f1o: 215 X 140 cm<br \/>\nN\u00famero de nudos: aprox 200000 por m\u00b2<br \/>\nEstado: Nuevo<br \/>\nOrigen: Turqu\u00eda<br \/>\nPelo: Lana<br \/>\nUrdimbre: algod\u00f3n<br \/>\nGrosor aprox: 4-5 mm<br \/>\nTe\u00f1ido natural, la lana hilada a mano<br \/>\nLos colores de la alfombra se percibir\u00e1n de formas diferentes dependiendo del \u00e1ngulo de visi\u00f3n<br \/>\nPlazo de entrega:2-5 d\u00edas h\u00e1biles en Espa\u00f1a.<br \/>\nEuropa: 5-7 d\u00edas h\u00e1biles, resto de continentes 7-10 d\u00edas.<\/p>\n","protected":false},"featured_media":14397,"comment_status":"open","ping_status":"closed","template":"","meta":[],"product_brand":[],"product_cat":[62,230],"product_tag":[79,80],"class_list":{"0":"post-14396","1":"product","2":"type-product","3":"status-publish","4":"has-post-thumbnail","6":"product_cat-alfombras-turcas","7":"product_cat-alfombras-clasicas","8":"product_tag-alfombras-clasicas","9":"product_tag-classic-carpets","10":"product_shipping_class-alfombra-mediana","11":"pa_ancho-cm-924","12":"pa_color-rojo","13":"pa_largo-cm-925","14":"pa_medida-medianos","16":"first","17":"instock","18":"sale","19":"sold-individually","20":"taxable","21":"shipping-taxable","22":"purchasable","23":"product-type-simple"},"yoast_head":"<!-- This site is optimized with the Yoast SEO plugin v24.8.1 - https:\/\/yoast.com\/wordpress\/plugins\/seo\/ -->\n<title>CLASSIC TURKISH CARPETS | Kilim-Age | Sales up to 50%<\/title>\n<meta name=\"description\" content=\"Classic Turkish Carpets! Real handmade carpets from Turkey. All sizes and wide range of products. Fast Shipping, sales up to 50%\" \/>\n<meta name=\"robots\" content=\"index, follow, max-snippet:-1, max-image-preview:large, max-video-preview:-1\" \/>\n<link rel=\"canonical\" href=\"https:\/\/www.kilim-age.com\/en\/producto\/classic-turkish-carpets\/\" \/>\n<meta property=\"og:locale\" content=\"es_ES\" \/>\n<meta property=\"og:type\" content=\"article\" \/>\n<meta property=\"og:title\" content=\"CLASSIC TURKISH CARPETS | Kilim-Age | Sales up to 50%\" \/>\n<meta property=\"og:description\" content=\"Classic Turkish Carpets! Real handmade carpets from Turkey. All sizes and wide range of products. Fast Shipping, sales up to 50%\" \/>\n<meta property=\"og:url\" content=\"https:\/\/www.kilim-age.com\/en\/producto\/classic-turkish-carpets\/\" \/>\n<meta property=\"og:site_name\" content=\"Kilim-Age\" \/>\n<meta property=\"article:modified_time\" content=\"2025-10-01T17:49:09+00:00\" \/>\n<meta property=\"og:image\" content=\"https:\/\/www.kilim-age.com\/wp-content\/uploads\/2020\/10\/IMG_9967.jpg\" \/>\n\t<meta property=\"og:image:width\" content=\"1000\" \/>\n\t<meta property=\"og:image:height\" content=\"1300\" \/>\n\t<meta property=\"og:image:type\" content=\"image\/jpeg\" \/>\n<meta name=\"twitter:card\" content=\"summary_large_image\" \/>\n<meta name=\"twitter:label1\" content=\"Tiempo de lectura\" \/>\n\t<meta name=\"twitter:data1\" content=\"2 minutos\" \/>\n<script type=\"application\/ld+json\" class=\"yoast-schema-graph\">{\"@context\":\"https:\/\/schema.org\",\"@graph\":[{\"@type\":\"WebPage\",\"@id\":\"https:\/\/www.kilim-age.com\/en\/producto\/classic-turkish-carpets\/\",\"url\":\"https:\/\/www.kilim-age.com\/en\/producto\/classic-turkish-carpets\/\",\"name\":\"CLASSIC TURKISH CARPETS | Kilim-Age | Sales up to 50%\",\"isPartOf\":{\"@id\":\"https:\/\/kilim-age.com\/en\/#website\"},\"primaryImageOfPage\":{\"@id\":\"https:\/\/www.kilim-age.com\/en\/producto\/classic-turkish-carpets\/#primaryimage\"},\"image\":{\"@id\":\"https:\/\/www.kilim-age.com\/en\/producto\/classic-turkish-carpets\/#primaryimage\"},\"thumbnailUrl\":\"https:\/\/kilim-age.com\/wp-content\/uploads\/2020\/10\/IMG_9967.jpg\",\"datePublished\":\"2020-10-27T12:47:08+00:00\",\"dateModified\":\"2025-10-01T17:49:09+00:00\",\"description\":\"Classic Turkish Carpets! Real handmade carpets from Turkey. All sizes and wide range of products. Fast Shipping, sales up to 50%\",\"breadcrumb\":{\"@id\":\"https:\/\/www.kilim-age.com\/en\/producto\/classic-turkish-carpets\/#breadcrumb\"},\"inLanguage\":\"es\",\"potentialAction\":[{\"@type\":\"ReadAction\",\"target\":[\"https:\/\/www.kilim-age.com\/en\/producto\/classic-turkish-carpets\/\"]}]},{\"@type\":\"ImageObject\",\"inLanguage\":\"es\",\"@id\":\"https:\/\/www.kilim-age.com\/en\/producto\/classic-turkish-carpets\/#primaryimage\",\"url\":\"https:\/\/kilim-age.com\/wp-content\/uploads\/2020\/10\/IMG_9967.jpg\",\"contentUrl\":\"https:\/\/kilim-age.com\/wp-content\/uploads\/2020\/10\/IMG_9967.jpg\",\"width\":1000,\"height\":1300,\"caption\":\"Classic Turkish Carpets\"},{\"@type\":\"BreadcrumbList\",\"@id\":\"https:\/\/www.kilim-age.com\/en\/producto\/classic-turkish-carpets\/#breadcrumb\",\"itemListElement\":[{\"@type\":\"ListItem\",\"position\":1,\"name\":\"Home\",\"item\":\"https:\/\/kilim-age.com\/en\/\"},{\"@type\":\"ListItem\",\"position\":2,\"name\":\"Shop\",\"item\":\"https:\/\/kilim-age.com\/es\/shop\/\"},{\"@type\":\"ListItem\",\"position\":3,\"name\":\"CLASSIC TURKISH CARPET 215 x 140 cm\"}]},{\"@type\":\"WebSite\",\"@id\":\"https:\/\/kilim-age.com\/en\/#website\",\"url\":\"https:\/\/kilim-age.com\/en\/\",\"name\":\"Kilim-Age\",\"description\":\"Somos especialistas en productos artesanales de Turqu\u00eda como Alfombras, y Kilims\",\"potentialAction\":[{\"@type\":\"SearchAction\",\"target\":{\"@type\":\"EntryPoint\",\"urlTemplate\":\"https:\/\/kilim-age.com\/en\/?s={search_term_string}\"},\"query-input\":{\"@type\":\"PropertyValueSpecification\",\"valueRequired\":true,\"valueName\":\"search_term_string\"}}],\"inLanguage\":\"es\"}]}<\/script>\n<!-- \/ Yoast SEO plugin. -->","yoast_head_json":{"title":"CLASSIC TURKISH CARPETS | Kilim-Age | Sales up to 50%","description":"Classic Turkish Carpets! Real handmade carpets from Turkey. All sizes and wide range of products. Fast Shipping, sales up to 50%","robots":{"index":"index","follow":"follow","max-snippet":"max-snippet:-1","max-image-preview":"max-image-preview:large","max-video-preview":"max-video-preview:-1"},"canonical":"https:\/\/www.kilim-age.com\/en\/producto\/classic-turkish-carpets\/","og_locale":"es_ES","og_type":"article","og_title":"CLASSIC TURKISH CARPETS | Kilim-Age | Sales up to 50%","og_description":"Classic Turkish Carpets! Real handmade carpets from Turkey. All sizes and wide range of products. Fast Shipping, sales up to 50%","og_url":"https:\/\/www.kilim-age.com\/en\/producto\/classic-turkish-carpets\/","og_site_name":"Kilim-Age","article_modified_time":"2025-10-01T17:49:09+00:00","og_image":[{"width":1000,"height":1300,"url":"https:\/\/www.kilim-age.com\/wp-content\/uploads\/2020\/10\/IMG_9967.jpg","type":"image\/jpeg"}],"twitter_card":"summary_large_image","twitter_misc":{"Tiempo de lectura":"2 minutos"},"schema":{"@context":"https:\/\/schema.org","@graph":[{"@type":"WebPage","@id":"https:\/\/www.kilim-age.com\/en\/producto\/classic-turkish-carpets\/","url":"https:\/\/www.kilim-age.com\/en\/producto\/classic-turkish-carpets\/","name":"CLASSIC TURKISH CARPETS | Kilim-Age | Sales up to 50%","isPartOf":{"@id":"https:\/\/kilim-age.com\/en\/#website"},"primaryImageOfPage":{"@id":"https:\/\/www.kilim-age.com\/en\/producto\/classic-turkish-carpets\/#primaryimage"},"image":{"@id":"https:\/\/www.kilim-age.com\/en\/producto\/classic-turkish-carpets\/#primaryimage"},"thumbnailUrl":"https:\/\/kilim-age.com\/wp-content\/uploads\/2020\/10\/IMG_9967.jpg","datePublished":"2020-10-27T12:47:08+00:00","dateModified":"2025-10-01T17:49:09+00:00","description":"Classic Turkish Carpets! Real handmade carpets from Turkey. All sizes and wide range of products. Fast Shipping, sales up to 50%","breadcrumb":{"@id":"https:\/\/www.kilim-age.com\/en\/producto\/classic-turkish-carpets\/#breadcrumb"},"inLanguage":"es","potentialAction":[{"@type":"ReadAction","target":["https:\/\/www.kilim-age.com\/en\/producto\/classic-turkish-carpets\/"]}]},{"@type":"ImageObject","inLanguage":"es","@id":"https:\/\/www.kilim-age.com\/en\/producto\/classic-turkish-carpets\/#primaryimage","url":"https:\/\/kilim-age.com\/wp-content\/uploads\/2020\/10\/IMG_9967.jpg","contentUrl":"https:\/\/kilim-age.com\/wp-content\/uploads\/2020\/10\/IMG_9967.jpg","width":1000,"height":1300,"caption":"Classic Turkish Carpets"},{"@type":"BreadcrumbList","@id":"https:\/\/www.kilim-age.com\/en\/producto\/classic-turkish-carpets\/#breadcrumb","itemListElement":[{"@type":"ListItem","position":1,"name":"Home","item":"https:\/\/kilim-age.com\/en\/"},{"@type":"ListItem","position":2,"name":"Shop","item":"https:\/\/kilim-age.com\/es\/shop\/"},{"@type":"ListItem","position":3,"name":"CLASSIC TURKISH CARPET 215 x 140 cm"}]},{"@type":"WebSite","@id":"https:\/\/kilim-age.com\/en\/#website","url":"https:\/\/kilim-age.com\/en\/","name":"Kilim-Age","description":"Somos especialistas en productos artesanales de Turqu\u00eda como Alfombras, y Kilims","potentialAction":[{"@type":"SearchAction","target":{"@type":"EntryPoint","urlTemplate":"https:\/\/kilim-age.com\/en\/?s={search_term_string}"},"query-input":{"@type":"PropertyValueSpecification","valueRequired":true,"valueName":"search_term_string"}}],"inLanguage":"es"}]}},"_links":{"self":[{"href":"https:\/\/kilim-age.com\/es\/wp-json\/wp\/v2\/product\/14396","targetHints":{"allow":["GET"]}}],"collection":[{"href":"https:\/\/kilim-age.com\/es\/wp-json\/wp\/v2\/product"}],"about":[{"href":"https:\/\/kilim-age.com\/es\/wp-json\/wp\/v2\/types\/product"}],"replies":[{"embeddable":true,"href":"https:\/\/kilim-age.com\/es\/wp-json\/wp\/v2\/comments?post=14396"}],"wp:featuredmedia":[{"embeddable":true,"href":"https:\/\/kilim-age.com\/es\/wp-json\/wp\/v2\/media\/14397"}],"wp:attachment":[{"href":"https:\/\/kilim-age.com\/es\/wp-json\/wp\/v2\/media?parent=14396"}],"wp:term":[{"taxonomy":"product_brand","embeddable":true,"href":"https:\/\/kilim-age.com\/es\/wp-json\/wp\/v2\/product_brand?post=14396"},{"taxonomy":"product_cat","embeddable":true,"href":"https:\/\/kilim-age.com\/es\/wp-json\/wp\/v2\/product_cat?post=14396"},{"taxonomy":"product_tag","embeddable":true,"href":"https:\/\/kilim-age.com\/es\/wp-json\/wp\/v2\/product_tag?post=14396"}],"curies":[{"name":"wp","href":"https:\/\/api.w.org\/{rel}","templated":true}]}}