{"id":14334,"date":"2020-10-26T12:44:51","date_gmt":"2020-10-26T12:44:51","guid":{"rendered":"http:\/\/kilim-age.com\/?post_type=product&#038;p=14334"},"modified":"2024-08-13T13:45:31","modified_gmt":"2024-08-13T11:45:31","slug":"suaves-lineas-neutras","status":"publish","type":"product","link":"https:\/\/kilim-age.com\/es\/producto\/suaves-lineas-neutras\/","title":{"rendered":"New Age beige 1926"},"content":{"rendered":"Alfombra moderna fabricada en Turqu\u00eda y tejida de forma semi-manual con el antiguo arte de anudaci\u00f3n. Est\u00e1 disponible en varias medidas seleccionables, con dise\u00f1o abstracto y preciosos tonos grises neutros combinados suavemente con tonos beiges. Una joya ideal para decorar tu casa, tu sal\u00f3n e incluso para tu habitaci\u00f3n.<\/p>\n<h2><strong>ALFOMBRAS MODERNAS \u00a0<\/strong><\/h2>\n<p>Las Alfombras modernas son una adaptaci\u00f3n de las <a href=\"http:\/\/kilim-age.com\/es\/categoria-producto\/alfombras-turcas\/alfombras-clasicas\/\">alfombras\u00a0cl\u00e1sicas<\/a>\u00a0a las nuevas tendencias y necesidades de dise\u00f1os actuales. \u00a0En el proceso de fabricaci\u00f3n siempre utilizamos materiales naturales de alta calidad.\u00a0Las alfombras modernas, se caracterizan por tener contraste de colores y formas m\u00e1s\u00a0<a href=\"https:\/\/es.wikipedia.org\/wiki\/Abstracci%C3%B3n_(filosof%C3%ADa)\">abstractas<\/a>. Tienen el pelo m\u00e1s corto que las alfombras cl\u00e1sicas de toda la vida, por ello, el tacto es muy suave y agradable.<\/p>\n<p>En su composici\u00f3n combinan materiales como algod\u00f3n, lana, seda y viscosa te\u00f1idos en tintes de minerales naturales. As\u00ed mismo, ofrecen un nivel de mantenimiento muy f\u00e1cil y tienen una calidad y resistencia inmejorable.<\/p>\n<h2><strong>\u00bfPOR QUE RECOMENDAMOS?<\/strong><\/h2>\n<p>Esta nueva tendencia de alfombras suponen una alternativa para aquellos ambientes m\u00e1s homog\u00e9neos. Son alfombras que se adaptan a espacios de cualquier estilo y dan un toque moderno y original. Dan una nota art\u00edstica al ambiente que queremos crear. Ofrecen calidez y visten los espacios para darles consistencia y robustez.<\/p>\n<figure id=\"attachment_17863\" aria-describedby=\"caption-attachment-17863\" style=\"width: 300px\" class=\"wp-caption alignnone\"><img decoding=\"async\" class=\"wp-image-17863 size-medium\" src=\"http:\/\/kilim-age.com\/wp-content\/uploads\/2020\/10\/Alfombra-Moderna-1926-300x300.jpg\" alt=\"Alfombra Moderna\" width=\"300\" height=\"300\" srcset=\"https:\/\/kilim-age.com\/wp-content\/uploads\/2020\/10\/Alfombra-Moderna-1926-300x300.jpg 300w, https:\/\/kilim-age.com\/wp-content\/uploads\/2020\/10\/Alfombra-Moderna-1926-150x150.jpg 150w, https:\/\/kilim-age.com\/wp-content\/uploads\/2020\/10\/Alfombra-Moderna-1926-768x768.jpg 768w, https:\/\/kilim-age.com\/wp-content\/uploads\/2020\/10\/Alfombra-Moderna-1926-1024x1024.jpg 1024w, https:\/\/kilim-age.com\/wp-content\/uploads\/2020\/10\/Alfombra-Moderna-1926-600x600.jpg 600w, https:\/\/kilim-age.com\/wp-content\/uploads\/2020\/10\/Alfombra-Moderna-1926-100x100.jpg 100w, https:\/\/kilim-age.com\/wp-content\/uploads\/2020\/10\/Alfombra-Moderna-1926.jpg 1080w\" sizes=\"(max-width: 300px) 100vw, 300px\" \/><figcaption id=\"caption-attachment-17863\" class=\"wp-caption-text\">Alfombra Moderna<\/figcaption><\/figure>\n<div class=\"mceTemp\"><\/div>\n<p>&nbsp;","protected":false},"excerpt":{"rendered":"<p style=\"text-align: left;\">Origen: Hecha en Turqu\u00eda<br \/>\nMaterial: Seda Bamb\u00fa y algod\u00f3n<br \/>\nGrosor aproximadamente: 7 mm<br \/>\n2.000.000 points\/m<sup>2<\/sup><br \/>\nEstado: Nuevo<br \/>\nTejido de alta precisi\u00f3n<br \/>\nTodas nuestras alfombras modernas est\u00e1n hechas con fibras naturales.<br \/>\nLos colores de la alfombra se percibir\u00e1n de formas diferentes dependiendo del \u00e1ngulo de visi\u00f3n<br \/>\nPlazo de entrega: 2-5 d\u00edas h\u00e1biles en Espa\u00f1a.<br \/>\nEuropa: 5-7 d\u00edas h\u00e1biles, resto de continentes 7-10 d\u00edas.<\/p>\n","protected":false},"featured_media":40977,"comment_status":"open","ping_status":"closed","template":"","meta":[],"product_brand":[],"product_cat":[62,232],"product_tag":[826,857,294,167,804],"class_list":{"0":"post-14334","1":"product","2":"type-product","3":"status-publish","4":"has-post-thumbnail","6":"product_cat-alfombras-turcas","7":"product_cat-alfombras-modernas","8":"product_tag-alfombra-abstracta","9":"product_tag-alfombra-contemporanea","10":"product_tag-alfombras-modernas","11":"product_tag-modern-carpet","12":"product_tag-modern-rugs","13":"product_shipping_class-alfombra-mediana","14":"pa_color-beige","15":"pa_color-gris","16":"pa_seleccionar-medidas-120x180-cm","17":"pa_seleccionar-medidas-160x230-cm","18":"pa_seleccionar-medidas-200x300-cm","19":"pa_seleccionar-medidas-240x340-cm","20":"pa_seleccionar-medidas-400x300-cm","21":"pa_seleccionar-medidas-80x150cm","23":"first","24":"outofstock","25":"sold-individually","26":"taxable","27":"shipping-taxable","28":"product-type-variable"},"yoast_head":"<!-- This site is optimized with the Yoast SEO plugin v24.8.1 - https:\/\/yoast.com\/wordpress\/plugins\/seo\/ -->\n<title>Alfombra moderna suaves l\u00edneas degradadas en beige y gris | Kilim-Age Alfombra moderna suaves l\u00edneas degradadas en beige y gris<\/title>\n<meta name=\"description\" content=\"Alfombras Modernas de Turqu\u00eda! Dise\u00f1os exclusivos y modernos, amplia gama de medidas y colores. Env\u00edo r\u00e1pido y gratuito! Hasta -20%-30% de Descuentos\" \/>\n<meta name=\"robots\" content=\"index, follow, max-snippet:-1, max-image-preview:large, max-video-preview:-1\" \/>\n<link rel=\"canonical\" href=\"https:\/\/www.kilim-age.com\/es\/producto\/suaves-lineas-neutras\/\" \/>\n<meta property=\"og:locale\" content=\"es_ES\" \/>\n<meta property=\"og:type\" content=\"article\" \/>\n<meta property=\"og:title\" content=\"Alfombra moderna suaves l\u00edneas degradadas en beige y gris | Kilim-Age Alfombra moderna suaves l\u00edneas degradadas en beige y gris\" \/>\n<meta property=\"og:description\" content=\"Alfombras Modernas de Turqu\u00eda! Dise\u00f1os exclusivos y modernos, amplia gama de medidas y colores. Env\u00edo r\u00e1pido y gratuito! Hasta -20%-30% de Descuentos\" \/>\n<meta property=\"og:url\" content=\"https:\/\/www.kilim-age.com\/es\/producto\/suaves-lineas-neutras\/\" \/>\n<meta property=\"og:site_name\" content=\"Kilim-Age\" \/>\n<meta property=\"article:modified_time\" content=\"2024-08-13T11:45:31+00:00\" \/>\n<meta property=\"og:image\" content=\"https:\/\/www.kilim-age.com\/wp-content\/uploads\/2020\/10\/KAModern-carpet-1926.jpg\" \/>\n\t<meta property=\"og:image:width\" content=\"1000\" \/>\n\t<meta property=\"og:image:height\" content=\"1300\" \/>\n\t<meta property=\"og:image:type\" content=\"image\/jpeg\" \/>\n<meta name=\"twitter:card\" content=\"summary_large_image\" \/>\n<meta name=\"twitter:label1\" content=\"Tiempo de lectura\" \/>\n\t<meta name=\"twitter:data1\" content=\"1 minuto\" \/>\n<script type=\"application\/ld+json\" class=\"yoast-schema-graph\">{\"@context\":\"https:\/\/schema.org\",\"@graph\":[{\"@type\":\"WebPage\",\"@id\":\"https:\/\/www.kilim-age.com\/es\/producto\/suaves-lineas-neutras\/\",\"url\":\"https:\/\/www.kilim-age.com\/es\/producto\/suaves-lineas-neutras\/\",\"name\":\"Alfombra moderna suaves l\u00edneas degradadas en beige y gris | Kilim-Age Alfombra moderna suaves l\u00edneas degradadas en beige y gris\",\"isPartOf\":{\"@id\":\"https:\/\/kilim-age.com\/en\/#website\"},\"primaryImageOfPage\":{\"@id\":\"https:\/\/www.kilim-age.com\/es\/producto\/suaves-lineas-neutras\/#primaryimage\"},\"image\":{\"@id\":\"https:\/\/www.kilim-age.com\/es\/producto\/suaves-lineas-neutras\/#primaryimage\"},\"thumbnailUrl\":\"https:\/\/kilim-age.com\/wp-content\/uploads\/2020\/10\/KAModern-carpet-1926.jpg\",\"datePublished\":\"2020-10-26T12:44:51+00:00\",\"dateModified\":\"2024-08-13T11:45:31+00:00\",\"description\":\"Alfombras Modernas de Turqu\u00eda! Dise\u00f1os exclusivos y modernos, amplia gama de medidas y colores. Env\u00edo r\u00e1pido y gratuito! Hasta -20%-30% de Descuentos\",\"breadcrumb\":{\"@id\":\"https:\/\/www.kilim-age.com\/es\/producto\/suaves-lineas-neutras\/#breadcrumb\"},\"inLanguage\":\"es\",\"potentialAction\":[{\"@type\":\"ReadAction\",\"target\":[\"https:\/\/www.kilim-age.com\/es\/producto\/suaves-lineas-neutras\/\"]}]},{\"@type\":\"ImageObject\",\"inLanguage\":\"es\",\"@id\":\"https:\/\/www.kilim-age.com\/es\/producto\/suaves-lineas-neutras\/#primaryimage\",\"url\":\"https:\/\/kilim-age.com\/wp-content\/uploads\/2020\/10\/KAModern-carpet-1926.jpg\",\"contentUrl\":\"https:\/\/kilim-age.com\/wp-content\/uploads\/2020\/10\/KAModern-carpet-1926.jpg\",\"width\":1000,\"height\":1300},{\"@type\":\"BreadcrumbList\",\"@id\":\"https:\/\/www.kilim-age.com\/es\/producto\/suaves-lineas-neutras\/#breadcrumb\",\"itemListElement\":[{\"@type\":\"ListItem\",\"position\":1,\"name\":\"Home\",\"item\":\"https:\/\/kilim-age.com\/en\/\"},{\"@type\":\"ListItem\",\"position\":2,\"name\":\"Shop\",\"item\":\"https:\/\/kilim-age.com\/es\/shop\/\"},{\"@type\":\"ListItem\",\"position\":3,\"name\":\"New Age beige 1926\"}]},{\"@type\":\"WebSite\",\"@id\":\"https:\/\/kilim-age.com\/en\/#website\",\"url\":\"https:\/\/kilim-age.com\/en\/\",\"name\":\"Kilim-Age\",\"description\":\"Somos especialistas en productos artesanales de Turqu\u00eda como Alfombras, y Kilims\",\"potentialAction\":[{\"@type\":\"SearchAction\",\"target\":{\"@type\":\"EntryPoint\",\"urlTemplate\":\"https:\/\/kilim-age.com\/en\/?s={search_term_string}\"},\"query-input\":{\"@type\":\"PropertyValueSpecification\",\"valueRequired\":true,\"valueName\":\"search_term_string\"}}],\"inLanguage\":\"es\"}]}<\/script>\n<!-- \/ Yoast SEO plugin. -->","yoast_head_json":{"title":"Alfombra moderna suaves l\u00edneas degradadas en beige y gris | Kilim-Age Alfombra moderna suaves l\u00edneas degradadas en beige y gris","description":"Alfombras Modernas de Turqu\u00eda! Dise\u00f1os exclusivos y modernos, amplia gama de medidas y colores. Env\u00edo r\u00e1pido y gratuito! Hasta -20%-30% de Descuentos","robots":{"index":"index","follow":"follow","max-snippet":"max-snippet:-1","max-image-preview":"max-image-preview:large","max-video-preview":"max-video-preview:-1"},"canonical":"https:\/\/www.kilim-age.com\/es\/producto\/suaves-lineas-neutras\/","og_locale":"es_ES","og_type":"article","og_title":"Alfombra moderna suaves l\u00edneas degradadas en beige y gris | Kilim-Age Alfombra moderna suaves l\u00edneas degradadas en beige y gris","og_description":"Alfombras Modernas de Turqu\u00eda! Dise\u00f1os exclusivos y modernos, amplia gama de medidas y colores. Env\u00edo r\u00e1pido y gratuito! Hasta -20%-30% de Descuentos","og_url":"https:\/\/www.kilim-age.com\/es\/producto\/suaves-lineas-neutras\/","og_site_name":"Kilim-Age","article_modified_time":"2024-08-13T11:45:31+00:00","og_image":[{"width":1000,"height":1300,"url":"https:\/\/www.kilim-age.com\/wp-content\/uploads\/2020\/10\/KAModern-carpet-1926.jpg","type":"image\/jpeg"}],"twitter_card":"summary_large_image","twitter_misc":{"Tiempo de lectura":"1 minuto"},"schema":{"@context":"https:\/\/schema.org","@graph":[{"@type":"WebPage","@id":"https:\/\/www.kilim-age.com\/es\/producto\/suaves-lineas-neutras\/","url":"https:\/\/www.kilim-age.com\/es\/producto\/suaves-lineas-neutras\/","name":"Alfombra moderna suaves l\u00edneas degradadas en beige y gris | Kilim-Age Alfombra moderna suaves l\u00edneas degradadas en beige y gris","isPartOf":{"@id":"https:\/\/kilim-age.com\/en\/#website"},"primaryImageOfPage":{"@id":"https:\/\/www.kilim-age.com\/es\/producto\/suaves-lineas-neutras\/#primaryimage"},"image":{"@id":"https:\/\/www.kilim-age.com\/es\/producto\/suaves-lineas-neutras\/#primaryimage"},"thumbnailUrl":"https:\/\/kilim-age.com\/wp-content\/uploads\/2020\/10\/KAModern-carpet-1926.jpg","datePublished":"2020-10-26T12:44:51+00:00","dateModified":"2024-08-13T11:45:31+00:00","description":"Alfombras Modernas de Turqu\u00eda! Dise\u00f1os exclusivos y modernos, amplia gama de medidas y colores. Env\u00edo r\u00e1pido y gratuito! Hasta -20%-30% de Descuentos","breadcrumb":{"@id":"https:\/\/www.kilim-age.com\/es\/producto\/suaves-lineas-neutras\/#breadcrumb"},"inLanguage":"es","potentialAction":[{"@type":"ReadAction","target":["https:\/\/www.kilim-age.com\/es\/producto\/suaves-lineas-neutras\/"]}]},{"@type":"ImageObject","inLanguage":"es","@id":"https:\/\/www.kilim-age.com\/es\/producto\/suaves-lineas-neutras\/#primaryimage","url":"https:\/\/kilim-age.com\/wp-content\/uploads\/2020\/10\/KAModern-carpet-1926.jpg","contentUrl":"https:\/\/kilim-age.com\/wp-content\/uploads\/2020\/10\/KAModern-carpet-1926.jpg","width":1000,"height":1300},{"@type":"BreadcrumbList","@id":"https:\/\/www.kilim-age.com\/es\/producto\/suaves-lineas-neutras\/#breadcrumb","itemListElement":[{"@type":"ListItem","position":1,"name":"Home","item":"https:\/\/kilim-age.com\/en\/"},{"@type":"ListItem","position":2,"name":"Shop","item":"https:\/\/kilim-age.com\/es\/shop\/"},{"@type":"ListItem","position":3,"name":"New Age beige 1926"}]},{"@type":"WebSite","@id":"https:\/\/kilim-age.com\/en\/#website","url":"https:\/\/kilim-age.com\/en\/","name":"Kilim-Age","description":"Somos especialistas en productos artesanales de Turqu\u00eda como Alfombras, y Kilims","potentialAction":[{"@type":"SearchAction","target":{"@type":"EntryPoint","urlTemplate":"https:\/\/kilim-age.com\/en\/?s={search_term_string}"},"query-input":{"@type":"PropertyValueSpecification","valueRequired":true,"valueName":"search_term_string"}}],"inLanguage":"es"}]}},"_links":{"self":[{"href":"https:\/\/kilim-age.com\/es\/wp-json\/wp\/v2\/product\/14334","targetHints":{"allow":["GET"]}}],"collection":[{"href":"https:\/\/kilim-age.com\/es\/wp-json\/wp\/v2\/product"}],"about":[{"href":"https:\/\/kilim-age.com\/es\/wp-json\/wp\/v2\/types\/product"}],"replies":[{"embeddable":true,"href":"https:\/\/kilim-age.com\/es\/wp-json\/wp\/v2\/comments?post=14334"}],"wp:featuredmedia":[{"embeddable":true,"href":"https:\/\/kilim-age.com\/es\/wp-json\/wp\/v2\/media\/40977"}],"wp:attachment":[{"href":"https:\/\/kilim-age.com\/es\/wp-json\/wp\/v2\/media?parent=14334"}],"wp:term":[{"taxonomy":"product_brand","embeddable":true,"href":"https:\/\/kilim-age.com\/es\/wp-json\/wp\/v2\/product_brand?post=14334"},{"taxonomy":"product_cat","embeddable":true,"href":"https:\/\/kilim-age.com\/es\/wp-json\/wp\/v2\/product_cat?post=14334"},{"taxonomy":"product_tag","embeddable":true,"href":"https:\/\/kilim-age.com\/es\/wp-json\/wp\/v2\/product_tag?post=14334"}],"curies":[{"name":"wp","href":"https:\/\/api.w.org\/{rel}","templated":true}]}}