{"id":14274,"date":"2020-10-24T15:28:12","date_gmt":"2020-10-24T15:28:12","guid":{"rendered":"http:\/\/kilim-age.com\/?post_type=product&#038;p=14274"},"modified":"2025-12-09T11:52:53","modified_gmt":"2025-12-09T10:52:53","slug":"alfombras-de-pasillo","status":"publish","type":"product","link":"https:\/\/kilim-age.com\/es\/producto\/alfombras-de-pasillo\/","title":{"rendered":"Alfombra moderna para pasillo 80&#215;300 cm"},"content":{"rendered":"<strong>ALFOMBRAS DE PASILLO<\/strong><\/p>\n<p><strong>Alfombras de pasillo! <\/strong>son una adaptaci\u00f3n de las\u00a0<a href=\"http:\/\/kilim-age.com\/es\/categoria-producto\/alfombras-turcas\/alfombras-clasicas\/\">alfombras\u00a0cl\u00e1sicas<\/a>\u00a0a las nuevas tendencias y necesidades de dise\u00f1os actuales. \u00a0En el proceso de fabricaci\u00f3n siempre utilizamos materiales naturales de alta calidad.\u00a0Las alfombras modernas, se caracterizan por tener contraste de colores y formas m\u00e1s\u00a0<a href=\"https:\/\/es.wikipedia.org\/wiki\/Abstracci%C3%B3n_(filosof%C3%ADa)\">abstractas<\/a>. Tienen el pelo m\u00e1s corto que las alfombras cl\u00e1sicas de toda la vida, por ello, el tacto es muy suave y agradable.<\/p>\n<p>En su compocisi\u00f3n combinan materiales como algod\u00f3n, lana, seda y viscosa te\u00f1idos en tintes de minerales naturales. As\u00ed mismo, ofrecen un nivel de mantenimiento muy f\u00e1cil y tienen una\u00a0calidad y resistencia inmejorable.<\/p>\n<p><strong>\u00bfPOR QUE RECOMENDAMOS ALFOMBRAS MODERNAS?<\/strong><\/p>\n<p>Esta nueva tendencia de alfombras suponen una alternativa para aquellos ambientes m\u00e1s homog\u00e9neos. Son alfombras que se adaptan a espacios de cualquier estilo y dan un toque moderno y original. Dan una nota art\u00edstica al ambiente que queremos crear. Ofrecen calidez y visten los espacios para darles consistencia y robustez.","protected":false},"excerpt":{"rendered":"<p style=\"text-align: left;\">Origen: Hecha en Turqu\u00eda<br \/>\nMaterial: Seda Bamb\u00fa y algod\u00f3n<br \/>\nGrosor aproximadamente: 7 mm<br \/>\n2.000.000 points\/m<sup>2<\/sup><br \/>\nEstado: Nuevo<br \/>\nTejido de alta precisi\u00f3n<br \/>\nTodas nuestras alfombras modernas est\u00e1n hechas con fibras naturales.<br \/>\nLos colores de la alfombra se percibir\u00e1n de formas diferentes dependiendo del \u00e1ngulo de visi\u00f3n<br \/>\nPlazo de entrega: 2-5 d\u00edas h\u00e1biles en Espa\u00f1a.<br \/>\nEuropa: 5-7 d\u00edas h\u00e1biles, resto de continentes 7-10 d\u00edas.<\/p>\n","protected":false},"featured_media":40978,"comment_status":"open","ping_status":"closed","template":"","meta":[],"product_brand":[],"product_cat":[62,232,231],"product_tag":[810,811],"class_list":{"0":"post-14274","1":"product","2":"type-product","3":"status-publish","4":"has-post-thumbnail","6":"product_cat-alfombras-turcas","7":"product_cat-alfombras-modernas","8":"product_cat-pasilleros","9":"product_tag-alfombras-de-pasillo","10":"product_tag-runner-rugs","11":"product_shipping_class-alfombra-mediana","12":"pa_ancho-cm-908","13":"pa_color-blanco","14":"pa_color-gris","15":"pa_color-negro","16":"pa_largo-cm-888","17":"pa_medida-pasilleros","18":"pa_seleccionar-medidas-80x300-cm","20":"first","21":"instock","22":"sale","23":"sold-individually","24":"taxable","25":"shipping-taxable","26":"purchasable","27":"product-type-simple"},"yoast_head":"<!-- This site is optimized with the Yoast SEO plugin v24.8.1 - https:\/\/yoast.com\/wordpress\/plugins\/seo\/ -->\n<title>ALFOMBRAS DE PASILLO | Kilim-Age | Rebajas -30% -50%<\/title>\n<meta name=\"description\" content=\"Alfombras de Pasillo! Variedad de colores y tama\u00f1os. Env\u00edo rapido y gratuido. Hasta un 50% de descuento en todas las alfombras. Alfombras originales turcas.\" \/>\n<meta name=\"robots\" content=\"index, follow, max-snippet:-1, max-image-preview:large, max-video-preview:-1\" \/>\n<link rel=\"canonical\" href=\"https:\/\/kilim-age.com\/es\/producto\/alfombras-de-pasillo\/\" \/>\n<meta property=\"og:locale\" content=\"es_ES\" \/>\n<meta property=\"og:type\" content=\"article\" \/>\n<meta property=\"og:title\" content=\"ALFOMBRAS DE PASILLO | Kilim-Age | Rebajas -30% -50%\" \/>\n<meta property=\"og:description\" content=\"Alfombras de Pasillo! Variedad de colores y tama\u00f1os. Env\u00edo rapido y gratuido. Hasta un 50% de descuento en todas las alfombras. Alfombras originales turcas.\" \/>\n<meta property=\"og:url\" content=\"https:\/\/kilim-age.com\/es\/producto\/alfombras-de-pasillo\/\" \/>\n<meta property=\"og:site_name\" content=\"Kilim-Age\" \/>\n<meta property=\"article:modified_time\" content=\"2025-12-09T10:52:53+00:00\" \/>\n<meta property=\"og:image\" content=\"https:\/\/kilim-age.com\/wp-content\/uploads\/2020\/10\/KA04.jpg\" \/>\n\t<meta property=\"og:image:width\" content=\"1000\" \/>\n\t<meta property=\"og:image:height\" content=\"1300\" \/>\n\t<meta property=\"og:image:type\" content=\"image\/jpeg\" \/>\n<meta name=\"twitter:card\" content=\"summary_large_image\" \/>\n<meta name=\"twitter:label1\" content=\"Tiempo de lectura\" \/>\n\t<meta name=\"twitter:data1\" content=\"1 minuto\" \/>\n<script type=\"application\/ld+json\" class=\"yoast-schema-graph\">{\"@context\":\"https:\/\/schema.org\",\"@graph\":[{\"@type\":\"WebPage\",\"@id\":\"https:\/\/kilim-age.com\/es\/producto\/alfombras-de-pasillo\/\",\"url\":\"https:\/\/kilim-age.com\/es\/producto\/alfombras-de-pasillo\/\",\"name\":\"ALFOMBRAS DE PASILLO | Kilim-Age | Rebajas -30% -50%\",\"isPartOf\":{\"@id\":\"https:\/\/kilim-age.com\/en\/#website\"},\"primaryImageOfPage\":{\"@id\":\"https:\/\/kilim-age.com\/es\/producto\/alfombras-de-pasillo\/#primaryimage\"},\"image\":{\"@id\":\"https:\/\/kilim-age.com\/es\/producto\/alfombras-de-pasillo\/#primaryimage\"},\"thumbnailUrl\":\"https:\/\/kilim-age.com\/wp-content\/uploads\/2020\/10\/KA04.jpg\",\"datePublished\":\"2020-10-24T15:28:12+00:00\",\"dateModified\":\"2025-12-09T10:52:53+00:00\",\"description\":\"Alfombras de Pasillo! Variedad de colores y tama\u00f1os. Env\u00edo rapido y gratuido. Hasta un 50% de descuento en todas las alfombras. Alfombras originales turcas.\",\"breadcrumb\":{\"@id\":\"https:\/\/kilim-age.com\/es\/producto\/alfombras-de-pasillo\/#breadcrumb\"},\"inLanguage\":\"es\",\"potentialAction\":[{\"@type\":\"ReadAction\",\"target\":[\"https:\/\/kilim-age.com\/es\/producto\/alfombras-de-pasillo\/\"]}]},{\"@type\":\"ImageObject\",\"inLanguage\":\"es\",\"@id\":\"https:\/\/kilim-age.com\/es\/producto\/alfombras-de-pasillo\/#primaryimage\",\"url\":\"https:\/\/kilim-age.com\/wp-content\/uploads\/2020\/10\/KA04.jpg\",\"contentUrl\":\"https:\/\/kilim-age.com\/wp-content\/uploads\/2020\/10\/KA04.jpg\",\"width\":1000,\"height\":1300},{\"@type\":\"BreadcrumbList\",\"@id\":\"https:\/\/kilim-age.com\/es\/producto\/alfombras-de-pasillo\/#breadcrumb\",\"itemListElement\":[{\"@type\":\"ListItem\",\"position\":1,\"name\":\"Home\",\"item\":\"https:\/\/kilim-age.com\/en\/\"},{\"@type\":\"ListItem\",\"position\":2,\"name\":\"Shop\",\"item\":\"https:\/\/kilim-age.com\/es\/shop\/\"},{\"@type\":\"ListItem\",\"position\":3,\"name\":\"Alfombra moderna para pasillo 80&#215;300 cm\"}]},{\"@type\":\"WebSite\",\"@id\":\"https:\/\/kilim-age.com\/en\/#website\",\"url\":\"https:\/\/kilim-age.com\/en\/\",\"name\":\"Kilim-Age\",\"description\":\"Somos especialistas en productos artesanales de Turqu\u00eda como Alfombras, y Kilims\",\"potentialAction\":[{\"@type\":\"SearchAction\",\"target\":{\"@type\":\"EntryPoint\",\"urlTemplate\":\"https:\/\/kilim-age.com\/en\/?s={search_term_string}\"},\"query-input\":{\"@type\":\"PropertyValueSpecification\",\"valueRequired\":true,\"valueName\":\"search_term_string\"}}],\"inLanguage\":\"es\"}]}<\/script>\n<!-- \/ Yoast SEO plugin. -->","yoast_head_json":{"title":"ALFOMBRAS DE PASILLO | Kilim-Age | Rebajas -30% -50%","description":"Alfombras de Pasillo! Variedad de colores y tama\u00f1os. Env\u00edo rapido y gratuido. Hasta un 50% de descuento en todas las alfombras. Alfombras originales turcas.","robots":{"index":"index","follow":"follow","max-snippet":"max-snippet:-1","max-image-preview":"max-image-preview:large","max-video-preview":"max-video-preview:-1"},"canonical":"https:\/\/kilim-age.com\/es\/producto\/alfombras-de-pasillo\/","og_locale":"es_ES","og_type":"article","og_title":"ALFOMBRAS DE PASILLO | Kilim-Age | Rebajas -30% -50%","og_description":"Alfombras de Pasillo! Variedad de colores y tama\u00f1os. Env\u00edo rapido y gratuido. Hasta un 50% de descuento en todas las alfombras. Alfombras originales turcas.","og_url":"https:\/\/kilim-age.com\/es\/producto\/alfombras-de-pasillo\/","og_site_name":"Kilim-Age","article_modified_time":"2025-12-09T10:52:53+00:00","og_image":[{"width":1000,"height":1300,"url":"https:\/\/kilim-age.com\/wp-content\/uploads\/2020\/10\/KA04.jpg","type":"image\/jpeg"}],"twitter_card":"summary_large_image","twitter_misc":{"Tiempo de lectura":"1 minuto"},"schema":{"@context":"https:\/\/schema.org","@graph":[{"@type":"WebPage","@id":"https:\/\/kilim-age.com\/es\/producto\/alfombras-de-pasillo\/","url":"https:\/\/kilim-age.com\/es\/producto\/alfombras-de-pasillo\/","name":"ALFOMBRAS DE PASILLO | Kilim-Age | Rebajas -30% -50%","isPartOf":{"@id":"https:\/\/kilim-age.com\/en\/#website"},"primaryImageOfPage":{"@id":"https:\/\/kilim-age.com\/es\/producto\/alfombras-de-pasillo\/#primaryimage"},"image":{"@id":"https:\/\/kilim-age.com\/es\/producto\/alfombras-de-pasillo\/#primaryimage"},"thumbnailUrl":"https:\/\/kilim-age.com\/wp-content\/uploads\/2020\/10\/KA04.jpg","datePublished":"2020-10-24T15:28:12+00:00","dateModified":"2025-12-09T10:52:53+00:00","description":"Alfombras de Pasillo! Variedad de colores y tama\u00f1os. Env\u00edo rapido y gratuido. Hasta un 50% de descuento en todas las alfombras. Alfombras originales turcas.","breadcrumb":{"@id":"https:\/\/kilim-age.com\/es\/producto\/alfombras-de-pasillo\/#breadcrumb"},"inLanguage":"es","potentialAction":[{"@type":"ReadAction","target":["https:\/\/kilim-age.com\/es\/producto\/alfombras-de-pasillo\/"]}]},{"@type":"ImageObject","inLanguage":"es","@id":"https:\/\/kilim-age.com\/es\/producto\/alfombras-de-pasillo\/#primaryimage","url":"https:\/\/kilim-age.com\/wp-content\/uploads\/2020\/10\/KA04.jpg","contentUrl":"https:\/\/kilim-age.com\/wp-content\/uploads\/2020\/10\/KA04.jpg","width":1000,"height":1300},{"@type":"BreadcrumbList","@id":"https:\/\/kilim-age.com\/es\/producto\/alfombras-de-pasillo\/#breadcrumb","itemListElement":[{"@type":"ListItem","position":1,"name":"Home","item":"https:\/\/kilim-age.com\/en\/"},{"@type":"ListItem","position":2,"name":"Shop","item":"https:\/\/kilim-age.com\/es\/shop\/"},{"@type":"ListItem","position":3,"name":"Alfombra moderna para pasillo 80&#215;300 cm"}]},{"@type":"WebSite","@id":"https:\/\/kilim-age.com\/en\/#website","url":"https:\/\/kilim-age.com\/en\/","name":"Kilim-Age","description":"Somos especialistas en productos artesanales de Turqu\u00eda como Alfombras, y Kilims","potentialAction":[{"@type":"SearchAction","target":{"@type":"EntryPoint","urlTemplate":"https:\/\/kilim-age.com\/en\/?s={search_term_string}"},"query-input":{"@type":"PropertyValueSpecification","valueRequired":true,"valueName":"search_term_string"}}],"inLanguage":"es"}]}},"_links":{"self":[{"href":"https:\/\/kilim-age.com\/es\/wp-json\/wp\/v2\/product\/14274","targetHints":{"allow":["GET"]}}],"collection":[{"href":"https:\/\/kilim-age.com\/es\/wp-json\/wp\/v2\/product"}],"about":[{"href":"https:\/\/kilim-age.com\/es\/wp-json\/wp\/v2\/types\/product"}],"replies":[{"embeddable":true,"href":"https:\/\/kilim-age.com\/es\/wp-json\/wp\/v2\/comments?post=14274"}],"wp:featuredmedia":[{"embeddable":true,"href":"https:\/\/kilim-age.com\/es\/wp-json\/wp\/v2\/media\/40978"}],"wp:attachment":[{"href":"https:\/\/kilim-age.com\/es\/wp-json\/wp\/v2\/media?parent=14274"}],"wp:term":[{"taxonomy":"product_brand","embeddable":true,"href":"https:\/\/kilim-age.com\/es\/wp-json\/wp\/v2\/product_brand?post=14274"},{"taxonomy":"product_cat","embeddable":true,"href":"https:\/\/kilim-age.com\/es\/wp-json\/wp\/v2\/product_cat?post=14274"},{"taxonomy":"product_tag","embeddable":true,"href":"https:\/\/kilim-age.com\/es\/wp-json\/wp\/v2\/product_tag?post=14274"}],"curies":[{"name":"wp","href":"https:\/\/api.w.org\/{rel}","templated":true}]}}