{"id":1202,"date":"2017-04-05T21:13:38","date_gmt":"2017-04-05T21:13:38","guid":{"rendered":"http:\/\/kilim-age.com\/?post_type=product&#038;p=1202"},"modified":"2021-07-18T16:53:45","modified_gmt":"2021-07-18T14:53:45","slug":"anatolian-kilim-170-x-119-cm","status":"publish","type":"product","link":"https:\/\/kilim-age.com\/es\/producto\/anatolian-kilim-170-x-119-cm\/","title":{"rendered":"ANATOLIAN KILIM 170 X 119 cm"},"content":{"rendered":"<h1>ANATOLIAN KILIM 170 x 119 cm<\/h1>\n<p>Un kilim turca tejida artesanalmente. Toda la lana de este kilim esta te\u00f1ido artesanalmente con un m\u00e9todo tradicional con colores 100% vegetales. Un kilim de esta calidad con estas caracter\u00edsticas suelen tardar aproximadamente entre 8 o 9 meses.<\/p>\n<p>\u00bfQUE ES KILIM?<\/p>\n<p>Se les denomina as\u00ed a los tapetes o alfombras planas, sin pelo ni nudos, tejidas a mano con lana. Nacieron hace unos 3.500 a\u00f1os en Asia Central, desde donde se fueron extendiendo hacia Europa Oriental, \u00c1frica del Norte y m\u00e1s tarde Europa Occidental. Son consideradas, por tanto, las alfombras m\u00e1s antiguas del mundo.<br \/>\nSe caracterizan por sus dibujos geom\u00e9tricos con colores vivos obtenidos gracias a tinturas naturales. El kilim es, b\u00e1sicamente, el esqueleto de la alfombra, pero sin los nudos, los hilos verticales (urdimbre) cruzados con los hilos horizontales (trama) pero sin poner nudos y por lo tanto no tiene pelo, sino que se trata \u00fanicamente de un tejido con dibujos. Este hecho es, al mismo tiempo, su principal ventaja por un lado pesa poco, es liviana y nos transmite una imagen fresca y ligera.","protected":false},"excerpt":{"rendered":"<p>Fabricaci\u00f3n: Hecho a mano<br \/>\nTama\u00f1o:170 X 119 cm<br \/>\nEstado:Nuevo<br \/>\nOrigen: Turqu\u00eda, centro de Anatolia<br \/>\nMaterial: Lana<br \/>\nGrosor aprox: 2-3 mm<br \/>\nTe\u00f1ido natural.<br \/>\nLos colores del kilim se percibir\u00e1n de formas diferentes dependiendo del \u00e1ngulo de visi\u00f3n<br \/>\nPlazo de entrega:3-6 d\u00edas h\u00e1biles en Espa\u00f1a.<br \/>\nEuropa: 7-10 d\u00edas h\u00e1biles, resto de continentes 15-20 d\u00edas.<\/p>\n","protected":false},"featured_media":1211,"comment_status":"open","ping_status":"closed","template":"","meta":[],"product_brand":[],"product_cat":[61,829],"product_tag":[73,75],"class_list":{"0":"post-1202","1":"product","2":"type-product","3":"status-publish","4":"has-post-thumbnail","6":"product_cat-kilims","7":"product_cat-toda-la-coleccion-kilim","8":"product_tag-anatolian-kilim","9":"product_tag-kilim-nueva","10":"product_shipping_class-kilim-pequeno","11":"pa_ancho-cm-1049","12":"pa_color-beige","13":"pa_color-gris","14":"pa_color-teja","15":"pa_color-terracota","16":"pa_color-verde-agua","17":"pa_largo-cm-1045","18":"pa_medida-medianos","19":"pa_medida-pequenos","21":"first","22":"instock","23":"sale","24":"sold-individually","25":"taxable","26":"shipping-taxable","27":"purchasable","28":"product-type-simple"},"yoast_head":"<!-- This site is optimized with the Yoast SEO plugin v24.8.1 - https:\/\/yoast.com\/wordpress\/plugins\/seo\/ -->\n<title>ANATOLIAN KILIM 170 X 119 cm | Kilim-Age<\/title>\n<meta name=\"robots\" content=\"index, follow, max-snippet:-1, max-image-preview:large, max-video-preview:-1\" \/>\n<link rel=\"canonical\" href=\"https:\/\/www.kilim-age.com\/en\/producto\/anatolian-kilim-170-x-119-cm\/\" \/>\n<meta property=\"og:locale\" content=\"es_ES\" \/>\n<meta property=\"og:type\" content=\"article\" \/>\n<meta property=\"og:title\" content=\"ANATOLIAN KILIM 170 X 119 cm | Kilim-Age\" \/>\n<meta property=\"og:description\" content=\"Fabricaci\u00f3n: Hecho a mano Tama\u00f1o:170 X 119 cm Estado:Nuevo Origen: Turqu\u00eda, centro de Anatolia Material: Lana Grosor aprox: 2-3 mm Te\u00f1ido natural. Los colores del kilim se percibir\u00e1n de formas diferentes dependiendo del \u00e1ngulo de visi\u00f3n Plazo de entrega:3-6 d\u00edas h\u00e1biles en Espa\u00f1a. Europa: 7-10 d\u00edas h\u00e1biles, resto de continentes 15-20 d\u00edas.\" \/>\n<meta property=\"og:url\" content=\"https:\/\/www.kilim-age.com\/en\/producto\/anatolian-kilim-170-x-119-cm\/\" \/>\n<meta property=\"og:site_name\" content=\"Kilim-Age\" \/>\n<meta property=\"article:modified_time\" content=\"2021-07-18T14:53:45+00:00\" \/>\n<meta property=\"og:image\" content=\"https:\/\/www.kilim-age.com\/wp-content\/uploads\/2017\/04\/WEB-1550-170X119.jpg\" \/>\n\t<meta property=\"og:image:width\" content=\"655\" \/>\n\t<meta property=\"og:image:height\" content=\"865\" \/>\n\t<meta property=\"og:image:type\" content=\"image\/jpeg\" \/>\n<meta name=\"twitter:card\" content=\"summary_large_image\" \/>\n<meta name=\"twitter:label1\" content=\"Tiempo de lectura\" \/>\n\t<meta name=\"twitter:data1\" content=\"1 minuto\" \/>\n<script type=\"application\/ld+json\" class=\"yoast-schema-graph\">{\"@context\":\"https:\/\/schema.org\",\"@graph\":[{\"@type\":\"WebPage\",\"@id\":\"https:\/\/www.kilim-age.com\/en\/producto\/anatolian-kilim-170-x-119-cm\/\",\"url\":\"https:\/\/www.kilim-age.com\/en\/producto\/anatolian-kilim-170-x-119-cm\/\",\"name\":\"ANATOLIAN KILIM 170 X 119 cm | Kilim-Age\",\"isPartOf\":{\"@id\":\"https:\/\/kilim-age.com\/en\/#website\"},\"primaryImageOfPage\":{\"@id\":\"https:\/\/www.kilim-age.com\/en\/producto\/anatolian-kilim-170-x-119-cm\/#primaryimage\"},\"image\":{\"@id\":\"https:\/\/www.kilim-age.com\/en\/producto\/anatolian-kilim-170-x-119-cm\/#primaryimage\"},\"thumbnailUrl\":\"https:\/\/kilim-age.com\/wp-content\/uploads\/2017\/04\/WEB-1550-170X119.jpg\",\"datePublished\":\"2017-04-05T21:13:38+00:00\",\"dateModified\":\"2021-07-18T14:53:45+00:00\",\"breadcrumb\":{\"@id\":\"https:\/\/www.kilim-age.com\/en\/producto\/anatolian-kilim-170-x-119-cm\/#breadcrumb\"},\"inLanguage\":\"es\",\"potentialAction\":[{\"@type\":\"ReadAction\",\"target\":[\"https:\/\/www.kilim-age.com\/en\/producto\/anatolian-kilim-170-x-119-cm\/\"]}]},{\"@type\":\"ImageObject\",\"inLanguage\":\"es\",\"@id\":\"https:\/\/www.kilim-age.com\/en\/producto\/anatolian-kilim-170-x-119-cm\/#primaryimage\",\"url\":\"https:\/\/kilim-age.com\/wp-content\/uploads\/2017\/04\/WEB-1550-170X119.jpg\",\"contentUrl\":\"https:\/\/kilim-age.com\/wp-content\/uploads\/2017\/04\/WEB-1550-170X119.jpg\",\"width\":655,\"height\":865},{\"@type\":\"BreadcrumbList\",\"@id\":\"https:\/\/www.kilim-age.com\/en\/producto\/anatolian-kilim-170-x-119-cm\/#breadcrumb\",\"itemListElement\":[{\"@type\":\"ListItem\",\"position\":1,\"name\":\"Home\",\"item\":\"https:\/\/kilim-age.com\/en\/\"},{\"@type\":\"ListItem\",\"position\":2,\"name\":\"Shop\",\"item\":\"https:\/\/kilim-age.com\/en\/shop\/\"},{\"@type\":\"ListItem\",\"position\":3,\"name\":\"ANATOLIAN KILIM 170 X 119 cm\"}]},{\"@type\":\"WebSite\",\"@id\":\"https:\/\/kilim-age.com\/en\/#website\",\"url\":\"https:\/\/kilim-age.com\/en\/\",\"name\":\"Kilim-Age\",\"description\":\"Somos especialistas en productos artesanales de Turqu\u00eda como Alfombras, y Kilims\",\"potentialAction\":[{\"@type\":\"SearchAction\",\"target\":{\"@type\":\"EntryPoint\",\"urlTemplate\":\"https:\/\/kilim-age.com\/en\/?s={search_term_string}\"},\"query-input\":{\"@type\":\"PropertyValueSpecification\",\"valueRequired\":true,\"valueName\":\"search_term_string\"}}],\"inLanguage\":\"es\"}]}<\/script>\n<!-- \/ Yoast SEO plugin. -->","yoast_head_json":{"title":"ANATOLIAN KILIM 170 X 119 cm | Kilim-Age","robots":{"index":"index","follow":"follow","max-snippet":"max-snippet:-1","max-image-preview":"max-image-preview:large","max-video-preview":"max-video-preview:-1"},"canonical":"https:\/\/www.kilim-age.com\/en\/producto\/anatolian-kilim-170-x-119-cm\/","og_locale":"es_ES","og_type":"article","og_title":"ANATOLIAN KILIM 170 X 119 cm | Kilim-Age","og_description":"Fabricaci\u00f3n: Hecho a mano Tama\u00f1o:170 X 119 cm Estado:Nuevo Origen: Turqu\u00eda, centro de Anatolia Material: Lana Grosor aprox: 2-3 mm Te\u00f1ido natural. Los colores del kilim se percibir\u00e1n de formas diferentes dependiendo del \u00e1ngulo de visi\u00f3n Plazo de entrega:3-6 d\u00edas h\u00e1biles en Espa\u00f1a. Europa: 7-10 d\u00edas h\u00e1biles, resto de continentes 15-20 d\u00edas.","og_url":"https:\/\/www.kilim-age.com\/en\/producto\/anatolian-kilim-170-x-119-cm\/","og_site_name":"Kilim-Age","article_modified_time":"2021-07-18T14:53:45+00:00","og_image":[{"width":655,"height":865,"url":"https:\/\/www.kilim-age.com\/wp-content\/uploads\/2017\/04\/WEB-1550-170X119.jpg","type":"image\/jpeg"}],"twitter_card":"summary_large_image","twitter_misc":{"Tiempo de lectura":"1 minuto"},"schema":{"@context":"https:\/\/schema.org","@graph":[{"@type":"WebPage","@id":"https:\/\/www.kilim-age.com\/en\/producto\/anatolian-kilim-170-x-119-cm\/","url":"https:\/\/www.kilim-age.com\/en\/producto\/anatolian-kilim-170-x-119-cm\/","name":"ANATOLIAN KILIM 170 X 119 cm | Kilim-Age","isPartOf":{"@id":"https:\/\/kilim-age.com\/en\/#website"},"primaryImageOfPage":{"@id":"https:\/\/www.kilim-age.com\/en\/producto\/anatolian-kilim-170-x-119-cm\/#primaryimage"},"image":{"@id":"https:\/\/www.kilim-age.com\/en\/producto\/anatolian-kilim-170-x-119-cm\/#primaryimage"},"thumbnailUrl":"https:\/\/kilim-age.com\/wp-content\/uploads\/2017\/04\/WEB-1550-170X119.jpg","datePublished":"2017-04-05T21:13:38+00:00","dateModified":"2021-07-18T14:53:45+00:00","breadcrumb":{"@id":"https:\/\/www.kilim-age.com\/en\/producto\/anatolian-kilim-170-x-119-cm\/#breadcrumb"},"inLanguage":"es","potentialAction":[{"@type":"ReadAction","target":["https:\/\/www.kilim-age.com\/en\/producto\/anatolian-kilim-170-x-119-cm\/"]}]},{"@type":"ImageObject","inLanguage":"es","@id":"https:\/\/www.kilim-age.com\/en\/producto\/anatolian-kilim-170-x-119-cm\/#primaryimage","url":"https:\/\/kilim-age.com\/wp-content\/uploads\/2017\/04\/WEB-1550-170X119.jpg","contentUrl":"https:\/\/kilim-age.com\/wp-content\/uploads\/2017\/04\/WEB-1550-170X119.jpg","width":655,"height":865},{"@type":"BreadcrumbList","@id":"https:\/\/www.kilim-age.com\/en\/producto\/anatolian-kilim-170-x-119-cm\/#breadcrumb","itemListElement":[{"@type":"ListItem","position":1,"name":"Home","item":"https:\/\/kilim-age.com\/en\/"},{"@type":"ListItem","position":2,"name":"Shop","item":"https:\/\/kilim-age.com\/en\/shop\/"},{"@type":"ListItem","position":3,"name":"ANATOLIAN KILIM 170 X 119 cm"}]},{"@type":"WebSite","@id":"https:\/\/kilim-age.com\/en\/#website","url":"https:\/\/kilim-age.com\/en\/","name":"Kilim-Age","description":"Somos especialistas en productos artesanales de Turqu\u00eda como Alfombras, y Kilims","potentialAction":[{"@type":"SearchAction","target":{"@type":"EntryPoint","urlTemplate":"https:\/\/kilim-age.com\/en\/?s={search_term_string}"},"query-input":{"@type":"PropertyValueSpecification","valueRequired":true,"valueName":"search_term_string"}}],"inLanguage":"es"}]}},"_links":{"self":[{"href":"https:\/\/kilim-age.com\/es\/wp-json\/wp\/v2\/product\/1202","targetHints":{"allow":["GET"]}}],"collection":[{"href":"https:\/\/kilim-age.com\/es\/wp-json\/wp\/v2\/product"}],"about":[{"href":"https:\/\/kilim-age.com\/es\/wp-json\/wp\/v2\/types\/product"}],"replies":[{"embeddable":true,"href":"https:\/\/kilim-age.com\/es\/wp-json\/wp\/v2\/comments?post=1202"}],"wp:featuredmedia":[{"embeddable":true,"href":"https:\/\/kilim-age.com\/es\/wp-json\/wp\/v2\/media\/1211"}],"wp:attachment":[{"href":"https:\/\/kilim-age.com\/es\/wp-json\/wp\/v2\/media?parent=1202"}],"wp:term":[{"taxonomy":"product_brand","embeddable":true,"href":"https:\/\/kilim-age.com\/es\/wp-json\/wp\/v2\/product_brand?post=1202"},{"taxonomy":"product_cat","embeddable":true,"href":"https:\/\/kilim-age.com\/es\/wp-json\/wp\/v2\/product_cat?post=1202"},{"taxonomy":"product_tag","embeddable":true,"href":"https:\/\/kilim-age.com\/es\/wp-json\/wp\/v2\/product_tag?post=1202"}],"curies":[{"name":"wp","href":"https:\/\/api.w.org\/{rel}","templated":true}]}}