{"id":11417,"date":"2020-07-08T16:17:28","date_gmt":"2020-07-08T16:17:28","guid":{"rendered":"http:\/\/kilim-age.com\/?post_type=product&#038;p=11417"},"modified":"2024-12-17T18:24:07","modified_gmt":"2024-12-17T17:24:07","slug":"alfombra-moderna-340-x-240-cm","status":"publish","type":"product","link":"https:\/\/kilim-age.com\/es\/producto\/alfombra-moderna-340-x-240-cm\/","title":{"rendered":"ALFOMBRA MODERNA 340 X 240 cm"},"content":{"rendered":"<strong>ALFOMBRAS MODERNAS \u00a0<\/strong><\/p>\n<p><strong>Las Alfombras modernas! <\/strong>Son una adaptaci\u00f3n de las\u00a0<a href=\"http:\/\/kilim-age.com\/es\/categoria-producto\/alfombras-turcas\/alfombras-clasicas\/\">alfombras\u00a0cl\u00e1sicas<\/a>\u00a0a las nuevas tendencias y necesidades de dise\u00f1os actuales. \u00a0En el proceso de fabricaci\u00f3n siempre utilizamos materiales naturales de alta calidad.\u00a0Las alfombras modernas, se caracterizan por tener contraste de colores y formas m\u00e1s\u00a0<a href=\"https:\/\/es.wikipedia.org\/wiki\/Abstracci%C3%B3n_(filosof%C3%ADa)\">abstractas<\/a>. Tienen el pelo m\u00e1s corto que las alfombras cl\u00e1sicas de toda la vida, por ello, el tacto es muy suave y agradable.<\/p>\n<p>En su composici\u00f3n combinan materiales como algod\u00f3n, lana, seda y viscosa te\u00f1idos en tintes de minerales naturales. As\u00ed mismo, ofrecen un nivel de mantenimiento muy f\u00e1cil y tienen una calidad y resistencia inmejorable.<\/p>\n<p><strong>\u00bfPOR QUE RECOMENDAMOS ALFOMBRAS MODERNAS?<\/strong><\/p>\n<p>Esta nueva tendencia de alfombras suponen una alternativa para aquellos ambientes m\u00e1s homog\u00e9neos. Son alfombras que se adaptan a espacios de cualquier estilo y dan un toque moderno y original. Dan una nota art\u00edstica al ambiente que queremos crear. Ofrecen calidez y visten los espacios para darles consistencia y robustez.","protected":false},"excerpt":{"rendered":"<p>Fabricaci\u00f3n: Tejido maquina<br \/>\nTama\u00f1o: 340 X 240 cm<br \/>\nN\u00famero de nudos: aprox 120000 por m\u00b2<br \/>\nEstado: Nuevo<br \/>\nOrigen: Hecha en Turqu\u00eda<br \/>\nPelo: Viscosa<br \/>\nUrdimbre: algod\u00f3n<br \/>\nGrosor aprox: 6-7 mm<br \/>\nTejido de alta precisi\u00f3n<br \/>\nTodas nuestras alfombras modernas est\u00e1n hechas con materiales naturales de alta calidad.<br \/>\nLos colores de la alfombra se percibir\u00e1n de formas diferentes dependiendo del \u00e1ngulo de visi\u00f3n<br \/>\nPlazo de entrega: 2-5 d\u00edas h\u00e1biles en Espa\u00f1a.<br \/>\nEuropa: 5-7 d\u00edas h\u00e1biles, resto de continentes 7-10 d\u00edas.<\/p>\n<p>&nbsp;<\/p>\n","protected":false},"featured_media":11373,"comment_status":"open","ping_status":"closed","template":"","meta":[],"product_brand":[],"product_cat":[62,232],"product_tag":[294,799,803],"class_list":{"0":"post-11417","1":"product","2":"type-product","3":"status-publish","4":"has-post-thumbnail","6":"product_cat-alfombras-turcas","7":"product_cat-alfombras-modernas","8":"product_tag-alfombras-modernas","9":"product_tag-alfombras-modernas-economicas","10":"product_tag-modern-carpets","11":"product_shipping_class-alfombra-grande","12":"pa_medida-extra-grande","13":"pa_medida-grandes","14":"pa_seleccionar-medidas-120x180-cm","15":"pa_seleccionar-medidas-160x230-cm","16":"pa_seleccionar-medidas-200x300-cm","17":"pa_seleccionar-medidas-240x340-cm","18":"pa_seleccionar-medidas-400x300-cm","19":"pa_seleccionar-medidas-80x150cm","21":"first","22":"outofstock","23":"sale","24":"sold-individually","25":"taxable","26":"shipping-taxable","27":"purchasable","28":"product-type-simple"},"yoast_head":"<!-- This site is optimized with the Yoast SEO plugin v24.8.1 - https:\/\/yoast.com\/wordpress\/plugins\/seo\/ -->\n<title>ALFOMBRA MODERNA 340 X 240 cm | Kilim-Age<\/title>\n<meta name=\"robots\" content=\"index, follow, max-snippet:-1, max-image-preview:large, max-video-preview:-1\" \/>\n<link rel=\"canonical\" href=\"https:\/\/www.kilim-age.com\/es\/producto\/alfombra-moderna-340-x-240-cm\/\" \/>\n<meta property=\"og:locale\" content=\"es_ES\" \/>\n<meta property=\"og:type\" content=\"article\" \/>\n<meta property=\"og:title\" content=\"ALFOMBRA MODERNA 340 X 240 cm | Kilim-Age\" \/>\n<meta property=\"og:description\" content=\"Fabricaci\u00f3n: Tejido maquina Tama\u00f1o: 340 X 240 cm N\u00famero de nudos: aprox 120000 por m\u00b2 Estado: Nuevo Origen: Hecha en Turqu\u00eda Pelo: Viscosa Urdimbre: algod\u00f3n Grosor aprox: 6-7 mm Tejido de alta precisi\u00f3n Todas nuestras alfombras modernas est\u00e1n hechas con materiales naturales de alta calidad. Los colores de la alfombra se percibir\u00e1n de formas diferentes dependiendo del \u00e1ngulo de visi\u00f3n Plazo de entrega: 2-5 d\u00edas h\u00e1biles en Espa\u00f1a. Europa: 5-7 d\u00edas h\u00e1biles, resto de continentes 7-10 d\u00edas.  &nbsp;\" \/>\n<meta property=\"og:url\" content=\"https:\/\/www.kilim-age.com\/es\/producto\/alfombra-moderna-340-x-240-cm\/\" \/>\n<meta property=\"og:site_name\" content=\"Kilim-Age\" \/>\n<meta property=\"article:modified_time\" content=\"2024-12-17T17:24:07+00:00\" \/>\n<meta property=\"og:image\" content=\"https:\/\/www.kilim-age.com\/wp-content\/uploads\/2020\/07\/Modern-carpet-1921.jpg\" \/>\n\t<meta property=\"og:image:width\" content=\"1000\" \/>\n\t<meta property=\"og:image:height\" content=\"1300\" \/>\n\t<meta property=\"og:image:type\" content=\"image\/jpeg\" \/>\n<meta name=\"twitter:card\" content=\"summary_large_image\" \/>\n<meta name=\"twitter:label1\" content=\"Tiempo de lectura\" \/>\n\t<meta name=\"twitter:data1\" content=\"1 minuto\" \/>\n<script type=\"application\/ld+json\" class=\"yoast-schema-graph\">{\"@context\":\"https:\/\/schema.org\",\"@graph\":[{\"@type\":\"WebPage\",\"@id\":\"https:\/\/www.kilim-age.com\/es\/producto\/alfombra-moderna-340-x-240-cm\/\",\"url\":\"https:\/\/www.kilim-age.com\/es\/producto\/alfombra-moderna-340-x-240-cm\/\",\"name\":\"ALFOMBRA MODERNA 340 X 240 cm | Kilim-Age\",\"isPartOf\":{\"@id\":\"https:\/\/kilim-age.com\/en\/#website\"},\"primaryImageOfPage\":{\"@id\":\"https:\/\/www.kilim-age.com\/es\/producto\/alfombra-moderna-340-x-240-cm\/#primaryimage\"},\"image\":{\"@id\":\"https:\/\/www.kilim-age.com\/es\/producto\/alfombra-moderna-340-x-240-cm\/#primaryimage\"},\"thumbnailUrl\":\"https:\/\/kilim-age.com\/wp-content\/uploads\/2020\/07\/Modern-carpet-1921.jpg\",\"datePublished\":\"2020-07-08T16:17:28+00:00\",\"dateModified\":\"2024-12-17T17:24:07+00:00\",\"breadcrumb\":{\"@id\":\"https:\/\/www.kilim-age.com\/es\/producto\/alfombra-moderna-340-x-240-cm\/#breadcrumb\"},\"inLanguage\":\"es\",\"potentialAction\":[{\"@type\":\"ReadAction\",\"target\":[\"https:\/\/www.kilim-age.com\/es\/producto\/alfombra-moderna-340-x-240-cm\/\"]}]},{\"@type\":\"ImageObject\",\"inLanguage\":\"es\",\"@id\":\"https:\/\/www.kilim-age.com\/es\/producto\/alfombra-moderna-340-x-240-cm\/#primaryimage\",\"url\":\"https:\/\/kilim-age.com\/wp-content\/uploads\/2020\/07\/Modern-carpet-1921.jpg\",\"contentUrl\":\"https:\/\/kilim-age.com\/wp-content\/uploads\/2020\/07\/Modern-carpet-1921.jpg\",\"width\":1000,\"height\":1300,\"caption\":\"Alfombras Modernas\"},{\"@type\":\"BreadcrumbList\",\"@id\":\"https:\/\/www.kilim-age.com\/es\/producto\/alfombra-moderna-340-x-240-cm\/#breadcrumb\",\"itemListElement\":[{\"@type\":\"ListItem\",\"position\":1,\"name\":\"Home\",\"item\":\"https:\/\/kilim-age.com\/en\/\"},{\"@type\":\"ListItem\",\"position\":2,\"name\":\"Shop\",\"item\":\"https:\/\/kilim-age.com\/en\/shop\/\"},{\"@type\":\"ListItem\",\"position\":3,\"name\":\"ALFOMBRA MODERNA 340 X 240 cm\"}]},{\"@type\":\"WebSite\",\"@id\":\"https:\/\/kilim-age.com\/en\/#website\",\"url\":\"https:\/\/kilim-age.com\/en\/\",\"name\":\"Kilim-Age\",\"description\":\"Somos especialistas en productos artesanales de Turqu\u00eda como Alfombras, y Kilims\",\"potentialAction\":[{\"@type\":\"SearchAction\",\"target\":{\"@type\":\"EntryPoint\",\"urlTemplate\":\"https:\/\/kilim-age.com\/en\/?s={search_term_string}\"},\"query-input\":{\"@type\":\"PropertyValueSpecification\",\"valueRequired\":true,\"valueName\":\"search_term_string\"}}],\"inLanguage\":\"es\"}]}<\/script>\n<!-- \/ Yoast SEO plugin. -->","yoast_head_json":{"title":"ALFOMBRA MODERNA 340 X 240 cm | Kilim-Age","robots":{"index":"index","follow":"follow","max-snippet":"max-snippet:-1","max-image-preview":"max-image-preview:large","max-video-preview":"max-video-preview:-1"},"canonical":"https:\/\/www.kilim-age.com\/es\/producto\/alfombra-moderna-340-x-240-cm\/","og_locale":"es_ES","og_type":"article","og_title":"ALFOMBRA MODERNA 340 X 240 cm | Kilim-Age","og_description":"Fabricaci\u00f3n: Tejido maquina Tama\u00f1o: 340 X 240 cm N\u00famero de nudos: aprox 120000 por m\u00b2 Estado: Nuevo Origen: Hecha en Turqu\u00eda Pelo: Viscosa Urdimbre: algod\u00f3n Grosor aprox: 6-7 mm Tejido de alta precisi\u00f3n Todas nuestras alfombras modernas est\u00e1n hechas con materiales naturales de alta calidad. Los colores de la alfombra se percibir\u00e1n de formas diferentes dependiendo del \u00e1ngulo de visi\u00f3n Plazo de entrega: 2-5 d\u00edas h\u00e1biles en Espa\u00f1a. Europa: 5-7 d\u00edas h\u00e1biles, resto de continentes 7-10 d\u00edas.  &nbsp;","og_url":"https:\/\/www.kilim-age.com\/es\/producto\/alfombra-moderna-340-x-240-cm\/","og_site_name":"Kilim-Age","article_modified_time":"2024-12-17T17:24:07+00:00","og_image":[{"width":1000,"height":1300,"url":"https:\/\/www.kilim-age.com\/wp-content\/uploads\/2020\/07\/Modern-carpet-1921.jpg","type":"image\/jpeg"}],"twitter_card":"summary_large_image","twitter_misc":{"Tiempo de lectura":"1 minuto"},"schema":{"@context":"https:\/\/schema.org","@graph":[{"@type":"WebPage","@id":"https:\/\/www.kilim-age.com\/es\/producto\/alfombra-moderna-340-x-240-cm\/","url":"https:\/\/www.kilim-age.com\/es\/producto\/alfombra-moderna-340-x-240-cm\/","name":"ALFOMBRA MODERNA 340 X 240 cm | Kilim-Age","isPartOf":{"@id":"https:\/\/kilim-age.com\/en\/#website"},"primaryImageOfPage":{"@id":"https:\/\/www.kilim-age.com\/es\/producto\/alfombra-moderna-340-x-240-cm\/#primaryimage"},"image":{"@id":"https:\/\/www.kilim-age.com\/es\/producto\/alfombra-moderna-340-x-240-cm\/#primaryimage"},"thumbnailUrl":"https:\/\/kilim-age.com\/wp-content\/uploads\/2020\/07\/Modern-carpet-1921.jpg","datePublished":"2020-07-08T16:17:28+00:00","dateModified":"2024-12-17T17:24:07+00:00","breadcrumb":{"@id":"https:\/\/www.kilim-age.com\/es\/producto\/alfombra-moderna-340-x-240-cm\/#breadcrumb"},"inLanguage":"es","potentialAction":[{"@type":"ReadAction","target":["https:\/\/www.kilim-age.com\/es\/producto\/alfombra-moderna-340-x-240-cm\/"]}]},{"@type":"ImageObject","inLanguage":"es","@id":"https:\/\/www.kilim-age.com\/es\/producto\/alfombra-moderna-340-x-240-cm\/#primaryimage","url":"https:\/\/kilim-age.com\/wp-content\/uploads\/2020\/07\/Modern-carpet-1921.jpg","contentUrl":"https:\/\/kilim-age.com\/wp-content\/uploads\/2020\/07\/Modern-carpet-1921.jpg","width":1000,"height":1300,"caption":"Alfombras Modernas"},{"@type":"BreadcrumbList","@id":"https:\/\/www.kilim-age.com\/es\/producto\/alfombra-moderna-340-x-240-cm\/#breadcrumb","itemListElement":[{"@type":"ListItem","position":1,"name":"Home","item":"https:\/\/kilim-age.com\/en\/"},{"@type":"ListItem","position":2,"name":"Shop","item":"https:\/\/kilim-age.com\/en\/shop\/"},{"@type":"ListItem","position":3,"name":"ALFOMBRA MODERNA 340 X 240 cm"}]},{"@type":"WebSite","@id":"https:\/\/kilim-age.com\/en\/#website","url":"https:\/\/kilim-age.com\/en\/","name":"Kilim-Age","description":"Somos especialistas en productos artesanales de Turqu\u00eda como Alfombras, y Kilims","potentialAction":[{"@type":"SearchAction","target":{"@type":"EntryPoint","urlTemplate":"https:\/\/kilim-age.com\/en\/?s={search_term_string}"},"query-input":{"@type":"PropertyValueSpecification","valueRequired":true,"valueName":"search_term_string"}}],"inLanguage":"es"}]}},"_links":{"self":[{"href":"https:\/\/kilim-age.com\/es\/wp-json\/wp\/v2\/product\/11417","targetHints":{"allow":["GET"]}}],"collection":[{"href":"https:\/\/kilim-age.com\/es\/wp-json\/wp\/v2\/product"}],"about":[{"href":"https:\/\/kilim-age.com\/es\/wp-json\/wp\/v2\/types\/product"}],"replies":[{"embeddable":true,"href":"https:\/\/kilim-age.com\/es\/wp-json\/wp\/v2\/comments?post=11417"}],"wp:featuredmedia":[{"embeddable":true,"href":"https:\/\/kilim-age.com\/es\/wp-json\/wp\/v2\/media\/11373"}],"wp:attachment":[{"href":"https:\/\/kilim-age.com\/es\/wp-json\/wp\/v2\/media?parent=11417"}],"wp:term":[{"taxonomy":"product_brand","embeddable":true,"href":"https:\/\/kilim-age.com\/es\/wp-json\/wp\/v2\/product_brand?post=11417"},{"taxonomy":"product_cat","embeddable":true,"href":"https:\/\/kilim-age.com\/es\/wp-json\/wp\/v2\/product_cat?post=11417"},{"taxonomy":"product_tag","embeddable":true,"href":"https:\/\/kilim-age.com\/es\/wp-json\/wp\/v2\/product_tag?post=11417"}],"curies":[{"name":"wp","href":"https:\/\/api.w.org\/{rel}","templated":true}]}}