{"id":10773,"date":"2019-08-09T15:24:36","date_gmt":"2019-08-09T15:24:36","guid":{"rendered":"http:\/\/kilim-age.com\/?post_type=product&#038;p=10773"},"modified":"2025-07-16T18:50:10","modified_gmt":"2025-07-16T16:50:10","slug":"comprar-alfombras-vintage-economicas","status":"publish","type":"product","link":"https:\/\/kilim-age.com\/es\/producto\/comprar-alfombras-vintage-economicas\/","title":{"rendered":"ALFOMBRA VINTAGE  214 X 114 cm"},"content":{"rendered":"<h3><strong>COMPRAR ALFOMBRAS VINTAGE ECON\u00d3MICAS<\/strong><\/h3>\n<p>Comprar Alfombras Vintage Econ\u00f3micas! En <a href=\"http:\/\/kilim-age.com\/es\/\">Kilim-Age<\/a> tenemos aut\u00e9nticas alfombras vintage artesanales de <a href=\"https:\/\/turquiaviajar.com\/\">Turqu\u00eda<\/a>.<\/p>\n<p>Todas nuestras alfombras aproximadamente tienen una antig\u00fcedad entre 20 o 30 a\u00f1os. Cada alfombra esta seleccionada cuidadosamente y sometida un excepcional proceso de naturalizaci\u00f3n crom\u00e1tica antes de ser te\u00f1ida con el fin de revalorizarlas.<\/p>\n<p>Las alfombras vintage ofrecen tambi\u00e9n una seguridad de calidad y resistencia. Es por qu\u00e9, solamente seleccionamos las alfombras artesanales m\u00e1s resistentes.<\/p>\n<h2>Alfombras Vintage en Decoraci\u00f3n<\/h2>\n<p>En cuanto a la decoraci\u00f3n, las alfombras vintage han sido toda una revelaci\u00f3n. En la actualidad, se han convertido un art\u00edculo que viste a cualquier tipo de ambiente en nuestras. El desgaste del dibujo, el cual pr\u00e1cticamente en muchas de estas alfombras es imperceptible. Por lo tanto, ayuda a poder encajar con estabilidad esta pieza clave a la decoraci\u00f3n actual.<\/p>\n<p>El efecto desgastado ofrece una perspectiva nueva, actualizada y contempor\u00e1nea.<\/p>\n<p>Por otro lado, ha supuesto la integraci\u00f3n de nuevos tonos y colores. Con el proceso de naturalizaci\u00f3n crom\u00e1tica se han conseguido ampliar la gama de tonalidades de colores.<\/p>\n<p>Las alfombras cl\u00e1sicas de toda la vida siempre has estado limitadas a los colores. En general se utilizaban colores cl\u00e1sicas como rojo, azul, y verde. Sin embargo con el proceso de naturalizaci\u00f3n crom\u00e1tica conseguimos suavizar los contrastes.<\/p>\n<p>Esto ayuda a los menos atrevidos a seleccionar la alfombra ideal para sus ambientes.","protected":false},"excerpt":{"rendered":"<p>Fabricaci\u00f3n: Hecho a mano<br \/>\nTama\u00f1o: 214 X 114 cm<br \/>\nN\u00famero de nudos: aprox 300000 por m\u00b2<br \/>\nOrigen: Turqu\u00eda<br \/>\nPelo: Lana<br \/>\nUrdimbre: algod\u00f3n<br \/>\nGrosor aprox: 4-5 mm<br \/>\nTe\u00f1ido natural, la lana hilada a mano<br \/>\nLos colores de la alfombra se percibir\u00e1n de formas diferentes dependiendo del \u00e1ngulo de visi\u00f3n<br \/>\nPlazo de entrega: 2-5 d\u00edas h\u00e1biles en Espa\u00f1a.<br \/>\nEuropa: 5-7 d\u00edas h\u00e1biles, resto de continentes 7-10 d\u00edas.<\/p>\n","protected":false},"featured_media":10820,"comment_status":"open","ping_status":"closed","template":"","meta":[],"product_brand":[],"product_cat":[1054,62,183],"product_tag":[340,123,800],"class_list":{"0":"post-10773","1":"product","2":"type-product","3":"status-publish","4":"has-post-thumbnail","6":"product_cat-ofertas","7":"product_cat-alfombras-turcas","8":"product_cat-alfombras-vintage","9":"product_tag-alfombras","10":"product_tag-alfombras-vintage","11":"product_tag-alfombras-vintage-economicas","12":"product_shipping_class-alfombra-mediana","13":"pa_ancho-cm-962","14":"pa_color-turquesa","15":"pa_largo-cm-925","16":"pa_medida-medianos","17":"pa_medida-pequenos","19":"first","20":"instock","21":"sale","22":"sold-individually","23":"taxable","24":"shipping-taxable","25":"purchasable","26":"product-type-simple"},"yoast_head":"<!-- This site is optimized with the Yoast SEO plugin v24.8.1 - https:\/\/yoast.com\/wordpress\/plugins\/seo\/ -->\n<title>COMPRAR ALFOMBRAS VINTAGE ECONOMICAS | Kilim-Age<\/title>\n<meta name=\"description\" content=\"Comprar Alfombras Vintage Econ\u00f3micas! En Kilim-Age tenemos aut\u00e9nticas alfombras vintage artesanales de Turqu\u00eda. Precios muy econ\u00f3micos! Entregas gratuitas\" \/>\n<meta name=\"robots\" content=\"index, follow, max-snippet:-1, max-image-preview:large, max-video-preview:-1\" \/>\n<link rel=\"canonical\" href=\"https:\/\/www.kilim-age.com\/en\/producto\/comprar-alfombras-vintage-economicas\/\" \/>\n<meta property=\"og:locale\" content=\"es_ES\" \/>\n<meta property=\"og:type\" content=\"article\" \/>\n<meta property=\"og:title\" content=\"COMPRAR ALFOMBRAS VINTAGE ECONOMICAS | Kilim-Age\" \/>\n<meta property=\"og:description\" content=\"Comprar Alfombras Vintage Econ\u00f3micas! En Kilim-Age tenemos aut\u00e9nticas alfombras vintage artesanales de Turqu\u00eda. Precios muy econ\u00f3micos! Entregas gratuitas\" \/>\n<meta property=\"og:url\" content=\"https:\/\/www.kilim-age.com\/en\/producto\/comprar-alfombras-vintage-economicas\/\" \/>\n<meta property=\"og:site_name\" content=\"Kilim-Age\" \/>\n<meta property=\"article:modified_time\" content=\"2025-07-16T16:50:10+00:00\" \/>\n<meta property=\"og:image\" content=\"https:\/\/www.kilim-age.com\/wp-content\/uploads\/2019\/08\/Alfombra-Vintage.jpg\" \/>\n\t<meta property=\"og:image:width\" content=\"1000\" \/>\n\t<meta property=\"og:image:height\" content=\"1300\" \/>\n\t<meta property=\"og:image:type\" content=\"image\/jpeg\" \/>\n<meta name=\"twitter:card\" content=\"summary_large_image\" \/>\n<meta name=\"twitter:label1\" content=\"Tiempo de lectura\" \/>\n\t<meta name=\"twitter:data1\" content=\"1 minuto\" \/>\n<script type=\"application\/ld+json\" class=\"yoast-schema-graph\">{\"@context\":\"https:\/\/schema.org\",\"@graph\":[{\"@type\":\"WebPage\",\"@id\":\"https:\/\/www.kilim-age.com\/en\/producto\/comprar-alfombras-vintage-economicas\/\",\"url\":\"https:\/\/www.kilim-age.com\/en\/producto\/comprar-alfombras-vintage-economicas\/\",\"name\":\"COMPRAR ALFOMBRAS VINTAGE ECONOMICAS | Kilim-Age\",\"isPartOf\":{\"@id\":\"https:\/\/kilim-age.com\/en\/#website\"},\"primaryImageOfPage\":{\"@id\":\"https:\/\/www.kilim-age.com\/en\/producto\/comprar-alfombras-vintage-economicas\/#primaryimage\"},\"image\":{\"@id\":\"https:\/\/www.kilim-age.com\/en\/producto\/comprar-alfombras-vintage-economicas\/#primaryimage\"},\"thumbnailUrl\":\"https:\/\/kilim-age.com\/wp-content\/uploads\/2019\/08\/Alfombra-Vintage.jpg\",\"datePublished\":\"2019-08-09T15:24:36+00:00\",\"dateModified\":\"2025-07-16T16:50:10+00:00\",\"description\":\"Comprar Alfombras Vintage Econ\u00f3micas! En Kilim-Age tenemos aut\u00e9nticas alfombras vintage artesanales de Turqu\u00eda. Precios muy econ\u00f3micos! Entregas gratuitas\",\"breadcrumb\":{\"@id\":\"https:\/\/www.kilim-age.com\/en\/producto\/comprar-alfombras-vintage-economicas\/#breadcrumb\"},\"inLanguage\":\"es\",\"potentialAction\":[{\"@type\":\"ReadAction\",\"target\":[\"https:\/\/www.kilim-age.com\/en\/producto\/comprar-alfombras-vintage-economicas\/\"]}]},{\"@type\":\"ImageObject\",\"inLanguage\":\"es\",\"@id\":\"https:\/\/www.kilim-age.com\/en\/producto\/comprar-alfombras-vintage-economicas\/#primaryimage\",\"url\":\"https:\/\/kilim-age.com\/wp-content\/uploads\/2019\/08\/Alfombra-Vintage.jpg\",\"contentUrl\":\"https:\/\/kilim-age.com\/wp-content\/uploads\/2019\/08\/Alfombra-Vintage.jpg\",\"width\":1000,\"height\":1300,\"caption\":\"Comprar Alfombras Vintage Econ\u00f3micas\"},{\"@type\":\"BreadcrumbList\",\"@id\":\"https:\/\/www.kilim-age.com\/en\/producto\/comprar-alfombras-vintage-economicas\/#breadcrumb\",\"itemListElement\":[{\"@type\":\"ListItem\",\"position\":1,\"name\":\"Home\",\"item\":\"https:\/\/kilim-age.com\/en\/\"},{\"@type\":\"ListItem\",\"position\":2,\"name\":\"Shop\",\"item\":\"https:\/\/kilim-age.com\/es\/shop\/\"},{\"@type\":\"ListItem\",\"position\":3,\"name\":\"VINTAGE CARPET 214 X 114 cm\"}]},{\"@type\":\"WebSite\",\"@id\":\"https:\/\/kilim-age.com\/en\/#website\",\"url\":\"https:\/\/kilim-age.com\/en\/\",\"name\":\"Kilim-Age\",\"description\":\"Somos especialistas en productos artesanales de Turqu\u00eda como Alfombras, y Kilims\",\"potentialAction\":[{\"@type\":\"SearchAction\",\"target\":{\"@type\":\"EntryPoint\",\"urlTemplate\":\"https:\/\/kilim-age.com\/en\/?s={search_term_string}\"},\"query-input\":{\"@type\":\"PropertyValueSpecification\",\"valueRequired\":true,\"valueName\":\"search_term_string\"}}],\"inLanguage\":\"es\"}]}<\/script>\n<!-- \/ Yoast SEO plugin. -->","yoast_head_json":{"title":"COMPRAR ALFOMBRAS VINTAGE ECONOMICAS | Kilim-Age","description":"Comprar Alfombras Vintage Econ\u00f3micas! En Kilim-Age tenemos aut\u00e9nticas alfombras vintage artesanales de Turqu\u00eda. Precios muy econ\u00f3micos! Entregas gratuitas","robots":{"index":"index","follow":"follow","max-snippet":"max-snippet:-1","max-image-preview":"max-image-preview:large","max-video-preview":"max-video-preview:-1"},"canonical":"https:\/\/www.kilim-age.com\/en\/producto\/comprar-alfombras-vintage-economicas\/","og_locale":"es_ES","og_type":"article","og_title":"COMPRAR ALFOMBRAS VINTAGE ECONOMICAS | Kilim-Age","og_description":"Comprar Alfombras Vintage Econ\u00f3micas! En Kilim-Age tenemos aut\u00e9nticas alfombras vintage artesanales de Turqu\u00eda. Precios muy econ\u00f3micos! Entregas gratuitas","og_url":"https:\/\/www.kilim-age.com\/en\/producto\/comprar-alfombras-vintage-economicas\/","og_site_name":"Kilim-Age","article_modified_time":"2025-07-16T16:50:10+00:00","og_image":[{"width":1000,"height":1300,"url":"https:\/\/www.kilim-age.com\/wp-content\/uploads\/2019\/08\/Alfombra-Vintage.jpg","type":"image\/jpeg"}],"twitter_card":"summary_large_image","twitter_misc":{"Tiempo de lectura":"1 minuto"},"schema":{"@context":"https:\/\/schema.org","@graph":[{"@type":"WebPage","@id":"https:\/\/www.kilim-age.com\/en\/producto\/comprar-alfombras-vintage-economicas\/","url":"https:\/\/www.kilim-age.com\/en\/producto\/comprar-alfombras-vintage-economicas\/","name":"COMPRAR ALFOMBRAS VINTAGE ECONOMICAS | Kilim-Age","isPartOf":{"@id":"https:\/\/kilim-age.com\/en\/#website"},"primaryImageOfPage":{"@id":"https:\/\/www.kilim-age.com\/en\/producto\/comprar-alfombras-vintage-economicas\/#primaryimage"},"image":{"@id":"https:\/\/www.kilim-age.com\/en\/producto\/comprar-alfombras-vintage-economicas\/#primaryimage"},"thumbnailUrl":"https:\/\/kilim-age.com\/wp-content\/uploads\/2019\/08\/Alfombra-Vintage.jpg","datePublished":"2019-08-09T15:24:36+00:00","dateModified":"2025-07-16T16:50:10+00:00","description":"Comprar Alfombras Vintage Econ\u00f3micas! En Kilim-Age tenemos aut\u00e9nticas alfombras vintage artesanales de Turqu\u00eda. Precios muy econ\u00f3micos! Entregas gratuitas","breadcrumb":{"@id":"https:\/\/www.kilim-age.com\/en\/producto\/comprar-alfombras-vintage-economicas\/#breadcrumb"},"inLanguage":"es","potentialAction":[{"@type":"ReadAction","target":["https:\/\/www.kilim-age.com\/en\/producto\/comprar-alfombras-vintage-economicas\/"]}]},{"@type":"ImageObject","inLanguage":"es","@id":"https:\/\/www.kilim-age.com\/en\/producto\/comprar-alfombras-vintage-economicas\/#primaryimage","url":"https:\/\/kilim-age.com\/wp-content\/uploads\/2019\/08\/Alfombra-Vintage.jpg","contentUrl":"https:\/\/kilim-age.com\/wp-content\/uploads\/2019\/08\/Alfombra-Vintage.jpg","width":1000,"height":1300,"caption":"Comprar Alfombras Vintage Econ\u00f3micas"},{"@type":"BreadcrumbList","@id":"https:\/\/www.kilim-age.com\/en\/producto\/comprar-alfombras-vintage-economicas\/#breadcrumb","itemListElement":[{"@type":"ListItem","position":1,"name":"Home","item":"https:\/\/kilim-age.com\/en\/"},{"@type":"ListItem","position":2,"name":"Shop","item":"https:\/\/kilim-age.com\/es\/shop\/"},{"@type":"ListItem","position":3,"name":"VINTAGE CARPET 214 X 114 cm"}]},{"@type":"WebSite","@id":"https:\/\/kilim-age.com\/en\/#website","url":"https:\/\/kilim-age.com\/en\/","name":"Kilim-Age","description":"Somos especialistas en productos artesanales de Turqu\u00eda como Alfombras, y Kilims","potentialAction":[{"@type":"SearchAction","target":{"@type":"EntryPoint","urlTemplate":"https:\/\/kilim-age.com\/en\/?s={search_term_string}"},"query-input":{"@type":"PropertyValueSpecification","valueRequired":true,"valueName":"search_term_string"}}],"inLanguage":"es"}]}},"_links":{"self":[{"href":"https:\/\/kilim-age.com\/es\/wp-json\/wp\/v2\/product\/10773","targetHints":{"allow":["GET"]}}],"collection":[{"href":"https:\/\/kilim-age.com\/es\/wp-json\/wp\/v2\/product"}],"about":[{"href":"https:\/\/kilim-age.com\/es\/wp-json\/wp\/v2\/types\/product"}],"replies":[{"embeddable":true,"href":"https:\/\/kilim-age.com\/es\/wp-json\/wp\/v2\/comments?post=10773"}],"wp:featuredmedia":[{"embeddable":true,"href":"https:\/\/kilim-age.com\/es\/wp-json\/wp\/v2\/media\/10820"}],"wp:attachment":[{"href":"https:\/\/kilim-age.com\/es\/wp-json\/wp\/v2\/media?parent=10773"}],"wp:term":[{"taxonomy":"product_brand","embeddable":true,"href":"https:\/\/kilim-age.com\/es\/wp-json\/wp\/v2\/product_brand?post=10773"},{"taxonomy":"product_cat","embeddable":true,"href":"https:\/\/kilim-age.com\/es\/wp-json\/wp\/v2\/product_cat?post=10773"},{"taxonomy":"product_tag","embeddable":true,"href":"https:\/\/kilim-age.com\/es\/wp-json\/wp\/v2\/product_tag?post=10773"}],"curies":[{"name":"wp","href":"https:\/\/api.w.org\/{rel}","templated":true}]}}