{"id":2080,"date":"2017-05-12T10:40:09","date_gmt":"2017-05-12T10:40:09","guid":{"rendered":"http:\/\/kilim-age.com\/?page_id=2080"},"modified":"2024-05-07T17:39:27","modified_gmt":"2024-05-07T15:39:27","slug":"comprar-kilim-online","status":"publish","type":"page","link":"https:\/\/kilim-age.com\/es\/comprar-kilim-online\/","title":{"rendered":"Comprar kilim online baratos"},"content":{"rendered":"<h3>Comprar Kilim Online: Artesan\u00eda Econ\u00f3mica a tu Alcance<\/h3>\n<p><strong>Comprar Kilim Online Econ\u00f3micas: Descubre la Belleza Asequible de los Kilims Turcos<\/strong><\/p>\n<p>Ahora tienes la posibilidad de <strong>comprar kilim online econ\u00f3micas<\/strong> y a\u00f1adir a cualquier espacio de tu hogar el distintivo toque que solo estos tejidos orientales de rica y extensa tradici\u00f3n pueden ofrecer. Si te apasiona el encanto particular de la t\u00e9cnica kilim o simplemente est\u00e1s interesado en experimentar con este tipo de decoraci\u00f3n tan caracter\u00edstica, te encantar\u00e1 la selecci\u00f3n que ofrecemos en <strong>Kilim-Age<\/strong>. Nuestra tienda distribuye por toda Espa\u00f1a aut\u00e9nticos tejidos de producci\u00f3n artesanal, importados directamente de<a href=\"https:\/\/viajes.nationalgeographic.com.es\/p\/turquia\"> Turqu\u00eda<\/a> para acercarte todo el valor de la mejor tradici\u00f3n del kilim, disponible en tapetes convencionales y en una variedad de opciones innovadoras que sin duda te sorprender\u00e1n.<\/p>\n<p><strong>Amplia Variedad en Productos de Kilim<\/strong><\/p>\n<p>En nuestra <strong>tienda online de kilim<\/strong>, encontrar\u00e1s una extensa colecci\u00f3n de <a href=\"https:\/\/kilim-age.com\/alfombras-turcas-precios\/\"><strong>alfombras turcas econ\u00f3micas<\/strong><\/a> que fusionan la esencia de esta t\u00e9cnica milenaria con una multitud de motivos y est\u00e9ticas. Nuestro cat\u00e1logo tambi\u00e9n incluye productos \u00fanicos que abarcan desde cojines hasta zapatos y bolsos. Con nosotros, tienes la oportunidad de incorporar el valor \u00fanico del kilim no solo en elementos decorativos que marcan la diferencia en tu sal\u00f3n o dormitorio, sino tambi\u00e9n en tus complementos de moda. Experimenta el placer de llevar un bolso de excelente calidad con un acabado hermoso, original y lleno del encanto propio de las piezas hechas a mano, o disfruta del confort y estilo de zapatos elaborados con este noble tejido.<\/p>\n<h3>Comprar Kilim Online Econ\u00f3micas en Comercio Especializado<\/h3>\n<p>Nos enorgullecemos de nuestro enfoque en el kilim porque, como especialistas en la venta de <strong>textiles artesanos turcos a precios accesibles<\/strong>, comprendemos la demanda que estas creaciones generan entre un amplio espectro de clientes. Contamos con la capacidad y el conocimiento necesarios para satisfacer esta demanda de manera sobresaliente, asegurando que nuestros art\u00edculos no solo cumplan sino que superen tus expectativas. Te invitamos a explorar el resto del cat\u00e1logo que comercializamos, que, aunque va m\u00e1s all\u00e1 del kilim, siempre se mantiene fiel a los valores del mejor textil artesano, con piezas importadas en las que se nota el cuidado en cada detalle de su dise\u00f1o y confecci\u00f3n.<\/p>\n<p><a href=\"http:\/\/kilim-age.com\/wp-content\/uploads\/2024\/05\/banner-6.jpg\"><img decoding=\"async\" class=\"alignnone size-medium wp-image-40891\" src=\"http:\/\/kilim-age.com\/wp-content\/uploads\/2024\/05\/banner-6-300x300.jpg\" alt=\"Comprar Kilim Online Econ\u00f3micas\" width=\"300\" height=\"300\" srcset=\"https:\/\/kilim-age.com\/wp-content\/uploads\/2024\/05\/banner-6-300x300.jpg 300w, https:\/\/kilim-age.com\/wp-content\/uploads\/2024\/05\/banner-6-150x150.jpg 150w, https:\/\/kilim-age.com\/wp-content\/uploads\/2024\/05\/banner-6-768x771.jpg 768w, https:\/\/kilim-age.com\/wp-content\/uploads\/2024\/05\/banner-6-500x500.jpg 500w, https:\/\/kilim-age.com\/wp-content\/uploads\/2024\/05\/banner-6-100x100.jpg 100w, https:\/\/kilim-age.com\/wp-content\/uploads\/2024\/05\/banner-6.jpg 797w\" sizes=\"(max-width: 300px) 100vw, 300px\" \/><\/a><\/p>\n<hr \/>\n<h2 style=\"color: rgba(77,183,179,0.54);\"><strong>Contacta con nosotros<\/strong><\/h2>\n\n<div class=\"wpcf7 no-js\" id=\"wpcf7-f6132-o1\" lang=\"en-US\" dir=\"ltr\" data-wpcf7-id=\"6132\">\n<div class=\"screen-reader-response\"><p role=\"status\" aria-live=\"polite\" aria-atomic=\"true\"><\/p> <ul><\/ul><\/div>\n<form action=\"\/es\/wp-json\/wp\/v2\/pages\/2080#wpcf7-f6132-o1\" method=\"post\" class=\"wpcf7-form init\" aria-label=\"Contact form\" novalidate=\"novalidate\" data-status=\"init\">\n<div style=\"display: none;\">\n<input type=\"hidden\" name=\"_wpcf7\" value=\"6132\" \/>\n<input type=\"hidden\" name=\"_wpcf7_version\" value=\"6.0.5\" \/>\n<input type=\"hidden\" name=\"_wpcf7_locale\" value=\"en_US\" \/>\n<input type=\"hidden\" name=\"_wpcf7_unit_tag\" value=\"wpcf7-f6132-o1\" \/>\n<input type=\"hidden\" name=\"_wpcf7_container_post\" value=\"0\" \/>\n<input type=\"hidden\" name=\"_wpcf7_posted_data_hash\" value=\"\" \/>\n<input type=\"hidden\" name=\"_wpcf7_recaptcha_response\" value=\"\" \/>\n<\/div>\n<p><label>Tu nombre (requerido)<\/label><br \/>\n<span class=\"wpcf7-form-control-wrap\" data-name=\"your-name\"><input size=\"40\" maxlength=\"400\" class=\"wpcf7-form-control wpcf7-text wpcf7-validates-as-required\" aria-required=\"true\" aria-invalid=\"false\" value=\"\" type=\"text\" name=\"your-name\" \/><\/span>\n<\/p>\n<p><label>Tu email (requerido)<\/label><br \/>\n<span class=\"wpcf7-form-control-wrap\" data-name=\"your-email\"><input size=\"40\" maxlength=\"400\" class=\"wpcf7-form-control wpcf7-email wpcf7-validates-as-required wpcf7-text wpcf7-validates-as-email\" aria-required=\"true\" aria-invalid=\"false\" value=\"\" type=\"email\" name=\"your-email\" \/><\/span>\n<\/p>\n<p><label>Tu mensaje (requerido)<\/label><br \/>\n<span class=\"wpcf7-form-control-wrap\" data-name=\"your-message\"><textarea cols=\"40\" rows=\"10\" maxlength=\"2000\" class=\"wpcf7-form-control wpcf7-textarea\" aria-invalid=\"false\" name=\"your-message\"><\/textarea><\/span>\n<\/p>\n<p><input class=\"wpcf7-form-control wpcf7-submit has-spinner button\" type=\"submit\" value=\"Enviar\" \/>\n<\/p><input type='hidden' class='wpcf7-pum' value='{\"closepopup\":false,\"closedelay\":0,\"openpopup\":false,\"openpopup_id\":0}' \/><div class=\"wpcf7-response-output\" aria-hidden=\"true\"><\/div>\n<\/form>\n<\/div>","protected":false},"excerpt":{"rendered":"<p>Comprar Kilim Online: Artesan\u00eda Econ\u00f3mica a tu Alcance Comprar Kilim Online Econ\u00f3micas: Descubre la Belleza Asequible de los Kilims Turcos Ahora tienes la posibilidad de comprar kilim online econ\u00f3micas y a\u00f1adir a cualquier espacio de tu hogar el distintivo toque que solo estos tejidos orientales de rica y extensa tradici\u00f3n pueden ofrecer. Si te apasiona [&#8230;]\n","protected":false},"author":1,"featured_media":40891,"parent":0,"menu_order":0,"comment_status":"closed","ping_status":"closed","template":"","meta":{"footnotes":""},"class_list":["post-2080","page","type-page","status-publish","has-post-thumbnail","hentry"],"yoast_head":"<!-- This site is optimized with the Yoast SEO plugin v24.8.1 - https:\/\/yoast.com\/wordpress\/plugins\/seo\/ -->\n<title>Comprar kilim online econ\u00f3micas | Kilim-Age | Tienda de Kilim Online<\/title>\n<meta name=\"description\" content=\"Comprar kilim online econ\u00f3micas en Kilim-Age. Explora alfombras y Kilims turcos \u00fanicos a precios accesibles. Env\u00edo gratuito\" \/>\n<meta name=\"robots\" content=\"index, follow, max-snippet:-1, max-image-preview:large, max-video-preview:-1\" \/>\n<link rel=\"canonical\" href=\"https:\/\/kilim-age.com\/es\/comprar-kilim-online\/\" \/>\n<meta property=\"og:locale\" content=\"es_ES\" \/>\n<meta property=\"og:type\" content=\"article\" \/>\n<meta property=\"og:title\" content=\"Comprar kilim online econ\u00f3micas | Kilim-Age | Tienda de Kilim Online\" \/>\n<meta property=\"og:description\" content=\"Comprar kilim online econ\u00f3micas en Kilim-Age. Explora alfombras y Kilims turcos \u00fanicos a precios accesibles. Env\u00edo gratuito\" \/>\n<meta property=\"og:url\" content=\"https:\/\/kilim-age.com\/es\/comprar-kilim-online\/\" \/>\n<meta property=\"og:site_name\" content=\"Kilim-Age\" \/>\n<meta property=\"article:modified_time\" content=\"2024-05-07T15:39:27+00:00\" \/>\n<meta property=\"og:image\" content=\"https:\/\/kilim-age.com\/wp-content\/uploads\/2024\/05\/banner-6.jpg\" \/>\n\t<meta property=\"og:image:width\" content=\"797\" \/>\n\t<meta property=\"og:image:height\" content=\"800\" \/>\n\t<meta property=\"og:image:type\" content=\"image\/jpeg\" \/>\n<meta name=\"twitter:card\" content=\"summary_large_image\" \/>\n<meta name=\"twitter:label1\" content=\"Tiempo de lectura\" \/>\n\t<meta name=\"twitter:data1\" content=\"2 minutos\" \/>\n<script type=\"application\/ld+json\" class=\"yoast-schema-graph\">{\"@context\":\"https:\/\/schema.org\",\"@graph\":[{\"@type\":\"WebPage\",\"@id\":\"https:\/\/kilim-age.com\/es\/comprar-kilim-online\/\",\"url\":\"https:\/\/kilim-age.com\/es\/comprar-kilim-online\/\",\"name\":\"Comprar kilim online econ\u00f3micas | Kilim-Age | Tienda de Kilim Online\",\"isPartOf\":{\"@id\":\"https:\/\/kilim-age.com\/en\/#website\"},\"primaryImageOfPage\":{\"@id\":\"https:\/\/kilim-age.com\/es\/comprar-kilim-online\/#primaryimage\"},\"image\":{\"@id\":\"https:\/\/kilim-age.com\/es\/comprar-kilim-online\/#primaryimage\"},\"thumbnailUrl\":\"https:\/\/kilim-age.com\/wp-content\/uploads\/2024\/05\/banner-6.jpg\",\"datePublished\":\"2017-05-12T10:40:09+00:00\",\"dateModified\":\"2024-05-07T15:39:27+00:00\",\"description\":\"Comprar kilim online econ\u00f3micas en Kilim-Age. Explora alfombras y Kilims turcos \u00fanicos a precios accesibles. Env\u00edo gratuito\",\"breadcrumb\":{\"@id\":\"https:\/\/kilim-age.com\/es\/comprar-kilim-online\/#breadcrumb\"},\"inLanguage\":\"es\",\"potentialAction\":[{\"@type\":\"ReadAction\",\"target\":[\"https:\/\/kilim-age.com\/es\/comprar-kilim-online\/\"]}]},{\"@type\":\"ImageObject\",\"inLanguage\":\"es\",\"@id\":\"https:\/\/kilim-age.com\/es\/comprar-kilim-online\/#primaryimage\",\"url\":\"https:\/\/kilim-age.com\/wp-content\/uploads\/2024\/05\/banner-6.jpg\",\"contentUrl\":\"https:\/\/kilim-age.com\/wp-content\/uploads\/2024\/05\/banner-6.jpg\",\"width\":797,\"height\":800,\"caption\":\"Comprar Kilim Online Econ\u00f3micas\"},{\"@type\":\"BreadcrumbList\",\"@id\":\"https:\/\/kilim-age.com\/es\/comprar-kilim-online\/#breadcrumb\",\"itemListElement\":[{\"@type\":\"ListItem\",\"position\":1,\"name\":\"Home\",\"item\":\"https:\/\/kilim-age.com\/en\/\"},{\"@type\":\"ListItem\",\"position\":2,\"name\":\"Comprar kilim online baratos\"}]},{\"@type\":\"WebSite\",\"@id\":\"https:\/\/kilim-age.com\/en\/#website\",\"url\":\"https:\/\/kilim-age.com\/en\/\",\"name\":\"Kilim-Age\",\"description\":\"Somos especialistas en productos artesanales de Turqu\u00eda como Alfombras, y Kilims\",\"potentialAction\":[{\"@type\":\"SearchAction\",\"target\":{\"@type\":\"EntryPoint\",\"urlTemplate\":\"https:\/\/kilim-age.com\/en\/?s={search_term_string}\"},\"query-input\":{\"@type\":\"PropertyValueSpecification\",\"valueRequired\":true,\"valueName\":\"search_term_string\"}}],\"inLanguage\":\"es\"}]}<\/script>\n<!-- \/ Yoast SEO plugin. -->","yoast_head_json":{"title":"Comprar kilim online econ\u00f3micas | Kilim-Age | Tienda de Kilim Online","description":"Comprar kilim online econ\u00f3micas en Kilim-Age. Explora alfombras y Kilims turcos \u00fanicos a precios accesibles. Env\u00edo gratuito","robots":{"index":"index","follow":"follow","max-snippet":"max-snippet:-1","max-image-preview":"max-image-preview:large","max-video-preview":"max-video-preview:-1"},"canonical":"https:\/\/kilim-age.com\/es\/comprar-kilim-online\/","og_locale":"es_ES","og_type":"article","og_title":"Comprar kilim online econ\u00f3micas | Kilim-Age | Tienda de Kilim Online","og_description":"Comprar kilim online econ\u00f3micas en Kilim-Age. Explora alfombras y Kilims turcos \u00fanicos a precios accesibles. Env\u00edo gratuito","og_url":"https:\/\/kilim-age.com\/es\/comprar-kilim-online\/","og_site_name":"Kilim-Age","article_modified_time":"2024-05-07T15:39:27+00:00","og_image":[{"width":797,"height":800,"url":"https:\/\/kilim-age.com\/wp-content\/uploads\/2024\/05\/banner-6.jpg","type":"image\/jpeg"}],"twitter_card":"summary_large_image","twitter_misc":{"Tiempo de lectura":"2 minutos"},"schema":{"@context":"https:\/\/schema.org","@graph":[{"@type":"WebPage","@id":"https:\/\/kilim-age.com\/es\/comprar-kilim-online\/","url":"https:\/\/kilim-age.com\/es\/comprar-kilim-online\/","name":"Comprar kilim online econ\u00f3micas | Kilim-Age | Tienda de Kilim Online","isPartOf":{"@id":"https:\/\/kilim-age.com\/en\/#website"},"primaryImageOfPage":{"@id":"https:\/\/kilim-age.com\/es\/comprar-kilim-online\/#primaryimage"},"image":{"@id":"https:\/\/kilim-age.com\/es\/comprar-kilim-online\/#primaryimage"},"thumbnailUrl":"https:\/\/kilim-age.com\/wp-content\/uploads\/2024\/05\/banner-6.jpg","datePublished":"2017-05-12T10:40:09+00:00","dateModified":"2024-05-07T15:39:27+00:00","description":"Comprar kilim online econ\u00f3micas en Kilim-Age. Explora alfombras y Kilims turcos \u00fanicos a precios accesibles. Env\u00edo gratuito","breadcrumb":{"@id":"https:\/\/kilim-age.com\/es\/comprar-kilim-online\/#breadcrumb"},"inLanguage":"es","potentialAction":[{"@type":"ReadAction","target":["https:\/\/kilim-age.com\/es\/comprar-kilim-online\/"]}]},{"@type":"ImageObject","inLanguage":"es","@id":"https:\/\/kilim-age.com\/es\/comprar-kilim-online\/#primaryimage","url":"https:\/\/kilim-age.com\/wp-content\/uploads\/2024\/05\/banner-6.jpg","contentUrl":"https:\/\/kilim-age.com\/wp-content\/uploads\/2024\/05\/banner-6.jpg","width":797,"height":800,"caption":"Comprar Kilim Online Econ\u00f3micas"},{"@type":"BreadcrumbList","@id":"https:\/\/kilim-age.com\/es\/comprar-kilim-online\/#breadcrumb","itemListElement":[{"@type":"ListItem","position":1,"name":"Home","item":"https:\/\/kilim-age.com\/en\/"},{"@type":"ListItem","position":2,"name":"Comprar kilim online baratos"}]},{"@type":"WebSite","@id":"https:\/\/kilim-age.com\/en\/#website","url":"https:\/\/kilim-age.com\/en\/","name":"Kilim-Age","description":"Somos especialistas en productos artesanales de Turqu\u00eda como Alfombras, y Kilims","potentialAction":[{"@type":"SearchAction","target":{"@type":"EntryPoint","urlTemplate":"https:\/\/kilim-age.com\/en\/?s={search_term_string}"},"query-input":{"@type":"PropertyValueSpecification","valueRequired":true,"valueName":"search_term_string"}}],"inLanguage":"es"}]}},"_links":{"self":[{"href":"https:\/\/kilim-age.com\/es\/wp-json\/wp\/v2\/pages\/2080","targetHints":{"allow":["GET"]}}],"collection":[{"href":"https:\/\/kilim-age.com\/es\/wp-json\/wp\/v2\/pages"}],"about":[{"href":"https:\/\/kilim-age.com\/es\/wp-json\/wp\/v2\/types\/page"}],"author":[{"embeddable":true,"href":"https:\/\/kilim-age.com\/es\/wp-json\/wp\/v2\/users\/1"}],"replies":[{"embeddable":true,"href":"https:\/\/kilim-age.com\/es\/wp-json\/wp\/v2\/comments?post=2080"}],"version-history":[{"count":1,"href":"https:\/\/kilim-age.com\/es\/wp-json\/wp\/v2\/pages\/2080\/revisions"}],"predecessor-version":[{"id":40892,"href":"https:\/\/kilim-age.com\/es\/wp-json\/wp\/v2\/pages\/2080\/revisions\/40892"}],"wp:featuredmedia":[{"embeddable":true,"href":"https:\/\/kilim-age.com\/es\/wp-json\/wp\/v2\/media\/40891"}],"wp:attachment":[{"href":"https:\/\/kilim-age.com\/es\/wp-json\/wp\/v2\/media?parent=2080"}],"curies":[{"name":"wp","href":"https:\/\/api.w.org\/{rel}","templated":true}]}}