{"id":2045,"date":"2017-05-12T08:10:48","date_gmt":"2017-05-12T08:10:48","guid":{"rendered":"http:\/\/kilim-age.com\/?page_id=2045"},"modified":"2018-04-09T11:07:49","modified_gmt":"2018-04-09T11:07:49","slug":"cojines-kilim","status":"publish","type":"page","link":"https:\/\/kilim-age.com\/es\/cojines-kilim\/","title":{"rendered":"Cojines kilim"},"content":{"rendered":"<h1 style=\"font-size: 2.2em; color: rgba(77,183,179,0.54);\">Cojines kilim<\/h1>\n<p><img fetchpriority=\"high\" decoding=\"async\" class=\" wp-image-609 alignright\" src=\"http:\/\/kilim-age.com\/wp-content\/uploads\/2017\/01\/YSTK-1-600x400.jpg\" alt=\"Cojines kilim\" title=\"Cojines kilim\" width=\"398\" height=\"266\" srcset=\"https:\/\/kilim-age.com\/wp-content\/uploads\/2017\/01\/YSTK-1-600x400.jpg 600w, https:\/\/kilim-age.com\/wp-content\/uploads\/2017\/01\/YSTK-1-768x512.jpg 768w, https:\/\/kilim-age.com\/wp-content\/uploads\/2017\/01\/YSTK-1.jpg 933w\" sizes=\"(max-width: 398px) 100vw, 398px\" \/>Si ven\u00edas pensando en la posibilidad de adquirir <strong>cojines de kilim<\/strong> que contrasten o complementen tu sof\u00e1 o tu cama, est\u00e1s ante el proveedor ideal con el que conseguir sacar todo el partido a la inconfundible est\u00e9tica de este tipo de tejidos orientales. Kilim-Age te trae una selecci\u00f3n de textiles llegados directamente de Turqu\u00eda, con unos modelos de inequ\u00edvocas primeras calidades; no pod\u00eda ser de otra manera dado que trabajamos con productores artesanos que elaboran a mano los productos que comercializamos, dot\u00e1ndolos de la genuina apariencia que identifica al kilim en diversas y coloridas creaciones.<\/p>\n<p>Nos estamos consolidando como referente entre los aficionados al encanto atemporal de las <a title=\"alfombras de lana hechas a mano\" href=\"http:\/\/kilim-age.com\/alfombras-de-lana-hechas-a-mano\/\">alfombras de lana hechas a mano<\/a> y otros textiles turcos porque trabajamos exclusivamente con genuinos productos artesanos, acerc\u00e1ndoselos al p\u00fablico espa\u00f1ol con unos precios competitivos y con las facilidades que ofrece nuestra tienda online para encargarlos desde cualquier localidad. El mejor dise\u00f1o tradicional turco nunca hab\u00eda estado tan al alcance de tu mano, y a nuestros textiles se suman otras interesantes categor\u00edas como las l\u00e1mparas turcas, siempre f\u00e1cilmente accesibles a trav\u00e9s del cat\u00e1logo en l\u00ednea de Kilim-Age.<\/p>\n<h2 style=\"color: rgba(77,183,179,0.54);\">Cojines kilim para todos los gustos<\/h2>\n<p>No encontrar\u00e1s mejor opci\u00f3n a la hora de llevar el toque ex\u00f3tico de unos buenos <strong>cojines turcos<\/strong> a tu vivienda, o bien de hacer un regalo especial con el encanto incomparable de lo artesanal. Entre las opciones que te proponemos en nuestra incomparable tienda se encuentran adem\u00e1s ideas como los <a title=\"cojines ikat\" href=\"#\">cojines ikat<\/a>, que reflejan el colorido caracter\u00edstico de esta apreciada t\u00e9cnica de te\u00f1ido. No dejes de descubrir las m\u00faltiples posibilidades que alberga nuestra gama de productos, tan extensa como cuidadosamente seleccionada para que cualquier pedido te resulte satisfactorio, sean cuales sean tus preferencias y objetivos. Una vez que compruebes el buen hacer de Kilim-Age, seguro que repetir\u00e1s con nosotros para seguir llevando peque\u00f1os fragmentos de Turqu\u00eda a tu vivienda.<\/p>\n<hr\/>\n<h2 style=\"color: rgba(77,183,179,0.54);\"><strong>Contacta con nosotros<\/strong><\/h2>\n\n<div class=\"wpcf7 no-js\" id=\"wpcf7-f6132-o1\" lang=\"en-US\" dir=\"ltr\" data-wpcf7-id=\"6132\">\n<div class=\"screen-reader-response\"><p role=\"status\" aria-live=\"polite\" aria-atomic=\"true\"><\/p> <ul><\/ul><\/div>\n<form action=\"\/es\/wp-json\/wp\/v2\/pages\/2045#wpcf7-f6132-o1\" method=\"post\" class=\"wpcf7-form init\" aria-label=\"Contact form\" novalidate=\"novalidate\" data-status=\"init\">\n<div style=\"display: none;\">\n<input type=\"hidden\" name=\"_wpcf7\" value=\"6132\" \/>\n<input type=\"hidden\" name=\"_wpcf7_version\" value=\"6.0.5\" \/>\n<input type=\"hidden\" name=\"_wpcf7_locale\" value=\"en_US\" \/>\n<input type=\"hidden\" name=\"_wpcf7_unit_tag\" value=\"wpcf7-f6132-o1\" \/>\n<input type=\"hidden\" name=\"_wpcf7_container_post\" value=\"0\" \/>\n<input type=\"hidden\" name=\"_wpcf7_posted_data_hash\" value=\"\" \/>\n<input type=\"hidden\" name=\"_wpcf7_recaptcha_response\" value=\"\" \/>\n<\/div>\n<p><label>Tu nombre (requerido)<\/label><br \/>\n<span class=\"wpcf7-form-control-wrap\" data-name=\"your-name\"><input size=\"40\" maxlength=\"400\" class=\"wpcf7-form-control wpcf7-text wpcf7-validates-as-required\" aria-required=\"true\" aria-invalid=\"false\" value=\"\" type=\"text\" name=\"your-name\" \/><\/span>\n<\/p>\n<p><label>Tu email (requerido)<\/label><br \/>\n<span class=\"wpcf7-form-control-wrap\" data-name=\"your-email\"><input size=\"40\" maxlength=\"400\" class=\"wpcf7-form-control wpcf7-email wpcf7-validates-as-required wpcf7-text wpcf7-validates-as-email\" aria-required=\"true\" aria-invalid=\"false\" value=\"\" type=\"email\" name=\"your-email\" \/><\/span>\n<\/p>\n<p><label>Tu mensaje (requerido)<\/label><br \/>\n<span class=\"wpcf7-form-control-wrap\" data-name=\"your-message\"><textarea cols=\"40\" rows=\"10\" maxlength=\"2000\" class=\"wpcf7-form-control wpcf7-textarea\" aria-invalid=\"false\" name=\"your-message\"><\/textarea><\/span>\n<\/p>\n<p><input class=\"wpcf7-form-control wpcf7-submit has-spinner button\" type=\"submit\" value=\"Enviar\" \/>\n<\/p><input type='hidden' class='wpcf7-pum' value='{\"closepopup\":false,\"closedelay\":0,\"openpopup\":false,\"openpopup_id\":0}' \/><div class=\"wpcf7-response-output\" aria-hidden=\"true\"><\/div>\n<\/form>\n<\/div>","protected":false},"excerpt":{"rendered":"<p>Cojines kilim Si ven\u00edas pensando en la posibilidad de adquirir cojines de kilim que contrasten o complementen tu sof\u00e1 o tu cama, est\u00e1s ante el proveedor ideal con el que conseguir sacar todo el partido a la inconfundible est\u00e9tica de este tipo de tejidos orientales. Kilim-Age te trae una selecci\u00f3n de textiles llegados directamente de [&#8230;]\n","protected":false},"author":1,"featured_media":0,"parent":0,"menu_order":0,"comment_status":"closed","ping_status":"closed","template":"","meta":{"footnotes":""},"class_list":["post-2045","page","type-page","status-publish","hentry"],"yoast_head":"<!-- This site is optimized with the Yoast SEO plugin v24.8.1 - https:\/\/yoast.com\/wordpress\/plugins\/seo\/ -->\n<title>Cojines kilim turcos | Kilim Age<\/title>\n<meta name=\"description\" content=\"\u00bfQuieres hacer un regalo especial con el encanto incomparable de lo artesanal? Los cojines kilim son tu mejor opci\u00f3n. \u00a1Descubre nuestra gama de productos!\" \/>\n<meta name=\"robots\" content=\"index, follow, max-snippet:-1, max-image-preview:large, max-video-preview:-1\" \/>\n<link rel=\"canonical\" href=\"https:\/\/kilim-age.com\/es\/cojines-kilim\/\" \/>\n<meta property=\"og:locale\" content=\"es_ES\" \/>\n<meta property=\"og:type\" content=\"article\" \/>\n<meta property=\"og:title\" content=\"Cojines kilim turcos | Kilim Age\" \/>\n<meta property=\"og:description\" content=\"\u00bfQuieres hacer un regalo especial con el encanto incomparable de lo artesanal? Los cojines kilim son tu mejor opci\u00f3n. \u00a1Descubre nuestra gama de productos!\" \/>\n<meta property=\"og:url\" content=\"https:\/\/kilim-age.com\/es\/cojines-kilim\/\" \/>\n<meta property=\"og:site_name\" content=\"Kilim-Age\" \/>\n<meta property=\"article:modified_time\" content=\"2018-04-09T11:07:49+00:00\" \/>\n<meta property=\"og:image\" content=\"http:\/\/kilim-age.com\/wp-content\/uploads\/2017\/01\/YSTK-1-600x400.jpg\" \/>\n<meta name=\"twitter:card\" content=\"summary_large_image\" \/>\n<meta name=\"twitter:label1\" content=\"Tiempo de lectura\" \/>\n\t<meta name=\"twitter:data1\" content=\"3 minutos\" \/>\n<script type=\"application\/ld+json\" class=\"yoast-schema-graph\">{\"@context\":\"https:\/\/schema.org\",\"@graph\":[{\"@type\":\"WebPage\",\"@id\":\"https:\/\/kilim-age.com\/es\/cojines-kilim\/\",\"url\":\"https:\/\/kilim-age.com\/es\/cojines-kilim\/\",\"name\":\"Cojines kilim turcos | Kilim Age\",\"isPartOf\":{\"@id\":\"https:\/\/kilim-age.com\/en\/#website\"},\"primaryImageOfPage\":{\"@id\":\"https:\/\/kilim-age.com\/es\/cojines-kilim\/#primaryimage\"},\"image\":{\"@id\":\"https:\/\/kilim-age.com\/es\/cojines-kilim\/#primaryimage\"},\"thumbnailUrl\":\"http:\/\/kilim-age.com\/wp-content\/uploads\/2017\/01\/YSTK-1-600x400.jpg\",\"datePublished\":\"2017-05-12T08:10:48+00:00\",\"dateModified\":\"2018-04-09T11:07:49+00:00\",\"description\":\"\u00bfQuieres hacer un regalo especial con el encanto incomparable de lo artesanal? Los cojines kilim son tu mejor opci\u00f3n. \u00a1Descubre nuestra gama de productos!\",\"breadcrumb\":{\"@id\":\"https:\/\/kilim-age.com\/es\/cojines-kilim\/#breadcrumb\"},\"inLanguage\":\"es\",\"potentialAction\":[{\"@type\":\"ReadAction\",\"target\":[\"https:\/\/kilim-age.com\/es\/cojines-kilim\/\"]}]},{\"@type\":\"ImageObject\",\"inLanguage\":\"es\",\"@id\":\"https:\/\/kilim-age.com\/es\/cojines-kilim\/#primaryimage\",\"url\":\"http:\/\/kilim-age.com\/wp-content\/uploads\/2017\/01\/YSTK-1-600x400.jpg\",\"contentUrl\":\"http:\/\/kilim-age.com\/wp-content\/uploads\/2017\/01\/YSTK-1-600x400.jpg\"},{\"@type\":\"BreadcrumbList\",\"@id\":\"https:\/\/kilim-age.com\/es\/cojines-kilim\/#breadcrumb\",\"itemListElement\":[{\"@type\":\"ListItem\",\"position\":1,\"name\":\"Home\",\"item\":\"https:\/\/kilim-age.com\/en\/\"},{\"@type\":\"ListItem\",\"position\":2,\"name\":\"Cojines kilim\"}]},{\"@type\":\"WebSite\",\"@id\":\"https:\/\/kilim-age.com\/en\/#website\",\"url\":\"https:\/\/kilim-age.com\/en\/\",\"name\":\"Kilim-Age\",\"description\":\"Somos especialistas en productos artesanales de Turqu\u00eda como Alfombras, y Kilims\",\"potentialAction\":[{\"@type\":\"SearchAction\",\"target\":{\"@type\":\"EntryPoint\",\"urlTemplate\":\"https:\/\/kilim-age.com\/en\/?s={search_term_string}\"},\"query-input\":{\"@type\":\"PropertyValueSpecification\",\"valueRequired\":true,\"valueName\":\"search_term_string\"}}],\"inLanguage\":\"es\"}]}<\/script>\n<!-- \/ Yoast SEO plugin. -->","yoast_head_json":{"title":"Cojines kilim turcos | Kilim Age","description":"\u00bfQuieres hacer un regalo especial con el encanto incomparable de lo artesanal? Los cojines kilim son tu mejor opci\u00f3n. \u00a1Descubre nuestra gama de productos!","robots":{"index":"index","follow":"follow","max-snippet":"max-snippet:-1","max-image-preview":"max-image-preview:large","max-video-preview":"max-video-preview:-1"},"canonical":"https:\/\/kilim-age.com\/es\/cojines-kilim\/","og_locale":"es_ES","og_type":"article","og_title":"Cojines kilim turcos | Kilim Age","og_description":"\u00bfQuieres hacer un regalo especial con el encanto incomparable de lo artesanal? Los cojines kilim son tu mejor opci\u00f3n. \u00a1Descubre nuestra gama de productos!","og_url":"https:\/\/kilim-age.com\/es\/cojines-kilim\/","og_site_name":"Kilim-Age","article_modified_time":"2018-04-09T11:07:49+00:00","og_image":[{"url":"http:\/\/kilim-age.com\/wp-content\/uploads\/2017\/01\/YSTK-1-600x400.jpg","type":"","width":"","height":""}],"twitter_card":"summary_large_image","twitter_misc":{"Tiempo de lectura":"3 minutos"},"schema":{"@context":"https:\/\/schema.org","@graph":[{"@type":"WebPage","@id":"https:\/\/kilim-age.com\/es\/cojines-kilim\/","url":"https:\/\/kilim-age.com\/es\/cojines-kilim\/","name":"Cojines kilim turcos | Kilim Age","isPartOf":{"@id":"https:\/\/kilim-age.com\/en\/#website"},"primaryImageOfPage":{"@id":"https:\/\/kilim-age.com\/es\/cojines-kilim\/#primaryimage"},"image":{"@id":"https:\/\/kilim-age.com\/es\/cojines-kilim\/#primaryimage"},"thumbnailUrl":"http:\/\/kilim-age.com\/wp-content\/uploads\/2017\/01\/YSTK-1-600x400.jpg","datePublished":"2017-05-12T08:10:48+00:00","dateModified":"2018-04-09T11:07:49+00:00","description":"\u00bfQuieres hacer un regalo especial con el encanto incomparable de lo artesanal? Los cojines kilim son tu mejor opci\u00f3n. \u00a1Descubre nuestra gama de productos!","breadcrumb":{"@id":"https:\/\/kilim-age.com\/es\/cojines-kilim\/#breadcrumb"},"inLanguage":"es","potentialAction":[{"@type":"ReadAction","target":["https:\/\/kilim-age.com\/es\/cojines-kilim\/"]}]},{"@type":"ImageObject","inLanguage":"es","@id":"https:\/\/kilim-age.com\/es\/cojines-kilim\/#primaryimage","url":"http:\/\/kilim-age.com\/wp-content\/uploads\/2017\/01\/YSTK-1-600x400.jpg","contentUrl":"http:\/\/kilim-age.com\/wp-content\/uploads\/2017\/01\/YSTK-1-600x400.jpg"},{"@type":"BreadcrumbList","@id":"https:\/\/kilim-age.com\/es\/cojines-kilim\/#breadcrumb","itemListElement":[{"@type":"ListItem","position":1,"name":"Home","item":"https:\/\/kilim-age.com\/en\/"},{"@type":"ListItem","position":2,"name":"Cojines kilim"}]},{"@type":"WebSite","@id":"https:\/\/kilim-age.com\/en\/#website","url":"https:\/\/kilim-age.com\/en\/","name":"Kilim-Age","description":"Somos especialistas en productos artesanales de Turqu\u00eda como Alfombras, y Kilims","potentialAction":[{"@type":"SearchAction","target":{"@type":"EntryPoint","urlTemplate":"https:\/\/kilim-age.com\/en\/?s={search_term_string}"},"query-input":{"@type":"PropertyValueSpecification","valueRequired":true,"valueName":"search_term_string"}}],"inLanguage":"es"}]}},"_links":{"self":[{"href":"https:\/\/kilim-age.com\/es\/wp-json\/wp\/v2\/pages\/2045","targetHints":{"allow":["GET"]}}],"collection":[{"href":"https:\/\/kilim-age.com\/es\/wp-json\/wp\/v2\/pages"}],"about":[{"href":"https:\/\/kilim-age.com\/es\/wp-json\/wp\/v2\/types\/page"}],"author":[{"embeddable":true,"href":"https:\/\/kilim-age.com\/es\/wp-json\/wp\/v2\/users\/1"}],"replies":[{"embeddable":true,"href":"https:\/\/kilim-age.com\/es\/wp-json\/wp\/v2\/comments?post=2045"}],"version-history":[{"count":0,"href":"https:\/\/kilim-age.com\/es\/wp-json\/wp\/v2\/pages\/2045\/revisions"}],"wp:attachment":[{"href":"https:\/\/kilim-age.com\/es\/wp-json\/wp\/v2\/media?parent=2045"}],"curies":[{"name":"wp","href":"https:\/\/api.w.org\/{rel}","templated":true}]}}