{"id":2,"date":"2016-12-19T14:26:44","date_gmt":"2016-12-19T14:26:44","guid":{"rendered":"http:\/\/kilim-age.com\/?page_id=2"},"modified":"2018-10-16T17:05:46","modified_gmt":"2018-10-16T17:05:46","slug":"about","status":"publish","type":"page","link":"https:\/\/kilim-age.com\/es\/about\/","title":{"rendered":"About"},"content":{"rendered":"<div class=\"banner has-hover\" id=\"banner-289133708\">\n          <div class=\"banner-inner fill\">\n        <div class=\"banner-bg fill\" >\n            <div class=\"bg fill bg-fill \"><\/div>\n                                    \n                    <\/div><!-- bg-layers -->\n        <div class=\"banner-layers container\">\n            <div class=\"fill banner-link\"><\/div>            \n   <div id=\"text-box-154542306\" class=\"text-box banner-layer x50 md-x50 lg-x50 y50 md-y50 lg-y50 res-text\">\n                                <div class=\"text dark\">\n              \n              <div class=\"text-inner text-center\">\n                  \n<h3 class=\"uppercase\"><strong>NOSOTROS KILIM-AGE<\/strong><\/h3>\n              <\/div>\n           <\/div><!-- text-box-inner -->\n                            \n<style scope=\"scope\">\n\n#text-box-154542306 {\n  width: 60%;\n}\n#text-box-154542306 .text {\n  font-size: 100%;\n}\n<\/style>\n    <\/div><!-- text-box -->\n \n        <\/div><!-- .banner-layers -->\n      <\/div><!-- .banner-inner -->\n\n            \n<style scope=\"scope\">\n\n#banner-289133708 {\n  padding-top: 27%;\n}\n#banner-289133708 .bg.bg-loaded {\n  background-image: url(https:\/\/kilim-age.com\/wp-content\/uploads\/2018\/07\/grgwg-e1548602506462-1024x350.jpg);\n}\n<\/style>\n  <\/div><!-- .banner -->\n\n\n<p>\u00a0<\/p>\n<p>Las personas amantes del car\u00e1cter inimitable de la tradici\u00f3n textil turca, al igual que las interesadas en conocer m\u00e1s acerca de las creaciones decorativas procedentes de aquellas tierras, est\u00e1is de enhorabuena. Aqu\u00ed empieza su andadura un espacio dedicado a difundir diversos temas de inter\u00e9s en torno a las alfombras, Kilims y l\u00e1mparas artesanales de Turqu\u00eda. Se trata de Kilim-Age, una tienda que te da la oportunidad de encargar desde cualquier punto de Espa\u00f1a los m\u00e1s genuinos art\u00edculos de decoraci\u00f3n hechos a mano e importados directamente desde Turqu\u00eda.<\/p>\n<h2><strong>Descubre la belleza de nuestros art\u00edculos<\/strong><\/h2>\n<p>Como verdaderos especialistas que somos en la comercializaci\u00f3n de estas bellas creaciones, podemos darte a conocer diversos aspectos de inter\u00e9s en torno a ellas: desde los secretos de su confecci\u00f3n puramente artesanal o el origen ancestral de las t\u00e9cnicas empleadas hasta las ideas m\u00e1s actuales para aprovecharlas en el interiorismo de tu vivienda de formas originales. Adem\u00e1s, en Kilim-Age no somos ajenos a otras aplicaciones sorprendentes de estos tejidos tradicionales, puesto que en nuestra tienda puedes encontrar bolsos o zapatos de kilim cuyos encantos tambi\u00e9n repasaremos. Otras telas asi\u00e1ticas de amplia tradici\u00f3n como el ikat o el suzani tambi\u00e9n tienen su lugar aqu\u00ed.<\/p>\n<p>Tanto si ya eres todo un experto en el fascinante mundo de los tejidos kilim, nuestra gran especialidad, como si te pica la curiosidad por conocer m\u00e1s al respecto, seguro que te gustar\u00e1n las curiosidades y los consejos que iremos desgranando en sucesivas entregas de nuestro blog. Sigue ley\u00e9ndonos y d\u00e9jate llevar a\u00fan m\u00e1s por los encantos de unas formas de decoraci\u00f3n incomparables que tienen su ra\u00edz en una cultura rica y fascinante. El equipo de\u00a0<strong><a href=\"http:\/\/kilim-age.com\/\">Kilim-Age<\/a><\/strong>\u00a0trabaja con ilusi\u00f3n a fin de que en nuestro sitio web encuentres un punto de referencia para explorar en profundidad el mundo de la decoraci\u00f3n artesanal turca y, por supuesto, para llevarte a casa las propuestas que m\u00e1s te seduzcan entre las muchas que reunimos para ti.<\/p>\n<p>\u00a0<\/p>\n\n  <div class=\"banner-grid-wrapper\">\n  <div id=\"banner-grid-2095242839\" class=\"banner-grid row row-grid row-small\" data-packery-options=\"\">\n                      \n<div class=\"col grid-col large-4 grid-col-1-2\" data-animate=\"fadeInLeft\"><div class=\"col-inner\">\n\t<div class=\"img has-hover x md-x lg-x y md-y lg-y\" id=\"image_627613312\">\n\t\t\t\t\t\t\t\t<div class=\"img-inner dark\" >\n\t\t\t<img fetchpriority=\"high\" decoding=\"async\" width=\"800\" height=\"534\" src=\"https:\/\/kilim-age.com\/wp-content\/uploads\/2018\/06\/alfombras-persas-a-precios-e1548602528384.jpg\" class=\"attachment-original size-original\" alt=\"alfombras persas a precios\" srcset=\"https:\/\/kilim-age.com\/wp-content\/uploads\/2018\/06\/alfombras-persas-a-precios-e1548602528384.jpg 800w, https:\/\/kilim-age.com\/wp-content\/uploads\/2018\/06\/alfombras-persas-a-precios-e1548602528384-300x200.jpg 300w, https:\/\/kilim-age.com\/wp-content\/uploads\/2018\/06\/alfombras-persas-a-precios-e1548602528384-768x513.jpg 768w, https:\/\/kilim-age.com\/wp-content\/uploads\/2018\/06\/alfombras-persas-a-precios-e1548602528384-600x401.jpg 600w\" sizes=\"(max-width: 800px) 100vw, 800px\" \/>\t\t\t\t\t\t\n\t\t\t\t\t<\/div>\n\t\t\t\t\t\t\t\t\n<style scope=\"scope\">\n\n#image_627613312 {\n  width: 100%;\n}\n<\/style>\n\t<\/div>\n\t\n<\/div><\/div>\n<div class=\"col grid-col large-2 grid-col-1-2\" ><div class=\"col-inner\">\n\t<div class=\"img has-hover x md-x lg-x y md-y lg-y\" id=\"image_322082634\">\n\t\t\t\t\t\t<div data-animate=\"fadeInRight\">\t\t<div class=\"img-inner dark\" >\n\t\t\t<img decoding=\"async\" width=\"405\" height=\"600\" src=\"https:\/\/kilim-age.com\/wp-content\/uploads\/2018\/07\/IMG_9320.jpg\" class=\"attachment-large size-large\" alt=\"\" srcset=\"https:\/\/kilim-age.com\/wp-content\/uploads\/2018\/07\/IMG_9320.jpg 405w, https:\/\/kilim-age.com\/wp-content\/uploads\/2018\/07\/IMG_9320-203x300.jpg 203w\" sizes=\"(max-width: 405px) 100vw, 405px\" \/>\t\t\t\t\t\t\n\t\t\t\t\t<\/div>\n\t\t<\/div>\t\t\t\t\t\t\n<style scope=\"scope\">\n\n#image_322082634 {\n  width: 100%;\n}\n<\/style>\n\t<\/div>\n\t\n<\/div><\/div>\n<div class=\"col grid-col large-5 grid-col-2-3\" ><div class=\"col-inner\">\n\t<div class=\"img has-hover x md-x lg-x y md-y lg-y\" id=\"image_888853452\">\n\t\t\t\t\t\t<div data-animate=\"fadeInUp\">\t\t<div class=\"img-inner dark\" >\n\t\t\t<img decoding=\"async\" width=\"1020\" height=\"1001\" src=\"https:\/\/kilim-age.com\/wp-content\/uploads\/2018\/07\/IMG_7993-1024x1005.jpg\" class=\"attachment-large size-large\" alt=\"\" srcset=\"https:\/\/kilim-age.com\/wp-content\/uploads\/2018\/07\/IMG_7993-1024x1005.jpg 1024w, https:\/\/kilim-age.com\/wp-content\/uploads\/2018\/07\/IMG_7993-600x589.jpg 600w, https:\/\/kilim-age.com\/wp-content\/uploads\/2018\/07\/IMG_7993-300x294.jpg 300w, https:\/\/kilim-age.com\/wp-content\/uploads\/2018\/07\/IMG_7993-768x754.jpg 768w, https:\/\/kilim-age.com\/wp-content\/uploads\/2018\/07\/IMG_7993.jpg 1242w\" sizes=\"(max-width: 1020px) 100vw, 1020px\" \/>\t\t\t\t\t\t\n\t\t\t\t\t<\/div>\n\t\t<\/div>\t\t\t\t\t\t\n<style scope=\"scope\">\n\n#image_888853452 {\n  width: 100%;\n}\n<\/style>\n\t<\/div>\n\t\n<\/div><\/div>\n<div class=\"col grid-col large-6 grid-col-1\" ><div class=\"col-inner\">\n\t<div class=\"img has-hover x md-x lg-x y md-y lg-y\" id=\"image_1296555507\">\n\t\t\t\t\t\t<div data-animate=\"bounceInDown\">\t\t<div class=\"img-inner dark\" >\n\t\t\t<img loading=\"lazy\" decoding=\"async\" width=\"600\" height=\"680\" src=\"https:\/\/kilim-age.com\/wp-content\/uploads\/2018\/10\/IMG-20140428-WA0000-e1547916187420.jpg\" class=\"attachment-large size-large\" alt=\"\" srcset=\"https:\/\/kilim-age.com\/wp-content\/uploads\/2018\/10\/IMG-20140428-WA0000-e1547916187420.jpg 600w, https:\/\/kilim-age.com\/wp-content\/uploads\/2018\/10\/IMG-20140428-WA0000-e1547916187420-265x300.jpg 265w\" sizes=\"(max-width: 600px) 100vw, 600px\" \/>\t\t\t\t\t\t\n\t\t\t\t\t<\/div>\n\t\t<\/div>\t\t\t\t\t\t\n<style scope=\"scope\">\n\n#image_1296555507 {\n  width: 100%;\n}\n<\/style>\n\t<\/div>\n\t\n<\/div><\/div>\n<div class=\"col grid-col large-6 grid-col-1\" ><div class=\"col-inner\">\n\t<div class=\"img has-hover x md-x lg-x y md-y lg-y\" id=\"image_1357934077\">\n\t\t\t\t\t\t<div data-animate=\"fadeInLeft\">\t\t<div class=\"img-inner dark\" >\n\t\t\t<img loading=\"lazy\" decoding=\"async\" width=\"943\" height=\"1024\" src=\"https:\/\/kilim-age.com\/wp-content\/uploads\/2018\/07\/IMG_7468-943x1024.jpg\" class=\"attachment-large size-large\" alt=\"\" srcset=\"https:\/\/kilim-age.com\/wp-content\/uploads\/2018\/07\/IMG_7468-943x1024.jpg 943w, https:\/\/kilim-age.com\/wp-content\/uploads\/2018\/07\/IMG_7468-600x652.jpg 600w, https:\/\/kilim-age.com\/wp-content\/uploads\/2018\/07\/IMG_7468-276x300.jpg 276w, https:\/\/kilim-age.com\/wp-content\/uploads\/2018\/07\/IMG_7468-768x834.jpg 768w, https:\/\/kilim-age.com\/wp-content\/uploads\/2018\/07\/IMG_7468.jpg 1242w\" sizes=\"(max-width: 943px) 100vw, 943px\" \/>\t\t\t\t\t\t\n\t\t\t\t\t<\/div>\n\t\t<\/div>\t\t\t\t\t\t\n<style scope=\"scope\">\n\n#image_1357934077 {\n  width: 100%;\n}\n<\/style>\n\t<\/div>\n\t\n<\/div><\/div>\n<div class=\"col grid-col large-7 grid-col-1\" ><div class=\"col-inner\">\n\t<div class=\"img has-hover x md-x lg-x y md-y lg-y\" id=\"image_1030857949\">\n\t\t\t\t\t\t<div data-animate=\"fadeInDown\">\t\t<div class=\"img-inner dark\" >\n\t\t\t<img loading=\"lazy\" decoding=\"async\" width=\"825\" height=\"1024\" src=\"https:\/\/kilim-age.com\/wp-content\/uploads\/2018\/07\/IMG_7992-825x1024.jpg\" class=\"attachment-large size-large\" alt=\"\" srcset=\"https:\/\/kilim-age.com\/wp-content\/uploads\/2018\/07\/IMG_7992-825x1024.jpg 825w, https:\/\/kilim-age.com\/wp-content\/uploads\/2018\/07\/IMG_7992-600x744.jpg 600w, https:\/\/kilim-age.com\/wp-content\/uploads\/2018\/07\/IMG_7992-242x300.jpg 242w, https:\/\/kilim-age.com\/wp-content\/uploads\/2018\/07\/IMG_7992-768x953.jpg 768w, https:\/\/kilim-age.com\/wp-content\/uploads\/2018\/07\/IMG_7992.jpg 1242w\" sizes=\"(max-width: 825px) 100vw, 825px\" \/>\t\t\t\t\t\t\n\t\t\t\t\t<\/div>\n\t\t<\/div>\t\t\t\t\t\t\n<style scope=\"scope\">\n\n#image_1030857949 {\n  width: 100%;\n}\n<\/style>\n\t<\/div>\n\t\n<\/div><\/div>\n            <\/div><!-- .banner-grid .row .grid -->\n    <style scope=\"scope\">\n    #banner-grid-2095242839 .grid-col-1{height: 600px}\n    #banner-grid-2095242839 .grid-col-1-2{height: 300px}\n    #banner-grid-2095242839 .grid-col-1-3{height:200px}\n    #banner-grid-2095242839 .grid-col-2-3{height: 400px}\n    #banner-grid-2095242839 .grid-col-1-4{height: 150px}\n    #banner-grid-2095242839 .grid-col-3-4{height: 450px}\n\n\n    \n    \n\n  <\/style>\n    <\/div><!-- .banner-grid-wrapper -->\n  \n  <div class=\"banner-grid-wrapper\">\n  <div id=\"banner-grid-1717030986\" class=\"banner-grid row row-grid row-small\" data-packery-options=\"\">\n                      \n<div class=\"col grid-col large-6 grid-col-1\" ><div class=\"col-inner\">\n\t<div class=\"img has-hover x md-x lg-x y md-y lg-y\" id=\"image_2002015236\">\n\t\t<a class=\"image-lightbox lightbox-gallery\" href=\"https:\/\/kilim-age.com\/wp-content\/uploads\/2018\/07\/IMG_5090-958x1024.jpg\" title=\"\">\t\t\t\t\t\t<div class=\"img-inner dark\" >\n\t\t\t<img loading=\"lazy\" decoding=\"async\" width=\"958\" height=\"1024\" src=\"https:\/\/kilim-age.com\/wp-content\/uploads\/2018\/07\/IMG_5090-958x1024.jpg\" class=\"attachment-large size-large\" alt=\"\" srcset=\"https:\/\/kilim-age.com\/wp-content\/uploads\/2018\/07\/IMG_5090-958x1024.jpg 958w, https:\/\/kilim-age.com\/wp-content\/uploads\/2018\/07\/IMG_5090-600x642.jpg 600w, https:\/\/kilim-age.com\/wp-content\/uploads\/2018\/07\/IMG_5090-281x300.jpg 281w, https:\/\/kilim-age.com\/wp-content\/uploads\/2018\/07\/IMG_5090-768x821.jpg 768w, https:\/\/kilim-age.com\/wp-content\/uploads\/2018\/07\/IMG_5090.jpg 1242w\" sizes=\"(max-width: 958px) 100vw, 958px\" \/>\t\t\t\t\t\t\n\t\t\t\t\t<\/div>\n\t\t\t\t\t\t<\/a>\t\t\n<style scope=\"scope\">\n\n#image_2002015236 {\n  width: 100%;\n}\n<\/style>\n\t<\/div>\n\t\n<\/div><\/div>\n<div class=\"col grid-col large-6 grid-col-1\" ><div class=\"col-inner\">\n\t<div class=\"img has-hover x md-x lg-x y md-y lg-y\" id=\"image_498283094\">\n\t\t<a class=\"image-lightbox lightbox-gallery\" href=\"https:\/\/kilim-age.com\/wp-content\/uploads\/2018\/07\/IMG_7994-837x1024.jpg\" title=\"\">\t\t\t\t<div data-animate=\"bounceInUp\">\t\t<div class=\"img-inner dark\" >\n\t\t\t<img loading=\"lazy\" decoding=\"async\" width=\"1241\" height=\"1518\" src=\"https:\/\/kilim-age.com\/wp-content\/uploads\/2018\/07\/IMG_7994.jpg\" class=\"attachment-original size-original\" alt=\"\" srcset=\"https:\/\/kilim-age.com\/wp-content\/uploads\/2018\/07\/IMG_7994.jpg 1241w, https:\/\/kilim-age.com\/wp-content\/uploads\/2018\/07\/IMG_7994-600x734.jpg 600w, https:\/\/kilim-age.com\/wp-content\/uploads\/2018\/07\/IMG_7994-245x300.jpg 245w, https:\/\/kilim-age.com\/wp-content\/uploads\/2018\/07\/IMG_7994-768x939.jpg 768w, https:\/\/kilim-age.com\/wp-content\/uploads\/2018\/07\/IMG_7994-837x1024.jpg 837w\" sizes=\"(max-width: 1241px) 100vw, 1241px\" \/>\t\t\t\t\t\t\n\t\t\t\t\t<\/div>\n\t\t<\/div>\t\t\t\t<\/a>\t\t\n<style scope=\"scope\">\n\n#image_498283094 {\n  width: 100%;\n}\n<\/style>\n\t<\/div>\n\t\n<\/div><\/div>\n<div class=\"col grid-col large-8 grid-col-1-2\" ><div class=\"col-inner\">\n\t<div class=\"img has-hover x md-x lg-x y md-y lg-y\" id=\"image_1799919920\">\n\t\t\t\t\t\t\t\t<div class=\"img-inner dark\" >\n\t\t\t<img loading=\"lazy\" decoding=\"async\" width=\"704\" height=\"759\" src=\"https:\/\/kilim-age.com\/wp-content\/uploads\/2018\/07\/Zapato-2.png\" class=\"attachment-large size-large\" alt=\"zapatos kilim\" srcset=\"https:\/\/kilim-age.com\/wp-content\/uploads\/2018\/07\/Zapato-2.png 704w, https:\/\/kilim-age.com\/wp-content\/uploads\/2018\/07\/Zapato-2-600x647.png 600w, https:\/\/kilim-age.com\/wp-content\/uploads\/2018\/07\/Zapato-2-278x300.png 278w\" sizes=\"(max-width: 704px) 100vw, 704px\" \/>\t\t\t\t\t\t\n\t\t\t\t\t<\/div>\n\t\t\t\t\t\t\t\t\n<style scope=\"scope\">\n\n#image_1799919920 {\n  width: 100%;\n}\n<\/style>\n\t<\/div>\n\t\n<\/div><\/div>\n<div class=\"col grid-col large-3 grid-col-1-2\" ><div class=\"col-inner\">\n<\/div><\/div>\n<div class=\"col grid-col large-6 grid-col-1\" ><div class=\"col-inner\">\n\t<div class=\"img has-hover x md-x lg-x y md-y lg-y\" id=\"image_1811886448\">\n\t\t\t\t\t\t<div data-animate=\"bounceIn\">\t\t<div class=\"img-inner dark\" >\n\t\t\t<img loading=\"lazy\" decoding=\"async\" width=\"1020\" height=\"723\" src=\"https:\/\/kilim-age.com\/wp-content\/uploads\/2018\/07\/IMG_2327-e1547836954761-1024x726.jpg\" class=\"attachment-large size-large\" alt=\"\" srcset=\"https:\/\/kilim-age.com\/wp-content\/uploads\/2018\/07\/IMG_2327-e1547836954761-1024x726.jpg 1024w, https:\/\/kilim-age.com\/wp-content\/uploads\/2018\/07\/IMG_2327-e1547836954761-300x213.jpg 300w, https:\/\/kilim-age.com\/wp-content\/uploads\/2018\/07\/IMG_2327-e1547836954761-768x544.jpg 768w, https:\/\/kilim-age.com\/wp-content\/uploads\/2018\/07\/IMG_2327-e1547836954761-600x425.jpg 600w, https:\/\/kilim-age.com\/wp-content\/uploads\/2018\/07\/IMG_2327-e1547836954761.jpg 1400w\" sizes=\"(max-width: 1020px) 100vw, 1020px\" \/>\t\t\t\t\t\t\n\t\t\t\t\t<\/div>\n\t\t<\/div>\t\t\t\t\t\t\n<style scope=\"scope\">\n\n#image_1811886448 {\n  width: 100%;\n}\n<\/style>\n\t<\/div>\n\t\n<\/div><\/div>\n            <\/div><!-- .banner-grid .row .grid -->\n    <style scope=\"scope\">\n    #banner-grid-1717030986 .grid-col-1{height: 600px}\n    #banner-grid-1717030986 .grid-col-1-2{height: 300px}\n    #banner-grid-1717030986 .grid-col-1-3{height:200px}\n    #banner-grid-1717030986 .grid-col-2-3{height: 400px}\n    #banner-grid-1717030986 .grid-col-1-4{height: 150px}\n    #banner-grid-1717030986 .grid-col-3-4{height: 450px}\n\n\n    \n    \n\n  <\/style>\n    <\/div><!-- .banner-grid-wrapper -->\n  \n  <div class=\"banner-grid-wrapper\">\n  <div id=\"banner-grid-1111930229\" class=\"banner-grid row row-grid row-small\" data-packery-options=\"\">\n                      \n<div class=\"col grid-col large-6 grid-col-2-3\" ><div class=\"col-inner\">\n\t<div class=\"img has-hover x md-x lg-x y md-y lg-y\" id=\"image_1187221571\">\n\t\t\t\t\t\t\t\t<div class=\"img-inner dark\" >\n\t\t\t<img loading=\"lazy\" decoding=\"async\" width=\"1020\" height=\"1017\" src=\"https:\/\/kilim-age.com\/wp-content\/uploads\/2018\/07\/IMG_7330-e1547836923857-1024x1021.jpg\" class=\"attachment-large size-large\" alt=\"\" srcset=\"https:\/\/kilim-age.com\/wp-content\/uploads\/2018\/07\/IMG_7330-e1547836923857-1024x1021.jpg 1024w, https:\/\/kilim-age.com\/wp-content\/uploads\/2018\/07\/IMG_7330-e1547836923857-150x150.jpg 150w, https:\/\/kilim-age.com\/wp-content\/uploads\/2018\/07\/IMG_7330-e1547836923857-300x300.jpg 300w, https:\/\/kilim-age.com\/wp-content\/uploads\/2018\/07\/IMG_7330-e1547836923857-768x766.jpg 768w, https:\/\/kilim-age.com\/wp-content\/uploads\/2018\/07\/IMG_7330-e1547836923857-600x599.jpg 600w, https:\/\/kilim-age.com\/wp-content\/uploads\/2018\/07\/IMG_7330-e1547836923857-100x100.jpg 100w, https:\/\/kilim-age.com\/wp-content\/uploads\/2018\/07\/IMG_7330-e1547836923857.jpg 1200w\" sizes=\"(max-width: 1020px) 100vw, 1020px\" \/>\t\t\t\t\t\t\n\t\t\t\t\t<\/div>\n\t\t\t\t\t\t\t\t\n<style scope=\"scope\">\n\n#image_1187221571 {\n  width: 100%;\n}\n<\/style>\n\t<\/div>\n\t\n<\/div><\/div>\n<div class=\"col grid-col large-6 grid-col-1-2\" ><div class=\"col-inner\">\n<\/div><\/div>\n<div class=\"col grid-col large-3 grid-col-1-2\" ><div class=\"col-inner\">\n<\/div><\/div>\n<div class=\"col grid-col large-3 grid-col-1-2\" ><div class=\"col-inner\">\n<\/div><\/div>\n<div class=\"col grid-col large-4 grid-col-3-4\" ><div class=\"col-inner\">\n\t<div class=\"img has-hover x md-x lg-x y md-y lg-y\" id=\"image_623572155\">\n\t\t\t\t\t\t<div data-animate=\"fadeInLeft\">\t\t<div class=\"img-inner dark\" >\n\t\t\t<img loading=\"lazy\" decoding=\"async\" width=\"658\" height=\"1019\" src=\"https:\/\/kilim-age.com\/wp-content\/uploads\/2018\/07\/banner-6.jpg\" class=\"attachment-large size-large\" alt=\"\" srcset=\"https:\/\/kilim-age.com\/wp-content\/uploads\/2018\/07\/banner-6.jpg 658w, https:\/\/kilim-age.com\/wp-content\/uploads\/2018\/07\/banner-6-600x929.jpg 600w, https:\/\/kilim-age.com\/wp-content\/uploads\/2018\/07\/banner-6-194x300.jpg 194w\" sizes=\"(max-width: 658px) 100vw, 658px\" \/>\t\t\t\t\t\t\n\t\t\t\t\t<\/div>\n\t\t<\/div>\t\t\t\t\t\t\n<style scope=\"scope\">\n\n#image_623572155 {\n  width: 100%;\n}\n<\/style>\n\t<\/div>\n\t\n<\/div><\/div>\n            <\/div><!-- .banner-grid .row .grid -->\n    <style scope=\"scope\">\n    #banner-grid-1111930229 .grid-col-1{height: 600px}\n    #banner-grid-1111930229 .grid-col-1-2{height: 300px}\n    #banner-grid-1111930229 .grid-col-1-3{height:200px}\n    #banner-grid-1111930229 .grid-col-2-3{height: 400px}\n    #banner-grid-1111930229 .grid-col-1-4{height: 150px}\n    #banner-grid-1111930229 .grid-col-3-4{height: 450px}\n\n\n    \n    \n\n  <\/style>\n    <\/div><!-- .banner-grid-wrapper -->","protected":false},"excerpt":{"rendered":"<p>\u00a0 Las personas amantes del car\u00e1cter inimitable de la tradici\u00f3n textil turca, al igual que las interesadas en conocer m\u00e1s acerca de las creaciones decorativas procedentes de aquellas tierras, est\u00e1is de enhorabuena. Aqu\u00ed empieza su andadura un espacio dedicado a difundir diversos temas de inter\u00e9s en torno a las alfombras, Kilims y l\u00e1mparas artesanales de [&#8230;]\n","protected":false},"author":1,"featured_media":0,"parent":0,"menu_order":0,"comment_status":"closed","ping_status":"open","template":"","meta":{"footnotes":""},"class_list":["post-2","page","type-page","status-publish","hentry"],"yoast_head":"<!-- This site is optimized with the Yoast SEO plugin v24.8.1 - https:\/\/yoast.com\/wordpress\/plugins\/seo\/ -->\n<title>Especialistas en alfombras y kilims artesanales | Kilim Age<\/title>\n<meta name=\"description\" content=\"Kilim Age es una tienda online especialista de alfombras y kilims artesanales. Si desea comprar una alfombra cl\u00e1sica, moderna o a medida, \u00a1cont\u00e1ctenos!\" \/>\n<meta name=\"robots\" content=\"index, follow, max-snippet:-1, max-image-preview:large, max-video-preview:-1\" \/>\n<link rel=\"canonical\" href=\"https:\/\/kilim-age.com\/es\/about\/\" \/>\n<meta property=\"og:locale\" content=\"es_ES\" \/>\n<meta property=\"og:type\" content=\"article\" \/>\n<meta property=\"og:title\" content=\"Especialistas en alfombras y kilims artesanales | Kilim Age\" \/>\n<meta property=\"og:description\" content=\"Kilim Age es una tienda online especialista de alfombras y kilims artesanales. Si desea comprar una alfombra cl\u00e1sica, moderna o a medida, \u00a1cont\u00e1ctenos!\" \/>\n<meta property=\"og:url\" content=\"https:\/\/kilim-age.com\/es\/about\/\" \/>\n<meta property=\"og:site_name\" content=\"Kilim-Age\" \/>\n<meta property=\"article:modified_time\" content=\"2018-10-16T17:05:46+00:00\" \/>\n<meta name=\"twitter:card\" content=\"summary_large_image\" \/>\n<meta name=\"twitter:label1\" content=\"Tiempo de lectura\" \/>\n\t<meta name=\"twitter:data1\" content=\"4 minutos\" \/>\n<script type=\"application\/ld+json\" class=\"yoast-schema-graph\">{\"@context\":\"https:\/\/schema.org\",\"@graph\":[{\"@type\":\"WebPage\",\"@id\":\"https:\/\/kilim-age.com\/es\/about\/\",\"url\":\"https:\/\/kilim-age.com\/es\/about\/\",\"name\":\"Especialistas en alfombras y kilims artesanales | Kilim Age\",\"isPartOf\":{\"@id\":\"https:\/\/kilim-age.com\/en\/#website\"},\"datePublished\":\"2016-12-19T14:26:44+00:00\",\"dateModified\":\"2018-10-16T17:05:46+00:00\",\"description\":\"Kilim Age es una tienda online especialista de alfombras y kilims artesanales. Si desea comprar una alfombra cl\u00e1sica, moderna o a medida, \u00a1cont\u00e1ctenos!\",\"breadcrumb\":{\"@id\":\"https:\/\/kilim-age.com\/es\/about\/#breadcrumb\"},\"inLanguage\":\"es\",\"potentialAction\":[{\"@type\":\"ReadAction\",\"target\":[\"https:\/\/kilim-age.com\/es\/about\/\"]}]},{\"@type\":\"BreadcrumbList\",\"@id\":\"https:\/\/kilim-age.com\/es\/about\/#breadcrumb\",\"itemListElement\":[{\"@type\":\"ListItem\",\"position\":1,\"name\":\"Home\",\"item\":\"https:\/\/kilim-age.com\/en\/\"},{\"@type\":\"ListItem\",\"position\":2,\"name\":\"About\"}]},{\"@type\":\"WebSite\",\"@id\":\"https:\/\/kilim-age.com\/en\/#website\",\"url\":\"https:\/\/kilim-age.com\/en\/\",\"name\":\"Kilim-Age\",\"description\":\"Somos especialistas en productos artesanales de Turqu\u00eda como Alfombras, y Kilims\",\"potentialAction\":[{\"@type\":\"SearchAction\",\"target\":{\"@type\":\"EntryPoint\",\"urlTemplate\":\"https:\/\/kilim-age.com\/en\/?s={search_term_string}\"},\"query-input\":{\"@type\":\"PropertyValueSpecification\",\"valueRequired\":true,\"valueName\":\"search_term_string\"}}],\"inLanguage\":\"es\"}]}<\/script>\n<!-- \/ Yoast SEO plugin. -->","yoast_head_json":{"title":"Especialistas en alfombras y kilims artesanales | Kilim Age","description":"Kilim Age es una tienda online especialista de alfombras y kilims artesanales. Si desea comprar una alfombra cl\u00e1sica, moderna o a medida, \u00a1cont\u00e1ctenos!","robots":{"index":"index","follow":"follow","max-snippet":"max-snippet:-1","max-image-preview":"max-image-preview:large","max-video-preview":"max-video-preview:-1"},"canonical":"https:\/\/kilim-age.com\/es\/about\/","og_locale":"es_ES","og_type":"article","og_title":"Especialistas en alfombras y kilims artesanales | Kilim Age","og_description":"Kilim Age es una tienda online especialista de alfombras y kilims artesanales. Si desea comprar una alfombra cl\u00e1sica, moderna o a medida, \u00a1cont\u00e1ctenos!","og_url":"https:\/\/kilim-age.com\/es\/about\/","og_site_name":"Kilim-Age","article_modified_time":"2018-10-16T17:05:46+00:00","twitter_card":"summary_large_image","twitter_misc":{"Tiempo de lectura":"4 minutos"},"schema":{"@context":"https:\/\/schema.org","@graph":[{"@type":"WebPage","@id":"https:\/\/kilim-age.com\/es\/about\/","url":"https:\/\/kilim-age.com\/es\/about\/","name":"Especialistas en alfombras y kilims artesanales | Kilim Age","isPartOf":{"@id":"https:\/\/kilim-age.com\/en\/#website"},"datePublished":"2016-12-19T14:26:44+00:00","dateModified":"2018-10-16T17:05:46+00:00","description":"Kilim Age es una tienda online especialista de alfombras y kilims artesanales. Si desea comprar una alfombra cl\u00e1sica, moderna o a medida, \u00a1cont\u00e1ctenos!","breadcrumb":{"@id":"https:\/\/kilim-age.com\/es\/about\/#breadcrumb"},"inLanguage":"es","potentialAction":[{"@type":"ReadAction","target":["https:\/\/kilim-age.com\/es\/about\/"]}]},{"@type":"BreadcrumbList","@id":"https:\/\/kilim-age.com\/es\/about\/#breadcrumb","itemListElement":[{"@type":"ListItem","position":1,"name":"Home","item":"https:\/\/kilim-age.com\/en\/"},{"@type":"ListItem","position":2,"name":"About"}]},{"@type":"WebSite","@id":"https:\/\/kilim-age.com\/en\/#website","url":"https:\/\/kilim-age.com\/en\/","name":"Kilim-Age","description":"Somos especialistas en productos artesanales de Turqu\u00eda como Alfombras, y Kilims","potentialAction":[{"@type":"SearchAction","target":{"@type":"EntryPoint","urlTemplate":"https:\/\/kilim-age.com\/en\/?s={search_term_string}"},"query-input":{"@type":"PropertyValueSpecification","valueRequired":true,"valueName":"search_term_string"}}],"inLanguage":"es"}]}},"_links":{"self":[{"href":"https:\/\/kilim-age.com\/es\/wp-json\/wp\/v2\/pages\/2","targetHints":{"allow":["GET"]}}],"collection":[{"href":"https:\/\/kilim-age.com\/es\/wp-json\/wp\/v2\/pages"}],"about":[{"href":"https:\/\/kilim-age.com\/es\/wp-json\/wp\/v2\/types\/page"}],"author":[{"embeddable":true,"href":"https:\/\/kilim-age.com\/es\/wp-json\/wp\/v2\/users\/1"}],"replies":[{"embeddable":true,"href":"https:\/\/kilim-age.com\/es\/wp-json\/wp\/v2\/comments?post=2"}],"version-history":[{"count":0,"href":"https:\/\/kilim-age.com\/es\/wp-json\/wp\/v2\/pages\/2\/revisions"}],"wp:attachment":[{"href":"https:\/\/kilim-age.com\/es\/wp-json\/wp\/v2\/media?parent=2"}],"curies":[{"name":"wp","href":"https:\/\/api.w.org\/{rel}","templated":true}]}}